{"id":123281,"date":"2016-11-26T21:50:49","date_gmt":"2016-11-26T19:50:49","guid":{"rendered":"https:\/\/www.jootjeshaakcadeautjes.nl\/product\/holzbeisser-oelbaum-73x60-mm\/"},"modified":"2026-03-07T09:39:14","modified_gmt":"2026-03-07T08:39:14","slug":"holzbeisser-oelbaum-73x60-mm","status":"publish","type":"product","link":"https:\/\/www.jootjeshaakcadeautjes.nl\/de\/produkt\/holzbeisser-oelbaum-73x60-mm\/","title":{"rendered":"Holz Bei\u00dfring Elefant 73&#215;60 mm &#8211; Buchenholz"},"content":{"rendered":"<h1><strong>Elefanten-Bei\u00dfring aus Holz \/ Holzanh\u00e4nger Schnullerschnur oder Schnullerschnur<\/strong><\/h1>\n<p>Hergestellt aus rohem (nicht lackiertem, gebeiztem oder ge\u00f6ltem) Holz.<br \/>\nGr\u00f6\u00dfe: 73 x 60 mm. Lochdurchmesser 34 mm.<br \/>\nDie h\u00f6lzernen Elefanten sind ein Naturprodukt und k\u00f6nnen daher noch minimale Abweichungen aufweisen.<\/p>\n<p>Sie werden h\u00e4ufig an einem Dummy-Clip\/Bissring verwendet, wie unten dargestellt:<\/p>\n<p>&nbsp;<\/p>\n<p><a href=\"https:\/\/d1dyryakdmle7o.cloudfront.net\/wp-content\/uploads\/2016\/11\/911580f5098b9cade629f4824504840d.jpg\"><img decoding=\"async\" class=\"alignnone size-full wp-image-789\" src=\"https:\/\/www.jootjeshaakcadeautjes.nl\/wp-content\/themes\/woodmart\/images\/lazy.svg\" data-src=\"https:\/\/d1dyryakdmle7o.cloudfront.net\/wp-content\/uploads\/2016\/11\/911580f5098b9cade629f4824504840d.jpg\" alt=\"911580f5098b9cade629f4824504840d\" width=\"236\" height=\"236\"><\/a><a href=\"https:\/\/d1dyryakdmle7o.cloudfront.net\/wp-content\/uploads\/2016\/11\/wooden-bath-toy-Baby-dummy-clips-Beaded-pacifier-clip-Cute-Elephant-baby-shower-gifts-wooden-beads.jpg_640x640.jpg\"><img decoding=\"async\" class=\"alignnone wp-image-790\" src=\"https:\/\/www.jootjeshaakcadeautjes.nl\/wp-content\/themes\/woodmart\/images\/lazy.svg\" data-src=\"https:\/\/d1dyryakdmle7o.cloudfront.net\/wp-content\/uploads\/2016\/11\/wooden-bath-toy-Baby-dummy-clips-Beaded-pacifier-clip-Cute-Elephant-baby-shower-gifts-wooden-beads.jpg_640x640-300x263.jpg\" alt=\"holz-bad-spielzeug-baby-schnuller-clips-perlenschnuller-clip-ausgeschnittener-elefant-baby-dusch-geschenke-holzperlen-jpg_640x640\" width=\"289\" height=\"253\"><\/a><\/p>\n","protected":false},"excerpt":{"rendered":"<p>Hergestellt aus rohem (nicht lackiertem, gebeiztem oder ge\u00f6ltem) Holz.<br \/>\nAllerdings mit glatter Oberfl\u00e4che.<br \/>\nGr\u00f6\u00dfe: 73 x 60 mm.<br \/>\nLochdurchmesser: 34 cm.<\/p>\n<p>(weitere Informationen siehe unten auf der Seite)<\/p>\n","protected":false},"featured_media":67323,"template":"","meta":[],"product_brand":[],"product_cat":[8071,8264,7380,8072,8070,9067],"product_tag":[7984,8088,7385,8571,9137,7933,7416,7196,7442,8089],"class_list":{"0":"post-123281","1":"product","2":"type-product","3":"status-publish","4":"has-post-thumbnail","6":"product_cat-beisringe-baby-silikon-und-holz","7":"product_cat-beisringe-aus-holz-buchenholz","8":"product_cat-herstellung-von-baby-beisspielzeug-materialien-fur-schnuller-und-beisringe","9":"product_cat-holzringe-fur-macrame-und-crochet","10":"product_cat-ringe-aus-holz","11":"product_cat-tier-beisringe","12":"product_tag-anhanger","13":"product_tag-baby-turnhalle","14":"product_tag-beisring","15":"product_tag-beisspielzeug","16":"product_tag-elefant","17":"product_tag-geschenk-fur-die-mutterschaft","18":"product_tag-gummischnur","19":"product_tag-holz","20":"product_tag-kinderwagenkette","21":"product_tag-roh","23":"first","24":"outofstock","25":"taxable","26":"shipping-taxable","27":"purchasable","28":"product-type-simple"},"bundled_by":[],"bundle_stock_status":"outofstock","bundle_stock_quantity":0,"bundle_virtual":false,"bundle_layout":"","bundle_add_to_cart_form_location":"","bundle_editable_in_cart":false,"bundle_sold_individually_context":"","bundle_item_grouping":"","bundle_min_size":"","bundle_max_size":"","bundle_price":[],"bundled_items":[],"bundle_sell_ids":[],"yoast_head":"<!-- This site is optimized with the Yoast SEO Premium plugin v27.6 (Yoast SEO v27.6) - https:\/\/yoast.com\/product\/yoast-seo-premium-wordpress\/ -->\n<title>Holz Bei\u00dfring Elefant 73x60 mm - Buchenholz - Jootjes Haakcadeautjes<\/title>\n<meta name=\"description\" content=\"H\u00f6lzerne Elefanten Bei\u00dfring \/ Ring Anh\u00e4nger Elefant f\u00fcr Ihre handgemachte Baby-Spielzeug. Zum Beispiel f\u00fcr einen Bei\u00dfring, eine Rassel oder einen Kinderwagenaufh\u00e4nger aus Holz.\" \/>\n<meta name=\"robots\" content=\"index, follow, max-snippet:-1, max-image-preview:large, max-video-preview:-1\" \/>\n<link rel=\"canonical\" href=\"https:\/\/www.jootjeshaakcadeautjes.nl\/de\/produkt\/holzbeisser-oelbaum-73x60-mm\/\" \/>\n<meta property=\"og:locale\" content=\"de_DE\" \/>\n<meta property=\"og:type\" content=\"article\" \/>\n<meta property=\"og:title\" content=\"Holz Bei\u00dfring Elefant 73x60 mm - Buchenholz\" \/>\n<meta property=\"og:description\" content=\"H\u00f6lzerne Elefanten Bei\u00dfring \/ Ring Anh\u00e4nger Elefant f\u00fcr Ihre handgemachte Baby-Spielzeug. Zum Beispiel f\u00fcr einen Bei\u00dfring, eine Rassel oder einen Kinderwagenaufh\u00e4nger aus Holz.\" \/>\n<meta property=\"og:url\" content=\"https:\/\/www.jootjeshaakcadeautjes.nl\/de\/produkt\/holzbeisser-oelbaum-73x60-mm\/\" \/>\n<meta property=\"og:site_name\" content=\"Jootjes Haakcadeautjes\" \/>\n<meta property=\"article:modified_time\" content=\"2026-03-07T08:39:14+00:00\" \/>\n<meta property=\"og:image\" content=\"https:\/\/www.jootjeshaakcadeautjes.nl\/wp-content\/uploads\/2019\/09\/Houten-bijtring-olifant.jpg\" \/>\n\t<meta property=\"og:image:width\" content=\"1848\" \/>\n\t<meta property=\"og:image:height\" content=\"1848\" \/>\n\t<meta property=\"og:image:type\" content=\"image\/jpeg\" \/>\n<meta name=\"twitter:card\" content=\"summary_large_image\" \/>\n<meta name=\"twitter:label1\" content=\"Preis\" \/>\n\t<meta name=\"twitter:data1\" content=\"&euro;2.00 inkl. MwSt.\" \/>\n\t<meta name=\"twitter:label2\" content=\"Verf\u00fcgbarkeit\" \/>\n\t<meta name=\"twitter:data2\" content=\"ausverkauft\" \/>\n<script type=\"application\/ld+json\" class=\"yoast-schema-graph\">{\"@context\":\"https:\\\/\\\/schema.org\",\"@graph\":[{\"@type\":\"WebPage\",\"@id\":\"https:\\\/\\\/www.jootjeshaakcadeautjes.nl\\\/de\\\/produkt\\\/holzbeisser-oelbaum-73x60-mm\\\/\",\"url\":\"https:\\\/\\\/www.jootjeshaakcadeautjes.nl\\\/de\\\/produkt\\\/holzbeisser-oelbaum-73x60-mm\\\/\",\"name\":\"Holz Bei\u00dfring Elefant 73x60 mm - Buchenholz - Jootjes Haakcadeautjes\",\"isPartOf\":{\"@id\":\"https:\\\/\\\/www.jootjeshaakcadeautjes.nl\\\/de\\\/#website\"},\"primaryImageOfPage\":{\"@id\":\"https:\\\/\\\/www.jootjeshaakcadeautjes.nl\\\/de\\\/produkt\\\/holzbeisser-oelbaum-73x60-mm\\\/#primaryimage\"},\"image\":{\"@id\":\"https:\\\/\\\/www.jootjeshaakcadeautjes.nl\\\/de\\\/produkt\\\/holzbeisser-oelbaum-73x60-mm\\\/#primaryimage\"},\"thumbnailUrl\":\"https:\\\/\\\/d1dyryakdmle7o.cloudfront.net\\\/wp-content\\\/uploads\\\/2019\\\/09\\\/Houten-bijtring-olifant.jpg\",\"datePublished\":\"2016-11-26T19:50:49+00:00\",\"dateModified\":\"2026-03-07T08:39:14+00:00\",\"description\":\"H\u00f6lzerne Elefanten Bei\u00dfring \\\/ Ring Anh\u00e4nger Elefant f\u00fcr Ihre handgemachte Baby-Spielzeug. Zum Beispiel f\u00fcr einen Bei\u00dfring, eine Rassel oder einen Kinderwagenaufh\u00e4nger aus Holz.\",\"breadcrumb\":{\"@id\":\"https:\\\/\\\/www.jootjeshaakcadeautjes.nl\\\/de\\\/produkt\\\/holzbeisser-oelbaum-73x60-mm\\\/#breadcrumb\"},\"inLanguage\":\"de\",\"potentialAction\":[{\"@type\":\"ReadAction\",\"target\":[\"https:\\\/\\\/www.jootjeshaakcadeautjes.nl\\\/de\\\/produkt\\\/holzbeisser-oelbaum-73x60-mm\\\/\"]}]},{\"@type\":\"ImageObject\",\"inLanguage\":\"de\",\"@id\":\"https:\\\/\\\/www.jootjeshaakcadeautjes.nl\\\/de\\\/produkt\\\/holzbeisser-oelbaum-73x60-mm\\\/#primaryimage\",\"url\":\"https:\\\/\\\/d1dyryakdmle7o.cloudfront.net\\\/wp-content\\\/uploads\\\/2019\\\/09\\\/Houten-bijtring-olifant.jpg\",\"contentUrl\":\"https:\\\/\\\/d1dyryakdmle7o.cloudfront.net\\\/wp-content\\\/uploads\\\/2019\\\/09\\\/Houten-bijtring-olifant.jpg\",\"width\":1848,\"height\":1848,\"caption\":\"Bei\u00dfring Elefant aus Holz\"},{\"@type\":\"BreadcrumbList\",\"@id\":\"https:\\\/\\\/www.jootjeshaakcadeautjes.nl\\\/de\\\/produkt\\\/holzbeisser-oelbaum-73x60-mm\\\/#breadcrumb\",\"itemListElement\":[{\"@type\":\"ListItem\",\"position\":1,\"name\":\"Startseite\",\"item\":\"https:\\\/\\\/www.jootjeshaakcadeautjes.nl\\\/de\\\/\"},{\"@type\":\"ListItem\",\"position\":2,\"name\":\"Gro\u00dfhandel mit Silikonperlen &#8211; Business und Consumer\",\"item\":\"https:\\\/\\\/www.jootjeshaakcadeautjes.nl\\\/de\\\/shop\\\/\"},{\"@type\":\"ListItem\",\"position\":3,\"name\":\"Holz Bei\u00dfring Elefant 73&#215;60 mm &#8211; Buchenholz\"}]},{\"@type\":\"WebSite\",\"@id\":\"https:\\\/\\\/www.jootjeshaakcadeautjes.nl\\\/de\\\/#website\",\"url\":\"https:\\\/\\\/www.jootjeshaakcadeautjes.nl\\\/de\\\/\",\"name\":\"Jootjes Haakcadeautjes\",\"description\":\"Silikonperlen Gro\u00dfhandel \",\"publisher\":{\"@id\":\"https:\\\/\\\/www.jootjeshaakcadeautjes.nl\\\/de\\\/#organization\"},\"potentialAction\":[{\"@type\":\"SearchAction\",\"target\":{\"@type\":\"EntryPoint\",\"urlTemplate\":\"https:\\\/\\\/www.jootjeshaakcadeautjes.nl\\\/de\\\/?s={search_term_string}\"},\"query-input\":{\"@type\":\"PropertyValueSpecification\",\"valueRequired\":true,\"valueName\":\"search_term_string\"}}],\"inLanguage\":\"de\"},{\"@type\":\"Organization\",\"@id\":\"https:\\\/\\\/www.jootjeshaakcadeautjes.nl\\\/de\\\/#organization\",\"name\":\"Jootjes Haakcadeautjes\",\"url\":\"https:\\\/\\\/www.jootjeshaakcadeautjes.nl\\\/de\\\/\",\"logo\":{\"@type\":\"ImageObject\",\"inLanguage\":\"de\",\"@id\":\"https:\\\/\\\/www.jootjeshaakcadeautjes.nl\\\/de\\\/#\\\/schema\\\/logo\\\/image\\\/\",\"url\":\"https:\\\/\\\/d1dyryakdmle7o.cloudfront.net\\\/wp-content\\\/uploads\\\/2023\\\/05\\\/Logo-rond.png\",\"contentUrl\":\"https:\\\/\\\/d1dyryakdmle7o.cloudfront.net\\\/wp-content\\\/uploads\\\/2023\\\/05\\\/Logo-rond.png\",\"width\":1222,\"height\":1222,\"caption\":\"Jootjes Haakcadeautjes\"},\"image\":{\"@id\":\"https:\\\/\\\/www.jootjeshaakcadeautjes.nl\\\/de\\\/#\\\/schema\\\/logo\\\/image\\\/\"}}]}<\/script>\n<meta property=\"product:price:amount\" content=\"2.00\" \/>\n<meta property=\"product:price:currency\" content=\"EUR\" \/>\n<meta property=\"og:availability\" content=\"out of stock\" \/>\n<meta property=\"product:availability\" content=\"out of stock\" \/>\n<meta property=\"product:retailer_item_id\" content=\"HOU-HAN-OLI\" \/>\n<meta property=\"product:condition\" content=\"new\" \/>\n<!-- \/ Yoast SEO Premium plugin. -->","yoast_head_json":{"title":"Holz Bei\u00dfring Elefant 73x60 mm - Buchenholz - Jootjes Haakcadeautjes","description":"H\u00f6lzerne Elefanten Bei\u00dfring \/ Ring Anh\u00e4nger Elefant f\u00fcr Ihre handgemachte Baby-Spielzeug. Zum Beispiel f\u00fcr einen Bei\u00dfring, eine Rassel oder einen Kinderwagenaufh\u00e4nger aus Holz.","robots":{"index":"index","follow":"follow","max-snippet":"max-snippet:-1","max-image-preview":"max-image-preview:large","max-video-preview":"max-video-preview:-1"},"canonical":"https:\/\/www.jootjeshaakcadeautjes.nl\/de\/produkt\/holzbeisser-oelbaum-73x60-mm\/","og_locale":"de_DE","og_type":"article","og_title":"Holz Bei\u00dfring Elefant 73x60 mm - Buchenholz","og_description":"H\u00f6lzerne Elefanten Bei\u00dfring \/ Ring Anh\u00e4nger Elefant f\u00fcr Ihre handgemachte Baby-Spielzeug. Zum Beispiel f\u00fcr einen Bei\u00dfring, eine Rassel oder einen Kinderwagenaufh\u00e4nger aus Holz.","og_url":"https:\/\/www.jootjeshaakcadeautjes.nl\/de\/produkt\/holzbeisser-oelbaum-73x60-mm\/","og_site_name":"Jootjes Haakcadeautjes","article_modified_time":"2026-03-07T08:39:14+00:00","og_image":[{"width":1848,"height":1848,"url":"https:\/\/www.jootjeshaakcadeautjes.nl\/wp-content\/uploads\/2019\/09\/Houten-bijtring-olifant.jpg","type":"image\/jpeg"}],"twitter_card":"summary_large_image","twitter_misc":{"Preis":"&euro;2.00 inkl. MwSt.","Verf\u00fcgbarkeit":"ausverkauft"},"schema":{"@context":"https:\/\/schema.org","@graph":[{"@type":"WebPage","@id":"https:\/\/www.jootjeshaakcadeautjes.nl\/de\/produkt\/holzbeisser-oelbaum-73x60-mm\/","url":"https:\/\/www.jootjeshaakcadeautjes.nl\/de\/produkt\/holzbeisser-oelbaum-73x60-mm\/","name":"Holz Bei\u00dfring Elefant 73x60 mm - Buchenholz - Jootjes Haakcadeautjes","isPartOf":{"@id":"https:\/\/www.jootjeshaakcadeautjes.nl\/de\/#website"},"primaryImageOfPage":{"@id":"https:\/\/www.jootjeshaakcadeautjes.nl\/de\/produkt\/holzbeisser-oelbaum-73x60-mm\/#primaryimage"},"image":{"@id":"https:\/\/www.jootjeshaakcadeautjes.nl\/de\/produkt\/holzbeisser-oelbaum-73x60-mm\/#primaryimage"},"thumbnailUrl":"https:\/\/d1dyryakdmle7o.cloudfront.net\/wp-content\/uploads\/2019\/09\/Houten-bijtring-olifant.jpg","datePublished":"2016-11-26T19:50:49+00:00","dateModified":"2026-03-07T08:39:14+00:00","description":"H\u00f6lzerne Elefanten Bei\u00dfring \/ Ring Anh\u00e4nger Elefant f\u00fcr Ihre handgemachte Baby-Spielzeug. Zum Beispiel f\u00fcr einen Bei\u00dfring, eine Rassel oder einen Kinderwagenaufh\u00e4nger aus Holz.","breadcrumb":{"@id":"https:\/\/www.jootjeshaakcadeautjes.nl\/de\/produkt\/holzbeisser-oelbaum-73x60-mm\/#breadcrumb"},"inLanguage":"de","potentialAction":[{"@type":"ReadAction","target":["https:\/\/www.jootjeshaakcadeautjes.nl\/de\/produkt\/holzbeisser-oelbaum-73x60-mm\/"]}]},{"@type":"ImageObject","inLanguage":"de","@id":"https:\/\/www.jootjeshaakcadeautjes.nl\/de\/produkt\/holzbeisser-oelbaum-73x60-mm\/#primaryimage","url":"https:\/\/d1dyryakdmle7o.cloudfront.net\/wp-content\/uploads\/2019\/09\/Houten-bijtring-olifant.jpg","contentUrl":"https:\/\/d1dyryakdmle7o.cloudfront.net\/wp-content\/uploads\/2019\/09\/Houten-bijtring-olifant.jpg","width":1848,"height":1848,"caption":"Bei\u00dfring Elefant aus Holz"},{"@type":"BreadcrumbList","@id":"https:\/\/www.jootjeshaakcadeautjes.nl\/de\/produkt\/holzbeisser-oelbaum-73x60-mm\/#breadcrumb","itemListElement":[{"@type":"ListItem","position":1,"name":"Startseite","item":"https:\/\/www.jootjeshaakcadeautjes.nl\/de\/"},{"@type":"ListItem","position":2,"name":"Gro\u00dfhandel mit Silikonperlen &#8211; Business und Consumer","item":"https:\/\/www.jootjeshaakcadeautjes.nl\/de\/shop\/"},{"@type":"ListItem","position":3,"name":"Holz Bei\u00dfring Elefant 73&#215;60 mm &#8211; Buchenholz"}]},{"@type":"WebSite","@id":"https:\/\/www.jootjeshaakcadeautjes.nl\/de\/#website","url":"https:\/\/www.jootjeshaakcadeautjes.nl\/de\/","name":"Jootjes Haakcadeautjes","description":"Silikonperlen Gro\u00dfhandel ","publisher":{"@id":"https:\/\/www.jootjeshaakcadeautjes.nl\/de\/#organization"},"potentialAction":[{"@type":"SearchAction","target":{"@type":"EntryPoint","urlTemplate":"https:\/\/www.jootjeshaakcadeautjes.nl\/de\/?s={search_term_string}"},"query-input":{"@type":"PropertyValueSpecification","valueRequired":true,"valueName":"search_term_string"}}],"inLanguage":"de"},{"@type":"Organization","@id":"https:\/\/www.jootjeshaakcadeautjes.nl\/de\/#organization","name":"Jootjes Haakcadeautjes","url":"https:\/\/www.jootjeshaakcadeautjes.nl\/de\/","logo":{"@type":"ImageObject","inLanguage":"de","@id":"https:\/\/www.jootjeshaakcadeautjes.nl\/de\/#\/schema\/logo\/image\/","url":"https:\/\/d1dyryakdmle7o.cloudfront.net\/wp-content\/uploads\/2023\/05\/Logo-rond.png","contentUrl":"https:\/\/d1dyryakdmle7o.cloudfront.net\/wp-content\/uploads\/2023\/05\/Logo-rond.png","width":1222,"height":1222,"caption":"Jootjes Haakcadeautjes"},"image":{"@id":"https:\/\/www.jootjeshaakcadeautjes.nl\/de\/#\/schema\/logo\/image\/"}}]},"product_price_amount":"2.00","product_price_currency":"EUR","og_availability":"out of stock","product_availability":"out of stock","product_retailer_item_id":"HOU-HAN-OLI","product_condition":"new"},"_links":{"self":[{"href":"https:\/\/www.jootjeshaakcadeautjes.nl\/de\/wp-json\/wp\/v2\/product\/123281","targetHints":{"allow":["GET"]}}],"collection":[{"href":"https:\/\/www.jootjeshaakcadeautjes.nl\/de\/wp-json\/wp\/v2\/product"}],"about":[{"href":"https:\/\/www.jootjeshaakcadeautjes.nl\/de\/wp-json\/wp\/v2\/types\/product"}],"version-history":[{"count":0,"href":"https:\/\/www.jootjeshaakcadeautjes.nl\/de\/wp-json\/wp\/v2\/product\/123281\/revisions"}],"wp:featuredmedia":[{"embeddable":true,"href":"https:\/\/www.jootjeshaakcadeautjes.nl\/de\/wp-json\/wp\/v2\/media\/67323"}],"wp:attachment":[{"href":"https:\/\/www.jootjeshaakcadeautjes.nl\/de\/wp-json\/wp\/v2\/media?parent=123281"}],"wp:term":[{"taxonomy":"product_brand","embeddable":true,"href":"https:\/\/www.jootjeshaakcadeautjes.nl\/de\/wp-json\/wp\/v2\/product_brand?post=123281"},{"taxonomy":"product_cat","embeddable":true,"href":"https:\/\/www.jootjeshaakcadeautjes.nl\/de\/wp-json\/wp\/v2\/product_cat?post=123281"},{"taxonomy":"product_tag","embeddable":true,"href":"https:\/\/www.jootjeshaakcadeautjes.nl\/de\/wp-json\/wp\/v2\/product_tag?post=123281"}],"curies":[{"name":"wp","href":"https:\/\/api.w.org\/{rel}","templated":true}]}}