{"id":123290,"date":"2016-04-10T21:30:49","date_gmt":"2016-04-10T20:30:49","guid":{"rendered":"https:\/\/www.jootjeshaakcadeautjes.nl\/product\/haekelnadeln-set-kleine-groessen\/"},"modified":"2025-03-11T02:43:22","modified_gmt":"2025-03-11T01:43:22","slug":"haekelnadeln-set-kleine-groessen","status":"publish","type":"product","link":"https:\/\/www.jootjeshaakcadeautjes.nl\/de\/produkt\/haekelnadeln-set-kleine-groessen\/","title":{"rendered":"H\u00e4kelnadelset Softgrip Gr\u00f6\u00dfen: &#8220;small&#8221; &#8211; 10 St\u00fcck &#8211; 0,5-2,75 mm"},"content":{"rendered":"<h4>Softgrip H\u00e4kelnadeln Set kleine Gr\u00f6\u00dfen &#8211; 10 St\u00fcck Gr\u00f6\u00dfe 0,5-2,75 mm<\/h4>\n<p><span style=\"color: #000000;\"><br \/>\nDie kleinen Gr\u00f6\u00dfen Softgrip-H\u00e4kelnadeln im 10er-Set gibt es nur bei uns so g\u00fcnstig! Wir \u00fcberpr\u00fcfen alle S\u00e4tze auf Unstimmigkeiten. Wenn es Abweichungen gibt, wird das Set nicht an Sie verkauft!  <\/span><span style=\"color: #000000;\">Dieses Set enth\u00e4lt 10 St\u00fcck und kann auch sp\u00e4ter mit dem 12-teiligen Set mit gr\u00f6\u00dferen H\u00e4kelnadeln erg\u00e4nzt werden.  <\/span><span style=\"color: #000000;\">Sie wollen in einem Rutsch fertig werden und wollen auch gleich die gro\u00dfen H\u00e4kelnadeln (bis 8,0 mm) haben? Dann schauen Sie sich unser <a style=\"color: #000000;\" href=\"https:\/\/www.jootjeshaakcadeautjes.nl\/product\/megaset-haaknaalden-19-stks\/\">Mega-H\u00e4kelnadelset<\/a> mit satten 20 St\u00fcck an!<\/span><\/p>\n<p><span style=\"color: #000000;\">Dieses Set enth\u00e4lt die H\u00e4kelnadeln 0,5 mm, 0,75 mm, 1,0 mm, 1,25 mm, 1,5 mm, 1,75 mm, 2,0 mm, 2,25 mm, 2,5 mm und 2,75 mm.<\/span><\/p>\n<p><img decoding=\"async\" class=\"aligncenter wp-image-1256\" src=\"https:\/\/www.jootjeshaakcadeautjes.nl\/wp-content\/themes\/woodmart\/images\/lazy.svg\" data-src=\"https:\/\/d1dyryakdmle7o.cloudfront.net\/wp-content\/uploads\/2017\/05\/IMG_20170730_163458-1024x659.jpg\" alt=\"Softgrip-H\u00e4kelnadeln Mega-Set 20 St\u00fcck billige H\u00e4kelnadeln h\u00e4keln ohne Schmerzen\" width=\"710\" height=\"457\"><\/p>\n<p>&nbsp;<\/p>\n<p>&nbsp;<\/p>\n<p>&nbsp;<\/p>\n","protected":false},"excerpt":{"rendered":"<p>Weicher Griff und ergonomisch, liegt daher auch f\u00fcr Menschen mit Gelenkproblemen gut in der Hand.<\/p>\n<p>Dieses Set enth\u00e4lt die H\u00e4kelnadeln: 0,5 mm, 0,75 mm, 1,0 mm, 1,25 mm, 1,5 mm, 1,75 mm, 2,0 mm, 2,25 mm, 2,5 mm und 2,75 mm.<\/p>\n<p>Lesen Sie mehr \u00fcber dieses Set am Ende der Seite.<\/p>\n","protected":false},"featured_media":274159,"template":"","meta":[],"product_brand":[],"product_cat":[8247,9836],"product_tag":[9863,9865,9867,9871,9874,9876,9866,9877,9878,9914,9844,9840,9859,9850,8508,9910,9837,9847,9762,9855,9851,9842],"class_list":{"0":"post-123290","1":"product","2":"type-product","3":"status-publish","4":"has-post-thumbnail","6":"product_cat-bastelmaterial-hakelzubehor","7":"product_cat-hakelnadeln","8":"product_tag-05-mm","9":"product_tag-075-mm","10":"product_tag-10-mm-de-2","11":"product_tag-125-mm","12":"product_tag-15-mm-de-2","13":"product_tag-175-mm","14":"product_tag-10-einheiten","15":"product_tag-20-mm-de-2","16":"product_tag-225-mm","17":"product_tag-addy-de","18":"product_tag-einstellen","19":"product_tag-ergonomisch-de","20":"product_tag-fibromyalgie-de","21":"product_tag-hakeln-ohne-schmerzen","22":"product_tag-hakelnadel","23":"product_tag-hakelnadel-set","24":"product_tag-hakelnadeln","25":"product_tag-klee-de-2","26":"product_tag-opry-de","27":"product_tag-prym-de","28":"product_tag-rheumatismus","29":"product_tag-weicher-griff","31":"first","32":"instock","33":"sale","34":"taxable","35":"shipping-taxable","36":"purchasable","37":"product-type-simple"},"bundled_by":["123148"],"bundle_stock_status":"instock","bundle_stock_quantity":15,"bundle_virtual":false,"bundle_layout":"","bundle_add_to_cart_form_location":"","bundle_editable_in_cart":false,"bundle_sold_individually_context":"","bundle_item_grouping":"","bundle_min_size":"","bundle_max_size":"","bundle_price":[],"bundled_items":[],"bundle_sell_ids":[],"yoast_head":"<!-- This site is optimized with the Yoast SEO Premium plugin v27.6 (Yoast SEO v27.6) - https:\/\/yoast.com\/product\/yoast-seo-premium-wordpress\/ -->\n<title>Softgrip-H\u00e4kelnadelset - 0,5 mm bis 2,75 mm - Kleine Gr\u00f6\u00dfen<\/title>\n<meta name=\"description\" content=\"Das Softgrip-H\u00e4kelnadelset enth\u00e4lt folgende Nadeln: 0,5 mm, 0,75 mm, 1,0 mm, 1,25 mm, 1,5 mm, 1,75 mm, 2,0 mm, 2,25 mm, 2,5 mm und 2,75 mm. Beeilen Sie sich!\" \/>\n<meta name=\"robots\" content=\"index, follow, max-snippet:-1, max-image-preview:large, max-video-preview:-1\" \/>\n<link rel=\"canonical\" href=\"https:\/\/www.jootjeshaakcadeautjes.nl\/de\/produkt\/haekelnadeln-set-kleine-groessen\/\" \/>\n<meta property=\"og:locale\" content=\"de_DE\" \/>\n<meta property=\"og:type\" content=\"article\" \/>\n<meta property=\"og:title\" content=\"H\u00e4kelnadelset Softgrip Gr\u00f6\u00dfen: &quot;small&quot; - 10 St\u00fcck - 0,5-2,75 mm\" \/>\n<meta property=\"og:description\" content=\"Das Softgrip-H\u00e4kelnadelset enth\u00e4lt folgende Nadeln: 0,5 mm, 0,75 mm, 1,0 mm, 1,25 mm, 1,5 mm, 1,75 mm, 2,0 mm, 2,25 mm, 2,5 mm und 2,75 mm. Beeilen Sie sich!\" \/>\n<meta property=\"og:url\" content=\"https:\/\/www.jootjeshaakcadeautjes.nl\/de\/produkt\/haekelnadeln-set-kleine-groessen\/\" \/>\n<meta property=\"og:site_name\" content=\"Jootjes Haakcadeautjes\" \/>\n<meta property=\"article:modified_time\" content=\"2025-03-11T01:43:22+00:00\" \/>\n<meta property=\"og:image\" content=\"https:\/\/www.jootjeshaakcadeautjes.nl\/wp-content\/uploads\/2017\/05\/IMG_20170730_163458-1024x659.jpg\" \/>\n<meta name=\"twitter:card\" content=\"summary_large_image\" \/>\n<meta name=\"twitter:label1\" content=\"Preis\" \/>\n\t<meta name=\"twitter:data1\" content=\"&euro;13.95 inkl. MwSt.\" \/>\n\t<meta name=\"twitter:label2\" content=\"Verf\u00fcgbarkeit\" \/>\n\t<meta name=\"twitter:data2\" content=\"Auf Lager\" \/>\n<script type=\"application\/ld+json\" class=\"yoast-schema-graph\">{\"@context\":\"https:\\\/\\\/schema.org\",\"@graph\":[{\"@type\":\"WebPage\",\"@id\":\"https:\\\/\\\/www.jootjeshaakcadeautjes.nl\\\/de\\\/produkt\\\/haekelnadeln-set-kleine-groessen\\\/\",\"url\":\"https:\\\/\\\/www.jootjeshaakcadeautjes.nl\\\/de\\\/produkt\\\/haekelnadeln-set-kleine-groessen\\\/\",\"name\":\"Softgrip-H\u00e4kelnadelset - 0,5 mm bis 2,75 mm - Kleine Gr\u00f6\u00dfen\",\"isPartOf\":{\"@id\":\"https:\\\/\\\/www.jootjeshaakcadeautjes.nl\\\/de\\\/#website\"},\"primaryImageOfPage\":{\"@id\":\"https:\\\/\\\/www.jootjeshaakcadeautjes.nl\\\/de\\\/produkt\\\/haekelnadeln-set-kleine-groessen\\\/#primaryimage\"},\"image\":{\"@id\":\"https:\\\/\\\/www.jootjeshaakcadeautjes.nl\\\/de\\\/produkt\\\/haekelnadeln-set-kleine-groessen\\\/#primaryimage\"},\"thumbnailUrl\":\"https:\\\/\\\/d1dyryakdmle7o.cloudfront.net\\\/wp-content\\\/uploads\\\/2026\\\/02\\\/Naamloos-1820-1.webp\",\"datePublished\":\"2016-04-10T20:30:49+00:00\",\"dateModified\":\"2025-03-11T01:43:22+00:00\",\"description\":\"Das Softgrip-H\u00e4kelnadelset enth\u00e4lt folgende Nadeln: 0,5 mm, 0,75 mm, 1,0 mm, 1,25 mm, 1,5 mm, 1,75 mm, 2,0 mm, 2,25 mm, 2,5 mm und 2,75 mm. Beeilen Sie sich!\",\"breadcrumb\":{\"@id\":\"https:\\\/\\\/www.jootjeshaakcadeautjes.nl\\\/de\\\/produkt\\\/haekelnadeln-set-kleine-groessen\\\/#breadcrumb\"},\"inLanguage\":\"de\",\"potentialAction\":[{\"@type\":\"ReadAction\",\"target\":[\"https:\\\/\\\/www.jootjeshaakcadeautjes.nl\\\/de\\\/produkt\\\/haekelnadeln-set-kleine-groessen\\\/\"]}]},{\"@type\":\"ImageObject\",\"inLanguage\":\"de\",\"@id\":\"https:\\\/\\\/www.jootjeshaakcadeautjes.nl\\\/de\\\/produkt\\\/haekelnadeln-set-kleine-groessen\\\/#primaryimage\",\"url\":\"https:\\\/\\\/d1dyryakdmle7o.cloudfront.net\\\/wp-content\\\/uploads\\\/2026\\\/02\\\/Naamloos-1820-1.webp\",\"contentUrl\":\"https:\\\/\\\/d1dyryakdmle7o.cloudfront.net\\\/wp-content\\\/uploads\\\/2026\\\/02\\\/Naamloos-1820-1.webp\",\"width\":2000,\"height\":2000},{\"@type\":\"BreadcrumbList\",\"@id\":\"https:\\\/\\\/www.jootjeshaakcadeautjes.nl\\\/de\\\/produkt\\\/haekelnadeln-set-kleine-groessen\\\/#breadcrumb\",\"itemListElement\":[{\"@type\":\"ListItem\",\"position\":1,\"name\":\"Startseite\",\"item\":\"https:\\\/\\\/www.jootjeshaakcadeautjes.nl\\\/de\\\/\"},{\"@type\":\"ListItem\",\"position\":2,\"name\":\"Gro\u00dfhandel mit Silikonperlen &#8211; Business und Consumer\",\"item\":\"https:\\\/\\\/www.jootjeshaakcadeautjes.nl\\\/de\\\/shop\\\/\"},{\"@type\":\"ListItem\",\"position\":3,\"name\":\"H\u00e4kelnadelset Softgrip Gr\u00f6\u00dfen: &#8220;small&#8221; &#8211; 10 St\u00fcck &#8211; 0,5-2,75 mm\"}]},{\"@type\":\"WebSite\",\"@id\":\"https:\\\/\\\/www.jootjeshaakcadeautjes.nl\\\/de\\\/#website\",\"url\":\"https:\\\/\\\/www.jootjeshaakcadeautjes.nl\\\/de\\\/\",\"name\":\"Jootjes Haakcadeautjes\",\"description\":\"Silikonperlen Gro\u00dfhandel \",\"publisher\":{\"@id\":\"https:\\\/\\\/www.jootjeshaakcadeautjes.nl\\\/de\\\/#organization\"},\"potentialAction\":[{\"@type\":\"SearchAction\",\"target\":{\"@type\":\"EntryPoint\",\"urlTemplate\":\"https:\\\/\\\/www.jootjeshaakcadeautjes.nl\\\/de\\\/?s={search_term_string}\"},\"query-input\":{\"@type\":\"PropertyValueSpecification\",\"valueRequired\":true,\"valueName\":\"search_term_string\"}}],\"inLanguage\":\"de\"},{\"@type\":\"Organization\",\"@id\":\"https:\\\/\\\/www.jootjeshaakcadeautjes.nl\\\/de\\\/#organization\",\"name\":\"Jootjes Haakcadeautjes\",\"url\":\"https:\\\/\\\/www.jootjeshaakcadeautjes.nl\\\/de\\\/\",\"logo\":{\"@type\":\"ImageObject\",\"inLanguage\":\"de\",\"@id\":\"https:\\\/\\\/www.jootjeshaakcadeautjes.nl\\\/de\\\/#\\\/schema\\\/logo\\\/image\\\/\",\"url\":\"https:\\\/\\\/d1dyryakdmle7o.cloudfront.net\\\/wp-content\\\/uploads\\\/2023\\\/05\\\/Logo-rond.png\",\"contentUrl\":\"https:\\\/\\\/d1dyryakdmle7o.cloudfront.net\\\/wp-content\\\/uploads\\\/2023\\\/05\\\/Logo-rond.png\",\"width\":1222,\"height\":1222,\"caption\":\"Jootjes Haakcadeautjes\"},\"image\":{\"@id\":\"https:\\\/\\\/www.jootjeshaakcadeautjes.nl\\\/de\\\/#\\\/schema\\\/logo\\\/image\\\/\"}}]}<\/script>\n<meta property=\"product:price:amount\" content=\"13.95\" \/>\n<meta property=\"product:price:currency\" content=\"EUR\" \/>\n<meta property=\"og:availability\" content=\"instock\" \/>\n<meta property=\"product:availability\" content=\"instock\" \/>\n<meta property=\"product:retailer_item_id\" content=\"HKN-SET-KLN\" \/>\n<meta property=\"product:condition\" content=\"new\" \/>\n<!-- \/ Yoast SEO Premium plugin. -->","yoast_head_json":{"title":"Softgrip-H\u00e4kelnadelset - 0,5 mm bis 2,75 mm - Kleine Gr\u00f6\u00dfen","description":"Das Softgrip-H\u00e4kelnadelset enth\u00e4lt folgende Nadeln: 0,5 mm, 0,75 mm, 1,0 mm, 1,25 mm, 1,5 mm, 1,75 mm, 2,0 mm, 2,25 mm, 2,5 mm und 2,75 mm. Beeilen Sie sich!","robots":{"index":"index","follow":"follow","max-snippet":"max-snippet:-1","max-image-preview":"max-image-preview:large","max-video-preview":"max-video-preview:-1"},"canonical":"https:\/\/www.jootjeshaakcadeautjes.nl\/de\/produkt\/haekelnadeln-set-kleine-groessen\/","og_locale":"de_DE","og_type":"article","og_title":"H\u00e4kelnadelset Softgrip Gr\u00f6\u00dfen: \"small\" - 10 St\u00fcck - 0,5-2,75 mm","og_description":"Das Softgrip-H\u00e4kelnadelset enth\u00e4lt folgende Nadeln: 0,5 mm, 0,75 mm, 1,0 mm, 1,25 mm, 1,5 mm, 1,75 mm, 2,0 mm, 2,25 mm, 2,5 mm und 2,75 mm. Beeilen Sie sich!","og_url":"https:\/\/www.jootjeshaakcadeautjes.nl\/de\/produkt\/haekelnadeln-set-kleine-groessen\/","og_site_name":"Jootjes Haakcadeautjes","article_modified_time":"2025-03-11T01:43:22+00:00","og_image":[{"url":"https:\/\/www.jootjeshaakcadeautjes.nl\/wp-content\/uploads\/2017\/05\/IMG_20170730_163458-1024x659.jpg","type":"","width":"","height":""}],"twitter_card":"summary_large_image","twitter_misc":{"Preis":"&euro;13.95 inkl. MwSt.","Verf\u00fcgbarkeit":"Auf Lager"},"schema":{"@context":"https:\/\/schema.org","@graph":[{"@type":"WebPage","@id":"https:\/\/www.jootjeshaakcadeautjes.nl\/de\/produkt\/haekelnadeln-set-kleine-groessen\/","url":"https:\/\/www.jootjeshaakcadeautjes.nl\/de\/produkt\/haekelnadeln-set-kleine-groessen\/","name":"Softgrip-H\u00e4kelnadelset - 0,5 mm bis 2,75 mm - Kleine Gr\u00f6\u00dfen","isPartOf":{"@id":"https:\/\/www.jootjeshaakcadeautjes.nl\/de\/#website"},"primaryImageOfPage":{"@id":"https:\/\/www.jootjeshaakcadeautjes.nl\/de\/produkt\/haekelnadeln-set-kleine-groessen\/#primaryimage"},"image":{"@id":"https:\/\/www.jootjeshaakcadeautjes.nl\/de\/produkt\/haekelnadeln-set-kleine-groessen\/#primaryimage"},"thumbnailUrl":"https:\/\/d1dyryakdmle7o.cloudfront.net\/wp-content\/uploads\/2026\/02\/Naamloos-1820-1.webp","datePublished":"2016-04-10T20:30:49+00:00","dateModified":"2025-03-11T01:43:22+00:00","description":"Das Softgrip-H\u00e4kelnadelset enth\u00e4lt folgende Nadeln: 0,5 mm, 0,75 mm, 1,0 mm, 1,25 mm, 1,5 mm, 1,75 mm, 2,0 mm, 2,25 mm, 2,5 mm und 2,75 mm. Beeilen Sie sich!","breadcrumb":{"@id":"https:\/\/www.jootjeshaakcadeautjes.nl\/de\/produkt\/haekelnadeln-set-kleine-groessen\/#breadcrumb"},"inLanguage":"de","potentialAction":[{"@type":"ReadAction","target":["https:\/\/www.jootjeshaakcadeautjes.nl\/de\/produkt\/haekelnadeln-set-kleine-groessen\/"]}]},{"@type":"ImageObject","inLanguage":"de","@id":"https:\/\/www.jootjeshaakcadeautjes.nl\/de\/produkt\/haekelnadeln-set-kleine-groessen\/#primaryimage","url":"https:\/\/d1dyryakdmle7o.cloudfront.net\/wp-content\/uploads\/2026\/02\/Naamloos-1820-1.webp","contentUrl":"https:\/\/d1dyryakdmle7o.cloudfront.net\/wp-content\/uploads\/2026\/02\/Naamloos-1820-1.webp","width":2000,"height":2000},{"@type":"BreadcrumbList","@id":"https:\/\/www.jootjeshaakcadeautjes.nl\/de\/produkt\/haekelnadeln-set-kleine-groessen\/#breadcrumb","itemListElement":[{"@type":"ListItem","position":1,"name":"Startseite","item":"https:\/\/www.jootjeshaakcadeautjes.nl\/de\/"},{"@type":"ListItem","position":2,"name":"Gro\u00dfhandel mit Silikonperlen &#8211; Business und Consumer","item":"https:\/\/www.jootjeshaakcadeautjes.nl\/de\/shop\/"},{"@type":"ListItem","position":3,"name":"H\u00e4kelnadelset Softgrip Gr\u00f6\u00dfen: &#8220;small&#8221; &#8211; 10 St\u00fcck &#8211; 0,5-2,75 mm"}]},{"@type":"WebSite","@id":"https:\/\/www.jootjeshaakcadeautjes.nl\/de\/#website","url":"https:\/\/www.jootjeshaakcadeautjes.nl\/de\/","name":"Jootjes Haakcadeautjes","description":"Silikonperlen Gro\u00dfhandel ","publisher":{"@id":"https:\/\/www.jootjeshaakcadeautjes.nl\/de\/#organization"},"potentialAction":[{"@type":"SearchAction","target":{"@type":"EntryPoint","urlTemplate":"https:\/\/www.jootjeshaakcadeautjes.nl\/de\/?s={search_term_string}"},"query-input":{"@type":"PropertyValueSpecification","valueRequired":true,"valueName":"search_term_string"}}],"inLanguage":"de"},{"@type":"Organization","@id":"https:\/\/www.jootjeshaakcadeautjes.nl\/de\/#organization","name":"Jootjes Haakcadeautjes","url":"https:\/\/www.jootjeshaakcadeautjes.nl\/de\/","logo":{"@type":"ImageObject","inLanguage":"de","@id":"https:\/\/www.jootjeshaakcadeautjes.nl\/de\/#\/schema\/logo\/image\/","url":"https:\/\/d1dyryakdmle7o.cloudfront.net\/wp-content\/uploads\/2023\/05\/Logo-rond.png","contentUrl":"https:\/\/d1dyryakdmle7o.cloudfront.net\/wp-content\/uploads\/2023\/05\/Logo-rond.png","width":1222,"height":1222,"caption":"Jootjes Haakcadeautjes"},"image":{"@id":"https:\/\/www.jootjeshaakcadeautjes.nl\/de\/#\/schema\/logo\/image\/"}}]},"product_price_amount":"13.95","product_price_currency":"EUR","og_availability":"instock","product_availability":"instock","product_retailer_item_id":"HKN-SET-KLN","product_condition":"new"},"_links":{"self":[{"href":"https:\/\/www.jootjeshaakcadeautjes.nl\/de\/wp-json\/wp\/v2\/product\/123290","targetHints":{"allow":["GET"]}}],"collection":[{"href":"https:\/\/www.jootjeshaakcadeautjes.nl\/de\/wp-json\/wp\/v2\/product"}],"about":[{"href":"https:\/\/www.jootjeshaakcadeautjes.nl\/de\/wp-json\/wp\/v2\/types\/product"}],"version-history":[{"count":0,"href":"https:\/\/www.jootjeshaakcadeautjes.nl\/de\/wp-json\/wp\/v2\/product\/123290\/revisions"}],"wp:featuredmedia":[{"embeddable":true,"href":"https:\/\/www.jootjeshaakcadeautjes.nl\/de\/wp-json\/wp\/v2\/media\/274159"}],"wp:attachment":[{"href":"https:\/\/www.jootjeshaakcadeautjes.nl\/de\/wp-json\/wp\/v2\/media?parent=123290"}],"wp:term":[{"taxonomy":"product_brand","embeddable":true,"href":"https:\/\/www.jootjeshaakcadeautjes.nl\/de\/wp-json\/wp\/v2\/product_brand?post=123290"},{"taxonomy":"product_cat","embeddable":true,"href":"https:\/\/www.jootjeshaakcadeautjes.nl\/de\/wp-json\/wp\/v2\/product_cat?post=123290"},{"taxonomy":"product_tag","embeddable":true,"href":"https:\/\/www.jootjeshaakcadeautjes.nl\/de\/wp-json\/wp\/v2\/product_tag?post=123290"}],"curies":[{"name":"wp","href":"https:\/\/api.w.org\/{rel}","templated":true}]}}