{"id":123302,"date":"2016-12-16T13:30:42","date_gmt":"2016-12-16T12:30:42","guid":{"rendered":"https:\/\/www.jootjeshaakcadeautjes.nl\/product\/sicherheitsaugen-15-mm-blau\/"},"modified":"2025-07-29T18:32:37","modified_gmt":"2025-07-29T16:32:37","slug":"sicherheitsaugen-15-mm-blau","status":"publish","type":"product","link":"https:\/\/www.jootjeshaakcadeautjes.nl\/de\/produkt\/sicherheitsaugen-15-mm-blau\/","title":{"rendered":"Sicherheitsaugen 15 mm &#8211; Blau &#8211; als Paar"},"content":{"rendered":"<p><strong>Sicherheits-\u00d6sen <\/strong><strong style=\"font-size: 1.5rem\">15 mm <\/strong><strong style=\"font-size: 1.5rem\"><br \/>\n  <span style=\"color: #3366ff\">blau.<\/span><br \/>\n<\/strong><\/p>\n<p>Sicherheitsaugen zum H\u00e4keln und Stricken (Pl\u00fcschtiere\/Amigurumi).<br \/>\nSie werden paarweise verkauft, so dass Sie f\u00fcr einen Satz nur einen bestellen m\u00fcssen.<br \/>\n(1 St\u00fcck = 2 \u00d6sen + 2 R\u00fcckseiten).<\/p>\n<p>Kratzfrei und mit einer stabilen Sicherheitskappe, die sich nicht abl\u00f6st!<\/p>\n<p><strong>Wozu verwenden Sie diese Sicherheitsaugen?<\/strong><\/p>\n<p>Die Sicherheitsaugen 15 mm <strong><br \/>\n  <span style=\"color: #3366ff\">blau<\/span><br \/>\n<\/strong> werden h\u00e4ufig f\u00fcr die Herstellung von Pl\u00fcschtieren verwendet. Die Sicherheits\u00f6sen f\u00fcr Pl\u00fcschtiere sollten daher von hoher Qualit\u00e4t sein und sich nicht leicht l\u00f6sen, um die Sicherheit von (kleinen) Kindern zu gew\u00e4hrleisten. Wenn die Pl\u00fcschtiere geh\u00e4kelt sind, werden sie auch als Amigurumi bezeichnet. Diese Augen werden daher manchmal als Sicherheitsaugen f\u00fcr Amigurumi bezeichnet. Unsere \u00d6sen haben einen sehr stabilen Verschluss. Daher ist es etwas m\u00fchsam, sie anzubringen, aber wenn sie einmal angebracht sind, lassen sie sich nicht mehr so leicht entfernen.<\/p>\n<p>Auch in Varianten: <a href=\"https:\/\/www.jootjeshaakcadeautjes.nl\/product\/veiligheidsoogjes-15-mm-bruin\/\">braun<\/a>, <a href=\"https:\/\/www.jootjeshaakcadeautjes.nl\/de\/produkt\/sicherheitsaugen-15-mm-gruen\/\">gr\u00fcn<\/a> und <a href=\"https:\/\/www.jootjeshaakcadeautjes.nl\/de\/produkt\/sicherheitsaugen-15-mm-rot\/\">rot<\/a>.<\/p>\n","protected":false},"excerpt":{"rendered":"<p><strong>Sicherheitsaugen <span style=\"color: #3366ff\">blau<\/span> mit einer Gr\u00f6\u00dfe von 15 mm.<\/strong><\/p>\n<p>Werden pro 2er-Set verkauft<br \/>\n(2 \u00d6sen + 2 R\u00fcckseiten).<\/p>\n<p>Kratzerfrei!<\/p>\n<p><span class=\"ttfmake-icon mceNonEditable fa\">\uf0d1 <\/span>Lieferzeit +\/- 3 Tage<br \/>\n<span class=\"ttfmake-icon mceNonEditable fa\">\uf072<\/span> <strong> Neu bestellen:<\/strong><br \/>\n<strong>Lieferzeit ca. 3 Wochen<\/strong><\/p>\n","protected":false},"featured_media":0,"template":"","meta":[],"product_brand":[],"product_cat":[8247,8823],"product_tag":[8086,9104,8305,7683,8824,8829,8827],"class_list":{"0":"post-123302","1":"product","2":"type-product","3":"status-publish","5":"product_cat-bastelmaterial-hakelzubehor","6":"product_cat-sicherheitsaugen-fur-stofftiere","7":"product_tag-15-mm-de","8":"product_tag-15mm-de","9":"product_tag-amigurumi-de","10":"product_tag-blau","11":"product_tag-sicherheitsauge","12":"product_tag-sicherheitsaugen-de","13":"product_tag-sicherheitsaugen","15":"first","16":"instock","17":"sale","18":"taxable","19":"shipping-taxable","20":"purchasable","21":"product-type-simple"},"bundled_by":[],"bundle_stock_status":"instock","bundle_stock_quantity":187,"bundle_virtual":false,"bundle_layout":"","bundle_add_to_cart_form_location":"","bundle_editable_in_cart":false,"bundle_sold_individually_context":"","bundle_item_grouping":"","bundle_min_size":"","bundle_max_size":"","bundle_price":[],"bundled_items":[],"bundle_sell_ids":[],"yoast_head":"<!-- This site is optimized with the Yoast SEO Premium plugin v27.6 (Yoast SEO v27.6) - https:\/\/yoast.com\/product\/yoast-seo-premium-wordpress\/ -->\n<title>Sicherheitsaugen 15 mm blau - H\u00e4keln &amp; Stricken - Jootjes Crochet presents<\/title>\n<meta name=\"description\" content=\"Sicherheitsaugen 15 mm blau f\u00fcr Stofftiere\/Amigurumi h\u00e4keln und stricken. F\u00fcr nur 0,75\/ 2 bei Jootjes Haakcadeautjes. Hohe Qualit\u00e4t, l\u00f6st sich nicht ab.\" \/>\n<meta name=\"robots\" content=\"index, follow, max-snippet:-1, max-image-preview:large, max-video-preview:-1\" \/>\n<link rel=\"canonical\" href=\"https:\/\/www.jootjeshaakcadeautjes.nl\/de\/produkt\/sicherheitsaugen-15-mm-blau\/\" \/>\n<meta property=\"og:locale\" content=\"de_DE\" \/>\n<meta property=\"og:type\" content=\"article\" \/>\n<meta property=\"og:title\" content=\"Sicherheitsaugen 15 mm - Blau - als Paar\" \/>\n<meta property=\"og:description\" content=\"Sicherheitsaugen 15 mm blau f\u00fcr Stofftiere\/Amigurumi h\u00e4keln und stricken. F\u00fcr nur 0,75\/ 2 bei Jootjes Haakcadeautjes. Hohe Qualit\u00e4t, l\u00f6st sich nicht ab.\" \/>\n<meta property=\"og:url\" content=\"https:\/\/www.jootjeshaakcadeautjes.nl\/de\/produkt\/sicherheitsaugen-15-mm-blau\/\" \/>\n<meta property=\"og:site_name\" content=\"Jootjes Haakcadeautjes\" \/>\n<meta property=\"article:modified_time\" content=\"2025-07-29T16:32:37+00:00\" \/>\n<meta name=\"twitter:card\" content=\"summary_large_image\" \/>\n<meta name=\"twitter:label1\" content=\"Preis\" \/>\n\t<meta name=\"twitter:data1\" content=\"&euro;0.30 inkl. MwSt.\" \/>\n\t<meta name=\"twitter:label2\" content=\"Verf\u00fcgbarkeit\" \/>\n\t<meta name=\"twitter:data2\" content=\"Auf Lager\" \/>\n<script type=\"application\/ld+json\" class=\"yoast-schema-graph\">{\"@context\":\"https:\\\/\\\/schema.org\",\"@graph\":[{\"@type\":\"WebPage\",\"@id\":\"https:\\\/\\\/www.jootjeshaakcadeautjes.nl\\\/de\\\/produkt\\\/sicherheitsaugen-15-mm-blau\\\/\",\"url\":\"https:\\\/\\\/www.jootjeshaakcadeautjes.nl\\\/de\\\/produkt\\\/sicherheitsaugen-15-mm-blau\\\/\",\"name\":\"Sicherheitsaugen 15 mm blau - H\u00e4keln & Stricken - Jootjes Crochet presents\",\"isPartOf\":{\"@id\":\"https:\\\/\\\/www.jootjeshaakcadeautjes.nl\\\/de\\\/#website\"},\"datePublished\":\"2016-12-16T12:30:42+00:00\",\"dateModified\":\"2025-07-29T16:32:37+00:00\",\"description\":\"Sicherheitsaugen 15 mm blau f\u00fcr Stofftiere\\\/Amigurumi h\u00e4keln und stricken. F\u00fcr nur 0,75\\\/ 2 bei Jootjes Haakcadeautjes. Hohe Qualit\u00e4t, l\u00f6st sich nicht ab.\",\"breadcrumb\":{\"@id\":\"https:\\\/\\\/www.jootjeshaakcadeautjes.nl\\\/de\\\/produkt\\\/sicherheitsaugen-15-mm-blau\\\/#breadcrumb\"},\"inLanguage\":\"de\",\"potentialAction\":[{\"@type\":\"ReadAction\",\"target\":[\"https:\\\/\\\/www.jootjeshaakcadeautjes.nl\\\/de\\\/produkt\\\/sicherheitsaugen-15-mm-blau\\\/\"]}]},{\"@type\":\"BreadcrumbList\",\"@id\":\"https:\\\/\\\/www.jootjeshaakcadeautjes.nl\\\/de\\\/produkt\\\/sicherheitsaugen-15-mm-blau\\\/#breadcrumb\",\"itemListElement\":[{\"@type\":\"ListItem\",\"position\":1,\"name\":\"Startseite\",\"item\":\"https:\\\/\\\/www.jootjeshaakcadeautjes.nl\\\/de\\\/\"},{\"@type\":\"ListItem\",\"position\":2,\"name\":\"Gro\u00dfhandel mit Silikonperlen &#8211; Business und Consumer\",\"item\":\"https:\\\/\\\/www.jootjeshaakcadeautjes.nl\\\/de\\\/shop\\\/\"},{\"@type\":\"ListItem\",\"position\":3,\"name\":\"Sicherheitsaugen 15 mm &#8211; Blau &#8211; als Paar\"}]},{\"@type\":\"WebSite\",\"@id\":\"https:\\\/\\\/www.jootjeshaakcadeautjes.nl\\\/de\\\/#website\",\"url\":\"https:\\\/\\\/www.jootjeshaakcadeautjes.nl\\\/de\\\/\",\"name\":\"Jootjes Haakcadeautjes\",\"description\":\"Silikonperlen Gro\u00dfhandel \",\"publisher\":{\"@id\":\"https:\\\/\\\/www.jootjeshaakcadeautjes.nl\\\/de\\\/#organization\"},\"potentialAction\":[{\"@type\":\"SearchAction\",\"target\":{\"@type\":\"EntryPoint\",\"urlTemplate\":\"https:\\\/\\\/www.jootjeshaakcadeautjes.nl\\\/de\\\/?s={search_term_string}\"},\"query-input\":{\"@type\":\"PropertyValueSpecification\",\"valueRequired\":true,\"valueName\":\"search_term_string\"}}],\"inLanguage\":\"de\"},{\"@type\":\"Organization\",\"@id\":\"https:\\\/\\\/www.jootjeshaakcadeautjes.nl\\\/de\\\/#organization\",\"name\":\"Jootjes Haakcadeautjes\",\"url\":\"https:\\\/\\\/www.jootjeshaakcadeautjes.nl\\\/de\\\/\",\"logo\":{\"@type\":\"ImageObject\",\"inLanguage\":\"de\",\"@id\":\"https:\\\/\\\/www.jootjeshaakcadeautjes.nl\\\/de\\\/#\\\/schema\\\/logo\\\/image\\\/\",\"url\":\"https:\\\/\\\/d1dyryakdmle7o.cloudfront.net\\\/wp-content\\\/uploads\\\/2023\\\/05\\\/Logo-rond.png\",\"contentUrl\":\"https:\\\/\\\/d1dyryakdmle7o.cloudfront.net\\\/wp-content\\\/uploads\\\/2023\\\/05\\\/Logo-rond.png\",\"width\":1222,\"height\":1222,\"caption\":\"Jootjes Haakcadeautjes\"},\"image\":{\"@id\":\"https:\\\/\\\/www.jootjeshaakcadeautjes.nl\\\/de\\\/#\\\/schema\\\/logo\\\/image\\\/\"}}]}<\/script>\n<meta property=\"product:price:amount\" content=\"0.30\" \/>\n<meta property=\"product:price:currency\" content=\"EUR\" \/>\n<meta property=\"og:availability\" content=\"instock\" \/>\n<meta property=\"product:availability\" content=\"instock\" \/>\n<meta property=\"product:retailer_item_id\" content=\"VHO-BLA-015\" \/>\n<meta property=\"product:condition\" content=\"new\" \/>\n<!-- \/ Yoast SEO Premium plugin. -->","yoast_head_json":{"title":"Sicherheitsaugen 15 mm blau - H\u00e4keln & Stricken - Jootjes Crochet presents","description":"Sicherheitsaugen 15 mm blau f\u00fcr Stofftiere\/Amigurumi h\u00e4keln und stricken. F\u00fcr nur 0,75\/ 2 bei Jootjes Haakcadeautjes. Hohe Qualit\u00e4t, l\u00f6st sich nicht ab.","robots":{"index":"index","follow":"follow","max-snippet":"max-snippet:-1","max-image-preview":"max-image-preview:large","max-video-preview":"max-video-preview:-1"},"canonical":"https:\/\/www.jootjeshaakcadeautjes.nl\/de\/produkt\/sicherheitsaugen-15-mm-blau\/","og_locale":"de_DE","og_type":"article","og_title":"Sicherheitsaugen 15 mm - Blau - als Paar","og_description":"Sicherheitsaugen 15 mm blau f\u00fcr Stofftiere\/Amigurumi h\u00e4keln und stricken. F\u00fcr nur 0,75\/ 2 bei Jootjes Haakcadeautjes. Hohe Qualit\u00e4t, l\u00f6st sich nicht ab.","og_url":"https:\/\/www.jootjeshaakcadeautjes.nl\/de\/produkt\/sicherheitsaugen-15-mm-blau\/","og_site_name":"Jootjes Haakcadeautjes","article_modified_time":"2025-07-29T16:32:37+00:00","twitter_card":"summary_large_image","twitter_misc":{"Preis":"&euro;0.30 inkl. MwSt.","Verf\u00fcgbarkeit":"Auf Lager"},"schema":{"@context":"https:\/\/schema.org","@graph":[{"@type":"WebPage","@id":"https:\/\/www.jootjeshaakcadeautjes.nl\/de\/produkt\/sicherheitsaugen-15-mm-blau\/","url":"https:\/\/www.jootjeshaakcadeautjes.nl\/de\/produkt\/sicherheitsaugen-15-mm-blau\/","name":"Sicherheitsaugen 15 mm blau - H\u00e4keln & Stricken - Jootjes Crochet presents","isPartOf":{"@id":"https:\/\/www.jootjeshaakcadeautjes.nl\/de\/#website"},"datePublished":"2016-12-16T12:30:42+00:00","dateModified":"2025-07-29T16:32:37+00:00","description":"Sicherheitsaugen 15 mm blau f\u00fcr Stofftiere\/Amigurumi h\u00e4keln und stricken. F\u00fcr nur 0,75\/ 2 bei Jootjes Haakcadeautjes. Hohe Qualit\u00e4t, l\u00f6st sich nicht ab.","breadcrumb":{"@id":"https:\/\/www.jootjeshaakcadeautjes.nl\/de\/produkt\/sicherheitsaugen-15-mm-blau\/#breadcrumb"},"inLanguage":"de","potentialAction":[{"@type":"ReadAction","target":["https:\/\/www.jootjeshaakcadeautjes.nl\/de\/produkt\/sicherheitsaugen-15-mm-blau\/"]}]},{"@type":"BreadcrumbList","@id":"https:\/\/www.jootjeshaakcadeautjes.nl\/de\/produkt\/sicherheitsaugen-15-mm-blau\/#breadcrumb","itemListElement":[{"@type":"ListItem","position":1,"name":"Startseite","item":"https:\/\/www.jootjeshaakcadeautjes.nl\/de\/"},{"@type":"ListItem","position":2,"name":"Gro\u00dfhandel mit Silikonperlen &#8211; Business und Consumer","item":"https:\/\/www.jootjeshaakcadeautjes.nl\/de\/shop\/"},{"@type":"ListItem","position":3,"name":"Sicherheitsaugen 15 mm &#8211; Blau &#8211; als Paar"}]},{"@type":"WebSite","@id":"https:\/\/www.jootjeshaakcadeautjes.nl\/de\/#website","url":"https:\/\/www.jootjeshaakcadeautjes.nl\/de\/","name":"Jootjes Haakcadeautjes","description":"Silikonperlen Gro\u00dfhandel ","publisher":{"@id":"https:\/\/www.jootjeshaakcadeautjes.nl\/de\/#organization"},"potentialAction":[{"@type":"SearchAction","target":{"@type":"EntryPoint","urlTemplate":"https:\/\/www.jootjeshaakcadeautjes.nl\/de\/?s={search_term_string}"},"query-input":{"@type":"PropertyValueSpecification","valueRequired":true,"valueName":"search_term_string"}}],"inLanguage":"de"},{"@type":"Organization","@id":"https:\/\/www.jootjeshaakcadeautjes.nl\/de\/#organization","name":"Jootjes Haakcadeautjes","url":"https:\/\/www.jootjeshaakcadeautjes.nl\/de\/","logo":{"@type":"ImageObject","inLanguage":"de","@id":"https:\/\/www.jootjeshaakcadeautjes.nl\/de\/#\/schema\/logo\/image\/","url":"https:\/\/d1dyryakdmle7o.cloudfront.net\/wp-content\/uploads\/2023\/05\/Logo-rond.png","contentUrl":"https:\/\/d1dyryakdmle7o.cloudfront.net\/wp-content\/uploads\/2023\/05\/Logo-rond.png","width":1222,"height":1222,"caption":"Jootjes Haakcadeautjes"},"image":{"@id":"https:\/\/www.jootjeshaakcadeautjes.nl\/de\/#\/schema\/logo\/image\/"}}]},"product_price_amount":"0.30","product_price_currency":"EUR","og_availability":"instock","product_availability":"instock","product_retailer_item_id":"VHO-BLA-015","product_condition":"new"},"_links":{"self":[{"href":"https:\/\/www.jootjeshaakcadeautjes.nl\/de\/wp-json\/wp\/v2\/product\/123302","targetHints":{"allow":["GET"]}}],"collection":[{"href":"https:\/\/www.jootjeshaakcadeautjes.nl\/de\/wp-json\/wp\/v2\/product"}],"about":[{"href":"https:\/\/www.jootjeshaakcadeautjes.nl\/de\/wp-json\/wp\/v2\/types\/product"}],"version-history":[{"count":0,"href":"https:\/\/www.jootjeshaakcadeautjes.nl\/de\/wp-json\/wp\/v2\/product\/123302\/revisions"}],"wp:attachment":[{"href":"https:\/\/www.jootjeshaakcadeautjes.nl\/de\/wp-json\/wp\/v2\/media?parent=123302"}],"wp:term":[{"taxonomy":"product_brand","embeddable":true,"href":"https:\/\/www.jootjeshaakcadeautjes.nl\/de\/wp-json\/wp\/v2\/product_brand?post=123302"},{"taxonomy":"product_cat","embeddable":true,"href":"https:\/\/www.jootjeshaakcadeautjes.nl\/de\/wp-json\/wp\/v2\/product_cat?post=123302"},{"taxonomy":"product_tag","embeddable":true,"href":"https:\/\/www.jootjeshaakcadeautjes.nl\/de\/wp-json\/wp\/v2\/product_tag?post=123302"}],"curies":[{"name":"wp","href":"https:\/\/api.w.org\/{rel}","templated":true}]}}