{"id":123314,"date":"2016-03-27T16:30:42","date_gmt":"2016-03-27T15:30:42","guid":{"rendered":"https:\/\/www.jootjeshaakcadeautjes.nl\/product\/stockzaehler-tourenzaehler\/"},"modified":"2025-03-11T02:43:22","modified_gmt":"2025-03-11T01:43:22","slug":"stockzaehler-tourenzaehler","status":"publish","type":"product","link":"https:\/\/www.jootjeshaakcadeautjes.nl\/de\/produkt\/stockzaehler-tourenzaehler\/","title":{"rendered":"Stockz\u00e4hler\/Tourenz\u00e4hler"},"content":{"rendered":"<h4>Schrittz\u00e4hler\/Drehzahlmesser digital<\/h4>\n<p>Kaufen Sie den ber\u00fchmten digitalen Tachometer\/Schrittz\u00e4hler bei JootjesHaakcadeautjes.nl. Die Stabz\u00e4hler werden in einer zuf\u00e4lligen Farbe geliefert.<\/p>\n<p>Der Z\u00e4hler ist mit einer Knopfzellenbatterie ausgestattet. Die Batterie l\u00e4sst sich \u00fcber 2 kleine Schrauben an der Unterseite leicht austauschen. Im Standby-Modus merkt es sich problemlos den Modus, in dem es gedr\u00fcckt wurde. Der Tachometer\/Schrittz\u00e4hler wird mit einem Armband geliefert, mit dem Sie den Z\u00e4hler um den Finger tragen oder z. B. an einem Projekt befestigen k\u00f6nnen.<\/p>\n<p>Mit der Reset-Taste l\u00e4sst sich der Kn\u00fcppelz\u00e4hler leicht zur\u00fccksetzen. Erinnern Sie sich an die Anzahl der Maschen oder Reihen, die Sie geh\u00e4kelt oder gestrickt haben, auch wenn Sie schon eine Weile nicht mehr gearbeitet haben. Es ist daher ideal zum H\u00e4keln von Amigurumi oder Stofftieren mit vielen Windungen oder anderen aufwendigen Mustern. Ein Amigurumi ist ein Wort, das wir gemeinhin f\u00fcr ein geh\u00e4keltes Stofftier verwenden. Amigurumi ist das japanische Wort f\u00fcr die japanische Kunst des Strickens oder H\u00e4kelns kleiner ausgestopfter Tiere. Wenn Sie nach H\u00e4kelmustern f\u00fcr ein Stofftier suchen, ist ein Tipp, auch nach Amigurumi-Mustern oder dem Suchbegriff Amigurumi zu suchen. Sind Sie ein H\u00e4kelanf\u00e4nger? Dann kaufen Sie schnell einen Stockz\u00e4hler. Wenn Sie sich einmal daran gew\u00f6hnt haben, werden Sie nichts anderes mehr wollen. Dieser Z\u00e4hler ist ideal f\u00fcr ein kompliziertes Muster mit mehreren Umdrehungen. Werden Sie das Projekt f\u00fcr eine gewisse Zeit beiseite legen? Kein Problem, Sie wissen sp\u00e4ter immer, wo Sie aufgeh\u00f6rt haben. Ein weiterer Tipp f\u00fcr H\u00e4kelanf\u00e4nger sind Maschenmarkierer. Verwenden Sie diese Markierungen, um Granny Squares zu verbinden oder den Anfang der Reihe zu markieren. M\u00f6chten Sie mehr erfahren? Dann schauen Sie doch einfach mal <a href=\"https:\/\/www.jootjeshaakcadeautjes.nl\/de\/produkt\/maschenmarkierer\/\">hier<\/a> rein!<\/p>\n<h4>Qualit\u00e4t und Sicherheit unseres Sch\u00fcrhakenz\u00e4hlers\/Drehzahlmessers<\/h4>\n<p>Der Kn\u00fcppelz\u00e4hler\/Drehz\u00e4hler enth\u00e4lt eine Knopfzellenbatterie. Diese Knopfzellenbatterie ist hinter zwei Schrauben sicher verschlossen. Haben Sie kleine Kinder im Haus? Es gibt also auch hier keinen Grund zur Sorge. Die Batterie kann nicht einfach herausgenommen werden. Der Stabtresen ist nicht gro\u00df, halten Sie ihn also immer von kleinen Kindern fern. Der digitale Tachometer ist aus robustem Kunststoff gefertigt und kann daher nicht so leicht brechen. Der Bildschirm ist gut lesbar (vergleichen Sie ihn mit dem eines Taschenrechners).<\/p>\n","protected":false},"excerpt":{"rendered":"<p>Der bekannte Tachometer\/Schrittz\u00e4hler!<br \/>\nWird in jeder Farbe geliefert.<\/p>\n<p>Durch die Schlaufe l\u00e4sst er sich leicht an den Finger oder an ein Projekt anschlie\u00dfen. Erinnert an den letzten Zustand im Standby.<br \/>\nWird mit Knopfzellenbatterien betrieben, die leicht zu ersetzen sind.<\/p>\n","protected":false},"featured_media":80129,"template":"","meta":[],"product_brand":[],"product_cat":[8247,9764],"product_tag":[9942,9930,9931,9641,9940,8952,8268,9943,9941,9762,9936,8082,9924,9945,9947,9938,9949,9934,9928],"class_list":{"0":"post-123314","1":"product","2":"type-product","3":"status-publish","4":"has-post-thumbnail","6":"product_cat-bastelmaterial-hakelzubehor","7":"product_cat-markierungsstifte-und-umdrehungszahler","8":"product_tag-automatisch-de","9":"product_tag-digital","10":"product_tag-digital-de","11":"product_tag-finger-de","12":"product_tag-fingerzahler","13":"product_tag-fuchsia-de","14":"product_tag-hakchen","15":"product_tag-haken-de","16":"product_tag-helles-rosa","17":"product_tag-opry-de","18":"product_tag-rev","19":"product_tag-rosa-de-2","20":"product_tag-stockzahler","21":"product_tag-tachometer","22":"product_tag-tour","23":"product_tag-verfolgung","24":"product_tag-verfolgung-von-umdrehungen","25":"product_tag-zahlen","26":"product_tag-zahler-de","28":"first","29":"outofstock","30":"taxable","31":"shipping-taxable","32":"purchasable","33":"product-type-simple"},"bundled_by":[],"bundle_stock_status":"outofstock","bundle_stock_quantity":0,"bundle_virtual":false,"bundle_layout":"","bundle_add_to_cart_form_location":"","bundle_editable_in_cart":false,"bundle_sold_individually_context":"","bundle_item_grouping":"","bundle_min_size":"","bundle_max_size":"","bundle_price":[],"bundled_items":[],"bundle_sell_ids":[],"yoast_head":"<!-- This site is optimized with the Yoast SEO Premium plugin v27.6 (Yoast SEO v27.6) - https:\/\/yoast.com\/product\/yoast-seo-premium-wordpress\/ -->\n<title>Stichz\u00e4hler\/Wendez\u00e4hler - JootjesHaakcadeautjes.nl<\/title>\n<meta name=\"description\" content=\"Suchen Sie einen Tachometer\/Drehzahlmesser? Dann sind Sie bei JootjesHaakcadeautjes.nl an der richtigen Adresse. Der Tachometer\/Drehzahlmesser aus unserem Webshop ist der digitale Z\u00e4hler. L\u00e4uft im Batteriebetrieb und speichert den letzten Standby-Modus. Der Tachometer\/Drehzahlmesser l\u00e4sst sich mit der Reset-Taste leicht zur\u00fccksetzen.\" \/>\n<meta name=\"robots\" content=\"index, follow, max-snippet:-1, max-image-preview:large, max-video-preview:-1\" \/>\n<link rel=\"canonical\" href=\"https:\/\/www.jootjeshaakcadeautjes.nl\/de\/produkt\/stockzaehler-tourenzaehler\/\" \/>\n<meta property=\"og:locale\" content=\"de_DE\" \/>\n<meta property=\"og:type\" content=\"article\" \/>\n<meta property=\"og:title\" content=\"Stockz\u00e4hler\/Tourenz\u00e4hler\" \/>\n<meta property=\"og:description\" content=\"Suchen Sie einen Tachometer\/Drehzahlmesser? Dann sind Sie bei JootjesHaakcadeautjes.nl an der richtigen Adresse. Der Tachometer\/Drehzahlmesser aus unserem Webshop ist der digitale Z\u00e4hler. L\u00e4uft im Batteriebetrieb und speichert den letzten Standby-Modus. Der Tachometer\/Drehzahlmesser l\u00e4sst sich mit der Reset-Taste leicht zur\u00fccksetzen.\" \/>\n<meta property=\"og:url\" content=\"https:\/\/www.jootjeshaakcadeautjes.nl\/de\/produkt\/stockzaehler-tourenzaehler\/\" \/>\n<meta property=\"og:site_name\" content=\"Jootjes Haakcadeautjes\" \/>\n<meta property=\"article:modified_time\" content=\"2025-03-11T01:43:22+00:00\" \/>\n<meta property=\"og:image\" content=\"https:\/\/www.jootjeshaakcadeautjes.nl\/wp-content\/uploads\/2022\/04\/20220417_184646.jpg\" \/>\n\t<meta property=\"og:image:width\" content=\"2048\" \/>\n\t<meta property=\"og:image:height\" content=\"2048\" \/>\n\t<meta property=\"og:image:type\" content=\"image\/jpeg\" \/>\n<meta name=\"twitter:card\" content=\"summary_large_image\" \/>\n<meta name=\"twitter:label1\" content=\"Preis\" \/>\n\t<meta name=\"twitter:data1\" content=\"&euro;2.00 inkl. MwSt.\" \/>\n\t<meta name=\"twitter:label2\" content=\"Verf\u00fcgbarkeit\" \/>\n\t<meta name=\"twitter:data2\" content=\"ausverkauft\" \/>\n<script type=\"application\/ld+json\" class=\"yoast-schema-graph\">{\"@context\":\"https:\\\/\\\/schema.org\",\"@graph\":[{\"@type\":\"WebPage\",\"@id\":\"https:\\\/\\\/www.jootjeshaakcadeautjes.nl\\\/de\\\/produkt\\\/stockzaehler-tourenzaehler\\\/\",\"url\":\"https:\\\/\\\/www.jootjeshaakcadeautjes.nl\\\/de\\\/produkt\\\/stockzaehler-tourenzaehler\\\/\",\"name\":\"Stichz\u00e4hler\\\/Wendez\u00e4hler - JootjesHaakcadeautjes.nl\",\"isPartOf\":{\"@id\":\"https:\\\/\\\/www.jootjeshaakcadeautjes.nl\\\/de\\\/#website\"},\"primaryImageOfPage\":{\"@id\":\"https:\\\/\\\/www.jootjeshaakcadeautjes.nl\\\/de\\\/produkt\\\/stockzaehler-tourenzaehler\\\/#primaryimage\"},\"image\":{\"@id\":\"https:\\\/\\\/www.jootjeshaakcadeautjes.nl\\\/de\\\/produkt\\\/stockzaehler-tourenzaehler\\\/#primaryimage\"},\"thumbnailUrl\":\"https:\\\/\\\/d1dyryakdmle7o.cloudfront.net\\\/wp-content\\\/uploads\\\/2022\\\/04\\\/20220417_184646.jpg\",\"datePublished\":\"2016-03-27T15:30:42+00:00\",\"dateModified\":\"2025-03-11T01:43:22+00:00\",\"description\":\"Suchen Sie einen Tachometer\\\/Drehzahlmesser? Dann sind Sie bei JootjesHaakcadeautjes.nl an der richtigen Adresse. Der Tachometer\\\/Drehzahlmesser aus unserem Webshop ist der digitale Z\u00e4hler. L\u00e4uft im Batteriebetrieb und speichert den letzten Standby-Modus. Der Tachometer\\\/Drehzahlmesser l\u00e4sst sich mit der Reset-Taste leicht zur\u00fccksetzen.\",\"breadcrumb\":{\"@id\":\"https:\\\/\\\/www.jootjeshaakcadeautjes.nl\\\/de\\\/produkt\\\/stockzaehler-tourenzaehler\\\/#breadcrumb\"},\"inLanguage\":\"de\",\"potentialAction\":[{\"@type\":\"ReadAction\",\"target\":[\"https:\\\/\\\/www.jootjeshaakcadeautjes.nl\\\/de\\\/produkt\\\/stockzaehler-tourenzaehler\\\/\"]}]},{\"@type\":\"ImageObject\",\"inLanguage\":\"de\",\"@id\":\"https:\\\/\\\/www.jootjeshaakcadeautjes.nl\\\/de\\\/produkt\\\/stockzaehler-tourenzaehler\\\/#primaryimage\",\"url\":\"https:\\\/\\\/d1dyryakdmle7o.cloudfront.net\\\/wp-content\\\/uploads\\\/2022\\\/04\\\/20220417_184646.jpg\",\"contentUrl\":\"https:\\\/\\\/d1dyryakdmle7o.cloudfront.net\\\/wp-content\\\/uploads\\\/2022\\\/04\\\/20220417_184646.jpg\",\"width\":2048,\"height\":2048},{\"@type\":\"BreadcrumbList\",\"@id\":\"https:\\\/\\\/www.jootjeshaakcadeautjes.nl\\\/de\\\/produkt\\\/stockzaehler-tourenzaehler\\\/#breadcrumb\",\"itemListElement\":[{\"@type\":\"ListItem\",\"position\":1,\"name\":\"Startseite\",\"item\":\"https:\\\/\\\/www.jootjeshaakcadeautjes.nl\\\/de\\\/\"},{\"@type\":\"ListItem\",\"position\":2,\"name\":\"Gro\u00dfhandel mit Silikonperlen &#8211; Business und Consumer\",\"item\":\"https:\\\/\\\/www.jootjeshaakcadeautjes.nl\\\/de\\\/shop\\\/\"},{\"@type\":\"ListItem\",\"position\":3,\"name\":\"Stockz\u00e4hler\\\/Tourenz\u00e4hler\"}]},{\"@type\":\"WebSite\",\"@id\":\"https:\\\/\\\/www.jootjeshaakcadeautjes.nl\\\/de\\\/#website\",\"url\":\"https:\\\/\\\/www.jootjeshaakcadeautjes.nl\\\/de\\\/\",\"name\":\"Jootjes Haakcadeautjes\",\"description\":\"Silikonperlen Gro\u00dfhandel \",\"publisher\":{\"@id\":\"https:\\\/\\\/www.jootjeshaakcadeautjes.nl\\\/de\\\/#organization\"},\"potentialAction\":[{\"@type\":\"SearchAction\",\"target\":{\"@type\":\"EntryPoint\",\"urlTemplate\":\"https:\\\/\\\/www.jootjeshaakcadeautjes.nl\\\/de\\\/?s={search_term_string}\"},\"query-input\":{\"@type\":\"PropertyValueSpecification\",\"valueRequired\":true,\"valueName\":\"search_term_string\"}}],\"inLanguage\":\"de\"},{\"@type\":\"Organization\",\"@id\":\"https:\\\/\\\/www.jootjeshaakcadeautjes.nl\\\/de\\\/#organization\",\"name\":\"Jootjes Haakcadeautjes\",\"url\":\"https:\\\/\\\/www.jootjeshaakcadeautjes.nl\\\/de\\\/\",\"logo\":{\"@type\":\"ImageObject\",\"inLanguage\":\"de\",\"@id\":\"https:\\\/\\\/www.jootjeshaakcadeautjes.nl\\\/de\\\/#\\\/schema\\\/logo\\\/image\\\/\",\"url\":\"https:\\\/\\\/d1dyryakdmle7o.cloudfront.net\\\/wp-content\\\/uploads\\\/2023\\\/05\\\/Logo-rond.png\",\"contentUrl\":\"https:\\\/\\\/d1dyryakdmle7o.cloudfront.net\\\/wp-content\\\/uploads\\\/2023\\\/05\\\/Logo-rond.png\",\"width\":1222,\"height\":1222,\"caption\":\"Jootjes Haakcadeautjes\"},\"image\":{\"@id\":\"https:\\\/\\\/www.jootjeshaakcadeautjes.nl\\\/de\\\/#\\\/schema\\\/logo\\\/image\\\/\"}}]}<\/script>\n<meta property=\"product:price:amount\" content=\"2.00\" \/>\n<meta property=\"product:price:currency\" content=\"EUR\" \/>\n<meta property=\"og:availability\" content=\"out of stock\" \/>\n<meta property=\"product:availability\" content=\"out of stock\" \/>\n<meta property=\"product:retailer_item_id\" content=\"STE-TOE-TEL\" \/>\n<meta property=\"product:condition\" content=\"new\" \/>\n<!-- \/ Yoast SEO Premium plugin. -->","yoast_head_json":{"title":"Stichz\u00e4hler\/Wendez\u00e4hler - JootjesHaakcadeautjes.nl","description":"Suchen Sie einen Tachometer\/Drehzahlmesser? Dann sind Sie bei JootjesHaakcadeautjes.nl an der richtigen Adresse. Der Tachometer\/Drehzahlmesser aus unserem Webshop ist der digitale Z\u00e4hler. L\u00e4uft im Batteriebetrieb und speichert den letzten Standby-Modus. Der Tachometer\/Drehzahlmesser l\u00e4sst sich mit der Reset-Taste leicht zur\u00fccksetzen.","robots":{"index":"index","follow":"follow","max-snippet":"max-snippet:-1","max-image-preview":"max-image-preview:large","max-video-preview":"max-video-preview:-1"},"canonical":"https:\/\/www.jootjeshaakcadeautjes.nl\/de\/produkt\/stockzaehler-tourenzaehler\/","og_locale":"de_DE","og_type":"article","og_title":"Stockz\u00e4hler\/Tourenz\u00e4hler","og_description":"Suchen Sie einen Tachometer\/Drehzahlmesser? Dann sind Sie bei JootjesHaakcadeautjes.nl an der richtigen Adresse. Der Tachometer\/Drehzahlmesser aus unserem Webshop ist der digitale Z\u00e4hler. L\u00e4uft im Batteriebetrieb und speichert den letzten Standby-Modus. Der Tachometer\/Drehzahlmesser l\u00e4sst sich mit der Reset-Taste leicht zur\u00fccksetzen.","og_url":"https:\/\/www.jootjeshaakcadeautjes.nl\/de\/produkt\/stockzaehler-tourenzaehler\/","og_site_name":"Jootjes Haakcadeautjes","article_modified_time":"2025-03-11T01:43:22+00:00","og_image":[{"width":2048,"height":2048,"url":"https:\/\/www.jootjeshaakcadeautjes.nl\/wp-content\/uploads\/2022\/04\/20220417_184646.jpg","type":"image\/jpeg"}],"twitter_card":"summary_large_image","twitter_misc":{"Preis":"&euro;2.00 inkl. MwSt.","Verf\u00fcgbarkeit":"ausverkauft"},"schema":{"@context":"https:\/\/schema.org","@graph":[{"@type":"WebPage","@id":"https:\/\/www.jootjeshaakcadeautjes.nl\/de\/produkt\/stockzaehler-tourenzaehler\/","url":"https:\/\/www.jootjeshaakcadeautjes.nl\/de\/produkt\/stockzaehler-tourenzaehler\/","name":"Stichz\u00e4hler\/Wendez\u00e4hler - JootjesHaakcadeautjes.nl","isPartOf":{"@id":"https:\/\/www.jootjeshaakcadeautjes.nl\/de\/#website"},"primaryImageOfPage":{"@id":"https:\/\/www.jootjeshaakcadeautjes.nl\/de\/produkt\/stockzaehler-tourenzaehler\/#primaryimage"},"image":{"@id":"https:\/\/www.jootjeshaakcadeautjes.nl\/de\/produkt\/stockzaehler-tourenzaehler\/#primaryimage"},"thumbnailUrl":"https:\/\/d1dyryakdmle7o.cloudfront.net\/wp-content\/uploads\/2022\/04\/20220417_184646.jpg","datePublished":"2016-03-27T15:30:42+00:00","dateModified":"2025-03-11T01:43:22+00:00","description":"Suchen Sie einen Tachometer\/Drehzahlmesser? Dann sind Sie bei JootjesHaakcadeautjes.nl an der richtigen Adresse. Der Tachometer\/Drehzahlmesser aus unserem Webshop ist der digitale Z\u00e4hler. L\u00e4uft im Batteriebetrieb und speichert den letzten Standby-Modus. Der Tachometer\/Drehzahlmesser l\u00e4sst sich mit der Reset-Taste leicht zur\u00fccksetzen.","breadcrumb":{"@id":"https:\/\/www.jootjeshaakcadeautjes.nl\/de\/produkt\/stockzaehler-tourenzaehler\/#breadcrumb"},"inLanguage":"de","potentialAction":[{"@type":"ReadAction","target":["https:\/\/www.jootjeshaakcadeautjes.nl\/de\/produkt\/stockzaehler-tourenzaehler\/"]}]},{"@type":"ImageObject","inLanguage":"de","@id":"https:\/\/www.jootjeshaakcadeautjes.nl\/de\/produkt\/stockzaehler-tourenzaehler\/#primaryimage","url":"https:\/\/d1dyryakdmle7o.cloudfront.net\/wp-content\/uploads\/2022\/04\/20220417_184646.jpg","contentUrl":"https:\/\/d1dyryakdmle7o.cloudfront.net\/wp-content\/uploads\/2022\/04\/20220417_184646.jpg","width":2048,"height":2048},{"@type":"BreadcrumbList","@id":"https:\/\/www.jootjeshaakcadeautjes.nl\/de\/produkt\/stockzaehler-tourenzaehler\/#breadcrumb","itemListElement":[{"@type":"ListItem","position":1,"name":"Startseite","item":"https:\/\/www.jootjeshaakcadeautjes.nl\/de\/"},{"@type":"ListItem","position":2,"name":"Gro\u00dfhandel mit Silikonperlen &#8211; Business und Consumer","item":"https:\/\/www.jootjeshaakcadeautjes.nl\/de\/shop\/"},{"@type":"ListItem","position":3,"name":"Stockz\u00e4hler\/Tourenz\u00e4hler"}]},{"@type":"WebSite","@id":"https:\/\/www.jootjeshaakcadeautjes.nl\/de\/#website","url":"https:\/\/www.jootjeshaakcadeautjes.nl\/de\/","name":"Jootjes Haakcadeautjes","description":"Silikonperlen Gro\u00dfhandel ","publisher":{"@id":"https:\/\/www.jootjeshaakcadeautjes.nl\/de\/#organization"},"potentialAction":[{"@type":"SearchAction","target":{"@type":"EntryPoint","urlTemplate":"https:\/\/www.jootjeshaakcadeautjes.nl\/de\/?s={search_term_string}"},"query-input":{"@type":"PropertyValueSpecification","valueRequired":true,"valueName":"search_term_string"}}],"inLanguage":"de"},{"@type":"Organization","@id":"https:\/\/www.jootjeshaakcadeautjes.nl\/de\/#organization","name":"Jootjes Haakcadeautjes","url":"https:\/\/www.jootjeshaakcadeautjes.nl\/de\/","logo":{"@type":"ImageObject","inLanguage":"de","@id":"https:\/\/www.jootjeshaakcadeautjes.nl\/de\/#\/schema\/logo\/image\/","url":"https:\/\/d1dyryakdmle7o.cloudfront.net\/wp-content\/uploads\/2023\/05\/Logo-rond.png","contentUrl":"https:\/\/d1dyryakdmle7o.cloudfront.net\/wp-content\/uploads\/2023\/05\/Logo-rond.png","width":1222,"height":1222,"caption":"Jootjes Haakcadeautjes"},"image":{"@id":"https:\/\/www.jootjeshaakcadeautjes.nl\/de\/#\/schema\/logo\/image\/"}}]},"product_price_amount":"2.00","product_price_currency":"EUR","og_availability":"out of stock","product_availability":"out of stock","product_retailer_item_id":"STE-TOE-TEL","product_condition":"new"},"_links":{"self":[{"href":"https:\/\/www.jootjeshaakcadeautjes.nl\/de\/wp-json\/wp\/v2\/product\/123314","targetHints":{"allow":["GET"]}}],"collection":[{"href":"https:\/\/www.jootjeshaakcadeautjes.nl\/de\/wp-json\/wp\/v2\/product"}],"about":[{"href":"https:\/\/www.jootjeshaakcadeautjes.nl\/de\/wp-json\/wp\/v2\/types\/product"}],"version-history":[{"count":0,"href":"https:\/\/www.jootjeshaakcadeautjes.nl\/de\/wp-json\/wp\/v2\/product\/123314\/revisions"}],"wp:featuredmedia":[{"embeddable":true,"href":"https:\/\/www.jootjeshaakcadeautjes.nl\/de\/wp-json\/wp\/v2\/media\/80129"}],"wp:attachment":[{"href":"https:\/\/www.jootjeshaakcadeautjes.nl\/de\/wp-json\/wp\/v2\/media?parent=123314"}],"wp:term":[{"taxonomy":"product_brand","embeddable":true,"href":"https:\/\/www.jootjeshaakcadeautjes.nl\/de\/wp-json\/wp\/v2\/product_brand?post=123314"},{"taxonomy":"product_cat","embeddable":true,"href":"https:\/\/www.jootjeshaakcadeautjes.nl\/de\/wp-json\/wp\/v2\/product_cat?post=123314"},{"taxonomy":"product_tag","embeddable":true,"href":"https:\/\/www.jootjeshaakcadeautjes.nl\/de\/wp-json\/wp\/v2\/product_tag?post=123314"}],"curies":[{"name":"wp","href":"https:\/\/api.w.org\/{rel}","templated":true}]}}