{"id":123315,"date":"2015-09-15T21:51:14","date_gmt":"2015-09-15T19:51:14","guid":{"rendered":"https:\/\/www.jootjeshaakcadeautjes.nl\/product\/rasselscheiben\/"},"modified":"2026-03-07T09:39:41","modified_gmt":"2026-03-07T08:39:41","slug":"rasselscheiben","status":"publish","type":"product","link":"https:\/\/www.jootjeshaakcadeautjes.nl\/de\/produkt\/rasselscheiben\/","title":{"rendered":"Rasselscheiben 22 mm, 16 mm pro 5 St\u00fcck."},"content":{"rendered":"<h1>M\u00f6chten Sie Klapperscheiben kaufen?<\/h1>\n<h4>Wof\u00fcr verwenden Sie diese Rasselscheiben?<\/h4>\n<p>Die Rasselscheiben sind aus Kunststoff und haben eine Gr\u00f6\u00dfe von 16 bis 22 mm. Aufgrund ihrer Gr\u00f6\u00dfe sind sie ideal f\u00fcr geh\u00e4kelte Amigurumi\/Stofftiere oder handgefertigtes Babyspielzeug geeignet. Sowohl die 16-mm- als auch die 22-mm-Rasselscheiben passen eigentlich auf alle g\u00e4ngigen Amigurumi. Beide Rasselscheiben sind leicht zu h\u00f6ren. Die 16 mm haben aufgrund der Gr\u00f6\u00dfe nur einen etwas h\u00f6heren Klang. So passt eine Rasselscheibe aufgrund ihrer geringen Gr\u00f6\u00dfe perfekt in ein kleines Amigurumi oder Minigurumi.<\/p>\n<p>Mit den Rasselscheiben verwandeln Sie Ihr sch\u00f6nes handgefertigtes Kuscheltier ganz einfach in eine Babyrassel. Was Sie vielleicht schon auf den Inspirations-Seiten gesehen haben, sind handgefertigte Kuscheltiere, die an einem 7 cm langen Holzring befestigt sind. Dazu wird der Ring geh\u00e4kelt und mit einem geh\u00e4kelten Kuschelkopf versehen. Bei diesem Kopf wird oft auch eine Rassel oder ein Quietscher in die F\u00fcllung gegeben. Auf diese Weise k\u00f6nnen Sie nicht nur einen s\u00fc\u00dfen Bei\u00dfring, sondern auch eine einzigartige Babyrassel aus nur wenigen Materialien herstellen. Die Rasselscheiben sind auch eine lustige Erg\u00e4nzung zu einem handgefertigten Baby-Gym. Lesen Sie <a href=\"https:\/\/www.jootjeshaakcadeautjes.nl\/algemeen\/babygym-haken\/\">hier<\/a> mehr \u00fcber die Einrichtung eines Baby-Fitnessstudios.<\/p>\n<h4>Sicherheit und Qualit\u00e4t unserer Rasselscheiben<\/h4>\n<p>Eine Klapperscheibe kann sich nicht einfach \u00f6ffnen. Sie stellen ein handgefertigtes Stofftier f\u00fcr ein Baby oder Kleinkind her? Wenn dies der Fall ist, sollten Sie die Polsterung immer in eine Strumpfhose stecken und diese verschlie\u00dfen. So wird verhindert, dass sich die F\u00fcllung aus dem Stofftier l\u00f6st, und die Rasselscheibe bleibt sicher verstaut. Dar\u00fcber hinaus ist es oft praktisch, ein Kuscheltier aus Baumwolle zu h\u00e4keln. Das fusselt weniger und sorgt daf\u00fcr, dass &#8220;der Kleine&#8221; keine Fasern in sein Maul bekommt.<\/p>\n","protected":false},"excerpt":{"rendered":"<p>22 mm Durchmesser oder 16 mm Durchmesser.<\/p>\n<p>&nbsp;<\/p>\n","protected":false},"featured_media":234857,"template":"","meta":[],"product_brand":[],"product_cat":[8247,8821],"product_tag":[7685,7681,7886,8025,8084,9946,8305,7510,7385,8762,7394,8083,9952,8091,9951,7199,8822,8825,9944,9948,9950,8997],"class_list":{"0":"post-123315","1":"product","2":"type-product","3":"status-publish","4":"has-post-thumbnail","6":"product_cat-bastelmaterial-hakelzubehor","7":"product_cat-rasselscheiben-rasselperlen-quietscher-knisterfolie-und-glockchen","8":"product_tag-16-de","9":"product_tag-16-mm-de","10":"product_tag-16mm-de","11":"product_tag-22-de","12":"product_tag-22-mm-de","13":"product_tag-22mm-de","14":"product_tag-amigurumi-de","15":"product_tag-baby-de","16":"product_tag-beisring","17":"product_tag-gegenwart","18":"product_tag-geschenk-de","19":"product_tag-klappern","20":"product_tag-klappern-de-2","21":"product_tag-klappern-de","22":"product_tag-klapperscheibe","23":"product_tag-perlen","24":"product_tag-rassel","25":"product_tag-rasselperle","26":"product_tag-rasselscheiben","27":"product_tag-rasselscheiben-de","28":"product_tag-rasselscheiben-klein","29":"product_tag-scheiben","31":"first","32":"instock","33":"taxable","34":"shipping-taxable","35":"purchasable","36":"product-type-variable"},"bundled_by":[],"bundle_stock_status":"instock","bundle_stock_quantity":null,"bundle_virtual":false,"bundle_layout":"","bundle_add_to_cart_form_location":"","bundle_editable_in_cart":false,"bundle_sold_individually_context":"","bundle_item_grouping":"","bundle_min_size":"","bundle_max_size":"","bundle_price":[],"bundled_items":[],"bundle_sell_ids":[],"yoast_head":"<!-- This site is optimized with the Yoast SEO Premium plugin v27.6 (Yoast SEO v27.6) - https:\/\/yoast.com\/product\/yoast-seo-premium-wordpress\/ -->\n<title>Rasselscheiben | 22 mm und 16 mm | - Jootjes Haakcadeautjes<\/title>\n<meta name=\"description\" content=\"Brauchen Sie Klapperscheiben? Bei JootjesHaakcadeautjes.nl sind die Rasselscheiben pro Rasselscheibe oder in der Vorteilskombination von 5 Rasselscheiben erh\u00e4ltlich.\" \/>\n<meta name=\"robots\" content=\"index, follow, max-snippet:-1, max-image-preview:large, max-video-preview:-1\" \/>\n<link rel=\"canonical\" href=\"https:\/\/www.jootjeshaakcadeautjes.nl\/de\/produkt\/rasselscheiben\/\" \/>\n<meta property=\"og:locale\" content=\"de_DE\" \/>\n<meta property=\"og:type\" content=\"article\" \/>\n<meta property=\"og:title\" content=\"Rasselscheiben 22 mm, 16 mm pro 5 St\u00fcck.\" \/>\n<meta property=\"og:description\" content=\"Brauchen Sie Klapperscheiben? Bei JootjesHaakcadeautjes.nl sind die Rasselscheiben pro Rasselscheibe oder in der Vorteilskombination von 5 Rasselscheiben erh\u00e4ltlich.\" \/>\n<meta property=\"og:url\" content=\"https:\/\/www.jootjeshaakcadeautjes.nl\/de\/produkt\/rasselscheiben\/\" \/>\n<meta property=\"og:site_name\" content=\"Jootjes Haakcadeautjes\" \/>\n<meta property=\"article:modified_time\" content=\"2026-03-07T08:39:41+00:00\" \/>\n<meta property=\"og:image\" content=\"https:\/\/www.jootjeshaakcadeautjes.nl\/wp-content\/uploads\/2025\/06\/Naamloos-1510.webp\" \/>\n\t<meta property=\"og:image:width\" content=\"2048\" \/>\n\t<meta property=\"og:image:height\" content=\"2048\" \/>\n\t<meta property=\"og:image:type\" content=\"image\/webp\" \/>\n<meta name=\"twitter:card\" content=\"summary_large_image\" \/>\n<meta name=\"twitter:label1\" content=\"Verf\u00fcgbarkeit\" \/>\n\t<meta name=\"twitter:data1\" content=\"Auf Lager\" \/>\n<script type=\"application\/ld+json\" class=\"yoast-schema-graph\">{\"@context\":\"https:\\\/\\\/schema.org\",\"@graph\":[{\"@type\":\"WebPage\",\"@id\":\"https:\\\/\\\/www.jootjeshaakcadeautjes.nl\\\/de\\\/produkt\\\/rasselscheiben\\\/\",\"url\":\"https:\\\/\\\/www.jootjeshaakcadeautjes.nl\\\/de\\\/produkt\\\/rasselscheiben\\\/\",\"name\":\"Rasselscheiben | 22 mm und 16 mm | - Jootjes Haakcadeautjes\",\"isPartOf\":{\"@id\":\"https:\\\/\\\/www.jootjeshaakcadeautjes.nl\\\/de\\\/#website\"},\"primaryImageOfPage\":{\"@id\":\"https:\\\/\\\/www.jootjeshaakcadeautjes.nl\\\/de\\\/produkt\\\/rasselscheiben\\\/#primaryimage\"},\"image\":{\"@id\":\"https:\\\/\\\/www.jootjeshaakcadeautjes.nl\\\/de\\\/produkt\\\/rasselscheiben\\\/#primaryimage\"},\"thumbnailUrl\":\"https:\\\/\\\/d1dyryakdmle7o.cloudfront.net\\\/wp-content\\\/uploads\\\/2025\\\/06\\\/Naamloos-1510.webp\",\"datePublished\":\"2015-09-15T19:51:14+00:00\",\"dateModified\":\"2026-03-07T08:39:41+00:00\",\"description\":\"Brauchen Sie Klapperscheiben? Bei JootjesHaakcadeautjes.nl sind die Rasselscheiben pro Rasselscheibe oder in der Vorteilskombination von 5 Rasselscheiben erh\u00e4ltlich.\",\"breadcrumb\":{\"@id\":\"https:\\\/\\\/www.jootjeshaakcadeautjes.nl\\\/de\\\/produkt\\\/rasselscheiben\\\/#breadcrumb\"},\"inLanguage\":\"de\",\"potentialAction\":[{\"@type\":\"ReadAction\",\"target\":[\"https:\\\/\\\/www.jootjeshaakcadeautjes.nl\\\/de\\\/produkt\\\/rasselscheiben\\\/\"]}]},{\"@type\":\"ImageObject\",\"inLanguage\":\"de\",\"@id\":\"https:\\\/\\\/www.jootjeshaakcadeautjes.nl\\\/de\\\/produkt\\\/rasselscheiben\\\/#primaryimage\",\"url\":\"https:\\\/\\\/d1dyryakdmle7o.cloudfront.net\\\/wp-content\\\/uploads\\\/2025\\\/06\\\/Naamloos-1510.webp\",\"contentUrl\":\"https:\\\/\\\/d1dyryakdmle7o.cloudfront.net\\\/wp-content\\\/uploads\\\/2025\\\/06\\\/Naamloos-1510.webp\",\"width\":2048,\"height\":2048},{\"@type\":\"BreadcrumbList\",\"@id\":\"https:\\\/\\\/www.jootjeshaakcadeautjes.nl\\\/de\\\/produkt\\\/rasselscheiben\\\/#breadcrumb\",\"itemListElement\":[{\"@type\":\"ListItem\",\"position\":1,\"name\":\"Startseite\",\"item\":\"https:\\\/\\\/www.jootjeshaakcadeautjes.nl\\\/de\\\/\"},{\"@type\":\"ListItem\",\"position\":2,\"name\":\"Gro\u00dfhandel mit Silikonperlen &#8211; Business und Consumer\",\"item\":\"https:\\\/\\\/www.jootjeshaakcadeautjes.nl\\\/de\\\/shop\\\/\"},{\"@type\":\"ListItem\",\"position\":3,\"name\":\"Rasselscheiben 22 mm, 16 mm pro 5 St\u00fcck.\"}]},{\"@type\":\"WebSite\",\"@id\":\"https:\\\/\\\/www.jootjeshaakcadeautjes.nl\\\/de\\\/#website\",\"url\":\"https:\\\/\\\/www.jootjeshaakcadeautjes.nl\\\/de\\\/\",\"name\":\"Jootjes Haakcadeautjes\",\"description\":\"Silikonperlen Gro\u00dfhandel \",\"publisher\":{\"@id\":\"https:\\\/\\\/www.jootjeshaakcadeautjes.nl\\\/de\\\/#organization\"},\"potentialAction\":[{\"@type\":\"SearchAction\",\"target\":{\"@type\":\"EntryPoint\",\"urlTemplate\":\"https:\\\/\\\/www.jootjeshaakcadeautjes.nl\\\/de\\\/?s={search_term_string}\"},\"query-input\":{\"@type\":\"PropertyValueSpecification\",\"valueRequired\":true,\"valueName\":\"search_term_string\"}}],\"inLanguage\":\"de\"},{\"@type\":\"Organization\",\"@id\":\"https:\\\/\\\/www.jootjeshaakcadeautjes.nl\\\/de\\\/#organization\",\"name\":\"Jootjes Haakcadeautjes\",\"url\":\"https:\\\/\\\/www.jootjeshaakcadeautjes.nl\\\/de\\\/\",\"logo\":{\"@type\":\"ImageObject\",\"inLanguage\":\"de\",\"@id\":\"https:\\\/\\\/www.jootjeshaakcadeautjes.nl\\\/de\\\/#\\\/schema\\\/logo\\\/image\\\/\",\"url\":\"https:\\\/\\\/d1dyryakdmle7o.cloudfront.net\\\/wp-content\\\/uploads\\\/2023\\\/05\\\/Logo-rond.png\",\"contentUrl\":\"https:\\\/\\\/d1dyryakdmle7o.cloudfront.net\\\/wp-content\\\/uploads\\\/2023\\\/05\\\/Logo-rond.png\",\"width\":1222,\"height\":1222,\"caption\":\"Jootjes Haakcadeautjes\"},\"image\":{\"@id\":\"https:\\\/\\\/www.jootjeshaakcadeautjes.nl\\\/de\\\/#\\\/schema\\\/logo\\\/image\\\/\"}}]}<\/script>\n<meta property=\"og:availability\" content=\"instock\" \/>\n<meta property=\"product:availability\" content=\"instock\" \/>\n<meta property=\"product:retailer_item_id\" content=\"RAM-SCH\" \/>\n<meta property=\"product:condition\" content=\"new\" \/>\n<!-- \/ Yoast SEO Premium plugin. -->","yoast_head_json":{"title":"Rasselscheiben | 22 mm und 16 mm | - Jootjes Haakcadeautjes","description":"Brauchen Sie Klapperscheiben? Bei JootjesHaakcadeautjes.nl sind die Rasselscheiben pro Rasselscheibe oder in der Vorteilskombination von 5 Rasselscheiben erh\u00e4ltlich.","robots":{"index":"index","follow":"follow","max-snippet":"max-snippet:-1","max-image-preview":"max-image-preview:large","max-video-preview":"max-video-preview:-1"},"canonical":"https:\/\/www.jootjeshaakcadeautjes.nl\/de\/produkt\/rasselscheiben\/","og_locale":"de_DE","og_type":"article","og_title":"Rasselscheiben 22 mm, 16 mm pro 5 St\u00fcck.","og_description":"Brauchen Sie Klapperscheiben? Bei JootjesHaakcadeautjes.nl sind die Rasselscheiben pro Rasselscheibe oder in der Vorteilskombination von 5 Rasselscheiben erh\u00e4ltlich.","og_url":"https:\/\/www.jootjeshaakcadeautjes.nl\/de\/produkt\/rasselscheiben\/","og_site_name":"Jootjes Haakcadeautjes","article_modified_time":"2026-03-07T08:39:41+00:00","og_image":[{"width":2048,"height":2048,"url":"https:\/\/www.jootjeshaakcadeautjes.nl\/wp-content\/uploads\/2025\/06\/Naamloos-1510.webp","type":"image\/webp"}],"twitter_card":"summary_large_image","twitter_misc":{"Verf\u00fcgbarkeit":"Auf Lager"},"schema":{"@context":"https:\/\/schema.org","@graph":[{"@type":"WebPage","@id":"https:\/\/www.jootjeshaakcadeautjes.nl\/de\/produkt\/rasselscheiben\/","url":"https:\/\/www.jootjeshaakcadeautjes.nl\/de\/produkt\/rasselscheiben\/","name":"Rasselscheiben | 22 mm und 16 mm | - Jootjes Haakcadeautjes","isPartOf":{"@id":"https:\/\/www.jootjeshaakcadeautjes.nl\/de\/#website"},"primaryImageOfPage":{"@id":"https:\/\/www.jootjeshaakcadeautjes.nl\/de\/produkt\/rasselscheiben\/#primaryimage"},"image":{"@id":"https:\/\/www.jootjeshaakcadeautjes.nl\/de\/produkt\/rasselscheiben\/#primaryimage"},"thumbnailUrl":"https:\/\/d1dyryakdmle7o.cloudfront.net\/wp-content\/uploads\/2025\/06\/Naamloos-1510.webp","datePublished":"2015-09-15T19:51:14+00:00","dateModified":"2026-03-07T08:39:41+00:00","description":"Brauchen Sie Klapperscheiben? Bei JootjesHaakcadeautjes.nl sind die Rasselscheiben pro Rasselscheibe oder in der Vorteilskombination von 5 Rasselscheiben erh\u00e4ltlich.","breadcrumb":{"@id":"https:\/\/www.jootjeshaakcadeautjes.nl\/de\/produkt\/rasselscheiben\/#breadcrumb"},"inLanguage":"de","potentialAction":[{"@type":"ReadAction","target":["https:\/\/www.jootjeshaakcadeautjes.nl\/de\/produkt\/rasselscheiben\/"]}]},{"@type":"ImageObject","inLanguage":"de","@id":"https:\/\/www.jootjeshaakcadeautjes.nl\/de\/produkt\/rasselscheiben\/#primaryimage","url":"https:\/\/d1dyryakdmle7o.cloudfront.net\/wp-content\/uploads\/2025\/06\/Naamloos-1510.webp","contentUrl":"https:\/\/d1dyryakdmle7o.cloudfront.net\/wp-content\/uploads\/2025\/06\/Naamloos-1510.webp","width":2048,"height":2048},{"@type":"BreadcrumbList","@id":"https:\/\/www.jootjeshaakcadeautjes.nl\/de\/produkt\/rasselscheiben\/#breadcrumb","itemListElement":[{"@type":"ListItem","position":1,"name":"Startseite","item":"https:\/\/www.jootjeshaakcadeautjes.nl\/de\/"},{"@type":"ListItem","position":2,"name":"Gro\u00dfhandel mit Silikonperlen &#8211; Business und Consumer","item":"https:\/\/www.jootjeshaakcadeautjes.nl\/de\/shop\/"},{"@type":"ListItem","position":3,"name":"Rasselscheiben 22 mm, 16 mm pro 5 St\u00fcck."}]},{"@type":"WebSite","@id":"https:\/\/www.jootjeshaakcadeautjes.nl\/de\/#website","url":"https:\/\/www.jootjeshaakcadeautjes.nl\/de\/","name":"Jootjes Haakcadeautjes","description":"Silikonperlen Gro\u00dfhandel ","publisher":{"@id":"https:\/\/www.jootjeshaakcadeautjes.nl\/de\/#organization"},"potentialAction":[{"@type":"SearchAction","target":{"@type":"EntryPoint","urlTemplate":"https:\/\/www.jootjeshaakcadeautjes.nl\/de\/?s={search_term_string}"},"query-input":{"@type":"PropertyValueSpecification","valueRequired":true,"valueName":"search_term_string"}}],"inLanguage":"de"},{"@type":"Organization","@id":"https:\/\/www.jootjeshaakcadeautjes.nl\/de\/#organization","name":"Jootjes Haakcadeautjes","url":"https:\/\/www.jootjeshaakcadeautjes.nl\/de\/","logo":{"@type":"ImageObject","inLanguage":"de","@id":"https:\/\/www.jootjeshaakcadeautjes.nl\/de\/#\/schema\/logo\/image\/","url":"https:\/\/d1dyryakdmle7o.cloudfront.net\/wp-content\/uploads\/2023\/05\/Logo-rond.png","contentUrl":"https:\/\/d1dyryakdmle7o.cloudfront.net\/wp-content\/uploads\/2023\/05\/Logo-rond.png","width":1222,"height":1222,"caption":"Jootjes Haakcadeautjes"},"image":{"@id":"https:\/\/www.jootjeshaakcadeautjes.nl\/de\/#\/schema\/logo\/image\/"}}]},"og_availability":"instock","product_availability":"instock","product_retailer_item_id":"RAM-SCH","product_condition":"new"},"_links":{"self":[{"href":"https:\/\/www.jootjeshaakcadeautjes.nl\/de\/wp-json\/wp\/v2\/product\/123315","targetHints":{"allow":["GET"]}}],"collection":[{"href":"https:\/\/www.jootjeshaakcadeautjes.nl\/de\/wp-json\/wp\/v2\/product"}],"about":[{"href":"https:\/\/www.jootjeshaakcadeautjes.nl\/de\/wp-json\/wp\/v2\/types\/product"}],"version-history":[{"count":0,"href":"https:\/\/www.jootjeshaakcadeautjes.nl\/de\/wp-json\/wp\/v2\/product\/123315\/revisions"}],"wp:featuredmedia":[{"embeddable":true,"href":"https:\/\/www.jootjeshaakcadeautjes.nl\/de\/wp-json\/wp\/v2\/media\/234857"}],"wp:attachment":[{"href":"https:\/\/www.jootjeshaakcadeautjes.nl\/de\/wp-json\/wp\/v2\/media?parent=123315"}],"wp:term":[{"taxonomy":"product_brand","embeddable":true,"href":"https:\/\/www.jootjeshaakcadeautjes.nl\/de\/wp-json\/wp\/v2\/product_brand?post=123315"},{"taxonomy":"product_cat","embeddable":true,"href":"https:\/\/www.jootjeshaakcadeautjes.nl\/de\/wp-json\/wp\/v2\/product_cat?post=123315"},{"taxonomy":"product_tag","embeddable":true,"href":"https:\/\/www.jootjeshaakcadeautjes.nl\/de\/wp-json\/wp\/v2\/product_tag?post=123315"}],"curies":[{"name":"wp","href":"https:\/\/api.w.org\/{rel}","templated":true}]}}