{"id":123316,"date":"2016-01-28T20:10:46","date_gmt":"2016-01-28T19:10:46","guid":{"rendered":"https:\/\/www.jootjeshaakcadeautjes.nl\/product\/haekelnadeln-set-softgrip-gross\/"},"modified":"2025-04-01T20:17:35","modified_gmt":"2025-04-01T19:17:35","slug":"haekelnadeln-set-softgrip-gross","status":"publish","type":"product","link":"https:\/\/www.jootjeshaakcadeautjes.nl\/de\/produkt\/haekelnadeln-set-softgrip-gross\/","title":{"rendered":"H\u00e4kelnadelset soft grip Gr\u00f6\u00dfen: &#8220;gro\u00df&#8221; &#8211; 12 St\u00fcck &#8211; 2,0-8,0 mm"},"content":{"rendered":"<h3><span style=\"color: #800080;\">Softgrip-H\u00e4kelnadeln &#8211; <\/span><span style=\"color: #800080;\">Satz in gro\u00dfer Gr\u00f6\u00dfe<\/span><br \/>\n<span style=\"color: #800080;\">12 St\u00fcck &#8211; <\/span><span style=\"color: #800080;\">2,0-8,0 mm<\/span><\/h3>\n<p><span style=\"color: #000000;\">  Das Set aus 9 Teilen und das Erg\u00e4nzungsset zusammen.<\/span><\/p>\n<p><span style=\"color: #000000;\">Dieses Softgrip-H\u00e4kelnadelset enth\u00e4lt die folgenden H\u00e4kelnadeln:<\/span><br \/>\n<span style=\"color: #000000;\">  2,0 mm, 2,5 mm, 3,0 mm, 3,5 mm, 4,0 mm, 4,5 mm, 5,0 mm, 5,5 mm, 6,0 mm, 6,5 mm, 7,0 mm und 8,0 mm<\/span><\/p>\n<p><span style=\"color: #000000;\">Das macht insgesamt 12 superpraktische ergonomische H\u00e4kelnadeln in den g\u00e4ngigsten und am h\u00e4ufigsten verwendeten Gr\u00f6\u00dfen.<br \/>\nW\u00fcrden Sie ein noch vollst\u00e4ndigeres Set bevorzugen?  <a href=\"https:\/\/www.jootjeshaakcadeautjes.nl\/product\/haaknaalden-set-softgrip\/\">Dann schauen Sie sich hier unser 22-teiliges H\u00e4kelnadel-Set an.  <\/a><\/span><\/p>\n<p><img decoding=\"async\" class=\"aligncenter wp-image-311\" src=\"https:\/\/www.jootjeshaakcadeautjes.nl\/wp-content\/themes\/woodmart\/images\/lazy.svg\" data-src=\"https:\/\/d1dyryakdmle7o.cloudfront.net\/wp-content\/uploads\/2016\/01\/IMG_20160312_173214-2-1024x911.jpg\" alt=\"\" width=\"670\" height=\"596\"><\/p>\n<p>&nbsp;<\/p>\n<h3>Qualit\u00e4t der H\u00e4kelnadeln:<\/h3>\n<p>Die H\u00e4kelnadeln von Jootjes Haakcadeautjes sind die g\u00fcnstigsten H\u00e4kelnadeln auf dem Markt. K\u00f6nnen Sie von ihr hohe Qualit\u00e4t erwarten? YES! Im Gegensatz zu vielen anderen H\u00e4kelnadelsets, die Sie in diesem Preissegment kaufen k\u00f6nnen, sind die H\u00e4kelnadeln von Jootjes Crochet Gifts eine tolle und gleichwertige Alternative zu den teureren Marken. Und das sage ich nicht, weil wir sie anbieten, sondern weil ich sie ausschlie\u00dflich selbst verwende. F\u00fcr den Betrag, f\u00fcr den ich bei einem anderen Anbieter nur eine H\u00e4kelnadel kaufen kann, bestelle ich hier ein ganzes Set. Auf diese Weise habe ich immer gen\u00fcgend H\u00e4kelnadeln f\u00fcr alle meine WIPs (Work in Progress) \/ Projekte. Das Metall der H\u00e4kelnadel ist glatt (keine Grate oder Rillen) und setzt sich im Griff bis zum Ende fort. Die H\u00e4kelnadel l\u00e4sst sich daher nicht durchbiegen, wie es bei anderen H\u00e4kelnadeln der Fall ist. Der ergonomische Griff ist glatt und steht dem ergonomischen Griff teurerer Marken nicht nach. Daher kann man sie nicht mit dem harten Kunststoff der preislichen Alternativen vergleichen. Diese &#8220;anderen&#8221; H\u00e4kelnadeln verursachen oft noch verkrampfte, schwei\u00dfnasse und wunde H\u00e4nde und geben oft Farbe ab. Bei Jootjes Crochet Presents garantieren wir Ihnen H\u00e4kelnadeln mit einem robusten Metall, einem geschmeidigen, farbenfrohen Softgrip-Griff und einer H\u00e4kelnadel, die einfach lange h\u00e4lt. Ich selbst benutze nichts anderes und h\u00e4kle seit Jahren mit diesen H\u00e4kelnadeln. Ich sehe keinen Grund, sie teurer zu kaufen. Das finden Sie auch in den Bewertungen unserer H\u00e4kelnadeln. Also kaufe ich lieber ein weiteres Wollkn\u00e4uel oder ein lustiges Muster extra. Sie doch auch, oder?<\/p>\n<p>&nbsp;<\/p>\n","protected":false},"excerpt":{"rendered":"<p><span style=\"color: #800080;\"><br \/>\n  <strong>H\u00e4kelnadeln mit weichem Griff<br \/>\n<\/strong><br \/>\n<\/span><span style=\"color: #800080;\"><br \/>\n  <strong>H\u00e4kelnadel-Set gro\u00dfe Gr\u00f6\u00dfen<br \/>\n12 St\u00fcck &#8211; 2,0 bis 8,0 mm<\/strong><br \/>\n<\/span><\/p>\n<p><span style=\"color: #000000;\"><small>Softgrip und ergonomische H\u00e4kelnadeln.<\/small><\/span><\/p>\n<p><span style=\"color: #000000;\"><small>Liegt gut in der Hand.<\/small><\/span><br \/>\n<span style=\"color: #000000;\"><small>Auch bei Beschwerden an den H\u00e4nden.<\/small><\/span><\/p>\n<p><span style=\"color: #000000;\"><small>Dieses Set enth\u00e4lt die H\u00e4kelnadeln:<\/small><\/span><br \/>\n<span style=\"color: #000000;\"><small>  2,0 mm, 2,5 mm, 3,0 mm, 3,5 mm,<\/small><\/span><br \/>\n<span style=\"color: #000000;\"><small> 4,0 mm, 4,5 mm, 5,0 mm, 5,5 mm,<\/small><\/span><br \/>\n<span style=\"color: #000000;\"><small>  6,0 mm, 6,5 mm, 7,0 mm und 8,0 mm<\/small><\/span><\/p>\n","protected":false},"featured_media":274162,"template":"","meta":[],"product_brand":[],"product_cat":[8247,9836],"product_tag":[9953,9877,9879,9880,9882,9884,9886,9887,9888,9889,9890,9891,9892,9914,9844,9840,9859,9850,8508,9910,9837,9847,9762,9855,9851,9842],"class_list":{"0":"post-123316","1":"product","2":"type-product","3":"status-publish","4":"has-post-thumbnail","6":"product_cat-bastelmaterial-hakelzubehor","7":"product_cat-hakelnadeln","8":"product_tag-12-stuck","9":"product_tag-20-mm-de-2","10":"product_tag-25-mm-de-2","11":"product_tag-30-mm-de-2","12":"product_tag-35-mm-de-2","13":"product_tag-40-mm","14":"product_tag-45-mm-de-2","15":"product_tag-50-mm-de-2","16":"product_tag-55-mm-de-2","17":"product_tag-60-mm","18":"product_tag-65-mm","19":"product_tag-70-mm","20":"product_tag-80-mm","21":"product_tag-addy-de","22":"product_tag-einstellen","23":"product_tag-ergonomisch-de","24":"product_tag-fibromyalgie-de","25":"product_tag-hakeln-ohne-schmerzen","26":"product_tag-hakelnadel","27":"product_tag-hakelnadel-set","28":"product_tag-hakelnadeln","29":"product_tag-klee-de-2","30":"product_tag-opry-de","31":"product_tag-prym-de","32":"product_tag-rheumatismus","33":"product_tag-weicher-griff","35":"first","36":"instock","37":"sale","38":"taxable","39":"shipping-taxable","40":"purchasable","41":"product-type-simple"},"bundled_by":["123148"],"bundle_stock_status":"instock","bundle_stock_quantity":12,"bundle_virtual":false,"bundle_layout":"","bundle_add_to_cart_form_location":"","bundle_editable_in_cart":false,"bundle_sold_individually_context":"","bundle_item_grouping":"","bundle_min_size":"","bundle_max_size":"","bundle_price":[],"bundled_items":[],"bundle_sell_ids":[],"yoast_head":"<!-- This site is optimized with the Yoast SEO Premium plugin v27.6 (Yoast SEO v27.6) - https:\/\/yoast.com\/product\/yoast-seo-premium-wordpress\/ -->\n<title>H\u00e4kelnadeln soft grip - 2,0 bis 8,0 mm - H\u00e4keln und H\u00e4kelzubeh\u00f6r<\/title>\n<meta name=\"description\" content=\"Das Set enth\u00e4lt die Softgrip-H\u00e4kelnadeln: 2,0 mm, 2,5 mm, 3,0 mm, 3,5 mm, 4,0 mm, 4,5 mm, 5,0 mm, 5,5 mm, 6,0 mm, 6,5 mm, 7,0 mm und 8,0 mm.\" \/>\n<meta name=\"robots\" content=\"index, follow, max-snippet:-1, max-image-preview:large, max-video-preview:-1\" \/>\n<link rel=\"canonical\" href=\"https:\/\/www.jootjeshaakcadeautjes.nl\/de\/produkt\/haekelnadeln-set-softgrip-gross\/\" \/>\n<meta property=\"og:locale\" content=\"de_DE\" \/>\n<meta property=\"og:type\" content=\"article\" \/>\n<meta property=\"og:title\" content=\"H\u00e4kelnadelset soft grip Gr\u00f6\u00dfen: &quot;gro\u00df&quot; - 12 St\u00fcck - 2,0-8,0 mm\" \/>\n<meta property=\"og:description\" content=\"Das Set enth\u00e4lt die Softgrip-H\u00e4kelnadeln: 2,0 mm, 2,5 mm, 3,0 mm, 3,5 mm, 4,0 mm, 4,5 mm, 5,0 mm, 5,5 mm, 6,0 mm, 6,5 mm, 7,0 mm und 8,0 mm.\" \/>\n<meta property=\"og:url\" content=\"https:\/\/www.jootjeshaakcadeautjes.nl\/de\/produkt\/haekelnadeln-set-softgrip-gross\/\" \/>\n<meta property=\"og:site_name\" content=\"Jootjes Haakcadeautjes\" \/>\n<meta property=\"article:modified_time\" content=\"2025-04-01T19:17:35+00:00\" \/>\n<meta property=\"og:image\" content=\"https:\/\/www.jootjeshaakcadeautjes.nl\/wp-content\/uploads\/2016\/01\/IMG_20160312_173214-2-1024x911.jpg\" \/>\n<meta name=\"twitter:card\" content=\"summary_large_image\" \/>\n<meta name=\"twitter:label1\" content=\"Preis\" \/>\n\t<meta name=\"twitter:data1\" content=\"&euro;13.95 inkl. MwSt.\" \/>\n\t<meta name=\"twitter:label2\" content=\"Verf\u00fcgbarkeit\" \/>\n\t<meta name=\"twitter:data2\" content=\"Auf Lager\" \/>\n<script type=\"application\/ld+json\" class=\"yoast-schema-graph\">{\"@context\":\"https:\\\/\\\/schema.org\",\"@graph\":[{\"@type\":\"WebPage\",\"@id\":\"https:\\\/\\\/www.jootjeshaakcadeautjes.nl\\\/de\\\/produkt\\\/haekelnadeln-set-softgrip-gross\\\/\",\"url\":\"https:\\\/\\\/www.jootjeshaakcadeautjes.nl\\\/de\\\/produkt\\\/haekelnadeln-set-softgrip-gross\\\/\",\"name\":\"H\u00e4kelnadeln soft grip - 2,0 bis 8,0 mm - H\u00e4keln und H\u00e4kelzubeh\u00f6r\",\"isPartOf\":{\"@id\":\"https:\\\/\\\/www.jootjeshaakcadeautjes.nl\\\/de\\\/#website\"},\"primaryImageOfPage\":{\"@id\":\"https:\\\/\\\/www.jootjeshaakcadeautjes.nl\\\/de\\\/produkt\\\/haekelnadeln-set-softgrip-gross\\\/#primaryimage\"},\"image\":{\"@id\":\"https:\\\/\\\/www.jootjeshaakcadeautjes.nl\\\/de\\\/produkt\\\/haekelnadeln-set-softgrip-gross\\\/#primaryimage\"},\"thumbnailUrl\":\"https:\\\/\\\/d1dyryakdmle7o.cloudfront.net\\\/wp-content\\\/uploads\\\/2026\\\/02\\\/Naamloos-1819-1.webp\",\"datePublished\":\"2016-01-28T19:10:46+00:00\",\"dateModified\":\"2025-04-01T19:17:35+00:00\",\"description\":\"Das Set enth\u00e4lt die Softgrip-H\u00e4kelnadeln: 2,0 mm, 2,5 mm, 3,0 mm, 3,5 mm, 4,0 mm, 4,5 mm, 5,0 mm, 5,5 mm, 6,0 mm, 6,5 mm, 7,0 mm und 8,0 mm.\",\"breadcrumb\":{\"@id\":\"https:\\\/\\\/www.jootjeshaakcadeautjes.nl\\\/de\\\/produkt\\\/haekelnadeln-set-softgrip-gross\\\/#breadcrumb\"},\"inLanguage\":\"de\",\"potentialAction\":[{\"@type\":\"ReadAction\",\"target\":[\"https:\\\/\\\/www.jootjeshaakcadeautjes.nl\\\/de\\\/produkt\\\/haekelnadeln-set-softgrip-gross\\\/\"]}]},{\"@type\":\"ImageObject\",\"inLanguage\":\"de\",\"@id\":\"https:\\\/\\\/www.jootjeshaakcadeautjes.nl\\\/de\\\/produkt\\\/haekelnadeln-set-softgrip-gross\\\/#primaryimage\",\"url\":\"https:\\\/\\\/d1dyryakdmle7o.cloudfront.net\\\/wp-content\\\/uploads\\\/2026\\\/02\\\/Naamloos-1819-1.webp\",\"contentUrl\":\"https:\\\/\\\/d1dyryakdmle7o.cloudfront.net\\\/wp-content\\\/uploads\\\/2026\\\/02\\\/Naamloos-1819-1.webp\",\"width\":2160,\"height\":2160},{\"@type\":\"BreadcrumbList\",\"@id\":\"https:\\\/\\\/www.jootjeshaakcadeautjes.nl\\\/de\\\/produkt\\\/haekelnadeln-set-softgrip-gross\\\/#breadcrumb\",\"itemListElement\":[{\"@type\":\"ListItem\",\"position\":1,\"name\":\"Startseite\",\"item\":\"https:\\\/\\\/www.jootjeshaakcadeautjes.nl\\\/de\\\/\"},{\"@type\":\"ListItem\",\"position\":2,\"name\":\"Gro\u00dfhandel mit Silikonperlen &#8211; Business und Consumer\",\"item\":\"https:\\\/\\\/www.jootjeshaakcadeautjes.nl\\\/de\\\/shop\\\/\"},{\"@type\":\"ListItem\",\"position\":3,\"name\":\"H\u00e4kelnadelset soft grip Gr\u00f6\u00dfen: &#8220;gro\u00df&#8221; &#8211; 12 St\u00fcck &#8211; 2,0-8,0 mm\"}]},{\"@type\":\"WebSite\",\"@id\":\"https:\\\/\\\/www.jootjeshaakcadeautjes.nl\\\/de\\\/#website\",\"url\":\"https:\\\/\\\/www.jootjeshaakcadeautjes.nl\\\/de\\\/\",\"name\":\"Jootjes Haakcadeautjes\",\"description\":\"Silikonperlen Gro\u00dfhandel \",\"publisher\":{\"@id\":\"https:\\\/\\\/www.jootjeshaakcadeautjes.nl\\\/de\\\/#organization\"},\"potentialAction\":[{\"@type\":\"SearchAction\",\"target\":{\"@type\":\"EntryPoint\",\"urlTemplate\":\"https:\\\/\\\/www.jootjeshaakcadeautjes.nl\\\/de\\\/?s={search_term_string}\"},\"query-input\":{\"@type\":\"PropertyValueSpecification\",\"valueRequired\":true,\"valueName\":\"search_term_string\"}}],\"inLanguage\":\"de\"},{\"@type\":\"Organization\",\"@id\":\"https:\\\/\\\/www.jootjeshaakcadeautjes.nl\\\/de\\\/#organization\",\"name\":\"Jootjes Haakcadeautjes\",\"url\":\"https:\\\/\\\/www.jootjeshaakcadeautjes.nl\\\/de\\\/\",\"logo\":{\"@type\":\"ImageObject\",\"inLanguage\":\"de\",\"@id\":\"https:\\\/\\\/www.jootjeshaakcadeautjes.nl\\\/de\\\/#\\\/schema\\\/logo\\\/image\\\/\",\"url\":\"https:\\\/\\\/d1dyryakdmle7o.cloudfront.net\\\/wp-content\\\/uploads\\\/2023\\\/05\\\/Logo-rond.png\",\"contentUrl\":\"https:\\\/\\\/d1dyryakdmle7o.cloudfront.net\\\/wp-content\\\/uploads\\\/2023\\\/05\\\/Logo-rond.png\",\"width\":1222,\"height\":1222,\"caption\":\"Jootjes Haakcadeautjes\"},\"image\":{\"@id\":\"https:\\\/\\\/www.jootjeshaakcadeautjes.nl\\\/de\\\/#\\\/schema\\\/logo\\\/image\\\/\"}}]}<\/script>\n<meta property=\"product:price:amount\" content=\"13.95\" \/>\n<meta property=\"product:price:currency\" content=\"EUR\" \/>\n<meta property=\"og:availability\" content=\"instock\" \/>\n<meta property=\"product:availability\" content=\"instock\" \/>\n<meta property=\"product:retailer_item_id\" content=\"HKN-SET-GRO\" \/>\n<meta property=\"product:condition\" content=\"new\" \/>\n<!-- \/ Yoast SEO Premium plugin. -->","yoast_head_json":{"title":"H\u00e4kelnadeln soft grip - 2,0 bis 8,0 mm - H\u00e4keln und H\u00e4kelzubeh\u00f6r","description":"Das Set enth\u00e4lt die Softgrip-H\u00e4kelnadeln: 2,0 mm, 2,5 mm, 3,0 mm, 3,5 mm, 4,0 mm, 4,5 mm, 5,0 mm, 5,5 mm, 6,0 mm, 6,5 mm, 7,0 mm und 8,0 mm.","robots":{"index":"index","follow":"follow","max-snippet":"max-snippet:-1","max-image-preview":"max-image-preview:large","max-video-preview":"max-video-preview:-1"},"canonical":"https:\/\/www.jootjeshaakcadeautjes.nl\/de\/produkt\/haekelnadeln-set-softgrip-gross\/","og_locale":"de_DE","og_type":"article","og_title":"H\u00e4kelnadelset soft grip Gr\u00f6\u00dfen: \"gro\u00df\" - 12 St\u00fcck - 2,0-8,0 mm","og_description":"Das Set enth\u00e4lt die Softgrip-H\u00e4kelnadeln: 2,0 mm, 2,5 mm, 3,0 mm, 3,5 mm, 4,0 mm, 4,5 mm, 5,0 mm, 5,5 mm, 6,0 mm, 6,5 mm, 7,0 mm und 8,0 mm.","og_url":"https:\/\/www.jootjeshaakcadeautjes.nl\/de\/produkt\/haekelnadeln-set-softgrip-gross\/","og_site_name":"Jootjes Haakcadeautjes","article_modified_time":"2025-04-01T19:17:35+00:00","og_image":[{"url":"https:\/\/www.jootjeshaakcadeautjes.nl\/wp-content\/uploads\/2016\/01\/IMG_20160312_173214-2-1024x911.jpg","type":"","width":"","height":""}],"twitter_card":"summary_large_image","twitter_misc":{"Preis":"&euro;13.95 inkl. MwSt.","Verf\u00fcgbarkeit":"Auf Lager"},"schema":{"@context":"https:\/\/schema.org","@graph":[{"@type":"WebPage","@id":"https:\/\/www.jootjeshaakcadeautjes.nl\/de\/produkt\/haekelnadeln-set-softgrip-gross\/","url":"https:\/\/www.jootjeshaakcadeautjes.nl\/de\/produkt\/haekelnadeln-set-softgrip-gross\/","name":"H\u00e4kelnadeln soft grip - 2,0 bis 8,0 mm - H\u00e4keln und H\u00e4kelzubeh\u00f6r","isPartOf":{"@id":"https:\/\/www.jootjeshaakcadeautjes.nl\/de\/#website"},"primaryImageOfPage":{"@id":"https:\/\/www.jootjeshaakcadeautjes.nl\/de\/produkt\/haekelnadeln-set-softgrip-gross\/#primaryimage"},"image":{"@id":"https:\/\/www.jootjeshaakcadeautjes.nl\/de\/produkt\/haekelnadeln-set-softgrip-gross\/#primaryimage"},"thumbnailUrl":"https:\/\/d1dyryakdmle7o.cloudfront.net\/wp-content\/uploads\/2026\/02\/Naamloos-1819-1.webp","datePublished":"2016-01-28T19:10:46+00:00","dateModified":"2025-04-01T19:17:35+00:00","description":"Das Set enth\u00e4lt die Softgrip-H\u00e4kelnadeln: 2,0 mm, 2,5 mm, 3,0 mm, 3,5 mm, 4,0 mm, 4,5 mm, 5,0 mm, 5,5 mm, 6,0 mm, 6,5 mm, 7,0 mm und 8,0 mm.","breadcrumb":{"@id":"https:\/\/www.jootjeshaakcadeautjes.nl\/de\/produkt\/haekelnadeln-set-softgrip-gross\/#breadcrumb"},"inLanguage":"de","potentialAction":[{"@type":"ReadAction","target":["https:\/\/www.jootjeshaakcadeautjes.nl\/de\/produkt\/haekelnadeln-set-softgrip-gross\/"]}]},{"@type":"ImageObject","inLanguage":"de","@id":"https:\/\/www.jootjeshaakcadeautjes.nl\/de\/produkt\/haekelnadeln-set-softgrip-gross\/#primaryimage","url":"https:\/\/d1dyryakdmle7o.cloudfront.net\/wp-content\/uploads\/2026\/02\/Naamloos-1819-1.webp","contentUrl":"https:\/\/d1dyryakdmle7o.cloudfront.net\/wp-content\/uploads\/2026\/02\/Naamloos-1819-1.webp","width":2160,"height":2160},{"@type":"BreadcrumbList","@id":"https:\/\/www.jootjeshaakcadeautjes.nl\/de\/produkt\/haekelnadeln-set-softgrip-gross\/#breadcrumb","itemListElement":[{"@type":"ListItem","position":1,"name":"Startseite","item":"https:\/\/www.jootjeshaakcadeautjes.nl\/de\/"},{"@type":"ListItem","position":2,"name":"Gro\u00dfhandel mit Silikonperlen &#8211; Business und Consumer","item":"https:\/\/www.jootjeshaakcadeautjes.nl\/de\/shop\/"},{"@type":"ListItem","position":3,"name":"H\u00e4kelnadelset soft grip Gr\u00f6\u00dfen: &#8220;gro\u00df&#8221; &#8211; 12 St\u00fcck &#8211; 2,0-8,0 mm"}]},{"@type":"WebSite","@id":"https:\/\/www.jootjeshaakcadeautjes.nl\/de\/#website","url":"https:\/\/www.jootjeshaakcadeautjes.nl\/de\/","name":"Jootjes Haakcadeautjes","description":"Silikonperlen Gro\u00dfhandel ","publisher":{"@id":"https:\/\/www.jootjeshaakcadeautjes.nl\/de\/#organization"},"potentialAction":[{"@type":"SearchAction","target":{"@type":"EntryPoint","urlTemplate":"https:\/\/www.jootjeshaakcadeautjes.nl\/de\/?s={search_term_string}"},"query-input":{"@type":"PropertyValueSpecification","valueRequired":true,"valueName":"search_term_string"}}],"inLanguage":"de"},{"@type":"Organization","@id":"https:\/\/www.jootjeshaakcadeautjes.nl\/de\/#organization","name":"Jootjes Haakcadeautjes","url":"https:\/\/www.jootjeshaakcadeautjes.nl\/de\/","logo":{"@type":"ImageObject","inLanguage":"de","@id":"https:\/\/www.jootjeshaakcadeautjes.nl\/de\/#\/schema\/logo\/image\/","url":"https:\/\/d1dyryakdmle7o.cloudfront.net\/wp-content\/uploads\/2023\/05\/Logo-rond.png","contentUrl":"https:\/\/d1dyryakdmle7o.cloudfront.net\/wp-content\/uploads\/2023\/05\/Logo-rond.png","width":1222,"height":1222,"caption":"Jootjes Haakcadeautjes"},"image":{"@id":"https:\/\/www.jootjeshaakcadeautjes.nl\/de\/#\/schema\/logo\/image\/"}}]},"product_price_amount":"13.95","product_price_currency":"EUR","og_availability":"instock","product_availability":"instock","product_retailer_item_id":"HKN-SET-GRO","product_condition":"new"},"_links":{"self":[{"href":"https:\/\/www.jootjeshaakcadeautjes.nl\/de\/wp-json\/wp\/v2\/product\/123316","targetHints":{"allow":["GET"]}}],"collection":[{"href":"https:\/\/www.jootjeshaakcadeautjes.nl\/de\/wp-json\/wp\/v2\/product"}],"about":[{"href":"https:\/\/www.jootjeshaakcadeautjes.nl\/de\/wp-json\/wp\/v2\/types\/product"}],"version-history":[{"count":0,"href":"https:\/\/www.jootjeshaakcadeautjes.nl\/de\/wp-json\/wp\/v2\/product\/123316\/revisions"}],"wp:featuredmedia":[{"embeddable":true,"href":"https:\/\/www.jootjeshaakcadeautjes.nl\/de\/wp-json\/wp\/v2\/media\/274162"}],"wp:attachment":[{"href":"https:\/\/www.jootjeshaakcadeautjes.nl\/de\/wp-json\/wp\/v2\/media?parent=123316"}],"wp:term":[{"taxonomy":"product_brand","embeddable":true,"href":"https:\/\/www.jootjeshaakcadeautjes.nl\/de\/wp-json\/wp\/v2\/product_brand?post=123316"},{"taxonomy":"product_cat","embeddable":true,"href":"https:\/\/www.jootjeshaakcadeautjes.nl\/de\/wp-json\/wp\/v2\/product_cat?post=123316"},{"taxonomy":"product_tag","embeddable":true,"href":"https:\/\/www.jootjeshaakcadeautjes.nl\/de\/wp-json\/wp\/v2\/product_tag?post=123316"}],"curies":[{"name":"wp","href":"https:\/\/api.w.org\/{rel}","templated":true}]}}