{"id":123319,"date":"2015-09-15T21:30:13","date_gmt":"2015-09-15T20:30:13","guid":{"rendered":"https:\/\/www.jootjeshaakcadeautjes.nl\/product\/maschenmarkierer\/"},"modified":"2025-11-22T12:25:30","modified_gmt":"2025-11-22T11:25:30","slug":"maschenmarkierer","status":"publish","type":"product","link":"https:\/\/www.jootjeshaakcadeautjes.nl\/de\/produkt\/maschenmarkierer\/","title":{"rendered":"Maschenmarkierer (20 St\u00fcck)"},"content":{"rendered":"<h3>Kunststoff-Stichmarker, hohe Qualit\u00e4t!<\/h3>\n<p>Gut versiegelte Stichmarker aus Kunststoff. Erneuerte hohe Qualit\u00e4t, bricht nicht! Bestehend aus mehreren Kombinationen von bunten Maschenmarkierern.<br \/>\nUnverzichtbar zum H\u00e4keln von Pl\u00fcschtieren oder Amigurumi oder zum vor\u00fcbergehenden Zusammenf\u00fcgen von Granny Squares! Viele Kunden beschweren sich \u00fcber Stichwaffen, die sie bei anderen Anbietern gekauft haben. Diese gehen schnell kaputt, oft trotz eines hohen Preises. Bei JootjesHaakcadeautjes.de haben wir uns deshalb auf die Suche nach den besten Plastikstichw\u00f6rtern gemacht, die wir finden konnten. Unsere Maschenmarkierer gehen nicht kaputt und sind preiswert. Sind Sie ein H\u00e4kelanf\u00e4nger? Dann schauen Sie sich unsere super g\u00fcnstigen und gro\u00dfen <a href=\"\/?product_cat=softgrip-haaknaalden\">ergonomischen Softgrip-H\u00e4kelnadelsets<\/a> an. Sie kosten nur einen Bruchteil der teuren Marken, h\u00e4keln aber genauso gut! So haben Sie schnell und einfach hochwertiges Material f\u00fcr jedes Projekt!<\/p>\n<h4>Qualit\u00e4t und Sicherheit von Kunststoffsteckschildern<\/h4>\n<p>Sie haben kleine Kinder im Haus und wollen noch mehr Sicherheit, dass diese Marker nicht verloren gehen oder mit S\u00fc\u00dfigkeiten verwechselt werden k\u00f6nnen? Dann schauen Sie sich unsere Metallmarker (Sicherheitsnadeln) an! Unsere Plastikstichmarker gehen nicht kaputt!<\/p>\n<p>&nbsp;<\/p>\n","protected":false},"excerpt":{"rendered":"<h4>Maschenmarkierer Kunststoff<\/h4>\n<p>Verschiedene farbenfrohe Maschenmarkierer. Anzahl: 20 St\u00fcck Maschenmarkierer. Verbesserte Qualit\u00e4t, die nicht kaputt geht! Ideal zum Markieren des Beginns einer Tour oder zum Zusammenn\u00e4hen von Granny Squares.<\/p>\n<p>&nbsp;<\/p>\n","protected":false},"featured_media":0,"template":"","meta":[],"product_brand":[],"product_cat":[8247,9764],"product_tag":[8305,9959,8751,9960,8268,9943,9954,9956,9957,9961,9896,9955,9962,8749,9958,9934,9928],"class_list":{"0":"post-123319","1":"product","2":"type-product","3":"status-publish","5":"product_cat-bastelmaterial-hakelzubehor","6":"product_cat-markierungsstifte-und-umdrehungszahler","7":"product_tag-amigurumi-de","8":"product_tag-bricht-nicht","9":"product_tag-farbe","10":"product_tag-grundvoraussetzung","11":"product_tag-hakchen","12":"product_tag-haken-de","13":"product_tag-kunststoff-de","14":"product_tag-mark","15":"product_tag-markierung","16":"product_tag-markierungsstiche","17":"product_tag-maschenmarkierer-de","18":"product_tag-stiche","19":"product_tag-stiche-verfolgen-stichzahler","20":"product_tag-stricken","21":"product_tag-stricken-de","22":"product_tag-zahlen","23":"product_tag-zahler-de","25":"first","26":"instock","27":"taxable","28":"shipping-taxable","29":"purchasable","30":"product-type-simple"},"bundled_by":[],"bundle_stock_status":"instock","bundle_stock_quantity":39,"bundle_virtual":false,"bundle_layout":"","bundle_add_to_cart_form_location":"","bundle_editable_in_cart":false,"bundle_sold_individually_context":"","bundle_item_grouping":"","bundle_min_size":"","bundle_max_size":"","bundle_price":[],"bundled_items":[],"bundle_sell_ids":[],"yoast_head":"<!-- This site is optimized with the Yoast SEO Premium plugin v27.6 (Yoast SEO v27.6) - https:\/\/yoast.com\/product\/yoast-seo-premium-wordpress\/ -->\n<title>Maschenmarkierer (20 St\u00fcck) - Jootjes Haakcadeautjes<\/title>\n<meta name=\"description\" content=\"Verschiedene farbenfrohe Maschenmarkierer. Wird pro 20 St\u00fcck geliefert. Verbesserte Qualit\u00e4t, die nicht kaputt geht! Stichmarkierungen sind ideal, um Teile oder Granny Squares vorzun\u00e4hen und den Anfang der Reihe zu markieren. Zum Beispiel beim H\u00e4keln von Stofftieren\/Amigurumi.\" \/>\n<meta name=\"robots\" content=\"index, follow, max-snippet:-1, max-image-preview:large, max-video-preview:-1\" \/>\n<link rel=\"canonical\" href=\"https:\/\/www.jootjeshaakcadeautjes.nl\/de\/produkt\/maschenmarkierer\/\" \/>\n<meta property=\"og:locale\" content=\"de_DE\" \/>\n<meta property=\"og:type\" content=\"article\" \/>\n<meta property=\"og:title\" content=\"Maschenmarkierer (20 St\u00fcck)\" \/>\n<meta property=\"og:description\" content=\"Verschiedene farbenfrohe Maschenmarkierer. Wird pro 20 St\u00fcck geliefert. Verbesserte Qualit\u00e4t, die nicht kaputt geht! Stichmarkierungen sind ideal, um Teile oder Granny Squares vorzun\u00e4hen und den Anfang der Reihe zu markieren. Zum Beispiel beim H\u00e4keln von Stofftieren\/Amigurumi.\" \/>\n<meta property=\"og:url\" content=\"https:\/\/www.jootjeshaakcadeautjes.nl\/de\/produkt\/maschenmarkierer\/\" \/>\n<meta property=\"og:site_name\" content=\"Jootjes Haakcadeautjes\" \/>\n<meta property=\"article:modified_time\" content=\"2025-11-22T11:25:30+00:00\" \/>\n<meta name=\"twitter:card\" content=\"summary_large_image\" \/>\n<meta name=\"twitter:label1\" content=\"Preis\" \/>\n\t<meta name=\"twitter:data1\" content=\"&euro;0.80 inkl. MwSt.\" \/>\n\t<meta name=\"twitter:label2\" content=\"Verf\u00fcgbarkeit\" \/>\n\t<meta name=\"twitter:data2\" content=\"Auf Lager\" \/>\n<script type=\"application\/ld+json\" class=\"yoast-schema-graph\">{\"@context\":\"https:\\\/\\\/schema.org\",\"@graph\":[{\"@type\":\"WebPage\",\"@id\":\"https:\\\/\\\/www.jootjeshaakcadeautjes.nl\\\/de\\\/produkt\\\/maschenmarkierer\\\/\",\"url\":\"https:\\\/\\\/www.jootjeshaakcadeautjes.nl\\\/de\\\/produkt\\\/maschenmarkierer\\\/\",\"name\":\"Maschenmarkierer (20 St\u00fcck) - Jootjes Haakcadeautjes\",\"isPartOf\":{\"@id\":\"https:\\\/\\\/www.jootjeshaakcadeautjes.nl\\\/de\\\/#website\"},\"datePublished\":\"2015-09-15T20:30:13+00:00\",\"dateModified\":\"2025-11-22T11:25:30+00:00\",\"description\":\"Verschiedene farbenfrohe Maschenmarkierer. Wird pro 20 St\u00fcck geliefert. Verbesserte Qualit\u00e4t, die nicht kaputt geht! Stichmarkierungen sind ideal, um Teile oder Granny Squares vorzun\u00e4hen und den Anfang der Reihe zu markieren. Zum Beispiel beim H\u00e4keln von Stofftieren\\\/Amigurumi.\",\"breadcrumb\":{\"@id\":\"https:\\\/\\\/www.jootjeshaakcadeautjes.nl\\\/de\\\/produkt\\\/maschenmarkierer\\\/#breadcrumb\"},\"inLanguage\":\"de\",\"potentialAction\":[{\"@type\":\"ReadAction\",\"target\":[\"https:\\\/\\\/www.jootjeshaakcadeautjes.nl\\\/de\\\/produkt\\\/maschenmarkierer\\\/\"]}]},{\"@type\":\"BreadcrumbList\",\"@id\":\"https:\\\/\\\/www.jootjeshaakcadeautjes.nl\\\/de\\\/produkt\\\/maschenmarkierer\\\/#breadcrumb\",\"itemListElement\":[{\"@type\":\"ListItem\",\"position\":1,\"name\":\"Startseite\",\"item\":\"https:\\\/\\\/www.jootjeshaakcadeautjes.nl\\\/de\\\/\"},{\"@type\":\"ListItem\",\"position\":2,\"name\":\"Gro\u00dfhandel mit Silikonperlen &#8211; Business und Consumer\",\"item\":\"https:\\\/\\\/www.jootjeshaakcadeautjes.nl\\\/de\\\/shop\\\/\"},{\"@type\":\"ListItem\",\"position\":3,\"name\":\"Maschenmarkierer (20 St\u00fcck)\"}]},{\"@type\":\"WebSite\",\"@id\":\"https:\\\/\\\/www.jootjeshaakcadeautjes.nl\\\/de\\\/#website\",\"url\":\"https:\\\/\\\/www.jootjeshaakcadeautjes.nl\\\/de\\\/\",\"name\":\"Jootjes Haakcadeautjes\",\"description\":\"Silikonperlen Gro\u00dfhandel \",\"publisher\":{\"@id\":\"https:\\\/\\\/www.jootjeshaakcadeautjes.nl\\\/de\\\/#organization\"},\"potentialAction\":[{\"@type\":\"SearchAction\",\"target\":{\"@type\":\"EntryPoint\",\"urlTemplate\":\"https:\\\/\\\/www.jootjeshaakcadeautjes.nl\\\/de\\\/?s={search_term_string}\"},\"query-input\":{\"@type\":\"PropertyValueSpecification\",\"valueRequired\":true,\"valueName\":\"search_term_string\"}}],\"inLanguage\":\"de\"},{\"@type\":\"Organization\",\"@id\":\"https:\\\/\\\/www.jootjeshaakcadeautjes.nl\\\/de\\\/#organization\",\"name\":\"Jootjes Haakcadeautjes\",\"url\":\"https:\\\/\\\/www.jootjeshaakcadeautjes.nl\\\/de\\\/\",\"logo\":{\"@type\":\"ImageObject\",\"inLanguage\":\"de\",\"@id\":\"https:\\\/\\\/www.jootjeshaakcadeautjes.nl\\\/de\\\/#\\\/schema\\\/logo\\\/image\\\/\",\"url\":\"https:\\\/\\\/d1dyryakdmle7o.cloudfront.net\\\/wp-content\\\/uploads\\\/2023\\\/05\\\/Logo-rond.png\",\"contentUrl\":\"https:\\\/\\\/d1dyryakdmle7o.cloudfront.net\\\/wp-content\\\/uploads\\\/2023\\\/05\\\/Logo-rond.png\",\"width\":1222,\"height\":1222,\"caption\":\"Jootjes Haakcadeautjes\"},\"image\":{\"@id\":\"https:\\\/\\\/www.jootjeshaakcadeautjes.nl\\\/de\\\/#\\\/schema\\\/logo\\\/image\\\/\"}}]}<\/script>\n<meta property=\"product:price:amount\" content=\"0.80\" \/>\n<meta property=\"product:price:currency\" content=\"EUR\" \/>\n<meta property=\"og:availability\" content=\"instock\" \/>\n<meta property=\"product:availability\" content=\"instock\" \/>\n<meta property=\"product:retailer_item_id\" content=\"STM-ZHA-PLA\" \/>\n<meta property=\"product:condition\" content=\"new\" \/>\n<!-- \/ Yoast SEO Premium plugin. -->","yoast_head_json":{"title":"Maschenmarkierer (20 St\u00fcck) - Jootjes Haakcadeautjes","description":"Verschiedene farbenfrohe Maschenmarkierer. Wird pro 20 St\u00fcck geliefert. Verbesserte Qualit\u00e4t, die nicht kaputt geht! Stichmarkierungen sind ideal, um Teile oder Granny Squares vorzun\u00e4hen und den Anfang der Reihe zu markieren. Zum Beispiel beim H\u00e4keln von Stofftieren\/Amigurumi.","robots":{"index":"index","follow":"follow","max-snippet":"max-snippet:-1","max-image-preview":"max-image-preview:large","max-video-preview":"max-video-preview:-1"},"canonical":"https:\/\/www.jootjeshaakcadeautjes.nl\/de\/produkt\/maschenmarkierer\/","og_locale":"de_DE","og_type":"article","og_title":"Maschenmarkierer (20 St\u00fcck)","og_description":"Verschiedene farbenfrohe Maschenmarkierer. Wird pro 20 St\u00fcck geliefert. Verbesserte Qualit\u00e4t, die nicht kaputt geht! Stichmarkierungen sind ideal, um Teile oder Granny Squares vorzun\u00e4hen und den Anfang der Reihe zu markieren. Zum Beispiel beim H\u00e4keln von Stofftieren\/Amigurumi.","og_url":"https:\/\/www.jootjeshaakcadeautjes.nl\/de\/produkt\/maschenmarkierer\/","og_site_name":"Jootjes Haakcadeautjes","article_modified_time":"2025-11-22T11:25:30+00:00","twitter_card":"summary_large_image","twitter_misc":{"Preis":"&euro;0.80 inkl. MwSt.","Verf\u00fcgbarkeit":"Auf Lager"},"schema":{"@context":"https:\/\/schema.org","@graph":[{"@type":"WebPage","@id":"https:\/\/www.jootjeshaakcadeautjes.nl\/de\/produkt\/maschenmarkierer\/","url":"https:\/\/www.jootjeshaakcadeautjes.nl\/de\/produkt\/maschenmarkierer\/","name":"Maschenmarkierer (20 St\u00fcck) - Jootjes Haakcadeautjes","isPartOf":{"@id":"https:\/\/www.jootjeshaakcadeautjes.nl\/de\/#website"},"datePublished":"2015-09-15T20:30:13+00:00","dateModified":"2025-11-22T11:25:30+00:00","description":"Verschiedene farbenfrohe Maschenmarkierer. Wird pro 20 St\u00fcck geliefert. Verbesserte Qualit\u00e4t, die nicht kaputt geht! Stichmarkierungen sind ideal, um Teile oder Granny Squares vorzun\u00e4hen und den Anfang der Reihe zu markieren. Zum Beispiel beim H\u00e4keln von Stofftieren\/Amigurumi.","breadcrumb":{"@id":"https:\/\/www.jootjeshaakcadeautjes.nl\/de\/produkt\/maschenmarkierer\/#breadcrumb"},"inLanguage":"de","potentialAction":[{"@type":"ReadAction","target":["https:\/\/www.jootjeshaakcadeautjes.nl\/de\/produkt\/maschenmarkierer\/"]}]},{"@type":"BreadcrumbList","@id":"https:\/\/www.jootjeshaakcadeautjes.nl\/de\/produkt\/maschenmarkierer\/#breadcrumb","itemListElement":[{"@type":"ListItem","position":1,"name":"Startseite","item":"https:\/\/www.jootjeshaakcadeautjes.nl\/de\/"},{"@type":"ListItem","position":2,"name":"Gro\u00dfhandel mit Silikonperlen &#8211; Business und Consumer","item":"https:\/\/www.jootjeshaakcadeautjes.nl\/de\/shop\/"},{"@type":"ListItem","position":3,"name":"Maschenmarkierer (20 St\u00fcck)"}]},{"@type":"WebSite","@id":"https:\/\/www.jootjeshaakcadeautjes.nl\/de\/#website","url":"https:\/\/www.jootjeshaakcadeautjes.nl\/de\/","name":"Jootjes Haakcadeautjes","description":"Silikonperlen Gro\u00dfhandel ","publisher":{"@id":"https:\/\/www.jootjeshaakcadeautjes.nl\/de\/#organization"},"potentialAction":[{"@type":"SearchAction","target":{"@type":"EntryPoint","urlTemplate":"https:\/\/www.jootjeshaakcadeautjes.nl\/de\/?s={search_term_string}"},"query-input":{"@type":"PropertyValueSpecification","valueRequired":true,"valueName":"search_term_string"}}],"inLanguage":"de"},{"@type":"Organization","@id":"https:\/\/www.jootjeshaakcadeautjes.nl\/de\/#organization","name":"Jootjes Haakcadeautjes","url":"https:\/\/www.jootjeshaakcadeautjes.nl\/de\/","logo":{"@type":"ImageObject","inLanguage":"de","@id":"https:\/\/www.jootjeshaakcadeautjes.nl\/de\/#\/schema\/logo\/image\/","url":"https:\/\/d1dyryakdmle7o.cloudfront.net\/wp-content\/uploads\/2023\/05\/Logo-rond.png","contentUrl":"https:\/\/d1dyryakdmle7o.cloudfront.net\/wp-content\/uploads\/2023\/05\/Logo-rond.png","width":1222,"height":1222,"caption":"Jootjes Haakcadeautjes"},"image":{"@id":"https:\/\/www.jootjeshaakcadeautjes.nl\/de\/#\/schema\/logo\/image\/"}}]},"product_price_amount":"0.80","product_price_currency":"EUR","og_availability":"instock","product_availability":"instock","product_retailer_item_id":"STM-ZHA-PLA","product_condition":"new"},"_links":{"self":[{"href":"https:\/\/www.jootjeshaakcadeautjes.nl\/de\/wp-json\/wp\/v2\/product\/123319","targetHints":{"allow":["GET"]}}],"collection":[{"href":"https:\/\/www.jootjeshaakcadeautjes.nl\/de\/wp-json\/wp\/v2\/product"}],"about":[{"href":"https:\/\/www.jootjeshaakcadeautjes.nl\/de\/wp-json\/wp\/v2\/types\/product"}],"version-history":[{"count":0,"href":"https:\/\/www.jootjeshaakcadeautjes.nl\/de\/wp-json\/wp\/v2\/product\/123319\/revisions"}],"wp:attachment":[{"href":"https:\/\/www.jootjeshaakcadeautjes.nl\/de\/wp-json\/wp\/v2\/media?parent=123319"}],"wp:term":[{"taxonomy":"product_brand","embeddable":true,"href":"https:\/\/www.jootjeshaakcadeautjes.nl\/de\/wp-json\/wp\/v2\/product_brand?post=123319"},{"taxonomy":"product_cat","embeddable":true,"href":"https:\/\/www.jootjeshaakcadeautjes.nl\/de\/wp-json\/wp\/v2\/product_cat?post=123319"},{"taxonomy":"product_tag","embeddable":true,"href":"https:\/\/www.jootjeshaakcadeautjes.nl\/de\/wp-json\/wp\/v2\/product_tag?post=123319"}],"curies":[{"name":"wp","href":"https:\/\/api.w.org\/{rel}","templated":true}]}}