{"id":123343,"date":"2020-05-09T23:55:58","date_gmt":"2020-05-09T22:55:58","guid":{"rendered":"https:\/\/www.jootjeshaakcadeautjes.nl\/product\/silikon-schnuller-clip-dunkel-grau\/"},"modified":"2025-03-11T16:34:06","modified_gmt":"2025-03-11T15:34:06","slug":"schnullerclip-111","status":"publish","type":"product","link":"https:\/\/www.jootjeshaakcadeautjes.nl\/de\/produkt\/schnullerclip-111\/","title":{"rendered":"Schnullerclip aus Silikon &#8211; Anthrazitgrau"},"content":{"rendered":"<h2>Schnullerclip aus Silikon &#8211; Anthrazitgrau<\/h2>\n<p>Farbe: Anthrazitgrau<br \/>\nMaterial: wie immer BPA-frei, PVC-frei, phthalatfrei und anderes toxinfreies Silikon<br \/>\n100% kindersicher, CE-zertifiziert<br \/>\nMit L\u00f6chern entsprechend der NEN-Norm 12586<\/p>\n<p>Stabiler Clip mit Kunststoffeinsatz (Z\u00e4hne f\u00fcr zus\u00e4tzlichen Halt).<\/p>\n","protected":false},"excerpt":{"rendered":"<h2>Schnullerclip aus Silikon &#8211; Anthrazit<\/h2>\n<p>Farbe: Anthrazit<br \/>\nMaterial: wie immer BPA-frei, PVC-frei, phthalatfrei und anderes toxinfreies Silikon<br \/>\n100% kindersicher, CE-zertifiziert<br \/>\nMit L\u00f6chern entsprechend der NEN-Norm 12586<\/p>\n<p>Stabiler Clip mit Kunststoffeinsatz.<\/p>\n","protected":false},"featured_media":73312,"template":"","meta":[],"product_brand":[],"product_cat":[7380,8398,8400,9072],"product_tag":[8187,7385,7419,8491,8403,8709,9082,7899,7464,7416,7986,7451,9075,7199,7908,7211,7988],"class_list":{"0":"post-123343","1":"product","2":"type-product","3":"status-publish","4":"has-post-thumbnail","6":"product_cat-herstellung-von-baby-beisspielzeug-materialien-fur-schnuller-und-beisringe","7":"product_cat-schnullerclips-fur-schnullerschnur-kinderwagenkette-und-mehr","8":"product_cat-schnullerklemmen-schnullerkabel-schnuller-spanner-inbus-silikon-holz-metall","9":"product_cat-zitzenklammern-aus-silikon-35-mm-rund-und-figur","10":"product_tag-anthrazit","11":"product_tag-beisring","12":"product_tag-bpa-de","13":"product_tag-bpavfree","14":"product_tag-dummy-clip","15":"product_tag-dunkel","16":"product_tag-ftatlaat-de","17":"product_tag-grau","18":"product_tag-groshandel","19":"product_tag-gummischnur","20":"product_tag-kindersicher","21":"product_tag-kostenlos","22":"product_tag-nuckelklammern","23":"product_tag-perlen","24":"product_tag-pvc-frei","25":"product_tag-silikon","26":"product_tag-zertifiziert","28":"first","29":"instock","30":"taxable","31":"shipping-taxable","32":"purchasable","33":"product-type-simple"},"bundled_by":[],"bundle_stock_status":"instock","bundle_stock_quantity":24,"bundle_virtual":false,"bundle_layout":"","bundle_add_to_cart_form_location":"","bundle_editable_in_cart":false,"bundle_sold_individually_context":"","bundle_item_grouping":"","bundle_min_size":"","bundle_max_size":"","bundle_price":[],"bundled_items":[],"bundle_sell_ids":[],"yoast_head":"<!-- This site is optimized with the Yoast SEO Premium plugin v27.6 (Yoast SEO v27.6) - https:\/\/yoast.com\/product\/yoast-seo-premium-wordpress\/ -->\n<title>Schnullerclip aus Silikon - Anthrazitgrau - Jootjes Haakcadeautjes<\/title>\n<meta name=\"description\" content=\"Schnullerclip aus Silikon, BPA-frei, in der Farbe dunkelgrau. F\u00fcr Babys sichere Clips an der Schnuller- oder Kinderwagenschnur. Kaufen Sie hier, im Gro\u00dfhandel.\" \/>\n<meta name=\"robots\" content=\"index, follow, max-snippet:-1, max-image-preview:large, max-video-preview:-1\" \/>\n<link rel=\"canonical\" href=\"https:\/\/www.jootjeshaakcadeautjes.nl\/de\/produkt\/schnullerclip-111\/\" \/>\n<meta property=\"og:locale\" content=\"de_DE\" \/>\n<meta property=\"og:type\" content=\"article\" \/>\n<meta property=\"og:title\" content=\"Schnullerclip aus Silikon - Anthrazitgrau\" \/>\n<meta property=\"og:description\" content=\"Schnullerclip aus Silikon, BPA-frei, in der Farbe dunkelgrau. F\u00fcr Babys sichere Clips an der Schnuller- oder Kinderwagenschnur. Kaufen Sie hier, im Gro\u00dfhandel.\" \/>\n<meta property=\"og:url\" content=\"https:\/\/www.jootjeshaakcadeautjes.nl\/de\/produkt\/schnullerclip-111\/\" \/>\n<meta property=\"og:site_name\" content=\"Jootjes Haakcadeautjes\" \/>\n<meta property=\"article:modified_time\" content=\"2025-03-11T15:34:06+00:00\" \/>\n<meta property=\"og:image\" content=\"https:\/\/www.jootjeshaakcadeautjes.nl\/wp-content\/uploads\/2020\/10\/20200901_214612.jpg\" \/>\n\t<meta property=\"og:image:width\" content=\"1244\" \/>\n\t<meta property=\"og:image:height\" content=\"1244\" \/>\n\t<meta property=\"og:image:type\" content=\"image\/jpeg\" \/>\n<meta name=\"twitter:card\" content=\"summary_large_image\" \/>\n<meta name=\"twitter:label1\" content=\"Preis\" \/>\n\t<meta name=\"twitter:data1\" content=\"&euro;1.90 inkl. MwSt.\" \/>\n\t<meta name=\"twitter:label2\" content=\"Verf\u00fcgbarkeit\" \/>\n\t<meta name=\"twitter:data2\" content=\"Auf Lager\" \/>\n<script type=\"application\/ld+json\" class=\"yoast-schema-graph\">{\"@context\":\"https:\\\/\\\/schema.org\",\"@graph\":[{\"@type\":\"WebPage\",\"@id\":\"https:\\\/\\\/www.jootjeshaakcadeautjes.nl\\\/de\\\/produkt\\\/schnullerclip-111\\\/\",\"url\":\"https:\\\/\\\/www.jootjeshaakcadeautjes.nl\\\/de\\\/produkt\\\/schnullerclip-111\\\/\",\"name\":\"Schnullerclip aus Silikon - Anthrazitgrau - Jootjes Haakcadeautjes\",\"isPartOf\":{\"@id\":\"https:\\\/\\\/www.jootjeshaakcadeautjes.nl\\\/de\\\/#website\"},\"primaryImageOfPage\":{\"@id\":\"https:\\\/\\\/www.jootjeshaakcadeautjes.nl\\\/de\\\/produkt\\\/schnullerclip-111\\\/#primaryimage\"},\"image\":{\"@id\":\"https:\\\/\\\/www.jootjeshaakcadeautjes.nl\\\/de\\\/produkt\\\/schnullerclip-111\\\/#primaryimage\"},\"thumbnailUrl\":\"https:\\\/\\\/d1dyryakdmle7o.cloudfront.net\\\/wp-content\\\/uploads\\\/2020\\\/10\\\/20200901_214612.jpg\",\"datePublished\":\"2020-05-09T22:55:58+00:00\",\"dateModified\":\"2025-03-11T15:34:06+00:00\",\"description\":\"Schnullerclip aus Silikon, BPA-frei, in der Farbe dunkelgrau. F\u00fcr Babys sichere Clips an der Schnuller- oder Kinderwagenschnur. Kaufen Sie hier, im Gro\u00dfhandel.\",\"breadcrumb\":{\"@id\":\"https:\\\/\\\/www.jootjeshaakcadeautjes.nl\\\/de\\\/produkt\\\/schnullerclip-111\\\/#breadcrumb\"},\"inLanguage\":\"de\",\"potentialAction\":[{\"@type\":\"ReadAction\",\"target\":[\"https:\\\/\\\/www.jootjeshaakcadeautjes.nl\\\/de\\\/produkt\\\/schnullerclip-111\\\/\"]}]},{\"@type\":\"ImageObject\",\"inLanguage\":\"de\",\"@id\":\"https:\\\/\\\/www.jootjeshaakcadeautjes.nl\\\/de\\\/produkt\\\/schnullerclip-111\\\/#primaryimage\",\"url\":\"https:\\\/\\\/d1dyryakdmle7o.cloudfront.net\\\/wp-content\\\/uploads\\\/2020\\\/10\\\/20200901_214612.jpg\",\"contentUrl\":\"https:\\\/\\\/d1dyryakdmle7o.cloudfront.net\\\/wp-content\\\/uploads\\\/2020\\\/10\\\/20200901_214612.jpg\",\"width\":1244,\"height\":1244,\"caption\":\"Schnullerclip aus Silikon bpa frei anthrazit grau baby sicher mit L\u00f6chern\"},{\"@type\":\"BreadcrumbList\",\"@id\":\"https:\\\/\\\/www.jootjeshaakcadeautjes.nl\\\/de\\\/produkt\\\/schnullerclip-111\\\/#breadcrumb\",\"itemListElement\":[{\"@type\":\"ListItem\",\"position\":1,\"name\":\"Startseite\",\"item\":\"https:\\\/\\\/www.jootjeshaakcadeautjes.nl\\\/de\\\/\"},{\"@type\":\"ListItem\",\"position\":2,\"name\":\"Gro\u00dfhandel mit Silikonperlen &#8211; Business und Consumer\",\"item\":\"https:\\\/\\\/www.jootjeshaakcadeautjes.nl\\\/de\\\/shop\\\/\"},{\"@type\":\"ListItem\",\"position\":3,\"name\":\"Schnullerclip aus Silikon &#8211; Anthrazitgrau\"}]},{\"@type\":\"WebSite\",\"@id\":\"https:\\\/\\\/www.jootjeshaakcadeautjes.nl\\\/de\\\/#website\",\"url\":\"https:\\\/\\\/www.jootjeshaakcadeautjes.nl\\\/de\\\/\",\"name\":\"Jootjes Haakcadeautjes\",\"description\":\"Silikonperlen Gro\u00dfhandel \",\"publisher\":{\"@id\":\"https:\\\/\\\/www.jootjeshaakcadeautjes.nl\\\/de\\\/#organization\"},\"potentialAction\":[{\"@type\":\"SearchAction\",\"target\":{\"@type\":\"EntryPoint\",\"urlTemplate\":\"https:\\\/\\\/www.jootjeshaakcadeautjes.nl\\\/de\\\/?s={search_term_string}\"},\"query-input\":{\"@type\":\"PropertyValueSpecification\",\"valueRequired\":true,\"valueName\":\"search_term_string\"}}],\"inLanguage\":\"de\"},{\"@type\":\"Organization\",\"@id\":\"https:\\\/\\\/www.jootjeshaakcadeautjes.nl\\\/de\\\/#organization\",\"name\":\"Jootjes Haakcadeautjes\",\"url\":\"https:\\\/\\\/www.jootjeshaakcadeautjes.nl\\\/de\\\/\",\"logo\":{\"@type\":\"ImageObject\",\"inLanguage\":\"de\",\"@id\":\"https:\\\/\\\/www.jootjeshaakcadeautjes.nl\\\/de\\\/#\\\/schema\\\/logo\\\/image\\\/\",\"url\":\"https:\\\/\\\/d1dyryakdmle7o.cloudfront.net\\\/wp-content\\\/uploads\\\/2023\\\/05\\\/Logo-rond.png\",\"contentUrl\":\"https:\\\/\\\/d1dyryakdmle7o.cloudfront.net\\\/wp-content\\\/uploads\\\/2023\\\/05\\\/Logo-rond.png\",\"width\":1222,\"height\":1222,\"caption\":\"Jootjes Haakcadeautjes\"},\"image\":{\"@id\":\"https:\\\/\\\/www.jootjeshaakcadeautjes.nl\\\/de\\\/#\\\/schema\\\/logo\\\/image\\\/\"}}]}<\/script>\n<meta property=\"product:price:amount\" content=\"1.90\" \/>\n<meta property=\"product:price:currency\" content=\"EUR\" \/>\n<meta property=\"og:availability\" content=\"instock\" \/>\n<meta property=\"product:availability\" content=\"instock\" \/>\n<meta property=\"product:retailer_item_id\" content=\"SSP-SNW-DGR\" \/>\n<meta property=\"product:condition\" content=\"new\" \/>\n<!-- \/ Yoast SEO Premium plugin. -->","yoast_head_json":{"title":"Schnullerclip aus Silikon - Anthrazitgrau - Jootjes Haakcadeautjes","description":"Schnullerclip aus Silikon, BPA-frei, in der Farbe dunkelgrau. F\u00fcr Babys sichere Clips an der Schnuller- oder Kinderwagenschnur. Kaufen Sie hier, im Gro\u00dfhandel.","robots":{"index":"index","follow":"follow","max-snippet":"max-snippet:-1","max-image-preview":"max-image-preview:large","max-video-preview":"max-video-preview:-1"},"canonical":"https:\/\/www.jootjeshaakcadeautjes.nl\/de\/produkt\/schnullerclip-111\/","og_locale":"de_DE","og_type":"article","og_title":"Schnullerclip aus Silikon - Anthrazitgrau","og_description":"Schnullerclip aus Silikon, BPA-frei, in der Farbe dunkelgrau. F\u00fcr Babys sichere Clips an der Schnuller- oder Kinderwagenschnur. Kaufen Sie hier, im Gro\u00dfhandel.","og_url":"https:\/\/www.jootjeshaakcadeautjes.nl\/de\/produkt\/schnullerclip-111\/","og_site_name":"Jootjes Haakcadeautjes","article_modified_time":"2025-03-11T15:34:06+00:00","og_image":[{"width":1244,"height":1244,"url":"https:\/\/www.jootjeshaakcadeautjes.nl\/wp-content\/uploads\/2020\/10\/20200901_214612.jpg","type":"image\/jpeg"}],"twitter_card":"summary_large_image","twitter_misc":{"Preis":"&euro;1.90 inkl. MwSt.","Verf\u00fcgbarkeit":"Auf Lager"},"schema":{"@context":"https:\/\/schema.org","@graph":[{"@type":"WebPage","@id":"https:\/\/www.jootjeshaakcadeautjes.nl\/de\/produkt\/schnullerclip-111\/","url":"https:\/\/www.jootjeshaakcadeautjes.nl\/de\/produkt\/schnullerclip-111\/","name":"Schnullerclip aus Silikon - Anthrazitgrau - Jootjes Haakcadeautjes","isPartOf":{"@id":"https:\/\/www.jootjeshaakcadeautjes.nl\/de\/#website"},"primaryImageOfPage":{"@id":"https:\/\/www.jootjeshaakcadeautjes.nl\/de\/produkt\/schnullerclip-111\/#primaryimage"},"image":{"@id":"https:\/\/www.jootjeshaakcadeautjes.nl\/de\/produkt\/schnullerclip-111\/#primaryimage"},"thumbnailUrl":"https:\/\/d1dyryakdmle7o.cloudfront.net\/wp-content\/uploads\/2020\/10\/20200901_214612.jpg","datePublished":"2020-05-09T22:55:58+00:00","dateModified":"2025-03-11T15:34:06+00:00","description":"Schnullerclip aus Silikon, BPA-frei, in der Farbe dunkelgrau. F\u00fcr Babys sichere Clips an der Schnuller- oder Kinderwagenschnur. Kaufen Sie hier, im Gro\u00dfhandel.","breadcrumb":{"@id":"https:\/\/www.jootjeshaakcadeautjes.nl\/de\/produkt\/schnullerclip-111\/#breadcrumb"},"inLanguage":"de","potentialAction":[{"@type":"ReadAction","target":["https:\/\/www.jootjeshaakcadeautjes.nl\/de\/produkt\/schnullerclip-111\/"]}]},{"@type":"ImageObject","inLanguage":"de","@id":"https:\/\/www.jootjeshaakcadeautjes.nl\/de\/produkt\/schnullerclip-111\/#primaryimage","url":"https:\/\/d1dyryakdmle7o.cloudfront.net\/wp-content\/uploads\/2020\/10\/20200901_214612.jpg","contentUrl":"https:\/\/d1dyryakdmle7o.cloudfront.net\/wp-content\/uploads\/2020\/10\/20200901_214612.jpg","width":1244,"height":1244,"caption":"Schnullerclip aus Silikon bpa frei anthrazit grau baby sicher mit L\u00f6chern"},{"@type":"BreadcrumbList","@id":"https:\/\/www.jootjeshaakcadeautjes.nl\/de\/produkt\/schnullerclip-111\/#breadcrumb","itemListElement":[{"@type":"ListItem","position":1,"name":"Startseite","item":"https:\/\/www.jootjeshaakcadeautjes.nl\/de\/"},{"@type":"ListItem","position":2,"name":"Gro\u00dfhandel mit Silikonperlen &#8211; Business und Consumer","item":"https:\/\/www.jootjeshaakcadeautjes.nl\/de\/shop\/"},{"@type":"ListItem","position":3,"name":"Schnullerclip aus Silikon &#8211; Anthrazitgrau"}]},{"@type":"WebSite","@id":"https:\/\/www.jootjeshaakcadeautjes.nl\/de\/#website","url":"https:\/\/www.jootjeshaakcadeautjes.nl\/de\/","name":"Jootjes Haakcadeautjes","description":"Silikonperlen Gro\u00dfhandel ","publisher":{"@id":"https:\/\/www.jootjeshaakcadeautjes.nl\/de\/#organization"},"potentialAction":[{"@type":"SearchAction","target":{"@type":"EntryPoint","urlTemplate":"https:\/\/www.jootjeshaakcadeautjes.nl\/de\/?s={search_term_string}"},"query-input":{"@type":"PropertyValueSpecification","valueRequired":true,"valueName":"search_term_string"}}],"inLanguage":"de"},{"@type":"Organization","@id":"https:\/\/www.jootjeshaakcadeautjes.nl\/de\/#organization","name":"Jootjes Haakcadeautjes","url":"https:\/\/www.jootjeshaakcadeautjes.nl\/de\/","logo":{"@type":"ImageObject","inLanguage":"de","@id":"https:\/\/www.jootjeshaakcadeautjes.nl\/de\/#\/schema\/logo\/image\/","url":"https:\/\/d1dyryakdmle7o.cloudfront.net\/wp-content\/uploads\/2023\/05\/Logo-rond.png","contentUrl":"https:\/\/d1dyryakdmle7o.cloudfront.net\/wp-content\/uploads\/2023\/05\/Logo-rond.png","width":1222,"height":1222,"caption":"Jootjes Haakcadeautjes"},"image":{"@id":"https:\/\/www.jootjeshaakcadeautjes.nl\/de\/#\/schema\/logo\/image\/"}}]},"product_price_amount":"1.90","product_price_currency":"EUR","og_availability":"instock","product_availability":"instock","product_retailer_item_id":"SSP-SNW-DGR","product_condition":"new"},"_links":{"self":[{"href":"https:\/\/www.jootjeshaakcadeautjes.nl\/de\/wp-json\/wp\/v2\/product\/123343","targetHints":{"allow":["GET"]}}],"collection":[{"href":"https:\/\/www.jootjeshaakcadeautjes.nl\/de\/wp-json\/wp\/v2\/product"}],"about":[{"href":"https:\/\/www.jootjeshaakcadeautjes.nl\/de\/wp-json\/wp\/v2\/types\/product"}],"version-history":[{"count":0,"href":"https:\/\/www.jootjeshaakcadeautjes.nl\/de\/wp-json\/wp\/v2\/product\/123343\/revisions"}],"wp:featuredmedia":[{"embeddable":true,"href":"https:\/\/www.jootjeshaakcadeautjes.nl\/de\/wp-json\/wp\/v2\/media\/73312"}],"wp:attachment":[{"href":"https:\/\/www.jootjeshaakcadeautjes.nl\/de\/wp-json\/wp\/v2\/media?parent=123343"}],"wp:term":[{"taxonomy":"product_brand","embeddable":true,"href":"https:\/\/www.jootjeshaakcadeautjes.nl\/de\/wp-json\/wp\/v2\/product_brand?post=123343"},{"taxonomy":"product_cat","embeddable":true,"href":"https:\/\/www.jootjeshaakcadeautjes.nl\/de\/wp-json\/wp\/v2\/product_cat?post=123343"},{"taxonomy":"product_tag","embeddable":true,"href":"https:\/\/www.jootjeshaakcadeautjes.nl\/de\/wp-json\/wp\/v2\/product_tag?post=123343"}],"curies":[{"name":"wp","href":"https:\/\/api.w.org\/{rel}","templated":true}]}}