{"id":123487,"date":"2020-04-06T01:03:57","date_gmt":"2020-04-05T23:03:57","guid":{"rendered":"https:\/\/www.jootjeshaakcadeautjes.nl\/product\/schnuller-clips-holz-schnuller-clips-regenbogen-gravur\/"},"modified":"2026-02-19T12:39:52","modified_gmt":"2026-02-19T11:39:52","slug":"schnullerclip-24","status":"publish","type":"product","link":"https:\/\/www.jootjeshaakcadeautjes.nl\/de\/produkt\/schnullerclip-24\/","title":{"rendered":"Schnullerclips aus Holz &#8211; Nuckelclip Regenbogen graviert &#8211; Buchenholz"},"content":{"rendered":"<h3><strong>Schnullerclips Holz mit Regenbogengravur<\/strong><\/h3>\n<p>Suchen Sie nach hochwertigen Schnullerclips aus Holz mit dem (eingravierten) Bild eines Regenbogens? Dann sind Sie bei JootjesHaakcadeautjes.nl an der richtigen Adresse. Unsere regenbogenfarbenen Schnullerclips aus Holz eignen sich perfekt, um eine Schnullerschnur aus Holz oder eine Schnur f\u00fcr den Kinderwagen herzustellen. Au\u00dferdem sind diese Schnullerclips aus Holz leicht mit unseren anderen Holzmaterialien zu kombinieren.  <span style=\"font-size: 16px;\">  Ganz nach Ihrem Geschmack. Zum Beispiel bei unserer weiteren Kollektion von Holzprodukten (<\/span><a style=\"font-size: 16px; background-color: #ffffff;\" href=\"\/?product_cat=kralen\">Perlen<\/a><span style=\"font-size: 16px;\"> und <\/span><a style=\"font-size: 16px; background-color: #ffffff;\" href=\"\/?product_cat=houten-ringapplicaties\">Ringe<\/a><span style=\"font-size: 16px;\">). Die h\u00f6lzernen Schnullerclips sind das T\u00fcpfelchen auf dem i f\u00fcr Ihr selbstgemachtes Spielzeug und sorgen f\u00fcr eine sichere Befestigung an der Kleidung oder am Kinderwagen\/Kinderwagen. Diese Schnullerclips sind eine Art Hosentr\u00e4gerclip, den Sie einfach an der Kleidung Ihres Kindes befestigen. Der Holzclip enth\u00e4lt eine praktische Schlaufe, an der Sie Ihre Kreation befestigen k\u00f6nnen.<\/span><\/p>\n<h4>Qualit\u00e4t und Sicherheit Schnullerclips aus Holz mit Regenbogen<\/h4>\n<p>Die Schnullerclips aus Holz sind aus glattem und unlackiertem Buchenholz gefertigt. Schnullerclips werden ohne Chemikalien hergestellt und sind daher ideal f\u00fcr die Verwendung in Baby- und\/oder Kleinkinderspielzeug. Au\u00dferdem ist die Buche eine splitterarme Holzart.<\/p>\n<h3><strong>Andere Varianten von Schnullerclips:<\/strong><\/h3>\n<p>Suchen Sie noch nach den Schnullerclips mit oder ohne L\u00f6cher? Sie k\u00f6nnen diese <a href=\"https:\/\/www.jootjeshaakcadeautjes.nl\/product\/houten-speenclips-zonder-gaatjes\/\">hier<\/a> und <a href=\"https:\/\/www.jootjeshaakcadeautjes.nl\/de\/produkt\/schnullerclip-19\/\">hier<\/a> finden.<br \/>\nWir haben auch farbige Schnullerclips aus Holz sowie Schnullerclips aus Metall oder Silikon:<\/p>\n<ul>\n<li><a href=\"https:\/\/www.jootjeshaakcadeautjes.nl\/product\/roze-houten-speenclips-gelakt\/\">Rosa Schnullerclips aus Holz<\/a><\/li>\n<li><a href=\"https:\/\/www.jootjeshaakcadeautjes.nl\/product\/lichtroze-houten-speenclips-gelakt\/\">Hellrosa Schnullerclips aus Holz<\/a><\/li>\n<li><a href=\"https:\/\/www.jootjeshaakcadeautjes.nl\/product\/turquoise-houten-speenclips-gelakt\/\">T\u00fcrkisfarbene Schnullerclips aus Holz<\/a><\/li>\n<li><a href=\"https:\/\/www.jootjeshaakcadeautjes.nl\/product\/metalen-speenclips\/\">Schnullerclips aus Metall<\/a><\/li>\n<li><a href=\"https:\/\/www.jootjeshaakcadeautjes.nl\/product\/houten-speenclips-zonder-gaatjes\/\">Schnullerclips aus Silikon<\/a> (rosa\/blau)<\/li>\n<\/ul>\n<p>&nbsp;<\/p>\n<p>&nbsp;<\/p>\n","protected":false},"excerpt":{"rendered":"<p>Material: Schnullerclips aus Buchenholz, 100% kindersicher.<br \/>\nSchnullerclip mit sicherer Befestigung.<br \/>\nVersion Buche mit Gravur<br \/>\nBild: Regenbogen<\/p>\n<p><small>F\u00fcr weitere Informationen, lesen Sie weiter<\/small><small> unten auf der Seite.<\/small><\/p>\n","protected":false},"featured_media":68847,"template":"","meta":[],"product_brand":[],"product_cat":[7380,8477],"product_tag":[9079,8047,8403,7400,7416,9964,7196,7986,7442,8274,8520,9384,8482],"class_list":{"0":"post-123487","1":"product","2":"type-product","3":"status-publish","4":"has-post-thumbnail","6":"product_cat-herstellung-von-baby-beisspielzeug-materialien-fur-schnuller-und-beisringe","7":"product_cat-regenbogen-luftballons-bisspuren-perlen-clips","8":"product_tag-100-de","9":"product_tag-buche","10":"product_tag-dummy-clip","11":"product_tag-eingraviert","12":"product_tag-gummischnur","13":"product_tag-hohe-qualitat","14":"product_tag-holz","15":"product_tag-kindersicher","16":"product_tag-kinderwagenkette","17":"product_tag-mit","18":"product_tag-name","19":"product_tag-playstring","20":"product_tag-regenbogen-de","22":"first","23":"outofstock","24":"taxable","25":"shipping-taxable","26":"purchasable","27":"product-type-simple"},"bundled_by":[],"bundle_stock_status":"outofstock","bundle_stock_quantity":0,"bundle_virtual":false,"bundle_layout":"","bundle_add_to_cart_form_location":"","bundle_editable_in_cart":false,"bundle_sold_individually_context":"","bundle_item_grouping":"","bundle_min_size":"","bundle_max_size":"","bundle_price":[],"bundled_items":[],"bundle_sell_ids":[],"yoast_head":"<!-- This site is optimized with the Yoast SEO Premium plugin v27.6 (Yoast SEO v27.6) - https:\/\/yoast.com\/product\/yoast-seo-premium-wordpress\/ -->\n<title>Schnullerclips aus Holz - Nuckelclip Regenbogen graviert - Buchenholz |<\/title>\n<meta name=\"description\" content=\"Schnullerclips mit Regenbogengravur aus rohem Buchenholz. Hochwertige und g\u00fcnstige Schnullerclips f\u00fcr Ihre Schnullerschn\u00fcre. Sofort verf\u00fcgbar.\" \/>\n<meta name=\"robots\" content=\"index, follow, max-snippet:-1, max-image-preview:large, max-video-preview:-1\" \/>\n<link rel=\"canonical\" href=\"https:\/\/www.jootjeshaakcadeautjes.nl\/de\/produkt\/schnullerclip-24\/\" \/>\n<meta property=\"og:locale\" content=\"de_DE\" \/>\n<meta property=\"og:type\" content=\"article\" \/>\n<meta property=\"og:title\" content=\"Schnullerclips aus Holz - Nuckelclip Regenbogen graviert - Buchenholz\" \/>\n<meta property=\"og:description\" content=\"Schnullerclips mit Regenbogengravur aus rohem Buchenholz. Hochwertige und g\u00fcnstige Schnullerclips f\u00fcr Ihre Schnullerschn\u00fcre. Sofort verf\u00fcgbar.\" \/>\n<meta property=\"og:url\" content=\"https:\/\/www.jootjeshaakcadeautjes.nl\/de\/produkt\/schnullerclip-24\/\" \/>\n<meta property=\"og:site_name\" content=\"Jootjes Haakcadeautjes\" \/>\n<meta property=\"article:modified_time\" content=\"2026-02-19T11:39:52+00:00\" \/>\n<meta property=\"og:image\" content=\"https:\/\/www.jootjeshaakcadeautjes.nl\/wp-content\/uploads\/2020\/04\/20200330_210835.jpg\" \/>\n\t<meta property=\"og:image:width\" content=\"801\" \/>\n\t<meta property=\"og:image:height\" content=\"801\" \/>\n\t<meta property=\"og:image:type\" content=\"image\/jpeg\" \/>\n<meta name=\"twitter:card\" content=\"summary_large_image\" \/>\n<meta name=\"twitter:label1\" content=\"Preis\" \/>\n\t<meta name=\"twitter:data1\" content=\"&euro;1.60 inkl. MwSt.\" \/>\n\t<meta name=\"twitter:label2\" content=\"Verf\u00fcgbarkeit\" \/>\n\t<meta name=\"twitter:data2\" content=\"ausverkauft\" \/>\n<script type=\"application\/ld+json\" class=\"yoast-schema-graph\">{\"@context\":\"https:\\\/\\\/schema.org\",\"@graph\":[{\"@type\":\"WebPage\",\"@id\":\"https:\\\/\\\/www.jootjeshaakcadeautjes.nl\\\/de\\\/produkt\\\/schnullerclip-24\\\/\",\"url\":\"https:\\\/\\\/www.jootjeshaakcadeautjes.nl\\\/de\\\/produkt\\\/schnullerclip-24\\\/\",\"name\":\"Schnullerclips aus Holz - Nuckelclip Regenbogen graviert - Buchenholz |\",\"isPartOf\":{\"@id\":\"https:\\\/\\\/www.jootjeshaakcadeautjes.nl\\\/de\\\/#website\"},\"primaryImageOfPage\":{\"@id\":\"https:\\\/\\\/www.jootjeshaakcadeautjes.nl\\\/de\\\/produkt\\\/schnullerclip-24\\\/#primaryimage\"},\"image\":{\"@id\":\"https:\\\/\\\/www.jootjeshaakcadeautjes.nl\\\/de\\\/produkt\\\/schnullerclip-24\\\/#primaryimage\"},\"thumbnailUrl\":\"https:\\\/\\\/d1dyryakdmle7o.cloudfront.net\\\/wp-content\\\/uploads\\\/2020\\\/04\\\/20200330_210835.jpg\",\"datePublished\":\"2020-04-05T23:03:57+00:00\",\"dateModified\":\"2026-02-19T11:39:52+00:00\",\"description\":\"Schnullerclips mit Regenbogengravur aus rohem Buchenholz. Hochwertige und g\u00fcnstige Schnullerclips f\u00fcr Ihre Schnullerschn\u00fcre. Sofort verf\u00fcgbar.\",\"breadcrumb\":{\"@id\":\"https:\\\/\\\/www.jootjeshaakcadeautjes.nl\\\/de\\\/produkt\\\/schnullerclip-24\\\/#breadcrumb\"},\"inLanguage\":\"de\",\"potentialAction\":[{\"@type\":\"ReadAction\",\"target\":[\"https:\\\/\\\/www.jootjeshaakcadeautjes.nl\\\/de\\\/produkt\\\/schnullerclip-24\\\/\"]}]},{\"@type\":\"ImageObject\",\"inLanguage\":\"de\",\"@id\":\"https:\\\/\\\/www.jootjeshaakcadeautjes.nl\\\/de\\\/produkt\\\/schnullerclip-24\\\/#primaryimage\",\"url\":\"https:\\\/\\\/d1dyryakdmle7o.cloudfront.net\\\/wp-content\\\/uploads\\\/2020\\\/04\\\/20200330_210835.jpg\",\"contentUrl\":\"https:\\\/\\\/d1dyryakdmle7o.cloudfront.net\\\/wp-content\\\/uploads\\\/2020\\\/04\\\/20200330_210835.jpg\",\"width\":801,\"height\":801,\"caption\":\"Schnullerclip Regenbogen mit Gravur\"},{\"@type\":\"BreadcrumbList\",\"@id\":\"https:\\\/\\\/www.jootjeshaakcadeautjes.nl\\\/de\\\/produkt\\\/schnullerclip-24\\\/#breadcrumb\",\"itemListElement\":[{\"@type\":\"ListItem\",\"position\":1,\"name\":\"Startseite\",\"item\":\"https:\\\/\\\/www.jootjeshaakcadeautjes.nl\\\/de\\\/\"},{\"@type\":\"ListItem\",\"position\":2,\"name\":\"Gro\u00dfhandel mit Silikonperlen &#8211; Business und Consumer\",\"item\":\"https:\\\/\\\/www.jootjeshaakcadeautjes.nl\\\/de\\\/shop\\\/\"},{\"@type\":\"ListItem\",\"position\":3,\"name\":\"Schnullerclips aus Holz &#8211; Nuckelclip Regenbogen graviert &#8211; Buchenholz\"}]},{\"@type\":\"WebSite\",\"@id\":\"https:\\\/\\\/www.jootjeshaakcadeautjes.nl\\\/de\\\/#website\",\"url\":\"https:\\\/\\\/www.jootjeshaakcadeautjes.nl\\\/de\\\/\",\"name\":\"Jootjes Haakcadeautjes\",\"description\":\"Silikonperlen Gro\u00dfhandel \",\"publisher\":{\"@id\":\"https:\\\/\\\/www.jootjeshaakcadeautjes.nl\\\/de\\\/#organization\"},\"potentialAction\":[{\"@type\":\"SearchAction\",\"target\":{\"@type\":\"EntryPoint\",\"urlTemplate\":\"https:\\\/\\\/www.jootjeshaakcadeautjes.nl\\\/de\\\/?s={search_term_string}\"},\"query-input\":{\"@type\":\"PropertyValueSpecification\",\"valueRequired\":true,\"valueName\":\"search_term_string\"}}],\"inLanguage\":\"de\"},{\"@type\":\"Organization\",\"@id\":\"https:\\\/\\\/www.jootjeshaakcadeautjes.nl\\\/de\\\/#organization\",\"name\":\"Jootjes Haakcadeautjes\",\"url\":\"https:\\\/\\\/www.jootjeshaakcadeautjes.nl\\\/de\\\/\",\"logo\":{\"@type\":\"ImageObject\",\"inLanguage\":\"de\",\"@id\":\"https:\\\/\\\/www.jootjeshaakcadeautjes.nl\\\/de\\\/#\\\/schema\\\/logo\\\/image\\\/\",\"url\":\"https:\\\/\\\/d1dyryakdmle7o.cloudfront.net\\\/wp-content\\\/uploads\\\/2023\\\/05\\\/Logo-rond.png\",\"contentUrl\":\"https:\\\/\\\/d1dyryakdmle7o.cloudfront.net\\\/wp-content\\\/uploads\\\/2023\\\/05\\\/Logo-rond.png\",\"width\":1222,\"height\":1222,\"caption\":\"Jootjes Haakcadeautjes\"},\"image\":{\"@id\":\"https:\\\/\\\/www.jootjeshaakcadeautjes.nl\\\/de\\\/#\\\/schema\\\/logo\\\/image\\\/\"}}]}<\/script>\n<meta property=\"product:price:amount\" content=\"1.60\" \/>\n<meta property=\"product:price:currency\" content=\"EUR\" \/>\n<meta property=\"og:availability\" content=\"out of stock\" \/>\n<meta property=\"product:availability\" content=\"out of stock\" \/>\n<meta property=\"product:retailer_item_id\" content=\"SPC-HOU-RGB\" \/>\n<meta property=\"product:condition\" content=\"new\" \/>\n<!-- \/ Yoast SEO Premium plugin. -->","yoast_head_json":{"title":"Schnullerclips aus Holz - Nuckelclip Regenbogen graviert - Buchenholz |","description":"Schnullerclips mit Regenbogengravur aus rohem Buchenholz. Hochwertige und g\u00fcnstige Schnullerclips f\u00fcr Ihre Schnullerschn\u00fcre. Sofort verf\u00fcgbar.","robots":{"index":"index","follow":"follow","max-snippet":"max-snippet:-1","max-image-preview":"max-image-preview:large","max-video-preview":"max-video-preview:-1"},"canonical":"https:\/\/www.jootjeshaakcadeautjes.nl\/de\/produkt\/schnullerclip-24\/","og_locale":"de_DE","og_type":"article","og_title":"Schnullerclips aus Holz - Nuckelclip Regenbogen graviert - Buchenholz","og_description":"Schnullerclips mit Regenbogengravur aus rohem Buchenholz. Hochwertige und g\u00fcnstige Schnullerclips f\u00fcr Ihre Schnullerschn\u00fcre. Sofort verf\u00fcgbar.","og_url":"https:\/\/www.jootjeshaakcadeautjes.nl\/de\/produkt\/schnullerclip-24\/","og_site_name":"Jootjes Haakcadeautjes","article_modified_time":"2026-02-19T11:39:52+00:00","og_image":[{"width":801,"height":801,"url":"https:\/\/www.jootjeshaakcadeautjes.nl\/wp-content\/uploads\/2020\/04\/20200330_210835.jpg","type":"image\/jpeg"}],"twitter_card":"summary_large_image","twitter_misc":{"Preis":"&euro;1.60 inkl. MwSt.","Verf\u00fcgbarkeit":"ausverkauft"},"schema":{"@context":"https:\/\/schema.org","@graph":[{"@type":"WebPage","@id":"https:\/\/www.jootjeshaakcadeautjes.nl\/de\/produkt\/schnullerclip-24\/","url":"https:\/\/www.jootjeshaakcadeautjes.nl\/de\/produkt\/schnullerclip-24\/","name":"Schnullerclips aus Holz - Nuckelclip Regenbogen graviert - Buchenholz |","isPartOf":{"@id":"https:\/\/www.jootjeshaakcadeautjes.nl\/de\/#website"},"primaryImageOfPage":{"@id":"https:\/\/www.jootjeshaakcadeautjes.nl\/de\/produkt\/schnullerclip-24\/#primaryimage"},"image":{"@id":"https:\/\/www.jootjeshaakcadeautjes.nl\/de\/produkt\/schnullerclip-24\/#primaryimage"},"thumbnailUrl":"https:\/\/d1dyryakdmle7o.cloudfront.net\/wp-content\/uploads\/2020\/04\/20200330_210835.jpg","datePublished":"2020-04-05T23:03:57+00:00","dateModified":"2026-02-19T11:39:52+00:00","description":"Schnullerclips mit Regenbogengravur aus rohem Buchenholz. Hochwertige und g\u00fcnstige Schnullerclips f\u00fcr Ihre Schnullerschn\u00fcre. Sofort verf\u00fcgbar.","breadcrumb":{"@id":"https:\/\/www.jootjeshaakcadeautjes.nl\/de\/produkt\/schnullerclip-24\/#breadcrumb"},"inLanguage":"de","potentialAction":[{"@type":"ReadAction","target":["https:\/\/www.jootjeshaakcadeautjes.nl\/de\/produkt\/schnullerclip-24\/"]}]},{"@type":"ImageObject","inLanguage":"de","@id":"https:\/\/www.jootjeshaakcadeautjes.nl\/de\/produkt\/schnullerclip-24\/#primaryimage","url":"https:\/\/d1dyryakdmle7o.cloudfront.net\/wp-content\/uploads\/2020\/04\/20200330_210835.jpg","contentUrl":"https:\/\/d1dyryakdmle7o.cloudfront.net\/wp-content\/uploads\/2020\/04\/20200330_210835.jpg","width":801,"height":801,"caption":"Schnullerclip Regenbogen mit Gravur"},{"@type":"BreadcrumbList","@id":"https:\/\/www.jootjeshaakcadeautjes.nl\/de\/produkt\/schnullerclip-24\/#breadcrumb","itemListElement":[{"@type":"ListItem","position":1,"name":"Startseite","item":"https:\/\/www.jootjeshaakcadeautjes.nl\/de\/"},{"@type":"ListItem","position":2,"name":"Gro\u00dfhandel mit Silikonperlen &#8211; Business und Consumer","item":"https:\/\/www.jootjeshaakcadeautjes.nl\/de\/shop\/"},{"@type":"ListItem","position":3,"name":"Schnullerclips aus Holz &#8211; Nuckelclip Regenbogen graviert &#8211; Buchenholz"}]},{"@type":"WebSite","@id":"https:\/\/www.jootjeshaakcadeautjes.nl\/de\/#website","url":"https:\/\/www.jootjeshaakcadeautjes.nl\/de\/","name":"Jootjes Haakcadeautjes","description":"Silikonperlen Gro\u00dfhandel ","publisher":{"@id":"https:\/\/www.jootjeshaakcadeautjes.nl\/de\/#organization"},"potentialAction":[{"@type":"SearchAction","target":{"@type":"EntryPoint","urlTemplate":"https:\/\/www.jootjeshaakcadeautjes.nl\/de\/?s={search_term_string}"},"query-input":{"@type":"PropertyValueSpecification","valueRequired":true,"valueName":"search_term_string"}}],"inLanguage":"de"},{"@type":"Organization","@id":"https:\/\/www.jootjeshaakcadeautjes.nl\/de\/#organization","name":"Jootjes Haakcadeautjes","url":"https:\/\/www.jootjeshaakcadeautjes.nl\/de\/","logo":{"@type":"ImageObject","inLanguage":"de","@id":"https:\/\/www.jootjeshaakcadeautjes.nl\/de\/#\/schema\/logo\/image\/","url":"https:\/\/d1dyryakdmle7o.cloudfront.net\/wp-content\/uploads\/2023\/05\/Logo-rond.png","contentUrl":"https:\/\/d1dyryakdmle7o.cloudfront.net\/wp-content\/uploads\/2023\/05\/Logo-rond.png","width":1222,"height":1222,"caption":"Jootjes Haakcadeautjes"},"image":{"@id":"https:\/\/www.jootjeshaakcadeautjes.nl\/de\/#\/schema\/logo\/image\/"}}]},"product_price_amount":"1.60","product_price_currency":"EUR","og_availability":"out of stock","product_availability":"out of stock","product_retailer_item_id":"SPC-HOU-RGB","product_condition":"new"},"_links":{"self":[{"href":"https:\/\/www.jootjeshaakcadeautjes.nl\/de\/wp-json\/wp\/v2\/product\/123487","targetHints":{"allow":["GET"]}}],"collection":[{"href":"https:\/\/www.jootjeshaakcadeautjes.nl\/de\/wp-json\/wp\/v2\/product"}],"about":[{"href":"https:\/\/www.jootjeshaakcadeautjes.nl\/de\/wp-json\/wp\/v2\/types\/product"}],"version-history":[{"count":0,"href":"https:\/\/www.jootjeshaakcadeautjes.nl\/de\/wp-json\/wp\/v2\/product\/123487\/revisions"}],"wp:featuredmedia":[{"embeddable":true,"href":"https:\/\/www.jootjeshaakcadeautjes.nl\/de\/wp-json\/wp\/v2\/media\/68847"}],"wp:attachment":[{"href":"https:\/\/www.jootjeshaakcadeautjes.nl\/de\/wp-json\/wp\/v2\/media?parent=123487"}],"wp:term":[{"taxonomy":"product_brand","embeddable":true,"href":"https:\/\/www.jootjeshaakcadeautjes.nl\/de\/wp-json\/wp\/v2\/product_brand?post=123487"},{"taxonomy":"product_cat","embeddable":true,"href":"https:\/\/www.jootjeshaakcadeautjes.nl\/de\/wp-json\/wp\/v2\/product_cat?post=123487"},{"taxonomy":"product_tag","embeddable":true,"href":"https:\/\/www.jootjeshaakcadeautjes.nl\/de\/wp-json\/wp\/v2\/product_tag?post=123487"}],"curies":[{"name":"wp","href":"https:\/\/api.w.org\/{rel}","templated":true}]}}