{"id":123511,"date":"2020-03-22T10:16:04","date_gmt":"2020-03-22T08:16:04","guid":{"rendered":"https:\/\/www.jootjeshaakcadeautjes.nl\/product\/bell-15-mm-silver-piece-2\/"},"modified":"2025-10-05T22:15:47","modified_gmt":"2025-10-05T20:15:47","slug":"bell-15-mm-silver-piece-2","status":"publish","type":"product","link":"https:\/\/www.jootjeshaakcadeautjes.nl\/de\/produkt\/bell-15-mm-silver-piece-2\/","title":{"rendered":"Glocke &#8211; 15 mm &#8211; Silber &#8211; Pro St\u00fcck"},"content":{"rendered":"<h2>Spezifikationen:<\/h2>\n<ul>\n<li>Farbe: Silber<\/li>\n<li>Gr\u00f6\u00dfe: 15 mm mit Befestigungsring<\/li>\n<li>Einzeln verkauft<\/li>\n<\/ul>\n<h3>Wozu werden diese Blasen h\u00e4ufig verwendet?<\/h3>\n<p>Die Silbergl\u00f6ckchen werden h\u00e4ufig zur Verzierung von geh\u00e4kelten Amigurumi verwendet. Daher werden diese Glocken in den Entw\u00fcrfen von Kristel Droog h\u00e4ufig verwendet. Unter anderem in ihrem Buch: &#8220;My Cuddles from Sock Wool&#8221; (H\u00e4kelmuster Schaf Mollie und K\u00e4tzchen Mauw) und ihre B\u00fccher &#8220;My Dogs from Sock Wool&#8221; und &#8220;My Dogs from Sock Wool 2&#8221;. Die geh\u00e4kelten Hunde haben oft ein Halsband, zu dem eine Glocke eine sch\u00f6ne Erg\u00e4nzung ist.<\/p>\n<p>Dar\u00fcber hinaus werden Glocken heutzutage immer h\u00e4ufiger in handgefertigtem Babyspielzeug verwendet.<\/p>\n<h3>Wozu werden diese Blasen h\u00e4ufig verwendet?<\/h3>\n<p>DISCLAIMER: Wir raten zun\u00e4chst von der Verwendung von Gl\u00f6ckchen in Babyspielzeug ab. Wenn sie trotzdem verwendet werden, achten Sie auf die Befestigung. Die Blasen sind klein und rund und lassen sich leichter abl\u00f6sen. Dar\u00fcber hinaus k\u00f6nnen sie sich bei hohem Druck verformen (innen hohl). Jootjes Haakcadeautjes haftet nicht f\u00fcr Sch\u00e4den, die durch den Gebrauch des Endprodukts entstehen. Nur unter strenger Aufsicht eines verantwortlichen Erwachsenen verwenden.<\/p>\n<p>&nbsp;<\/p>\n","protected":false},"excerpt":{"rendered":"<p>Farbe: Silber, mit Befestigungsring.<br \/>\nGr\u00f6\u00dfe: 15 mm<br \/>\nEinzeln verkauft.<\/p>\n<p>Wird u. a. zur Verzierung von Amigurumi und Babyspielzeug verwendet.<br \/>\nLesen Sie unseren Haftungsausschluss am Ende der Seite.<\/p>\n<p>&nbsp;<\/p>\n","protected":false},"featured_media":69984,"template":"","meta":[],"product_brand":[],"product_cat":[8247,8821],"product_tag":[9097,9104,8305,9172,9543,9175,7397,8180],"class_list":{"0":"post-123511","1":"product","2":"type-product","3":"status-publish","4":"has-post-thumbnail","6":"product_cat-bastelmaterial-hakelzubehor","7":"product_cat-rasselscheiben-rasselperlen-quietscher-knisterfolie-und-glockchen","8":"product_tag-15-de","9":"product_tag-15mm-de","10":"product_tag-amigurumi-de","11":"product_tag-aufrufen","12":"product_tag-babyspielzeug","13":"product_tag-glocke","14":"product_tag-mm-de","15":"product_tag-silber-de","17":"first","18":"instock","19":"taxable","20":"shipping-taxable","21":"purchasable","22":"product-type-simple"},"bundled_by":[],"bundle_stock_status":"instock","bundle_stock_quantity":76,"bundle_virtual":false,"bundle_layout":"","bundle_add_to_cart_form_location":"","bundle_editable_in_cart":false,"bundle_sold_individually_context":"","bundle_item_grouping":"","bundle_min_size":"","bundle_max_size":"","bundle_price":[],"bundled_items":[],"bundle_sell_ids":[],"yoast_head":"<!-- This site is optimized with the Yoast SEO Premium plugin v27.6 (Yoast SEO v27.6) - https:\/\/yoast.com\/product\/yoast-seo-premium-wordpress\/ -->\n<title>Glocke - 15 mm - Silber - Pro St\u00fcck - Jootjes Haakcadeautjes<\/title>\n<meta name=\"description\" content=\"Glocke, Clown- oder Joker-Puppenrassel, Amigurumi, Schnullerschnur oder Kinderwagenaufh\u00e4nger. Klarer Klang, blei- und bpa-frei. Silber\" \/>\n<meta name=\"robots\" content=\"index, follow, max-snippet:-1, max-image-preview:large, max-video-preview:-1\" \/>\n<link rel=\"canonical\" href=\"https:\/\/www.jootjeshaakcadeautjes.nl\/de\/produkt\/bell-15-mm-silver-piece-2\/\" \/>\n<meta property=\"og:locale\" content=\"de_DE\" \/>\n<meta property=\"og:type\" content=\"article\" \/>\n<meta property=\"og:title\" content=\"Glocke - 15 mm - Silber - Pro St\u00fcck\" \/>\n<meta property=\"og:description\" content=\"Glocke, Clown- oder Joker-Puppenrassel, Amigurumi, Schnullerschnur oder Kinderwagenaufh\u00e4nger. Klarer Klang, blei- und bpa-frei. Silber\" \/>\n<meta property=\"og:url\" content=\"https:\/\/www.jootjeshaakcadeautjes.nl\/de\/produkt\/bell-15-mm-silver-piece-2\/\" \/>\n<meta property=\"og:site_name\" content=\"Jootjes Haakcadeautjes\" \/>\n<meta property=\"article:modified_time\" content=\"2025-10-05T20:15:47+00:00\" \/>\n<meta property=\"og:image\" content=\"https:\/\/www.jootjeshaakcadeautjes.nl\/wp-content\/uploads\/2020\/06\/20200608_211435.jpg\" \/>\n\t<meta property=\"og:image:width\" content=\"1217\" \/>\n\t<meta property=\"og:image:height\" content=\"1217\" \/>\n\t<meta property=\"og:image:type\" content=\"image\/jpeg\" \/>\n<meta name=\"twitter:card\" content=\"summary_large_image\" \/>\n<meta name=\"twitter:label1\" content=\"Preis\" \/>\n\t<meta name=\"twitter:data1\" content=\"&euro;0.30 inkl. MwSt.\" \/>\n\t<meta name=\"twitter:label2\" content=\"Verf\u00fcgbarkeit\" \/>\n\t<meta name=\"twitter:data2\" content=\"Auf Lager\" \/>\n<script type=\"application\/ld+json\" class=\"yoast-schema-graph\">{\"@context\":\"https:\\\/\\\/schema.org\",\"@graph\":[{\"@type\":\"WebPage\",\"@id\":\"https:\\\/\\\/www.jootjeshaakcadeautjes.nl\\\/de\\\/produkt\\\/bell-15-mm-silver-piece-2\\\/\",\"url\":\"https:\\\/\\\/www.jootjeshaakcadeautjes.nl\\\/de\\\/produkt\\\/bell-15-mm-silver-piece-2\\\/\",\"name\":\"Glocke - 15 mm - Silber - Pro St\u00fcck - Jootjes Haakcadeautjes\",\"isPartOf\":{\"@id\":\"https:\\\/\\\/www.jootjeshaakcadeautjes.nl\\\/de\\\/#website\"},\"primaryImageOfPage\":{\"@id\":\"https:\\\/\\\/www.jootjeshaakcadeautjes.nl\\\/de\\\/produkt\\\/bell-15-mm-silver-piece-2\\\/#primaryimage\"},\"image\":{\"@id\":\"https:\\\/\\\/www.jootjeshaakcadeautjes.nl\\\/de\\\/produkt\\\/bell-15-mm-silver-piece-2\\\/#primaryimage\"},\"thumbnailUrl\":\"https:\\\/\\\/d1dyryakdmle7o.cloudfront.net\\\/wp-content\\\/uploads\\\/2020\\\/06\\\/20200608_211435.jpg\",\"datePublished\":\"2020-03-22T08:16:04+00:00\",\"dateModified\":\"2025-10-05T20:15:47+00:00\",\"description\":\"Glocke, Clown- oder Joker-Puppenrassel, Amigurumi, Schnullerschnur oder Kinderwagenaufh\u00e4nger. Klarer Klang, blei- und bpa-frei. Silber\",\"breadcrumb\":{\"@id\":\"https:\\\/\\\/www.jootjeshaakcadeautjes.nl\\\/de\\\/produkt\\\/bell-15-mm-silver-piece-2\\\/#breadcrumb\"},\"inLanguage\":\"de\",\"potentialAction\":[{\"@type\":\"ReadAction\",\"target\":[\"https:\\\/\\\/www.jootjeshaakcadeautjes.nl\\\/de\\\/produkt\\\/bell-15-mm-silver-piece-2\\\/\"]}]},{\"@type\":\"ImageObject\",\"inLanguage\":\"de\",\"@id\":\"https:\\\/\\\/www.jootjeshaakcadeautjes.nl\\\/de\\\/produkt\\\/bell-15-mm-silver-piece-2\\\/#primaryimage\",\"url\":\"https:\\\/\\\/d1dyryakdmle7o.cloudfront.net\\\/wp-content\\\/uploads\\\/2020\\\/06\\\/20200608_211435.jpg\",\"contentUrl\":\"https:\\\/\\\/d1dyryakdmle7o.cloudfront.net\\\/wp-content\\\/uploads\\\/2020\\\/06\\\/20200608_211435.jpg\",\"width\":1217,\"height\":1217,\"caption\":\"Silberne Gl\u00f6ckchen 18 mm f\u00fcr Haken und Bei\u00dfring\"},{\"@type\":\"BreadcrumbList\",\"@id\":\"https:\\\/\\\/www.jootjeshaakcadeautjes.nl\\\/de\\\/produkt\\\/bell-15-mm-silver-piece-2\\\/#breadcrumb\",\"itemListElement\":[{\"@type\":\"ListItem\",\"position\":1,\"name\":\"Startseite\",\"item\":\"https:\\\/\\\/www.jootjeshaakcadeautjes.nl\\\/de\\\/\"},{\"@type\":\"ListItem\",\"position\":2,\"name\":\"Gro\u00dfhandel mit Silikonperlen &#8211; Business und Consumer\",\"item\":\"https:\\\/\\\/www.jootjeshaakcadeautjes.nl\\\/de\\\/shop\\\/\"},{\"@type\":\"ListItem\",\"position\":3,\"name\":\"Glocke &#8211; 15 mm &#8211; Silber &#8211; Pro St\u00fcck\"}]},{\"@type\":\"WebSite\",\"@id\":\"https:\\\/\\\/www.jootjeshaakcadeautjes.nl\\\/de\\\/#website\",\"url\":\"https:\\\/\\\/www.jootjeshaakcadeautjes.nl\\\/de\\\/\",\"name\":\"Jootjes Haakcadeautjes\",\"description\":\"Silikonperlen Gro\u00dfhandel \",\"publisher\":{\"@id\":\"https:\\\/\\\/www.jootjeshaakcadeautjes.nl\\\/de\\\/#organization\"},\"potentialAction\":[{\"@type\":\"SearchAction\",\"target\":{\"@type\":\"EntryPoint\",\"urlTemplate\":\"https:\\\/\\\/www.jootjeshaakcadeautjes.nl\\\/de\\\/?s={search_term_string}\"},\"query-input\":{\"@type\":\"PropertyValueSpecification\",\"valueRequired\":true,\"valueName\":\"search_term_string\"}}],\"inLanguage\":\"de\"},{\"@type\":\"Organization\",\"@id\":\"https:\\\/\\\/www.jootjeshaakcadeautjes.nl\\\/de\\\/#organization\",\"name\":\"Jootjes Haakcadeautjes\",\"url\":\"https:\\\/\\\/www.jootjeshaakcadeautjes.nl\\\/de\\\/\",\"logo\":{\"@type\":\"ImageObject\",\"inLanguage\":\"de\",\"@id\":\"https:\\\/\\\/www.jootjeshaakcadeautjes.nl\\\/de\\\/#\\\/schema\\\/logo\\\/image\\\/\",\"url\":\"https:\\\/\\\/d1dyryakdmle7o.cloudfront.net\\\/wp-content\\\/uploads\\\/2023\\\/05\\\/Logo-rond.png\",\"contentUrl\":\"https:\\\/\\\/d1dyryakdmle7o.cloudfront.net\\\/wp-content\\\/uploads\\\/2023\\\/05\\\/Logo-rond.png\",\"width\":1222,\"height\":1222,\"caption\":\"Jootjes Haakcadeautjes\"},\"image\":{\"@id\":\"https:\\\/\\\/www.jootjeshaakcadeautjes.nl\\\/de\\\/#\\\/schema\\\/logo\\\/image\\\/\"}}]}<\/script>\n<meta property=\"product:price:amount\" content=\"0.30\" \/>\n<meta property=\"product:price:currency\" content=\"EUR\" \/>\n<meta property=\"og:availability\" content=\"instock\" \/>\n<meta property=\"product:availability\" content=\"instock\" \/>\n<meta property=\"product:retailer_item_id\" content=\"BEL-ZIL-015\" \/>\n<meta property=\"product:condition\" content=\"new\" \/>\n<!-- \/ Yoast SEO Premium plugin. -->","yoast_head_json":{"title":"Glocke - 15 mm - Silber - Pro St\u00fcck - Jootjes Haakcadeautjes","description":"Glocke, Clown- oder Joker-Puppenrassel, Amigurumi, Schnullerschnur oder Kinderwagenaufh\u00e4nger. Klarer Klang, blei- und bpa-frei. Silber","robots":{"index":"index","follow":"follow","max-snippet":"max-snippet:-1","max-image-preview":"max-image-preview:large","max-video-preview":"max-video-preview:-1"},"canonical":"https:\/\/www.jootjeshaakcadeautjes.nl\/de\/produkt\/bell-15-mm-silver-piece-2\/","og_locale":"de_DE","og_type":"article","og_title":"Glocke - 15 mm - Silber - Pro St\u00fcck","og_description":"Glocke, Clown- oder Joker-Puppenrassel, Amigurumi, Schnullerschnur oder Kinderwagenaufh\u00e4nger. Klarer Klang, blei- und bpa-frei. Silber","og_url":"https:\/\/www.jootjeshaakcadeautjes.nl\/de\/produkt\/bell-15-mm-silver-piece-2\/","og_site_name":"Jootjes Haakcadeautjes","article_modified_time":"2025-10-05T20:15:47+00:00","og_image":[{"width":1217,"height":1217,"url":"https:\/\/www.jootjeshaakcadeautjes.nl\/wp-content\/uploads\/2020\/06\/20200608_211435.jpg","type":"image\/jpeg"}],"twitter_card":"summary_large_image","twitter_misc":{"Preis":"&euro;0.30 inkl. MwSt.","Verf\u00fcgbarkeit":"Auf Lager"},"schema":{"@context":"https:\/\/schema.org","@graph":[{"@type":"WebPage","@id":"https:\/\/www.jootjeshaakcadeautjes.nl\/de\/produkt\/bell-15-mm-silver-piece-2\/","url":"https:\/\/www.jootjeshaakcadeautjes.nl\/de\/produkt\/bell-15-mm-silver-piece-2\/","name":"Glocke - 15 mm - Silber - Pro St\u00fcck - Jootjes Haakcadeautjes","isPartOf":{"@id":"https:\/\/www.jootjeshaakcadeautjes.nl\/de\/#website"},"primaryImageOfPage":{"@id":"https:\/\/www.jootjeshaakcadeautjes.nl\/de\/produkt\/bell-15-mm-silver-piece-2\/#primaryimage"},"image":{"@id":"https:\/\/www.jootjeshaakcadeautjes.nl\/de\/produkt\/bell-15-mm-silver-piece-2\/#primaryimage"},"thumbnailUrl":"https:\/\/d1dyryakdmle7o.cloudfront.net\/wp-content\/uploads\/2020\/06\/20200608_211435.jpg","datePublished":"2020-03-22T08:16:04+00:00","dateModified":"2025-10-05T20:15:47+00:00","description":"Glocke, Clown- oder Joker-Puppenrassel, Amigurumi, Schnullerschnur oder Kinderwagenaufh\u00e4nger. Klarer Klang, blei- und bpa-frei. Silber","breadcrumb":{"@id":"https:\/\/www.jootjeshaakcadeautjes.nl\/de\/produkt\/bell-15-mm-silver-piece-2\/#breadcrumb"},"inLanguage":"de","potentialAction":[{"@type":"ReadAction","target":["https:\/\/www.jootjeshaakcadeautjes.nl\/de\/produkt\/bell-15-mm-silver-piece-2\/"]}]},{"@type":"ImageObject","inLanguage":"de","@id":"https:\/\/www.jootjeshaakcadeautjes.nl\/de\/produkt\/bell-15-mm-silver-piece-2\/#primaryimage","url":"https:\/\/d1dyryakdmle7o.cloudfront.net\/wp-content\/uploads\/2020\/06\/20200608_211435.jpg","contentUrl":"https:\/\/d1dyryakdmle7o.cloudfront.net\/wp-content\/uploads\/2020\/06\/20200608_211435.jpg","width":1217,"height":1217,"caption":"Silberne Gl\u00f6ckchen 18 mm f\u00fcr Haken und Bei\u00dfring"},{"@type":"BreadcrumbList","@id":"https:\/\/www.jootjeshaakcadeautjes.nl\/de\/produkt\/bell-15-mm-silver-piece-2\/#breadcrumb","itemListElement":[{"@type":"ListItem","position":1,"name":"Startseite","item":"https:\/\/www.jootjeshaakcadeautjes.nl\/de\/"},{"@type":"ListItem","position":2,"name":"Gro\u00dfhandel mit Silikonperlen &#8211; Business und Consumer","item":"https:\/\/www.jootjeshaakcadeautjes.nl\/de\/shop\/"},{"@type":"ListItem","position":3,"name":"Glocke &#8211; 15 mm &#8211; Silber &#8211; Pro St\u00fcck"}]},{"@type":"WebSite","@id":"https:\/\/www.jootjeshaakcadeautjes.nl\/de\/#website","url":"https:\/\/www.jootjeshaakcadeautjes.nl\/de\/","name":"Jootjes Haakcadeautjes","description":"Silikonperlen Gro\u00dfhandel ","publisher":{"@id":"https:\/\/www.jootjeshaakcadeautjes.nl\/de\/#organization"},"potentialAction":[{"@type":"SearchAction","target":{"@type":"EntryPoint","urlTemplate":"https:\/\/www.jootjeshaakcadeautjes.nl\/de\/?s={search_term_string}"},"query-input":{"@type":"PropertyValueSpecification","valueRequired":true,"valueName":"search_term_string"}}],"inLanguage":"de"},{"@type":"Organization","@id":"https:\/\/www.jootjeshaakcadeautjes.nl\/de\/#organization","name":"Jootjes Haakcadeautjes","url":"https:\/\/www.jootjeshaakcadeautjes.nl\/de\/","logo":{"@type":"ImageObject","inLanguage":"de","@id":"https:\/\/www.jootjeshaakcadeautjes.nl\/de\/#\/schema\/logo\/image\/","url":"https:\/\/d1dyryakdmle7o.cloudfront.net\/wp-content\/uploads\/2023\/05\/Logo-rond.png","contentUrl":"https:\/\/d1dyryakdmle7o.cloudfront.net\/wp-content\/uploads\/2023\/05\/Logo-rond.png","width":1222,"height":1222,"caption":"Jootjes Haakcadeautjes"},"image":{"@id":"https:\/\/www.jootjeshaakcadeautjes.nl\/de\/#\/schema\/logo\/image\/"}}]},"product_price_amount":"0.30","product_price_currency":"EUR","og_availability":"instock","product_availability":"instock","product_retailer_item_id":"BEL-ZIL-015","product_condition":"new"},"_links":{"self":[{"href":"https:\/\/www.jootjeshaakcadeautjes.nl\/de\/wp-json\/wp\/v2\/product\/123511","targetHints":{"allow":["GET"]}}],"collection":[{"href":"https:\/\/www.jootjeshaakcadeautjes.nl\/de\/wp-json\/wp\/v2\/product"}],"about":[{"href":"https:\/\/www.jootjeshaakcadeautjes.nl\/de\/wp-json\/wp\/v2\/types\/product"}],"version-history":[{"count":0,"href":"https:\/\/www.jootjeshaakcadeautjes.nl\/de\/wp-json\/wp\/v2\/product\/123511\/revisions"}],"wp:featuredmedia":[{"embeddable":true,"href":"https:\/\/www.jootjeshaakcadeautjes.nl\/de\/wp-json\/wp\/v2\/media\/69984"}],"wp:attachment":[{"href":"https:\/\/www.jootjeshaakcadeautjes.nl\/de\/wp-json\/wp\/v2\/media?parent=123511"}],"wp:term":[{"taxonomy":"product_brand","embeddable":true,"href":"https:\/\/www.jootjeshaakcadeautjes.nl\/de\/wp-json\/wp\/v2\/product_brand?post=123511"},{"taxonomy":"product_cat","embeddable":true,"href":"https:\/\/www.jootjeshaakcadeautjes.nl\/de\/wp-json\/wp\/v2\/product_cat?post=123511"},{"taxonomy":"product_tag","embeddable":true,"href":"https:\/\/www.jootjeshaakcadeautjes.nl\/de\/wp-json\/wp\/v2\/product_tag?post=123511"}],"curies":[{"name":"wp","href":"https:\/\/api.w.org\/{rel}","templated":true}]}}