{"id":123558,"date":"2020-03-15T18:20:43","date_gmt":"2020-03-15T16:20:43","guid":{"rendered":"https:\/\/www.jootjeshaakcadeautjes.nl\/product\/stichmarkierung-anhaenger-mond\/"},"modified":"2025-03-11T02:53:23","modified_gmt":"2025-03-11T01:53:23","slug":"stichmarkierung-anhaenger-mond","status":"publish","type":"product","link":"https:\/\/www.jootjeshaakcadeautjes.nl\/de\/produkt\/stichmarkierung-anhaenger-mond\/","title":{"rendered":"Stickmarker-Anh\u00e4nger Mond"},"content":{"rendered":"<h1>Stickmarker Anh\u00e4nger Mond Silber Metall<\/h1>\n<p>Stabile Maschenmarkierer mit einem h\u00fcbschen Anh\u00e4nger in Form eines Mondes. Dieser Metallstichmarker in Form einer Eule ist aus feinem Metall gefertigt, wodurch sich der Stichmarker leichter in die Arbeit einf\u00fcgen l\u00e4sst als manchmal bei einem <a href=\"https:\/\/www.jootjeshaakcadeautjes.nl\/de\/produkt\/maschenmarkierer\/\">Plastikstichmarker<\/a>. Vor allem, wenn Sie mit feinerem Garn arbeiten.<\/p>\n<p>Werden einzeln verkauft.<\/p>\n<p>Auch in den Varianten zum Kauf erh\u00e4ltlich:<\/p>\n<ul>\n<li><a href=\"https:\/\/www.jootjeshaakcadeautjes.nl\/de\/produkt\/stichmarkierung-anhaenger-kleeblatt-vier\/\">Stick Marker Anh\u00e4nger vierbl\u00e4ttriges Kleeblatt<\/a><\/li>\n<li><a href=\"https:\/\/www.jootjeshaakcadeautjes.nl\/de\/produkt\/stichmarkierungs-anhaenger-herz\/\">Stitchmarker Anh\u00e4nger Herz<\/a><\/li>\n<li><a href=\"https:\/\/www.jootjeshaakcadeautjes.nl\/de\/produkt\/maschenmarkierer-anhaenger-blume\/\">Stitchmarker Anh\u00e4nger Blumen<\/a><\/li>\n<li><a href=\"https:\/\/www.jootjeshaakcadeautjes.nl\/de\/produkt\/stitch-marker-anhaenger-eule\/\">Stick Marker Anh\u00e4nger Eule<\/a><\/li>\n<\/ul>\n","protected":false},"excerpt":{"rendered":"<h1>Stickmarker Anh\u00e4nger Mond Silber Metall<\/h1>\n<p>Maschenmarkierer fein mit sch\u00f6nem Silberanh\u00e4nger in Form eines Mondes. Er ist aus feinem Metall gefertigt und erleichtert das Einstechen in die Arbeit im Vergleich zu einem <a href=\"https:\/\/www.jootjeshaakcadeautjes.nl\/product\/steekmarkeerders\/\">Plastikmarker<\/a>. Vor allem, wenn Sie mit feinerem Garn arbeiten. Werden einzeln verkauft.<\/p>\n","protected":false},"featured_media":68289,"template":"","meta":[],"product_brand":[],"product_cat":[8247,9764],"product_tag":[9773,9771,9066,9765,9653],"class_list":{"0":"post-123558","1":"product","2":"type-product","3":"status-publish","4":"has-post-thumbnail","6":"product_cat-bastelmaterial-hakelzubehor","7":"product_cat-markierungsstifte-und-umdrehungszahler","8":"product_tag-maschenmarkierer","9":"product_tag-maschenmarkierer-mit-anhanger","10":"product_tag-mond","11":"product_tag-sicherheitsnadel","12":"product_tag-silber-metall","14":"first","15":"instock","16":"taxable","17":"shipping-taxable","18":"purchasable","19":"product-type-simple"},"bundled_by":[],"bundle_stock_status":"instock","bundle_stock_quantity":7,"bundle_virtual":false,"bundle_layout":"","bundle_add_to_cart_form_location":"","bundle_editable_in_cart":false,"bundle_sold_individually_context":"","bundle_item_grouping":"","bundle_min_size":"","bundle_max_size":"","bundle_price":[],"bundled_items":[],"bundle_sell_ids":[],"yoast_head":"<!-- This site is optimized with the Yoast SEO Premium plugin v27.6 (Yoast SEO v27.6) - https:\/\/yoast.com\/product\/yoast-seo-premium-wordpress\/ -->\n<title>Stickmarker-Anh\u00e4nger Mond - Jootjes Haakcadeautjes<\/title>\n<meta name=\"description\" content=\"Stitchmarker Silber mit einem h\u00fcbschen Mondanh\u00e4nger. Wundersch\u00f6n anzusehen und der Anh\u00e4nger macht es noch einfacher, den Stichmarker zu finden!\" \/>\n<meta name=\"robots\" content=\"index, follow, max-snippet:-1, max-image-preview:large, max-video-preview:-1\" \/>\n<link rel=\"canonical\" href=\"https:\/\/www.jootjeshaakcadeautjes.nl\/de\/produkt\/stichmarkierung-anhaenger-mond\/\" \/>\n<meta property=\"og:locale\" content=\"de_DE\" \/>\n<meta property=\"og:type\" content=\"article\" \/>\n<meta property=\"og:title\" content=\"Stickmarker-Anh\u00e4nger Mond\" \/>\n<meta property=\"og:description\" content=\"Stitchmarker Silber mit einem h\u00fcbschen Mondanh\u00e4nger. Wundersch\u00f6n anzusehen und der Anh\u00e4nger macht es noch einfacher, den Stichmarker zu finden!\" \/>\n<meta property=\"og:url\" content=\"https:\/\/www.jootjeshaakcadeautjes.nl\/de\/produkt\/stichmarkierung-anhaenger-mond\/\" \/>\n<meta property=\"og:site_name\" content=\"Jootjes Haakcadeautjes\" \/>\n<meta property=\"article:modified_time\" content=\"2025-03-11T01:53:23+00:00\" \/>\n<meta property=\"og:image\" content=\"https:\/\/www.jootjeshaakcadeautjes.nl\/wp-content\/uploads\/2020\/03\/20200315_165626.jpg\" \/>\n\t<meta property=\"og:image:width\" content=\"987\" \/>\n\t<meta property=\"og:image:height\" content=\"987\" \/>\n\t<meta property=\"og:image:type\" content=\"image\/jpeg\" \/>\n<meta name=\"twitter:card\" content=\"summary_large_image\" \/>\n<meta name=\"twitter:label1\" content=\"Preis\" \/>\n\t<meta name=\"twitter:data1\" content=\"&euro;0.40 inkl. MwSt.\" \/>\n\t<meta name=\"twitter:label2\" content=\"Verf\u00fcgbarkeit\" \/>\n\t<meta name=\"twitter:data2\" content=\"Auf Lager\" \/>\n<script type=\"application\/ld+json\" class=\"yoast-schema-graph\">{\"@context\":\"https:\\\/\\\/schema.org\",\"@graph\":[{\"@type\":\"WebPage\",\"@id\":\"https:\\\/\\\/www.jootjeshaakcadeautjes.nl\\\/de\\\/produkt\\\/stichmarkierung-anhaenger-mond\\\/\",\"url\":\"https:\\\/\\\/www.jootjeshaakcadeautjes.nl\\\/de\\\/produkt\\\/stichmarkierung-anhaenger-mond\\\/\",\"name\":\"Stickmarker-Anh\u00e4nger Mond - Jootjes Haakcadeautjes\",\"isPartOf\":{\"@id\":\"https:\\\/\\\/www.jootjeshaakcadeautjes.nl\\\/de\\\/#website\"},\"primaryImageOfPage\":{\"@id\":\"https:\\\/\\\/www.jootjeshaakcadeautjes.nl\\\/de\\\/produkt\\\/stichmarkierung-anhaenger-mond\\\/#primaryimage\"},\"image\":{\"@id\":\"https:\\\/\\\/www.jootjeshaakcadeautjes.nl\\\/de\\\/produkt\\\/stichmarkierung-anhaenger-mond\\\/#primaryimage\"},\"thumbnailUrl\":\"https:\\\/\\\/d1dyryakdmle7o.cloudfront.net\\\/wp-content\\\/uploads\\\/2020\\\/03\\\/20200315_165626.jpg\",\"datePublished\":\"2020-03-15T16:20:43+00:00\",\"dateModified\":\"2025-03-11T01:53:23+00:00\",\"description\":\"Stitchmarker Silber mit einem h\u00fcbschen Mondanh\u00e4nger. Wundersch\u00f6n anzusehen und der Anh\u00e4nger macht es noch einfacher, den Stichmarker zu finden!\",\"breadcrumb\":{\"@id\":\"https:\\\/\\\/www.jootjeshaakcadeautjes.nl\\\/de\\\/produkt\\\/stichmarkierung-anhaenger-mond\\\/#breadcrumb\"},\"inLanguage\":\"de\",\"potentialAction\":[{\"@type\":\"ReadAction\",\"target\":[\"https:\\\/\\\/www.jootjeshaakcadeautjes.nl\\\/de\\\/produkt\\\/stichmarkierung-anhaenger-mond\\\/\"]}]},{\"@type\":\"ImageObject\",\"inLanguage\":\"de\",\"@id\":\"https:\\\/\\\/www.jootjeshaakcadeautjes.nl\\\/de\\\/produkt\\\/stichmarkierung-anhaenger-mond\\\/#primaryimage\",\"url\":\"https:\\\/\\\/d1dyryakdmle7o.cloudfront.net\\\/wp-content\\\/uploads\\\/2020\\\/03\\\/20200315_165626.jpg\",\"contentUrl\":\"https:\\\/\\\/d1dyryakdmle7o.cloudfront.net\\\/wp-content\\\/uploads\\\/2020\\\/03\\\/20200315_165626.jpg\",\"width\":987,\"height\":987,\"caption\":\"stitch marker anh\u00e4nger mond\"},{\"@type\":\"BreadcrumbList\",\"@id\":\"https:\\\/\\\/www.jootjeshaakcadeautjes.nl\\\/de\\\/produkt\\\/stichmarkierung-anhaenger-mond\\\/#breadcrumb\",\"itemListElement\":[{\"@type\":\"ListItem\",\"position\":1,\"name\":\"Startseite\",\"item\":\"https:\\\/\\\/www.jootjeshaakcadeautjes.nl\\\/de\\\/\"},{\"@type\":\"ListItem\",\"position\":2,\"name\":\"Gro\u00dfhandel mit Silikonperlen &#8211; Business und Consumer\",\"item\":\"https:\\\/\\\/www.jootjeshaakcadeautjes.nl\\\/de\\\/shop\\\/\"},{\"@type\":\"ListItem\",\"position\":3,\"name\":\"Stickmarker-Anh\u00e4nger Mond\"}]},{\"@type\":\"WebSite\",\"@id\":\"https:\\\/\\\/www.jootjeshaakcadeautjes.nl\\\/de\\\/#website\",\"url\":\"https:\\\/\\\/www.jootjeshaakcadeautjes.nl\\\/de\\\/\",\"name\":\"Jootjes Haakcadeautjes\",\"description\":\"Silikonperlen Gro\u00dfhandel \",\"publisher\":{\"@id\":\"https:\\\/\\\/www.jootjeshaakcadeautjes.nl\\\/de\\\/#organization\"},\"potentialAction\":[{\"@type\":\"SearchAction\",\"target\":{\"@type\":\"EntryPoint\",\"urlTemplate\":\"https:\\\/\\\/www.jootjeshaakcadeautjes.nl\\\/de\\\/?s={search_term_string}\"},\"query-input\":{\"@type\":\"PropertyValueSpecification\",\"valueRequired\":true,\"valueName\":\"search_term_string\"}}],\"inLanguage\":\"de\"},{\"@type\":\"Organization\",\"@id\":\"https:\\\/\\\/www.jootjeshaakcadeautjes.nl\\\/de\\\/#organization\",\"name\":\"Jootjes Haakcadeautjes\",\"url\":\"https:\\\/\\\/www.jootjeshaakcadeautjes.nl\\\/de\\\/\",\"logo\":{\"@type\":\"ImageObject\",\"inLanguage\":\"de\",\"@id\":\"https:\\\/\\\/www.jootjeshaakcadeautjes.nl\\\/de\\\/#\\\/schema\\\/logo\\\/image\\\/\",\"url\":\"https:\\\/\\\/d1dyryakdmle7o.cloudfront.net\\\/wp-content\\\/uploads\\\/2023\\\/05\\\/Logo-rond.png\",\"contentUrl\":\"https:\\\/\\\/d1dyryakdmle7o.cloudfront.net\\\/wp-content\\\/uploads\\\/2023\\\/05\\\/Logo-rond.png\",\"width\":1222,\"height\":1222,\"caption\":\"Jootjes Haakcadeautjes\"},\"image\":{\"@id\":\"https:\\\/\\\/www.jootjeshaakcadeautjes.nl\\\/de\\\/#\\\/schema\\\/logo\\\/image\\\/\"}}]}<\/script>\n<meta property=\"product:price:amount\" content=\"0.40\" \/>\n<meta property=\"product:price:currency\" content=\"EUR\" \/>\n<meta property=\"og:availability\" content=\"instock\" \/>\n<meta property=\"product:availability\" content=\"instock\" \/>\n<meta property=\"product:retailer_item_id\" content=\"STM-HAN-MAA\" \/>\n<meta property=\"product:condition\" content=\"new\" \/>\n<!-- \/ Yoast SEO Premium plugin. -->","yoast_head_json":{"title":"Stickmarker-Anh\u00e4nger Mond - Jootjes Haakcadeautjes","description":"Stitchmarker Silber mit einem h\u00fcbschen Mondanh\u00e4nger. Wundersch\u00f6n anzusehen und der Anh\u00e4nger macht es noch einfacher, den Stichmarker zu finden!","robots":{"index":"index","follow":"follow","max-snippet":"max-snippet:-1","max-image-preview":"max-image-preview:large","max-video-preview":"max-video-preview:-1"},"canonical":"https:\/\/www.jootjeshaakcadeautjes.nl\/de\/produkt\/stichmarkierung-anhaenger-mond\/","og_locale":"de_DE","og_type":"article","og_title":"Stickmarker-Anh\u00e4nger Mond","og_description":"Stitchmarker Silber mit einem h\u00fcbschen Mondanh\u00e4nger. Wundersch\u00f6n anzusehen und der Anh\u00e4nger macht es noch einfacher, den Stichmarker zu finden!","og_url":"https:\/\/www.jootjeshaakcadeautjes.nl\/de\/produkt\/stichmarkierung-anhaenger-mond\/","og_site_name":"Jootjes Haakcadeautjes","article_modified_time":"2025-03-11T01:53:23+00:00","og_image":[{"width":987,"height":987,"url":"https:\/\/www.jootjeshaakcadeautjes.nl\/wp-content\/uploads\/2020\/03\/20200315_165626.jpg","type":"image\/jpeg"}],"twitter_card":"summary_large_image","twitter_misc":{"Preis":"&euro;0.40 inkl. MwSt.","Verf\u00fcgbarkeit":"Auf Lager"},"schema":{"@context":"https:\/\/schema.org","@graph":[{"@type":"WebPage","@id":"https:\/\/www.jootjeshaakcadeautjes.nl\/de\/produkt\/stichmarkierung-anhaenger-mond\/","url":"https:\/\/www.jootjeshaakcadeautjes.nl\/de\/produkt\/stichmarkierung-anhaenger-mond\/","name":"Stickmarker-Anh\u00e4nger Mond - Jootjes Haakcadeautjes","isPartOf":{"@id":"https:\/\/www.jootjeshaakcadeautjes.nl\/de\/#website"},"primaryImageOfPage":{"@id":"https:\/\/www.jootjeshaakcadeautjes.nl\/de\/produkt\/stichmarkierung-anhaenger-mond\/#primaryimage"},"image":{"@id":"https:\/\/www.jootjeshaakcadeautjes.nl\/de\/produkt\/stichmarkierung-anhaenger-mond\/#primaryimage"},"thumbnailUrl":"https:\/\/d1dyryakdmle7o.cloudfront.net\/wp-content\/uploads\/2020\/03\/20200315_165626.jpg","datePublished":"2020-03-15T16:20:43+00:00","dateModified":"2025-03-11T01:53:23+00:00","description":"Stitchmarker Silber mit einem h\u00fcbschen Mondanh\u00e4nger. Wundersch\u00f6n anzusehen und der Anh\u00e4nger macht es noch einfacher, den Stichmarker zu finden!","breadcrumb":{"@id":"https:\/\/www.jootjeshaakcadeautjes.nl\/de\/produkt\/stichmarkierung-anhaenger-mond\/#breadcrumb"},"inLanguage":"de","potentialAction":[{"@type":"ReadAction","target":["https:\/\/www.jootjeshaakcadeautjes.nl\/de\/produkt\/stichmarkierung-anhaenger-mond\/"]}]},{"@type":"ImageObject","inLanguage":"de","@id":"https:\/\/www.jootjeshaakcadeautjes.nl\/de\/produkt\/stichmarkierung-anhaenger-mond\/#primaryimage","url":"https:\/\/d1dyryakdmle7o.cloudfront.net\/wp-content\/uploads\/2020\/03\/20200315_165626.jpg","contentUrl":"https:\/\/d1dyryakdmle7o.cloudfront.net\/wp-content\/uploads\/2020\/03\/20200315_165626.jpg","width":987,"height":987,"caption":"stitch marker anh\u00e4nger mond"},{"@type":"BreadcrumbList","@id":"https:\/\/www.jootjeshaakcadeautjes.nl\/de\/produkt\/stichmarkierung-anhaenger-mond\/#breadcrumb","itemListElement":[{"@type":"ListItem","position":1,"name":"Startseite","item":"https:\/\/www.jootjeshaakcadeautjes.nl\/de\/"},{"@type":"ListItem","position":2,"name":"Gro\u00dfhandel mit Silikonperlen &#8211; Business und Consumer","item":"https:\/\/www.jootjeshaakcadeautjes.nl\/de\/shop\/"},{"@type":"ListItem","position":3,"name":"Stickmarker-Anh\u00e4nger Mond"}]},{"@type":"WebSite","@id":"https:\/\/www.jootjeshaakcadeautjes.nl\/de\/#website","url":"https:\/\/www.jootjeshaakcadeautjes.nl\/de\/","name":"Jootjes Haakcadeautjes","description":"Silikonperlen Gro\u00dfhandel ","publisher":{"@id":"https:\/\/www.jootjeshaakcadeautjes.nl\/de\/#organization"},"potentialAction":[{"@type":"SearchAction","target":{"@type":"EntryPoint","urlTemplate":"https:\/\/www.jootjeshaakcadeautjes.nl\/de\/?s={search_term_string}"},"query-input":{"@type":"PropertyValueSpecification","valueRequired":true,"valueName":"search_term_string"}}],"inLanguage":"de"},{"@type":"Organization","@id":"https:\/\/www.jootjeshaakcadeautjes.nl\/de\/#organization","name":"Jootjes Haakcadeautjes","url":"https:\/\/www.jootjeshaakcadeautjes.nl\/de\/","logo":{"@type":"ImageObject","inLanguage":"de","@id":"https:\/\/www.jootjeshaakcadeautjes.nl\/de\/#\/schema\/logo\/image\/","url":"https:\/\/d1dyryakdmle7o.cloudfront.net\/wp-content\/uploads\/2023\/05\/Logo-rond.png","contentUrl":"https:\/\/d1dyryakdmle7o.cloudfront.net\/wp-content\/uploads\/2023\/05\/Logo-rond.png","width":1222,"height":1222,"caption":"Jootjes Haakcadeautjes"},"image":{"@id":"https:\/\/www.jootjeshaakcadeautjes.nl\/de\/#\/schema\/logo\/image\/"}}]},"product_price_amount":"0.40","product_price_currency":"EUR","og_availability":"instock","product_availability":"instock","product_retailer_item_id":"STM-HAN-MAA","product_condition":"new"},"_links":{"self":[{"href":"https:\/\/www.jootjeshaakcadeautjes.nl\/de\/wp-json\/wp\/v2\/product\/123558","targetHints":{"allow":["GET"]}}],"collection":[{"href":"https:\/\/www.jootjeshaakcadeautjes.nl\/de\/wp-json\/wp\/v2\/product"}],"about":[{"href":"https:\/\/www.jootjeshaakcadeautjes.nl\/de\/wp-json\/wp\/v2\/types\/product"}],"version-history":[{"count":0,"href":"https:\/\/www.jootjeshaakcadeautjes.nl\/de\/wp-json\/wp\/v2\/product\/123558\/revisions"}],"wp:featuredmedia":[{"embeddable":true,"href":"https:\/\/www.jootjeshaakcadeautjes.nl\/de\/wp-json\/wp\/v2\/media\/68289"}],"wp:attachment":[{"href":"https:\/\/www.jootjeshaakcadeautjes.nl\/de\/wp-json\/wp\/v2\/media?parent=123558"}],"wp:term":[{"taxonomy":"product_brand","embeddable":true,"href":"https:\/\/www.jootjeshaakcadeautjes.nl\/de\/wp-json\/wp\/v2\/product_brand?post=123558"},{"taxonomy":"product_cat","embeddable":true,"href":"https:\/\/www.jootjeshaakcadeautjes.nl\/de\/wp-json\/wp\/v2\/product_cat?post=123558"},{"taxonomy":"product_tag","embeddable":true,"href":"https:\/\/www.jootjeshaakcadeautjes.nl\/de\/wp-json\/wp\/v2\/product_tag?post=123558"}],"curies":[{"name":"wp","href":"https:\/\/api.w.org\/{rel}","templated":true}]}}