{"id":123653,"date":"2020-07-04T00:40:28","date_gmt":"2020-07-03T22:40:28","guid":{"rendered":"https:\/\/www.jootjeshaakcadeautjes.nl\/product\/silikonperlen-16-mm-rund-weich-rosa\/"},"modified":"2026-04-19T19:01:11","modified_gmt":"2026-04-19T17:01:11","slug":"silikonperlen-16-mm-rund-weich-rosa","status":"publish","type":"product","link":"https:\/\/www.jootjeshaakcadeautjes.nl\/de\/produkt\/silikonperlen-16-mm-rund-weich-rosa\/","title":{"rendered":"Silikonperlen &#8211; 16 mm &#8211; Rund &#8211; Soft Pink"},"content":{"rendered":"<h2>Silikonperlen &#8211; 16 mm &#8211; Rund &#8211; Soft Pink<\/h2>\n<ul>\n<li>Farbe: Zartes Rosa<\/li>\n<li>Gr\u00f6\u00dfe: 16 mm<\/li>\n<li>Form: Runde Perlen<\/li>\n<li>Durchmesser des Hefterlochs: 2,5 mm<\/li>\n<li>Material: Babysicheres Silikon aus 100% BPA-freiem Silikon, sicher getestet nach EN-71 Richtlinien und daher geeignet f\u00fcr CE-zertifiziertes Endprodukt.<\/li>\n<li>Einzeln verkauft, nirgends billiger<\/li>\n<\/ul>\n<h3>Wof\u00fcr wird eine runde Silikonperle mit 16 mm Durchmesser verwendet?<\/h3>\n<p>Diese Silikonperlen sind die am h\u00e4ufigsten verwendeten Silikonperlen f\u00fcr die Herstellung einer Schnurattrappe. Dies kombiniert mit 12 mm gro\u00dfen Buchstabenperlen. F\u00fcr Bei\u00dfringe werden in der Regel 20 mm gro\u00dfe Perlen verwendet. Sie k\u00f6nnen diese hier finden: <a href=\"https:\/\/www.jootjeshaakcadeautjes.nl\/de\/product-categorie\/herstellung-von-baby-beisspielzeug-materialien-fur-schnuller-und-beisringe\/silikonperlen-bpa-frei-grosshandel\/silikonperlen-20-mm-rund\/\">20 mm runde Silikonperlen<\/a>. 16 mm runde Perlen k\u00f6nnen auch in einem Bei\u00dfring verwendet werden. Das Ergebnis ist ein leichterer Bei\u00dfring oder z. B. ein 3D-Bei\u00dfring. Dar\u00fcber hinaus k\u00f6nnen diese Perlen als Baby-Gym, Laufstall-Mobile oder Still-Halskette verwendet werden.<\/p>\n<p>Ein 3D-Bei\u00dfring ist ein kugelf\u00f6rmiger Bei\u00dfring, der aus vier Perlenb\u00f6gen und zwei 4-Loch-Perlen besteht. Da hier mehr Perlen verwendet werden, ist es gut, eine 16-mm-Perle zu verwenden, damit das Ganze vom Gewicht her \u00fcberschaubar bleibt.<\/p>\n<p>Die Perlen werden mit Satinkordel aufgereiht. Die Satinkordel ist hier zu finden: <a href=\"https:\/\/www.jootjeshaakcadeautjes.nl\/de\/product-categorie\/herstellung-von-baby-beisspielzeug-materialien-fur-schnuller-und-beisringe\/satinkordel-wachskordel-und-heftnadel\/\">Satin-Kordel<\/a>.<\/p>\n<p>Kann im K\u00fchl- oder Gefrierschrank gek\u00fchlt werden, abwaschbar mit einem milden Reinigungsmittel, kann bei Bedarf auch in der Sp\u00fclmaschine gereinigt werden. Vergewissern Sie sich, dass die anderen Materialien Ihres endg\u00fcltigen Projekts dies auch aushalten k\u00f6nnen.<\/p>\n<p>Den Rest unseres Sortiments an Silikonperlen finden Sie hier: <a href=\"https:\/\/www.jootjeshaakcadeautjes.nl\/de\/product-categorie\/herstellung-von-baby-beisspielzeug-materialien-fur-schnuller-und-beisringe\/silikonperlen-bpa-frei-grosshandel\/\">Silikonperlen<\/a>.<br \/>\nDie Holzperlen finden Sie hier: <a href=\"https:\/\/www.jootjeshaakcadeautjes.nl\/de\/product-categorie\/herstellung-von-baby-beisspielzeug-materialien-fur-schnuller-und-beisringe\/holzperlen-schnullerband-und-beisring-alle-holzperlen\/\">Holzperlen<\/a>.<\/p>\n","protected":false},"excerpt":{"rendered":"<p>Farbe: Zartes Rosa<\/p>\n<ul>\n<li>Gr\u00f6\u00dfe: 16 mm<\/li>\n<li>Form: Runde Perlen<\/li>\n<li>Durchmesser des Hefterlochs: 2,5 mm<\/li>\n<li>Einzeln verkauft<\/li>\n<li>Sicher gepr\u00fcft nach den Richtlinien der EN-71<\/li>\n<li>Geeignet f\u00fcr CE-zertifizierte Endprodukte<\/li>\n<li>Frei von BPA, Phthalaten, Blei, PVC und Toxinen<\/li>\n<\/ul>\n","protected":false},"featured_media":75745,"template":"","meta":[],"product_brand":[],"product_cat":[7380,7678,6991],"product_tag":[7685,7510,7385,9345,7419,8335,7416,9341,7986,8562,7451,9189,9347,7397,7199,7490,8082,7211,7427,7499,8327,8481,8309,7988],"class_list":{"0":"post-123653","1":"product","2":"type-product","3":"status-publish","4":"has-post-thumbnail","6":"product_cat-herstellung-von-baby-beisspielzeug-materialien-fur-schnuller-und-beisringe","7":"product_cat-silikonperlen-16-mm-rund","8":"product_cat-silikonperlen-bpa-frei-grosshandel","9":"product_tag-16-de","10":"product_tag-baby-de","11":"product_tag-beisring","12":"product_tag-blei","13":"product_tag-bpa-de","14":"product_tag-fda-de","15":"product_tag-gummischnur","16":"product_tag-kinderfreundlich","17":"product_tag-kindersicher","18":"product_tag-kleinkind","19":"product_tag-kostenlos","20":"product_tag-kuhlbar","21":"product_tag-medizinische-qualitat","22":"product_tag-mm-de","23":"product_tag-perlen","24":"product_tag-phthalate","25":"product_tag-rosa-de-2","26":"product_tag-silikon","27":"product_tag-still-halskette","28":"product_tag-taschenaufhanger","29":"product_tag-waschbar","30":"product_tag-weich","31":"product_tag-zahne","32":"product_tag-zertifiziert","34":"first","35":"instock","36":"taxable","37":"shipping-taxable","38":"purchasable","39":"product-type-simple"},"bundled_by":["272474","275542","275578"],"bundle_stock_status":"instock","bundle_stock_quantity":129,"bundle_virtual":false,"bundle_layout":"","bundle_add_to_cart_form_location":"","bundle_editable_in_cart":false,"bundle_sold_individually_context":"","bundle_item_grouping":"","bundle_min_size":"","bundle_max_size":"","bundle_price":[],"bundled_items":[],"bundle_sell_ids":[],"yoast_head":"<!-- This site is optimized with the Yoast SEO Premium plugin v27.6 (Yoast SEO v27.6) - https:\/\/yoast.com\/product\/yoast-seo-premium-wordpress\/ -->\n<title>Silikonperlen - 16 mm - Rund - Soft Pink - Jootjes Haakcadeautjes<\/title>\n<meta name=\"description\" content=\"Die runden Silikonperlen in der Farbe zartrosa 16 mm Durchmesser sind 100% BPA-, blei-, gift-, phthalat- und PVC-frei und tragen das CE-Zeichen.\" \/>\n<meta name=\"robots\" content=\"index, follow, max-snippet:-1, max-image-preview:large, max-video-preview:-1\" \/>\n<link rel=\"canonical\" href=\"https:\/\/www.jootjeshaakcadeautjes.nl\/de\/produkt\/silikonperlen-16-mm-rund-weich-rosa\/\" \/>\n<meta property=\"og:locale\" content=\"de_DE\" \/>\n<meta property=\"og:type\" content=\"article\" \/>\n<meta property=\"og:title\" content=\"Silikonperlen - 16 mm - Rund - Soft Pink\" \/>\n<meta property=\"og:description\" content=\"Die runden Silikonperlen in der Farbe zartrosa 16 mm Durchmesser sind 100% BPA-, blei-, gift-, phthalat- und PVC-frei und tragen das CE-Zeichen.\" \/>\n<meta property=\"og:url\" content=\"https:\/\/www.jootjeshaakcadeautjes.nl\/de\/produkt\/silikonperlen-16-mm-rund-weich-rosa\/\" \/>\n<meta property=\"og:site_name\" content=\"Jootjes Haakcadeautjes\" \/>\n<meta property=\"article:modified_time\" content=\"2026-04-19T17:01:11+00:00\" \/>\n<meta property=\"og:image\" content=\"https:\/\/d1dyryakdmle7o.cloudfront.net\/wp-content\/uploads\/2021\/04\/20210405_185106-scaled.jpg\" \/>\n\t<meta property=\"og:image:width\" content=\"2048\" \/>\n\t<meta property=\"og:image:height\" content=\"2048\" \/>\n\t<meta property=\"og:image:type\" content=\"image\/jpeg\" \/>\n<meta name=\"twitter:card\" content=\"summary_large_image\" \/>\n<meta name=\"twitter:label1\" content=\"Preis\" \/>\n\t<meta name=\"twitter:data1\" content=\"&euro;0.30 inkl. MwSt.\" \/>\n\t<meta name=\"twitter:label2\" content=\"Verf\u00fcgbarkeit\" \/>\n\t<meta name=\"twitter:data2\" content=\"Auf Lager\" \/>\n<script type=\"application\/ld+json\" class=\"yoast-schema-graph\">{\"@context\":\"https:\\\/\\\/schema.org\",\"@graph\":[{\"@type\":\"WebPage\",\"@id\":\"https:\\\/\\\/www.jootjeshaakcadeautjes.nl\\\/de\\\/produkt\\\/silikonperlen-16-mm-rund-weich-rosa\\\/\",\"url\":\"https:\\\/\\\/www.jootjeshaakcadeautjes.nl\\\/de\\\/produkt\\\/silikonperlen-16-mm-rund-weich-rosa\\\/\",\"name\":\"Silikonperlen - 16 mm - Rund - Soft Pink - Jootjes Haakcadeautjes\",\"isPartOf\":{\"@id\":\"https:\\\/\\\/www.jootjeshaakcadeautjes.nl\\\/de\\\/#website\"},\"primaryImageOfPage\":{\"@id\":\"https:\\\/\\\/www.jootjeshaakcadeautjes.nl\\\/de\\\/produkt\\\/silikonperlen-16-mm-rund-weich-rosa\\\/#primaryimage\"},\"image\":{\"@id\":\"https:\\\/\\\/www.jootjeshaakcadeautjes.nl\\\/de\\\/produkt\\\/silikonperlen-16-mm-rund-weich-rosa\\\/#primaryimage\"},\"thumbnailUrl\":\"https:\\\/\\\/d1dyryakdmle7o.cloudfront.net\\\/wp-content\\\/uploads\\\/2021\\\/04\\\/20210405_185106-scaled.jpg\",\"datePublished\":\"2020-07-03T22:40:28+00:00\",\"dateModified\":\"2026-04-19T17:01:11+00:00\",\"description\":\"Die runden Silikonperlen in der Farbe zartrosa 16 mm Durchmesser sind 100% BPA-, blei-, gift-, phthalat- und PVC-frei und tragen das CE-Zeichen.\",\"breadcrumb\":{\"@id\":\"https:\\\/\\\/www.jootjeshaakcadeautjes.nl\\\/de\\\/produkt\\\/silikonperlen-16-mm-rund-weich-rosa\\\/#breadcrumb\"},\"inLanguage\":\"de\",\"potentialAction\":[{\"@type\":\"ReadAction\",\"target\":[\"https:\\\/\\\/www.jootjeshaakcadeautjes.nl\\\/de\\\/produkt\\\/silikonperlen-16-mm-rund-weich-rosa\\\/\"]}]},{\"@type\":\"ImageObject\",\"inLanguage\":\"de\",\"@id\":\"https:\\\/\\\/www.jootjeshaakcadeautjes.nl\\\/de\\\/produkt\\\/silikonperlen-16-mm-rund-weich-rosa\\\/#primaryimage\",\"url\":\"https:\\\/\\\/d1dyryakdmle7o.cloudfront.net\\\/wp-content\\\/uploads\\\/2021\\\/04\\\/20210405_185106-scaled.jpg\",\"contentUrl\":\"https:\\\/\\\/d1dyryakdmle7o.cloudfront.net\\\/wp-content\\\/uploads\\\/2021\\\/04\\\/20210405_185106-scaled.jpg\",\"width\":2048,\"height\":2048,\"caption\":\"Zartes Rosa\"},{\"@type\":\"BreadcrumbList\",\"@id\":\"https:\\\/\\\/www.jootjeshaakcadeautjes.nl\\\/de\\\/produkt\\\/silikonperlen-16-mm-rund-weich-rosa\\\/#breadcrumb\",\"itemListElement\":[{\"@type\":\"ListItem\",\"position\":1,\"name\":\"Startseite\",\"item\":\"https:\\\/\\\/www.jootjeshaakcadeautjes.nl\\\/de\\\/\"},{\"@type\":\"ListItem\",\"position\":2,\"name\":\"Gro\u00dfhandel mit Silikonperlen &#8211; Business und Consumer\",\"item\":\"https:\\\/\\\/www.jootjeshaakcadeautjes.nl\\\/de\\\/shop\\\/\"},{\"@type\":\"ListItem\",\"position\":3,\"name\":\"Silikonperlen &#8211; 16 mm &#8211; Rund &#8211; Soft Pink\"}]},{\"@type\":\"WebSite\",\"@id\":\"https:\\\/\\\/www.jootjeshaakcadeautjes.nl\\\/de\\\/#website\",\"url\":\"https:\\\/\\\/www.jootjeshaakcadeautjes.nl\\\/de\\\/\",\"name\":\"Jootjes Haakcadeautjes\",\"description\":\"Silikonperlen Gro\u00dfhandel \",\"publisher\":{\"@id\":\"https:\\\/\\\/www.jootjeshaakcadeautjes.nl\\\/de\\\/#organization\"},\"potentialAction\":[{\"@type\":\"SearchAction\",\"target\":{\"@type\":\"EntryPoint\",\"urlTemplate\":\"https:\\\/\\\/www.jootjeshaakcadeautjes.nl\\\/de\\\/?s={search_term_string}\"},\"query-input\":{\"@type\":\"PropertyValueSpecification\",\"valueRequired\":true,\"valueName\":\"search_term_string\"}}],\"inLanguage\":\"de\"},{\"@type\":\"Organization\",\"@id\":\"https:\\\/\\\/www.jootjeshaakcadeautjes.nl\\\/de\\\/#organization\",\"name\":\"Jootjes Haakcadeautjes\",\"url\":\"https:\\\/\\\/www.jootjeshaakcadeautjes.nl\\\/de\\\/\",\"logo\":{\"@type\":\"ImageObject\",\"inLanguage\":\"de\",\"@id\":\"https:\\\/\\\/www.jootjeshaakcadeautjes.nl\\\/de\\\/#\\\/schema\\\/logo\\\/image\\\/\",\"url\":\"https:\\\/\\\/d1dyryakdmle7o.cloudfront.net\\\/wp-content\\\/uploads\\\/2023\\\/05\\\/Logo-rond.png\",\"contentUrl\":\"https:\\\/\\\/d1dyryakdmle7o.cloudfront.net\\\/wp-content\\\/uploads\\\/2023\\\/05\\\/Logo-rond.png\",\"width\":1222,\"height\":1222,\"caption\":\"Jootjes Haakcadeautjes\"},\"image\":{\"@id\":\"https:\\\/\\\/www.jootjeshaakcadeautjes.nl\\\/de\\\/#\\\/schema\\\/logo\\\/image\\\/\"}}]}<\/script>\n<meta property=\"product:price:amount\" content=\"0.30\" \/>\n<meta property=\"product:price:currency\" content=\"EUR\" \/>\n<meta property=\"og:availability\" content=\"instock\" \/>\n<meta property=\"product:availability\" content=\"instock\" \/>\n<meta property=\"product:retailer_item_id\" content=\"SKR-016-ZAR\" \/>\n<meta property=\"product:condition\" content=\"new\" \/>\n<!-- \/ Yoast SEO Premium plugin. -->","yoast_head_json":{"title":"Silikonperlen - 16 mm - Rund - Soft Pink - Jootjes Haakcadeautjes","description":"Die runden Silikonperlen in der Farbe zartrosa 16 mm Durchmesser sind 100% BPA-, blei-, gift-, phthalat- und PVC-frei und tragen das CE-Zeichen.","robots":{"index":"index","follow":"follow","max-snippet":"max-snippet:-1","max-image-preview":"max-image-preview:large","max-video-preview":"max-video-preview:-1"},"canonical":"https:\/\/www.jootjeshaakcadeautjes.nl\/de\/produkt\/silikonperlen-16-mm-rund-weich-rosa\/","og_locale":"de_DE","og_type":"article","og_title":"Silikonperlen - 16 mm - Rund - Soft Pink","og_description":"Die runden Silikonperlen in der Farbe zartrosa 16 mm Durchmesser sind 100% BPA-, blei-, gift-, phthalat- und PVC-frei und tragen das CE-Zeichen.","og_url":"https:\/\/www.jootjeshaakcadeautjes.nl\/de\/produkt\/silikonperlen-16-mm-rund-weich-rosa\/","og_site_name":"Jootjes Haakcadeautjes","article_modified_time":"2026-04-19T17:01:11+00:00","og_image":[{"width":2048,"height":2048,"url":"https:\/\/d1dyryakdmle7o.cloudfront.net\/wp-content\/uploads\/2021\/04\/20210405_185106-scaled.jpg","type":"image\/jpeg"}],"twitter_card":"summary_large_image","twitter_misc":{"Preis":"&euro;0.30 inkl. MwSt.","Verf\u00fcgbarkeit":"Auf Lager"},"schema":{"@context":"https:\/\/schema.org","@graph":[{"@type":"WebPage","@id":"https:\/\/www.jootjeshaakcadeautjes.nl\/de\/produkt\/silikonperlen-16-mm-rund-weich-rosa\/","url":"https:\/\/www.jootjeshaakcadeautjes.nl\/de\/produkt\/silikonperlen-16-mm-rund-weich-rosa\/","name":"Silikonperlen - 16 mm - Rund - Soft Pink - Jootjes Haakcadeautjes","isPartOf":{"@id":"https:\/\/www.jootjeshaakcadeautjes.nl\/de\/#website"},"primaryImageOfPage":{"@id":"https:\/\/www.jootjeshaakcadeautjes.nl\/de\/produkt\/silikonperlen-16-mm-rund-weich-rosa\/#primaryimage"},"image":{"@id":"https:\/\/www.jootjeshaakcadeautjes.nl\/de\/produkt\/silikonperlen-16-mm-rund-weich-rosa\/#primaryimage"},"thumbnailUrl":"https:\/\/d1dyryakdmle7o.cloudfront.net\/wp-content\/uploads\/2021\/04\/20210405_185106-scaled.jpg","datePublished":"2020-07-03T22:40:28+00:00","dateModified":"2026-04-19T17:01:11+00:00","description":"Die runden Silikonperlen in der Farbe zartrosa 16 mm Durchmesser sind 100% BPA-, blei-, gift-, phthalat- und PVC-frei und tragen das CE-Zeichen.","breadcrumb":{"@id":"https:\/\/www.jootjeshaakcadeautjes.nl\/de\/produkt\/silikonperlen-16-mm-rund-weich-rosa\/#breadcrumb"},"inLanguage":"de","potentialAction":[{"@type":"ReadAction","target":["https:\/\/www.jootjeshaakcadeautjes.nl\/de\/produkt\/silikonperlen-16-mm-rund-weich-rosa\/"]}]},{"@type":"ImageObject","inLanguage":"de","@id":"https:\/\/www.jootjeshaakcadeautjes.nl\/de\/produkt\/silikonperlen-16-mm-rund-weich-rosa\/#primaryimage","url":"https:\/\/d1dyryakdmle7o.cloudfront.net\/wp-content\/uploads\/2021\/04\/20210405_185106-scaled.jpg","contentUrl":"https:\/\/d1dyryakdmle7o.cloudfront.net\/wp-content\/uploads\/2021\/04\/20210405_185106-scaled.jpg","width":2048,"height":2048,"caption":"Zartes Rosa"},{"@type":"BreadcrumbList","@id":"https:\/\/www.jootjeshaakcadeautjes.nl\/de\/produkt\/silikonperlen-16-mm-rund-weich-rosa\/#breadcrumb","itemListElement":[{"@type":"ListItem","position":1,"name":"Startseite","item":"https:\/\/www.jootjeshaakcadeautjes.nl\/de\/"},{"@type":"ListItem","position":2,"name":"Gro\u00dfhandel mit Silikonperlen &#8211; Business und Consumer","item":"https:\/\/www.jootjeshaakcadeautjes.nl\/de\/shop\/"},{"@type":"ListItem","position":3,"name":"Silikonperlen &#8211; 16 mm &#8211; Rund &#8211; Soft Pink"}]},{"@type":"WebSite","@id":"https:\/\/www.jootjeshaakcadeautjes.nl\/de\/#website","url":"https:\/\/www.jootjeshaakcadeautjes.nl\/de\/","name":"Jootjes Haakcadeautjes","description":"Silikonperlen Gro\u00dfhandel ","publisher":{"@id":"https:\/\/www.jootjeshaakcadeautjes.nl\/de\/#organization"},"potentialAction":[{"@type":"SearchAction","target":{"@type":"EntryPoint","urlTemplate":"https:\/\/www.jootjeshaakcadeautjes.nl\/de\/?s={search_term_string}"},"query-input":{"@type":"PropertyValueSpecification","valueRequired":true,"valueName":"search_term_string"}}],"inLanguage":"de"},{"@type":"Organization","@id":"https:\/\/www.jootjeshaakcadeautjes.nl\/de\/#organization","name":"Jootjes Haakcadeautjes","url":"https:\/\/www.jootjeshaakcadeautjes.nl\/de\/","logo":{"@type":"ImageObject","inLanguage":"de","@id":"https:\/\/www.jootjeshaakcadeautjes.nl\/de\/#\/schema\/logo\/image\/","url":"https:\/\/d1dyryakdmle7o.cloudfront.net\/wp-content\/uploads\/2023\/05\/Logo-rond.png","contentUrl":"https:\/\/d1dyryakdmle7o.cloudfront.net\/wp-content\/uploads\/2023\/05\/Logo-rond.png","width":1222,"height":1222,"caption":"Jootjes Haakcadeautjes"},"image":{"@id":"https:\/\/www.jootjeshaakcadeautjes.nl\/de\/#\/schema\/logo\/image\/"}}]},"product_price_amount":"0.30","product_price_currency":"EUR","og_availability":"instock","product_availability":"instock","product_retailer_item_id":"SKR-016-ZAR","product_condition":"new"},"_links":{"self":[{"href":"https:\/\/www.jootjeshaakcadeautjes.nl\/de\/wp-json\/wp\/v2\/product\/123653","targetHints":{"allow":["GET"]}}],"collection":[{"href":"https:\/\/www.jootjeshaakcadeautjes.nl\/de\/wp-json\/wp\/v2\/product"}],"about":[{"href":"https:\/\/www.jootjeshaakcadeautjes.nl\/de\/wp-json\/wp\/v2\/types\/product"}],"version-history":[{"count":0,"href":"https:\/\/www.jootjeshaakcadeautjes.nl\/de\/wp-json\/wp\/v2\/product\/123653\/revisions"}],"wp:featuredmedia":[{"embeddable":true,"href":"https:\/\/www.jootjeshaakcadeautjes.nl\/de\/wp-json\/wp\/v2\/media\/75745"}],"wp:attachment":[{"href":"https:\/\/www.jootjeshaakcadeautjes.nl\/de\/wp-json\/wp\/v2\/media?parent=123653"}],"wp:term":[{"taxonomy":"product_brand","embeddable":true,"href":"https:\/\/www.jootjeshaakcadeautjes.nl\/de\/wp-json\/wp\/v2\/product_brand?post=123653"},{"taxonomy":"product_cat","embeddable":true,"href":"https:\/\/www.jootjeshaakcadeautjes.nl\/de\/wp-json\/wp\/v2\/product_cat?post=123653"},{"taxonomy":"product_tag","embeddable":true,"href":"https:\/\/www.jootjeshaakcadeautjes.nl\/de\/wp-json\/wp\/v2\/product_tag?post=123653"}],"curies":[{"name":"wp","href":"https:\/\/api.w.org\/{rel}","templated":true}]}}