{"id":123712,"date":"2020-06-06T23:32:27","date_gmt":"2020-06-06T21:32:27","guid":{"rendered":"https:\/\/www.jootjeshaakcadeautjes.nl\/product\/rassel-perlen-rassel-24-mm-weiss\/"},"modified":"2025-08-19T14:54:15","modified_gmt":"2025-08-19T12:54:15","slug":"rassel-perlen-rassel-24-mm-weiss","status":"publish","type":"product","link":"https:\/\/www.jootjeshaakcadeautjes.nl\/de\/produkt\/rassel-perlen-rassel-24-mm-weiss\/","title":{"rendered":"Rasselperlen &#8211; 24 mm &#8211; Wei\u00df"},"content":{"rendered":"<h2>Rasselperlen &#8211; 24 mm &#8211; Wei\u00df<\/h2>\n<p>Spezifikationen:<\/p>\n<ul>\n<li>Formate: 24 mm<\/li>\n<li>Wei\u00dfe Farbe<\/li>\n<li>Sch\u00f6ner Klang<\/li>\n<\/ul>\n<p>Rasselperlen eignen sich hervorragend, um einem Babykuscheltier oder einer Rassel einen Klang zu verleihen. F\u00fcr die gleichen Zwecke haben wir auch Rasselscheiben. Rasselperlen klingen etwas heller, sind aber im Durchschnitt auch gr\u00f6\u00dfer als eine Rasselscheibe. Je nach der Form der Rassel, die Sie herstellen wollen, und dem Klang, den Sie damit erzielen wollen, ist es ratsam, eine flache oder eine runde Rassel und die m\u00f6glichen Gr\u00f6\u00dfenvarianten zu w\u00e4hlen.<\/p>\n<p>&nbsp;<\/p>\n","protected":false},"excerpt":{"rendered":"<p>Rasselperlen 24 mm<\/p>\n<ul>\n<li>Formate: 24 mm<\/li>\n<li>Wei\u00dfe Farbe<\/li>\n<li>Sch\u00f6ner Klang<\/li>\n<\/ul>\n<p>Perfekt f\u00fcr die Verwendung als Rassel oder Kinderspielzeug\/Amigurumi.<\/p>\n<p>&nbsp;<\/p>\n","protected":false},"featured_media":119605,"template":"","meta":[],"product_brand":[],"product_cat":[8247,8821],"product_tag":[9976,8305,8268,8832,8754,8831,8083,7397,8822,8825,8513],"class_list":{"0":"post-123712","1":"product","2":"type-product","3":"status-publish","4":"has-post-thumbnail","6":"product_cat-bastelmaterial-hakelzubehor","7":"product_cat-rasselscheiben-rasselperlen-quietscher-knisterfolie-und-glockchen","8":"product_tag-24-de","9":"product_tag-amigurumi-de","10":"product_tag-hakchen","11":"product_tag-hakelmaterialien","12":"product_tag-hakeln-fur-baby","13":"product_tag-hakelzubehor","14":"product_tag-klappern","15":"product_tag-mm-de","16":"product_tag-rassel","17":"product_tag-rasselperle","18":"product_tag-umarmung","20":"first","21":"instock","22":"taxable","23":"shipping-taxable","24":"purchasable","25":"product-type-simple"},"bundled_by":["119548","119551"],"bundle_stock_status":"instock","bundle_stock_quantity":142,"bundle_virtual":false,"bundle_layout":"","bundle_add_to_cart_form_location":"","bundle_editable_in_cart":false,"bundle_sold_individually_context":"","bundle_item_grouping":"","bundle_min_size":"","bundle_max_size":"","bundle_price":[],"bundled_items":[],"bundle_sell_ids":[],"yoast_head":"<!-- This site is optimized with the Yoast SEO Premium plugin v27.6 (Yoast SEO v27.6) - https:\/\/yoast.com\/product\/yoast-seo-premium-wordpress\/ -->\n<title>Rasselperlen - 24 mm - Wei\u00df - Jootjes Haakcadeautjes<\/title>\n<meta name=\"description\" content=\"Rasselperlen oder Rasselperlen wei\u00df 24 mm, 28 mm und 38 mm. Zur Verwendung in Rasseln oder Amigurumi \/ Kinderspielzeug handgefertigt.\" \/>\n<meta name=\"robots\" content=\"index, follow, max-snippet:-1, max-image-preview:large, max-video-preview:-1\" \/>\n<link rel=\"canonical\" href=\"https:\/\/www.jootjeshaakcadeautjes.nl\/de\/produkt\/rassel-perlen-rassel-24-mm-weiss\/\" \/>\n<meta property=\"og:locale\" content=\"de_DE\" \/>\n<meta property=\"og:type\" content=\"article\" \/>\n<meta property=\"og:title\" content=\"Rasselperlen - 24 mm - Wei\u00df\" \/>\n<meta property=\"og:description\" content=\"Rasselperlen oder Rasselperlen wei\u00df 24 mm, 28 mm und 38 mm. Zur Verwendung in Rasseln oder Amigurumi \/ Kinderspielzeug handgefertigt.\" \/>\n<meta property=\"og:url\" content=\"https:\/\/www.jootjeshaakcadeautjes.nl\/de\/produkt\/rassel-perlen-rassel-24-mm-weiss\/\" \/>\n<meta property=\"og:site_name\" content=\"Jootjes Haakcadeautjes\" \/>\n<meta property=\"article:modified_time\" content=\"2025-08-19T12:54:15+00:00\" \/>\n<meta property=\"og:image\" content=\"https:\/\/www.jootjeshaakcadeautjes.nl\/wp-content\/uploads\/2023\/08\/20200411_144707.jpg\" \/>\n\t<meta property=\"og:image:width\" content=\"1013\" \/>\n\t<meta property=\"og:image:height\" content=\"1013\" \/>\n\t<meta property=\"og:image:type\" content=\"image\/jpeg\" \/>\n<meta name=\"twitter:card\" content=\"summary_large_image\" \/>\n<meta name=\"twitter:label1\" content=\"Preis\" \/>\n\t<meta name=\"twitter:data1\" content=\"&euro;0.45 inkl. MwSt.\" \/>\n\t<meta name=\"twitter:label2\" content=\"Verf\u00fcgbarkeit\" \/>\n\t<meta name=\"twitter:data2\" content=\"Auf Lager\" \/>\n<script type=\"application\/ld+json\" class=\"yoast-schema-graph\">{\"@context\":\"https:\\\/\\\/schema.org\",\"@graph\":[{\"@type\":\"WebPage\",\"@id\":\"https:\\\/\\\/www.jootjeshaakcadeautjes.nl\\\/de\\\/produkt\\\/rassel-perlen-rassel-24-mm-weiss\\\/\",\"url\":\"https:\\\/\\\/www.jootjeshaakcadeautjes.nl\\\/de\\\/produkt\\\/rassel-perlen-rassel-24-mm-weiss\\\/\",\"name\":\"Rasselperlen - 24 mm - Wei\u00df - Jootjes Haakcadeautjes\",\"isPartOf\":{\"@id\":\"https:\\\/\\\/www.jootjeshaakcadeautjes.nl\\\/de\\\/#website\"},\"primaryImageOfPage\":{\"@id\":\"https:\\\/\\\/www.jootjeshaakcadeautjes.nl\\\/de\\\/produkt\\\/rassel-perlen-rassel-24-mm-weiss\\\/#primaryimage\"},\"image\":{\"@id\":\"https:\\\/\\\/www.jootjeshaakcadeautjes.nl\\\/de\\\/produkt\\\/rassel-perlen-rassel-24-mm-weiss\\\/#primaryimage\"},\"thumbnailUrl\":\"https:\\\/\\\/d1dyryakdmle7o.cloudfront.net\\\/wp-content\\\/uploads\\\/2023\\\/08\\\/20200411_144707.jpg\",\"datePublished\":\"2020-06-06T21:32:27+00:00\",\"dateModified\":\"2025-08-19T12:54:15+00:00\",\"description\":\"Rasselperlen oder Rasselperlen wei\u00df 24 mm, 28 mm und 38 mm. Zur Verwendung in Rasseln oder Amigurumi \\\/ Kinderspielzeug handgefertigt.\",\"breadcrumb\":{\"@id\":\"https:\\\/\\\/www.jootjeshaakcadeautjes.nl\\\/de\\\/produkt\\\/rassel-perlen-rassel-24-mm-weiss\\\/#breadcrumb\"},\"inLanguage\":\"de\",\"potentialAction\":[{\"@type\":\"ReadAction\",\"target\":[\"https:\\\/\\\/www.jootjeshaakcadeautjes.nl\\\/de\\\/produkt\\\/rassel-perlen-rassel-24-mm-weiss\\\/\"]}]},{\"@type\":\"ImageObject\",\"inLanguage\":\"de\",\"@id\":\"https:\\\/\\\/www.jootjeshaakcadeautjes.nl\\\/de\\\/produkt\\\/rassel-perlen-rassel-24-mm-weiss\\\/#primaryimage\",\"url\":\"https:\\\/\\\/d1dyryakdmle7o.cloudfront.net\\\/wp-content\\\/uploads\\\/2023\\\/08\\\/20200411_144707.jpg\",\"contentUrl\":\"https:\\\/\\\/d1dyryakdmle7o.cloudfront.net\\\/wp-content\\\/uploads\\\/2023\\\/08\\\/20200411_144707.jpg\",\"width\":1013,\"height\":1013,\"caption\":\"Rasselperlen 24 mm 28 38\"},{\"@type\":\"BreadcrumbList\",\"@id\":\"https:\\\/\\\/www.jootjeshaakcadeautjes.nl\\\/de\\\/produkt\\\/rassel-perlen-rassel-24-mm-weiss\\\/#breadcrumb\",\"itemListElement\":[{\"@type\":\"ListItem\",\"position\":1,\"name\":\"Startseite\",\"item\":\"https:\\\/\\\/www.jootjeshaakcadeautjes.nl\\\/de\\\/\"},{\"@type\":\"ListItem\",\"position\":2,\"name\":\"Gro\u00dfhandel mit Silikonperlen &#8211; Business und Consumer\",\"item\":\"https:\\\/\\\/www.jootjeshaakcadeautjes.nl\\\/de\\\/shop\\\/\"},{\"@type\":\"ListItem\",\"position\":3,\"name\":\"Rasselperlen &#8211; 24 mm &#8211; Wei\u00df\"}]},{\"@type\":\"WebSite\",\"@id\":\"https:\\\/\\\/www.jootjeshaakcadeautjes.nl\\\/de\\\/#website\",\"url\":\"https:\\\/\\\/www.jootjeshaakcadeautjes.nl\\\/de\\\/\",\"name\":\"Jootjes Haakcadeautjes\",\"description\":\"Silikonperlen Gro\u00dfhandel \",\"publisher\":{\"@id\":\"https:\\\/\\\/www.jootjeshaakcadeautjes.nl\\\/de\\\/#organization\"},\"potentialAction\":[{\"@type\":\"SearchAction\",\"target\":{\"@type\":\"EntryPoint\",\"urlTemplate\":\"https:\\\/\\\/www.jootjeshaakcadeautjes.nl\\\/de\\\/?s={search_term_string}\"},\"query-input\":{\"@type\":\"PropertyValueSpecification\",\"valueRequired\":true,\"valueName\":\"search_term_string\"}}],\"inLanguage\":\"de\"},{\"@type\":\"Organization\",\"@id\":\"https:\\\/\\\/www.jootjeshaakcadeautjes.nl\\\/de\\\/#organization\",\"name\":\"Jootjes Haakcadeautjes\",\"url\":\"https:\\\/\\\/www.jootjeshaakcadeautjes.nl\\\/de\\\/\",\"logo\":{\"@type\":\"ImageObject\",\"inLanguage\":\"de\",\"@id\":\"https:\\\/\\\/www.jootjeshaakcadeautjes.nl\\\/de\\\/#\\\/schema\\\/logo\\\/image\\\/\",\"url\":\"https:\\\/\\\/d1dyryakdmle7o.cloudfront.net\\\/wp-content\\\/uploads\\\/2023\\\/05\\\/Logo-rond.png\",\"contentUrl\":\"https:\\\/\\\/d1dyryakdmle7o.cloudfront.net\\\/wp-content\\\/uploads\\\/2023\\\/05\\\/Logo-rond.png\",\"width\":1222,\"height\":1222,\"caption\":\"Jootjes Haakcadeautjes\"},\"image\":{\"@id\":\"https:\\\/\\\/www.jootjeshaakcadeautjes.nl\\\/de\\\/#\\\/schema\\\/logo\\\/image\\\/\"}}]}<\/script>\n<meta property=\"product:price:amount\" content=\"0.45\" \/>\n<meta property=\"product:price:currency\" content=\"EUR\" \/>\n<meta property=\"og:availability\" content=\"instock\" \/>\n<meta property=\"product:availability\" content=\"instock\" \/>\n<meta property=\"product:retailer_item_id\" content=\"RAM-KRA-024\" \/>\n<meta property=\"product:condition\" content=\"new\" \/>\n<!-- \/ Yoast SEO Premium plugin. -->","yoast_head_json":{"title":"Rasselperlen - 24 mm - Wei\u00df - Jootjes Haakcadeautjes","description":"Rasselperlen oder Rasselperlen wei\u00df 24 mm, 28 mm und 38 mm. Zur Verwendung in Rasseln oder Amigurumi \/ Kinderspielzeug handgefertigt.","robots":{"index":"index","follow":"follow","max-snippet":"max-snippet:-1","max-image-preview":"max-image-preview:large","max-video-preview":"max-video-preview:-1"},"canonical":"https:\/\/www.jootjeshaakcadeautjes.nl\/de\/produkt\/rassel-perlen-rassel-24-mm-weiss\/","og_locale":"de_DE","og_type":"article","og_title":"Rasselperlen - 24 mm - Wei\u00df","og_description":"Rasselperlen oder Rasselperlen wei\u00df 24 mm, 28 mm und 38 mm. Zur Verwendung in Rasseln oder Amigurumi \/ Kinderspielzeug handgefertigt.","og_url":"https:\/\/www.jootjeshaakcadeautjes.nl\/de\/produkt\/rassel-perlen-rassel-24-mm-weiss\/","og_site_name":"Jootjes Haakcadeautjes","article_modified_time":"2025-08-19T12:54:15+00:00","og_image":[{"width":1013,"height":1013,"url":"https:\/\/www.jootjeshaakcadeautjes.nl\/wp-content\/uploads\/2023\/08\/20200411_144707.jpg","type":"image\/jpeg"}],"twitter_card":"summary_large_image","twitter_misc":{"Preis":"&euro;0.45 inkl. MwSt.","Verf\u00fcgbarkeit":"Auf Lager"},"schema":{"@context":"https:\/\/schema.org","@graph":[{"@type":"WebPage","@id":"https:\/\/www.jootjeshaakcadeautjes.nl\/de\/produkt\/rassel-perlen-rassel-24-mm-weiss\/","url":"https:\/\/www.jootjeshaakcadeautjes.nl\/de\/produkt\/rassel-perlen-rassel-24-mm-weiss\/","name":"Rasselperlen - 24 mm - Wei\u00df - Jootjes Haakcadeautjes","isPartOf":{"@id":"https:\/\/www.jootjeshaakcadeautjes.nl\/de\/#website"},"primaryImageOfPage":{"@id":"https:\/\/www.jootjeshaakcadeautjes.nl\/de\/produkt\/rassel-perlen-rassel-24-mm-weiss\/#primaryimage"},"image":{"@id":"https:\/\/www.jootjeshaakcadeautjes.nl\/de\/produkt\/rassel-perlen-rassel-24-mm-weiss\/#primaryimage"},"thumbnailUrl":"https:\/\/d1dyryakdmle7o.cloudfront.net\/wp-content\/uploads\/2023\/08\/20200411_144707.jpg","datePublished":"2020-06-06T21:32:27+00:00","dateModified":"2025-08-19T12:54:15+00:00","description":"Rasselperlen oder Rasselperlen wei\u00df 24 mm, 28 mm und 38 mm. Zur Verwendung in Rasseln oder Amigurumi \/ Kinderspielzeug handgefertigt.","breadcrumb":{"@id":"https:\/\/www.jootjeshaakcadeautjes.nl\/de\/produkt\/rassel-perlen-rassel-24-mm-weiss\/#breadcrumb"},"inLanguage":"de","potentialAction":[{"@type":"ReadAction","target":["https:\/\/www.jootjeshaakcadeautjes.nl\/de\/produkt\/rassel-perlen-rassel-24-mm-weiss\/"]}]},{"@type":"ImageObject","inLanguage":"de","@id":"https:\/\/www.jootjeshaakcadeautjes.nl\/de\/produkt\/rassel-perlen-rassel-24-mm-weiss\/#primaryimage","url":"https:\/\/d1dyryakdmle7o.cloudfront.net\/wp-content\/uploads\/2023\/08\/20200411_144707.jpg","contentUrl":"https:\/\/d1dyryakdmle7o.cloudfront.net\/wp-content\/uploads\/2023\/08\/20200411_144707.jpg","width":1013,"height":1013,"caption":"Rasselperlen 24 mm 28 38"},{"@type":"BreadcrumbList","@id":"https:\/\/www.jootjeshaakcadeautjes.nl\/de\/produkt\/rassel-perlen-rassel-24-mm-weiss\/#breadcrumb","itemListElement":[{"@type":"ListItem","position":1,"name":"Startseite","item":"https:\/\/www.jootjeshaakcadeautjes.nl\/de\/"},{"@type":"ListItem","position":2,"name":"Gro\u00dfhandel mit Silikonperlen &#8211; Business und Consumer","item":"https:\/\/www.jootjeshaakcadeautjes.nl\/de\/shop\/"},{"@type":"ListItem","position":3,"name":"Rasselperlen &#8211; 24 mm &#8211; Wei\u00df"}]},{"@type":"WebSite","@id":"https:\/\/www.jootjeshaakcadeautjes.nl\/de\/#website","url":"https:\/\/www.jootjeshaakcadeautjes.nl\/de\/","name":"Jootjes Haakcadeautjes","description":"Silikonperlen Gro\u00dfhandel ","publisher":{"@id":"https:\/\/www.jootjeshaakcadeautjes.nl\/de\/#organization"},"potentialAction":[{"@type":"SearchAction","target":{"@type":"EntryPoint","urlTemplate":"https:\/\/www.jootjeshaakcadeautjes.nl\/de\/?s={search_term_string}"},"query-input":{"@type":"PropertyValueSpecification","valueRequired":true,"valueName":"search_term_string"}}],"inLanguage":"de"},{"@type":"Organization","@id":"https:\/\/www.jootjeshaakcadeautjes.nl\/de\/#organization","name":"Jootjes Haakcadeautjes","url":"https:\/\/www.jootjeshaakcadeautjes.nl\/de\/","logo":{"@type":"ImageObject","inLanguage":"de","@id":"https:\/\/www.jootjeshaakcadeautjes.nl\/de\/#\/schema\/logo\/image\/","url":"https:\/\/d1dyryakdmle7o.cloudfront.net\/wp-content\/uploads\/2023\/05\/Logo-rond.png","contentUrl":"https:\/\/d1dyryakdmle7o.cloudfront.net\/wp-content\/uploads\/2023\/05\/Logo-rond.png","width":1222,"height":1222,"caption":"Jootjes Haakcadeautjes"},"image":{"@id":"https:\/\/www.jootjeshaakcadeautjes.nl\/de\/#\/schema\/logo\/image\/"}}]},"product_price_amount":"0.45","product_price_currency":"EUR","og_availability":"instock","product_availability":"instock","product_retailer_item_id":"RAM-KRA-024","product_condition":"new"},"_links":{"self":[{"href":"https:\/\/www.jootjeshaakcadeautjes.nl\/de\/wp-json\/wp\/v2\/product\/123712","targetHints":{"allow":["GET"]}}],"collection":[{"href":"https:\/\/www.jootjeshaakcadeautjes.nl\/de\/wp-json\/wp\/v2\/product"}],"about":[{"href":"https:\/\/www.jootjeshaakcadeautjes.nl\/de\/wp-json\/wp\/v2\/types\/product"}],"version-history":[{"count":0,"href":"https:\/\/www.jootjeshaakcadeautjes.nl\/de\/wp-json\/wp\/v2\/product\/123712\/revisions"}],"wp:featuredmedia":[{"embeddable":true,"href":"https:\/\/www.jootjeshaakcadeautjes.nl\/de\/wp-json\/wp\/v2\/media\/119605"}],"wp:attachment":[{"href":"https:\/\/www.jootjeshaakcadeautjes.nl\/de\/wp-json\/wp\/v2\/media?parent=123712"}],"wp:term":[{"taxonomy":"product_brand","embeddable":true,"href":"https:\/\/www.jootjeshaakcadeautjes.nl\/de\/wp-json\/wp\/v2\/product_brand?post=123712"},{"taxonomy":"product_cat","embeddable":true,"href":"https:\/\/www.jootjeshaakcadeautjes.nl\/de\/wp-json\/wp\/v2\/product_cat?post=123712"},{"taxonomy":"product_tag","embeddable":true,"href":"https:\/\/www.jootjeshaakcadeautjes.nl\/de\/wp-json\/wp\/v2\/product_tag?post=123712"}],"curies":[{"name":"wp","href":"https:\/\/api.w.org\/{rel}","templated":true}]}}