{"id":136710,"date":"2024-02-18T16:04:02","date_gmt":"2024-02-18T14:04:02","guid":{"rendered":"https:\/\/www.jootjeshaakcadeautjes.nl\/?post_type=product&#038;p=136710"},"modified":"2025-03-11T05:02:58","modified_gmt":"2025-03-11T04:02:58","slug":"brieftaschenhalterung-schluesselanhaenger-schwarz","status":"publish","type":"product","link":"https:\/\/www.jootjeshaakcadeautjes.nl\/de\/produkt\/brieftaschenhalterung-schluesselanhaenger-schwarz\/","title":{"rendered":"Brieftaschenhalter Schl\u00fcsselanh\u00e4nger Schwarz"},"content":{"rendered":"<h1>Brieftaschenhalter Schl\u00fcsselanh\u00e4nger Schwarz<\/h1>\n<p>Die niedliche kleine Geldb\u00f6rse Klammern rund, die Sie verwenden k\u00f6nnen, um in einem kleinen Geldbeutel Haken. Durch die Kette und den Schl\u00fcsselring, die daran befestigt sind, k\u00f6nnen Sie diese Geldb\u00f6rsen als Schl\u00fcsselanh\u00e4nger verwenden. Nach der Fertigstellung ist dieses kleine Portemonnaie ein gro\u00dfer Spa\u00df, um z. B. die M\u00fcnzen aus dem Einkaufswagen aufzubewahren oder als Geschenk f\u00fcr die Lehrer am Ende des Schuljahres zu verwenden. Wenn Sie das Portemonnaie f\u00fcr diesen Schl\u00fcsselanh\u00e4nger fertig haben, passt sogar eine Einkaufswagenm\u00fcnze hinein. Sie k\u00f6nnen auch Ihr Kleingeld darin aufbewahren (obwohl das Volumen begrenzt ist) oder es mit Geld gef\u00fcllt als Geburtstagsgeschenk verschenken. Super s\u00fc\u00df f\u00fcr Ihren Schl\u00fcsselbund oder f\u00fcr Ihren Rucksack oder Ihre Handtasche. Der Schl\u00fcsselanh\u00e4nger f\u00fcr die Geldb\u00f6rse hat einen Durchmesser von etwa 4 cm, gemessen zwischen den beiden Scharnieren. Beide Seiten enthalten 13 L\u00f6cher, also insgesamt 26 L\u00f6cher.<\/p>\n<p>Au\u00dferdem gibt es zwei gr\u00f6\u00dfere <a href=\"\/?product_cat=portemonneebeugels-haakbenodigdheden\">Taschenb\u00fcgel<\/a>, mit denen Sie eine gr\u00f6\u00dfere Tasche h\u00e4keln k\u00f6nnen. Diese sind in <a href=\"https:\/\/www.jootjeshaakcadeautjes.nl\/product\/portemonnee-beugel-groot-metallic-zwart\/\">Schwarzmetallic mit einfachem Knopf<\/a> oder in <a href=\"https:\/\/www.jootjeshaakcadeautjes.nl\/product\/portemonnee-beugels-haken\/\">Vintage-Bronze mit farbigen Perlen<\/a> erh\u00e4ltlich.<\/p>\n<p>Mit unseren Portemonn\u00e9e-B\u00fcgeln h\u00e4keln Sie im Handumdrehen eine sch\u00f6ne Masche, ob klein oder gro\u00df, alles ist m\u00f6glich.<\/p>\n","protected":false},"excerpt":{"rendered":"<h1>Brieftaschenhalter Schl\u00fcsselanh\u00e4nger Schwarz<\/h1>\n<p>Version: Schwarz<br \/>\nGr\u00f6\u00dfe: ca. 4 cm, mit Schl\u00fcsselring<\/p>\n<p>Brieftaschenhalter Modell kleiner Schl\u00fcsselring zum Einh\u00e4ngen einer kleinen Geldb\u00f6rse. Super nett zum Beispiel f\u00fcr Einkaufswagenmarken und damit ein super nettes Geschenk zum Jahresende f\u00fcr Lehrer. Der Durchmesser zwischen den Scharnieren betr\u00e4gt etwa 4 cm.<\/p>\n","protected":false},"featured_media":116877,"template":"","meta":[],"product_brand":[],"product_cat":[8247,9925,8267,8262],"product_tag":[9926,9933,9937,9939,8301,9927,9932,7549,9935,7444,8162,7651,9929],"class_list":{"0":"post-136710","1":"product","2":"type-product","3":"status-publish","4":"has-post-thumbnail","6":"product_cat-bastelmaterial-hakelzubehor","7":"product_cat-halterungen-fur-brieftaschen-haken","8":"product_cat-lucky-dolls-diy-perlen-und-zubehor","9":"product_cat-schlusselanhanger-und-haken","10":"product_tag-brieftasche","11":"product_tag-brieftaschenhalterung","12":"product_tag-einkaufswagen","13":"product_tag-einkaufswagen-munzen","14":"product_tag-klein-de","15":"product_tag-messe","16":"product_tag-messe-haken","17":"product_tag-mini-de","18":"product_tag-portemonnaie-hakeln","19":"product_tag-schlusselanhanger","20":"product_tag-schlusselringe","21":"product_tag-schwarz","22":"product_tag-spange","24":"first","25":"instock","26":"taxable","27":"shipping-taxable","28":"purchasable","29":"product-type-simple"},"bundled_by":[],"bundle_stock_status":"instock","bundle_stock_quantity":29,"bundle_virtual":false,"bundle_layout":"","bundle_add_to_cart_form_location":"","bundle_editable_in_cart":false,"bundle_sold_individually_context":"","bundle_item_grouping":"","bundle_min_size":"","bundle_max_size":"","bundle_price":[],"bundled_items":[],"bundle_sell_ids":[],"yoast_head":"<!-- This site is optimized with the Yoast SEO Premium plugin v27.6 (Yoast SEO v27.6) - https:\/\/yoast.com\/product\/yoast-seo-premium-wordpress\/ -->\n<title>Brieftaschenhalterung-Schl\u00fcsselanh\u00e4nger-schwarz<\/title>\n<meta name=\"description\" content=\"Schl\u00fcsselanh\u00e4nger f\u00fcr die Brieftasche zum H\u00e4keln eines Schl\u00fcsselanh\u00e4ngers f\u00fcr die Geldb\u00f6rse. Ein toller Spa\u00df f\u00fcr Einkaufswagenmarken und zum Beispiel als Geschenk f\u00fcr den Lehrer!\" \/>\n<meta name=\"robots\" content=\"index, follow, max-snippet:-1, max-image-preview:large, max-video-preview:-1\" \/>\n<link rel=\"canonical\" href=\"https:\/\/www.jootjeshaakcadeautjes.nl\/de\/produkt\/brieftaschenhalterung-schluesselanhaenger-schwarz\/\" \/>\n<meta property=\"og:locale\" content=\"de_DE\" \/>\n<meta property=\"og:type\" content=\"article\" \/>\n<meta property=\"og:title\" content=\"Brieftaschenhalter Schl\u00fcsselanh\u00e4nger Schwarz\" \/>\n<meta property=\"og:description\" content=\"Schl\u00fcsselanh\u00e4nger f\u00fcr die Brieftasche zum H\u00e4keln eines Schl\u00fcsselanh\u00e4ngers f\u00fcr die Geldb\u00f6rse. Ein toller Spa\u00df f\u00fcr Einkaufswagenmarken und zum Beispiel als Geschenk f\u00fcr den Lehrer!\" \/>\n<meta property=\"og:url\" content=\"https:\/\/www.jootjeshaakcadeautjes.nl\/de\/produkt\/brieftaschenhalterung-schluesselanhaenger-schwarz\/\" \/>\n<meta property=\"og:site_name\" content=\"Jootjes Haakcadeautjes\" \/>\n<meta property=\"article:modified_time\" content=\"2025-03-11T04:02:58+00:00\" \/>\n<meta property=\"og:image\" content=\"https:\/\/www.jootjeshaakcadeautjes.nl\/wp-content\/uploads\/2024\/02\/20240127_224405.jpg\" \/>\n\t<meta property=\"og:image:width\" content=\"2048\" \/>\n\t<meta property=\"og:image:height\" content=\"2048\" \/>\n\t<meta property=\"og:image:type\" content=\"image\/jpeg\" \/>\n<meta name=\"twitter:card\" content=\"summary_large_image\" \/>\n<meta name=\"twitter:label1\" content=\"Preis\" \/>\n\t<meta name=\"twitter:data1\" content=\"&euro;1.70 inkl. MwSt.\" \/>\n\t<meta name=\"twitter:label2\" content=\"Verf\u00fcgbarkeit\" \/>\n\t<meta name=\"twitter:data2\" content=\"Auf Lager\" \/>\n<script type=\"application\/ld+json\" class=\"yoast-schema-graph\">{\"@context\":\"https:\\\/\\\/schema.org\",\"@graph\":[{\"@type\":\"WebPage\",\"@id\":\"https:\\\/\\\/www.jootjeshaakcadeautjes.nl\\\/de\\\/produkt\\\/brieftaschenhalterung-schluesselanhaenger-schwarz\\\/\",\"url\":\"https:\\\/\\\/www.jootjeshaakcadeautjes.nl\\\/de\\\/produkt\\\/brieftaschenhalterung-schluesselanhaenger-schwarz\\\/\",\"name\":\"Brieftaschenhalterung-Schl\u00fcsselanh\u00e4nger-schwarz\",\"isPartOf\":{\"@id\":\"https:\\\/\\\/www.jootjeshaakcadeautjes.nl\\\/de\\\/#website\"},\"primaryImageOfPage\":{\"@id\":\"https:\\\/\\\/www.jootjeshaakcadeautjes.nl\\\/de\\\/produkt\\\/brieftaschenhalterung-schluesselanhaenger-schwarz\\\/#primaryimage\"},\"image\":{\"@id\":\"https:\\\/\\\/www.jootjeshaakcadeautjes.nl\\\/de\\\/produkt\\\/brieftaschenhalterung-schluesselanhaenger-schwarz\\\/#primaryimage\"},\"thumbnailUrl\":\"https:\\\/\\\/d1dyryakdmle7o.cloudfront.net\\\/wp-content\\\/uploads\\\/2024\\\/02\\\/20240127_224405.jpg\",\"datePublished\":\"2024-02-18T14:04:02+00:00\",\"dateModified\":\"2025-03-11T04:02:58+00:00\",\"description\":\"Schl\u00fcsselanh\u00e4nger f\u00fcr die Brieftasche zum H\u00e4keln eines Schl\u00fcsselanh\u00e4ngers f\u00fcr die Geldb\u00f6rse. Ein toller Spa\u00df f\u00fcr Einkaufswagenmarken und zum Beispiel als Geschenk f\u00fcr den Lehrer!\",\"breadcrumb\":{\"@id\":\"https:\\\/\\\/www.jootjeshaakcadeautjes.nl\\\/de\\\/produkt\\\/brieftaschenhalterung-schluesselanhaenger-schwarz\\\/#breadcrumb\"},\"inLanguage\":\"de\",\"potentialAction\":[{\"@type\":\"ReadAction\",\"target\":[\"https:\\\/\\\/www.jootjeshaakcadeautjes.nl\\\/de\\\/produkt\\\/brieftaschenhalterung-schluesselanhaenger-schwarz\\\/\"]}]},{\"@type\":\"ImageObject\",\"inLanguage\":\"de\",\"@id\":\"https:\\\/\\\/www.jootjeshaakcadeautjes.nl\\\/de\\\/produkt\\\/brieftaschenhalterung-schluesselanhaenger-schwarz\\\/#primaryimage\",\"url\":\"https:\\\/\\\/d1dyryakdmle7o.cloudfront.net\\\/wp-content\\\/uploads\\\/2024\\\/02\\\/20240127_224405.jpg\",\"contentUrl\":\"https:\\\/\\\/d1dyryakdmle7o.cloudfront.net\\\/wp-content\\\/uploads\\\/2024\\\/02\\\/20240127_224405.jpg\",\"width\":2048,\"height\":2048},{\"@type\":\"BreadcrumbList\",\"@id\":\"https:\\\/\\\/www.jootjeshaakcadeautjes.nl\\\/de\\\/produkt\\\/brieftaschenhalterung-schluesselanhaenger-schwarz\\\/#breadcrumb\",\"itemListElement\":[{\"@type\":\"ListItem\",\"position\":1,\"name\":\"Startseite\",\"item\":\"https:\\\/\\\/www.jootjeshaakcadeautjes.nl\\\/de\\\/\"},{\"@type\":\"ListItem\",\"position\":2,\"name\":\"Gro\u00dfhandel mit Silikonperlen &#8211; Business und Consumer\",\"item\":\"https:\\\/\\\/www.jootjeshaakcadeautjes.nl\\\/de\\\/shop\\\/\"},{\"@type\":\"ListItem\",\"position\":3,\"name\":\"Brieftaschenhalter Schl\u00fcsselanh\u00e4nger Schwarz\"}]},{\"@type\":\"WebSite\",\"@id\":\"https:\\\/\\\/www.jootjeshaakcadeautjes.nl\\\/de\\\/#website\",\"url\":\"https:\\\/\\\/www.jootjeshaakcadeautjes.nl\\\/de\\\/\",\"name\":\"Jootjes Haakcadeautjes\",\"description\":\"Silikonperlen Gro\u00dfhandel \",\"publisher\":{\"@id\":\"https:\\\/\\\/www.jootjeshaakcadeautjes.nl\\\/de\\\/#organization\"},\"potentialAction\":[{\"@type\":\"SearchAction\",\"target\":{\"@type\":\"EntryPoint\",\"urlTemplate\":\"https:\\\/\\\/www.jootjeshaakcadeautjes.nl\\\/de\\\/?s={search_term_string}\"},\"query-input\":{\"@type\":\"PropertyValueSpecification\",\"valueRequired\":true,\"valueName\":\"search_term_string\"}}],\"inLanguage\":\"de\"},{\"@type\":\"Organization\",\"@id\":\"https:\\\/\\\/www.jootjeshaakcadeautjes.nl\\\/de\\\/#organization\",\"name\":\"Jootjes Haakcadeautjes\",\"url\":\"https:\\\/\\\/www.jootjeshaakcadeautjes.nl\\\/de\\\/\",\"logo\":{\"@type\":\"ImageObject\",\"inLanguage\":\"de\",\"@id\":\"https:\\\/\\\/www.jootjeshaakcadeautjes.nl\\\/de\\\/#\\\/schema\\\/logo\\\/image\\\/\",\"url\":\"https:\\\/\\\/d1dyryakdmle7o.cloudfront.net\\\/wp-content\\\/uploads\\\/2023\\\/05\\\/Logo-rond.png\",\"contentUrl\":\"https:\\\/\\\/d1dyryakdmle7o.cloudfront.net\\\/wp-content\\\/uploads\\\/2023\\\/05\\\/Logo-rond.png\",\"width\":1222,\"height\":1222,\"caption\":\"Jootjes Haakcadeautjes\"},\"image\":{\"@id\":\"https:\\\/\\\/www.jootjeshaakcadeautjes.nl\\\/de\\\/#\\\/schema\\\/logo\\\/image\\\/\"}}]}<\/script>\n<meta property=\"product:price:amount\" content=\"1.70\" \/>\n<meta property=\"product:price:currency\" content=\"EUR\" \/>\n<meta property=\"og:availability\" content=\"instock\" \/>\n<meta property=\"product:availability\" content=\"instock\" \/>\n<meta property=\"product:retailer_item_id\" content=\"POR-BEU-ZWA\" \/>\n<meta property=\"product:condition\" content=\"new\" \/>\n<!-- \/ Yoast SEO Premium plugin. -->","yoast_head_json":{"title":"Brieftaschenhalterung-Schl\u00fcsselanh\u00e4nger-schwarz","description":"Schl\u00fcsselanh\u00e4nger f\u00fcr die Brieftasche zum H\u00e4keln eines Schl\u00fcsselanh\u00e4ngers f\u00fcr die Geldb\u00f6rse. Ein toller Spa\u00df f\u00fcr Einkaufswagenmarken und zum Beispiel als Geschenk f\u00fcr den Lehrer!","robots":{"index":"index","follow":"follow","max-snippet":"max-snippet:-1","max-image-preview":"max-image-preview:large","max-video-preview":"max-video-preview:-1"},"canonical":"https:\/\/www.jootjeshaakcadeautjes.nl\/de\/produkt\/brieftaschenhalterung-schluesselanhaenger-schwarz\/","og_locale":"de_DE","og_type":"article","og_title":"Brieftaschenhalter Schl\u00fcsselanh\u00e4nger Schwarz","og_description":"Schl\u00fcsselanh\u00e4nger f\u00fcr die Brieftasche zum H\u00e4keln eines Schl\u00fcsselanh\u00e4ngers f\u00fcr die Geldb\u00f6rse. Ein toller Spa\u00df f\u00fcr Einkaufswagenmarken und zum Beispiel als Geschenk f\u00fcr den Lehrer!","og_url":"https:\/\/www.jootjeshaakcadeautjes.nl\/de\/produkt\/brieftaschenhalterung-schluesselanhaenger-schwarz\/","og_site_name":"Jootjes Haakcadeautjes","article_modified_time":"2025-03-11T04:02:58+00:00","og_image":[{"width":2048,"height":2048,"url":"https:\/\/www.jootjeshaakcadeautjes.nl\/wp-content\/uploads\/2024\/02\/20240127_224405.jpg","type":"image\/jpeg"}],"twitter_card":"summary_large_image","twitter_misc":{"Preis":"&euro;1.70 inkl. MwSt.","Verf\u00fcgbarkeit":"Auf Lager"},"schema":{"@context":"https:\/\/schema.org","@graph":[{"@type":"WebPage","@id":"https:\/\/www.jootjeshaakcadeautjes.nl\/de\/produkt\/brieftaschenhalterung-schluesselanhaenger-schwarz\/","url":"https:\/\/www.jootjeshaakcadeautjes.nl\/de\/produkt\/brieftaschenhalterung-schluesselanhaenger-schwarz\/","name":"Brieftaschenhalterung-Schl\u00fcsselanh\u00e4nger-schwarz","isPartOf":{"@id":"https:\/\/www.jootjeshaakcadeautjes.nl\/de\/#website"},"primaryImageOfPage":{"@id":"https:\/\/www.jootjeshaakcadeautjes.nl\/de\/produkt\/brieftaschenhalterung-schluesselanhaenger-schwarz\/#primaryimage"},"image":{"@id":"https:\/\/www.jootjeshaakcadeautjes.nl\/de\/produkt\/brieftaschenhalterung-schluesselanhaenger-schwarz\/#primaryimage"},"thumbnailUrl":"https:\/\/d1dyryakdmle7o.cloudfront.net\/wp-content\/uploads\/2024\/02\/20240127_224405.jpg","datePublished":"2024-02-18T14:04:02+00:00","dateModified":"2025-03-11T04:02:58+00:00","description":"Schl\u00fcsselanh\u00e4nger f\u00fcr die Brieftasche zum H\u00e4keln eines Schl\u00fcsselanh\u00e4ngers f\u00fcr die Geldb\u00f6rse. Ein toller Spa\u00df f\u00fcr Einkaufswagenmarken und zum Beispiel als Geschenk f\u00fcr den Lehrer!","breadcrumb":{"@id":"https:\/\/www.jootjeshaakcadeautjes.nl\/de\/produkt\/brieftaschenhalterung-schluesselanhaenger-schwarz\/#breadcrumb"},"inLanguage":"de","potentialAction":[{"@type":"ReadAction","target":["https:\/\/www.jootjeshaakcadeautjes.nl\/de\/produkt\/brieftaschenhalterung-schluesselanhaenger-schwarz\/"]}]},{"@type":"ImageObject","inLanguage":"de","@id":"https:\/\/www.jootjeshaakcadeautjes.nl\/de\/produkt\/brieftaschenhalterung-schluesselanhaenger-schwarz\/#primaryimage","url":"https:\/\/d1dyryakdmle7o.cloudfront.net\/wp-content\/uploads\/2024\/02\/20240127_224405.jpg","contentUrl":"https:\/\/d1dyryakdmle7o.cloudfront.net\/wp-content\/uploads\/2024\/02\/20240127_224405.jpg","width":2048,"height":2048},{"@type":"BreadcrumbList","@id":"https:\/\/www.jootjeshaakcadeautjes.nl\/de\/produkt\/brieftaschenhalterung-schluesselanhaenger-schwarz\/#breadcrumb","itemListElement":[{"@type":"ListItem","position":1,"name":"Startseite","item":"https:\/\/www.jootjeshaakcadeautjes.nl\/de\/"},{"@type":"ListItem","position":2,"name":"Gro\u00dfhandel mit Silikonperlen &#8211; Business und Consumer","item":"https:\/\/www.jootjeshaakcadeautjes.nl\/de\/shop\/"},{"@type":"ListItem","position":3,"name":"Brieftaschenhalter Schl\u00fcsselanh\u00e4nger Schwarz"}]},{"@type":"WebSite","@id":"https:\/\/www.jootjeshaakcadeautjes.nl\/de\/#website","url":"https:\/\/www.jootjeshaakcadeautjes.nl\/de\/","name":"Jootjes Haakcadeautjes","description":"Silikonperlen Gro\u00dfhandel ","publisher":{"@id":"https:\/\/www.jootjeshaakcadeautjes.nl\/de\/#organization"},"potentialAction":[{"@type":"SearchAction","target":{"@type":"EntryPoint","urlTemplate":"https:\/\/www.jootjeshaakcadeautjes.nl\/de\/?s={search_term_string}"},"query-input":{"@type":"PropertyValueSpecification","valueRequired":true,"valueName":"search_term_string"}}],"inLanguage":"de"},{"@type":"Organization","@id":"https:\/\/www.jootjeshaakcadeautjes.nl\/de\/#organization","name":"Jootjes Haakcadeautjes","url":"https:\/\/www.jootjeshaakcadeautjes.nl\/de\/","logo":{"@type":"ImageObject","inLanguage":"de","@id":"https:\/\/www.jootjeshaakcadeautjes.nl\/de\/#\/schema\/logo\/image\/","url":"https:\/\/d1dyryakdmle7o.cloudfront.net\/wp-content\/uploads\/2023\/05\/Logo-rond.png","contentUrl":"https:\/\/d1dyryakdmle7o.cloudfront.net\/wp-content\/uploads\/2023\/05\/Logo-rond.png","width":1222,"height":1222,"caption":"Jootjes Haakcadeautjes"},"image":{"@id":"https:\/\/www.jootjeshaakcadeautjes.nl\/de\/#\/schema\/logo\/image\/"}}]},"product_price_amount":"1.70","product_price_currency":"EUR","og_availability":"instock","product_availability":"instock","product_retailer_item_id":"POR-BEU-ZWA","product_condition":"new"},"_links":{"self":[{"href":"https:\/\/www.jootjeshaakcadeautjes.nl\/de\/wp-json\/wp\/v2\/product\/136710","targetHints":{"allow":["GET"]}}],"collection":[{"href":"https:\/\/www.jootjeshaakcadeautjes.nl\/de\/wp-json\/wp\/v2\/product"}],"about":[{"href":"https:\/\/www.jootjeshaakcadeautjes.nl\/de\/wp-json\/wp\/v2\/types\/product"}],"version-history":[{"count":0,"href":"https:\/\/www.jootjeshaakcadeautjes.nl\/de\/wp-json\/wp\/v2\/product\/136710\/revisions"}],"wp:featuredmedia":[{"embeddable":true,"href":"https:\/\/www.jootjeshaakcadeautjes.nl\/de\/wp-json\/wp\/v2\/media\/116877"}],"wp:attachment":[{"href":"https:\/\/www.jootjeshaakcadeautjes.nl\/de\/wp-json\/wp\/v2\/media?parent=136710"}],"wp:term":[{"taxonomy":"product_brand","embeddable":true,"href":"https:\/\/www.jootjeshaakcadeautjes.nl\/de\/wp-json\/wp\/v2\/product_brand?post=136710"},{"taxonomy":"product_cat","embeddable":true,"href":"https:\/\/www.jootjeshaakcadeautjes.nl\/de\/wp-json\/wp\/v2\/product_cat?post=136710"},{"taxonomy":"product_tag","embeddable":true,"href":"https:\/\/www.jootjeshaakcadeautjes.nl\/de\/wp-json\/wp\/v2\/product_tag?post=136710"}],"curies":[{"name":"wp","href":"https:\/\/api.w.org\/{rel}","templated":true}]}}