{"id":138899,"date":"2024-03-18T18:10:32","date_gmt":"2024-03-18T16:10:32","guid":{"rendered":"https:\/\/www.jootjeshaakcadeautjes.nl\/?post_type=product&#038;p=138899"},"modified":"2025-10-12T17:20:28","modified_gmt":"2025-10-12T15:20:28","slug":"silikonperlen-21-mm-baby-pulver-rosa","status":"publish","type":"product","link":"https:\/\/www.jootjeshaakcadeautjes.nl\/de\/produkt\/silikonperlen-21-mm-baby-pulver-rosa\/","title":{"rendered":"Silikonperlen &#8211; 21 mm &#8211; Baby &#8211; Astilbe \/ Puderrosa"},"content":{"rendered":"<h1>Silikonperlen &#8211; 21 mm &#8211; Baby &#8211; Astilbe \/ Puderrosa<\/h1>\n<p>Ein einzigartiges Jootjes-Haakcadeatjes-Design! Eine Silikonperle mit Baby-Pr\u00e4gung. Dieses Baby ist wirklich in die Perle eingearbeitet und wird nicht durch Druck aufgebracht. Doppelseitig. Diese sch\u00f6nen Perlen formen den perfekten Babybauch in einer Gl\u00fcckspuppe. So k\u00f6nnen Sie mit diesen Perlen im Handumdrehen ein sch\u00f6nes Geschenk f\u00fcr eine werdende Mama, eine Entbindungspflegerin, eine Schwangerschaftsanzeige, eine Geschlechtsangabe und vieles mehr machen. Sie k\u00f6nnen diese Perlen auch wunderbar in einem Bei\u00dfring oder mit Buchstabenperlen kombinieren, um z. B. den Namen des Kindes zu verk\u00fcnden. Und so kannst du noch viele weitere coole kreative Ideen mit diesen Perlen entwickeln. Wir denken, dass diese Perlen die perfekte Inspiration f\u00fcr viele weitere wundersch\u00f6ne Babygeschenke sind!<\/p>\n<p><em>Der <\/em>Entwurf ist aufgezeichnet und exklusiv bei Jootjes Haakcadeautjes erh\u00e4ltlich.<\/p>\n<h3>Spezifikationen:<\/h3>\n<ul>\n<li>Gr\u00f6\u00dfe: 21 mm<\/li>\n<\/ul>\n<p>Alle unsere Silikonperlen sind 100% BPA-, blei-, toxin-, phthalat- und PVC-frei. Diese Silikonkugeln sind daher auch f\u00fcr medizinische Zwecke geeignet und k\u00f6nnen in Kinderspielzeug verwendet werden. Die runden 20-mm-Perlen eignen sich u. a. f\u00fcr Bei\u00dfringe, Schnullerketten, Stillketten, Taschenanh\u00e4nger oder Babygymnastik.<\/p>\n<h3>Qualit\u00e4t und Sicherheit unserer Silikonperlen<\/h3>\n<p>Alle unsere Silikonperlen sind:<\/p>\n<ul>\n<li>BPA-frei<\/li>\n<li>Phthalat- und toxinfrei<\/li>\n<li>PVC-frei<\/li>\n<li>Bleifrei<\/li>\n<li>Geeignet f\u00fcr CE-zertifizierte Endprodukte<\/li>\n<li>Hergestellt aus medizinischem Silikon<\/li>\n<\/ul>\n<h4>Anbringen dieser Silikon-Babybauchperlen:<\/h4>\n<p>Die Silikonperlen lassen sich leicht mit Wachs- oder Satinkordel auff\u00e4deln, um einen Schl\u00fcsselanh\u00e4nger, Bei\u00dfring oder eine andere Kreation herzustellen. Das Heftloch ist etwa 2,5 mm gro\u00df. Alle unsere Satinkordeln, auch bis zur Gr\u00f6\u00dfe 2,25 mm, k\u00f6nnen mindestens zweimal durch die Perlen gehen. Dar\u00fcber hinaus eignen sich die Perlen auch perfekt zum Auff\u00e4deln auf unsere anderen auff\u00e4delbaren Produkte wie Schl\u00fcsselanh\u00e4nger, Stifte und mehr.<\/p>\n<h4>Reinigung:<\/h4>\n<p>Diese Silikonperlen sind daher sowohl f\u00fcr Babys als auch f\u00fcr \u00e4ltere Kinder geeignet, die gerne in etwas hineinbei\u00dfen. Daher nutzen sie sich kaum ab. Dar\u00fcber hinaus sind die Perlen leicht zu reinigen. Diese Silikonperlen k\u00f6nnen problemlos in die Sp\u00fclmaschine oder in Seifenwasser gegeben werden. Lassen Sie sie dann gr\u00fcndlich trocknen, bevor Sie sie wieder an ein Kind weitergeben. Die Silikonperlen k\u00f6nnen auch gek\u00fchlt werden. Sie eignen sich daher sehr gut zur Schmerzlinderung beim Zahnen.     <\/p>\n<p><em>Haftungsausschluss: Befestigen Sie die Silikonperlen immer sicher und \u00fcberpr\u00fcfen Sie Ihre Anfertigung regelm\u00e4\u00dfig, z. B. auf Abnutzung und Verschlei\u00df. Hierf\u00fcr sind Sie selbst verantwortlich. Jootjes Haakcadeautjes pr\u00fcft Ihr fertiges Produkt nicht und kann daher keine Sch\u00e4den oder Lockerungen aufgrund von Abnutzung annehmen. Wir raten dazu, handgefertigtes Bei\u00dfspielzeug nur unter Aufsicht von Erwachsenen zu verwenden, um gef\u00e4hrliche Situationen zu vermeiden.  Alle unsere Produkte sind 100% chemisch sicher getestet. Die Einhaltung der mechanischen Anforderungen (EN 12586 f\u00fcr Schnullerschn\u00fcre und EN 71 f\u00fcr Bei\u00dfringe) liegt in der Verantwortung des Kunden.  <\/em><\/p>\n<h3>Womit lassen sich diese Perlen gut kombinieren?<\/h3>\n<p>Alle unsere Perlen lassen sich gut miteinander kombinieren. Wir f\u00fchren so viele Perlenarten in den gleichen Farben wie m\u00f6glich.  Dies ist jedoch nicht immer m\u00f6glich. Dabei macht es auch Spa\u00df, Farben und Formen zu kombinieren. Dies hat eine stimulierende Wirkung auf die Entwicklung des Kindes. Je mutiger, desto besser. Wie bereits erw\u00e4hnt, eignen sich diese Perlen gut f\u00fcr die Verwendung als Lucky Dolls und als Schl\u00fcsselanh\u00e4nger. Dabei werden diese Perlen oft mit z. B. unserer umfangreichen Kollektion von Pompons und vertikalen Schleifen kombiniert.<\/p>\n","protected":false},"excerpt":{"rendered":"<p>Exklusiv bei Jootjes Crochet Gifts:<\/p>\n<p>&#8211; Farbe: Astilbe \/ Powder Pink<br \/>\n&#8211; Typ: Silikonperlen Babybauch<br \/>\n&#8211; Gr\u00f6\u00dfe: 21 mm<br \/>\n&#8211; Farbe Baby: Astilbe (unsere selbst entwickelte Farbe), Perle: Powder Pink<br \/>\n&#8211; Eingetragenes Design von Jootjes\u00ae<br \/>\n&#8211; Verkauft pro St\u00fcck, nirgends billiger<br \/>\n&#8211; BPA-, Phthalate-, Blei-, PVC- und Toxinfrei<br \/>\n&#8211; Geeignet f\u00fcr CE-zertifiziertes Endprodukt<br \/>\n&#8211; Medizinische Silikonperlen<br \/>\n&#8211; K\u00fchlbar im K\u00fchlschrank<br \/>\n&#8211; Sp\u00fclmaschinenfest<\/p>\n","protected":false},"featured_media":138637,"template":"","meta":[],"product_brand":[],"product_cat":[7380,8267,7389,6991,7983,8296],"product_tag":[7529,7519,8100,8210,7510,14174,7385,7419,7452,8516,8762,8008,8519,7208,7899,7416,7442,8324,7451,8015,8131,7397,14180,9552,7199,7490,8321,8318,8221,8522,8004,8512,8082,7444,9213,7483,7211,7427,7499,8006,7435,14186],"class_list":{"0":"post-138899","1":"product","2":"type-product","3":"status-publish","4":"has-post-thumbnail","6":"product_cat-herstellung-von-baby-beisspielzeug-materialien-fur-schnuller-und-beisringe","7":"product_cat-lucky-dolls-diy-perlen-und-zubehor","8":"product_cat-silikonperlen-all-multicoloured-luxury-beads","9":"product_cat-silikonperlen-bpa-frei-grosshandel","10":"product_cat-silikonperlen-exklusiv-bei-jootjes","11":"product_cat-silikonperlen-lucky-dolls-luckyjos","12":"product_tag-20-de","13":"product_tag-20-mm-de","14":"product_tag-20mm-de","15":"product_tag-astilbe-de","16":"product_tag-baby-de","17":"product_tag-bauch","18":"product_tag-beisring","19":"product_tag-bpa-de","20":"product_tag-bpa-frei","21":"product_tag-frau","22":"product_tag-gegenwart","23":"product_tag-gluck-de","24":"product_tag-gluckspuppe-de-2","25":"product_tag-gluckspuppe","26":"product_tag-grau","27":"product_tag-gummischnur","28":"product_tag-kinderwagenkette","29":"product_tag-korper-de","30":"product_tag-kostenlos","31":"product_tag-madchen","32":"product_tag-marmor","33":"product_tag-mm-de","34":"product_tag-mutterschaftshilfe","35":"product_tag-mutti-de","36":"product_tag-perlen","37":"product_tag-phthalate","38":"product_tag-pompons-de","39":"product_tag-popkes-de","40":"product_tag-pulver","41":"product_tag-puppe-de-2","42":"product_tag-puppe","43":"product_tag-puppe-de","44":"product_tag-rosa-de-2","45":"product_tag-schlusselanhanger","46":"product_tag-sein","47":"product_tag-silikon-de","48":"product_tag-silikon","49":"product_tag-still-halskette","50":"product_tag-taschenaufhanger","51":"product_tag-von","52":"product_tag-wulst","53":"product_tag-zu-de","55":"first","56":"instock","57":"taxable","58":"shipping-taxable","59":"purchasable","60":"product-type-simple"},"bundled_by":["138928","138952","286087"],"bundle_stock_status":"instock","bundle_stock_quantity":889,"bundle_virtual":false,"bundle_layout":"","bundle_add_to_cart_form_location":"","bundle_editable_in_cart":false,"bundle_sold_individually_context":"","bundle_item_grouping":"","bundle_min_size":"","bundle_max_size":"","bundle_price":[],"bundled_items":[],"bundle_sell_ids":[],"yoast_head":"<!-- This site is optimized with the Yoast SEO Premium plugin v27.6 (Yoast SEO v27.6) - https:\/\/yoast.com\/product\/yoast-seo-premium-wordpress\/ -->\n<title>Silikonperlen - 21 mm - Baby - Astilbe \/ Puderrosa - Jootjes Crochet pr\u00e4sentiert<\/title>\n<meta name=\"description\" content=\"Silikonperlen oval in der Farbe Salbeigr\u00fcn 12 mm sind BPA-, blei-, toxin-, phthalat- und PVC-frei, CE-gekennzeichnet.\" \/>\n<meta name=\"robots\" content=\"index, follow, max-snippet:-1, max-image-preview:large, max-video-preview:-1\" \/>\n<link rel=\"canonical\" href=\"https:\/\/www.jootjeshaakcadeautjes.nl\/de\/produkt\/silikonperlen-21-mm-baby-pulver-rosa\/\" \/>\n<meta property=\"og:locale\" content=\"de_DE\" \/>\n<meta property=\"og:type\" content=\"article\" \/>\n<meta property=\"og:title\" content=\"Silikonperlen - 21 mm - Baby - Astilbe \/ Puderrosa\" \/>\n<meta property=\"og:description\" content=\"Silikonperlen oval in der Farbe Salbeigr\u00fcn 12 mm sind BPA-, blei-, toxin-, phthalat- und PVC-frei, CE-gekennzeichnet.\" \/>\n<meta property=\"og:url\" content=\"https:\/\/www.jootjeshaakcadeautjes.nl\/de\/produkt\/silikonperlen-21-mm-baby-pulver-rosa\/\" \/>\n<meta property=\"og:site_name\" content=\"Jootjes Haakcadeautjes\" \/>\n<meta property=\"article:modified_time\" content=\"2025-10-12T15:20:28+00:00\" \/>\n<meta property=\"og:image\" content=\"https:\/\/www.jootjeshaakcadeautjes.nl\/wp-content\/uploads\/2024\/03\/20240225_190118-1.jpg\" \/>\n\t<meta property=\"og:image:width\" content=\"2048\" \/>\n\t<meta property=\"og:image:height\" content=\"2048\" \/>\n\t<meta property=\"og:image:type\" content=\"image\/jpeg\" \/>\n<meta name=\"twitter:card\" content=\"summary_large_image\" \/>\n<meta name=\"twitter:label1\" content=\"Preis\" \/>\n\t<meta name=\"twitter:data1\" content=\"&euro;1.25 inkl. MwSt.\" \/>\n\t<meta name=\"twitter:label2\" content=\"Verf\u00fcgbarkeit\" \/>\n\t<meta name=\"twitter:data2\" content=\"Auf Lager\" \/>\n<script type=\"application\/ld+json\" class=\"yoast-schema-graph\">{\"@context\":\"https:\\\/\\\/schema.org\",\"@graph\":[{\"@type\":\"WebPage\",\"@id\":\"https:\\\/\\\/www.jootjeshaakcadeautjes.nl\\\/de\\\/produkt\\\/silikonperlen-21-mm-baby-pulver-rosa\\\/\",\"url\":\"https:\\\/\\\/www.jootjeshaakcadeautjes.nl\\\/de\\\/produkt\\\/silikonperlen-21-mm-baby-pulver-rosa\\\/\",\"name\":\"Silikonperlen - 21 mm - Baby - Astilbe \\\/ Puderrosa - Jootjes Crochet pr\u00e4sentiert\",\"isPartOf\":{\"@id\":\"https:\\\/\\\/www.jootjeshaakcadeautjes.nl\\\/de\\\/#website\"},\"primaryImageOfPage\":{\"@id\":\"https:\\\/\\\/www.jootjeshaakcadeautjes.nl\\\/de\\\/produkt\\\/silikonperlen-21-mm-baby-pulver-rosa\\\/#primaryimage\"},\"image\":{\"@id\":\"https:\\\/\\\/www.jootjeshaakcadeautjes.nl\\\/de\\\/produkt\\\/silikonperlen-21-mm-baby-pulver-rosa\\\/#primaryimage\"},\"thumbnailUrl\":\"https:\\\/\\\/d1dyryakdmle7o.cloudfront.net\\\/wp-content\\\/uploads\\\/2024\\\/03\\\/20240225_190118-1.jpg\",\"datePublished\":\"2024-03-18T16:10:32+00:00\",\"dateModified\":\"2025-10-12T15:20:28+00:00\",\"description\":\"Silikonperlen oval in der Farbe Salbeigr\u00fcn 12 mm sind BPA-, blei-, toxin-, phthalat- und PVC-frei, CE-gekennzeichnet.\",\"breadcrumb\":{\"@id\":\"https:\\\/\\\/www.jootjeshaakcadeautjes.nl\\\/de\\\/produkt\\\/silikonperlen-21-mm-baby-pulver-rosa\\\/#breadcrumb\"},\"inLanguage\":\"de\",\"potentialAction\":[{\"@type\":\"ReadAction\",\"target\":[\"https:\\\/\\\/www.jootjeshaakcadeautjes.nl\\\/de\\\/produkt\\\/silikonperlen-21-mm-baby-pulver-rosa\\\/\"]}]},{\"@type\":\"ImageObject\",\"inLanguage\":\"de\",\"@id\":\"https:\\\/\\\/www.jootjeshaakcadeautjes.nl\\\/de\\\/produkt\\\/silikonperlen-21-mm-baby-pulver-rosa\\\/#primaryimage\",\"url\":\"https:\\\/\\\/d1dyryakdmle7o.cloudfront.net\\\/wp-content\\\/uploads\\\/2024\\\/03\\\/20240225_190118-1.jpg\",\"contentUrl\":\"https:\\\/\\\/d1dyryakdmle7o.cloudfront.net\\\/wp-content\\\/uploads\\\/2024\\\/03\\\/20240225_190118-1.jpg\",\"width\":2048,\"height\":2048,\"caption\":\"Silikonperlen Babybauchpulver rosa 21 mm Gro\u00dfhandel bpa frei\"},{\"@type\":\"BreadcrumbList\",\"@id\":\"https:\\\/\\\/www.jootjeshaakcadeautjes.nl\\\/de\\\/produkt\\\/silikonperlen-21-mm-baby-pulver-rosa\\\/#breadcrumb\",\"itemListElement\":[{\"@type\":\"ListItem\",\"position\":1,\"name\":\"Startseite\",\"item\":\"https:\\\/\\\/www.jootjeshaakcadeautjes.nl\\\/de\\\/\"},{\"@type\":\"ListItem\",\"position\":2,\"name\":\"Gro\u00dfhandel mit Silikonperlen &#8211; Business und Consumer\",\"item\":\"https:\\\/\\\/www.jootjeshaakcadeautjes.nl\\\/de\\\/shop\\\/\"},{\"@type\":\"ListItem\",\"position\":3,\"name\":\"Silikonperlen &#8211; 21 mm &#8211; Baby &#8211; Astilbe \\\/ Puderrosa\"}]},{\"@type\":\"WebSite\",\"@id\":\"https:\\\/\\\/www.jootjeshaakcadeautjes.nl\\\/de\\\/#website\",\"url\":\"https:\\\/\\\/www.jootjeshaakcadeautjes.nl\\\/de\\\/\",\"name\":\"Jootjes Haakcadeautjes\",\"description\":\"Silikonperlen Gro\u00dfhandel \",\"publisher\":{\"@id\":\"https:\\\/\\\/www.jootjeshaakcadeautjes.nl\\\/de\\\/#organization\"},\"potentialAction\":[{\"@type\":\"SearchAction\",\"target\":{\"@type\":\"EntryPoint\",\"urlTemplate\":\"https:\\\/\\\/www.jootjeshaakcadeautjes.nl\\\/de\\\/?s={search_term_string}\"},\"query-input\":{\"@type\":\"PropertyValueSpecification\",\"valueRequired\":true,\"valueName\":\"search_term_string\"}}],\"inLanguage\":\"de\"},{\"@type\":\"Organization\",\"@id\":\"https:\\\/\\\/www.jootjeshaakcadeautjes.nl\\\/de\\\/#organization\",\"name\":\"Jootjes Haakcadeautjes\",\"url\":\"https:\\\/\\\/www.jootjeshaakcadeautjes.nl\\\/de\\\/\",\"logo\":{\"@type\":\"ImageObject\",\"inLanguage\":\"de\",\"@id\":\"https:\\\/\\\/www.jootjeshaakcadeautjes.nl\\\/de\\\/#\\\/schema\\\/logo\\\/image\\\/\",\"url\":\"https:\\\/\\\/d1dyryakdmle7o.cloudfront.net\\\/wp-content\\\/uploads\\\/2023\\\/05\\\/Logo-rond.png\",\"contentUrl\":\"https:\\\/\\\/d1dyryakdmle7o.cloudfront.net\\\/wp-content\\\/uploads\\\/2023\\\/05\\\/Logo-rond.png\",\"width\":1222,\"height\":1222,\"caption\":\"Jootjes Haakcadeautjes\"},\"image\":{\"@id\":\"https:\\\/\\\/www.jootjeshaakcadeautjes.nl\\\/de\\\/#\\\/schema\\\/logo\\\/image\\\/\"}}]}<\/script>\n<meta property=\"product:price:amount\" content=\"1.25\" \/>\n<meta property=\"product:price:currency\" content=\"EUR\" \/>\n<meta property=\"og:availability\" content=\"instock\" \/>\n<meta property=\"product:availability\" content=\"instock\" \/>\n<meta property=\"product:retailer_item_id\" content=\"SKR-BAB-WOPR\" \/>\n<meta property=\"product:condition\" content=\"new\" \/>\n<!-- \/ Yoast SEO Premium plugin. -->","yoast_head_json":{"title":"Silikonperlen - 21 mm - Baby - Astilbe \/ Puderrosa - Jootjes Crochet pr\u00e4sentiert","description":"Silikonperlen oval in der Farbe Salbeigr\u00fcn 12 mm sind BPA-, blei-, toxin-, phthalat- und PVC-frei, CE-gekennzeichnet.","robots":{"index":"index","follow":"follow","max-snippet":"max-snippet:-1","max-image-preview":"max-image-preview:large","max-video-preview":"max-video-preview:-1"},"canonical":"https:\/\/www.jootjeshaakcadeautjes.nl\/de\/produkt\/silikonperlen-21-mm-baby-pulver-rosa\/","og_locale":"de_DE","og_type":"article","og_title":"Silikonperlen - 21 mm - Baby - Astilbe \/ Puderrosa","og_description":"Silikonperlen oval in der Farbe Salbeigr\u00fcn 12 mm sind BPA-, blei-, toxin-, phthalat- und PVC-frei, CE-gekennzeichnet.","og_url":"https:\/\/www.jootjeshaakcadeautjes.nl\/de\/produkt\/silikonperlen-21-mm-baby-pulver-rosa\/","og_site_name":"Jootjes Haakcadeautjes","article_modified_time":"2025-10-12T15:20:28+00:00","og_image":[{"width":2048,"height":2048,"url":"https:\/\/www.jootjeshaakcadeautjes.nl\/wp-content\/uploads\/2024\/03\/20240225_190118-1.jpg","type":"image\/jpeg"}],"twitter_card":"summary_large_image","twitter_misc":{"Preis":"&euro;1.25 inkl. MwSt.","Verf\u00fcgbarkeit":"Auf Lager"},"schema":{"@context":"https:\/\/schema.org","@graph":[{"@type":"WebPage","@id":"https:\/\/www.jootjeshaakcadeautjes.nl\/de\/produkt\/silikonperlen-21-mm-baby-pulver-rosa\/","url":"https:\/\/www.jootjeshaakcadeautjes.nl\/de\/produkt\/silikonperlen-21-mm-baby-pulver-rosa\/","name":"Silikonperlen - 21 mm - Baby - Astilbe \/ Puderrosa - Jootjes Crochet pr\u00e4sentiert","isPartOf":{"@id":"https:\/\/www.jootjeshaakcadeautjes.nl\/de\/#website"},"primaryImageOfPage":{"@id":"https:\/\/www.jootjeshaakcadeautjes.nl\/de\/produkt\/silikonperlen-21-mm-baby-pulver-rosa\/#primaryimage"},"image":{"@id":"https:\/\/www.jootjeshaakcadeautjes.nl\/de\/produkt\/silikonperlen-21-mm-baby-pulver-rosa\/#primaryimage"},"thumbnailUrl":"https:\/\/d1dyryakdmle7o.cloudfront.net\/wp-content\/uploads\/2024\/03\/20240225_190118-1.jpg","datePublished":"2024-03-18T16:10:32+00:00","dateModified":"2025-10-12T15:20:28+00:00","description":"Silikonperlen oval in der Farbe Salbeigr\u00fcn 12 mm sind BPA-, blei-, toxin-, phthalat- und PVC-frei, CE-gekennzeichnet.","breadcrumb":{"@id":"https:\/\/www.jootjeshaakcadeautjes.nl\/de\/produkt\/silikonperlen-21-mm-baby-pulver-rosa\/#breadcrumb"},"inLanguage":"de","potentialAction":[{"@type":"ReadAction","target":["https:\/\/www.jootjeshaakcadeautjes.nl\/de\/produkt\/silikonperlen-21-mm-baby-pulver-rosa\/"]}]},{"@type":"ImageObject","inLanguage":"de","@id":"https:\/\/www.jootjeshaakcadeautjes.nl\/de\/produkt\/silikonperlen-21-mm-baby-pulver-rosa\/#primaryimage","url":"https:\/\/d1dyryakdmle7o.cloudfront.net\/wp-content\/uploads\/2024\/03\/20240225_190118-1.jpg","contentUrl":"https:\/\/d1dyryakdmle7o.cloudfront.net\/wp-content\/uploads\/2024\/03\/20240225_190118-1.jpg","width":2048,"height":2048,"caption":"Silikonperlen Babybauchpulver rosa 21 mm Gro\u00dfhandel bpa frei"},{"@type":"BreadcrumbList","@id":"https:\/\/www.jootjeshaakcadeautjes.nl\/de\/produkt\/silikonperlen-21-mm-baby-pulver-rosa\/#breadcrumb","itemListElement":[{"@type":"ListItem","position":1,"name":"Startseite","item":"https:\/\/www.jootjeshaakcadeautjes.nl\/de\/"},{"@type":"ListItem","position":2,"name":"Gro\u00dfhandel mit Silikonperlen &#8211; Business und Consumer","item":"https:\/\/www.jootjeshaakcadeautjes.nl\/de\/shop\/"},{"@type":"ListItem","position":3,"name":"Silikonperlen &#8211; 21 mm &#8211; Baby &#8211; Astilbe \/ Puderrosa"}]},{"@type":"WebSite","@id":"https:\/\/www.jootjeshaakcadeautjes.nl\/de\/#website","url":"https:\/\/www.jootjeshaakcadeautjes.nl\/de\/","name":"Jootjes Haakcadeautjes","description":"Silikonperlen Gro\u00dfhandel ","publisher":{"@id":"https:\/\/www.jootjeshaakcadeautjes.nl\/de\/#organization"},"potentialAction":[{"@type":"SearchAction","target":{"@type":"EntryPoint","urlTemplate":"https:\/\/www.jootjeshaakcadeautjes.nl\/de\/?s={search_term_string}"},"query-input":{"@type":"PropertyValueSpecification","valueRequired":true,"valueName":"search_term_string"}}],"inLanguage":"de"},{"@type":"Organization","@id":"https:\/\/www.jootjeshaakcadeautjes.nl\/de\/#organization","name":"Jootjes Haakcadeautjes","url":"https:\/\/www.jootjeshaakcadeautjes.nl\/de\/","logo":{"@type":"ImageObject","inLanguage":"de","@id":"https:\/\/www.jootjeshaakcadeautjes.nl\/de\/#\/schema\/logo\/image\/","url":"https:\/\/d1dyryakdmle7o.cloudfront.net\/wp-content\/uploads\/2023\/05\/Logo-rond.png","contentUrl":"https:\/\/d1dyryakdmle7o.cloudfront.net\/wp-content\/uploads\/2023\/05\/Logo-rond.png","width":1222,"height":1222,"caption":"Jootjes Haakcadeautjes"},"image":{"@id":"https:\/\/www.jootjeshaakcadeautjes.nl\/de\/#\/schema\/logo\/image\/"}}]},"product_price_amount":"1.25","product_price_currency":"EUR","og_availability":"instock","product_availability":"instock","product_retailer_item_id":"SKR-BAB-WOPR","product_condition":"new"},"_links":{"self":[{"href":"https:\/\/www.jootjeshaakcadeautjes.nl\/de\/wp-json\/wp\/v2\/product\/138899","targetHints":{"allow":["GET"]}}],"collection":[{"href":"https:\/\/www.jootjeshaakcadeautjes.nl\/de\/wp-json\/wp\/v2\/product"}],"about":[{"href":"https:\/\/www.jootjeshaakcadeautjes.nl\/de\/wp-json\/wp\/v2\/types\/product"}],"version-history":[{"count":0,"href":"https:\/\/www.jootjeshaakcadeautjes.nl\/de\/wp-json\/wp\/v2\/product\/138899\/revisions"}],"wp:featuredmedia":[{"embeddable":true,"href":"https:\/\/www.jootjeshaakcadeautjes.nl\/de\/wp-json\/wp\/v2\/media\/138637"}],"wp:attachment":[{"href":"https:\/\/www.jootjeshaakcadeautjes.nl\/de\/wp-json\/wp\/v2\/media?parent=138899"}],"wp:term":[{"taxonomy":"product_brand","embeddable":true,"href":"https:\/\/www.jootjeshaakcadeautjes.nl\/de\/wp-json\/wp\/v2\/product_brand?post=138899"},{"taxonomy":"product_cat","embeddable":true,"href":"https:\/\/www.jootjeshaakcadeautjes.nl\/de\/wp-json\/wp\/v2\/product_cat?post=138899"},{"taxonomy":"product_tag","embeddable":true,"href":"https:\/\/www.jootjeshaakcadeautjes.nl\/de\/wp-json\/wp\/v2\/product_tag?post=138899"}],"curies":[{"name":"wp","href":"https:\/\/api.w.org\/{rel}","templated":true}]}}