{"id":140235,"date":"2024-03-18T12:19:26","date_gmt":"2024-03-18T10:19:26","guid":{"rendered":"https:\/\/www.jootjeshaakcadeautjes.nl\/?post_type=product&#038;p=140235"},"modified":"2025-03-11T17:27:37","modified_gmt":"2025-03-11T16:27:37","slug":"armband-abnehmbar-silber-dunn","status":"publish","type":"product","link":"https:\/\/www.jootjeshaakcadeautjes.nl\/de\/produkt\/armband-abnehmbar-silber-dunn\/","title":{"rendered":"Armband &#8211; Reihbar &#8211; Edelstahl\/Silber &#8211; DUN"},"content":{"rendered":"<h2>Armband &#8211; Reihbar &#8211; Edelstahl\/Silber &#8211; DUN<\/h2>\n<p>Material: rostfreier Stahl\/Silber<br \/>\nTyp: F\u00e4delbarer Armreif<\/p>\n<p>Reihbar mit Silikonperlen und Holzperlen. Perfekt, um sich selbst ein wundersch\u00f6nes Geschenk zu machen, das Sie ganz nach Ihrem Geschmack gestalten k\u00f6nnen. Wenn Sie ein echter Beadboss sind und die wundervollsten Perlenkreationen herstellen, dann haben Sie sich ein wunderbares Geschenk verdient, das wirklich perfekt f\u00fcr Ihre Lieblingsbesch\u00e4ftigung ist. Super stylisch und sofort das perfekte Schild f\u00fcr Ihr Unternehmen. Schlie\u00dflich werden Sie garantiert Fragen zu diesem Armband bekommen! Ideal auch als Geschenk f\u00fcr ein Familienmitglied, einen Freund oder einen Kollegen! Gestalten Sie das Armband ganz nach Ihrem Geschmack. Sie k\u00f6nnen auch perfekt einen Namen darauf reflektieren. In diesem Fall empfehlen wir jedoch 10-mm-Perlen. Diese sind die beste \u00dcbereinstimmung im Format.<\/p>\n<p>Haftungsausschluss; im Laufe der Zeit\/bei intensivem Gebrauch kann sich die Farbe des Armbands leicht abnutzen.<\/p>\n","protected":false},"excerpt":{"rendered":"<p>Material: Edelstahl\/Silber Typ: Armband mit Gewinde DUN<\/p>\n","protected":false},"featured_media":113458,"template":"","meta":[],"product_brand":[],"product_cat":[8425,7194],"product_tag":[7555,15309,7226,7221,7205,14244,7394,7202,7253,7257,8426,7273,7247,7214,7271,7268,7244,7260,7263,7199,7223,7250,7229,7232,16050,8158,7218,7211,7275,7241],"class_list":{"0":"post-140235","1":"product","2":"type-product","3":"status-publish","4":"has-post-thumbnail","6":"product_cat-armbander-mit-gewinde","7":"product_cat-basteable-produkte-alle-basteable-produkte","8":"product_tag-armband-de","9":"product_tag-armband-rowable","10":"product_tag-aufreihbar","11":"product_tag-b2b-de","12":"product_tag-diy-de","13":"product_tag-dun-de","14":"product_tag-geschenk-de","15":"product_tag-hobby-de","16":"product_tag-junggeselle","17":"product_tag-junggesellenabschied","18":"product_tag-kollege","19":"product_tag-konzept","20":"product_tag-machen-sie-es-selbst","21":"product_tag-machen","22":"product_tag-markt-de","23":"product_tag-materialien","24":"product_tag-partei","25":"product_tag-partei-de","26":"product_tag-partei-de-2","27":"product_tag-perlen","28":"product_tag-personalisierte","29":"product_tag-personalisierte-geschenke","30":"product_tag-personalisierung","31":"product_tag-rostfreier-stahl","32":"product_tag-rostfreier-stahl-silber","33":"product_tag-selber-machen","34":"product_tag-selbst","35":"product_tag-silikon","36":"product_tag-speichern","37":"product_tag-trinken","39":"first","40":"instock","41":"taxable","42":"shipping-taxable","43":"purchasable","44":"product-type-simple"},"bundled_by":[],"bundle_stock_status":"instock","bundle_stock_quantity":535,"bundle_virtual":false,"bundle_layout":"","bundle_add_to_cart_form_location":"","bundle_editable_in_cart":false,"bundle_sold_individually_context":"","bundle_item_grouping":"","bundle_min_size":"","bundle_max_size":"","bundle_price":[],"bundled_items":[],"bundle_sell_ids":[],"yoast_head":"<!-- This site is optimized with the Yoast SEO Premium plugin v27.6 (Yoast SEO v27.6) - https:\/\/yoast.com\/product\/yoast-seo-premium-wordpress\/ -->\n<title>Armband - Rowable - Edelstahl\/Silber - DUN | DIY | Jootjes.nl<\/title>\n<meta name=\"description\" content=\"Kaufen Sie ein auff\u00e4delbares Armband DUN und gestalten Sie es mit unseren Holz- und Silikonperlen ganz nach Ihrem Geschmack.\" \/>\n<meta name=\"robots\" content=\"index, follow, max-snippet:-1, max-image-preview:large, max-video-preview:-1\" \/>\n<link rel=\"canonical\" href=\"https:\/\/www.jootjeshaakcadeautjes.nl\/de\/produkt\/armband-abnehmbar-silber-dunn\/\" \/>\n<meta property=\"og:locale\" content=\"de_DE\" \/>\n<meta property=\"og:type\" content=\"article\" \/>\n<meta property=\"og:title\" content=\"Armband - Reihbar - Edelstahl\/Silber - DUN\" \/>\n<meta property=\"og:description\" content=\"Kaufen Sie ein auff\u00e4delbares Armband DUN und gestalten Sie es mit unseren Holz- und Silikonperlen ganz nach Ihrem Geschmack.\" \/>\n<meta property=\"og:url\" content=\"https:\/\/www.jootjeshaakcadeautjes.nl\/de\/produkt\/armband-abnehmbar-silber-dunn\/\" \/>\n<meta property=\"og:site_name\" content=\"Jootjes Haakcadeautjes\" \/>\n<meta property=\"article:modified_time\" content=\"2025-03-11T16:27:37+00:00\" \/>\n<meta property=\"og:image\" content=\"https:\/\/www.jootjeshaakcadeautjes.nl\/wp-content\/uploads\/2023\/12\/20231210_133939.jpg\" \/>\n\t<meta property=\"og:image:width\" content=\"2048\" \/>\n\t<meta property=\"og:image:height\" content=\"2048\" \/>\n\t<meta property=\"og:image:type\" content=\"image\/jpeg\" \/>\n<meta name=\"twitter:card\" content=\"summary_large_image\" \/>\n<meta name=\"twitter:label1\" content=\"Preis\" \/>\n\t<meta name=\"twitter:data1\" content=\"&euro;2.99 inkl. MwSt.\" \/>\n\t<meta name=\"twitter:label2\" content=\"Verf\u00fcgbarkeit\" \/>\n\t<meta name=\"twitter:data2\" content=\"Auf Lager\" \/>\n<script type=\"application\/ld+json\" class=\"yoast-schema-graph\">{\"@context\":\"https:\\\/\\\/schema.org\",\"@graph\":[{\"@type\":\"WebPage\",\"@id\":\"https:\\\/\\\/www.jootjeshaakcadeautjes.nl\\\/de\\\/produkt\\\/armband-abnehmbar-silber-dunn\\\/\",\"url\":\"https:\\\/\\\/www.jootjeshaakcadeautjes.nl\\\/de\\\/produkt\\\/armband-abnehmbar-silber-dunn\\\/\",\"name\":\"Armband - Rowable - Edelstahl\\\/Silber - DUN | DIY | Jootjes.nl\",\"isPartOf\":{\"@id\":\"https:\\\/\\\/www.jootjeshaakcadeautjes.nl\\\/de\\\/#website\"},\"primaryImageOfPage\":{\"@id\":\"https:\\\/\\\/www.jootjeshaakcadeautjes.nl\\\/de\\\/produkt\\\/armband-abnehmbar-silber-dunn\\\/#primaryimage\"},\"image\":{\"@id\":\"https:\\\/\\\/www.jootjeshaakcadeautjes.nl\\\/de\\\/produkt\\\/armband-abnehmbar-silber-dunn\\\/#primaryimage\"},\"thumbnailUrl\":\"https:\\\/\\\/d1dyryakdmle7o.cloudfront.net\\\/wp-content\\\/uploads\\\/2023\\\/12\\\/20231210_133939.jpg\",\"datePublished\":\"2024-03-18T10:19:26+00:00\",\"dateModified\":\"2025-03-11T16:27:37+00:00\",\"description\":\"Kaufen Sie ein auff\u00e4delbares Armband DUN und gestalten Sie es mit unseren Holz- und Silikonperlen ganz nach Ihrem Geschmack.\",\"breadcrumb\":{\"@id\":\"https:\\\/\\\/www.jootjeshaakcadeautjes.nl\\\/de\\\/produkt\\\/armband-abnehmbar-silber-dunn\\\/#breadcrumb\"},\"inLanguage\":\"de\",\"potentialAction\":[{\"@type\":\"ReadAction\",\"target\":[\"https:\\\/\\\/www.jootjeshaakcadeautjes.nl\\\/de\\\/produkt\\\/armband-abnehmbar-silber-dunn\\\/\"]}]},{\"@type\":\"ImageObject\",\"inLanguage\":\"de\",\"@id\":\"https:\\\/\\\/www.jootjeshaakcadeautjes.nl\\\/de\\\/produkt\\\/armband-abnehmbar-silber-dunn\\\/#primaryimage\",\"url\":\"https:\\\/\\\/d1dyryakdmle7o.cloudfront.net\\\/wp-content\\\/uploads\\\/2023\\\/12\\\/20231210_133939.jpg\",\"contentUrl\":\"https:\\\/\\\/d1dyryakdmle7o.cloudfront.net\\\/wp-content\\\/uploads\\\/2023\\\/12\\\/20231210_133939.jpg\",\"width\":2048,\"height\":2048,\"caption\":\"Armband - reihbar - Edelstahl - DUN\"},{\"@type\":\"BreadcrumbList\",\"@id\":\"https:\\\/\\\/www.jootjeshaakcadeautjes.nl\\\/de\\\/produkt\\\/armband-abnehmbar-silber-dunn\\\/#breadcrumb\",\"itemListElement\":[{\"@type\":\"ListItem\",\"position\":1,\"name\":\"Startseite\",\"item\":\"https:\\\/\\\/www.jootjeshaakcadeautjes.nl\\\/de\\\/\"},{\"@type\":\"ListItem\",\"position\":2,\"name\":\"Gro\u00dfhandel mit Silikonperlen &#8211; Business und Consumer\",\"item\":\"https:\\\/\\\/www.jootjeshaakcadeautjes.nl\\\/de\\\/shop\\\/\"},{\"@type\":\"ListItem\",\"position\":3,\"name\":\"Armband &#8211; Reihbar &#8211; Edelstahl\\\/Silber &#8211; DUN\"}]},{\"@type\":\"WebSite\",\"@id\":\"https:\\\/\\\/www.jootjeshaakcadeautjes.nl\\\/de\\\/#website\",\"url\":\"https:\\\/\\\/www.jootjeshaakcadeautjes.nl\\\/de\\\/\",\"name\":\"Jootjes Haakcadeautjes\",\"description\":\"Silikonperlen Gro\u00dfhandel \",\"publisher\":{\"@id\":\"https:\\\/\\\/www.jootjeshaakcadeautjes.nl\\\/de\\\/#organization\"},\"potentialAction\":[{\"@type\":\"SearchAction\",\"target\":{\"@type\":\"EntryPoint\",\"urlTemplate\":\"https:\\\/\\\/www.jootjeshaakcadeautjes.nl\\\/de\\\/?s={search_term_string}\"},\"query-input\":{\"@type\":\"PropertyValueSpecification\",\"valueRequired\":true,\"valueName\":\"search_term_string\"}}],\"inLanguage\":\"de\"},{\"@type\":\"Organization\",\"@id\":\"https:\\\/\\\/www.jootjeshaakcadeautjes.nl\\\/de\\\/#organization\",\"name\":\"Jootjes Haakcadeautjes\",\"url\":\"https:\\\/\\\/www.jootjeshaakcadeautjes.nl\\\/de\\\/\",\"logo\":{\"@type\":\"ImageObject\",\"inLanguage\":\"de\",\"@id\":\"https:\\\/\\\/www.jootjeshaakcadeautjes.nl\\\/de\\\/#\\\/schema\\\/logo\\\/image\\\/\",\"url\":\"https:\\\/\\\/d1dyryakdmle7o.cloudfront.net\\\/wp-content\\\/uploads\\\/2023\\\/05\\\/Logo-rond.png\",\"contentUrl\":\"https:\\\/\\\/d1dyryakdmle7o.cloudfront.net\\\/wp-content\\\/uploads\\\/2023\\\/05\\\/Logo-rond.png\",\"width\":1222,\"height\":1222,\"caption\":\"Jootjes Haakcadeautjes\"},\"image\":{\"@id\":\"https:\\\/\\\/www.jootjeshaakcadeautjes.nl\\\/de\\\/#\\\/schema\\\/logo\\\/image\\\/\"}}]}<\/script>\n<meta property=\"product:price:amount\" content=\"2.99\" \/>\n<meta property=\"product:price:currency\" content=\"EUR\" \/>\n<meta property=\"og:availability\" content=\"instock\" \/>\n<meta property=\"product:availability\" content=\"instock\" \/>\n<meta property=\"product:retailer_item_id\" content=\"RIJG-ARM-DUN\" \/>\n<meta property=\"product:condition\" content=\"new\" \/>\n<!-- \/ Yoast SEO Premium plugin. -->","yoast_head_json":{"title":"Armband - Rowable - Edelstahl\/Silber - DUN | DIY | Jootjes.nl","description":"Kaufen Sie ein auff\u00e4delbares Armband DUN und gestalten Sie es mit unseren Holz- und Silikonperlen ganz nach Ihrem Geschmack.","robots":{"index":"index","follow":"follow","max-snippet":"max-snippet:-1","max-image-preview":"max-image-preview:large","max-video-preview":"max-video-preview:-1"},"canonical":"https:\/\/www.jootjeshaakcadeautjes.nl\/de\/produkt\/armband-abnehmbar-silber-dunn\/","og_locale":"de_DE","og_type":"article","og_title":"Armband - Reihbar - Edelstahl\/Silber - DUN","og_description":"Kaufen Sie ein auff\u00e4delbares Armband DUN und gestalten Sie es mit unseren Holz- und Silikonperlen ganz nach Ihrem Geschmack.","og_url":"https:\/\/www.jootjeshaakcadeautjes.nl\/de\/produkt\/armband-abnehmbar-silber-dunn\/","og_site_name":"Jootjes Haakcadeautjes","article_modified_time":"2025-03-11T16:27:37+00:00","og_image":[{"width":2048,"height":2048,"url":"https:\/\/www.jootjeshaakcadeautjes.nl\/wp-content\/uploads\/2023\/12\/20231210_133939.jpg","type":"image\/jpeg"}],"twitter_card":"summary_large_image","twitter_misc":{"Preis":"&euro;2.99 inkl. MwSt.","Verf\u00fcgbarkeit":"Auf Lager"},"schema":{"@context":"https:\/\/schema.org","@graph":[{"@type":"WebPage","@id":"https:\/\/www.jootjeshaakcadeautjes.nl\/de\/produkt\/armband-abnehmbar-silber-dunn\/","url":"https:\/\/www.jootjeshaakcadeautjes.nl\/de\/produkt\/armband-abnehmbar-silber-dunn\/","name":"Armband - Rowable - Edelstahl\/Silber - DUN | DIY | Jootjes.nl","isPartOf":{"@id":"https:\/\/www.jootjeshaakcadeautjes.nl\/de\/#website"},"primaryImageOfPage":{"@id":"https:\/\/www.jootjeshaakcadeautjes.nl\/de\/produkt\/armband-abnehmbar-silber-dunn\/#primaryimage"},"image":{"@id":"https:\/\/www.jootjeshaakcadeautjes.nl\/de\/produkt\/armband-abnehmbar-silber-dunn\/#primaryimage"},"thumbnailUrl":"https:\/\/d1dyryakdmle7o.cloudfront.net\/wp-content\/uploads\/2023\/12\/20231210_133939.jpg","datePublished":"2024-03-18T10:19:26+00:00","dateModified":"2025-03-11T16:27:37+00:00","description":"Kaufen Sie ein auff\u00e4delbares Armband DUN und gestalten Sie es mit unseren Holz- und Silikonperlen ganz nach Ihrem Geschmack.","breadcrumb":{"@id":"https:\/\/www.jootjeshaakcadeautjes.nl\/de\/produkt\/armband-abnehmbar-silber-dunn\/#breadcrumb"},"inLanguage":"de","potentialAction":[{"@type":"ReadAction","target":["https:\/\/www.jootjeshaakcadeautjes.nl\/de\/produkt\/armband-abnehmbar-silber-dunn\/"]}]},{"@type":"ImageObject","inLanguage":"de","@id":"https:\/\/www.jootjeshaakcadeautjes.nl\/de\/produkt\/armband-abnehmbar-silber-dunn\/#primaryimage","url":"https:\/\/d1dyryakdmle7o.cloudfront.net\/wp-content\/uploads\/2023\/12\/20231210_133939.jpg","contentUrl":"https:\/\/d1dyryakdmle7o.cloudfront.net\/wp-content\/uploads\/2023\/12\/20231210_133939.jpg","width":2048,"height":2048,"caption":"Armband - reihbar - Edelstahl - DUN"},{"@type":"BreadcrumbList","@id":"https:\/\/www.jootjeshaakcadeautjes.nl\/de\/produkt\/armband-abnehmbar-silber-dunn\/#breadcrumb","itemListElement":[{"@type":"ListItem","position":1,"name":"Startseite","item":"https:\/\/www.jootjeshaakcadeautjes.nl\/de\/"},{"@type":"ListItem","position":2,"name":"Gro\u00dfhandel mit Silikonperlen &#8211; Business und Consumer","item":"https:\/\/www.jootjeshaakcadeautjes.nl\/de\/shop\/"},{"@type":"ListItem","position":3,"name":"Armband &#8211; Reihbar &#8211; Edelstahl\/Silber &#8211; DUN"}]},{"@type":"WebSite","@id":"https:\/\/www.jootjeshaakcadeautjes.nl\/de\/#website","url":"https:\/\/www.jootjeshaakcadeautjes.nl\/de\/","name":"Jootjes Haakcadeautjes","description":"Silikonperlen Gro\u00dfhandel ","publisher":{"@id":"https:\/\/www.jootjeshaakcadeautjes.nl\/de\/#organization"},"potentialAction":[{"@type":"SearchAction","target":{"@type":"EntryPoint","urlTemplate":"https:\/\/www.jootjeshaakcadeautjes.nl\/de\/?s={search_term_string}"},"query-input":{"@type":"PropertyValueSpecification","valueRequired":true,"valueName":"search_term_string"}}],"inLanguage":"de"},{"@type":"Organization","@id":"https:\/\/www.jootjeshaakcadeautjes.nl\/de\/#organization","name":"Jootjes Haakcadeautjes","url":"https:\/\/www.jootjeshaakcadeautjes.nl\/de\/","logo":{"@type":"ImageObject","inLanguage":"de","@id":"https:\/\/www.jootjeshaakcadeautjes.nl\/de\/#\/schema\/logo\/image\/","url":"https:\/\/d1dyryakdmle7o.cloudfront.net\/wp-content\/uploads\/2023\/05\/Logo-rond.png","contentUrl":"https:\/\/d1dyryakdmle7o.cloudfront.net\/wp-content\/uploads\/2023\/05\/Logo-rond.png","width":1222,"height":1222,"caption":"Jootjes Haakcadeautjes"},"image":{"@id":"https:\/\/www.jootjeshaakcadeautjes.nl\/de\/#\/schema\/logo\/image\/"}}]},"product_price_amount":"2.99","product_price_currency":"EUR","og_availability":"instock","product_availability":"instock","product_retailer_item_id":"RIJG-ARM-DUN","product_condition":"new"},"_links":{"self":[{"href":"https:\/\/www.jootjeshaakcadeautjes.nl\/de\/wp-json\/wp\/v2\/product\/140235","targetHints":{"allow":["GET"]}}],"collection":[{"href":"https:\/\/www.jootjeshaakcadeautjes.nl\/de\/wp-json\/wp\/v2\/product"}],"about":[{"href":"https:\/\/www.jootjeshaakcadeautjes.nl\/de\/wp-json\/wp\/v2\/types\/product"}],"version-history":[{"count":0,"href":"https:\/\/www.jootjeshaakcadeautjes.nl\/de\/wp-json\/wp\/v2\/product\/140235\/revisions"}],"wp:featuredmedia":[{"embeddable":true,"href":"https:\/\/www.jootjeshaakcadeautjes.nl\/de\/wp-json\/wp\/v2\/media\/113458"}],"wp:attachment":[{"href":"https:\/\/www.jootjeshaakcadeautjes.nl\/de\/wp-json\/wp\/v2\/media?parent=140235"}],"wp:term":[{"taxonomy":"product_brand","embeddable":true,"href":"https:\/\/www.jootjeshaakcadeautjes.nl\/de\/wp-json\/wp\/v2\/product_brand?post=140235"},{"taxonomy":"product_cat","embeddable":true,"href":"https:\/\/www.jootjeshaakcadeautjes.nl\/de\/wp-json\/wp\/v2\/product_cat?post=140235"},{"taxonomy":"product_tag","embeddable":true,"href":"https:\/\/www.jootjeshaakcadeautjes.nl\/de\/wp-json\/wp\/v2\/product_tag?post=140235"}],"curies":[{"name":"wp","href":"https:\/\/api.w.org\/{rel}","templated":true}]}}