{"id":142581,"date":"2024-03-27T14:55:16","date_gmt":"2024-03-27T13:55:16","guid":{"rendered":"https:\/\/www.jootjeshaakcadeautjes.nl\/?post_type=product&#038;p=142581"},"modified":"2025-08-25T12:57:49","modified_gmt":"2025-08-25T10:57:49","slug":"satinierte-kordel-2-mm-mittel-pulverblau-pro-meter","status":"publish","type":"product","link":"https:\/\/www.jootjeshaakcadeautjes.nl\/de\/produkt\/satinierte-kordel-2-mm-mittel-pulverblau-pro-meter\/","title":{"rendered":"Satinkordel 2 mm &#8211; Medium Puderblau &#8211; pro Meter"},"content":{"rendered":"<h1>Satinkordel 2 mm &#8211; Medium Puderblau &#8211; pro Meter<\/h1>\n<p>Satinierte Kordel pro Meter, Dicke 2 mm. Verkauft als Meterware. Nirgendwo billiger f\u00fcr nur 0,30 \u20ac pro Meter. Wir liefern bewusst nicht auf den halben Meter genau, da dies bei den meisten Projekten sehr knapp bemessen ist und dann auch zu Sicherheitsrisiken f\u00fchren kann. Verwenden Sie immer reichlich Satinkordel (hin und her) und kn\u00fcpfen Sie sie gut mit stabilen Knoten.<\/p>\n<p>Satinkordel ist eine sehr robuste und glatte Kordel. Die Art, wie der Faden gewebt ist, macht ihn sehr robust und widerstandsf\u00e4hig. Das Sch\u00f6ne an dieser Dicke ist, dass man gut durch die Perlen vor und zur\u00fcck gehen kann, so dass es m\u00f6glich ist, wiederholt und fest zu knoten.<\/p>\n<p>Satinkordel wird zur Herstellung von Kinderspielzeug wie Bei\u00dfringen, Babygymnastikger\u00e4ten, Mobiles, Schnullerkordeln oder Kinderwagenbannern verwendet.<\/p>\n","protected":false},"excerpt":{"rendered":"<ul>\n<li>  Satin-Kordel.<\/li>\n<li> Farbe: Medium Powder Blue<\/li>\n<li>  Dicke: 2 mm<\/li>\n<li>  Erh\u00e4ltlich als Meterware.<\/li>\n<\/ul>\n<p>Lesen Sie mehr \u00fcber die Anwendung von Satinkordel am Ende der Seite.<\/p>\n","protected":false},"featured_media":142397,"template":"","meta":[],"product_brand":[],"product_cat":[9447],"product_tag":[9600,7510,7385,7990,7928,7464,7416,7442,9392,7214,8702,7397,9453,9449,9451],"class_list":{"0":"post-142581","1":"product","2":"type-product","3":"status-publish","4":"has-post-thumbnail","6":"product_cat-satinkordel-wachskordel-und-heftnadel","7":"product_tag-2-mm-de","8":"product_tag-baby-de","9":"product_tag-beisring","10":"product_tag-einfadeln","11":"product_tag-einkaufen","12":"product_tag-groshandel","13":"product_tag-gummischnur","14":"product_tag-kinderwagenkette","15":"product_tag-kordel-de","16":"product_tag-machen","17":"product_tag-medium-puderblau","18":"product_tag-mm-de","19":"product_tag-satiniert","20":"product_tag-satinkordel","21":"product_tag-wachskordel","23":"first","24":"instock","25":"taxable","26":"shipping-taxable","27":"purchasable","28":"product-type-simple"},"bundled_by":[],"bundle_stock_status":"instock","bundle_stock_quantity":143,"bundle_virtual":false,"bundle_layout":"","bundle_add_to_cart_form_location":"","bundle_editable_in_cart":false,"bundle_sold_individually_context":"","bundle_item_grouping":"","bundle_min_size":"","bundle_max_size":"","bundle_price":[],"bundled_items":[],"bundle_sell_ids":[],"yoast_head":"<!-- This site is optimized with the Yoast SEO Premium plugin v27.6 (Yoast SEO v27.6) - https:\/\/yoast.com\/product\/yoast-seo-premium-wordpress\/ -->\n<title>Satinkordel 2 mm - Medium Puderblau - pro Meter -<\/title>\n<meta name=\"description\" content=\"Satinkordel mit 1,5 mm Durchmesser zum Auff\u00e4deln von Bei\u00dfringen und Schnullerkordeln in der Farbe wei\u00df, ab Lager lieferbar. Nur 0,30 Euro\/Meter Satinkordel.\" \/>\n<meta name=\"robots\" content=\"index, follow, max-snippet:-1, max-image-preview:large, max-video-preview:-1\" \/>\n<link rel=\"canonical\" href=\"https:\/\/www.jootjeshaakcadeautjes.nl\/de\/produkt\/satinierte-kordel-2-mm-mittel-pulverblau-pro-meter\/\" \/>\n<meta property=\"og:locale\" content=\"de_DE\" \/>\n<meta property=\"og:type\" content=\"article\" \/>\n<meta property=\"og:title\" content=\"Satinkordel 2 mm - Medium Puderblau - pro Meter\" \/>\n<meta property=\"og:description\" content=\"Satinkordel mit 1,5 mm Durchmesser zum Auff\u00e4deln von Bei\u00dfringen und Schnullerkordeln in der Farbe wei\u00df, ab Lager lieferbar. Nur 0,30 Euro\/Meter Satinkordel.\" \/>\n<meta property=\"og:url\" content=\"https:\/\/www.jootjeshaakcadeautjes.nl\/de\/produkt\/satinierte-kordel-2-mm-mittel-pulverblau-pro-meter\/\" \/>\n<meta property=\"og:site_name\" content=\"Jootjes Haakcadeautjes\" \/>\n<meta property=\"article:modified_time\" content=\"2025-08-25T10:57:49+00:00\" \/>\n<meta property=\"og:image\" content=\"https:\/\/www.jootjeshaakcadeautjes.nl\/wp-content\/uploads\/2024\/03\/Naamloos-23-2.jpg\" \/>\n\t<meta property=\"og:image:width\" content=\"2048\" \/>\n\t<meta property=\"og:image:height\" content=\"2048\" \/>\n\t<meta property=\"og:image:type\" content=\"image\/jpeg\" \/>\n<meta name=\"twitter:card\" content=\"summary_large_image\" \/>\n<meta name=\"twitter:label1\" content=\"Preis\" \/>\n\t<meta name=\"twitter:data1\" content=\"&euro;0.30 inkl. MwSt.\" \/>\n\t<meta name=\"twitter:label2\" content=\"Verf\u00fcgbarkeit\" \/>\n\t<meta name=\"twitter:data2\" content=\"Auf Lager\" \/>\n<script type=\"application\/ld+json\" class=\"yoast-schema-graph\">{\"@context\":\"https:\\\/\\\/schema.org\",\"@graph\":[{\"@type\":\"WebPage\",\"@id\":\"https:\\\/\\\/www.jootjeshaakcadeautjes.nl\\\/de\\\/produkt\\\/satinierte-kordel-2-mm-mittel-pulverblau-pro-meter\\\/\",\"url\":\"https:\\\/\\\/www.jootjeshaakcadeautjes.nl\\\/de\\\/produkt\\\/satinierte-kordel-2-mm-mittel-pulverblau-pro-meter\\\/\",\"name\":\"Satinkordel 2 mm - Medium Puderblau - pro Meter -\",\"isPartOf\":{\"@id\":\"https:\\\/\\\/www.jootjeshaakcadeautjes.nl\\\/de\\\/#website\"},\"primaryImageOfPage\":{\"@id\":\"https:\\\/\\\/www.jootjeshaakcadeautjes.nl\\\/de\\\/produkt\\\/satinierte-kordel-2-mm-mittel-pulverblau-pro-meter\\\/#primaryimage\"},\"image\":{\"@id\":\"https:\\\/\\\/www.jootjeshaakcadeautjes.nl\\\/de\\\/produkt\\\/satinierte-kordel-2-mm-mittel-pulverblau-pro-meter\\\/#primaryimage\"},\"thumbnailUrl\":\"https:\\\/\\\/d1dyryakdmle7o.cloudfront.net\\\/wp-content\\\/uploads\\\/2024\\\/03\\\/Naamloos-23-2.jpg\",\"datePublished\":\"2024-03-27T13:55:16+00:00\",\"dateModified\":\"2025-08-25T10:57:49+00:00\",\"description\":\"Satinkordel mit 1,5 mm Durchmesser zum Auff\u00e4deln von Bei\u00dfringen und Schnullerkordeln in der Farbe wei\u00df, ab Lager lieferbar. Nur 0,30 Euro\\\/Meter Satinkordel.\",\"breadcrumb\":{\"@id\":\"https:\\\/\\\/www.jootjeshaakcadeautjes.nl\\\/de\\\/produkt\\\/satinierte-kordel-2-mm-mittel-pulverblau-pro-meter\\\/#breadcrumb\"},\"inLanguage\":\"de\",\"potentialAction\":[{\"@type\":\"ReadAction\",\"target\":[\"https:\\\/\\\/www.jootjeshaakcadeautjes.nl\\\/de\\\/produkt\\\/satinierte-kordel-2-mm-mittel-pulverblau-pro-meter\\\/\"]}]},{\"@type\":\"ImageObject\",\"inLanguage\":\"de\",\"@id\":\"https:\\\/\\\/www.jootjeshaakcadeautjes.nl\\\/de\\\/produkt\\\/satinierte-kordel-2-mm-mittel-pulverblau-pro-meter\\\/#primaryimage\",\"url\":\"https:\\\/\\\/d1dyryakdmle7o.cloudfront.net\\\/wp-content\\\/uploads\\\/2024\\\/03\\\/Naamloos-23-2.jpg\",\"contentUrl\":\"https:\\\/\\\/d1dyryakdmle7o.cloudfront.net\\\/wp-content\\\/uploads\\\/2024\\\/03\\\/Naamloos-23-2.jpg\",\"width\":2048,\"height\":2048,\"caption\":\"Medium Puderblau\"},{\"@type\":\"BreadcrumbList\",\"@id\":\"https:\\\/\\\/www.jootjeshaakcadeautjes.nl\\\/de\\\/produkt\\\/satinierte-kordel-2-mm-mittel-pulverblau-pro-meter\\\/#breadcrumb\",\"itemListElement\":[{\"@type\":\"ListItem\",\"position\":1,\"name\":\"Startseite\",\"item\":\"https:\\\/\\\/www.jootjeshaakcadeautjes.nl\\\/de\\\/\"},{\"@type\":\"ListItem\",\"position\":2,\"name\":\"Gro\u00dfhandel mit Silikonperlen &#8211; Business und Consumer\",\"item\":\"https:\\\/\\\/www.jootjeshaakcadeautjes.nl\\\/de\\\/shop\\\/\"},{\"@type\":\"ListItem\",\"position\":3,\"name\":\"Satinkordel 2 mm &#8211; Medium Puderblau &#8211; pro Meter\"}]},{\"@type\":\"WebSite\",\"@id\":\"https:\\\/\\\/www.jootjeshaakcadeautjes.nl\\\/de\\\/#website\",\"url\":\"https:\\\/\\\/www.jootjeshaakcadeautjes.nl\\\/de\\\/\",\"name\":\"Jootjes Haakcadeautjes\",\"description\":\"Silikonperlen Gro\u00dfhandel \",\"publisher\":{\"@id\":\"https:\\\/\\\/www.jootjeshaakcadeautjes.nl\\\/de\\\/#organization\"},\"potentialAction\":[{\"@type\":\"SearchAction\",\"target\":{\"@type\":\"EntryPoint\",\"urlTemplate\":\"https:\\\/\\\/www.jootjeshaakcadeautjes.nl\\\/de\\\/?s={search_term_string}\"},\"query-input\":{\"@type\":\"PropertyValueSpecification\",\"valueRequired\":true,\"valueName\":\"search_term_string\"}}],\"inLanguage\":\"de\"},{\"@type\":\"Organization\",\"@id\":\"https:\\\/\\\/www.jootjeshaakcadeautjes.nl\\\/de\\\/#organization\",\"name\":\"Jootjes Haakcadeautjes\",\"url\":\"https:\\\/\\\/www.jootjeshaakcadeautjes.nl\\\/de\\\/\",\"logo\":{\"@type\":\"ImageObject\",\"inLanguage\":\"de\",\"@id\":\"https:\\\/\\\/www.jootjeshaakcadeautjes.nl\\\/de\\\/#\\\/schema\\\/logo\\\/image\\\/\",\"url\":\"https:\\\/\\\/d1dyryakdmle7o.cloudfront.net\\\/wp-content\\\/uploads\\\/2023\\\/05\\\/Logo-rond.png\",\"contentUrl\":\"https:\\\/\\\/d1dyryakdmle7o.cloudfront.net\\\/wp-content\\\/uploads\\\/2023\\\/05\\\/Logo-rond.png\",\"width\":1222,\"height\":1222,\"caption\":\"Jootjes Haakcadeautjes\"},\"image\":{\"@id\":\"https:\\\/\\\/www.jootjeshaakcadeautjes.nl\\\/de\\\/#\\\/schema\\\/logo\\\/image\\\/\"}}]}<\/script>\n<meta property=\"product:price:amount\" content=\"0.30\" \/>\n<meta property=\"product:price:currency\" content=\"EUR\" \/>\n<meta property=\"og:availability\" content=\"instock\" \/>\n<meta property=\"product:availability\" content=\"instock\" \/>\n<meta property=\"product:retailer_item_id\" content=\"SAT-K20-MPB\" \/>\n<meta property=\"product:condition\" content=\"new\" \/>\n<!-- \/ Yoast SEO Premium plugin. -->","yoast_head_json":{"title":"Satinkordel 2 mm - Medium Puderblau - pro Meter -","description":"Satinkordel mit 1,5 mm Durchmesser zum Auff\u00e4deln von Bei\u00dfringen und Schnullerkordeln in der Farbe wei\u00df, ab Lager lieferbar. Nur 0,30 Euro\/Meter Satinkordel.","robots":{"index":"index","follow":"follow","max-snippet":"max-snippet:-1","max-image-preview":"max-image-preview:large","max-video-preview":"max-video-preview:-1"},"canonical":"https:\/\/www.jootjeshaakcadeautjes.nl\/de\/produkt\/satinierte-kordel-2-mm-mittel-pulverblau-pro-meter\/","og_locale":"de_DE","og_type":"article","og_title":"Satinkordel 2 mm - Medium Puderblau - pro Meter","og_description":"Satinkordel mit 1,5 mm Durchmesser zum Auff\u00e4deln von Bei\u00dfringen und Schnullerkordeln in der Farbe wei\u00df, ab Lager lieferbar. Nur 0,30 Euro\/Meter Satinkordel.","og_url":"https:\/\/www.jootjeshaakcadeautjes.nl\/de\/produkt\/satinierte-kordel-2-mm-mittel-pulverblau-pro-meter\/","og_site_name":"Jootjes Haakcadeautjes","article_modified_time":"2025-08-25T10:57:49+00:00","og_image":[{"width":2048,"height":2048,"url":"https:\/\/www.jootjeshaakcadeautjes.nl\/wp-content\/uploads\/2024\/03\/Naamloos-23-2.jpg","type":"image\/jpeg"}],"twitter_card":"summary_large_image","twitter_misc":{"Preis":"&euro;0.30 inkl. MwSt.","Verf\u00fcgbarkeit":"Auf Lager"},"schema":{"@context":"https:\/\/schema.org","@graph":[{"@type":"WebPage","@id":"https:\/\/www.jootjeshaakcadeautjes.nl\/de\/produkt\/satinierte-kordel-2-mm-mittel-pulverblau-pro-meter\/","url":"https:\/\/www.jootjeshaakcadeautjes.nl\/de\/produkt\/satinierte-kordel-2-mm-mittel-pulverblau-pro-meter\/","name":"Satinkordel 2 mm - Medium Puderblau - pro Meter -","isPartOf":{"@id":"https:\/\/www.jootjeshaakcadeautjes.nl\/de\/#website"},"primaryImageOfPage":{"@id":"https:\/\/www.jootjeshaakcadeautjes.nl\/de\/produkt\/satinierte-kordel-2-mm-mittel-pulverblau-pro-meter\/#primaryimage"},"image":{"@id":"https:\/\/www.jootjeshaakcadeautjes.nl\/de\/produkt\/satinierte-kordel-2-mm-mittel-pulverblau-pro-meter\/#primaryimage"},"thumbnailUrl":"https:\/\/d1dyryakdmle7o.cloudfront.net\/wp-content\/uploads\/2024\/03\/Naamloos-23-2.jpg","datePublished":"2024-03-27T13:55:16+00:00","dateModified":"2025-08-25T10:57:49+00:00","description":"Satinkordel mit 1,5 mm Durchmesser zum Auff\u00e4deln von Bei\u00dfringen und Schnullerkordeln in der Farbe wei\u00df, ab Lager lieferbar. Nur 0,30 Euro\/Meter Satinkordel.","breadcrumb":{"@id":"https:\/\/www.jootjeshaakcadeautjes.nl\/de\/produkt\/satinierte-kordel-2-mm-mittel-pulverblau-pro-meter\/#breadcrumb"},"inLanguage":"de","potentialAction":[{"@type":"ReadAction","target":["https:\/\/www.jootjeshaakcadeautjes.nl\/de\/produkt\/satinierte-kordel-2-mm-mittel-pulverblau-pro-meter\/"]}]},{"@type":"ImageObject","inLanguage":"de","@id":"https:\/\/www.jootjeshaakcadeautjes.nl\/de\/produkt\/satinierte-kordel-2-mm-mittel-pulverblau-pro-meter\/#primaryimage","url":"https:\/\/d1dyryakdmle7o.cloudfront.net\/wp-content\/uploads\/2024\/03\/Naamloos-23-2.jpg","contentUrl":"https:\/\/d1dyryakdmle7o.cloudfront.net\/wp-content\/uploads\/2024\/03\/Naamloos-23-2.jpg","width":2048,"height":2048,"caption":"Medium Puderblau"},{"@type":"BreadcrumbList","@id":"https:\/\/www.jootjeshaakcadeautjes.nl\/de\/produkt\/satinierte-kordel-2-mm-mittel-pulverblau-pro-meter\/#breadcrumb","itemListElement":[{"@type":"ListItem","position":1,"name":"Startseite","item":"https:\/\/www.jootjeshaakcadeautjes.nl\/de\/"},{"@type":"ListItem","position":2,"name":"Gro\u00dfhandel mit Silikonperlen &#8211; Business und Consumer","item":"https:\/\/www.jootjeshaakcadeautjes.nl\/de\/shop\/"},{"@type":"ListItem","position":3,"name":"Satinkordel 2 mm &#8211; Medium Puderblau &#8211; pro Meter"}]},{"@type":"WebSite","@id":"https:\/\/www.jootjeshaakcadeautjes.nl\/de\/#website","url":"https:\/\/www.jootjeshaakcadeautjes.nl\/de\/","name":"Jootjes Haakcadeautjes","description":"Silikonperlen Gro\u00dfhandel ","publisher":{"@id":"https:\/\/www.jootjeshaakcadeautjes.nl\/de\/#organization"},"potentialAction":[{"@type":"SearchAction","target":{"@type":"EntryPoint","urlTemplate":"https:\/\/www.jootjeshaakcadeautjes.nl\/de\/?s={search_term_string}"},"query-input":{"@type":"PropertyValueSpecification","valueRequired":true,"valueName":"search_term_string"}}],"inLanguage":"de"},{"@type":"Organization","@id":"https:\/\/www.jootjeshaakcadeautjes.nl\/de\/#organization","name":"Jootjes Haakcadeautjes","url":"https:\/\/www.jootjeshaakcadeautjes.nl\/de\/","logo":{"@type":"ImageObject","inLanguage":"de","@id":"https:\/\/www.jootjeshaakcadeautjes.nl\/de\/#\/schema\/logo\/image\/","url":"https:\/\/d1dyryakdmle7o.cloudfront.net\/wp-content\/uploads\/2023\/05\/Logo-rond.png","contentUrl":"https:\/\/d1dyryakdmle7o.cloudfront.net\/wp-content\/uploads\/2023\/05\/Logo-rond.png","width":1222,"height":1222,"caption":"Jootjes Haakcadeautjes"},"image":{"@id":"https:\/\/www.jootjeshaakcadeautjes.nl\/de\/#\/schema\/logo\/image\/"}}]},"product_price_amount":"0.30","product_price_currency":"EUR","og_availability":"instock","product_availability":"instock","product_retailer_item_id":"SAT-K20-MPB","product_condition":"new"},"_links":{"self":[{"href":"https:\/\/www.jootjeshaakcadeautjes.nl\/de\/wp-json\/wp\/v2\/product\/142581","targetHints":{"allow":["GET"]}}],"collection":[{"href":"https:\/\/www.jootjeshaakcadeautjes.nl\/de\/wp-json\/wp\/v2\/product"}],"about":[{"href":"https:\/\/www.jootjeshaakcadeautjes.nl\/de\/wp-json\/wp\/v2\/types\/product"}],"version-history":[{"count":0,"href":"https:\/\/www.jootjeshaakcadeautjes.nl\/de\/wp-json\/wp\/v2\/product\/142581\/revisions"}],"wp:featuredmedia":[{"embeddable":true,"href":"https:\/\/www.jootjeshaakcadeautjes.nl\/de\/wp-json\/wp\/v2\/media\/142397"}],"wp:attachment":[{"href":"https:\/\/www.jootjeshaakcadeautjes.nl\/de\/wp-json\/wp\/v2\/media?parent=142581"}],"wp:term":[{"taxonomy":"product_brand","embeddable":true,"href":"https:\/\/www.jootjeshaakcadeautjes.nl\/de\/wp-json\/wp\/v2\/product_brand?post=142581"},{"taxonomy":"product_cat","embeddable":true,"href":"https:\/\/www.jootjeshaakcadeautjes.nl\/de\/wp-json\/wp\/v2\/product_cat?post=142581"},{"taxonomy":"product_tag","embeddable":true,"href":"https:\/\/www.jootjeshaakcadeautjes.nl\/de\/wp-json\/wp\/v2\/product_tag?post=142581"}],"curies":[{"name":"wp","href":"https:\/\/api.w.org\/{rel}","templated":true}]}}