{"id":143780,"date":"2024-04-11T11:22:26","date_gmt":"2024-04-11T10:22:26","guid":{"rendered":"https:\/\/www.jootjeshaakcadeautjes.nl\/?post_type=product&#038;p=143780"},"modified":"2025-07-25T15:13:45","modified_gmt":"2025-07-25T13:13:45","slug":"schutzbrille-12-mm-gold-paar","status":"publish","type":"product","link":"https:\/\/www.jootjeshaakcadeautjes.nl\/de\/produkt\/schutzbrille-12-mm-gold-paar\/","title":{"rendered":"Sicherheitsaugen 12 mm &#8211; Gold &#8211; als Paar"},"content":{"rendered":"<p><strong><strong style=\"font-size: 1.5rem;\">Sicherheits-\u00d6sen <\/strong><strong style=\"font-size: 1.5rem;\">12 mm Gold<\/strong><strong style=\"font-size: 1.5rem;\">.<\/strong><\/strong><\/p>\n<p>Sicherheitsaugen zum H\u00e4keln und Stricken (Pl\u00fcschtiere\/Amigurumi).<br \/>\nSie werden paarweise verkauft, so dass Sie f\u00fcr einen Satz nur einen bestellen m\u00fcssen.<br \/>\n(1 St\u00fcck = 2 \u00d6sen + 2 R\u00fcckseiten).<\/p>\n<p>Kratzfrei und mit einer stabilen Sicherheitskappe, die sich nicht abl\u00f6sen kann!<\/p>\n<p><strong>Wozu verwenden Sie diese Sicherheitsaugen?<\/strong><\/p>\n<p>Sicherheitsaugen 12 mm (blau) werden h\u00e4ufig f\u00fcr die Herstellung von Pl\u00fcschtieren verwendet. Die Sicherheits\u00f6sen f\u00fcr Pl\u00fcschtiere sollten daher von hoher Qualit\u00e4t sein und sich nicht leicht l\u00f6sen, um die Sicherheit von (kleinen) Kindern zu gew\u00e4hrleisten. Wenn die Pl\u00fcschtiere geh\u00e4kelt sind, werden sie auch als Amigurumi bezeichnet. Diese Augen werden daher manchmal als Sicherheitsaugen f\u00fcr Amigurumi bezeichnet. Unsere \u00d6sen haben einen sehr stabilen Verschluss. Daher ist es etwas m\u00fchsam, sie anzubringen, aber wenn sie einmal angebracht sind, lassen sie sich nicht mehr so leicht entfernen.<\/p>\n","protected":false},"excerpt":{"rendered":"<p><strong>Sicherheitsaugen Gold mit einer Gr\u00f6\u00dfe von 12 mm.<\/strong><\/p>\n<p>Werden pro 2er-Set verkauft<br \/>\n(2 \u00d6sen + 2 R\u00fcckseiten).<\/p>\n<p>Kratzerfrei!<\/p>\n","protected":false},"featured_media":69231,"template":"","meta":[],"product_brand":[],"product_cat":[8247,8823],"product_tag":[7531,7550,8115,8305,8284,7397,14452,8824,8827,8829],"class_list":{"0":"post-143780","1":"product","2":"type-product","3":"status-publish","4":"has-post-thumbnail","6":"product_cat-bastelmaterial-hakelzubehor","7":"product_cat-sicherheitsaugen-fur-stofftiere","8":"product_tag-12-de","9":"product_tag-12-mm-de","10":"product_tag-12mm-de","11":"product_tag-amigurumi-de","12":"product_tag-gold-de","13":"product_tag-mm-de","14":"product_tag-paar","15":"product_tag-sicherheitsauge","16":"product_tag-sicherheitsaugen","17":"product_tag-sicherheitsaugen-de","19":"first","20":"instock","21":"taxable","22":"shipping-taxable","23":"purchasable","24":"product-type-simple"},"bundled_by":[],"bundle_stock_status":"instock","bundle_stock_quantity":52,"bundle_virtual":false,"bundle_layout":"","bundle_add_to_cart_form_location":"","bundle_editable_in_cart":false,"bundle_sold_individually_context":"","bundle_item_grouping":"","bundle_min_size":"","bundle_max_size":"","bundle_price":[],"bundled_items":[],"bundle_sell_ids":[],"yoast_head":"<!-- This site is optimized with the Yoast SEO Premium plugin v27.6 (Yoast SEO v27.6) - https:\/\/yoast.com\/product\/yoast-seo-premium-wordpress\/ -->\n<title>Sicherheits-\u00d6sen 12 mm Gold pro Paar (vorne und hinten)<\/title>\n<meta name=\"description\" content=\"Sicherheitsaugen 12 mm Gold f\u00fcr Stofftiere\/Amigurumi h\u00e4keln und stricken. Hohe Qualit\u00e4t, l\u00f6st sich nicht ab. Seit Jahren ein Favorit aller H\u00e4klerinnen.\" \/>\n<meta name=\"robots\" content=\"index, follow, max-snippet:-1, max-image-preview:large, max-video-preview:-1\" \/>\n<link rel=\"canonical\" href=\"https:\/\/www.jootjeshaakcadeautjes.nl\/de\/produkt\/schutzbrille-12-mm-gold-paar\/\" \/>\n<meta property=\"og:locale\" content=\"de_DE\" \/>\n<meta property=\"og:type\" content=\"article\" \/>\n<meta property=\"og:title\" content=\"Sicherheitsaugen 12 mm - Gold - als Paar\" \/>\n<meta property=\"og:description\" content=\"Sicherheitsaugen 12 mm Gold f\u00fcr Stofftiere\/Amigurumi h\u00e4keln und stricken. Hohe Qualit\u00e4t, l\u00f6st sich nicht ab. Seit Jahren ein Favorit aller H\u00e4klerinnen.\" \/>\n<meta property=\"og:url\" content=\"https:\/\/www.jootjeshaakcadeautjes.nl\/de\/produkt\/schutzbrille-12-mm-gold-paar\/\" \/>\n<meta property=\"og:site_name\" content=\"Jootjes Haakcadeautjes\" \/>\n<meta property=\"article:modified_time\" content=\"2025-07-25T13:13:45+00:00\" \/>\n<meta property=\"og:image\" content=\"https:\/\/www.jootjeshaakcadeautjes.nl\/wp-content\/uploads\/2020\/04\/Foto-volgt.jpg\" \/>\n\t<meta property=\"og:image:width\" content=\"1080\" \/>\n\t<meta property=\"og:image:height\" content=\"1080\" \/>\n\t<meta property=\"og:image:type\" content=\"image\/jpeg\" \/>\n<meta name=\"twitter:card\" content=\"summary_large_image\" \/>\n<meta name=\"twitter:label1\" content=\"Preis\" \/>\n\t<meta name=\"twitter:data1\" content=\"&euro;0.35 inkl. MwSt.\" \/>\n\t<meta name=\"twitter:label2\" content=\"Verf\u00fcgbarkeit\" \/>\n\t<meta name=\"twitter:data2\" content=\"Auf Lager\" \/>\n<script type=\"application\/ld+json\" class=\"yoast-schema-graph\">{\"@context\":\"https:\\\/\\\/schema.org\",\"@graph\":[{\"@type\":\"WebPage\",\"@id\":\"https:\\\/\\\/www.jootjeshaakcadeautjes.nl\\\/de\\\/produkt\\\/schutzbrille-12-mm-gold-paar\\\/\",\"url\":\"https:\\\/\\\/www.jootjeshaakcadeautjes.nl\\\/de\\\/produkt\\\/schutzbrille-12-mm-gold-paar\\\/\",\"name\":\"Sicherheits-\u00d6sen 12 mm Gold pro Paar (vorne und hinten)\",\"isPartOf\":{\"@id\":\"https:\\\/\\\/www.jootjeshaakcadeautjes.nl\\\/de\\\/#website\"},\"primaryImageOfPage\":{\"@id\":\"https:\\\/\\\/www.jootjeshaakcadeautjes.nl\\\/de\\\/produkt\\\/schutzbrille-12-mm-gold-paar\\\/#primaryimage\"},\"image\":{\"@id\":\"https:\\\/\\\/www.jootjeshaakcadeautjes.nl\\\/de\\\/produkt\\\/schutzbrille-12-mm-gold-paar\\\/#primaryimage\"},\"thumbnailUrl\":\"https:\\\/\\\/d1dyryakdmle7o.cloudfront.net\\\/wp-content\\\/uploads\\\/2020\\\/04\\\/Foto-volgt.jpg\",\"datePublished\":\"2024-04-11T10:22:26+00:00\",\"dateModified\":\"2025-07-25T13:13:45+00:00\",\"description\":\"Sicherheitsaugen 12 mm Gold f\u00fcr Stofftiere\\\/Amigurumi h\u00e4keln und stricken. Hohe Qualit\u00e4t, l\u00f6st sich nicht ab. Seit Jahren ein Favorit aller H\u00e4klerinnen.\",\"breadcrumb\":{\"@id\":\"https:\\\/\\\/www.jootjeshaakcadeautjes.nl\\\/de\\\/produkt\\\/schutzbrille-12-mm-gold-paar\\\/#breadcrumb\"},\"inLanguage\":\"de\",\"potentialAction\":[{\"@type\":\"ReadAction\",\"target\":[\"https:\\\/\\\/www.jootjeshaakcadeautjes.nl\\\/de\\\/produkt\\\/schutzbrille-12-mm-gold-paar\\\/\"]}]},{\"@type\":\"ImageObject\",\"inLanguage\":\"de\",\"@id\":\"https:\\\/\\\/www.jootjeshaakcadeautjes.nl\\\/de\\\/produkt\\\/schutzbrille-12-mm-gold-paar\\\/#primaryimage\",\"url\":\"https:\\\/\\\/d1dyryakdmle7o.cloudfront.net\\\/wp-content\\\/uploads\\\/2020\\\/04\\\/Foto-volgt.jpg\",\"contentUrl\":\"https:\\\/\\\/d1dyryakdmle7o.cloudfront.net\\\/wp-content\\\/uploads\\\/2020\\\/04\\\/Foto-volgt.jpg\",\"width\":1080,\"height\":1080,\"caption\":\"Silikonperlen Gro\u00dfhandel Foto folgt\"},{\"@type\":\"BreadcrumbList\",\"@id\":\"https:\\\/\\\/www.jootjeshaakcadeautjes.nl\\\/de\\\/produkt\\\/schutzbrille-12-mm-gold-paar\\\/#breadcrumb\",\"itemListElement\":[{\"@type\":\"ListItem\",\"position\":1,\"name\":\"Startseite\",\"item\":\"https:\\\/\\\/www.jootjeshaakcadeautjes.nl\\\/de\\\/\"},{\"@type\":\"ListItem\",\"position\":2,\"name\":\"Gro\u00dfhandel mit Silikonperlen &#8211; Business und Consumer\",\"item\":\"https:\\\/\\\/www.jootjeshaakcadeautjes.nl\\\/de\\\/shop\\\/\"},{\"@type\":\"ListItem\",\"position\":3,\"name\":\"Sicherheitsaugen 12 mm &#8211; Gold &#8211; als Paar\"}]},{\"@type\":\"WebSite\",\"@id\":\"https:\\\/\\\/www.jootjeshaakcadeautjes.nl\\\/de\\\/#website\",\"url\":\"https:\\\/\\\/www.jootjeshaakcadeautjes.nl\\\/de\\\/\",\"name\":\"Jootjes Haakcadeautjes\",\"description\":\"Silikonperlen Gro\u00dfhandel \",\"publisher\":{\"@id\":\"https:\\\/\\\/www.jootjeshaakcadeautjes.nl\\\/de\\\/#organization\"},\"potentialAction\":[{\"@type\":\"SearchAction\",\"target\":{\"@type\":\"EntryPoint\",\"urlTemplate\":\"https:\\\/\\\/www.jootjeshaakcadeautjes.nl\\\/de\\\/?s={search_term_string}\"},\"query-input\":{\"@type\":\"PropertyValueSpecification\",\"valueRequired\":true,\"valueName\":\"search_term_string\"}}],\"inLanguage\":\"de\"},{\"@type\":\"Organization\",\"@id\":\"https:\\\/\\\/www.jootjeshaakcadeautjes.nl\\\/de\\\/#organization\",\"name\":\"Jootjes Haakcadeautjes\",\"url\":\"https:\\\/\\\/www.jootjeshaakcadeautjes.nl\\\/de\\\/\",\"logo\":{\"@type\":\"ImageObject\",\"inLanguage\":\"de\",\"@id\":\"https:\\\/\\\/www.jootjeshaakcadeautjes.nl\\\/de\\\/#\\\/schema\\\/logo\\\/image\\\/\",\"url\":\"https:\\\/\\\/d1dyryakdmle7o.cloudfront.net\\\/wp-content\\\/uploads\\\/2023\\\/05\\\/Logo-rond.png\",\"contentUrl\":\"https:\\\/\\\/d1dyryakdmle7o.cloudfront.net\\\/wp-content\\\/uploads\\\/2023\\\/05\\\/Logo-rond.png\",\"width\":1222,\"height\":1222,\"caption\":\"Jootjes Haakcadeautjes\"},\"image\":{\"@id\":\"https:\\\/\\\/www.jootjeshaakcadeautjes.nl\\\/de\\\/#\\\/schema\\\/logo\\\/image\\\/\"}}]}<\/script>\n<meta property=\"product:price:amount\" content=\"0.35\" \/>\n<meta property=\"product:price:currency\" content=\"EUR\" \/>\n<meta property=\"og:availability\" content=\"instock\" \/>\n<meta property=\"product:availability\" content=\"instock\" \/>\n<meta property=\"product:retailer_item_id\" content=\"VHO-GOU12\" \/>\n<meta property=\"product:condition\" content=\"new\" \/>\n<!-- \/ Yoast SEO Premium plugin. -->","yoast_head_json":{"title":"Sicherheits-\u00d6sen 12 mm Gold pro Paar (vorne und hinten)","description":"Sicherheitsaugen 12 mm Gold f\u00fcr Stofftiere\/Amigurumi h\u00e4keln und stricken. Hohe Qualit\u00e4t, l\u00f6st sich nicht ab. Seit Jahren ein Favorit aller H\u00e4klerinnen.","robots":{"index":"index","follow":"follow","max-snippet":"max-snippet:-1","max-image-preview":"max-image-preview:large","max-video-preview":"max-video-preview:-1"},"canonical":"https:\/\/www.jootjeshaakcadeautjes.nl\/de\/produkt\/schutzbrille-12-mm-gold-paar\/","og_locale":"de_DE","og_type":"article","og_title":"Sicherheitsaugen 12 mm - Gold - als Paar","og_description":"Sicherheitsaugen 12 mm Gold f\u00fcr Stofftiere\/Amigurumi h\u00e4keln und stricken. Hohe Qualit\u00e4t, l\u00f6st sich nicht ab. Seit Jahren ein Favorit aller H\u00e4klerinnen.","og_url":"https:\/\/www.jootjeshaakcadeautjes.nl\/de\/produkt\/schutzbrille-12-mm-gold-paar\/","og_site_name":"Jootjes Haakcadeautjes","article_modified_time":"2025-07-25T13:13:45+00:00","og_image":[{"width":1080,"height":1080,"url":"https:\/\/www.jootjeshaakcadeautjes.nl\/wp-content\/uploads\/2020\/04\/Foto-volgt.jpg","type":"image\/jpeg"}],"twitter_card":"summary_large_image","twitter_misc":{"Preis":"&euro;0.35 inkl. MwSt.","Verf\u00fcgbarkeit":"Auf Lager"},"schema":{"@context":"https:\/\/schema.org","@graph":[{"@type":"WebPage","@id":"https:\/\/www.jootjeshaakcadeautjes.nl\/de\/produkt\/schutzbrille-12-mm-gold-paar\/","url":"https:\/\/www.jootjeshaakcadeautjes.nl\/de\/produkt\/schutzbrille-12-mm-gold-paar\/","name":"Sicherheits-\u00d6sen 12 mm Gold pro Paar (vorne und hinten)","isPartOf":{"@id":"https:\/\/www.jootjeshaakcadeautjes.nl\/de\/#website"},"primaryImageOfPage":{"@id":"https:\/\/www.jootjeshaakcadeautjes.nl\/de\/produkt\/schutzbrille-12-mm-gold-paar\/#primaryimage"},"image":{"@id":"https:\/\/www.jootjeshaakcadeautjes.nl\/de\/produkt\/schutzbrille-12-mm-gold-paar\/#primaryimage"},"thumbnailUrl":"https:\/\/d1dyryakdmle7o.cloudfront.net\/wp-content\/uploads\/2020\/04\/Foto-volgt.jpg","datePublished":"2024-04-11T10:22:26+00:00","dateModified":"2025-07-25T13:13:45+00:00","description":"Sicherheitsaugen 12 mm Gold f\u00fcr Stofftiere\/Amigurumi h\u00e4keln und stricken. Hohe Qualit\u00e4t, l\u00f6st sich nicht ab. Seit Jahren ein Favorit aller H\u00e4klerinnen.","breadcrumb":{"@id":"https:\/\/www.jootjeshaakcadeautjes.nl\/de\/produkt\/schutzbrille-12-mm-gold-paar\/#breadcrumb"},"inLanguage":"de","potentialAction":[{"@type":"ReadAction","target":["https:\/\/www.jootjeshaakcadeautjes.nl\/de\/produkt\/schutzbrille-12-mm-gold-paar\/"]}]},{"@type":"ImageObject","inLanguage":"de","@id":"https:\/\/www.jootjeshaakcadeautjes.nl\/de\/produkt\/schutzbrille-12-mm-gold-paar\/#primaryimage","url":"https:\/\/d1dyryakdmle7o.cloudfront.net\/wp-content\/uploads\/2020\/04\/Foto-volgt.jpg","contentUrl":"https:\/\/d1dyryakdmle7o.cloudfront.net\/wp-content\/uploads\/2020\/04\/Foto-volgt.jpg","width":1080,"height":1080,"caption":"Silikonperlen Gro\u00dfhandel Foto folgt"},{"@type":"BreadcrumbList","@id":"https:\/\/www.jootjeshaakcadeautjes.nl\/de\/produkt\/schutzbrille-12-mm-gold-paar\/#breadcrumb","itemListElement":[{"@type":"ListItem","position":1,"name":"Startseite","item":"https:\/\/www.jootjeshaakcadeautjes.nl\/de\/"},{"@type":"ListItem","position":2,"name":"Gro\u00dfhandel mit Silikonperlen &#8211; Business und Consumer","item":"https:\/\/www.jootjeshaakcadeautjes.nl\/de\/shop\/"},{"@type":"ListItem","position":3,"name":"Sicherheitsaugen 12 mm &#8211; Gold &#8211; als Paar"}]},{"@type":"WebSite","@id":"https:\/\/www.jootjeshaakcadeautjes.nl\/de\/#website","url":"https:\/\/www.jootjeshaakcadeautjes.nl\/de\/","name":"Jootjes Haakcadeautjes","description":"Silikonperlen Gro\u00dfhandel ","publisher":{"@id":"https:\/\/www.jootjeshaakcadeautjes.nl\/de\/#organization"},"potentialAction":[{"@type":"SearchAction","target":{"@type":"EntryPoint","urlTemplate":"https:\/\/www.jootjeshaakcadeautjes.nl\/de\/?s={search_term_string}"},"query-input":{"@type":"PropertyValueSpecification","valueRequired":true,"valueName":"search_term_string"}}],"inLanguage":"de"},{"@type":"Organization","@id":"https:\/\/www.jootjeshaakcadeautjes.nl\/de\/#organization","name":"Jootjes Haakcadeautjes","url":"https:\/\/www.jootjeshaakcadeautjes.nl\/de\/","logo":{"@type":"ImageObject","inLanguage":"de","@id":"https:\/\/www.jootjeshaakcadeautjes.nl\/de\/#\/schema\/logo\/image\/","url":"https:\/\/d1dyryakdmle7o.cloudfront.net\/wp-content\/uploads\/2023\/05\/Logo-rond.png","contentUrl":"https:\/\/d1dyryakdmle7o.cloudfront.net\/wp-content\/uploads\/2023\/05\/Logo-rond.png","width":1222,"height":1222,"caption":"Jootjes Haakcadeautjes"},"image":{"@id":"https:\/\/www.jootjeshaakcadeautjes.nl\/de\/#\/schema\/logo\/image\/"}}]},"product_price_amount":"0.35","product_price_currency":"EUR","og_availability":"instock","product_availability":"instock","product_retailer_item_id":"VHO-GOU12","product_condition":"new"},"_links":{"self":[{"href":"https:\/\/www.jootjeshaakcadeautjes.nl\/de\/wp-json\/wp\/v2\/product\/143780","targetHints":{"allow":["GET"]}}],"collection":[{"href":"https:\/\/www.jootjeshaakcadeautjes.nl\/de\/wp-json\/wp\/v2\/product"}],"about":[{"href":"https:\/\/www.jootjeshaakcadeautjes.nl\/de\/wp-json\/wp\/v2\/types\/product"}],"version-history":[{"count":0,"href":"https:\/\/www.jootjeshaakcadeautjes.nl\/de\/wp-json\/wp\/v2\/product\/143780\/revisions"}],"wp:featuredmedia":[{"embeddable":true,"href":"https:\/\/www.jootjeshaakcadeautjes.nl\/de\/wp-json\/wp\/v2\/media\/69231"}],"wp:attachment":[{"href":"https:\/\/www.jootjeshaakcadeautjes.nl\/de\/wp-json\/wp\/v2\/media?parent=143780"}],"wp:term":[{"taxonomy":"product_brand","embeddable":true,"href":"https:\/\/www.jootjeshaakcadeautjes.nl\/de\/wp-json\/wp\/v2\/product_brand?post=143780"},{"taxonomy":"product_cat","embeddable":true,"href":"https:\/\/www.jootjeshaakcadeautjes.nl\/de\/wp-json\/wp\/v2\/product_cat?post=143780"},{"taxonomy":"product_tag","embeddable":true,"href":"https:\/\/www.jootjeshaakcadeautjes.nl\/de\/wp-json\/wp\/v2\/product_tag?post=143780"}],"curies":[{"name":"wp","href":"https:\/\/api.w.org\/{rel}","templated":true}]}}