{"id":144148,"date":"2024-04-14T11:44:03","date_gmt":"2024-04-14T09:44:03","guid":{"rendered":"https:\/\/www.jootjeshaakcadeautjes.nl\/?post_type=product&#038;p=144148"},"modified":"2025-11-07T19:10:46","modified_gmt":"2025-11-07T18:10:46","slug":"acrylperlen-mit-zucker-dip-20-mm-weiss","status":"publish","type":"product","link":"https:\/\/www.jootjeshaakcadeautjes.nl\/de\/produkt\/acrylperlen-mit-zucker-dip-20-mm-weiss\/","title":{"rendered":"Acrylperlen mit Sugar Dip &#8211; 20 mm &#8211; Wei\u00df"},"content":{"rendered":"<h3>Acrylperlen mit Sugar Dip &#8211; 20 mm &#8211; Wei\u00df<\/h3>\n<p>Material: Acryl<br \/>\nTyp: Acrylperle mit Sugar Dip &#8211; 20 mm &#8211; Wei\u00df<\/p>\n<p>Achtung! Geeignet f\u00fcr die Verwendung in Schl\u00fcsselanh\u00e4ngern, aber NICHT f\u00fcr Bei\u00dfringe, Schnuller oder andere Babyprodukte, da sich der Zuckerdip l\u00f6sen kann!!! Acrylkugeln wie diese bestehen auch nicht die chemischen und mechanischen Tests nach EN-71, die f\u00fcr die Sicherheit dieser Produkte f\u00fcr S\u00e4uglinge erforderlich sind.<\/p>\n","protected":false},"excerpt":{"rendered":"<p>Farbe: <span class=\"TextRun Highlight SCXW19227224 BCX9\" lang=\"EN-US\" data-contrast=\"auto\"><span class=\"NormalTextRun SCXW19227224 BCX9\">Wei\u00df<\/span><\/span><\/p>\n<p>Material: Acryl Typ: Acrylperle mit Sugar Dip Geeignet f\u00fcr Schl\u00fcsselanh\u00e4nger und zur Verwendung mit<a href=\"https:\/\/www.jootjeshaakcadeautjes.nl\/product-categorie\/siliconen-kralen-bpa-vrij-groothandel\/siliconen-kralen-multicolor-luxekralen-alles\/siliconen-kralen-gelukspoppetjes-luckyjos\/\">Gl\u00fcckspuppen<\/a> <a href=\"https:\/\/www.jootjeshaakcadeautjes.nl\/product\/houten-kraal-smiley-gelukspoppetje-haken-beukenhout-20-mm\/\">aus Holz<\/a> und <a href=\"https:\/\/www.jootjeshaakcadeautjes.nl\/product-categorie\/siliconen-kralen-bpa-vrij-groothandel\/siliconen-kralen-multicolor-luxekralen-alles\/siliconen-kralen-gelukspoppetjes-luckyjos\/\">Silikon<\/a>.<\/p>\n","protected":false},"featured_media":143650,"template":"","meta":[],"product_brand":[],"product_cat":[19504,8247,8267],"product_tag":[8614,7205,7928,8008,8519,7208,8630,7464,7563,7214,7199,7229,8052,8313,7444,8625,7632,14413],"class_list":{"0":"post-144148","1":"product","2":"type-product","3":"status-publish","4":"has-post-thumbnail","6":"product_cat-acrylperlen-zuckerbeschichtet","7":"product_cat-bastelmaterial-hakelzubehor","8":"product_cat-lucky-dolls-diy-perlen-und-zubehor","9":"product_tag-acryl-de","10":"product_tag-diy-de","11":"product_tag-einkaufen","12":"product_tag-gluck-de","13":"product_tag-gluckspuppe-de-2","14":"product_tag-gluckspuppe","15":"product_tag-gluckspuppen-de","16":"product_tag-groshandel","17":"product_tag-kaufen","18":"product_tag-machen","19":"product_tag-perlen","20":"product_tag-personalisierung","21":"product_tag-prasentiert-de","22":"product_tag-puppen","23":"product_tag-schlusselanhanger","24":"product_tag-schmuck","25":"product_tag-weis","26":"product_tag-zuckerdip","28":"first","29":"instock","30":"taxable","31":"shipping-taxable","32":"purchasable","33":"product-type-simple"},"bundled_by":[],"bundle_stock_status":"instock","bundle_stock_quantity":167,"bundle_virtual":false,"bundle_layout":"","bundle_add_to_cart_form_location":"","bundle_editable_in_cart":false,"bundle_sold_individually_context":"","bundle_item_grouping":"","bundle_min_size":"","bundle_max_size":"","bundle_price":[],"bundled_items":[],"bundle_sell_ids":[],"yoast_head":"<!-- This site is optimized with the Yoast SEO Premium plugin v27.6 (Yoast SEO v27.6) - https:\/\/yoast.com\/product\/yoast-seo-premium-wordpress\/ -->\n<title>Acrylperlen mit Sugar Dip - 20 mm - Wei\u00df - Yoots<\/title>\n<meta name=\"description\" content=\"Acrylperlen mit Sugar Dip - 20 mm - Wei\u00df zur Herstellung von Schl\u00fcsselanh\u00e4ngern mit Gl\u00fccksbringern, Schmuck und mehr.\" \/>\n<meta name=\"robots\" content=\"index, follow, max-snippet:-1, max-image-preview:large, max-video-preview:-1\" \/>\n<link rel=\"canonical\" href=\"https:\/\/www.jootjeshaakcadeautjes.nl\/de\/produkt\/acrylperlen-mit-zucker-dip-20-mm-weiss\/\" \/>\n<meta property=\"og:locale\" content=\"de_DE\" \/>\n<meta property=\"og:type\" content=\"article\" \/>\n<meta property=\"og:title\" content=\"Acrylperlen mit Sugar Dip - 20 mm - Wei\u00df\" \/>\n<meta property=\"og:description\" content=\"Acrylperlen mit Sugar Dip - 20 mm - Wei\u00df zur Herstellung von Schl\u00fcsselanh\u00e4ngern mit Gl\u00fccksbringern, Schmuck und mehr.\" \/>\n<meta property=\"og:url\" content=\"https:\/\/www.jootjeshaakcadeautjes.nl\/de\/produkt\/acrylperlen-mit-zucker-dip-20-mm-weiss\/\" \/>\n<meta property=\"og:site_name\" content=\"Jootjes Haakcadeautjes\" \/>\n<meta property=\"article:modified_time\" content=\"2025-11-07T18:10:46+00:00\" \/>\n<meta property=\"og:image\" content=\"https:\/\/www.jootjeshaakcadeautjes.nl\/wp-content\/uploads\/2024\/04\/20240126_205828.jpg\" \/>\n\t<meta property=\"og:image:width\" content=\"2048\" \/>\n\t<meta property=\"og:image:height\" content=\"2048\" \/>\n\t<meta property=\"og:image:type\" content=\"image\/jpeg\" \/>\n<meta name=\"twitter:card\" content=\"summary_large_image\" \/>\n<meta name=\"twitter:label1\" content=\"Preis\" \/>\n\t<meta name=\"twitter:data1\" content=\"&euro;0.43 inkl. MwSt.\" \/>\n\t<meta name=\"twitter:label2\" content=\"Verf\u00fcgbarkeit\" \/>\n\t<meta name=\"twitter:data2\" content=\"Auf Lager\" \/>\n<script type=\"application\/ld+json\" class=\"yoast-schema-graph\">{\"@context\":\"https:\\\/\\\/schema.org\",\"@graph\":[{\"@type\":\"WebPage\",\"@id\":\"https:\\\/\\\/www.jootjeshaakcadeautjes.nl\\\/de\\\/produkt\\\/acrylperlen-mit-zucker-dip-20-mm-weiss\\\/\",\"url\":\"https:\\\/\\\/www.jootjeshaakcadeautjes.nl\\\/de\\\/produkt\\\/acrylperlen-mit-zucker-dip-20-mm-weiss\\\/\",\"name\":\"Acrylperlen mit Sugar Dip - 20 mm - Wei\u00df - Yoots\",\"isPartOf\":{\"@id\":\"https:\\\/\\\/www.jootjeshaakcadeautjes.nl\\\/de\\\/#website\"},\"primaryImageOfPage\":{\"@id\":\"https:\\\/\\\/www.jootjeshaakcadeautjes.nl\\\/de\\\/produkt\\\/acrylperlen-mit-zucker-dip-20-mm-weiss\\\/#primaryimage\"},\"image\":{\"@id\":\"https:\\\/\\\/www.jootjeshaakcadeautjes.nl\\\/de\\\/produkt\\\/acrylperlen-mit-zucker-dip-20-mm-weiss\\\/#primaryimage\"},\"thumbnailUrl\":\"https:\\\/\\\/d1dyryakdmle7o.cloudfront.net\\\/wp-content\\\/uploads\\\/2024\\\/04\\\/20240126_205828.jpg\",\"datePublished\":\"2024-04-14T09:44:03+00:00\",\"dateModified\":\"2025-11-07T18:10:46+00:00\",\"description\":\"Acrylperlen mit Sugar Dip - 20 mm - Wei\u00df zur Herstellung von Schl\u00fcsselanh\u00e4ngern mit Gl\u00fccksbringern, Schmuck und mehr.\",\"breadcrumb\":{\"@id\":\"https:\\\/\\\/www.jootjeshaakcadeautjes.nl\\\/de\\\/produkt\\\/acrylperlen-mit-zucker-dip-20-mm-weiss\\\/#breadcrumb\"},\"inLanguage\":\"de\",\"potentialAction\":[{\"@type\":\"ReadAction\",\"target\":[\"https:\\\/\\\/www.jootjeshaakcadeautjes.nl\\\/de\\\/produkt\\\/acrylperlen-mit-zucker-dip-20-mm-weiss\\\/\"]}]},{\"@type\":\"ImageObject\",\"inLanguage\":\"de\",\"@id\":\"https:\\\/\\\/www.jootjeshaakcadeautjes.nl\\\/de\\\/produkt\\\/acrylperlen-mit-zucker-dip-20-mm-weiss\\\/#primaryimage\",\"url\":\"https:\\\/\\\/d1dyryakdmle7o.cloudfront.net\\\/wp-content\\\/uploads\\\/2024\\\/04\\\/20240126_205828.jpg\",\"contentUrl\":\"https:\\\/\\\/d1dyryakdmle7o.cloudfront.net\\\/wp-content\\\/uploads\\\/2024\\\/04\\\/20240126_205828.jpg\",\"width\":2048,\"height\":2048,\"caption\":\"Zuckerdip wei\u00df\"},{\"@type\":\"BreadcrumbList\",\"@id\":\"https:\\\/\\\/www.jootjeshaakcadeautjes.nl\\\/de\\\/produkt\\\/acrylperlen-mit-zucker-dip-20-mm-weiss\\\/#breadcrumb\",\"itemListElement\":[{\"@type\":\"ListItem\",\"position\":1,\"name\":\"Startseite\",\"item\":\"https:\\\/\\\/www.jootjeshaakcadeautjes.nl\\\/de\\\/\"},{\"@type\":\"ListItem\",\"position\":2,\"name\":\"Gro\u00dfhandel mit Silikonperlen &#8211; Business und Consumer\",\"item\":\"https:\\\/\\\/www.jootjeshaakcadeautjes.nl\\\/de\\\/shop\\\/\"},{\"@type\":\"ListItem\",\"position\":3,\"name\":\"Acrylperlen mit Sugar Dip &#8211; 20 mm &#8211; Wei\u00df\"}]},{\"@type\":\"WebSite\",\"@id\":\"https:\\\/\\\/www.jootjeshaakcadeautjes.nl\\\/de\\\/#website\",\"url\":\"https:\\\/\\\/www.jootjeshaakcadeautjes.nl\\\/de\\\/\",\"name\":\"Jootjes Haakcadeautjes\",\"description\":\"Silikonperlen Gro\u00dfhandel \",\"publisher\":{\"@id\":\"https:\\\/\\\/www.jootjeshaakcadeautjes.nl\\\/de\\\/#organization\"},\"potentialAction\":[{\"@type\":\"SearchAction\",\"target\":{\"@type\":\"EntryPoint\",\"urlTemplate\":\"https:\\\/\\\/www.jootjeshaakcadeautjes.nl\\\/de\\\/?s={search_term_string}\"},\"query-input\":{\"@type\":\"PropertyValueSpecification\",\"valueRequired\":true,\"valueName\":\"search_term_string\"}}],\"inLanguage\":\"de\"},{\"@type\":\"Organization\",\"@id\":\"https:\\\/\\\/www.jootjeshaakcadeautjes.nl\\\/de\\\/#organization\",\"name\":\"Jootjes Haakcadeautjes\",\"url\":\"https:\\\/\\\/www.jootjeshaakcadeautjes.nl\\\/de\\\/\",\"logo\":{\"@type\":\"ImageObject\",\"inLanguage\":\"de\",\"@id\":\"https:\\\/\\\/www.jootjeshaakcadeautjes.nl\\\/de\\\/#\\\/schema\\\/logo\\\/image\\\/\",\"url\":\"https:\\\/\\\/d1dyryakdmle7o.cloudfront.net\\\/wp-content\\\/uploads\\\/2023\\\/05\\\/Logo-rond.png\",\"contentUrl\":\"https:\\\/\\\/d1dyryakdmle7o.cloudfront.net\\\/wp-content\\\/uploads\\\/2023\\\/05\\\/Logo-rond.png\",\"width\":1222,\"height\":1222,\"caption\":\"Jootjes Haakcadeautjes\"},\"image\":{\"@id\":\"https:\\\/\\\/www.jootjeshaakcadeautjes.nl\\\/de\\\/#\\\/schema\\\/logo\\\/image\\\/\"}}]}<\/script>\n<meta property=\"product:price:amount\" content=\"0.43\" \/>\n<meta property=\"product:price:currency\" content=\"EUR\" \/>\n<meta property=\"og:availability\" content=\"instock\" \/>\n<meta property=\"product:availability\" content=\"instock\" \/>\n<meta property=\"product:retailer_item_id\" content=\"ACR-SUD-WIT\" \/>\n<meta property=\"product:condition\" content=\"new\" \/>\n<!-- \/ Yoast SEO Premium plugin. -->","yoast_head_json":{"title":"Acrylperlen mit Sugar Dip - 20 mm - Wei\u00df - Yoots","description":"Acrylperlen mit Sugar Dip - 20 mm - Wei\u00df zur Herstellung von Schl\u00fcsselanh\u00e4ngern mit Gl\u00fccksbringern, Schmuck und mehr.","robots":{"index":"index","follow":"follow","max-snippet":"max-snippet:-1","max-image-preview":"max-image-preview:large","max-video-preview":"max-video-preview:-1"},"canonical":"https:\/\/www.jootjeshaakcadeautjes.nl\/de\/produkt\/acrylperlen-mit-zucker-dip-20-mm-weiss\/","og_locale":"de_DE","og_type":"article","og_title":"Acrylperlen mit Sugar Dip - 20 mm - Wei\u00df","og_description":"Acrylperlen mit Sugar Dip - 20 mm - Wei\u00df zur Herstellung von Schl\u00fcsselanh\u00e4ngern mit Gl\u00fccksbringern, Schmuck und mehr.","og_url":"https:\/\/www.jootjeshaakcadeautjes.nl\/de\/produkt\/acrylperlen-mit-zucker-dip-20-mm-weiss\/","og_site_name":"Jootjes Haakcadeautjes","article_modified_time":"2025-11-07T18:10:46+00:00","og_image":[{"width":2048,"height":2048,"url":"https:\/\/www.jootjeshaakcadeautjes.nl\/wp-content\/uploads\/2024\/04\/20240126_205828.jpg","type":"image\/jpeg"}],"twitter_card":"summary_large_image","twitter_misc":{"Preis":"&euro;0.43 inkl. MwSt.","Verf\u00fcgbarkeit":"Auf Lager"},"schema":{"@context":"https:\/\/schema.org","@graph":[{"@type":"WebPage","@id":"https:\/\/www.jootjeshaakcadeautjes.nl\/de\/produkt\/acrylperlen-mit-zucker-dip-20-mm-weiss\/","url":"https:\/\/www.jootjeshaakcadeautjes.nl\/de\/produkt\/acrylperlen-mit-zucker-dip-20-mm-weiss\/","name":"Acrylperlen mit Sugar Dip - 20 mm - Wei\u00df - Yoots","isPartOf":{"@id":"https:\/\/www.jootjeshaakcadeautjes.nl\/de\/#website"},"primaryImageOfPage":{"@id":"https:\/\/www.jootjeshaakcadeautjes.nl\/de\/produkt\/acrylperlen-mit-zucker-dip-20-mm-weiss\/#primaryimage"},"image":{"@id":"https:\/\/www.jootjeshaakcadeautjes.nl\/de\/produkt\/acrylperlen-mit-zucker-dip-20-mm-weiss\/#primaryimage"},"thumbnailUrl":"https:\/\/d1dyryakdmle7o.cloudfront.net\/wp-content\/uploads\/2024\/04\/20240126_205828.jpg","datePublished":"2024-04-14T09:44:03+00:00","dateModified":"2025-11-07T18:10:46+00:00","description":"Acrylperlen mit Sugar Dip - 20 mm - Wei\u00df zur Herstellung von Schl\u00fcsselanh\u00e4ngern mit Gl\u00fccksbringern, Schmuck und mehr.","breadcrumb":{"@id":"https:\/\/www.jootjeshaakcadeautjes.nl\/de\/produkt\/acrylperlen-mit-zucker-dip-20-mm-weiss\/#breadcrumb"},"inLanguage":"de","potentialAction":[{"@type":"ReadAction","target":["https:\/\/www.jootjeshaakcadeautjes.nl\/de\/produkt\/acrylperlen-mit-zucker-dip-20-mm-weiss\/"]}]},{"@type":"ImageObject","inLanguage":"de","@id":"https:\/\/www.jootjeshaakcadeautjes.nl\/de\/produkt\/acrylperlen-mit-zucker-dip-20-mm-weiss\/#primaryimage","url":"https:\/\/d1dyryakdmle7o.cloudfront.net\/wp-content\/uploads\/2024\/04\/20240126_205828.jpg","contentUrl":"https:\/\/d1dyryakdmle7o.cloudfront.net\/wp-content\/uploads\/2024\/04\/20240126_205828.jpg","width":2048,"height":2048,"caption":"Zuckerdip wei\u00df"},{"@type":"BreadcrumbList","@id":"https:\/\/www.jootjeshaakcadeautjes.nl\/de\/produkt\/acrylperlen-mit-zucker-dip-20-mm-weiss\/#breadcrumb","itemListElement":[{"@type":"ListItem","position":1,"name":"Startseite","item":"https:\/\/www.jootjeshaakcadeautjes.nl\/de\/"},{"@type":"ListItem","position":2,"name":"Gro\u00dfhandel mit Silikonperlen &#8211; Business und Consumer","item":"https:\/\/www.jootjeshaakcadeautjes.nl\/de\/shop\/"},{"@type":"ListItem","position":3,"name":"Acrylperlen mit Sugar Dip &#8211; 20 mm &#8211; Wei\u00df"}]},{"@type":"WebSite","@id":"https:\/\/www.jootjeshaakcadeautjes.nl\/de\/#website","url":"https:\/\/www.jootjeshaakcadeautjes.nl\/de\/","name":"Jootjes Haakcadeautjes","description":"Silikonperlen Gro\u00dfhandel ","publisher":{"@id":"https:\/\/www.jootjeshaakcadeautjes.nl\/de\/#organization"},"potentialAction":[{"@type":"SearchAction","target":{"@type":"EntryPoint","urlTemplate":"https:\/\/www.jootjeshaakcadeautjes.nl\/de\/?s={search_term_string}"},"query-input":{"@type":"PropertyValueSpecification","valueRequired":true,"valueName":"search_term_string"}}],"inLanguage":"de"},{"@type":"Organization","@id":"https:\/\/www.jootjeshaakcadeautjes.nl\/de\/#organization","name":"Jootjes Haakcadeautjes","url":"https:\/\/www.jootjeshaakcadeautjes.nl\/de\/","logo":{"@type":"ImageObject","inLanguage":"de","@id":"https:\/\/www.jootjeshaakcadeautjes.nl\/de\/#\/schema\/logo\/image\/","url":"https:\/\/d1dyryakdmle7o.cloudfront.net\/wp-content\/uploads\/2023\/05\/Logo-rond.png","contentUrl":"https:\/\/d1dyryakdmle7o.cloudfront.net\/wp-content\/uploads\/2023\/05\/Logo-rond.png","width":1222,"height":1222,"caption":"Jootjes Haakcadeautjes"},"image":{"@id":"https:\/\/www.jootjeshaakcadeautjes.nl\/de\/#\/schema\/logo\/image\/"}}]},"product_price_amount":"0.43","product_price_currency":"EUR","og_availability":"instock","product_availability":"instock","product_retailer_item_id":"ACR-SUD-WIT","product_condition":"new"},"_links":{"self":[{"href":"https:\/\/www.jootjeshaakcadeautjes.nl\/de\/wp-json\/wp\/v2\/product\/144148","targetHints":{"allow":["GET"]}}],"collection":[{"href":"https:\/\/www.jootjeshaakcadeautjes.nl\/de\/wp-json\/wp\/v2\/product"}],"about":[{"href":"https:\/\/www.jootjeshaakcadeautjes.nl\/de\/wp-json\/wp\/v2\/types\/product"}],"version-history":[{"count":0,"href":"https:\/\/www.jootjeshaakcadeautjes.nl\/de\/wp-json\/wp\/v2\/product\/144148\/revisions"}],"wp:featuredmedia":[{"embeddable":true,"href":"https:\/\/www.jootjeshaakcadeautjes.nl\/de\/wp-json\/wp\/v2\/media\/143650"}],"wp:attachment":[{"href":"https:\/\/www.jootjeshaakcadeautjes.nl\/de\/wp-json\/wp\/v2\/media?parent=144148"}],"wp:term":[{"taxonomy":"product_brand","embeddable":true,"href":"https:\/\/www.jootjeshaakcadeautjes.nl\/de\/wp-json\/wp\/v2\/product_brand?post=144148"},{"taxonomy":"product_cat","embeddable":true,"href":"https:\/\/www.jootjeshaakcadeautjes.nl\/de\/wp-json\/wp\/v2\/product_cat?post=144148"},{"taxonomy":"product_tag","embeddable":true,"href":"https:\/\/www.jootjeshaakcadeautjes.nl\/de\/wp-json\/wp\/v2\/product_tag?post=144148"}],"curies":[{"name":"wp","href":"https:\/\/api.w.org\/{rel}","templated":true}]}}