{"id":151423,"date":"2024-05-31T11:06:22","date_gmt":"2024-05-31T09:06:22","guid":{"rendered":"https:\/\/www.jootjeshaakcadeautjes.nl\/product\/silikonperlen-rund-hell-pfirsich-6-mm-per-50-stuck\/"},"modified":"2025-03-11T05:18:25","modified_gmt":"2025-03-11T04:18:25","slug":"silikonperlen-rund-hell-pfirsich-6-mm-per-50-stuck","status":"publish","type":"product","link":"https:\/\/www.jootjeshaakcadeautjes.nl\/de\/produkt\/silikonperlen-rund-hell-pfirsich-6-mm-per-50-stuck\/","title":{"rendered":"Silikonperlen &#8211; Rund &#8211; 6 mm &#8211; Helles Pfirsich &#8211; Pro 50 St\u00fcck"},"content":{"rendered":"<h1>Silikonperlen &#8211; Rund &#8211; Helles Pfirsich &#8211; 6 mm &#8211; Pro 50 St\u00fcck<\/h1>\n<p>Farbe: Heller Pfirsich<br \/>\nGr\u00f6\u00dfe: 6 mm<br \/>\nTyp: Bulkbag, 50 St\u00fcck, Rund<\/p>\n<p>Sch\u00f6ne Schmuckperlen aus Silikon in einem hellen Pfirsichton. Diese Perlen sind die perfekte kleine Perle. Kombiniert die Welt der Schmuckherstellung mit den vielen M\u00f6glichkeiten von Silikon. Au\u00dferdem macht es Spa\u00df, sie mit den gr\u00f6\u00dferen Gr\u00f6\u00dfen zu kombinieren und abzuwechseln.<\/p>\n<p>Diese Perlen sind f\u00fcr Armb\u00e4nder, Halsketten, Sonnenbrillenschn\u00fcre, Schl\u00fcsselanh\u00e4nger und vieles mehr geeignet. Im Prinzip k\u00f6nnen diese Perlen weiterhin in Schnurattrappen verwendet werden (die Mindestgr\u00f6\u00dfe betr\u00e4gt laut Richtlinie 6 mm). Aber das ist genau die Grenzgr\u00f6\u00dfe und deshalb empfehlen wir sie <span style=\"text-decoration: underline;\">nicht<\/span> f\u00fcr Schnullerschn\u00fcre. Sicherheit geht vor!<\/p>\n","protected":false},"excerpt":{"rendered":"<p>Farbe: Heller Pfirsich<br \/>\nGr\u00f6\u00dfe: 6 mm<br \/>\nTyp: Bulkbag, 50 St\u00fcck, Rund<\/p>\n","protected":false},"featured_media":71256,"template":"","meta":[],"product_brand":[],"product_cat":[7380,14600,6991],"product_tag":[9838,14604,7452,7928,7464,8237,7563,8153,7397,7199,8769,7444,8625,14329,14607,7211,14610],"class_list":{"0":"post-151423","1":"product","2":"type-product","3":"status-publish","4":"has-post-thumbnail","6":"product_cat-herstellung-von-baby-beisspielzeug-materialien-fur-schnuller-und-beisringe","7":"product_cat-silikonperlen-6-mm-rund","8":"product_cat-silikonperlen-bpa-frei-grosshandel","9":"product_tag-6-de","10":"product_tag-armbander","11":"product_tag-bpa-frei","12":"product_tag-einkaufen","13":"product_tag-groshandel","14":"product_tag-heller-pfirsich","15":"product_tag-kaufen","16":"product_tag-kette","17":"product_tag-mm-de","18":"product_tag-perlen","19":"product_tag-qualitat","20":"product_tag-schlusselanhanger","21":"product_tag-schmuck","22":"product_tag-schmuck-de","23":"product_tag-schnure-fur-sonnenbrillen","24":"product_tag-silikon","25":"product_tag-zeichenketten","27":"first","28":"instock","29":"taxable","30":"shipping-taxable","31":"purchasable","32":"product-type-simple"},"bundled_by":[],"bundle_stock_status":"instock","bundle_stock_quantity":14,"bundle_virtual":false,"bundle_layout":"","bundle_add_to_cart_form_location":"","bundle_editable_in_cart":false,"bundle_sold_individually_context":"","bundle_item_grouping":"","bundle_min_size":"","bundle_max_size":"","bundle_price":[],"bundled_items":[],"bundle_sell_ids":[],"yoast_head":"<!-- This site is optimized with the Yoast SEO Premium plugin v27.6 (Yoast SEO v27.6) - https:\/\/yoast.com\/product\/yoast-seo-premium-wordpress\/ -->\n<title>Schmuckperlen in der Farbe Light Peach f\u00fcr Armb\u00e4nder<\/title>\n<meta name=\"description\" content=\"Schmuckperlen in der Farbe Light Peach f\u00fcr Armb\u00e4nder, Sonnenbrillenkordeln, Schl\u00fcsselanh\u00e4nger und mehr kaufen Sie hier im Gro\u00dfhandel.\" \/>\n<meta name=\"robots\" content=\"index, follow, max-snippet:-1, max-image-preview:large, max-video-preview:-1\" \/>\n<link rel=\"canonical\" href=\"https:\/\/www.jootjeshaakcadeautjes.nl\/de\/produkt\/silikonperlen-rund-hell-pfirsich-6-mm-per-50-stuck\/\" \/>\n<meta property=\"og:locale\" content=\"de_DE\" \/>\n<meta property=\"og:type\" content=\"article\" \/>\n<meta property=\"og:title\" content=\"Silikonperlen - Rund - 6 mm - Helles Pfirsich - Pro 50 St\u00fcck\" \/>\n<meta property=\"og:description\" content=\"Schmuckperlen in der Farbe Light Peach f\u00fcr Armb\u00e4nder, Sonnenbrillenkordeln, Schl\u00fcsselanh\u00e4nger und mehr kaufen Sie hier im Gro\u00dfhandel.\" \/>\n<meta property=\"og:url\" content=\"https:\/\/www.jootjeshaakcadeautjes.nl\/de\/produkt\/silikonperlen-rund-hell-pfirsich-6-mm-per-50-stuck\/\" \/>\n<meta property=\"og:site_name\" content=\"Jootjes Haakcadeautjes\" \/>\n<meta property=\"article:modified_time\" content=\"2025-03-11T04:18:25+00:00\" \/>\n<meta property=\"og:image\" content=\"https:\/\/www.jootjeshaakcadeautjes.nl\/wp-content\/uploads\/2020\/08\/Siliconen-kralen-19-mm-bpa-vrij-baby-veilig-bijtring-licht-perzik.jpg\" \/>\n\t<meta property=\"og:image:width\" content=\"1601\" \/>\n\t<meta property=\"og:image:height\" content=\"1601\" \/>\n\t<meta property=\"og:image:type\" content=\"image\/jpeg\" \/>\n<meta name=\"twitter:card\" content=\"summary_large_image\" \/>\n<meta name=\"twitter:label1\" content=\"Preis\" \/>\n\t<meta name=\"twitter:data1\" content=\"&euro;2.85 inkl. MwSt.\" \/>\n\t<meta name=\"twitter:label2\" content=\"Verf\u00fcgbarkeit\" \/>\n\t<meta name=\"twitter:data2\" content=\"Auf Lager\" \/>\n<script type=\"application\/ld+json\" class=\"yoast-schema-graph\">{\"@context\":\"https:\\\/\\\/schema.org\",\"@graph\":[{\"@type\":\"WebPage\",\"@id\":\"https:\\\/\\\/www.jootjeshaakcadeautjes.nl\\\/de\\\/produkt\\\/silikonperlen-rund-hell-pfirsich-6-mm-per-50-stuck\\\/\",\"url\":\"https:\\\/\\\/www.jootjeshaakcadeautjes.nl\\\/de\\\/produkt\\\/silikonperlen-rund-hell-pfirsich-6-mm-per-50-stuck\\\/\",\"name\":\"Schmuckperlen in der Farbe Light Peach f\u00fcr Armb\u00e4nder\",\"isPartOf\":{\"@id\":\"https:\\\/\\\/www.jootjeshaakcadeautjes.nl\\\/de\\\/#website\"},\"primaryImageOfPage\":{\"@id\":\"https:\\\/\\\/www.jootjeshaakcadeautjes.nl\\\/de\\\/produkt\\\/silikonperlen-rund-hell-pfirsich-6-mm-per-50-stuck\\\/#primaryimage\"},\"image\":{\"@id\":\"https:\\\/\\\/www.jootjeshaakcadeautjes.nl\\\/de\\\/produkt\\\/silikonperlen-rund-hell-pfirsich-6-mm-per-50-stuck\\\/#primaryimage\"},\"thumbnailUrl\":\"https:\\\/\\\/d1dyryakdmle7o.cloudfront.net\\\/wp-content\\\/uploads\\\/2020\\\/08\\\/Siliconen-kralen-19-mm-bpa-vrij-baby-veilig-bijtring-licht-perzik.jpg\",\"datePublished\":\"2024-05-31T09:06:22+00:00\",\"dateModified\":\"2025-03-11T04:18:25+00:00\",\"description\":\"Schmuckperlen in der Farbe Light Peach f\u00fcr Armb\u00e4nder, Sonnenbrillenkordeln, Schl\u00fcsselanh\u00e4nger und mehr kaufen Sie hier im Gro\u00dfhandel.\",\"breadcrumb\":{\"@id\":\"https:\\\/\\\/www.jootjeshaakcadeautjes.nl\\\/de\\\/produkt\\\/silikonperlen-rund-hell-pfirsich-6-mm-per-50-stuck\\\/#breadcrumb\"},\"inLanguage\":\"de\",\"potentialAction\":[{\"@type\":\"ReadAction\",\"target\":[\"https:\\\/\\\/www.jootjeshaakcadeautjes.nl\\\/de\\\/produkt\\\/silikonperlen-rund-hell-pfirsich-6-mm-per-50-stuck\\\/\"]}]},{\"@type\":\"ImageObject\",\"inLanguage\":\"de\",\"@id\":\"https:\\\/\\\/www.jootjeshaakcadeautjes.nl\\\/de\\\/produkt\\\/silikonperlen-rund-hell-pfirsich-6-mm-per-50-stuck\\\/#primaryimage\",\"url\":\"https:\\\/\\\/d1dyryakdmle7o.cloudfront.net\\\/wp-content\\\/uploads\\\/2020\\\/08\\\/Siliconen-kralen-19-mm-bpa-vrij-baby-veilig-bijtring-licht-perzik.jpg\",\"contentUrl\":\"https:\\\/\\\/d1dyryakdmle7o.cloudfront.net\\\/wp-content\\\/uploads\\\/2020\\\/08\\\/Siliconen-kralen-19-mm-bpa-vrij-baby-veilig-bijtring-licht-perzik.jpg\",\"width\":1601,\"height\":1601,\"caption\":\"Silikonperlen 19 mm bpa frei Baby sicher Bei\u00dfring Licht Pfirsich\"},{\"@type\":\"BreadcrumbList\",\"@id\":\"https:\\\/\\\/www.jootjeshaakcadeautjes.nl\\\/de\\\/produkt\\\/silikonperlen-rund-hell-pfirsich-6-mm-per-50-stuck\\\/#breadcrumb\",\"itemListElement\":[{\"@type\":\"ListItem\",\"position\":1,\"name\":\"Startseite\",\"item\":\"https:\\\/\\\/www.jootjeshaakcadeautjes.nl\\\/de\\\/\"},{\"@type\":\"ListItem\",\"position\":2,\"name\":\"Gro\u00dfhandel mit Silikonperlen &#8211; Business und Consumer\",\"item\":\"https:\\\/\\\/www.jootjeshaakcadeautjes.nl\\\/de\\\/shop\\\/\"},{\"@type\":\"ListItem\",\"position\":3,\"name\":\"Silikonperlen &#8211; Rund &#8211; 6 mm &#8211; Helles Pfirsich &#8211; Pro 50 St\u00fcck\"}]},{\"@type\":\"WebSite\",\"@id\":\"https:\\\/\\\/www.jootjeshaakcadeautjes.nl\\\/de\\\/#website\",\"url\":\"https:\\\/\\\/www.jootjeshaakcadeautjes.nl\\\/de\\\/\",\"name\":\"Jootjes Haakcadeautjes\",\"description\":\"Silikonperlen Gro\u00dfhandel \",\"publisher\":{\"@id\":\"https:\\\/\\\/www.jootjeshaakcadeautjes.nl\\\/de\\\/#organization\"},\"potentialAction\":[{\"@type\":\"SearchAction\",\"target\":{\"@type\":\"EntryPoint\",\"urlTemplate\":\"https:\\\/\\\/www.jootjeshaakcadeautjes.nl\\\/de\\\/?s={search_term_string}\"},\"query-input\":{\"@type\":\"PropertyValueSpecification\",\"valueRequired\":true,\"valueName\":\"search_term_string\"}}],\"inLanguage\":\"de\"},{\"@type\":\"Organization\",\"@id\":\"https:\\\/\\\/www.jootjeshaakcadeautjes.nl\\\/de\\\/#organization\",\"name\":\"Jootjes Haakcadeautjes\",\"url\":\"https:\\\/\\\/www.jootjeshaakcadeautjes.nl\\\/de\\\/\",\"logo\":{\"@type\":\"ImageObject\",\"inLanguage\":\"de\",\"@id\":\"https:\\\/\\\/www.jootjeshaakcadeautjes.nl\\\/de\\\/#\\\/schema\\\/logo\\\/image\\\/\",\"url\":\"https:\\\/\\\/d1dyryakdmle7o.cloudfront.net\\\/wp-content\\\/uploads\\\/2023\\\/05\\\/Logo-rond.png\",\"contentUrl\":\"https:\\\/\\\/d1dyryakdmle7o.cloudfront.net\\\/wp-content\\\/uploads\\\/2023\\\/05\\\/Logo-rond.png\",\"width\":1222,\"height\":1222,\"caption\":\"Jootjes Haakcadeautjes\"},\"image\":{\"@id\":\"https:\\\/\\\/www.jootjeshaakcadeautjes.nl\\\/de\\\/#\\\/schema\\\/logo\\\/image\\\/\"}}]}<\/script>\n<meta property=\"product:price:amount\" content=\"2.85\" \/>\n<meta property=\"product:price:currency\" content=\"EUR\" \/>\n<meta property=\"og:availability\" content=\"instock\" \/>\n<meta property=\"product:availability\" content=\"instock\" \/>\n<meta property=\"product:retailer_item_id\" content=\"SKR-BUB-6MM-LPE\" \/>\n<meta property=\"product:condition\" content=\"new\" \/>\n<!-- \/ Yoast SEO Premium plugin. -->","yoast_head_json":{"title":"Schmuckperlen in der Farbe Light Peach f\u00fcr Armb\u00e4nder","description":"Schmuckperlen in der Farbe Light Peach f\u00fcr Armb\u00e4nder, Sonnenbrillenkordeln, Schl\u00fcsselanh\u00e4nger und mehr kaufen Sie hier im Gro\u00dfhandel.","robots":{"index":"index","follow":"follow","max-snippet":"max-snippet:-1","max-image-preview":"max-image-preview:large","max-video-preview":"max-video-preview:-1"},"canonical":"https:\/\/www.jootjeshaakcadeautjes.nl\/de\/produkt\/silikonperlen-rund-hell-pfirsich-6-mm-per-50-stuck\/","og_locale":"de_DE","og_type":"article","og_title":"Silikonperlen - Rund - 6 mm - Helles Pfirsich - Pro 50 St\u00fcck","og_description":"Schmuckperlen in der Farbe Light Peach f\u00fcr Armb\u00e4nder, Sonnenbrillenkordeln, Schl\u00fcsselanh\u00e4nger und mehr kaufen Sie hier im Gro\u00dfhandel.","og_url":"https:\/\/www.jootjeshaakcadeautjes.nl\/de\/produkt\/silikonperlen-rund-hell-pfirsich-6-mm-per-50-stuck\/","og_site_name":"Jootjes Haakcadeautjes","article_modified_time":"2025-03-11T04:18:25+00:00","og_image":[{"width":1601,"height":1601,"url":"https:\/\/www.jootjeshaakcadeautjes.nl\/wp-content\/uploads\/2020\/08\/Siliconen-kralen-19-mm-bpa-vrij-baby-veilig-bijtring-licht-perzik.jpg","type":"image\/jpeg"}],"twitter_card":"summary_large_image","twitter_misc":{"Preis":"&euro;2.85 inkl. MwSt.","Verf\u00fcgbarkeit":"Auf Lager"},"schema":{"@context":"https:\/\/schema.org","@graph":[{"@type":"WebPage","@id":"https:\/\/www.jootjeshaakcadeautjes.nl\/de\/produkt\/silikonperlen-rund-hell-pfirsich-6-mm-per-50-stuck\/","url":"https:\/\/www.jootjeshaakcadeautjes.nl\/de\/produkt\/silikonperlen-rund-hell-pfirsich-6-mm-per-50-stuck\/","name":"Schmuckperlen in der Farbe Light Peach f\u00fcr Armb\u00e4nder","isPartOf":{"@id":"https:\/\/www.jootjeshaakcadeautjes.nl\/de\/#website"},"primaryImageOfPage":{"@id":"https:\/\/www.jootjeshaakcadeautjes.nl\/de\/produkt\/silikonperlen-rund-hell-pfirsich-6-mm-per-50-stuck\/#primaryimage"},"image":{"@id":"https:\/\/www.jootjeshaakcadeautjes.nl\/de\/produkt\/silikonperlen-rund-hell-pfirsich-6-mm-per-50-stuck\/#primaryimage"},"thumbnailUrl":"https:\/\/d1dyryakdmle7o.cloudfront.net\/wp-content\/uploads\/2020\/08\/Siliconen-kralen-19-mm-bpa-vrij-baby-veilig-bijtring-licht-perzik.jpg","datePublished":"2024-05-31T09:06:22+00:00","dateModified":"2025-03-11T04:18:25+00:00","description":"Schmuckperlen in der Farbe Light Peach f\u00fcr Armb\u00e4nder, Sonnenbrillenkordeln, Schl\u00fcsselanh\u00e4nger und mehr kaufen Sie hier im Gro\u00dfhandel.","breadcrumb":{"@id":"https:\/\/www.jootjeshaakcadeautjes.nl\/de\/produkt\/silikonperlen-rund-hell-pfirsich-6-mm-per-50-stuck\/#breadcrumb"},"inLanguage":"de","potentialAction":[{"@type":"ReadAction","target":["https:\/\/www.jootjeshaakcadeautjes.nl\/de\/produkt\/silikonperlen-rund-hell-pfirsich-6-mm-per-50-stuck\/"]}]},{"@type":"ImageObject","inLanguage":"de","@id":"https:\/\/www.jootjeshaakcadeautjes.nl\/de\/produkt\/silikonperlen-rund-hell-pfirsich-6-mm-per-50-stuck\/#primaryimage","url":"https:\/\/d1dyryakdmle7o.cloudfront.net\/wp-content\/uploads\/2020\/08\/Siliconen-kralen-19-mm-bpa-vrij-baby-veilig-bijtring-licht-perzik.jpg","contentUrl":"https:\/\/d1dyryakdmle7o.cloudfront.net\/wp-content\/uploads\/2020\/08\/Siliconen-kralen-19-mm-bpa-vrij-baby-veilig-bijtring-licht-perzik.jpg","width":1601,"height":1601,"caption":"Silikonperlen 19 mm bpa frei Baby sicher Bei\u00dfring Licht Pfirsich"},{"@type":"BreadcrumbList","@id":"https:\/\/www.jootjeshaakcadeautjes.nl\/de\/produkt\/silikonperlen-rund-hell-pfirsich-6-mm-per-50-stuck\/#breadcrumb","itemListElement":[{"@type":"ListItem","position":1,"name":"Startseite","item":"https:\/\/www.jootjeshaakcadeautjes.nl\/de\/"},{"@type":"ListItem","position":2,"name":"Gro\u00dfhandel mit Silikonperlen &#8211; Business und Consumer","item":"https:\/\/www.jootjeshaakcadeautjes.nl\/de\/shop\/"},{"@type":"ListItem","position":3,"name":"Silikonperlen &#8211; Rund &#8211; 6 mm &#8211; Helles Pfirsich &#8211; Pro 50 St\u00fcck"}]},{"@type":"WebSite","@id":"https:\/\/www.jootjeshaakcadeautjes.nl\/de\/#website","url":"https:\/\/www.jootjeshaakcadeautjes.nl\/de\/","name":"Jootjes Haakcadeautjes","description":"Silikonperlen Gro\u00dfhandel ","publisher":{"@id":"https:\/\/www.jootjeshaakcadeautjes.nl\/de\/#organization"},"potentialAction":[{"@type":"SearchAction","target":{"@type":"EntryPoint","urlTemplate":"https:\/\/www.jootjeshaakcadeautjes.nl\/de\/?s={search_term_string}"},"query-input":{"@type":"PropertyValueSpecification","valueRequired":true,"valueName":"search_term_string"}}],"inLanguage":"de"},{"@type":"Organization","@id":"https:\/\/www.jootjeshaakcadeautjes.nl\/de\/#organization","name":"Jootjes Haakcadeautjes","url":"https:\/\/www.jootjeshaakcadeautjes.nl\/de\/","logo":{"@type":"ImageObject","inLanguage":"de","@id":"https:\/\/www.jootjeshaakcadeautjes.nl\/de\/#\/schema\/logo\/image\/","url":"https:\/\/d1dyryakdmle7o.cloudfront.net\/wp-content\/uploads\/2023\/05\/Logo-rond.png","contentUrl":"https:\/\/d1dyryakdmle7o.cloudfront.net\/wp-content\/uploads\/2023\/05\/Logo-rond.png","width":1222,"height":1222,"caption":"Jootjes Haakcadeautjes"},"image":{"@id":"https:\/\/www.jootjeshaakcadeautjes.nl\/de\/#\/schema\/logo\/image\/"}}]},"product_price_amount":"2.85","product_price_currency":"EUR","og_availability":"instock","product_availability":"instock","product_retailer_item_id":"SKR-BUB-6MM-LPE","product_condition":"new"},"_links":{"self":[{"href":"https:\/\/www.jootjeshaakcadeautjes.nl\/de\/wp-json\/wp\/v2\/product\/151423","targetHints":{"allow":["GET"]}}],"collection":[{"href":"https:\/\/www.jootjeshaakcadeautjes.nl\/de\/wp-json\/wp\/v2\/product"}],"about":[{"href":"https:\/\/www.jootjeshaakcadeautjes.nl\/de\/wp-json\/wp\/v2\/types\/product"}],"version-history":[{"count":0,"href":"https:\/\/www.jootjeshaakcadeautjes.nl\/de\/wp-json\/wp\/v2\/product\/151423\/revisions"}],"wp:featuredmedia":[{"embeddable":true,"href":"https:\/\/www.jootjeshaakcadeautjes.nl\/de\/wp-json\/wp\/v2\/media\/71256"}],"wp:attachment":[{"href":"https:\/\/www.jootjeshaakcadeautjes.nl\/de\/wp-json\/wp\/v2\/media?parent=151423"}],"wp:term":[{"taxonomy":"product_brand","embeddable":true,"href":"https:\/\/www.jootjeshaakcadeautjes.nl\/de\/wp-json\/wp\/v2\/product_brand?post=151423"},{"taxonomy":"product_cat","embeddable":true,"href":"https:\/\/www.jootjeshaakcadeautjes.nl\/de\/wp-json\/wp\/v2\/product_cat?post=151423"},{"taxonomy":"product_tag","embeddable":true,"href":"https:\/\/www.jootjeshaakcadeautjes.nl\/de\/wp-json\/wp\/v2\/product_tag?post=151423"}],"curies":[{"name":"wp","href":"https:\/\/api.w.org\/{rel}","templated":true}]}}