{"id":151736,"date":"2024-05-24T16:19:33","date_gmt":"2024-05-24T14:19:33","guid":{"rendered":"https:\/\/www.jootjeshaakcadeautjes.nl\/product\/silikon-perlen-halbe-aisie-blume-pfirsich-nackt\/"},"modified":"2025-03-11T16:07:05","modified_gmt":"2025-03-11T15:07:05","slug":"silikon-perlen-halbe-aisie-blume-pfirsich-nackt","status":"publish","type":"product","link":"https:\/\/www.jootjeshaakcadeautjes.nl\/de\/produkt\/silikon-perlen-halbe-aisie-blume-pfirsich-nackt\/","title":{"rendered":"Silikonperlen &#8211; Halb G\u00e4nsebl\u00fcmchen\/Blume &#8211; Pfirsich Nackt"},"content":{"rendered":"<h1>Silikonperlen &#8211; Halb G\u00e4nsebl\u00fcmchen\/Blume &#8211; Pfirsich Nackt<\/h1>\n<p>Diese sch\u00f6nen, lustigen Perlen sind eine exakte Ann\u00e4herung an die weithin bekannten halben G\u00e4nsebl\u00fcmchen\/Blumen aus Polymer Clay, wie sie f\u00fcr die Herstellung Ihrer eigenen Ohrringe, Halsketten und anderen sch\u00f6nen Anh\u00e4nger verwendet werden. Diese Perlen, die genau diese Form haben, aber aus Silikon bestehen, eignen sich daher perfekt f\u00fcr die Herstellung von Schl\u00fcsselanh\u00e4ngern, Ohrringen, Armb\u00e4ndern, Halsketten, Telefonanh\u00e4ngern und mehr. Aber nat\u00fcrlich k\u00f6nnen sie auch einfach in Schnuller verwendet werden! Erh\u00e4ltlich in vielen verschiedenen Farben!<\/p>\n<p>&nbsp;<\/p>\n","protected":false},"excerpt":{"rendered":"<p>Farbe: Pfirsich Nude<br \/>\nGr\u00f6\u00dfe: 30 x 18 x 8 mm<br \/>\nTyp: Halb G\u00e4nsebl\u00fcmchen \/ Halb Blume<\/p>\n","protected":false},"featured_media":149551,"template":"","meta":[],"product_brand":[],"product_cat":[19654],"product_tag":[7984,7385,7981,8003,8000,8008,7208,7464,7416,8118,8123,14691,7199,8055,14689,7483,7926,8006],"class_list":{"0":"post-151736","1":"product","2":"type-product","3":"status-publish","4":"has-post-thumbnail","6":"product_cat-halbe-ganseblumchen","7":"product_tag-anhanger","8":"product_tag-beisring","9":"product_tag-blume","10":"product_tag-blume-de","11":"product_tag-ganseblumchen","12":"product_tag-gluck-de","13":"product_tag-gluckspuppe","14":"product_tag-groshandel","15":"product_tag-gummischnur","16":"product_tag-halb","17":"product_tag-halb-de","18":"product_tag-halbe-blume","19":"product_tag-perlen","20":"product_tag-pfirsich-nackt","21":"product_tag-polymer-clay","22":"product_tag-silikon-de","23":"product_tag-silikonperlen","24":"product_tag-von","26":"first","27":"instock","28":"taxable","29":"shipping-taxable","30":"purchasable","31":"product-type-simple"},"bundled_by":["150936"],"bundle_stock_status":"instock","bundle_stock_quantity":120,"bundle_virtual":false,"bundle_layout":"","bundle_add_to_cart_form_location":"","bundle_editable_in_cart":false,"bundle_sold_individually_context":"","bundle_item_grouping":"","bundle_min_size":"","bundle_max_size":"","bundle_price":[],"bundled_items":[],"bundle_sell_ids":[],"yoast_head":"<!-- This site is optimized with the Yoast SEO Premium plugin v27.6 (Yoast SEO v27.6) - https:\/\/yoast.com\/product\/yoast-seo-premium-wordpress\/ -->\n<title>Silikonperlen - Halb G\u00e4nsebl\u00fcmchen\/Blume - Pfirsich Nackt -<\/title>\n<meta name=\"description\" content=\"Kaufen Sie Ihre Silikonperlen in Form einer halben Blume \/ eines G\u00e4nsebl\u00fcmchens hier. In der Farbe Peach Nude. Kaufen Sie bei Jootjes, Ihrem Hobby-Gro\u00dfh\u00e4ndler.\" \/>\n<meta name=\"robots\" content=\"index, follow, max-snippet:-1, max-image-preview:large, max-video-preview:-1\" \/>\n<link rel=\"canonical\" href=\"https:\/\/www.jootjeshaakcadeautjes.nl\/de\/produkt\/silikon-perlen-halbe-aisie-blume-pfirsich-nackt\/\" \/>\n<meta property=\"og:locale\" content=\"de_DE\" \/>\n<meta property=\"og:type\" content=\"article\" \/>\n<meta property=\"og:title\" content=\"Silikonperlen - Halb G\u00e4nsebl\u00fcmchen\/Blume - Pfirsich Nackt\" \/>\n<meta property=\"og:description\" content=\"Kaufen Sie Ihre Silikonperlen in Form einer halben Blume \/ eines G\u00e4nsebl\u00fcmchens hier. In der Farbe Peach Nude. Kaufen Sie bei Jootjes, Ihrem Hobby-Gro\u00dfh\u00e4ndler.\" \/>\n<meta property=\"og:url\" content=\"https:\/\/www.jootjeshaakcadeautjes.nl\/de\/produkt\/silikon-perlen-halbe-aisie-blume-pfirsich-nackt\/\" \/>\n<meta property=\"og:site_name\" content=\"Jootjes Haakcadeautjes\" \/>\n<meta property=\"article:modified_time\" content=\"2025-03-11T15:07:05+00:00\" \/>\n<meta property=\"og:image\" content=\"https:\/\/www.jootjeshaakcadeautjes.nl\/wp-content\/uploads\/2024\/05\/20240523_225906.jpg\" \/>\n\t<meta property=\"og:image:width\" content=\"2048\" \/>\n\t<meta property=\"og:image:height\" content=\"2048\" \/>\n\t<meta property=\"og:image:type\" content=\"image\/jpeg\" \/>\n<meta name=\"twitter:card\" content=\"summary_large_image\" \/>\n<meta name=\"twitter:label1\" content=\"Preis\" \/>\n\t<meta name=\"twitter:data1\" content=\"&euro;0.85 inkl. MwSt.\" \/>\n\t<meta name=\"twitter:label2\" content=\"Verf\u00fcgbarkeit\" \/>\n\t<meta name=\"twitter:data2\" content=\"Auf Lager\" \/>\n<script type=\"application\/ld+json\" class=\"yoast-schema-graph\">{\"@context\":\"https:\\\/\\\/schema.org\",\"@graph\":[{\"@type\":\"WebPage\",\"@id\":\"https:\\\/\\\/www.jootjeshaakcadeautjes.nl\\\/de\\\/produkt\\\/silikon-perlen-halbe-aisie-blume-pfirsich-nackt\\\/\",\"url\":\"https:\\\/\\\/www.jootjeshaakcadeautjes.nl\\\/de\\\/produkt\\\/silikon-perlen-halbe-aisie-blume-pfirsich-nackt\\\/\",\"name\":\"Silikonperlen - Halb G\u00e4nsebl\u00fcmchen\\\/Blume - Pfirsich Nackt -\",\"isPartOf\":{\"@id\":\"https:\\\/\\\/www.jootjeshaakcadeautjes.nl\\\/de\\\/#website\"},\"primaryImageOfPage\":{\"@id\":\"https:\\\/\\\/www.jootjeshaakcadeautjes.nl\\\/de\\\/produkt\\\/silikon-perlen-halbe-aisie-blume-pfirsich-nackt\\\/#primaryimage\"},\"image\":{\"@id\":\"https:\\\/\\\/www.jootjeshaakcadeautjes.nl\\\/de\\\/produkt\\\/silikon-perlen-halbe-aisie-blume-pfirsich-nackt\\\/#primaryimage\"},\"thumbnailUrl\":\"https:\\\/\\\/d1dyryakdmle7o.cloudfront.net\\\/wp-content\\\/uploads\\\/2024\\\/05\\\/20240523_225906.jpg\",\"datePublished\":\"2024-05-24T14:19:33+00:00\",\"dateModified\":\"2025-03-11T15:07:05+00:00\",\"description\":\"Kaufen Sie Ihre Silikonperlen in Form einer halben Blume \\\/ eines G\u00e4nsebl\u00fcmchens hier. In der Farbe Peach Nude. Kaufen Sie bei Jootjes, Ihrem Hobby-Gro\u00dfh\u00e4ndler.\",\"breadcrumb\":{\"@id\":\"https:\\\/\\\/www.jootjeshaakcadeautjes.nl\\\/de\\\/produkt\\\/silikon-perlen-halbe-aisie-blume-pfirsich-nackt\\\/#breadcrumb\"},\"inLanguage\":\"de\",\"potentialAction\":[{\"@type\":\"ReadAction\",\"target\":[\"https:\\\/\\\/www.jootjeshaakcadeautjes.nl\\\/de\\\/produkt\\\/silikon-perlen-halbe-aisie-blume-pfirsich-nackt\\\/\"]}]},{\"@type\":\"ImageObject\",\"inLanguage\":\"de\",\"@id\":\"https:\\\/\\\/www.jootjeshaakcadeautjes.nl\\\/de\\\/produkt\\\/silikon-perlen-halbe-aisie-blume-pfirsich-nackt\\\/#primaryimage\",\"url\":\"https:\\\/\\\/d1dyryakdmle7o.cloudfront.net\\\/wp-content\\\/uploads\\\/2024\\\/05\\\/20240523_225906.jpg\",\"contentUrl\":\"https:\\\/\\\/d1dyryakdmle7o.cloudfront.net\\\/wp-content\\\/uploads\\\/2024\\\/05\\\/20240523_225906.jpg\",\"width\":2048,\"height\":2048},{\"@type\":\"BreadcrumbList\",\"@id\":\"https:\\\/\\\/www.jootjeshaakcadeautjes.nl\\\/de\\\/produkt\\\/silikon-perlen-halbe-aisie-blume-pfirsich-nackt\\\/#breadcrumb\",\"itemListElement\":[{\"@type\":\"ListItem\",\"position\":1,\"name\":\"Startseite\",\"item\":\"https:\\\/\\\/www.jootjeshaakcadeautjes.nl\\\/de\\\/\"},{\"@type\":\"ListItem\",\"position\":2,\"name\":\"Gro\u00dfhandel mit Silikonperlen &#8211; Business und Consumer\",\"item\":\"https:\\\/\\\/www.jootjeshaakcadeautjes.nl\\\/de\\\/shop\\\/\"},{\"@type\":\"ListItem\",\"position\":3,\"name\":\"Silikonperlen &#8211; Halb G\u00e4nsebl\u00fcmchen\\\/Blume &#8211; Pfirsich Nackt\"}]},{\"@type\":\"WebSite\",\"@id\":\"https:\\\/\\\/www.jootjeshaakcadeautjes.nl\\\/de\\\/#website\",\"url\":\"https:\\\/\\\/www.jootjeshaakcadeautjes.nl\\\/de\\\/\",\"name\":\"Jootjes Haakcadeautjes\",\"description\":\"Silikonperlen Gro\u00dfhandel \",\"publisher\":{\"@id\":\"https:\\\/\\\/www.jootjeshaakcadeautjes.nl\\\/de\\\/#organization\"},\"potentialAction\":[{\"@type\":\"SearchAction\",\"target\":{\"@type\":\"EntryPoint\",\"urlTemplate\":\"https:\\\/\\\/www.jootjeshaakcadeautjes.nl\\\/de\\\/?s={search_term_string}\"},\"query-input\":{\"@type\":\"PropertyValueSpecification\",\"valueRequired\":true,\"valueName\":\"search_term_string\"}}],\"inLanguage\":\"de\"},{\"@type\":\"Organization\",\"@id\":\"https:\\\/\\\/www.jootjeshaakcadeautjes.nl\\\/de\\\/#organization\",\"name\":\"Jootjes Haakcadeautjes\",\"url\":\"https:\\\/\\\/www.jootjeshaakcadeautjes.nl\\\/de\\\/\",\"logo\":{\"@type\":\"ImageObject\",\"inLanguage\":\"de\",\"@id\":\"https:\\\/\\\/www.jootjeshaakcadeautjes.nl\\\/de\\\/#\\\/schema\\\/logo\\\/image\\\/\",\"url\":\"https:\\\/\\\/d1dyryakdmle7o.cloudfront.net\\\/wp-content\\\/uploads\\\/2023\\\/05\\\/Logo-rond.png\",\"contentUrl\":\"https:\\\/\\\/d1dyryakdmle7o.cloudfront.net\\\/wp-content\\\/uploads\\\/2023\\\/05\\\/Logo-rond.png\",\"width\":1222,\"height\":1222,\"caption\":\"Jootjes Haakcadeautjes\"},\"image\":{\"@id\":\"https:\\\/\\\/www.jootjeshaakcadeautjes.nl\\\/de\\\/#\\\/schema\\\/logo\\\/image\\\/\"}}]}<\/script>\n<meta property=\"product:price:amount\" content=\"0.85\" \/>\n<meta property=\"product:price:currency\" content=\"EUR\" \/>\n<meta property=\"og:availability\" content=\"instock\" \/>\n<meta property=\"product:availability\" content=\"instock\" \/>\n<meta property=\"product:retailer_item_id\" content=\"SKR-HLFD-PEN\" \/>\n<meta property=\"product:condition\" content=\"new\" \/>\n<!-- \/ Yoast SEO Premium plugin. -->","yoast_head_json":{"title":"Silikonperlen - Halb G\u00e4nsebl\u00fcmchen\/Blume - Pfirsich Nackt -","description":"Kaufen Sie Ihre Silikonperlen in Form einer halben Blume \/ eines G\u00e4nsebl\u00fcmchens hier. In der Farbe Peach Nude. Kaufen Sie bei Jootjes, Ihrem Hobby-Gro\u00dfh\u00e4ndler.","robots":{"index":"index","follow":"follow","max-snippet":"max-snippet:-1","max-image-preview":"max-image-preview:large","max-video-preview":"max-video-preview:-1"},"canonical":"https:\/\/www.jootjeshaakcadeautjes.nl\/de\/produkt\/silikon-perlen-halbe-aisie-blume-pfirsich-nackt\/","og_locale":"de_DE","og_type":"article","og_title":"Silikonperlen - Halb G\u00e4nsebl\u00fcmchen\/Blume - Pfirsich Nackt","og_description":"Kaufen Sie Ihre Silikonperlen in Form einer halben Blume \/ eines G\u00e4nsebl\u00fcmchens hier. In der Farbe Peach Nude. Kaufen Sie bei Jootjes, Ihrem Hobby-Gro\u00dfh\u00e4ndler.","og_url":"https:\/\/www.jootjeshaakcadeautjes.nl\/de\/produkt\/silikon-perlen-halbe-aisie-blume-pfirsich-nackt\/","og_site_name":"Jootjes Haakcadeautjes","article_modified_time":"2025-03-11T15:07:05+00:00","og_image":[{"width":2048,"height":2048,"url":"https:\/\/www.jootjeshaakcadeautjes.nl\/wp-content\/uploads\/2024\/05\/20240523_225906.jpg","type":"image\/jpeg"}],"twitter_card":"summary_large_image","twitter_misc":{"Preis":"&euro;0.85 inkl. MwSt.","Verf\u00fcgbarkeit":"Auf Lager"},"schema":{"@context":"https:\/\/schema.org","@graph":[{"@type":"WebPage","@id":"https:\/\/www.jootjeshaakcadeautjes.nl\/de\/produkt\/silikon-perlen-halbe-aisie-blume-pfirsich-nackt\/","url":"https:\/\/www.jootjeshaakcadeautjes.nl\/de\/produkt\/silikon-perlen-halbe-aisie-blume-pfirsich-nackt\/","name":"Silikonperlen - Halb G\u00e4nsebl\u00fcmchen\/Blume - Pfirsich Nackt -","isPartOf":{"@id":"https:\/\/www.jootjeshaakcadeautjes.nl\/de\/#website"},"primaryImageOfPage":{"@id":"https:\/\/www.jootjeshaakcadeautjes.nl\/de\/produkt\/silikon-perlen-halbe-aisie-blume-pfirsich-nackt\/#primaryimage"},"image":{"@id":"https:\/\/www.jootjeshaakcadeautjes.nl\/de\/produkt\/silikon-perlen-halbe-aisie-blume-pfirsich-nackt\/#primaryimage"},"thumbnailUrl":"https:\/\/d1dyryakdmle7o.cloudfront.net\/wp-content\/uploads\/2024\/05\/20240523_225906.jpg","datePublished":"2024-05-24T14:19:33+00:00","dateModified":"2025-03-11T15:07:05+00:00","description":"Kaufen Sie Ihre Silikonperlen in Form einer halben Blume \/ eines G\u00e4nsebl\u00fcmchens hier. In der Farbe Peach Nude. Kaufen Sie bei Jootjes, Ihrem Hobby-Gro\u00dfh\u00e4ndler.","breadcrumb":{"@id":"https:\/\/www.jootjeshaakcadeautjes.nl\/de\/produkt\/silikon-perlen-halbe-aisie-blume-pfirsich-nackt\/#breadcrumb"},"inLanguage":"de","potentialAction":[{"@type":"ReadAction","target":["https:\/\/www.jootjeshaakcadeautjes.nl\/de\/produkt\/silikon-perlen-halbe-aisie-blume-pfirsich-nackt\/"]}]},{"@type":"ImageObject","inLanguage":"de","@id":"https:\/\/www.jootjeshaakcadeautjes.nl\/de\/produkt\/silikon-perlen-halbe-aisie-blume-pfirsich-nackt\/#primaryimage","url":"https:\/\/d1dyryakdmle7o.cloudfront.net\/wp-content\/uploads\/2024\/05\/20240523_225906.jpg","contentUrl":"https:\/\/d1dyryakdmle7o.cloudfront.net\/wp-content\/uploads\/2024\/05\/20240523_225906.jpg","width":2048,"height":2048},{"@type":"BreadcrumbList","@id":"https:\/\/www.jootjeshaakcadeautjes.nl\/de\/produkt\/silikon-perlen-halbe-aisie-blume-pfirsich-nackt\/#breadcrumb","itemListElement":[{"@type":"ListItem","position":1,"name":"Startseite","item":"https:\/\/www.jootjeshaakcadeautjes.nl\/de\/"},{"@type":"ListItem","position":2,"name":"Gro\u00dfhandel mit Silikonperlen &#8211; Business und Consumer","item":"https:\/\/www.jootjeshaakcadeautjes.nl\/de\/shop\/"},{"@type":"ListItem","position":3,"name":"Silikonperlen &#8211; Halb G\u00e4nsebl\u00fcmchen\/Blume &#8211; Pfirsich Nackt"}]},{"@type":"WebSite","@id":"https:\/\/www.jootjeshaakcadeautjes.nl\/de\/#website","url":"https:\/\/www.jootjeshaakcadeautjes.nl\/de\/","name":"Jootjes Haakcadeautjes","description":"Silikonperlen Gro\u00dfhandel ","publisher":{"@id":"https:\/\/www.jootjeshaakcadeautjes.nl\/de\/#organization"},"potentialAction":[{"@type":"SearchAction","target":{"@type":"EntryPoint","urlTemplate":"https:\/\/www.jootjeshaakcadeautjes.nl\/de\/?s={search_term_string}"},"query-input":{"@type":"PropertyValueSpecification","valueRequired":true,"valueName":"search_term_string"}}],"inLanguage":"de"},{"@type":"Organization","@id":"https:\/\/www.jootjeshaakcadeautjes.nl\/de\/#organization","name":"Jootjes Haakcadeautjes","url":"https:\/\/www.jootjeshaakcadeautjes.nl\/de\/","logo":{"@type":"ImageObject","inLanguage":"de","@id":"https:\/\/www.jootjeshaakcadeautjes.nl\/de\/#\/schema\/logo\/image\/","url":"https:\/\/d1dyryakdmle7o.cloudfront.net\/wp-content\/uploads\/2023\/05\/Logo-rond.png","contentUrl":"https:\/\/d1dyryakdmle7o.cloudfront.net\/wp-content\/uploads\/2023\/05\/Logo-rond.png","width":1222,"height":1222,"caption":"Jootjes Haakcadeautjes"},"image":{"@id":"https:\/\/www.jootjeshaakcadeautjes.nl\/de\/#\/schema\/logo\/image\/"}}]},"product_price_amount":"0.85","product_price_currency":"EUR","og_availability":"instock","product_availability":"instock","product_retailer_item_id":"SKR-HLFD-PEN","product_condition":"new"},"_links":{"self":[{"href":"https:\/\/www.jootjeshaakcadeautjes.nl\/de\/wp-json\/wp\/v2\/product\/151736","targetHints":{"allow":["GET"]}}],"collection":[{"href":"https:\/\/www.jootjeshaakcadeautjes.nl\/de\/wp-json\/wp\/v2\/product"}],"about":[{"href":"https:\/\/www.jootjeshaakcadeautjes.nl\/de\/wp-json\/wp\/v2\/types\/product"}],"version-history":[{"count":0,"href":"https:\/\/www.jootjeshaakcadeautjes.nl\/de\/wp-json\/wp\/v2\/product\/151736\/revisions"}],"wp:featuredmedia":[{"embeddable":true,"href":"https:\/\/www.jootjeshaakcadeautjes.nl\/de\/wp-json\/wp\/v2\/media\/149551"}],"wp:attachment":[{"href":"https:\/\/www.jootjeshaakcadeautjes.nl\/de\/wp-json\/wp\/v2\/media?parent=151736"}],"wp:term":[{"taxonomy":"product_brand","embeddable":true,"href":"https:\/\/www.jootjeshaakcadeautjes.nl\/de\/wp-json\/wp\/v2\/product_brand?post=151736"},{"taxonomy":"product_cat","embeddable":true,"href":"https:\/\/www.jootjeshaakcadeautjes.nl\/de\/wp-json\/wp\/v2\/product_cat?post=151736"},{"taxonomy":"product_tag","embeddable":true,"href":"https:\/\/www.jootjeshaakcadeautjes.nl\/de\/wp-json\/wp\/v2\/product_tag?post=151736"}],"curies":[{"name":"wp","href":"https:\/\/api.w.org\/{rel}","templated":true}]}}