{"id":159986,"date":"2024-09-09T17:27:35","date_gmt":"2024-08-22T15:25:10","guid":{"rendered":"https:\/\/www.jootjeshaakcadeautjes.nl\/?post_type=product&#038;p=159986"},"modified":"2026-01-22T15:36:54","modified_gmt":"2026-01-22T14:36:54","slug":"pompon-schmelzrusche-30-mm-weich-rosa-baby-rosa","status":"publish","type":"product","link":"https:\/\/www.jootjeshaakcadeautjes.nl\/de\/produkt\/pompon-schmelzrusche-30-mm-weich-rosa-baby-rosa\/","title":{"rendered":"Bommel gemischte R\u00fcschen 30 mm &#8211; Soft Pink\/Baby Pink"},"content":{"rendered":"<h2>Bommel gemischte R\u00fcschen 30 mm &#8211; Soft Pink\/Baby Pink<\/h2>\n<p>  Material: Synthetik, R\u00fcschen Gr\u00f6\u00dfe: 30 mm Farbe: Soft Pink\/Baby Pink Diese Pompons haben eine perfekte Gr\u00f6\u00dfe f\u00fcr die Unterseite eines Schl\u00fcsselanh\u00e4ngers. Diese Pompons werden in Schl\u00fcsselanh\u00e4ngern oft mit Luxusperlen wie z. B. unseren gravierten Perlen oder Gl\u00fcckspuppen aus Holz\/Silizium kombiniert.<\/p>\n","protected":false},"excerpt":{"rendered":"<p>Material Pompon: Synthetik, R\u00fcschen Farbe: Soft Pink\/Baby Pink Gr\u00f6\u00dfe: 30 mm F\u00fcr Schl\u00fcsselanh\u00e4nger und mehr.<\/p>\n","protected":false},"featured_media":163513,"template":"","meta":[],"product_brand":[],"product_cat":[8247,9041],"product_tag":[7993,8589,14805,7385,9046,14994,8008,8519,7208,7464,7416,7196,7397,7199,9043,8004,7444,7211,7425,8006,8216],"class_list":{"0":"post-159986","1":"product","2":"type-product","3":"status-publish","4":"has-post-thumbnail","6":"product_cat-bastelmaterial-hakelzubehor","7":"product_cat-pompons-fur-schlusselanhanger","8":"product_tag-30-de","9":"product_tag-30-mm-de","10":"product_tag-baby-rosa","11":"product_tag-beisring","12":"product_tag-gekrauselt","13":"product_tag-gemischt","14":"product_tag-gluck-de","15":"product_tag-gluckspuppe-de-2","16":"product_tag-gluckspuppe","17":"product_tag-groshandel","18":"product_tag-gummischnur","19":"product_tag-holz","20":"product_tag-mm-de","21":"product_tag-perlen","22":"product_tag-pompon-de","23":"product_tag-puppe","24":"product_tag-schlusselanhanger","25":"product_tag-silikon","26":"product_tag-stift","27":"product_tag-von","28":"product_tag-zartes-rosa","30":"first","31":"instock","32":"taxable","33":"shipping-taxable","34":"purchasable","35":"product-type-simple"},"bundled_by":[],"bundle_stock_status":"instock","bundle_stock_quantity":33,"bundle_virtual":false,"bundle_layout":"","bundle_add_to_cart_form_location":"","bundle_editable_in_cart":false,"bundle_sold_individually_context":"","bundle_item_grouping":"","bundle_min_size":"","bundle_max_size":"","bundle_price":[],"bundled_items":[],"bundle_sell_ids":[],"yoast_head":"<!-- This site is optimized with the Yoast SEO Premium plugin v27.6 (Yoast SEO v27.6) - https:\/\/yoast.com\/product\/yoast-seo-premium-wordpress\/ -->\n<title>Bommel gemischte R\u00fcschen 30 mm - Soft Pink\/Baby Pink -<\/title>\n<meta name=\"description\" content=\"Pompon Gemischte R\u00fcschen Soft Pink\/Baby Pink 30 mm. Wird h\u00e4ufig f\u00fcr Schl\u00fcsselanh\u00e4nger und mehr verwendet. Von Jootjes.co.uk\" \/>\n<meta name=\"robots\" content=\"index, follow, max-snippet:-1, max-image-preview:large, max-video-preview:-1\" \/>\n<link rel=\"canonical\" href=\"https:\/\/www.jootjeshaakcadeautjes.nl\/de\/produkt\/pompon-schmelzrusche-30-mm-weich-rosa-baby-rosa\/\" \/>\n<meta property=\"og:locale\" content=\"de_DE\" \/>\n<meta property=\"og:type\" content=\"article\" \/>\n<meta property=\"og:title\" content=\"Bommel gemischte R\u00fcschen 30 mm - Soft Pink\/Baby Pink\" \/>\n<meta property=\"og:description\" content=\"Pompon Gemischte R\u00fcschen Soft Pink\/Baby Pink 30 mm. Wird h\u00e4ufig f\u00fcr Schl\u00fcsselanh\u00e4nger und mehr verwendet. Von Jootjes.co.uk\" \/>\n<meta property=\"og:url\" content=\"https:\/\/www.jootjeshaakcadeautjes.nl\/de\/produkt\/pompon-schmelzrusche-30-mm-weich-rosa-baby-rosa\/\" \/>\n<meta property=\"og:site_name\" content=\"Jootjes Haakcadeautjes\" \/>\n<meta property=\"article:modified_time\" content=\"2026-01-22T14:36:54+00:00\" \/>\n<meta property=\"og:image\" content=\"https:\/\/www.jootjeshaakcadeautjes.nl\/wp-content\/uploads\/2024\/09\/Naamloos-330.webp\" \/>\n\t<meta property=\"og:image:width\" content=\"2048\" \/>\n\t<meta property=\"og:image:height\" content=\"2048\" \/>\n\t<meta property=\"og:image:type\" content=\"image\/webp\" \/>\n<meta name=\"twitter:card\" content=\"summary_large_image\" \/>\n<meta name=\"twitter:label1\" content=\"Preis\" \/>\n\t<meta name=\"twitter:data1\" content=\"&euro;0.42 inkl. MwSt.\" \/>\n\t<meta name=\"twitter:label2\" content=\"Verf\u00fcgbarkeit\" \/>\n\t<meta name=\"twitter:data2\" content=\"Auf Lager\" \/>\n<script type=\"application\/ld+json\" class=\"yoast-schema-graph\">{\"@context\":\"https:\\\/\\\/schema.org\",\"@graph\":[{\"@type\":\"WebPage\",\"@id\":\"https:\\\/\\\/www.jootjeshaakcadeautjes.nl\\\/de\\\/produkt\\\/pompon-schmelzrusche-30-mm-weich-rosa-baby-rosa\\\/\",\"url\":\"https:\\\/\\\/www.jootjeshaakcadeautjes.nl\\\/de\\\/produkt\\\/pompon-schmelzrusche-30-mm-weich-rosa-baby-rosa\\\/\",\"name\":\"Bommel gemischte R\u00fcschen 30 mm - Soft Pink\\\/Baby Pink -\",\"isPartOf\":{\"@id\":\"https:\\\/\\\/www.jootjeshaakcadeautjes.nl\\\/de\\\/#website\"},\"primaryImageOfPage\":{\"@id\":\"https:\\\/\\\/www.jootjeshaakcadeautjes.nl\\\/de\\\/produkt\\\/pompon-schmelzrusche-30-mm-weich-rosa-baby-rosa\\\/#primaryimage\"},\"image\":{\"@id\":\"https:\\\/\\\/www.jootjeshaakcadeautjes.nl\\\/de\\\/produkt\\\/pompon-schmelzrusche-30-mm-weich-rosa-baby-rosa\\\/#primaryimage\"},\"thumbnailUrl\":\"https:\\\/\\\/d1dyryakdmle7o.cloudfront.net\\\/wp-content\\\/uploads\\\/2024\\\/09\\\/Naamloos-330.webp\",\"datePublished\":\"2024-08-22T15:25:10+00:00\",\"dateModified\":\"2026-01-22T14:36:54+00:00\",\"description\":\"Pompon Gemischte R\u00fcschen Soft Pink\\\/Baby Pink 30 mm. Wird h\u00e4ufig f\u00fcr Schl\u00fcsselanh\u00e4nger und mehr verwendet. Von Jootjes.co.uk\",\"breadcrumb\":{\"@id\":\"https:\\\/\\\/www.jootjeshaakcadeautjes.nl\\\/de\\\/produkt\\\/pompon-schmelzrusche-30-mm-weich-rosa-baby-rosa\\\/#breadcrumb\"},\"inLanguage\":\"de\",\"potentialAction\":[{\"@type\":\"ReadAction\",\"target\":[\"https:\\\/\\\/www.jootjeshaakcadeautjes.nl\\\/de\\\/produkt\\\/pompon-schmelzrusche-30-mm-weich-rosa-baby-rosa\\\/\"]}]},{\"@type\":\"ImageObject\",\"inLanguage\":\"de\",\"@id\":\"https:\\\/\\\/www.jootjeshaakcadeautjes.nl\\\/de\\\/produkt\\\/pompon-schmelzrusche-30-mm-weich-rosa-baby-rosa\\\/#primaryimage\",\"url\":\"https:\\\/\\\/d1dyryakdmle7o.cloudfront.net\\\/wp-content\\\/uploads\\\/2024\\\/09\\\/Naamloos-330.webp\",\"contentUrl\":\"https:\\\/\\\/d1dyryakdmle7o.cloudfront.net\\\/wp-content\\\/uploads\\\/2024\\\/09\\\/Naamloos-330.webp\",\"width\":2048,\"height\":2048},{\"@type\":\"BreadcrumbList\",\"@id\":\"https:\\\/\\\/www.jootjeshaakcadeautjes.nl\\\/de\\\/produkt\\\/pompon-schmelzrusche-30-mm-weich-rosa-baby-rosa\\\/#breadcrumb\",\"itemListElement\":[{\"@type\":\"ListItem\",\"position\":1,\"name\":\"Startseite\",\"item\":\"https:\\\/\\\/www.jootjeshaakcadeautjes.nl\\\/de\\\/\"},{\"@type\":\"ListItem\",\"position\":2,\"name\":\"Gro\u00dfhandel mit Silikonperlen &#8211; Business und Consumer\",\"item\":\"https:\\\/\\\/www.jootjeshaakcadeautjes.nl\\\/de\\\/shop\\\/\"},{\"@type\":\"ListItem\",\"position\":3,\"name\":\"Bommel gemischte R\u00fcschen 30 mm &#8211; Soft Pink\\\/Baby Pink\"}]},{\"@type\":\"WebSite\",\"@id\":\"https:\\\/\\\/www.jootjeshaakcadeautjes.nl\\\/de\\\/#website\",\"url\":\"https:\\\/\\\/www.jootjeshaakcadeautjes.nl\\\/de\\\/\",\"name\":\"Jootjes Haakcadeautjes\",\"description\":\"Silikonperlen Gro\u00dfhandel \",\"publisher\":{\"@id\":\"https:\\\/\\\/www.jootjeshaakcadeautjes.nl\\\/de\\\/#organization\"},\"potentialAction\":[{\"@type\":\"SearchAction\",\"target\":{\"@type\":\"EntryPoint\",\"urlTemplate\":\"https:\\\/\\\/www.jootjeshaakcadeautjes.nl\\\/de\\\/?s={search_term_string}\"},\"query-input\":{\"@type\":\"PropertyValueSpecification\",\"valueRequired\":true,\"valueName\":\"search_term_string\"}}],\"inLanguage\":\"de\"},{\"@type\":\"Organization\",\"@id\":\"https:\\\/\\\/www.jootjeshaakcadeautjes.nl\\\/de\\\/#organization\",\"name\":\"Jootjes Haakcadeautjes\",\"url\":\"https:\\\/\\\/www.jootjeshaakcadeautjes.nl\\\/de\\\/\",\"logo\":{\"@type\":\"ImageObject\",\"inLanguage\":\"de\",\"@id\":\"https:\\\/\\\/www.jootjeshaakcadeautjes.nl\\\/de\\\/#\\\/schema\\\/logo\\\/image\\\/\",\"url\":\"https:\\\/\\\/d1dyryakdmle7o.cloudfront.net\\\/wp-content\\\/uploads\\\/2023\\\/05\\\/Logo-rond.png\",\"contentUrl\":\"https:\\\/\\\/d1dyryakdmle7o.cloudfront.net\\\/wp-content\\\/uploads\\\/2023\\\/05\\\/Logo-rond.png\",\"width\":1222,\"height\":1222,\"caption\":\"Jootjes Haakcadeautjes\"},\"image\":{\"@id\":\"https:\\\/\\\/www.jootjeshaakcadeautjes.nl\\\/de\\\/#\\\/schema\\\/logo\\\/image\\\/\"}}]}<\/script>\n<meta property=\"product:price:amount\" content=\"0.42\" \/>\n<meta property=\"product:price:currency\" content=\"EUR\" \/>\n<meta property=\"og:availability\" content=\"instock\" \/>\n<meta property=\"product:availability\" content=\"instock\" \/>\n<meta property=\"product:retailer_item_id\" content=\"POM-GEM-ZRBR\" \/>\n<meta property=\"product:condition\" content=\"new\" \/>\n<!-- \/ Yoast SEO Premium plugin. -->","yoast_head_json":{"title":"Bommel gemischte R\u00fcschen 30 mm - Soft Pink\/Baby Pink -","description":"Pompon Gemischte R\u00fcschen Soft Pink\/Baby Pink 30 mm. Wird h\u00e4ufig f\u00fcr Schl\u00fcsselanh\u00e4nger und mehr verwendet. Von Jootjes.co.uk","robots":{"index":"index","follow":"follow","max-snippet":"max-snippet:-1","max-image-preview":"max-image-preview:large","max-video-preview":"max-video-preview:-1"},"canonical":"https:\/\/www.jootjeshaakcadeautjes.nl\/de\/produkt\/pompon-schmelzrusche-30-mm-weich-rosa-baby-rosa\/","og_locale":"de_DE","og_type":"article","og_title":"Bommel gemischte R\u00fcschen 30 mm - Soft Pink\/Baby Pink","og_description":"Pompon Gemischte R\u00fcschen Soft Pink\/Baby Pink 30 mm. Wird h\u00e4ufig f\u00fcr Schl\u00fcsselanh\u00e4nger und mehr verwendet. Von Jootjes.co.uk","og_url":"https:\/\/www.jootjeshaakcadeautjes.nl\/de\/produkt\/pompon-schmelzrusche-30-mm-weich-rosa-baby-rosa\/","og_site_name":"Jootjes Haakcadeautjes","article_modified_time":"2026-01-22T14:36:54+00:00","og_image":[{"width":2048,"height":2048,"url":"https:\/\/www.jootjeshaakcadeautjes.nl\/wp-content\/uploads\/2024\/09\/Naamloos-330.webp","type":"image\/webp"}],"twitter_card":"summary_large_image","twitter_misc":{"Preis":"&euro;0.42 inkl. MwSt.","Verf\u00fcgbarkeit":"Auf Lager"},"schema":{"@context":"https:\/\/schema.org","@graph":[{"@type":"WebPage","@id":"https:\/\/www.jootjeshaakcadeautjes.nl\/de\/produkt\/pompon-schmelzrusche-30-mm-weich-rosa-baby-rosa\/","url":"https:\/\/www.jootjeshaakcadeautjes.nl\/de\/produkt\/pompon-schmelzrusche-30-mm-weich-rosa-baby-rosa\/","name":"Bommel gemischte R\u00fcschen 30 mm - Soft Pink\/Baby Pink -","isPartOf":{"@id":"https:\/\/www.jootjeshaakcadeautjes.nl\/de\/#website"},"primaryImageOfPage":{"@id":"https:\/\/www.jootjeshaakcadeautjes.nl\/de\/produkt\/pompon-schmelzrusche-30-mm-weich-rosa-baby-rosa\/#primaryimage"},"image":{"@id":"https:\/\/www.jootjeshaakcadeautjes.nl\/de\/produkt\/pompon-schmelzrusche-30-mm-weich-rosa-baby-rosa\/#primaryimage"},"thumbnailUrl":"https:\/\/d1dyryakdmle7o.cloudfront.net\/wp-content\/uploads\/2024\/09\/Naamloos-330.webp","datePublished":"2024-08-22T15:25:10+00:00","dateModified":"2026-01-22T14:36:54+00:00","description":"Pompon Gemischte R\u00fcschen Soft Pink\/Baby Pink 30 mm. Wird h\u00e4ufig f\u00fcr Schl\u00fcsselanh\u00e4nger und mehr verwendet. Von Jootjes.co.uk","breadcrumb":{"@id":"https:\/\/www.jootjeshaakcadeautjes.nl\/de\/produkt\/pompon-schmelzrusche-30-mm-weich-rosa-baby-rosa\/#breadcrumb"},"inLanguage":"de","potentialAction":[{"@type":"ReadAction","target":["https:\/\/www.jootjeshaakcadeautjes.nl\/de\/produkt\/pompon-schmelzrusche-30-mm-weich-rosa-baby-rosa\/"]}]},{"@type":"ImageObject","inLanguage":"de","@id":"https:\/\/www.jootjeshaakcadeautjes.nl\/de\/produkt\/pompon-schmelzrusche-30-mm-weich-rosa-baby-rosa\/#primaryimage","url":"https:\/\/d1dyryakdmle7o.cloudfront.net\/wp-content\/uploads\/2024\/09\/Naamloos-330.webp","contentUrl":"https:\/\/d1dyryakdmle7o.cloudfront.net\/wp-content\/uploads\/2024\/09\/Naamloos-330.webp","width":2048,"height":2048},{"@type":"BreadcrumbList","@id":"https:\/\/www.jootjeshaakcadeautjes.nl\/de\/produkt\/pompon-schmelzrusche-30-mm-weich-rosa-baby-rosa\/#breadcrumb","itemListElement":[{"@type":"ListItem","position":1,"name":"Startseite","item":"https:\/\/www.jootjeshaakcadeautjes.nl\/de\/"},{"@type":"ListItem","position":2,"name":"Gro\u00dfhandel mit Silikonperlen &#8211; Business und Consumer","item":"https:\/\/www.jootjeshaakcadeautjes.nl\/de\/shop\/"},{"@type":"ListItem","position":3,"name":"Bommel gemischte R\u00fcschen 30 mm &#8211; Soft Pink\/Baby Pink"}]},{"@type":"WebSite","@id":"https:\/\/www.jootjeshaakcadeautjes.nl\/de\/#website","url":"https:\/\/www.jootjeshaakcadeautjes.nl\/de\/","name":"Jootjes Haakcadeautjes","description":"Silikonperlen Gro\u00dfhandel ","publisher":{"@id":"https:\/\/www.jootjeshaakcadeautjes.nl\/de\/#organization"},"potentialAction":[{"@type":"SearchAction","target":{"@type":"EntryPoint","urlTemplate":"https:\/\/www.jootjeshaakcadeautjes.nl\/de\/?s={search_term_string}"},"query-input":{"@type":"PropertyValueSpecification","valueRequired":true,"valueName":"search_term_string"}}],"inLanguage":"de"},{"@type":"Organization","@id":"https:\/\/www.jootjeshaakcadeautjes.nl\/de\/#organization","name":"Jootjes Haakcadeautjes","url":"https:\/\/www.jootjeshaakcadeautjes.nl\/de\/","logo":{"@type":"ImageObject","inLanguage":"de","@id":"https:\/\/www.jootjeshaakcadeautjes.nl\/de\/#\/schema\/logo\/image\/","url":"https:\/\/d1dyryakdmle7o.cloudfront.net\/wp-content\/uploads\/2023\/05\/Logo-rond.png","contentUrl":"https:\/\/d1dyryakdmle7o.cloudfront.net\/wp-content\/uploads\/2023\/05\/Logo-rond.png","width":1222,"height":1222,"caption":"Jootjes Haakcadeautjes"},"image":{"@id":"https:\/\/www.jootjeshaakcadeautjes.nl\/de\/#\/schema\/logo\/image\/"}}]},"product_price_amount":"0.42","product_price_currency":"EUR","og_availability":"instock","product_availability":"instock","product_retailer_item_id":"POM-GEM-ZRBR","product_condition":"new"},"_links":{"self":[{"href":"https:\/\/www.jootjeshaakcadeautjes.nl\/de\/wp-json\/wp\/v2\/product\/159986","targetHints":{"allow":["GET"]}}],"collection":[{"href":"https:\/\/www.jootjeshaakcadeautjes.nl\/de\/wp-json\/wp\/v2\/product"}],"about":[{"href":"https:\/\/www.jootjeshaakcadeautjes.nl\/de\/wp-json\/wp\/v2\/types\/product"}],"version-history":[{"count":0,"href":"https:\/\/www.jootjeshaakcadeautjes.nl\/de\/wp-json\/wp\/v2\/product\/159986\/revisions"}],"wp:featuredmedia":[{"embeddable":true,"href":"https:\/\/www.jootjeshaakcadeautjes.nl\/de\/wp-json\/wp\/v2\/media\/163513"}],"wp:attachment":[{"href":"https:\/\/www.jootjeshaakcadeautjes.nl\/de\/wp-json\/wp\/v2\/media?parent=159986"}],"wp:term":[{"taxonomy":"product_brand","embeddable":true,"href":"https:\/\/www.jootjeshaakcadeautjes.nl\/de\/wp-json\/wp\/v2\/product_brand?post=159986"},{"taxonomy":"product_cat","embeddable":true,"href":"https:\/\/www.jootjeshaakcadeautjes.nl\/de\/wp-json\/wp\/v2\/product_cat?post=159986"},{"taxonomy":"product_tag","embeddable":true,"href":"https:\/\/www.jootjeshaakcadeautjes.nl\/de\/wp-json\/wp\/v2\/product_tag?post=159986"}],"curies":[{"name":"wp","href":"https:\/\/api.w.org\/{rel}","templated":true}]}}