{"id":160874,"date":"2024-10-27T01:15:27","date_gmt":"2024-10-26T23:15:27","guid":{"rendered":"https:\/\/www.jootjeshaakcadeautjes.nl\/?post_type=product&#038;p=160874"},"modified":"2025-03-11T05:32:33","modified_gmt":"2025-03-11T04:32:33","slug":"acryl-konijn-35x18x18-mm-warm-perzik-roze","status":"publish","type":"product","link":"https:\/\/www.jootjeshaakcadeautjes.nl\/de\/produkt\/acryl-konijn-35x18x18-mm-warm-perzik-roze\/","title":{"rendered":"Acryl Kaninchen &#8211; 35x18x18 MM &#8211; Warmes Pfirsichrosa"},"content":{"rendered":"<h3>Acryl Kaninchen &#8211; 35x18x18 MM &#8211; Warmes Pfirsichrosa<\/h3>\n<p>  Material: Acryl Typ: Acrylkaninchen Bitte beachten Sie! Geeignet f\u00fcr die Verwendung in Schl\u00fcsselanh\u00e4ngern, aber nicht f\u00fcr Bei\u00dfringe, Schnuller oder andere Babyprodukte, da sich die Steine l\u00f6sen k\u00f6nnten. Acrylkugeln wie diese bestehen auch nicht die chemischen und mechanischen Tests nach EN-71, die f\u00fcr die Sicherheit dieser Produkte f\u00fcr S\u00e4uglinge erforderlich sind.<\/p>\n","protected":false},"excerpt":{"rendered":"<p>Farbe: Kaninchen &#8211; 35x18x18 MM &#8211; Warm Peach Pink Material: Acryl Typ: Kaninchen &#8211; 35x18x18 MM &#8211; Warm Peach Pink Geeignet f\u00fcr Schl\u00fcsselanh\u00e4nger und zur Verwendung mit <a href=\"https:\/\/www.jootjeshaakcadeautjes.nl\/product-categorie\/siliconen-kralen-bpa-vrij-groothandel\/siliconen-kralen-multicolor-luxekralen-alles\/siliconen-kralen-gelukspoppetjes-luckyjos\/\">Gl\u00fcckspuppen<\/a> <a href=\"https:\/\/www.jootjeshaakcadeautjes.nl\/product\/houten-kraal-smiley-gelukspoppetje-haken-beukenhout-20-mm\/\">aus Holz<\/a> und <a href=\"https:\/\/www.jootjeshaakcadeautjes.nl\/product-categorie\/siliconen-kralen-bpa-vrij-groothandel\/siliconen-kralen-multicolor-luxekralen-alles\/siliconen-kralen-gelukspoppetjes-luckyjos\/\">Silikon<\/a>.<\/p>\n","protected":false},"featured_media":174895,"template":"","meta":[],"product_brand":[],"product_cat":[19492,8247,8267,7889],"product_tag":[15084,8614,7205,7928,8008,7464,9143,7563,7214,7199,7229,8052,7444,15014,8162,8625,7499,15015,15087],"class_list":{"0":"post-160874","1":"product","2":"type-product","3":"status-publish","4":"has-post-thumbnail","6":"product_cat-acrylperlen-focal-beads","7":"product_cat-bastelmaterial-hakelzubehor","8":"product_cat-lucky-dolls-diy-perlen-und-zubehor","9":"product_cat-silikonperlen-und-babyzubehor-verkauf","10":"product_tag-35x18x18-mm-de","11":"product_tag-acryl-de","12":"product_tag-diy-de","13":"product_tag-einkaufen","14":"product_tag-gluck-de","15":"product_tag-groshandel","16":"product_tag-kaninchen","17":"product_tag-kaufen","18":"product_tag-machen","19":"product_tag-perlen","20":"product_tag-personalisierung","21":"product_tag-prasentiert-de","22":"product_tag-schlusselanhanger","23":"product_tag-schlusselanhanger-de-3","24":"product_tag-schlusselringe","25":"product_tag-schmuck","26":"product_tag-taschenaufhanger","27":"product_tag-telefonanschlusse","28":"product_tag-warmes-pfirsichrosa","30":"first","31":"instock","32":"sale","33":"taxable","34":"shipping-taxable","35":"purchasable","36":"product-type-simple"},"bundled_by":[],"bundle_stock_status":"instock","bundle_stock_quantity":79,"bundle_virtual":false,"bundle_layout":"","bundle_add_to_cart_form_location":"","bundle_editable_in_cart":false,"bundle_sold_individually_context":"","bundle_item_grouping":"","bundle_min_size":"","bundle_max_size":"","bundle_price":[],"bundled_items":[],"bundle_sell_ids":[],"yoast_head":"<!-- This site is optimized with the Yoast SEO Premium plugin v27.6 (Yoast SEO v27.6) - https:\/\/yoast.com\/product\/yoast-seo-premium-wordpress\/ -->\n<title>- Jootjes.NL<\/title>\n<meta name=\"description\" content=\"Acrylkaninchen - 35x18x18 MM - Warmes Pfirsichrosa zur Herstellung von Schl\u00fcsselanh\u00e4ngern mit Gl\u00fccksbringern, Schmuck und mehr. Jootjes.de\" \/>\n<meta name=\"robots\" content=\"index, follow, max-snippet:-1, max-image-preview:large, max-video-preview:-1\" \/>\n<link rel=\"canonical\" href=\"https:\/\/www.jootjeshaakcadeautjes.nl\/de\/produkt\/acryl-konijn-35x18x18-mm-warm-perzik-roze\/\" \/>\n<meta property=\"og:locale\" content=\"de_DE\" \/>\n<meta property=\"og:type\" content=\"article\" \/>\n<meta property=\"og:title\" content=\"Acryl Kaninchen - 35x18x18 MM - Warmes Pfirsichrosa\" \/>\n<meta property=\"og:description\" content=\"Acrylkaninchen - 35x18x18 MM - Warmes Pfirsichrosa zur Herstellung von Schl\u00fcsselanh\u00e4ngern mit Gl\u00fccksbringern, Schmuck und mehr. Jootjes.de\" \/>\n<meta property=\"og:url\" content=\"https:\/\/www.jootjeshaakcadeautjes.nl\/de\/produkt\/acryl-konijn-35x18x18-mm-warm-perzik-roze\/\" \/>\n<meta property=\"og:site_name\" content=\"Jootjes Haakcadeautjes\" \/>\n<meta property=\"article:modified_time\" content=\"2025-03-11T04:32:33+00:00\" \/>\n<meta property=\"og:image\" content=\"https:\/\/www.jootjeshaakcadeautjes.nl\/wp-content\/uploads\/2024\/10\/Naamloos-663.webp\" \/>\n\t<meta property=\"og:image:width\" content=\"2048\" \/>\n\t<meta property=\"og:image:height\" content=\"2048\" \/>\n\t<meta property=\"og:image:type\" content=\"image\/webp\" \/>\n<meta name=\"twitter:card\" content=\"summary_large_image\" \/>\n<meta name=\"twitter:label1\" content=\"Preis\" \/>\n\t<meta name=\"twitter:data1\" content=\"&euro;0.40 inkl. MwSt.\" \/>\n\t<meta name=\"twitter:label2\" content=\"Verf\u00fcgbarkeit\" \/>\n\t<meta name=\"twitter:data2\" content=\"Auf Lager\" \/>\n<script type=\"application\/ld+json\" class=\"yoast-schema-graph\">{\"@context\":\"https:\\\/\\\/schema.org\",\"@graph\":[{\"@type\":\"WebPage\",\"@id\":\"https:\\\/\\\/www.jootjeshaakcadeautjes.nl\\\/de\\\/produkt\\\/acryl-konijn-35x18x18-mm-warm-perzik-roze\\\/\",\"url\":\"https:\\\/\\\/www.jootjeshaakcadeautjes.nl\\\/de\\\/produkt\\\/acryl-konijn-35x18x18-mm-warm-perzik-roze\\\/\",\"name\":\"- Jootjes.NL\",\"isPartOf\":{\"@id\":\"https:\\\/\\\/www.jootjeshaakcadeautjes.nl\\\/de\\\/#website\"},\"primaryImageOfPage\":{\"@id\":\"https:\\\/\\\/www.jootjeshaakcadeautjes.nl\\\/de\\\/produkt\\\/acryl-konijn-35x18x18-mm-warm-perzik-roze\\\/#primaryimage\"},\"image\":{\"@id\":\"https:\\\/\\\/www.jootjeshaakcadeautjes.nl\\\/de\\\/produkt\\\/acryl-konijn-35x18x18-mm-warm-perzik-roze\\\/#primaryimage\"},\"thumbnailUrl\":\"https:\\\/\\\/d1dyryakdmle7o.cloudfront.net\\\/wp-content\\\/uploads\\\/2024\\\/10\\\/Naamloos-663.webp\",\"datePublished\":\"2024-10-26T23:15:27+00:00\",\"dateModified\":\"2025-03-11T04:32:33+00:00\",\"description\":\"Acrylkaninchen - 35x18x18 MM - Warmes Pfirsichrosa zur Herstellung von Schl\u00fcsselanh\u00e4ngern mit Gl\u00fccksbringern, Schmuck und mehr. Jootjes.de\",\"breadcrumb\":{\"@id\":\"https:\\\/\\\/www.jootjeshaakcadeautjes.nl\\\/de\\\/produkt\\\/acryl-konijn-35x18x18-mm-warm-perzik-roze\\\/#breadcrumb\"},\"inLanguage\":\"de\",\"potentialAction\":[{\"@type\":\"ReadAction\",\"target\":[\"https:\\\/\\\/www.jootjeshaakcadeautjes.nl\\\/de\\\/produkt\\\/acryl-konijn-35x18x18-mm-warm-perzik-roze\\\/\"]}]},{\"@type\":\"ImageObject\",\"inLanguage\":\"de\",\"@id\":\"https:\\\/\\\/www.jootjeshaakcadeautjes.nl\\\/de\\\/produkt\\\/acryl-konijn-35x18x18-mm-warm-perzik-roze\\\/#primaryimage\",\"url\":\"https:\\\/\\\/d1dyryakdmle7o.cloudfront.net\\\/wp-content\\\/uploads\\\/2024\\\/10\\\/Naamloos-663.webp\",\"contentUrl\":\"https:\\\/\\\/d1dyryakdmle7o.cloudfront.net\\\/wp-content\\\/uploads\\\/2024\\\/10\\\/Naamloos-663.webp\",\"width\":2048,\"height\":2048},{\"@type\":\"BreadcrumbList\",\"@id\":\"https:\\\/\\\/www.jootjeshaakcadeautjes.nl\\\/de\\\/produkt\\\/acryl-konijn-35x18x18-mm-warm-perzik-roze\\\/#breadcrumb\",\"itemListElement\":[{\"@type\":\"ListItem\",\"position\":1,\"name\":\"Startseite\",\"item\":\"https:\\\/\\\/www.jootjeshaakcadeautjes.nl\\\/de\\\/\"},{\"@type\":\"ListItem\",\"position\":2,\"name\":\"Gro\u00dfhandel mit Silikonperlen &#8211; Business und Consumer\",\"item\":\"https:\\\/\\\/www.jootjeshaakcadeautjes.nl\\\/de\\\/shop\\\/\"},{\"@type\":\"ListItem\",\"position\":3,\"name\":\"Acryl Kaninchen &#8211; 35x18x18 MM &#8211; Warmes Pfirsichrosa\"}]},{\"@type\":\"WebSite\",\"@id\":\"https:\\\/\\\/www.jootjeshaakcadeautjes.nl\\\/de\\\/#website\",\"url\":\"https:\\\/\\\/www.jootjeshaakcadeautjes.nl\\\/de\\\/\",\"name\":\"Jootjes Haakcadeautjes\",\"description\":\"Silikonperlen Gro\u00dfhandel \",\"publisher\":{\"@id\":\"https:\\\/\\\/www.jootjeshaakcadeautjes.nl\\\/de\\\/#organization\"},\"potentialAction\":[{\"@type\":\"SearchAction\",\"target\":{\"@type\":\"EntryPoint\",\"urlTemplate\":\"https:\\\/\\\/www.jootjeshaakcadeautjes.nl\\\/de\\\/?s={search_term_string}\"},\"query-input\":{\"@type\":\"PropertyValueSpecification\",\"valueRequired\":true,\"valueName\":\"search_term_string\"}}],\"inLanguage\":\"de\"},{\"@type\":\"Organization\",\"@id\":\"https:\\\/\\\/www.jootjeshaakcadeautjes.nl\\\/de\\\/#organization\",\"name\":\"Jootjes Haakcadeautjes\",\"url\":\"https:\\\/\\\/www.jootjeshaakcadeautjes.nl\\\/de\\\/\",\"logo\":{\"@type\":\"ImageObject\",\"inLanguage\":\"de\",\"@id\":\"https:\\\/\\\/www.jootjeshaakcadeautjes.nl\\\/de\\\/#\\\/schema\\\/logo\\\/image\\\/\",\"url\":\"https:\\\/\\\/d1dyryakdmle7o.cloudfront.net\\\/wp-content\\\/uploads\\\/2023\\\/05\\\/Logo-rond.png\",\"contentUrl\":\"https:\\\/\\\/d1dyryakdmle7o.cloudfront.net\\\/wp-content\\\/uploads\\\/2023\\\/05\\\/Logo-rond.png\",\"width\":1222,\"height\":1222,\"caption\":\"Jootjes Haakcadeautjes\"},\"image\":{\"@id\":\"https:\\\/\\\/www.jootjeshaakcadeautjes.nl\\\/de\\\/#\\\/schema\\\/logo\\\/image\\\/\"}}]}<\/script>\n<meta property=\"product:price:amount\" content=\"0.40\" \/>\n<meta property=\"product:price:currency\" content=\"EUR\" \/>\n<meta property=\"og:availability\" content=\"instock\" \/>\n<meta property=\"product:availability\" content=\"instock\" \/>\n<meta property=\"product:retailer_item_id\" content=\"ACR-KON_WPR\" \/>\n<meta property=\"product:condition\" content=\"new\" \/>\n<!-- \/ Yoast SEO Premium plugin. -->","yoast_head_json":{"title":"- Jootjes.NL","description":"Acrylkaninchen - 35x18x18 MM - Warmes Pfirsichrosa zur Herstellung von Schl\u00fcsselanh\u00e4ngern mit Gl\u00fccksbringern, Schmuck und mehr. Jootjes.de","robots":{"index":"index","follow":"follow","max-snippet":"max-snippet:-1","max-image-preview":"max-image-preview:large","max-video-preview":"max-video-preview:-1"},"canonical":"https:\/\/www.jootjeshaakcadeautjes.nl\/de\/produkt\/acryl-konijn-35x18x18-mm-warm-perzik-roze\/","og_locale":"de_DE","og_type":"article","og_title":"Acryl Kaninchen - 35x18x18 MM - Warmes Pfirsichrosa","og_description":"Acrylkaninchen - 35x18x18 MM - Warmes Pfirsichrosa zur Herstellung von Schl\u00fcsselanh\u00e4ngern mit Gl\u00fccksbringern, Schmuck und mehr. Jootjes.de","og_url":"https:\/\/www.jootjeshaakcadeautjes.nl\/de\/produkt\/acryl-konijn-35x18x18-mm-warm-perzik-roze\/","og_site_name":"Jootjes Haakcadeautjes","article_modified_time":"2025-03-11T04:32:33+00:00","og_image":[{"width":2048,"height":2048,"url":"https:\/\/www.jootjeshaakcadeautjes.nl\/wp-content\/uploads\/2024\/10\/Naamloos-663.webp","type":"image\/webp"}],"twitter_card":"summary_large_image","twitter_misc":{"Preis":"&euro;0.40 inkl. MwSt.","Verf\u00fcgbarkeit":"Auf Lager"},"schema":{"@context":"https:\/\/schema.org","@graph":[{"@type":"WebPage","@id":"https:\/\/www.jootjeshaakcadeautjes.nl\/de\/produkt\/acryl-konijn-35x18x18-mm-warm-perzik-roze\/","url":"https:\/\/www.jootjeshaakcadeautjes.nl\/de\/produkt\/acryl-konijn-35x18x18-mm-warm-perzik-roze\/","name":"- Jootjes.NL","isPartOf":{"@id":"https:\/\/www.jootjeshaakcadeautjes.nl\/de\/#website"},"primaryImageOfPage":{"@id":"https:\/\/www.jootjeshaakcadeautjes.nl\/de\/produkt\/acryl-konijn-35x18x18-mm-warm-perzik-roze\/#primaryimage"},"image":{"@id":"https:\/\/www.jootjeshaakcadeautjes.nl\/de\/produkt\/acryl-konijn-35x18x18-mm-warm-perzik-roze\/#primaryimage"},"thumbnailUrl":"https:\/\/d1dyryakdmle7o.cloudfront.net\/wp-content\/uploads\/2024\/10\/Naamloos-663.webp","datePublished":"2024-10-26T23:15:27+00:00","dateModified":"2025-03-11T04:32:33+00:00","description":"Acrylkaninchen - 35x18x18 MM - Warmes Pfirsichrosa zur Herstellung von Schl\u00fcsselanh\u00e4ngern mit Gl\u00fccksbringern, Schmuck und mehr. Jootjes.de","breadcrumb":{"@id":"https:\/\/www.jootjeshaakcadeautjes.nl\/de\/produkt\/acryl-konijn-35x18x18-mm-warm-perzik-roze\/#breadcrumb"},"inLanguage":"de","potentialAction":[{"@type":"ReadAction","target":["https:\/\/www.jootjeshaakcadeautjes.nl\/de\/produkt\/acryl-konijn-35x18x18-mm-warm-perzik-roze\/"]}]},{"@type":"ImageObject","inLanguage":"de","@id":"https:\/\/www.jootjeshaakcadeautjes.nl\/de\/produkt\/acryl-konijn-35x18x18-mm-warm-perzik-roze\/#primaryimage","url":"https:\/\/d1dyryakdmle7o.cloudfront.net\/wp-content\/uploads\/2024\/10\/Naamloos-663.webp","contentUrl":"https:\/\/d1dyryakdmle7o.cloudfront.net\/wp-content\/uploads\/2024\/10\/Naamloos-663.webp","width":2048,"height":2048},{"@type":"BreadcrumbList","@id":"https:\/\/www.jootjeshaakcadeautjes.nl\/de\/produkt\/acryl-konijn-35x18x18-mm-warm-perzik-roze\/#breadcrumb","itemListElement":[{"@type":"ListItem","position":1,"name":"Startseite","item":"https:\/\/www.jootjeshaakcadeautjes.nl\/de\/"},{"@type":"ListItem","position":2,"name":"Gro\u00dfhandel mit Silikonperlen &#8211; Business und Consumer","item":"https:\/\/www.jootjeshaakcadeautjes.nl\/de\/shop\/"},{"@type":"ListItem","position":3,"name":"Acryl Kaninchen &#8211; 35x18x18 MM &#8211; Warmes Pfirsichrosa"}]},{"@type":"WebSite","@id":"https:\/\/www.jootjeshaakcadeautjes.nl\/de\/#website","url":"https:\/\/www.jootjeshaakcadeautjes.nl\/de\/","name":"Jootjes Haakcadeautjes","description":"Silikonperlen Gro\u00dfhandel ","publisher":{"@id":"https:\/\/www.jootjeshaakcadeautjes.nl\/de\/#organization"},"potentialAction":[{"@type":"SearchAction","target":{"@type":"EntryPoint","urlTemplate":"https:\/\/www.jootjeshaakcadeautjes.nl\/de\/?s={search_term_string}"},"query-input":{"@type":"PropertyValueSpecification","valueRequired":true,"valueName":"search_term_string"}}],"inLanguage":"de"},{"@type":"Organization","@id":"https:\/\/www.jootjeshaakcadeautjes.nl\/de\/#organization","name":"Jootjes Haakcadeautjes","url":"https:\/\/www.jootjeshaakcadeautjes.nl\/de\/","logo":{"@type":"ImageObject","inLanguage":"de","@id":"https:\/\/www.jootjeshaakcadeautjes.nl\/de\/#\/schema\/logo\/image\/","url":"https:\/\/d1dyryakdmle7o.cloudfront.net\/wp-content\/uploads\/2023\/05\/Logo-rond.png","contentUrl":"https:\/\/d1dyryakdmle7o.cloudfront.net\/wp-content\/uploads\/2023\/05\/Logo-rond.png","width":1222,"height":1222,"caption":"Jootjes Haakcadeautjes"},"image":{"@id":"https:\/\/www.jootjeshaakcadeautjes.nl\/de\/#\/schema\/logo\/image\/"}}]},"product_price_amount":"0.40","product_price_currency":"EUR","og_availability":"instock","product_availability":"instock","product_retailer_item_id":"ACR-KON_WPR","product_condition":"new"},"_links":{"self":[{"href":"https:\/\/www.jootjeshaakcadeautjes.nl\/de\/wp-json\/wp\/v2\/product\/160874","targetHints":{"allow":["GET"]}}],"collection":[{"href":"https:\/\/www.jootjeshaakcadeautjes.nl\/de\/wp-json\/wp\/v2\/product"}],"about":[{"href":"https:\/\/www.jootjeshaakcadeautjes.nl\/de\/wp-json\/wp\/v2\/types\/product"}],"version-history":[{"count":0,"href":"https:\/\/www.jootjeshaakcadeautjes.nl\/de\/wp-json\/wp\/v2\/product\/160874\/revisions"}],"wp:featuredmedia":[{"embeddable":true,"href":"https:\/\/www.jootjeshaakcadeautjes.nl\/de\/wp-json\/wp\/v2\/media\/174895"}],"wp:attachment":[{"href":"https:\/\/www.jootjeshaakcadeautjes.nl\/de\/wp-json\/wp\/v2\/media?parent=160874"}],"wp:term":[{"taxonomy":"product_brand","embeddable":true,"href":"https:\/\/www.jootjeshaakcadeautjes.nl\/de\/wp-json\/wp\/v2\/product_brand?post=160874"},{"taxonomy":"product_cat","embeddable":true,"href":"https:\/\/www.jootjeshaakcadeautjes.nl\/de\/wp-json\/wp\/v2\/product_cat?post=160874"},{"taxonomy":"product_tag","embeddable":true,"href":"https:\/\/www.jootjeshaakcadeautjes.nl\/de\/wp-json\/wp\/v2\/product_tag?post=160874"}],"curies":[{"name":"wp","href":"https:\/\/api.w.org\/{rel}","templated":true}]}}