{"id":161670,"date":"2024-09-11T10:08:36","date_gmt":"2024-09-11T08:08:36","guid":{"rendered":"https:\/\/www.jootjeshaakcadeautjes.nl\/product\/schlusselanhanger-quaste-37-mm-hell-gelb-gold\/"},"modified":"2025-03-11T05:25:28","modified_gmt":"2025-03-11T04:25:28","slug":"schlusselanhanger-quaste-37-mm-hell-gelb-gold","status":"publish","type":"product","link":"https:\/\/www.jootjeshaakcadeautjes.nl\/de\/produkt\/schlusselanhanger-quaste-37-mm-hell-gelb-gold\/","title":{"rendered":"Schl\u00fcsselanh\u00e4nger Quaste &#8211; 37 mm &#8211; Hellgelb\/Gold"},"content":{"rendered":"<h2>Schl\u00fcsselanh\u00e4nger Quaste &#8211; 37 mm &#8211; Hellgelb\/Gold<\/h2>\n<p>  Diese Quasten aus Wildleder sind eine perfekte Erg\u00e4nzung zu Ihren handgefertigten Schl\u00fcsselanh\u00e4ngern und Taschenaufh\u00e4ngern.<\/p>\n","protected":false},"excerpt":{"rendered":"<p>Typ: Schl\u00fcsselanh\u00e4nger Quaste Material: Kunststoff\/Wildleder Farbe: Hellgelb\/Gold<\/p>\n","protected":false},"featured_media":164799,"template":"","meta":[],"product_brand":[],"product_cat":[8247,7184,14099],"product_tag":[14981,7205,8284,8450,7202,7950,9954,7214,7444,14984,14982,7499,14980,14983],"class_list":{"0":"post-161670","1":"product","2":"type-product","3":"status-publish","4":"has-post-thumbnail","6":"product_cat-bastelmaterial-hakelzubehor","7":"product_cat-neue-produkte","8":"product_cat-spulen-quasten-fur-schlusselanhanger-schmuck","9":"product_tag-burste-de","10":"product_tag-diy-de","11":"product_tag-gold-de","12":"product_tag-hellgelb","13":"product_tag-hobby-de","14":"product_tag-jaszipper-de","15":"product_tag-kunststoff-de","16":"product_tag-machen","17":"product_tag-schlusselanhanger","18":"product_tag-schlusselanhanger-herstellen","19":"product_tag-spule-de","20":"product_tag-taschenaufhanger","21":"product_tag-telefon-anhanger","22":"product_tag-wildleder","24":"first","25":"instock","26":"taxable","27":"shipping-taxable","28":"purchasable","29":"product-type-simple"},"bundled_by":[],"bundle_stock_status":"instock","bundle_stock_quantity":61,"bundle_virtual":false,"bundle_layout":"","bundle_add_to_cart_form_location":"","bundle_editable_in_cart":false,"bundle_sold_individually_context":"","bundle_item_grouping":"","bundle_min_size":"","bundle_max_size":"","bundle_price":[],"bundled_items":[],"bundle_sell_ids":[],"yoast_head":"<!-- This site is optimized with the Yoast SEO Premium plugin v27.4 (Yoast SEO v27.5) - https:\/\/yoast.com\/product\/yoast-seo-premium-wordpress\/ -->\n<title>Schl\u00fcsselanh\u00e4nger Quaste - 37 mm - Hellgelb\/Gold -<\/title>\n<meta name=\"description\" content=\"Schl\u00fcsselanh\u00e4nger Quaste in der Farbe Hellgelb mit goldener Kappe f\u00fcr Ihren eigenen lustigen Schl\u00fcsselanh\u00e4nger. Kaufen Sie pro St\u00fcck.\" \/>\n<meta name=\"robots\" content=\"index, follow, max-snippet:-1, max-image-preview:large, max-video-preview:-1\" \/>\n<link rel=\"canonical\" href=\"https:\/\/www.jootjeshaakcadeautjes.nl\/de\/produkt\/schlusselanhanger-quaste-37-mm-hell-gelb-gold\/\" \/>\n<meta property=\"og:locale\" content=\"de_DE\" \/>\n<meta property=\"og:type\" content=\"article\" \/>\n<meta property=\"og:title\" content=\"Schl\u00fcsselanh\u00e4nger Quaste - 37 mm - Hellgelb\/Gold\" \/>\n<meta property=\"og:description\" content=\"Schl\u00fcsselanh\u00e4nger Quaste in der Farbe Hellgelb mit goldener Kappe f\u00fcr Ihren eigenen lustigen Schl\u00fcsselanh\u00e4nger. Kaufen Sie pro St\u00fcck.\" \/>\n<meta property=\"og:url\" content=\"https:\/\/www.jootjeshaakcadeautjes.nl\/de\/produkt\/schlusselanhanger-quaste-37-mm-hell-gelb-gold\/\" \/>\n<meta property=\"og:site_name\" content=\"Jootjes Haakcadeautjes\" \/>\n<meta property=\"article:modified_time\" content=\"2025-03-11T04:25:28+00:00\" \/>\n<meta property=\"og:image\" content=\"https:\/\/www.jootjeshaakcadeautjes.nl\/wp-content\/uploads\/2024\/09\/Naamloos-475.webp\" \/>\n\t<meta property=\"og:image:width\" content=\"2048\" \/>\n\t<meta property=\"og:image:height\" content=\"2048\" \/>\n\t<meta property=\"og:image:type\" content=\"image\/webp\" \/>\n<meta name=\"twitter:card\" content=\"summary_large_image\" \/>\n<meta name=\"twitter:label1\" content=\"Preis\" \/>\n\t<meta name=\"twitter:data1\" content=\"&euro;0.23 inkl. MwSt.\" \/>\n\t<meta name=\"twitter:label2\" content=\"Verf\u00fcgbarkeit\" \/>\n\t<meta name=\"twitter:data2\" content=\"Auf Lager\" \/>\n<script type=\"application\/ld+json\" class=\"yoast-schema-graph\">{\"@context\":\"https:\\\/\\\/schema.org\",\"@graph\":[{\"@type\":\"WebPage\",\"@id\":\"https:\\\/\\\/www.jootjeshaakcadeautjes.nl\\\/de\\\/produkt\\\/schlusselanhanger-quaste-37-mm-hell-gelb-gold\\\/\",\"url\":\"https:\\\/\\\/www.jootjeshaakcadeautjes.nl\\\/de\\\/produkt\\\/schlusselanhanger-quaste-37-mm-hell-gelb-gold\\\/\",\"name\":\"Schl\u00fcsselanh\u00e4nger Quaste - 37 mm - Hellgelb\\\/Gold -\",\"isPartOf\":{\"@id\":\"https:\\\/\\\/www.jootjeshaakcadeautjes.nl\\\/de\\\/#website\"},\"primaryImageOfPage\":{\"@id\":\"https:\\\/\\\/www.jootjeshaakcadeautjes.nl\\\/de\\\/produkt\\\/schlusselanhanger-quaste-37-mm-hell-gelb-gold\\\/#primaryimage\"},\"image\":{\"@id\":\"https:\\\/\\\/www.jootjeshaakcadeautjes.nl\\\/de\\\/produkt\\\/schlusselanhanger-quaste-37-mm-hell-gelb-gold\\\/#primaryimage\"},\"thumbnailUrl\":\"https:\\\/\\\/d1dyryakdmle7o.cloudfront.net\\\/wp-content\\\/uploads\\\/2024\\\/09\\\/Naamloos-475.webp\",\"datePublished\":\"2024-09-11T08:08:36+00:00\",\"dateModified\":\"2025-03-11T04:25:28+00:00\",\"description\":\"Schl\u00fcsselanh\u00e4nger Quaste in der Farbe Hellgelb mit goldener Kappe f\u00fcr Ihren eigenen lustigen Schl\u00fcsselanh\u00e4nger. Kaufen Sie pro St\u00fcck.\",\"breadcrumb\":{\"@id\":\"https:\\\/\\\/www.jootjeshaakcadeautjes.nl\\\/de\\\/produkt\\\/schlusselanhanger-quaste-37-mm-hell-gelb-gold\\\/#breadcrumb\"},\"inLanguage\":\"de\",\"potentialAction\":[{\"@type\":\"ReadAction\",\"target\":[\"https:\\\/\\\/www.jootjeshaakcadeautjes.nl\\\/de\\\/produkt\\\/schlusselanhanger-quaste-37-mm-hell-gelb-gold\\\/\"]}]},{\"@type\":\"ImageObject\",\"inLanguage\":\"de\",\"@id\":\"https:\\\/\\\/www.jootjeshaakcadeautjes.nl\\\/de\\\/produkt\\\/schlusselanhanger-quaste-37-mm-hell-gelb-gold\\\/#primaryimage\",\"url\":\"https:\\\/\\\/d1dyryakdmle7o.cloudfront.net\\\/wp-content\\\/uploads\\\/2024\\\/09\\\/Naamloos-475.webp\",\"contentUrl\":\"https:\\\/\\\/d1dyryakdmle7o.cloudfront.net\\\/wp-content\\\/uploads\\\/2024\\\/09\\\/Naamloos-475.webp\",\"width\":2048,\"height\":2048},{\"@type\":\"BreadcrumbList\",\"@id\":\"https:\\\/\\\/www.jootjeshaakcadeautjes.nl\\\/de\\\/produkt\\\/schlusselanhanger-quaste-37-mm-hell-gelb-gold\\\/#breadcrumb\",\"itemListElement\":[{\"@type\":\"ListItem\",\"position\":1,\"name\":\"Startseite\",\"item\":\"https:\\\/\\\/www.jootjeshaakcadeautjes.nl\\\/de\\\/\"},{\"@type\":\"ListItem\",\"position\":2,\"name\":\"Gro\u00dfhandel mit Silikonperlen &#8211; Business und Consumer\",\"item\":\"https:\\\/\\\/www.jootjeshaakcadeautjes.nl\\\/de\\\/shop\\\/\"},{\"@type\":\"ListItem\",\"position\":3,\"name\":\"Schl\u00fcsselanh\u00e4nger Quaste &#8211; 37 mm &#8211; Hellgelb\\\/Gold\"}]},{\"@type\":\"WebSite\",\"@id\":\"https:\\\/\\\/www.jootjeshaakcadeautjes.nl\\\/de\\\/#website\",\"url\":\"https:\\\/\\\/www.jootjeshaakcadeautjes.nl\\\/de\\\/\",\"name\":\"Jootjes Haakcadeautjes\",\"description\":\"Silikonperlen Gro\u00dfhandel \",\"publisher\":{\"@id\":\"https:\\\/\\\/www.jootjeshaakcadeautjes.nl\\\/de\\\/#organization\"},\"potentialAction\":[{\"@type\":\"SearchAction\",\"target\":{\"@type\":\"EntryPoint\",\"urlTemplate\":\"https:\\\/\\\/www.jootjeshaakcadeautjes.nl\\\/de\\\/?s={search_term_string}\"},\"query-input\":{\"@type\":\"PropertyValueSpecification\",\"valueRequired\":true,\"valueName\":\"search_term_string\"}}],\"inLanguage\":\"de\"},{\"@type\":\"Organization\",\"@id\":\"https:\\\/\\\/www.jootjeshaakcadeautjes.nl\\\/de\\\/#organization\",\"name\":\"Jootjes Haakcadeautjes\",\"url\":\"https:\\\/\\\/www.jootjeshaakcadeautjes.nl\\\/de\\\/\",\"logo\":{\"@type\":\"ImageObject\",\"inLanguage\":\"de\",\"@id\":\"https:\\\/\\\/www.jootjeshaakcadeautjes.nl\\\/de\\\/#\\\/schema\\\/logo\\\/image\\\/\",\"url\":\"https:\\\/\\\/jootjes-haakcadeautjes-media.s3.amazonaws.com\\\/wp-content\\\/uploads\\\/2023\\\/05\\\/Logo-rond.png\",\"contentUrl\":\"https:\\\/\\\/jootjes-haakcadeautjes-media.s3.amazonaws.com\\\/wp-content\\\/uploads\\\/2023\\\/05\\\/Logo-rond.png\",\"width\":1222,\"height\":1222,\"caption\":\"Jootjes Haakcadeautjes\"},\"image\":{\"@id\":\"https:\\\/\\\/www.jootjeshaakcadeautjes.nl\\\/de\\\/#\\\/schema\\\/logo\\\/image\\\/\"}}]}<\/script>\n<meta property=\"product:price:amount\" content=\"0.23\" \/>\n<meta property=\"product:price:currency\" content=\"EUR\" \/>\n<meta property=\"og:availability\" content=\"instock\" \/>\n<meta property=\"product:availability\" content=\"instock\" \/>\n<meta property=\"product:retailer_item_id\" content=\"SLH-KWA-LIGE\" \/>\n<meta property=\"product:condition\" content=\"new\" \/>\n<!-- \/ Yoast SEO Premium plugin. -->","yoast_head_json":{"title":"Schl\u00fcsselanh\u00e4nger Quaste - 37 mm - Hellgelb\/Gold -","description":"Schl\u00fcsselanh\u00e4nger Quaste in der Farbe Hellgelb mit goldener Kappe f\u00fcr Ihren eigenen lustigen Schl\u00fcsselanh\u00e4nger. Kaufen Sie pro St\u00fcck.","robots":{"index":"index","follow":"follow","max-snippet":"max-snippet:-1","max-image-preview":"max-image-preview:large","max-video-preview":"max-video-preview:-1"},"canonical":"https:\/\/www.jootjeshaakcadeautjes.nl\/de\/produkt\/schlusselanhanger-quaste-37-mm-hell-gelb-gold\/","og_locale":"de_DE","og_type":"article","og_title":"Schl\u00fcsselanh\u00e4nger Quaste - 37 mm - Hellgelb\/Gold","og_description":"Schl\u00fcsselanh\u00e4nger Quaste in der Farbe Hellgelb mit goldener Kappe f\u00fcr Ihren eigenen lustigen Schl\u00fcsselanh\u00e4nger. Kaufen Sie pro St\u00fcck.","og_url":"https:\/\/www.jootjeshaakcadeautjes.nl\/de\/produkt\/schlusselanhanger-quaste-37-mm-hell-gelb-gold\/","og_site_name":"Jootjes Haakcadeautjes","article_modified_time":"2025-03-11T04:25:28+00:00","og_image":[{"width":2048,"height":2048,"url":"https:\/\/www.jootjeshaakcadeautjes.nl\/wp-content\/uploads\/2024\/09\/Naamloos-475.webp","type":"image\/webp"}],"twitter_card":"summary_large_image","twitter_misc":{"Preis":"&euro;0.23 inkl. MwSt.","Verf\u00fcgbarkeit":"Auf Lager"},"schema":{"@context":"https:\/\/schema.org","@graph":[{"@type":"WebPage","@id":"https:\/\/www.jootjeshaakcadeautjes.nl\/de\/produkt\/schlusselanhanger-quaste-37-mm-hell-gelb-gold\/","url":"https:\/\/www.jootjeshaakcadeautjes.nl\/de\/produkt\/schlusselanhanger-quaste-37-mm-hell-gelb-gold\/","name":"Schl\u00fcsselanh\u00e4nger Quaste - 37 mm - Hellgelb\/Gold -","isPartOf":{"@id":"https:\/\/www.jootjeshaakcadeautjes.nl\/de\/#website"},"primaryImageOfPage":{"@id":"https:\/\/www.jootjeshaakcadeautjes.nl\/de\/produkt\/schlusselanhanger-quaste-37-mm-hell-gelb-gold\/#primaryimage"},"image":{"@id":"https:\/\/www.jootjeshaakcadeautjes.nl\/de\/produkt\/schlusselanhanger-quaste-37-mm-hell-gelb-gold\/#primaryimage"},"thumbnailUrl":"https:\/\/d1dyryakdmle7o.cloudfront.net\/wp-content\/uploads\/2024\/09\/Naamloos-475.webp","datePublished":"2024-09-11T08:08:36+00:00","dateModified":"2025-03-11T04:25:28+00:00","description":"Schl\u00fcsselanh\u00e4nger Quaste in der Farbe Hellgelb mit goldener Kappe f\u00fcr Ihren eigenen lustigen Schl\u00fcsselanh\u00e4nger. Kaufen Sie pro St\u00fcck.","breadcrumb":{"@id":"https:\/\/www.jootjeshaakcadeautjes.nl\/de\/produkt\/schlusselanhanger-quaste-37-mm-hell-gelb-gold\/#breadcrumb"},"inLanguage":"de","potentialAction":[{"@type":"ReadAction","target":["https:\/\/www.jootjeshaakcadeautjes.nl\/de\/produkt\/schlusselanhanger-quaste-37-mm-hell-gelb-gold\/"]}]},{"@type":"ImageObject","inLanguage":"de","@id":"https:\/\/www.jootjeshaakcadeautjes.nl\/de\/produkt\/schlusselanhanger-quaste-37-mm-hell-gelb-gold\/#primaryimage","url":"https:\/\/d1dyryakdmle7o.cloudfront.net\/wp-content\/uploads\/2024\/09\/Naamloos-475.webp","contentUrl":"https:\/\/d1dyryakdmle7o.cloudfront.net\/wp-content\/uploads\/2024\/09\/Naamloos-475.webp","width":2048,"height":2048},{"@type":"BreadcrumbList","@id":"https:\/\/www.jootjeshaakcadeautjes.nl\/de\/produkt\/schlusselanhanger-quaste-37-mm-hell-gelb-gold\/#breadcrumb","itemListElement":[{"@type":"ListItem","position":1,"name":"Startseite","item":"https:\/\/www.jootjeshaakcadeautjes.nl\/de\/"},{"@type":"ListItem","position":2,"name":"Gro\u00dfhandel mit Silikonperlen &#8211; Business und Consumer","item":"https:\/\/www.jootjeshaakcadeautjes.nl\/de\/shop\/"},{"@type":"ListItem","position":3,"name":"Schl\u00fcsselanh\u00e4nger Quaste &#8211; 37 mm &#8211; Hellgelb\/Gold"}]},{"@type":"WebSite","@id":"https:\/\/www.jootjeshaakcadeautjes.nl\/de\/#website","url":"https:\/\/www.jootjeshaakcadeautjes.nl\/de\/","name":"Jootjes Haakcadeautjes","description":"Silikonperlen Gro\u00dfhandel ","publisher":{"@id":"https:\/\/www.jootjeshaakcadeautjes.nl\/de\/#organization"},"potentialAction":[{"@type":"SearchAction","target":{"@type":"EntryPoint","urlTemplate":"https:\/\/www.jootjeshaakcadeautjes.nl\/de\/?s={search_term_string}"},"query-input":{"@type":"PropertyValueSpecification","valueRequired":true,"valueName":"search_term_string"}}],"inLanguage":"de"},{"@type":"Organization","@id":"https:\/\/www.jootjeshaakcadeautjes.nl\/de\/#organization","name":"Jootjes Haakcadeautjes","url":"https:\/\/www.jootjeshaakcadeautjes.nl\/de\/","logo":{"@type":"ImageObject","inLanguage":"de","@id":"https:\/\/www.jootjeshaakcadeautjes.nl\/de\/#\/schema\/logo\/image\/","url":"https:\/\/jootjes-haakcadeautjes-media.s3.amazonaws.com\/wp-content\/uploads\/2023\/05\/Logo-rond.png","contentUrl":"https:\/\/jootjes-haakcadeautjes-media.s3.amazonaws.com\/wp-content\/uploads\/2023\/05\/Logo-rond.png","width":1222,"height":1222,"caption":"Jootjes Haakcadeautjes"},"image":{"@id":"https:\/\/www.jootjeshaakcadeautjes.nl\/de\/#\/schema\/logo\/image\/"}}]},"product_price_amount":"0.23","product_price_currency":"EUR","og_availability":"instock","product_availability":"instock","product_retailer_item_id":"SLH-KWA-LIGE","product_condition":"new"},"_links":{"self":[{"href":"https:\/\/www.jootjeshaakcadeautjes.nl\/de\/wp-json\/wp\/v2\/product\/161670","targetHints":{"allow":["GET"]}}],"collection":[{"href":"https:\/\/www.jootjeshaakcadeautjes.nl\/de\/wp-json\/wp\/v2\/product"}],"about":[{"href":"https:\/\/www.jootjeshaakcadeautjes.nl\/de\/wp-json\/wp\/v2\/types\/product"}],"version-history":[{"count":0,"href":"https:\/\/www.jootjeshaakcadeautjes.nl\/de\/wp-json\/wp\/v2\/product\/161670\/revisions"}],"wp:featuredmedia":[{"embeddable":true,"href":"https:\/\/www.jootjeshaakcadeautjes.nl\/de\/wp-json\/wp\/v2\/media\/164799"}],"wp:attachment":[{"href":"https:\/\/www.jootjeshaakcadeautjes.nl\/de\/wp-json\/wp\/v2\/media?parent=161670"}],"wp:term":[{"taxonomy":"product_brand","embeddable":true,"href":"https:\/\/www.jootjeshaakcadeautjes.nl\/de\/wp-json\/wp\/v2\/product_brand?post=161670"},{"taxonomy":"product_cat","embeddable":true,"href":"https:\/\/www.jootjeshaakcadeautjes.nl\/de\/wp-json\/wp\/v2\/product_cat?post=161670"},{"taxonomy":"product_tag","embeddable":true,"href":"https:\/\/www.jootjeshaakcadeautjes.nl\/de\/wp-json\/wp\/v2\/product_tag?post=161670"}],"curies":[{"name":"wp","href":"https:\/\/api.w.org\/{rel}","templated":true}]}}