{"id":161982,"date":"2025-04-15T14:37:28","date_gmt":"2025-04-15T12:37:28","guid":{"rendered":"https:\/\/www.jootjeshaakcadeautjes.nl\/?post_type=product&#038;p=161982"},"modified":"2025-12-04T22:04:46","modified_gmt":"2025-12-04T21:04:46","slug":"silikon-perlen-rund-6-mm-baumwolle-bonbons-50-stuck","status":"publish","type":"product","link":"https:\/\/www.jootjeshaakcadeautjes.nl\/de\/produkt\/silikon-perlen-rund-6-mm-baumwolle-bonbons-50-stuck\/","title":{"rendered":"Silikonperlen &#8211; Rund &#8211; 6 mm &#8211; Zuckerwatte &#8211; Pro 50 St\u00fcck"},"content":{"rendered":"<h1>Silikonperlen &#8211; Rund &#8211; Zuckerwatte &#8211; 6 mm &#8211; Pro 50 St\u00fcck<\/h1>\n<p>Farbe: Cotton Candy<br \/>\nGr\u00f6\u00dfe: 6 mm<br \/>\nTyp: Bulkbag, 50 St\u00fcck, Rund<\/p>\n<p>Exquisite Silikonschmuckperlen in der Farbe Cotton Candy. Diese Perlen sind die perfekte kleine Perle. Kombiniert die Welt der Schmuckherstellung mit den vielen M\u00f6glichkeiten von Silikon. Au\u00dferdem macht es Spa\u00df, sie mit den gr\u00f6\u00dferen Gr\u00f6\u00dfen zu kombinieren und abzuwechseln.<\/p>\n<p>Diese Perlen sind f\u00fcr die Verwendung in Armb\u00e4ndern, Halsketten, Sonnenbrillenkordeln, Schl\u00fcsselanh\u00e4ngern und mehr gedacht. Im Prinzip k\u00f6nnen diese Perlen auch in Schnullerkordeln verwendet werden (die Mindestgr\u00f6\u00dfe gem\u00e4\u00df der Richtlinie betr\u00e4gt 6 mm). Aber das ist genau die Grenzgr\u00f6\u00dfe und deshalb empfehlen wir sie <span style=\"text-decoration: underline;\">nicht<\/span> f\u00fcr Schnullerkordeln. Sicherheit geht vor!   <\/p>\n","protected":false},"excerpt":{"rendered":"<p>Farbe: Cotton Candy<br \/>\nFormat: 6 mm<br \/>\nTyp: Gro\u00dfpackung, 50 St\u00fcck, Rund<\/p>\n","protected":false},"featured_media":219782,"template":"","meta":[],"product_brand":[],"product_cat":[7380,14600,6991],"product_tag":[9838,14604,15171,7452,7928,7464,7563,8153,7397,7199,8769,7444,8625,14329,14607,7211,14610,15189],"class_list":{"0":"post-161982","1":"product","2":"type-product","3":"status-publish","4":"has-post-thumbnail","6":"product_cat-herstellung-von-baby-beisspielzeug-materialien-fur-schnuller-und-beisringe","7":"product_cat-silikonperlen-6-mm-rund","8":"product_cat-silikonperlen-bpa-frei-grosshandel","9":"product_tag-6-de","10":"product_tag-armbander","11":"product_tag-bistro-de","12":"product_tag-bpa-frei","13":"product_tag-einkaufen","14":"product_tag-groshandel","15":"product_tag-kaufen","16":"product_tag-kette","17":"product_tag-mm-de","18":"product_tag-perlen","19":"product_tag-qualitat","20":"product_tag-schlusselanhanger","21":"product_tag-schmuck","22":"product_tag-schmuck-de","23":"product_tag-schnure-fur-sonnenbrillen","24":"product_tag-silikon","25":"product_tag-zeichenketten","26":"product_tag-zuckerwatte","28":"first","29":"instock","30":"taxable","31":"shipping-taxable","32":"purchasable","33":"product-type-simple"},"bundled_by":[],"bundle_stock_status":"instock","bundle_stock_quantity":67,"bundle_virtual":false,"bundle_layout":"","bundle_add_to_cart_form_location":"","bundle_editable_in_cart":false,"bundle_sold_individually_context":"","bundle_item_grouping":"","bundle_min_size":"","bundle_max_size":"","bundle_price":[],"bundled_items":[],"bundle_sell_ids":[],"yoast_head":"<!-- This site is optimized with the Yoast SEO Premium plugin v27.6 (Yoast SEO v27.6) - https:\/\/yoast.com\/product\/yoast-seo-premium-wordpress\/ -->\n<title>Silikon-Schmuckperlen in Farbe Cotton Candy Jootjes.de<\/title>\n<meta name=\"description\" content=\"Runde Silikon-Schmuckperlen in Farbe Cotton Candy 6 mm rund f\u00fcr Armb\u00e4nder, Sonnenbrillenschn\u00fcre, Schl\u00fcsselanh\u00e4nger Jootjes.de.\" \/>\n<meta name=\"robots\" content=\"index, follow, max-snippet:-1, max-image-preview:large, max-video-preview:-1\" \/>\n<link rel=\"canonical\" href=\"https:\/\/www.jootjeshaakcadeautjes.nl\/de\/produkt\/silikon-perlen-rund-6-mm-baumwolle-bonbons-50-stuck\/\" \/>\n<meta property=\"og:locale\" content=\"de_DE\" \/>\n<meta property=\"og:type\" content=\"article\" \/>\n<meta property=\"og:title\" content=\"Silikonperlen - Rund - 6 mm - Zuckerwatte - Pro 50 St\u00fcck\" \/>\n<meta property=\"og:description\" content=\"Runde Silikon-Schmuckperlen in Farbe Cotton Candy 6 mm rund f\u00fcr Armb\u00e4nder, Sonnenbrillenschn\u00fcre, Schl\u00fcsselanh\u00e4nger Jootjes.de.\" \/>\n<meta property=\"og:url\" content=\"https:\/\/www.jootjeshaakcadeautjes.nl\/de\/produkt\/silikon-perlen-rund-6-mm-baumwolle-bonbons-50-stuck\/\" \/>\n<meta property=\"og:site_name\" content=\"Jootjes Haakcadeautjes\" \/>\n<meta property=\"article:modified_time\" content=\"2025-12-04T21:04:46+00:00\" \/>\n<meta property=\"og:image\" content=\"https:\/\/www.jootjeshaakcadeautjes.nl\/wp-content\/uploads\/2025\/04\/20241114_232641.webp\" \/>\n\t<meta property=\"og:image:width\" content=\"2048\" \/>\n\t<meta property=\"og:image:height\" content=\"2048\" \/>\n\t<meta property=\"og:image:type\" content=\"image\/webp\" \/>\n<meta name=\"twitter:card\" content=\"summary_large_image\" \/>\n<meta name=\"twitter:label1\" content=\"Preis\" \/>\n\t<meta name=\"twitter:data1\" content=\"&euro;2.85 inkl. MwSt.\" \/>\n\t<meta name=\"twitter:label2\" content=\"Verf\u00fcgbarkeit\" \/>\n\t<meta name=\"twitter:data2\" content=\"Auf Lager\" \/>\n<script type=\"application\/ld+json\" class=\"yoast-schema-graph\">{\"@context\":\"https:\\\/\\\/schema.org\",\"@graph\":[{\"@type\":\"WebPage\",\"@id\":\"https:\\\/\\\/www.jootjeshaakcadeautjes.nl\\\/de\\\/produkt\\\/silikon-perlen-rund-6-mm-baumwolle-bonbons-50-stuck\\\/\",\"url\":\"https:\\\/\\\/www.jootjeshaakcadeautjes.nl\\\/de\\\/produkt\\\/silikon-perlen-rund-6-mm-baumwolle-bonbons-50-stuck\\\/\",\"name\":\"Silikon-Schmuckperlen in Farbe Cotton Candy Jootjes.de\",\"isPartOf\":{\"@id\":\"https:\\\/\\\/www.jootjeshaakcadeautjes.nl\\\/de\\\/#website\"},\"primaryImageOfPage\":{\"@id\":\"https:\\\/\\\/www.jootjeshaakcadeautjes.nl\\\/de\\\/produkt\\\/silikon-perlen-rund-6-mm-baumwolle-bonbons-50-stuck\\\/#primaryimage\"},\"image\":{\"@id\":\"https:\\\/\\\/www.jootjeshaakcadeautjes.nl\\\/de\\\/produkt\\\/silikon-perlen-rund-6-mm-baumwolle-bonbons-50-stuck\\\/#primaryimage\"},\"thumbnailUrl\":\"https:\\\/\\\/d1dyryakdmle7o.cloudfront.net\\\/wp-content\\\/uploads\\\/2025\\\/04\\\/20241114_232641.webp\",\"datePublished\":\"2025-04-15T12:37:28+00:00\",\"dateModified\":\"2025-12-04T21:04:46+00:00\",\"description\":\"Runde Silikon-Schmuckperlen in Farbe Cotton Candy 6 mm rund f\u00fcr Armb\u00e4nder, Sonnenbrillenschn\u00fcre, Schl\u00fcsselanh\u00e4nger Jootjes.de.\",\"breadcrumb\":{\"@id\":\"https:\\\/\\\/www.jootjeshaakcadeautjes.nl\\\/de\\\/produkt\\\/silikon-perlen-rund-6-mm-baumwolle-bonbons-50-stuck\\\/#breadcrumb\"},\"inLanguage\":\"de\",\"potentialAction\":[{\"@type\":\"ReadAction\",\"target\":[\"https:\\\/\\\/www.jootjeshaakcadeautjes.nl\\\/de\\\/produkt\\\/silikon-perlen-rund-6-mm-baumwolle-bonbons-50-stuck\\\/\"]}]},{\"@type\":\"ImageObject\",\"inLanguage\":\"de\",\"@id\":\"https:\\\/\\\/www.jootjeshaakcadeautjes.nl\\\/de\\\/produkt\\\/silikon-perlen-rund-6-mm-baumwolle-bonbons-50-stuck\\\/#primaryimage\",\"url\":\"https:\\\/\\\/d1dyryakdmle7o.cloudfront.net\\\/wp-content\\\/uploads\\\/2025\\\/04\\\/20241114_232641.webp\",\"contentUrl\":\"https:\\\/\\\/d1dyryakdmle7o.cloudfront.net\\\/wp-content\\\/uploads\\\/2025\\\/04\\\/20241114_232641.webp\",\"width\":2048,\"height\":2048},{\"@type\":\"BreadcrumbList\",\"@id\":\"https:\\\/\\\/www.jootjeshaakcadeautjes.nl\\\/de\\\/produkt\\\/silikon-perlen-rund-6-mm-baumwolle-bonbons-50-stuck\\\/#breadcrumb\",\"itemListElement\":[{\"@type\":\"ListItem\",\"position\":1,\"name\":\"Startseite\",\"item\":\"https:\\\/\\\/www.jootjeshaakcadeautjes.nl\\\/de\\\/\"},{\"@type\":\"ListItem\",\"position\":2,\"name\":\"Gro\u00dfhandel mit Silikonperlen &#8211; Business und Consumer\",\"item\":\"https:\\\/\\\/www.jootjeshaakcadeautjes.nl\\\/de\\\/shop\\\/\"},{\"@type\":\"ListItem\",\"position\":3,\"name\":\"Silikonperlen &#8211; Rund &#8211; 6 mm &#8211; Zuckerwatte &#8211; Pro 50 St\u00fcck\"}]},{\"@type\":\"WebSite\",\"@id\":\"https:\\\/\\\/www.jootjeshaakcadeautjes.nl\\\/de\\\/#website\",\"url\":\"https:\\\/\\\/www.jootjeshaakcadeautjes.nl\\\/de\\\/\",\"name\":\"Jootjes Haakcadeautjes\",\"description\":\"Silikonperlen Gro\u00dfhandel \",\"publisher\":{\"@id\":\"https:\\\/\\\/www.jootjeshaakcadeautjes.nl\\\/de\\\/#organization\"},\"potentialAction\":[{\"@type\":\"SearchAction\",\"target\":{\"@type\":\"EntryPoint\",\"urlTemplate\":\"https:\\\/\\\/www.jootjeshaakcadeautjes.nl\\\/de\\\/?s={search_term_string}\"},\"query-input\":{\"@type\":\"PropertyValueSpecification\",\"valueRequired\":true,\"valueName\":\"search_term_string\"}}],\"inLanguage\":\"de\"},{\"@type\":\"Organization\",\"@id\":\"https:\\\/\\\/www.jootjeshaakcadeautjes.nl\\\/de\\\/#organization\",\"name\":\"Jootjes Haakcadeautjes\",\"url\":\"https:\\\/\\\/www.jootjeshaakcadeautjes.nl\\\/de\\\/\",\"logo\":{\"@type\":\"ImageObject\",\"inLanguage\":\"de\",\"@id\":\"https:\\\/\\\/www.jootjeshaakcadeautjes.nl\\\/de\\\/#\\\/schema\\\/logo\\\/image\\\/\",\"url\":\"https:\\\/\\\/d1dyryakdmle7o.cloudfront.net\\\/wp-content\\\/uploads\\\/2023\\\/05\\\/Logo-rond.png\",\"contentUrl\":\"https:\\\/\\\/d1dyryakdmle7o.cloudfront.net\\\/wp-content\\\/uploads\\\/2023\\\/05\\\/Logo-rond.png\",\"width\":1222,\"height\":1222,\"caption\":\"Jootjes Haakcadeautjes\"},\"image\":{\"@id\":\"https:\\\/\\\/www.jootjeshaakcadeautjes.nl\\\/de\\\/#\\\/schema\\\/logo\\\/image\\\/\"}}]}<\/script>\n<meta property=\"product:price:amount\" content=\"2.85\" \/>\n<meta property=\"product:price:currency\" content=\"EUR\" \/>\n<meta property=\"og:availability\" content=\"instock\" \/>\n<meta property=\"product:availability\" content=\"instock\" \/>\n<meta property=\"product:retailer_item_id\" content=\"SKR-BUB-6MM-COC\" \/>\n<meta property=\"product:condition\" content=\"new\" \/>\n<!-- \/ Yoast SEO Premium plugin. -->","yoast_head_json":{"title":"Silikon-Schmuckperlen in Farbe Cotton Candy Jootjes.de","description":"Runde Silikon-Schmuckperlen in Farbe Cotton Candy 6 mm rund f\u00fcr Armb\u00e4nder, Sonnenbrillenschn\u00fcre, Schl\u00fcsselanh\u00e4nger Jootjes.de.","robots":{"index":"index","follow":"follow","max-snippet":"max-snippet:-1","max-image-preview":"max-image-preview:large","max-video-preview":"max-video-preview:-1"},"canonical":"https:\/\/www.jootjeshaakcadeautjes.nl\/de\/produkt\/silikon-perlen-rund-6-mm-baumwolle-bonbons-50-stuck\/","og_locale":"de_DE","og_type":"article","og_title":"Silikonperlen - Rund - 6 mm - Zuckerwatte - Pro 50 St\u00fcck","og_description":"Runde Silikon-Schmuckperlen in Farbe Cotton Candy 6 mm rund f\u00fcr Armb\u00e4nder, Sonnenbrillenschn\u00fcre, Schl\u00fcsselanh\u00e4nger Jootjes.de.","og_url":"https:\/\/www.jootjeshaakcadeautjes.nl\/de\/produkt\/silikon-perlen-rund-6-mm-baumwolle-bonbons-50-stuck\/","og_site_name":"Jootjes Haakcadeautjes","article_modified_time":"2025-12-04T21:04:46+00:00","og_image":[{"width":2048,"height":2048,"url":"https:\/\/www.jootjeshaakcadeautjes.nl\/wp-content\/uploads\/2025\/04\/20241114_232641.webp","type":"image\/webp"}],"twitter_card":"summary_large_image","twitter_misc":{"Preis":"&euro;2.85 inkl. MwSt.","Verf\u00fcgbarkeit":"Auf Lager"},"schema":{"@context":"https:\/\/schema.org","@graph":[{"@type":"WebPage","@id":"https:\/\/www.jootjeshaakcadeautjes.nl\/de\/produkt\/silikon-perlen-rund-6-mm-baumwolle-bonbons-50-stuck\/","url":"https:\/\/www.jootjeshaakcadeautjes.nl\/de\/produkt\/silikon-perlen-rund-6-mm-baumwolle-bonbons-50-stuck\/","name":"Silikon-Schmuckperlen in Farbe Cotton Candy Jootjes.de","isPartOf":{"@id":"https:\/\/www.jootjeshaakcadeautjes.nl\/de\/#website"},"primaryImageOfPage":{"@id":"https:\/\/www.jootjeshaakcadeautjes.nl\/de\/produkt\/silikon-perlen-rund-6-mm-baumwolle-bonbons-50-stuck\/#primaryimage"},"image":{"@id":"https:\/\/www.jootjeshaakcadeautjes.nl\/de\/produkt\/silikon-perlen-rund-6-mm-baumwolle-bonbons-50-stuck\/#primaryimage"},"thumbnailUrl":"https:\/\/d1dyryakdmle7o.cloudfront.net\/wp-content\/uploads\/2025\/04\/20241114_232641.webp","datePublished":"2025-04-15T12:37:28+00:00","dateModified":"2025-12-04T21:04:46+00:00","description":"Runde Silikon-Schmuckperlen in Farbe Cotton Candy 6 mm rund f\u00fcr Armb\u00e4nder, Sonnenbrillenschn\u00fcre, Schl\u00fcsselanh\u00e4nger Jootjes.de.","breadcrumb":{"@id":"https:\/\/www.jootjeshaakcadeautjes.nl\/de\/produkt\/silikon-perlen-rund-6-mm-baumwolle-bonbons-50-stuck\/#breadcrumb"},"inLanguage":"de","potentialAction":[{"@type":"ReadAction","target":["https:\/\/www.jootjeshaakcadeautjes.nl\/de\/produkt\/silikon-perlen-rund-6-mm-baumwolle-bonbons-50-stuck\/"]}]},{"@type":"ImageObject","inLanguage":"de","@id":"https:\/\/www.jootjeshaakcadeautjes.nl\/de\/produkt\/silikon-perlen-rund-6-mm-baumwolle-bonbons-50-stuck\/#primaryimage","url":"https:\/\/d1dyryakdmle7o.cloudfront.net\/wp-content\/uploads\/2025\/04\/20241114_232641.webp","contentUrl":"https:\/\/d1dyryakdmle7o.cloudfront.net\/wp-content\/uploads\/2025\/04\/20241114_232641.webp","width":2048,"height":2048},{"@type":"BreadcrumbList","@id":"https:\/\/www.jootjeshaakcadeautjes.nl\/de\/produkt\/silikon-perlen-rund-6-mm-baumwolle-bonbons-50-stuck\/#breadcrumb","itemListElement":[{"@type":"ListItem","position":1,"name":"Startseite","item":"https:\/\/www.jootjeshaakcadeautjes.nl\/de\/"},{"@type":"ListItem","position":2,"name":"Gro\u00dfhandel mit Silikonperlen &#8211; Business und Consumer","item":"https:\/\/www.jootjeshaakcadeautjes.nl\/de\/shop\/"},{"@type":"ListItem","position":3,"name":"Silikonperlen &#8211; Rund &#8211; 6 mm &#8211; Zuckerwatte &#8211; Pro 50 St\u00fcck"}]},{"@type":"WebSite","@id":"https:\/\/www.jootjeshaakcadeautjes.nl\/de\/#website","url":"https:\/\/www.jootjeshaakcadeautjes.nl\/de\/","name":"Jootjes Haakcadeautjes","description":"Silikonperlen Gro\u00dfhandel ","publisher":{"@id":"https:\/\/www.jootjeshaakcadeautjes.nl\/de\/#organization"},"potentialAction":[{"@type":"SearchAction","target":{"@type":"EntryPoint","urlTemplate":"https:\/\/www.jootjeshaakcadeautjes.nl\/de\/?s={search_term_string}"},"query-input":{"@type":"PropertyValueSpecification","valueRequired":true,"valueName":"search_term_string"}}],"inLanguage":"de"},{"@type":"Organization","@id":"https:\/\/www.jootjeshaakcadeautjes.nl\/de\/#organization","name":"Jootjes Haakcadeautjes","url":"https:\/\/www.jootjeshaakcadeautjes.nl\/de\/","logo":{"@type":"ImageObject","inLanguage":"de","@id":"https:\/\/www.jootjeshaakcadeautjes.nl\/de\/#\/schema\/logo\/image\/","url":"https:\/\/d1dyryakdmle7o.cloudfront.net\/wp-content\/uploads\/2023\/05\/Logo-rond.png","contentUrl":"https:\/\/d1dyryakdmle7o.cloudfront.net\/wp-content\/uploads\/2023\/05\/Logo-rond.png","width":1222,"height":1222,"caption":"Jootjes Haakcadeautjes"},"image":{"@id":"https:\/\/www.jootjeshaakcadeautjes.nl\/de\/#\/schema\/logo\/image\/"}}]},"product_price_amount":"2.85","product_price_currency":"EUR","og_availability":"instock","product_availability":"instock","product_retailer_item_id":"SKR-BUB-6MM-COC","product_condition":"new"},"_links":{"self":[{"href":"https:\/\/www.jootjeshaakcadeautjes.nl\/de\/wp-json\/wp\/v2\/product\/161982","targetHints":{"allow":["GET"]}}],"collection":[{"href":"https:\/\/www.jootjeshaakcadeautjes.nl\/de\/wp-json\/wp\/v2\/product"}],"about":[{"href":"https:\/\/www.jootjeshaakcadeautjes.nl\/de\/wp-json\/wp\/v2\/types\/product"}],"version-history":[{"count":0,"href":"https:\/\/www.jootjeshaakcadeautjes.nl\/de\/wp-json\/wp\/v2\/product\/161982\/revisions"}],"wp:featuredmedia":[{"embeddable":true,"href":"https:\/\/www.jootjeshaakcadeautjes.nl\/de\/wp-json\/wp\/v2\/media\/219782"}],"wp:attachment":[{"href":"https:\/\/www.jootjeshaakcadeautjes.nl\/de\/wp-json\/wp\/v2\/media?parent=161982"}],"wp:term":[{"taxonomy":"product_brand","embeddable":true,"href":"https:\/\/www.jootjeshaakcadeautjes.nl\/de\/wp-json\/wp\/v2\/product_brand?post=161982"},{"taxonomy":"product_cat","embeddable":true,"href":"https:\/\/www.jootjeshaakcadeautjes.nl\/de\/wp-json\/wp\/v2\/product_cat?post=161982"},{"taxonomy":"product_tag","embeddable":true,"href":"https:\/\/www.jootjeshaakcadeautjes.nl\/de\/wp-json\/wp\/v2\/product_tag?post=161982"}],"curies":[{"name":"wp","href":"https:\/\/api.w.org\/{rel}","templated":true}]}}