{"id":164006,"date":"2024-09-10T17:55:44","date_gmt":"2024-09-10T15:55:44","guid":{"rendered":"https:\/\/www.jootjeshaakcadeautjes.nl\/?post_type=product&#038;p=164006"},"modified":"2026-03-24T11:02:28","modified_gmt":"2026-03-24T10:02:28","slug":"pompon-ruschen-30-mm-dunkel-eiche","status":"publish","type":"product","link":"https:\/\/www.jootjeshaakcadeautjes.nl\/de\/produkt\/pompon-ruschen-30-mm-dunkel-eiche\/","title":{"rendered":"Pompon R\u00fcschen 30 mm &#8211; Eiche Dunkel"},"content":{"rendered":"<h2>Pompon R\u00fcschen 30 mm &#8211; Eiche Dunkel<\/h2>\n<p>  Material: Synthetik, R\u00fcschen Gr\u00f6\u00dfe: 30 mm Farbe: Dark Oak Diese Pompons haben eine perfekte Gr\u00f6\u00dfe f\u00fcr die Unterseite eines Schl\u00fcsselanh\u00e4ngers. Diese Pompons werden in Schl\u00fcsselanh\u00e4ngern oft mit Luxusperlen wie z. B. unseren gravierten Perlen oder Gl\u00fcckspuppen aus Holz\/Silizium kombiniert.<\/p>\n","protected":false},"excerpt":{"rendered":"<p>Material Pompon: Synthetik, R\u00fcschen Farbe: Dunkle Eiche Gr\u00f6\u00dfe: 30 mm F\u00fcr Schl\u00fcsselanh\u00e4nger und mehr.<\/p>\n","protected":false},"featured_media":163521,"template":"","meta":[],"product_brand":[],"product_cat":[8247,9041],"product_tag":[7993,8589,7385,7969,9046,8008,8519,7208,7464,7416,7196,7397,7199,9043,8004,7444,7211,7425,8006],"class_list":{"0":"post-164006","1":"product","2":"type-product","3":"status-publish","4":"has-post-thumbnail","6":"product_cat-bastelmaterial-hakelzubehor","7":"product_cat-pompons-fur-schlusselanhanger","8":"product_tag-30-de","9":"product_tag-30-mm-de","10":"product_tag-beisring","11":"product_tag-eiche-dunkel","12":"product_tag-gekrauselt","13":"product_tag-gluck-de","14":"product_tag-gluckspuppe-de-2","15":"product_tag-gluckspuppe","16":"product_tag-groshandel","17":"product_tag-gummischnur","18":"product_tag-holz","19":"product_tag-mm-de","20":"product_tag-perlen","21":"product_tag-pompon-de","22":"product_tag-puppe","23":"product_tag-schlusselanhanger","24":"product_tag-silikon","25":"product_tag-stift","26":"product_tag-von","28":"first","29":"instock","30":"taxable","31":"shipping-taxable","32":"purchasable","33":"product-type-simple"},"bundled_by":["220870","222546","222561","225452","225511","227791","229939","270547","275371"],"bundle_stock_status":"instock","bundle_stock_quantity":168,"bundle_virtual":false,"bundle_layout":"","bundle_add_to_cart_form_location":"","bundle_editable_in_cart":false,"bundle_sold_individually_context":"","bundle_item_grouping":"","bundle_min_size":"","bundle_max_size":"","bundle_price":[],"bundled_items":[],"bundle_sell_ids":[],"yoast_head":"<!-- This site is optimized with the Yoast SEO Premium plugin v27.6 (Yoast SEO v27.6) - https:\/\/yoast.com\/product\/yoast-seo-premium-wordpress\/ -->\n<title>- Jootjes.nl<\/title>\n<meta name=\"description\" content=\"Pompon mit R\u00fcschen 30 mm - Eiche Dunkel 30 mm. Wird h\u00e4ufig f\u00fcr Schl\u00fcsselanh\u00e4nger und mehr verwendet. Von Jootjes.co.uk\" \/>\n<meta name=\"robots\" content=\"index, follow, max-snippet:-1, max-image-preview:large, max-video-preview:-1\" \/>\n<link rel=\"canonical\" href=\"https:\/\/www.jootjeshaakcadeautjes.nl\/de\/produkt\/pompon-ruschen-30-mm-dunkel-eiche\/\" \/>\n<meta property=\"og:locale\" content=\"de_DE\" \/>\n<meta property=\"og:type\" content=\"article\" \/>\n<meta property=\"og:title\" content=\"Pompon R\u00fcschen 30 mm - Eiche Dunkel\" \/>\n<meta property=\"og:description\" content=\"Pompon mit R\u00fcschen 30 mm - Eiche Dunkel 30 mm. Wird h\u00e4ufig f\u00fcr Schl\u00fcsselanh\u00e4nger und mehr verwendet. Von Jootjes.co.uk\" \/>\n<meta property=\"og:url\" content=\"https:\/\/www.jootjeshaakcadeautjes.nl\/de\/produkt\/pompon-ruschen-30-mm-dunkel-eiche\/\" \/>\n<meta property=\"og:site_name\" content=\"Jootjes Haakcadeautjes\" \/>\n<meta property=\"article:modified_time\" content=\"2026-03-24T10:02:28+00:00\" \/>\n<meta property=\"og:image\" content=\"https:\/\/www.jootjeshaakcadeautjes.nl\/wp-content\/uploads\/2024\/09\/Naamloos-332.webp\" \/>\n\t<meta property=\"og:image:width\" content=\"2048\" \/>\n\t<meta property=\"og:image:height\" content=\"2048\" \/>\n\t<meta property=\"og:image:type\" content=\"image\/webp\" \/>\n<meta name=\"twitter:card\" content=\"summary_large_image\" \/>\n<meta name=\"twitter:label1\" content=\"Preis\" \/>\n\t<meta name=\"twitter:data1\" content=\"&euro;0.42 inkl. MwSt.\" \/>\n\t<meta name=\"twitter:label2\" content=\"Verf\u00fcgbarkeit\" \/>\n\t<meta name=\"twitter:data2\" content=\"Auf Lager\" \/>\n<script type=\"application\/ld+json\" class=\"yoast-schema-graph\">{\"@context\":\"https:\\\/\\\/schema.org\",\"@graph\":[{\"@type\":\"WebPage\",\"@id\":\"https:\\\/\\\/www.jootjeshaakcadeautjes.nl\\\/de\\\/produkt\\\/pompon-ruschen-30-mm-dunkel-eiche\\\/\",\"url\":\"https:\\\/\\\/www.jootjeshaakcadeautjes.nl\\\/de\\\/produkt\\\/pompon-ruschen-30-mm-dunkel-eiche\\\/\",\"name\":\"- Jootjes.nl\",\"isPartOf\":{\"@id\":\"https:\\\/\\\/www.jootjeshaakcadeautjes.nl\\\/de\\\/#website\"},\"primaryImageOfPage\":{\"@id\":\"https:\\\/\\\/www.jootjeshaakcadeautjes.nl\\\/de\\\/produkt\\\/pompon-ruschen-30-mm-dunkel-eiche\\\/#primaryimage\"},\"image\":{\"@id\":\"https:\\\/\\\/www.jootjeshaakcadeautjes.nl\\\/de\\\/produkt\\\/pompon-ruschen-30-mm-dunkel-eiche\\\/#primaryimage\"},\"thumbnailUrl\":\"https:\\\/\\\/d1dyryakdmle7o.cloudfront.net\\\/wp-content\\\/uploads\\\/2024\\\/09\\\/Naamloos-332.webp\",\"datePublished\":\"2024-09-10T15:55:44+00:00\",\"dateModified\":\"2026-03-24T10:02:28+00:00\",\"description\":\"Pompon mit R\u00fcschen 30 mm - Eiche Dunkel 30 mm. Wird h\u00e4ufig f\u00fcr Schl\u00fcsselanh\u00e4nger und mehr verwendet. Von Jootjes.co.uk\",\"breadcrumb\":{\"@id\":\"https:\\\/\\\/www.jootjeshaakcadeautjes.nl\\\/de\\\/produkt\\\/pompon-ruschen-30-mm-dunkel-eiche\\\/#breadcrumb\"},\"inLanguage\":\"de\",\"potentialAction\":[{\"@type\":\"ReadAction\",\"target\":[\"https:\\\/\\\/www.jootjeshaakcadeautjes.nl\\\/de\\\/produkt\\\/pompon-ruschen-30-mm-dunkel-eiche\\\/\"]}]},{\"@type\":\"ImageObject\",\"inLanguage\":\"de\",\"@id\":\"https:\\\/\\\/www.jootjeshaakcadeautjes.nl\\\/de\\\/produkt\\\/pompon-ruschen-30-mm-dunkel-eiche\\\/#primaryimage\",\"url\":\"https:\\\/\\\/d1dyryakdmle7o.cloudfront.net\\\/wp-content\\\/uploads\\\/2024\\\/09\\\/Naamloos-332.webp\",\"contentUrl\":\"https:\\\/\\\/d1dyryakdmle7o.cloudfront.net\\\/wp-content\\\/uploads\\\/2024\\\/09\\\/Naamloos-332.webp\",\"width\":2048,\"height\":2048,\"caption\":\"R\u00fcschen 30 mm - Eiche Dunkel\"},{\"@type\":\"BreadcrumbList\",\"@id\":\"https:\\\/\\\/www.jootjeshaakcadeautjes.nl\\\/de\\\/produkt\\\/pompon-ruschen-30-mm-dunkel-eiche\\\/#breadcrumb\",\"itemListElement\":[{\"@type\":\"ListItem\",\"position\":1,\"name\":\"Startseite\",\"item\":\"https:\\\/\\\/www.jootjeshaakcadeautjes.nl\\\/de\\\/\"},{\"@type\":\"ListItem\",\"position\":2,\"name\":\"Gro\u00dfhandel mit Silikonperlen &#8211; Business und Consumer\",\"item\":\"https:\\\/\\\/www.jootjeshaakcadeautjes.nl\\\/de\\\/shop\\\/\"},{\"@type\":\"ListItem\",\"position\":3,\"name\":\"Pompon R\u00fcschen 30 mm &#8211; Eiche Dunkel\"}]},{\"@type\":\"WebSite\",\"@id\":\"https:\\\/\\\/www.jootjeshaakcadeautjes.nl\\\/de\\\/#website\",\"url\":\"https:\\\/\\\/www.jootjeshaakcadeautjes.nl\\\/de\\\/\",\"name\":\"Jootjes Haakcadeautjes\",\"description\":\"Silikonperlen Gro\u00dfhandel \",\"publisher\":{\"@id\":\"https:\\\/\\\/www.jootjeshaakcadeautjes.nl\\\/de\\\/#organization\"},\"potentialAction\":[{\"@type\":\"SearchAction\",\"target\":{\"@type\":\"EntryPoint\",\"urlTemplate\":\"https:\\\/\\\/www.jootjeshaakcadeautjes.nl\\\/de\\\/?s={search_term_string}\"},\"query-input\":{\"@type\":\"PropertyValueSpecification\",\"valueRequired\":true,\"valueName\":\"search_term_string\"}}],\"inLanguage\":\"de\"},{\"@type\":\"Organization\",\"@id\":\"https:\\\/\\\/www.jootjeshaakcadeautjes.nl\\\/de\\\/#organization\",\"name\":\"Jootjes Haakcadeautjes\",\"url\":\"https:\\\/\\\/www.jootjeshaakcadeautjes.nl\\\/de\\\/\",\"logo\":{\"@type\":\"ImageObject\",\"inLanguage\":\"de\",\"@id\":\"https:\\\/\\\/www.jootjeshaakcadeautjes.nl\\\/de\\\/#\\\/schema\\\/logo\\\/image\\\/\",\"url\":\"https:\\\/\\\/d1dyryakdmle7o.cloudfront.net\\\/wp-content\\\/uploads\\\/2023\\\/05\\\/Logo-rond.png\",\"contentUrl\":\"https:\\\/\\\/d1dyryakdmle7o.cloudfront.net\\\/wp-content\\\/uploads\\\/2023\\\/05\\\/Logo-rond.png\",\"width\":1222,\"height\":1222,\"caption\":\"Jootjes Haakcadeautjes\"},\"image\":{\"@id\":\"https:\\\/\\\/www.jootjeshaakcadeautjes.nl\\\/de\\\/#\\\/schema\\\/logo\\\/image\\\/\"}}]}<\/script>\n<meta property=\"product:price:amount\" content=\"0.42\" \/>\n<meta property=\"product:price:currency\" content=\"EUR\" \/>\n<meta property=\"og:availability\" content=\"instock\" \/>\n<meta property=\"product:availability\" content=\"instock\" \/>\n<meta property=\"product:retailer_item_id\" content=\"POM-RUC-DAO\" \/>\n<meta property=\"product:condition\" content=\"new\" \/>\n<!-- \/ Yoast SEO Premium plugin. -->","yoast_head_json":{"title":"- Jootjes.nl","description":"Pompon mit R\u00fcschen 30 mm - Eiche Dunkel 30 mm. Wird h\u00e4ufig f\u00fcr Schl\u00fcsselanh\u00e4nger und mehr verwendet. Von Jootjes.co.uk","robots":{"index":"index","follow":"follow","max-snippet":"max-snippet:-1","max-image-preview":"max-image-preview:large","max-video-preview":"max-video-preview:-1"},"canonical":"https:\/\/www.jootjeshaakcadeautjes.nl\/de\/produkt\/pompon-ruschen-30-mm-dunkel-eiche\/","og_locale":"de_DE","og_type":"article","og_title":"Pompon R\u00fcschen 30 mm - Eiche Dunkel","og_description":"Pompon mit R\u00fcschen 30 mm - Eiche Dunkel 30 mm. Wird h\u00e4ufig f\u00fcr Schl\u00fcsselanh\u00e4nger und mehr verwendet. Von Jootjes.co.uk","og_url":"https:\/\/www.jootjeshaakcadeautjes.nl\/de\/produkt\/pompon-ruschen-30-mm-dunkel-eiche\/","og_site_name":"Jootjes Haakcadeautjes","article_modified_time":"2026-03-24T10:02:28+00:00","og_image":[{"width":2048,"height":2048,"url":"https:\/\/www.jootjeshaakcadeautjes.nl\/wp-content\/uploads\/2024\/09\/Naamloos-332.webp","type":"image\/webp"}],"twitter_card":"summary_large_image","twitter_misc":{"Preis":"&euro;0.42 inkl. MwSt.","Verf\u00fcgbarkeit":"Auf Lager"},"schema":{"@context":"https:\/\/schema.org","@graph":[{"@type":"WebPage","@id":"https:\/\/www.jootjeshaakcadeautjes.nl\/de\/produkt\/pompon-ruschen-30-mm-dunkel-eiche\/","url":"https:\/\/www.jootjeshaakcadeautjes.nl\/de\/produkt\/pompon-ruschen-30-mm-dunkel-eiche\/","name":"- Jootjes.nl","isPartOf":{"@id":"https:\/\/www.jootjeshaakcadeautjes.nl\/de\/#website"},"primaryImageOfPage":{"@id":"https:\/\/www.jootjeshaakcadeautjes.nl\/de\/produkt\/pompon-ruschen-30-mm-dunkel-eiche\/#primaryimage"},"image":{"@id":"https:\/\/www.jootjeshaakcadeautjes.nl\/de\/produkt\/pompon-ruschen-30-mm-dunkel-eiche\/#primaryimage"},"thumbnailUrl":"https:\/\/d1dyryakdmle7o.cloudfront.net\/wp-content\/uploads\/2024\/09\/Naamloos-332.webp","datePublished":"2024-09-10T15:55:44+00:00","dateModified":"2026-03-24T10:02:28+00:00","description":"Pompon mit R\u00fcschen 30 mm - Eiche Dunkel 30 mm. Wird h\u00e4ufig f\u00fcr Schl\u00fcsselanh\u00e4nger und mehr verwendet. Von Jootjes.co.uk","breadcrumb":{"@id":"https:\/\/www.jootjeshaakcadeautjes.nl\/de\/produkt\/pompon-ruschen-30-mm-dunkel-eiche\/#breadcrumb"},"inLanguage":"de","potentialAction":[{"@type":"ReadAction","target":["https:\/\/www.jootjeshaakcadeautjes.nl\/de\/produkt\/pompon-ruschen-30-mm-dunkel-eiche\/"]}]},{"@type":"ImageObject","inLanguage":"de","@id":"https:\/\/www.jootjeshaakcadeautjes.nl\/de\/produkt\/pompon-ruschen-30-mm-dunkel-eiche\/#primaryimage","url":"https:\/\/d1dyryakdmle7o.cloudfront.net\/wp-content\/uploads\/2024\/09\/Naamloos-332.webp","contentUrl":"https:\/\/d1dyryakdmle7o.cloudfront.net\/wp-content\/uploads\/2024\/09\/Naamloos-332.webp","width":2048,"height":2048,"caption":"R\u00fcschen 30 mm - Eiche Dunkel"},{"@type":"BreadcrumbList","@id":"https:\/\/www.jootjeshaakcadeautjes.nl\/de\/produkt\/pompon-ruschen-30-mm-dunkel-eiche\/#breadcrumb","itemListElement":[{"@type":"ListItem","position":1,"name":"Startseite","item":"https:\/\/www.jootjeshaakcadeautjes.nl\/de\/"},{"@type":"ListItem","position":2,"name":"Gro\u00dfhandel mit Silikonperlen &#8211; Business und Consumer","item":"https:\/\/www.jootjeshaakcadeautjes.nl\/de\/shop\/"},{"@type":"ListItem","position":3,"name":"Pompon R\u00fcschen 30 mm &#8211; Eiche Dunkel"}]},{"@type":"WebSite","@id":"https:\/\/www.jootjeshaakcadeautjes.nl\/de\/#website","url":"https:\/\/www.jootjeshaakcadeautjes.nl\/de\/","name":"Jootjes Haakcadeautjes","description":"Silikonperlen Gro\u00dfhandel ","publisher":{"@id":"https:\/\/www.jootjeshaakcadeautjes.nl\/de\/#organization"},"potentialAction":[{"@type":"SearchAction","target":{"@type":"EntryPoint","urlTemplate":"https:\/\/www.jootjeshaakcadeautjes.nl\/de\/?s={search_term_string}"},"query-input":{"@type":"PropertyValueSpecification","valueRequired":true,"valueName":"search_term_string"}}],"inLanguage":"de"},{"@type":"Organization","@id":"https:\/\/www.jootjeshaakcadeautjes.nl\/de\/#organization","name":"Jootjes Haakcadeautjes","url":"https:\/\/www.jootjeshaakcadeautjes.nl\/de\/","logo":{"@type":"ImageObject","inLanguage":"de","@id":"https:\/\/www.jootjeshaakcadeautjes.nl\/de\/#\/schema\/logo\/image\/","url":"https:\/\/d1dyryakdmle7o.cloudfront.net\/wp-content\/uploads\/2023\/05\/Logo-rond.png","contentUrl":"https:\/\/d1dyryakdmle7o.cloudfront.net\/wp-content\/uploads\/2023\/05\/Logo-rond.png","width":1222,"height":1222,"caption":"Jootjes Haakcadeautjes"},"image":{"@id":"https:\/\/www.jootjeshaakcadeautjes.nl\/de\/#\/schema\/logo\/image\/"}}]},"product_price_amount":"0.42","product_price_currency":"EUR","og_availability":"instock","product_availability":"instock","product_retailer_item_id":"POM-RUC-DAO","product_condition":"new"},"_links":{"self":[{"href":"https:\/\/www.jootjeshaakcadeautjes.nl\/de\/wp-json\/wp\/v2\/product\/164006","targetHints":{"allow":["GET"]}}],"collection":[{"href":"https:\/\/www.jootjeshaakcadeautjes.nl\/de\/wp-json\/wp\/v2\/product"}],"about":[{"href":"https:\/\/www.jootjeshaakcadeautjes.nl\/de\/wp-json\/wp\/v2\/types\/product"}],"version-history":[{"count":0,"href":"https:\/\/www.jootjeshaakcadeautjes.nl\/de\/wp-json\/wp\/v2\/product\/164006\/revisions"}],"wp:featuredmedia":[{"embeddable":true,"href":"https:\/\/www.jootjeshaakcadeautjes.nl\/de\/wp-json\/wp\/v2\/media\/163521"}],"wp:attachment":[{"href":"https:\/\/www.jootjeshaakcadeautjes.nl\/de\/wp-json\/wp\/v2\/media?parent=164006"}],"wp:term":[{"taxonomy":"product_brand","embeddable":true,"href":"https:\/\/www.jootjeshaakcadeautjes.nl\/de\/wp-json\/wp\/v2\/product_brand?post=164006"},{"taxonomy":"product_cat","embeddable":true,"href":"https:\/\/www.jootjeshaakcadeautjes.nl\/de\/wp-json\/wp\/v2\/product_cat?post=164006"},{"taxonomy":"product_tag","embeddable":true,"href":"https:\/\/www.jootjeshaakcadeautjes.nl\/de\/wp-json\/wp\/v2\/product_tag?post=164006"}],"curies":[{"name":"wp","href":"https:\/\/api.w.org\/{rel}","templated":true}]}}