{"id":165284,"date":"2025-03-30T16:20:09","date_gmt":"2025-03-30T14:20:09","guid":{"rendered":"https:\/\/www.jootjeshaakcadeautjes.nl\/?post_type=product&#038;p=165284"},"modified":"2025-09-02T17:09:20","modified_gmt":"2025-09-02T15:09:20","slug":"silikon-beissring-badeende-ocker-gelb","status":"publish","type":"product","link":"https:\/\/www.jootjeshaakcadeautjes.nl\/de\/produkt\/silikon-beissring-badeende-ocker-gelb\/","title":{"rendered":"Bei\u00dfring aus Silikon &#8211; Gummi-Ente &#8211; Ockergelb"},"content":{"rendered":"<h1><strong>Silikon-Bei\u00dfring Gummi-Ente &#8211; Ockergelb  <\/strong><\/h1>\n<p>Der Silikonring oder Bei\u00dfring Rubber Duck &#8211; Ockergelb ist aus BPA-freiem Silikon hergestellt. Das bedeutet, dass die Produkte als sicher f\u00fcr die Verwendung in Kinderspielzeug und Bei\u00dfspielzeug f\u00fcr Babys befunden wurden. Die Silikonanwendung enth\u00e4lt keine sch\u00e4dlichen Substanzen. Unsere Produkte erf\u00fcllen daher alle erforderlichen Zertifizierungen. Die Silikonmaterialien sind auch zum K\u00fchlen im K\u00fchlschrank geeignet. Das ist sehr gut f\u00fcr wunde Z\u00e4hne.<\/p>\n<p>Die Bei\u00dffigur aus Silikon ist auf der R\u00fcckseite eingepr\u00e4gt. Durch die Verwendung verschiedener Texturen in Ihrem handgefertigten Babyspielzeug wird die Entwicklung eines Kindes gut gef\u00f6rdert. Ein Kind lernt zun\u00e4chst viel mit seinen Sinnen. Daher ist es klug, nach den folgenden Punkten zu variieren:   <\/p>\n<ul>\n<li>Material\n<ul>\n<li>Silikon<\/li>\n<li>H\u00f6lzernes<\/li>\n<li>Geh\u00e4keltes Garn.\n<ul>\n<li>Normalerweise wird Baumwollgarn verwendet, da es weniger flauschig ist. Kinder bekommen dann keine Fasern davon ab. <\/li>\n<\/ul>\n<\/li>\n<\/ul>\n<\/li>\n<li>Textur\/Relief\n<ul>\n<li>Alle unsere Silikonprodukte haben ein eigenes Relief, sowohl auf der Vorder- als auch auf der R\u00fcckseite.<\/li>\n<li>Holz, Silikon und Garn haben ohnehin alle ihre eigene Haptik und Textur.<\/li>\n<\/ul>\n<\/li>\n<li>Formen: rund, geometrisch, oval, verschiedene Tiere, Ringe.<\/li>\n<li>Visuell:\n<ul>\n<li>Verschiedene Formen<\/li>\n<li>Verschiedene Farben<\/li>\n<\/ul>\n<\/li>\n<\/ul>\n<p>Wie die Holzapplikationen werden auch die Silikonapplikationen h\u00e4ufig zur Herstellung von handgefertigtem Babyspielzeug verwendet. Die Applikationen lassen sich gut mit unseren Silikonperlen (einfarbig 20 mm oder in Form einer Mickey Mouse) kombinieren. Nachstehend finden Sie einige Beispiele daf\u00fcr.  <\/p>\n<h4><\/h4>\n","protected":false},"excerpt":{"rendered":"<ul>\n<li>Gummi-Ente &#8211; Ockergelb<\/li>\n<li>Hergestellt aus BPA-freiem Silikon.<\/li>\n<li>CE-zertifiziert, 100% kindersicher.<\/li>\n<\/ul>\n<p>Mit passenden Rubber Duck &#8211; ockergelben Perlen.<\/p>\n","protected":false},"featured_media":217903,"template":"","meta":[],"product_brand":[],"product_cat":[8608,8071,7380,9067],"product_tag":[7984,7510,8087,15435,7385,8571,7562,7452,15433,7416,7442,8217,7211],"class_list":{"0":"post-165284","1":"product","2":"type-product","3":"status-publish","4":"has-post-thumbnail","6":"product_cat-beisfiguren-aus-silikon-beisring-beisanhanger","7":"product_cat-beisringe-baby-silikon-und-holz","8":"product_cat-herstellung-von-baby-beisspielzeug-materialien-fur-schnuller-und-beisringe","9":"product_cat-tier-beisringe","10":"product_tag-anhanger","11":"product_tag-baby-de","12":"product_tag-babygymnastik","13":"product_tag-beiskette","14":"product_tag-beisring","15":"product_tag-beisspielzeug","16":"product_tag-bisswunde","17":"product_tag-bpa-frei","18":"product_tag-gummi-ente","19":"product_tag-gummischnur","20":"product_tag-kinderwagenkette","21":"product_tag-ockergelb","22":"product_tag-silikon","24":"first","25":"outofstock","26":"taxable","27":"shipping-taxable","28":"purchasable","29":"product-type-simple"},"bundled_by":[],"bundle_stock_status":"outofstock","bundle_stock_quantity":0,"bundle_virtual":false,"bundle_layout":"","bundle_add_to_cart_form_location":"","bundle_editable_in_cart":false,"bundle_sold_individually_context":"","bundle_item_grouping":"","bundle_min_size":"","bundle_max_size":"","bundle_price":[],"bundled_items":[],"bundle_sell_ids":[],"yoast_head":"<!-- This site is optimized with the Yoast SEO Premium plugin v27.6 (Yoast SEO v27.6) - https:\/\/yoast.com\/product\/yoast-seo-premium-wordpress\/ -->\n<title>Silikon Bei\u00dfring Schildkr\u00f6te - Ringe Schildkr\u00f6te | Bei\u00dfspielzeug herstellen<\/title>\n<meta name=\"description\" content=\"Bei\u00dfring Schildkr\u00f6te aus Silikon, Ring in Schildkr\u00f6tenform f\u00fcr Bei\u00dfring, Kinderwagenschnur, Schnullerschnur oder Babygym. BPA-frei, CE-zertifiziert.\" \/>\n<meta name=\"robots\" content=\"index, follow, max-snippet:-1, max-image-preview:large, max-video-preview:-1\" \/>\n<link rel=\"canonical\" href=\"https:\/\/www.jootjeshaakcadeautjes.nl\/de\/produkt\/silikon-beissring-badeende-ocker-gelb\/\" \/>\n<meta property=\"og:locale\" content=\"de_DE\" \/>\n<meta property=\"og:type\" content=\"article\" \/>\n<meta property=\"og:title\" content=\"Bei\u00dfring aus Silikon - Gummi-Ente - Ockergelb\" \/>\n<meta property=\"og:description\" content=\"Bei\u00dfring Schildkr\u00f6te aus Silikon, Ring in Schildkr\u00f6tenform f\u00fcr Bei\u00dfring, Kinderwagenschnur, Schnullerschnur oder Babygym. BPA-frei, CE-zertifiziert.\" \/>\n<meta property=\"og:url\" content=\"https:\/\/www.jootjeshaakcadeautjes.nl\/de\/produkt\/silikon-beissring-badeende-ocker-gelb\/\" \/>\n<meta property=\"og:site_name\" content=\"Jootjes Haakcadeautjes\" \/>\n<meta property=\"article:modified_time\" content=\"2025-09-02T15:09:20+00:00\" \/>\n<meta property=\"og:image\" content=\"https:\/\/www.jootjeshaakcadeautjes.nl\/wp-content\/uploads\/2025\/03\/Naamloos-1069.webp\" \/>\n\t<meta property=\"og:image:width\" content=\"2048\" \/>\n\t<meta property=\"og:image:height\" content=\"2048\" \/>\n\t<meta property=\"og:image:type\" content=\"image\/webp\" \/>\n<meta name=\"twitter:card\" content=\"summary_large_image\" \/>\n<meta name=\"twitter:label1\" content=\"Preis\" \/>\n\t<meta name=\"twitter:data1\" content=\"&euro;3.50 inkl. MwSt.\" \/>\n\t<meta name=\"twitter:label2\" content=\"Verf\u00fcgbarkeit\" \/>\n\t<meta name=\"twitter:data2\" content=\"ausverkauft\" \/>\n<script type=\"application\/ld+json\" class=\"yoast-schema-graph\">{\"@context\":\"https:\\\/\\\/schema.org\",\"@graph\":[{\"@type\":\"WebPage\",\"@id\":\"https:\\\/\\\/www.jootjeshaakcadeautjes.nl\\\/de\\\/produkt\\\/silikon-beissring-badeende-ocker-gelb\\\/\",\"url\":\"https:\\\/\\\/www.jootjeshaakcadeautjes.nl\\\/de\\\/produkt\\\/silikon-beissring-badeende-ocker-gelb\\\/\",\"name\":\"Silikon Bei\u00dfring Schildkr\u00f6te - Ringe Schildkr\u00f6te | Bei\u00dfspielzeug herstellen\",\"isPartOf\":{\"@id\":\"https:\\\/\\\/www.jootjeshaakcadeautjes.nl\\\/de\\\/#website\"},\"primaryImageOfPage\":{\"@id\":\"https:\\\/\\\/www.jootjeshaakcadeautjes.nl\\\/de\\\/produkt\\\/silikon-beissring-badeende-ocker-gelb\\\/#primaryimage\"},\"image\":{\"@id\":\"https:\\\/\\\/www.jootjeshaakcadeautjes.nl\\\/de\\\/produkt\\\/silikon-beissring-badeende-ocker-gelb\\\/#primaryimage\"},\"thumbnailUrl\":\"https:\\\/\\\/d1dyryakdmle7o.cloudfront.net\\\/wp-content\\\/uploads\\\/2025\\\/03\\\/Naamloos-1069.webp\",\"datePublished\":\"2025-03-30T14:20:09+00:00\",\"dateModified\":\"2025-09-02T15:09:20+00:00\",\"description\":\"Bei\u00dfring Schildkr\u00f6te aus Silikon, Ring in Schildkr\u00f6tenform f\u00fcr Bei\u00dfring, Kinderwagenschnur, Schnullerschnur oder Babygym. BPA-frei, CE-zertifiziert.\",\"breadcrumb\":{\"@id\":\"https:\\\/\\\/www.jootjeshaakcadeautjes.nl\\\/de\\\/produkt\\\/silikon-beissring-badeende-ocker-gelb\\\/#breadcrumb\"},\"inLanguage\":\"de\",\"potentialAction\":[{\"@type\":\"ReadAction\",\"target\":[\"https:\\\/\\\/www.jootjeshaakcadeautjes.nl\\\/de\\\/produkt\\\/silikon-beissring-badeende-ocker-gelb\\\/\"]}]},{\"@type\":\"ImageObject\",\"inLanguage\":\"de\",\"@id\":\"https:\\\/\\\/www.jootjeshaakcadeautjes.nl\\\/de\\\/produkt\\\/silikon-beissring-badeende-ocker-gelb\\\/#primaryimage\",\"url\":\"https:\\\/\\\/d1dyryakdmle7o.cloudfront.net\\\/wp-content\\\/uploads\\\/2025\\\/03\\\/Naamloos-1069.webp\",\"contentUrl\":\"https:\\\/\\\/d1dyryakdmle7o.cloudfront.net\\\/wp-content\\\/uploads\\\/2025\\\/03\\\/Naamloos-1069.webp\",\"width\":2048,\"height\":2048},{\"@type\":\"BreadcrumbList\",\"@id\":\"https:\\\/\\\/www.jootjeshaakcadeautjes.nl\\\/de\\\/produkt\\\/silikon-beissring-badeende-ocker-gelb\\\/#breadcrumb\",\"itemListElement\":[{\"@type\":\"ListItem\",\"position\":1,\"name\":\"Startseite\",\"item\":\"https:\\\/\\\/www.jootjeshaakcadeautjes.nl\\\/de\\\/\"},{\"@type\":\"ListItem\",\"position\":2,\"name\":\"Gro\u00dfhandel mit Silikonperlen &#8211; Business und Consumer\",\"item\":\"https:\\\/\\\/www.jootjeshaakcadeautjes.nl\\\/de\\\/shop\\\/\"},{\"@type\":\"ListItem\",\"position\":3,\"name\":\"Bei\u00dfring aus Silikon &#8211; Gummi-Ente &#8211; Ockergelb\"}]},{\"@type\":\"WebSite\",\"@id\":\"https:\\\/\\\/www.jootjeshaakcadeautjes.nl\\\/de\\\/#website\",\"url\":\"https:\\\/\\\/www.jootjeshaakcadeautjes.nl\\\/de\\\/\",\"name\":\"Jootjes Haakcadeautjes\",\"description\":\"Silikonperlen Gro\u00dfhandel \",\"publisher\":{\"@id\":\"https:\\\/\\\/www.jootjeshaakcadeautjes.nl\\\/de\\\/#organization\"},\"potentialAction\":[{\"@type\":\"SearchAction\",\"target\":{\"@type\":\"EntryPoint\",\"urlTemplate\":\"https:\\\/\\\/www.jootjeshaakcadeautjes.nl\\\/de\\\/?s={search_term_string}\"},\"query-input\":{\"@type\":\"PropertyValueSpecification\",\"valueRequired\":true,\"valueName\":\"search_term_string\"}}],\"inLanguage\":\"de\"},{\"@type\":\"Organization\",\"@id\":\"https:\\\/\\\/www.jootjeshaakcadeautjes.nl\\\/de\\\/#organization\",\"name\":\"Jootjes Haakcadeautjes\",\"url\":\"https:\\\/\\\/www.jootjeshaakcadeautjes.nl\\\/de\\\/\",\"logo\":{\"@type\":\"ImageObject\",\"inLanguage\":\"de\",\"@id\":\"https:\\\/\\\/www.jootjeshaakcadeautjes.nl\\\/de\\\/#\\\/schema\\\/logo\\\/image\\\/\",\"url\":\"https:\\\/\\\/d1dyryakdmle7o.cloudfront.net\\\/wp-content\\\/uploads\\\/2023\\\/05\\\/Logo-rond.png\",\"contentUrl\":\"https:\\\/\\\/d1dyryakdmle7o.cloudfront.net\\\/wp-content\\\/uploads\\\/2023\\\/05\\\/Logo-rond.png\",\"width\":1222,\"height\":1222,\"caption\":\"Jootjes Haakcadeautjes\"},\"image\":{\"@id\":\"https:\\\/\\\/www.jootjeshaakcadeautjes.nl\\\/de\\\/#\\\/schema\\\/logo\\\/image\\\/\"}}]}<\/script>\n<meta property=\"product:price:amount\" content=\"3.50\" \/>\n<meta property=\"product:price:currency\" content=\"EUR\" \/>\n<meta property=\"og:availability\" content=\"out of stock\" \/>\n<meta property=\"product:availability\" content=\"out of stock\" \/>\n<meta property=\"product:retailer_item_id\" content=\"SRI-BAE-OKG\" \/>\n<meta property=\"product:condition\" content=\"new\" \/>\n<!-- \/ Yoast SEO Premium plugin. -->","yoast_head_json":{"title":"Silikon Bei\u00dfring Schildkr\u00f6te - Ringe Schildkr\u00f6te | Bei\u00dfspielzeug herstellen","description":"Bei\u00dfring Schildkr\u00f6te aus Silikon, Ring in Schildkr\u00f6tenform f\u00fcr Bei\u00dfring, Kinderwagenschnur, Schnullerschnur oder Babygym. BPA-frei, CE-zertifiziert.","robots":{"index":"index","follow":"follow","max-snippet":"max-snippet:-1","max-image-preview":"max-image-preview:large","max-video-preview":"max-video-preview:-1"},"canonical":"https:\/\/www.jootjeshaakcadeautjes.nl\/de\/produkt\/silikon-beissring-badeende-ocker-gelb\/","og_locale":"de_DE","og_type":"article","og_title":"Bei\u00dfring aus Silikon - Gummi-Ente - Ockergelb","og_description":"Bei\u00dfring Schildkr\u00f6te aus Silikon, Ring in Schildkr\u00f6tenform f\u00fcr Bei\u00dfring, Kinderwagenschnur, Schnullerschnur oder Babygym. BPA-frei, CE-zertifiziert.","og_url":"https:\/\/www.jootjeshaakcadeautjes.nl\/de\/produkt\/silikon-beissring-badeende-ocker-gelb\/","og_site_name":"Jootjes Haakcadeautjes","article_modified_time":"2025-09-02T15:09:20+00:00","og_image":[{"width":2048,"height":2048,"url":"https:\/\/www.jootjeshaakcadeautjes.nl\/wp-content\/uploads\/2025\/03\/Naamloos-1069.webp","type":"image\/webp"}],"twitter_card":"summary_large_image","twitter_misc":{"Preis":"&euro;3.50 inkl. MwSt.","Verf\u00fcgbarkeit":"ausverkauft"},"schema":{"@context":"https:\/\/schema.org","@graph":[{"@type":"WebPage","@id":"https:\/\/www.jootjeshaakcadeautjes.nl\/de\/produkt\/silikon-beissring-badeende-ocker-gelb\/","url":"https:\/\/www.jootjeshaakcadeautjes.nl\/de\/produkt\/silikon-beissring-badeende-ocker-gelb\/","name":"Silikon Bei\u00dfring Schildkr\u00f6te - Ringe Schildkr\u00f6te | Bei\u00dfspielzeug herstellen","isPartOf":{"@id":"https:\/\/www.jootjeshaakcadeautjes.nl\/de\/#website"},"primaryImageOfPage":{"@id":"https:\/\/www.jootjeshaakcadeautjes.nl\/de\/produkt\/silikon-beissring-badeende-ocker-gelb\/#primaryimage"},"image":{"@id":"https:\/\/www.jootjeshaakcadeautjes.nl\/de\/produkt\/silikon-beissring-badeende-ocker-gelb\/#primaryimage"},"thumbnailUrl":"https:\/\/d1dyryakdmle7o.cloudfront.net\/wp-content\/uploads\/2025\/03\/Naamloos-1069.webp","datePublished":"2025-03-30T14:20:09+00:00","dateModified":"2025-09-02T15:09:20+00:00","description":"Bei\u00dfring Schildkr\u00f6te aus Silikon, Ring in Schildkr\u00f6tenform f\u00fcr Bei\u00dfring, Kinderwagenschnur, Schnullerschnur oder Babygym. BPA-frei, CE-zertifiziert.","breadcrumb":{"@id":"https:\/\/www.jootjeshaakcadeautjes.nl\/de\/produkt\/silikon-beissring-badeende-ocker-gelb\/#breadcrumb"},"inLanguage":"de","potentialAction":[{"@type":"ReadAction","target":["https:\/\/www.jootjeshaakcadeautjes.nl\/de\/produkt\/silikon-beissring-badeende-ocker-gelb\/"]}]},{"@type":"ImageObject","inLanguage":"de","@id":"https:\/\/www.jootjeshaakcadeautjes.nl\/de\/produkt\/silikon-beissring-badeende-ocker-gelb\/#primaryimage","url":"https:\/\/d1dyryakdmle7o.cloudfront.net\/wp-content\/uploads\/2025\/03\/Naamloos-1069.webp","contentUrl":"https:\/\/d1dyryakdmle7o.cloudfront.net\/wp-content\/uploads\/2025\/03\/Naamloos-1069.webp","width":2048,"height":2048},{"@type":"BreadcrumbList","@id":"https:\/\/www.jootjeshaakcadeautjes.nl\/de\/produkt\/silikon-beissring-badeende-ocker-gelb\/#breadcrumb","itemListElement":[{"@type":"ListItem","position":1,"name":"Startseite","item":"https:\/\/www.jootjeshaakcadeautjes.nl\/de\/"},{"@type":"ListItem","position":2,"name":"Gro\u00dfhandel mit Silikonperlen &#8211; Business und Consumer","item":"https:\/\/www.jootjeshaakcadeautjes.nl\/de\/shop\/"},{"@type":"ListItem","position":3,"name":"Bei\u00dfring aus Silikon &#8211; Gummi-Ente &#8211; Ockergelb"}]},{"@type":"WebSite","@id":"https:\/\/www.jootjeshaakcadeautjes.nl\/de\/#website","url":"https:\/\/www.jootjeshaakcadeautjes.nl\/de\/","name":"Jootjes Haakcadeautjes","description":"Silikonperlen Gro\u00dfhandel ","publisher":{"@id":"https:\/\/www.jootjeshaakcadeautjes.nl\/de\/#organization"},"potentialAction":[{"@type":"SearchAction","target":{"@type":"EntryPoint","urlTemplate":"https:\/\/www.jootjeshaakcadeautjes.nl\/de\/?s={search_term_string}"},"query-input":{"@type":"PropertyValueSpecification","valueRequired":true,"valueName":"search_term_string"}}],"inLanguage":"de"},{"@type":"Organization","@id":"https:\/\/www.jootjeshaakcadeautjes.nl\/de\/#organization","name":"Jootjes Haakcadeautjes","url":"https:\/\/www.jootjeshaakcadeautjes.nl\/de\/","logo":{"@type":"ImageObject","inLanguage":"de","@id":"https:\/\/www.jootjeshaakcadeautjes.nl\/de\/#\/schema\/logo\/image\/","url":"https:\/\/d1dyryakdmle7o.cloudfront.net\/wp-content\/uploads\/2023\/05\/Logo-rond.png","contentUrl":"https:\/\/d1dyryakdmle7o.cloudfront.net\/wp-content\/uploads\/2023\/05\/Logo-rond.png","width":1222,"height":1222,"caption":"Jootjes Haakcadeautjes"},"image":{"@id":"https:\/\/www.jootjeshaakcadeautjes.nl\/de\/#\/schema\/logo\/image\/"}}]},"product_price_amount":"3.50","product_price_currency":"EUR","og_availability":"out of stock","product_availability":"out of stock","product_retailer_item_id":"SRI-BAE-OKG","product_condition":"new"},"_links":{"self":[{"href":"https:\/\/www.jootjeshaakcadeautjes.nl\/de\/wp-json\/wp\/v2\/product\/165284","targetHints":{"allow":["GET"]}}],"collection":[{"href":"https:\/\/www.jootjeshaakcadeautjes.nl\/de\/wp-json\/wp\/v2\/product"}],"about":[{"href":"https:\/\/www.jootjeshaakcadeautjes.nl\/de\/wp-json\/wp\/v2\/types\/product"}],"version-history":[{"count":0,"href":"https:\/\/www.jootjeshaakcadeautjes.nl\/de\/wp-json\/wp\/v2\/product\/165284\/revisions"}],"wp:featuredmedia":[{"embeddable":true,"href":"https:\/\/www.jootjeshaakcadeautjes.nl\/de\/wp-json\/wp\/v2\/media\/217903"}],"wp:attachment":[{"href":"https:\/\/www.jootjeshaakcadeautjes.nl\/de\/wp-json\/wp\/v2\/media?parent=165284"}],"wp:term":[{"taxonomy":"product_brand","embeddable":true,"href":"https:\/\/www.jootjeshaakcadeautjes.nl\/de\/wp-json\/wp\/v2\/product_brand?post=165284"},{"taxonomy":"product_cat","embeddable":true,"href":"https:\/\/www.jootjeshaakcadeautjes.nl\/de\/wp-json\/wp\/v2\/product_cat?post=165284"},{"taxonomy":"product_tag","embeddable":true,"href":"https:\/\/www.jootjeshaakcadeautjes.nl\/de\/wp-json\/wp\/v2\/product_tag?post=165284"}],"curies":[{"name":"wp","href":"https:\/\/api.w.org\/{rel}","templated":true}]}}