{"id":167088,"date":"2024-09-29T15:06:49","date_gmt":"2024-09-29T13:06:49","guid":{"rendered":"https:\/\/www.jootjeshaakcadeautjes.nl\/product\/schnuller-kordel-regel\/"},"modified":"2025-06-29T03:07:36","modified_gmt":"2025-06-29T01:07:36","slug":"schnuller-kordel-regel","status":"publish","type":"product","link":"https:\/\/www.jootjeshaakcadeautjes.nl\/de\/produkt\/schnuller-kordel-regel\/","title":{"rendered":"Schnuller herstellen &#8211; Die angewandten Regeln &#8211; Jootjes E-book &#8211; NL\/FR\/DE\/EN"},"content":{"rendered":"<h1>Schnullerherstellung &#8211; Das angewandte Regelwerk &#8211; Ein Joots-E-Book<\/h1>\n<h2>Sie m\u00f6chten sichere Schnuller herstellen, wissen aber nicht, wo Sie anfangen sollen?<\/h2>\n<p>Sie sind nicht der Einzige! Es gibt so viele verschiedene Leitlinien. Es ist oft nicht sofort klar, welches Dokument Sie haben sollten und f\u00fcr wen es konkret gilt. Au\u00dferdem sind diese oft in englischer Sprache verfasst und auch sehr technisch und schwer zu verstehen. Die Richtlinien beziehen sich auch oft auf Schnullerkabel im Allgemeinen und nicht speziell auf Schnullerkabel mit Perlen. Das macht es schwierig, die richtigen Informationen zu finden, aber auch die Informationen auf Ihr spezielles Produkt zu \u00fcbertragen. Au\u00dferdem kursieren auf dem Markt viele widerspr\u00fcchliche Berichte, die Sie vielleicht noch mehr z\u00f6gern lassen. Deshalb wollen wir Ihnen mit diesem E-Book helfen!       <\/p>\n<p>Wir bei <strong>Jootjes<\/strong> verf\u00fcgen \u00fcber jahrelange Erfahrung in der Bereitstellung von sicheren und zertifizierten Perlen und Teilen f\u00fcr Zitzenstr\u00e4nge. Unser Ziel mit diesem E-Book ist es, Klarheit zu schaffen und Sie Schritt f\u00fcr Schritt durch den Prozess zu f\u00fchren. Wir m\u00f6chten sicherstellen, dass Sie nicht nur die richtigen Regeln kennen, sondern auch lernen, wie Sie diese Regeln auf Ihre Schnuller anwenden und wie Sie Ihr Endprodukt pr\u00fcfen lassen k\u00f6nnen.  <\/p>\n<h3>Warum ist die Regulierung bei der Herstellung von Schnullerschn\u00fcren wichtig?<\/h3>\n<p>Um sichere Schnullerschn\u00fcre herzustellen, m\u00fcssen bestimmte gesetzliche Vorgaben eingehalten werden. Die wichtigste Richtlinie in Europa ist die <strong>EN 12586<\/strong>, die Anforderungen an Schnullerschn\u00fcre stellt, um sicherzustellen, dass sie f\u00fcr Kinder sicher sind. In diesem E-Book gehen wir die wichtigsten Teile dieser und anderer Richtlinien durch und erkl\u00e4ren, was gepr\u00fcft werden muss. Dabei wenden wir die Teile auf die Herstellung von Schnullerschn\u00fcren mit Perlen an. Wir konzentrieren uns auf alles, von der chemischen Sicherheit der Materialien bis hin zu den mechanischen Anforderungen, wie z. B. die Zugfestigkeit und die maximale L\u00e4nge der Schnur.    <\/p>\n<p>Wussten Sie, dass Ihre Schnullerschnur nicht verkauft werden darf, wenn sie diesen Vorschriften nicht entspricht? Und dass Sie auch bestimmte Vorschriften und Warnhinweise einbeziehen m\u00fcssen? Deshalb ist es wichtig, dass Sie alle Sicherheitsvorschriften kennen, damit Sie mit Zuversicht eine sichere Schnullerschnur herstellen k\u00f6nnen.  <\/p>\n<h3>Was werden Sie in diesem E-Book lernen?<\/h3>\n<p>Wir begleiten Sie von der Orientierungsphase bis zur Testphase. Sie werden zum Beispiel lernen: <\/p>\n<ul>\n<li><strong>Welche Materialien sind geeignet?<\/strong><br \/>\nNicht jede Kordel oder Perle ist sicher zu verwenden. Wir sagen Ihnen genau, worauf Sie bei der Auswahl sicherer Materialien wie Silikonperlen und -kordeln achten m\u00fcssen. Alle Silikon- und Holzperlen und Komponenten, die wir in unserem Gro\u00dfhandel anbieten, sind chemisch unbedenklich und erf\u00fcllen in dieser Hinsicht die strengsten Sicherheitsanforderungen.  <\/li>\n<li><strong>Welche Tests sind erforderlich?<\/strong><br \/>\nJede Schnullerschnur muss bestimmte Tests bestehen, wie zum Beispiel chemische und mechanische Tests. Mit diesen Tests wird gepr\u00fcft, dass die Teile nicht sch\u00e4dlich f\u00fcr Babys sind und dass die Schnullerschnur z.B. nicht zu schnell rei\u00dft. In diesem E-Book geben wir Ihnen einen \u00dcberblick \u00fcber die verschiedenen Tests, wie sie f\u00fcr Ihre Produkte gelten und wie Sie sicherstellen k\u00f6nnen, dass Ihre Schnullerschnur diesen Tests entspricht. Das reicht von Produkten, die Sie vermeiden sollten, bis hin zu Tipps und Tricks f\u00fcr die Anwendung.   <\/li>\n<li><strong>Woher wissen Sie, ob Ihre Schnurattrappe der Norm NEN-EN 12586 entspricht?<\/strong><br \/>\nWir erkl\u00e4ren, wie Sie Schnuller von zertifizierten Pr\u00fcforganisationen testen lassen k\u00f6nnen, um sicherzustellen, dass sie sicher sind.<\/li>\n<\/ul>\n<p>Obwohl wir Ihnen sehr viele gute Sicherheitstipps geben, k\u00f6nnen wir als Gro\u00dfh\u00e4ndler ehrlich gesagt niemals garantieren, dass Ihre Schnullerschnur v\u00f6llig sicher ist. Jootjes ist nicht an der Herstellung Ihres Endprodukts beteiligt und ist keine zertifizierte Pr\u00fcfstelle. Das Testen Ihres Endprodukts ist die einzige M\u00f6glichkeit, dies zu gew\u00e4hrleisten. Wir sagen daher nicht, dass Sie mit diesem Dokument immer eine sichere Schnullerschnur herstellen werden. Wir gehen davon aus, dass Sie nach der Lekt\u00fcre dieses Dokuments die wichtigsten Regeln der Sicherheitsrichtlinien kennen und Ihnen Werkzeuge an die Hand geben, um sie in Ihrem Produkt anzuwenden. Wenn Sie wirklich sicher sein wollen, dass Ihr Produkt sicher ist. Dann sollten Sie es testen und ggf. weiterentwickeln lassen.      <\/p>\n<h3>Warum Jootjes w\u00e4hlen?<\/h3>\n<p>Wir wissen besser als jeder andere, wie schwierig es sein kann, die Regeln zu durchschauen und genau zu verstehen, was es braucht, um sichere Schnuller herzustellen. Deshalb haben wir dieses E-Book entwickelt: um Ihnen mit unserem Fachwissen und unserer Erfahrung mit Schnullern und Silikonperlen zu helfen. Wir bei <strong>Jootjes<\/strong> verf\u00fcgen \u00fcber jahrelanges Wissen in der Welt der sicheren Babyprodukte und arbeiten selbst mit den besten Pr\u00fcforganisationen zusammen, um sicherzustellen, dass unsere Produkte immer den h\u00f6chsten Standards entsprechen.  <\/p>\n<p>Mit diesem E-Book wollen wir aufkl\u00e4ren und zeigen, dass die Herstellung von sicheren Schnullern gar nicht so schwierig sein muss, wenn man die richtigen Informationen hat.<\/p>\n<h3>Sind Sie auch bereit, loszulegen?<\/h3>\n<p><strong>Hinweis:<\/strong> Dieses E-Book behandelt die notwendigen Vorschriften und Sicherheitsanforderungen. Es enth\u00e4lt weder eine Anleitung noch eine Anleitung zum Bau. Diese werden in einem separaten E-Book folgen, das sich derzeit in der Entwicklung befindet.  <\/p>\n<h3>Zusammenfassung: Dieses E-Book ist Ihr Leitfaden f\u00fcr die Herstellung von sicheren Schnullerschn\u00fcren!<\/h3>\n<p>Ganz gleich, ob Sie gerade erst anfangen oder bereits Erfahrung haben, in diesem E-Book erfahren Sie alles, was Sie an Wissen ben\u00f6tigen, um sichere und stilvolle Zitzenschn\u00fcre herzustellen. Von der chemischen Sicherheit der Perlen bis hin zu den mechanischen Anforderungen und allen Vorschriften dazwischen helfen wir Ihnen bei Ihren ersten Schritten. So werden Sie schon bald mit ruhigem Gewissen wundersch\u00f6ne Schnullerschn\u00fcre f\u00fcr Eltern und ihre Kleinen herstellen.  <\/p>\n<p><em>Haftungsausschluss:  <\/em><\/p>\n<p><em>Obwohl wir uns bem\u00fchen, die Informationen in diesem Dokument sorgf\u00e4ltig und fehlerfrei bereitzustellen, liegt die Verantwortung f\u00fcr die Verwendung des Dokuments vollst\u00e4ndig beim Leser. Jootjes kann nicht garantieren, dass die Befolgung der Informationen oder Anweisungen zu einer sicheren Schnullerschnur f\u00fchrt, da wir nicht an der Produktion der Schnullerschnur beteiligt sind und keine zertifizierte Pr\u00fcfstelle sind und daher keine Pr\u00fcfbefugnis haben. Um sicher zu sein, muss eine zertifizierte Pr\u00fcfstelle Ihre Schnullerschnur testen. Jootjes ist nicht verantwortlich f\u00fcr den Verkauf oder die Verwendung von unsicheren Schnullern und eventuelle Folgesch\u00e4den.   <\/em><\/p>\n","protected":false},"excerpt":{"rendered":"<p>Das Jootjes-E-Book hilft Ihnen Schritt f\u00fcr Schritt bei der Herstellung sicherer Schnuller, erkl\u00e4rt anschaulich alle wichtigen Vorschriften wie die NEN-EN 12586 und gibt Tipps zur Auswahl sicherer Materialien. Dieses Produkt kann nur separat erworben werden und wird nicht auf den Gesamtbetrag f\u00fcr den kostenlosen Versand angerechnet. Das E-Book selbst wird nat\u00fcrlich per E-Mail verschickt, der Versand ist also kostenlos.  <\/p>\n<p>Sie erhalten das Produkt nach der Freigabe an Ihre E-Mail Adresse. Aus urheberrechtlichen Gr\u00fcnden steht das Produkt nicht direkt auf der Website zum Download zur Verf\u00fcgung, sondern wird jeder Person per E-Mail zugestellt.   <strong>Der Versand erfolgt in der Regel innerhalb von 2-3 Werktagen (Verz\u00f6gerung bei gro\u00dfem Andrang m\u00f6glich).<\/strong><\/p>\n<p>Das E-Book ist in Niederl\u00e4ndisch, Deutsch, Franz\u00f6sisch und Englisch erh\u00e4ltlich. M\u00f6chten Sie eine andere Sprache als Niederl\u00e4ndisch? Bitte geben Sie dies in den Kommentaren an.  <\/p>\n","protected":false},"featured_media":166461,"template":"","meta":[],"product_brand":[],"product_cat":[15693,6991],"product_tag":[15694,15695,8238,7416,8600,7214,15104,7520],"class_list":{"0":"post-167088","1":"product","2":"type-product","3":"status-publish","4":"has-post-thumbnail","6":"product_cat-e-books-tutorials-handbucher-und-vorschriften","7":"product_cat-silikonperlen-bpa-frei-grosshandel","8":"product_tag-e-book-de","9":"product_tag-ebook-de","10":"product_tag-en12586-de","11":"product_tag-gummischnur","12":"product_tag-leitlinien","13":"product_tag-machen","14":"product_tag-schnullerschnure","15":"product_tag-sicher","17":"first","18":"instock","19":"taxable","20":"shipping-taxable","21":"purchasable","22":"product-type-variable","23":"has-default-attributes"},"bundled_by":[],"bundle_stock_status":"instock","bundle_stock_quantity":null,"bundle_virtual":false,"bundle_layout":"","bundle_add_to_cart_form_location":"","bundle_editable_in_cart":false,"bundle_sold_individually_context":"","bundle_item_grouping":"","bundle_min_size":"","bundle_max_size":"","bundle_price":[],"bundled_items":[],"bundle_sell_ids":[],"yoast_head":"<!-- This site is optimized with the Yoast SEO Premium plugin v27.6 (Yoast SEO v27.6) - https:\/\/yoast.com\/product\/yoast-seo-premium-wordpress\/ -->\n<title>Sichere Schnullerschn\u00fcre herstellen - Regulierung - Yootjes E-book<\/title>\n<meta name=\"description\" content=\"Informieren Sie sich in unserem E-Book \u00fcber die Vorschriften (EN12586) zur sicheren Herstellung von Schnullern. Inklusive praktischer Tipps, um alle Anforderungen zu erf\u00fcllen!\" \/>\n<meta name=\"robots\" content=\"index, follow, max-snippet:-1, max-image-preview:large, max-video-preview:-1\" \/>\n<link rel=\"canonical\" href=\"https:\/\/www.jootjeshaakcadeautjes.nl\/de\/produkt\/schnuller-kordel-regel\/\" \/>\n<meta property=\"og:locale\" content=\"de_DE\" \/>\n<meta property=\"og:type\" content=\"article\" \/>\n<meta property=\"og:title\" content=\"Schnuller herstellen - Die angewandten Regeln - Jootjes E-book - NL\/FR\/DE\/EN\" \/>\n<meta property=\"og:description\" content=\"Informieren Sie sich in unserem E-Book \u00fcber die Vorschriften (EN12586) zur sicheren Herstellung von Schnullern. Inklusive praktischer Tipps, um alle Anforderungen zu erf\u00fcllen!\" \/>\n<meta property=\"og:url\" content=\"https:\/\/www.jootjeshaakcadeautjes.nl\/de\/produkt\/schnuller-kordel-regel\/\" \/>\n<meta property=\"og:site_name\" content=\"Jootjes Haakcadeautjes\" \/>\n<meta property=\"article:modified_time\" content=\"2025-06-29T01:07:36+00:00\" \/>\n<meta property=\"og:image\" content=\"https:\/\/d1dyryakdmle7o.cloudfront.net\/wp-content\/uploads\/2024\/09\/E-book-Speenkoorden-maken-De-toegepaste-regelgeving.webp\" \/>\n\t<meta property=\"og:image:width\" content=\"1080\" \/>\n\t<meta property=\"og:image:height\" content=\"1080\" \/>\n\t<meta property=\"og:image:type\" content=\"image\/webp\" \/>\n<meta name=\"twitter:card\" content=\"summary_large_image\" \/>\n<meta name=\"twitter:label1\" content=\"Verf\u00fcgbarkeit\" \/>\n\t<meta name=\"twitter:data1\" content=\"Auf Lager\" \/>\n<script type=\"application\/ld+json\" class=\"yoast-schema-graph\">{\"@context\":\"https:\\\/\\\/schema.org\",\"@graph\":[{\"@type\":\"WebPage\",\"@id\":\"https:\\\/\\\/www.jootjeshaakcadeautjes.nl\\\/de\\\/produkt\\\/schnuller-kordel-regel\\\/\",\"url\":\"https:\\\/\\\/www.jootjeshaakcadeautjes.nl\\\/de\\\/produkt\\\/schnuller-kordel-regel\\\/\",\"name\":\"Sichere Schnullerschn\u00fcre herstellen - Regulierung - Yootjes E-book\",\"isPartOf\":{\"@id\":\"https:\\\/\\\/www.jootjeshaakcadeautjes.nl\\\/de\\\/#website\"},\"primaryImageOfPage\":{\"@id\":\"https:\\\/\\\/www.jootjeshaakcadeautjes.nl\\\/de\\\/produkt\\\/schnuller-kordel-regel\\\/#primaryimage\"},\"image\":{\"@id\":\"https:\\\/\\\/www.jootjeshaakcadeautjes.nl\\\/de\\\/produkt\\\/schnuller-kordel-regel\\\/#primaryimage\"},\"thumbnailUrl\":\"https:\\\/\\\/d1dyryakdmle7o.cloudfront.net\\\/wp-content\\\/uploads\\\/2024\\\/09\\\/E-book-Speenkoorden-maken-De-toegepaste-regelgeving.webp\",\"datePublished\":\"2024-09-29T13:06:49+00:00\",\"dateModified\":\"2025-06-29T01:07:36+00:00\",\"description\":\"Informieren Sie sich in unserem E-Book \u00fcber die Vorschriften (EN12586) zur sicheren Herstellung von Schnullern. Inklusive praktischer Tipps, um alle Anforderungen zu erf\u00fcllen!\",\"breadcrumb\":{\"@id\":\"https:\\\/\\\/www.jootjeshaakcadeautjes.nl\\\/de\\\/produkt\\\/schnuller-kordel-regel\\\/#breadcrumb\"},\"inLanguage\":\"de\",\"potentialAction\":[{\"@type\":\"ReadAction\",\"target\":[\"https:\\\/\\\/www.jootjeshaakcadeautjes.nl\\\/de\\\/produkt\\\/schnuller-kordel-regel\\\/\"]}]},{\"@type\":\"ImageObject\",\"inLanguage\":\"de\",\"@id\":\"https:\\\/\\\/www.jootjeshaakcadeautjes.nl\\\/de\\\/produkt\\\/schnuller-kordel-regel\\\/#primaryimage\",\"url\":\"https:\\\/\\\/d1dyryakdmle7o.cloudfront.net\\\/wp-content\\\/uploads\\\/2024\\\/09\\\/E-book-Speenkoorden-maken-De-toegepaste-regelgeving.webp\",\"contentUrl\":\"https:\\\/\\\/d1dyryakdmle7o.cloudfront.net\\\/wp-content\\\/uploads\\\/2024\\\/09\\\/E-book-Speenkoorden-maken-De-toegepaste-regelgeving.webp\",\"width\":1080,\"height\":1080},{\"@type\":\"BreadcrumbList\",\"@id\":\"https:\\\/\\\/www.jootjeshaakcadeautjes.nl\\\/de\\\/produkt\\\/schnuller-kordel-regel\\\/#breadcrumb\",\"itemListElement\":[{\"@type\":\"ListItem\",\"position\":1,\"name\":\"Startseite\",\"item\":\"https:\\\/\\\/www.jootjeshaakcadeautjes.nl\\\/de\\\/\"},{\"@type\":\"ListItem\",\"position\":2,\"name\":\"Gro\u00dfhandel mit Silikonperlen &#8211; Business und Consumer\",\"item\":\"https:\\\/\\\/www.jootjeshaakcadeautjes.nl\\\/de\\\/shop\\\/\"},{\"@type\":\"ListItem\",\"position\":3,\"name\":\"Schnuller herstellen &#8211; Die angewandten Regeln &#8211; Jootjes E-book &#8211; NL\\\/FR\\\/DE\\\/EN\"}]},{\"@type\":\"WebSite\",\"@id\":\"https:\\\/\\\/www.jootjeshaakcadeautjes.nl\\\/de\\\/#website\",\"url\":\"https:\\\/\\\/www.jootjeshaakcadeautjes.nl\\\/de\\\/\",\"name\":\"Jootjes Haakcadeautjes\",\"description\":\"Silikonperlen Gro\u00dfhandel \",\"publisher\":{\"@id\":\"https:\\\/\\\/www.jootjeshaakcadeautjes.nl\\\/de\\\/#organization\"},\"potentialAction\":[{\"@type\":\"SearchAction\",\"target\":{\"@type\":\"EntryPoint\",\"urlTemplate\":\"https:\\\/\\\/www.jootjeshaakcadeautjes.nl\\\/de\\\/?s={search_term_string}\"},\"query-input\":{\"@type\":\"PropertyValueSpecification\",\"valueRequired\":true,\"valueName\":\"search_term_string\"}}],\"inLanguage\":\"de\"},{\"@type\":\"Organization\",\"@id\":\"https:\\\/\\\/www.jootjeshaakcadeautjes.nl\\\/de\\\/#organization\",\"name\":\"Jootjes Haakcadeautjes\",\"url\":\"https:\\\/\\\/www.jootjeshaakcadeautjes.nl\\\/de\\\/\",\"logo\":{\"@type\":\"ImageObject\",\"inLanguage\":\"de\",\"@id\":\"https:\\\/\\\/www.jootjeshaakcadeautjes.nl\\\/de\\\/#\\\/schema\\\/logo\\\/image\\\/\",\"url\":\"https:\\\/\\\/d1dyryakdmle7o.cloudfront.net\\\/wp-content\\\/uploads\\\/2023\\\/05\\\/Logo-rond.png\",\"contentUrl\":\"https:\\\/\\\/d1dyryakdmle7o.cloudfront.net\\\/wp-content\\\/uploads\\\/2023\\\/05\\\/Logo-rond.png\",\"width\":1222,\"height\":1222,\"caption\":\"Jootjes Haakcadeautjes\"},\"image\":{\"@id\":\"https:\\\/\\\/www.jootjeshaakcadeautjes.nl\\\/de\\\/#\\\/schema\\\/logo\\\/image\\\/\"}}]}<\/script>\n<meta property=\"og:availability\" content=\"instock\" \/>\n<meta property=\"product:availability\" content=\"instock\" \/>\n<meta property=\"product:retailer_item_id\" content=\"EBO-SPM-TGPR\" \/>\n<meta property=\"product:condition\" content=\"new\" \/>\n<!-- \/ Yoast SEO Premium plugin. -->","yoast_head_json":{"title":"Sichere Schnullerschn\u00fcre herstellen - Regulierung - Yootjes E-book","description":"Informieren Sie sich in unserem E-Book \u00fcber die Vorschriften (EN12586) zur sicheren Herstellung von Schnullern. Inklusive praktischer Tipps, um alle Anforderungen zu erf\u00fcllen!","robots":{"index":"index","follow":"follow","max-snippet":"max-snippet:-1","max-image-preview":"max-image-preview:large","max-video-preview":"max-video-preview:-1"},"canonical":"https:\/\/www.jootjeshaakcadeautjes.nl\/de\/produkt\/schnuller-kordel-regel\/","og_locale":"de_DE","og_type":"article","og_title":"Schnuller herstellen - Die angewandten Regeln - Jootjes E-book - NL\/FR\/DE\/EN","og_description":"Informieren Sie sich in unserem E-Book \u00fcber die Vorschriften (EN12586) zur sicheren Herstellung von Schnullern. Inklusive praktischer Tipps, um alle Anforderungen zu erf\u00fcllen!","og_url":"https:\/\/www.jootjeshaakcadeautjes.nl\/de\/produkt\/schnuller-kordel-regel\/","og_site_name":"Jootjes Haakcadeautjes","article_modified_time":"2025-06-29T01:07:36+00:00","og_image":[{"width":1080,"height":1080,"url":"https:\/\/d1dyryakdmle7o.cloudfront.net\/wp-content\/uploads\/2024\/09\/E-book-Speenkoorden-maken-De-toegepaste-regelgeving.webp","type":"image\/webp"}],"twitter_card":"summary_large_image","twitter_misc":{"Verf\u00fcgbarkeit":"Auf Lager"},"schema":{"@context":"https:\/\/schema.org","@graph":[{"@type":"WebPage","@id":"https:\/\/www.jootjeshaakcadeautjes.nl\/de\/produkt\/schnuller-kordel-regel\/","url":"https:\/\/www.jootjeshaakcadeautjes.nl\/de\/produkt\/schnuller-kordel-regel\/","name":"Sichere Schnullerschn\u00fcre herstellen - Regulierung - Yootjes E-book","isPartOf":{"@id":"https:\/\/www.jootjeshaakcadeautjes.nl\/de\/#website"},"primaryImageOfPage":{"@id":"https:\/\/www.jootjeshaakcadeautjes.nl\/de\/produkt\/schnuller-kordel-regel\/#primaryimage"},"image":{"@id":"https:\/\/www.jootjeshaakcadeautjes.nl\/de\/produkt\/schnuller-kordel-regel\/#primaryimage"},"thumbnailUrl":"https:\/\/d1dyryakdmle7o.cloudfront.net\/wp-content\/uploads\/2024\/09\/E-book-Speenkoorden-maken-De-toegepaste-regelgeving.webp","datePublished":"2024-09-29T13:06:49+00:00","dateModified":"2025-06-29T01:07:36+00:00","description":"Informieren Sie sich in unserem E-Book \u00fcber die Vorschriften (EN12586) zur sicheren Herstellung von Schnullern. Inklusive praktischer Tipps, um alle Anforderungen zu erf\u00fcllen!","breadcrumb":{"@id":"https:\/\/www.jootjeshaakcadeautjes.nl\/de\/produkt\/schnuller-kordel-regel\/#breadcrumb"},"inLanguage":"de","potentialAction":[{"@type":"ReadAction","target":["https:\/\/www.jootjeshaakcadeautjes.nl\/de\/produkt\/schnuller-kordel-regel\/"]}]},{"@type":"ImageObject","inLanguage":"de","@id":"https:\/\/www.jootjeshaakcadeautjes.nl\/de\/produkt\/schnuller-kordel-regel\/#primaryimage","url":"https:\/\/d1dyryakdmle7o.cloudfront.net\/wp-content\/uploads\/2024\/09\/E-book-Speenkoorden-maken-De-toegepaste-regelgeving.webp","contentUrl":"https:\/\/d1dyryakdmle7o.cloudfront.net\/wp-content\/uploads\/2024\/09\/E-book-Speenkoorden-maken-De-toegepaste-regelgeving.webp","width":1080,"height":1080},{"@type":"BreadcrumbList","@id":"https:\/\/www.jootjeshaakcadeautjes.nl\/de\/produkt\/schnuller-kordel-regel\/#breadcrumb","itemListElement":[{"@type":"ListItem","position":1,"name":"Startseite","item":"https:\/\/www.jootjeshaakcadeautjes.nl\/de\/"},{"@type":"ListItem","position":2,"name":"Gro\u00dfhandel mit Silikonperlen &#8211; Business und Consumer","item":"https:\/\/www.jootjeshaakcadeautjes.nl\/de\/shop\/"},{"@type":"ListItem","position":3,"name":"Schnuller herstellen &#8211; Die angewandten Regeln &#8211; Jootjes E-book &#8211; NL\/FR\/DE\/EN"}]},{"@type":"WebSite","@id":"https:\/\/www.jootjeshaakcadeautjes.nl\/de\/#website","url":"https:\/\/www.jootjeshaakcadeautjes.nl\/de\/","name":"Jootjes Haakcadeautjes","description":"Silikonperlen Gro\u00dfhandel ","publisher":{"@id":"https:\/\/www.jootjeshaakcadeautjes.nl\/de\/#organization"},"potentialAction":[{"@type":"SearchAction","target":{"@type":"EntryPoint","urlTemplate":"https:\/\/www.jootjeshaakcadeautjes.nl\/de\/?s={search_term_string}"},"query-input":{"@type":"PropertyValueSpecification","valueRequired":true,"valueName":"search_term_string"}}],"inLanguage":"de"},{"@type":"Organization","@id":"https:\/\/www.jootjeshaakcadeautjes.nl\/de\/#organization","name":"Jootjes Haakcadeautjes","url":"https:\/\/www.jootjeshaakcadeautjes.nl\/de\/","logo":{"@type":"ImageObject","inLanguage":"de","@id":"https:\/\/www.jootjeshaakcadeautjes.nl\/de\/#\/schema\/logo\/image\/","url":"https:\/\/d1dyryakdmle7o.cloudfront.net\/wp-content\/uploads\/2023\/05\/Logo-rond.png","contentUrl":"https:\/\/d1dyryakdmle7o.cloudfront.net\/wp-content\/uploads\/2023\/05\/Logo-rond.png","width":1222,"height":1222,"caption":"Jootjes Haakcadeautjes"},"image":{"@id":"https:\/\/www.jootjeshaakcadeautjes.nl\/de\/#\/schema\/logo\/image\/"}}]},"og_availability":"instock","product_availability":"instock","product_retailer_item_id":"EBO-SPM-TGPR","product_condition":"new"},"_links":{"self":[{"href":"https:\/\/www.jootjeshaakcadeautjes.nl\/de\/wp-json\/wp\/v2\/product\/167088","targetHints":{"allow":["GET"]}}],"collection":[{"href":"https:\/\/www.jootjeshaakcadeautjes.nl\/de\/wp-json\/wp\/v2\/product"}],"about":[{"href":"https:\/\/www.jootjeshaakcadeautjes.nl\/de\/wp-json\/wp\/v2\/types\/product"}],"version-history":[{"count":0,"href":"https:\/\/www.jootjeshaakcadeautjes.nl\/de\/wp-json\/wp\/v2\/product\/167088\/revisions"}],"wp:featuredmedia":[{"embeddable":true,"href":"https:\/\/www.jootjeshaakcadeautjes.nl\/de\/wp-json\/wp\/v2\/media\/166461"}],"wp:attachment":[{"href":"https:\/\/www.jootjeshaakcadeautjes.nl\/de\/wp-json\/wp\/v2\/media?parent=167088"}],"wp:term":[{"taxonomy":"product_brand","embeddable":true,"href":"https:\/\/www.jootjeshaakcadeautjes.nl\/de\/wp-json\/wp\/v2\/product_brand?post=167088"},{"taxonomy":"product_cat","embeddable":true,"href":"https:\/\/www.jootjeshaakcadeautjes.nl\/de\/wp-json\/wp\/v2\/product_cat?post=167088"},{"taxonomy":"product_tag","embeddable":true,"href":"https:\/\/www.jootjeshaakcadeautjes.nl\/de\/wp-json\/wp\/v2\/product_tag?post=167088"}],"curies":[{"name":"wp","href":"https:\/\/api.w.org\/{rel}","templated":true}]}}