{"id":167416,"date":"2024-10-03T14:10:37","date_gmt":"2024-10-03T12:10:37","guid":{"rendered":"https:\/\/www.jootjeshaakcadeautjes.nl\/?post_type=product&#038;p=167416"},"modified":"2026-04-19T19:56:03","modified_gmt":"2026-04-19T17:56:03","slug":"silikonperlen-halbe-kaiserblume-dunkel-rosa","status":"publish","type":"product","link":"https:\/\/www.jootjeshaakcadeautjes.nl\/de\/produkt\/silikonperlen-halbe-kaiserblume-dunkel-rosa\/","title":{"rendered":"Silikonperlen &#8211; Halb G\u00e4nsebl\u00fcmchen\/Blume &#8211; Dark Rose"},"content":{"rendered":"<h1>Silikonperlen &#8211; Halb G\u00e4nsebl\u00fcmchen\/Blume &#8211; Dark Rose<\/h1>\n<p>Diese sch\u00f6nen, lustigen Perlen sind eine exakte Ann\u00e4herung an die weithin bekannten halben G\u00e4nsebl\u00fcmchen\/Blumen aus Polymer Clay, wie sie f\u00fcr die Herstellung Ihrer eigenen Ohrringe, Halsketten und anderen sch\u00f6nen Anh\u00e4nger verwendet werden. Diese Perlen, die genau diese Form haben, aber aus Silikon bestehen, eignen sich daher perfekt f\u00fcr die Herstellung von Schl\u00fcsselanh\u00e4ngern, Ohrringen, Armb\u00e4ndern, Halsketten, Telefonanh\u00e4ngern und mehr. Aber nat\u00fcrlich k\u00f6nnen sie auch einfach in Schnuller verwendet werden! Erh\u00e4ltlich in vielen verschiedenen Farben!<\/p>\n<p>&nbsp;<\/p>\n","protected":false},"excerpt":{"rendered":"<p>Farbe: Dunkelrosa Gr\u00f6\u00dfe: 30 x 18 x 8 mm Typ: Halb G\u00e4nsebl\u00fcmchen \/ Halb Blume<\/p>\n","protected":false},"featured_media":163409,"template":"","meta":[],"product_brand":[],"product_cat":[19654],"product_tag":[7984,7385,8804,8048,8003,7981,7924,8000,8008,7208,7464,7416,8123,8118,14691,7950,7199,14689,8162,15104,7483,7926,8580,7945,9294,7930],"class_list":{"0":"post-167416","1":"product","2":"type-product","3":"status-publish","4":"has-post-thumbnail","6":"product_cat-halbe-ganseblumchen","7":"product_tag-anhanger","8":"product_tag-beisring","9":"product_tag-beisringe","10":"product_tag-bieroffner","11":"product_tag-blume-de","12":"product_tag-blume","13":"product_tag-dunkle-rose","14":"product_tag-ganseblumchen","15":"product_tag-gluck-de","16":"product_tag-gluckspuppe","17":"product_tag-groshandel","18":"product_tag-gummischnur","19":"product_tag-halb-de","20":"product_tag-halb","21":"product_tag-halbe-blume","22":"product_tag-jaszipper-de","23":"product_tag-perlen","24":"product_tag-polymer-clay","25":"product_tag-schlusselringe","26":"product_tag-schnullerschnure","27":"product_tag-silikon-de","28":"product_tag-silikonperlen","29":"product_tag-stifte","30":"product_tag-taschenaufhanger-de","31":"product_tag-tortenheber-de","32":"product_tag-weinkorken","34":"first","35":"instock","36":"taxable","37":"shipping-taxable","38":"purchasable","39":"product-type-simple"},"bundled_by":[],"bundle_stock_status":"instock","bundle_stock_quantity":175,"bundle_virtual":false,"bundle_layout":"","bundle_add_to_cart_form_location":"","bundle_editable_in_cart":false,"bundle_sold_individually_context":"","bundle_item_grouping":"","bundle_min_size":"","bundle_max_size":"","bundle_price":[],"bundled_items":[],"bundle_sell_ids":[],"yoast_head":"<!-- This site is optimized with the Yoast SEO Premium plugin v27.6 (Yoast SEO v27.6) - https:\/\/yoast.com\/product\/yoast-seo-premium-wordpress\/ -->\n<title>Silikonperlen - Halb G\u00e4nsebl\u00fcmchen\/Blume - Dark Rose - Yoots<\/title>\n<meta name=\"description\" content=\"Kaufen Sie Ihre Silikonperlen in Form einer halben Blume \/ G\u00e4nsebl\u00fcmchen, in der Farbe Dark Rose, hier. Kaufen Sie bei Jootjes, Ihrem Hobby-Gro\u00dfh\u00e4ndler.\" \/>\n<meta name=\"robots\" content=\"index, follow, max-snippet:-1, max-image-preview:large, max-video-preview:-1\" \/>\n<link rel=\"canonical\" href=\"https:\/\/www.jootjeshaakcadeautjes.nl\/de\/produkt\/silikonperlen-halbe-kaiserblume-dunkel-rosa\/\" \/>\n<meta property=\"og:locale\" content=\"de_DE\" \/>\n<meta property=\"og:type\" content=\"article\" \/>\n<meta property=\"og:title\" content=\"Silikonperlen - Halb G\u00e4nsebl\u00fcmchen\/Blume - Dark Rose\" \/>\n<meta property=\"og:description\" content=\"Kaufen Sie Ihre Silikonperlen in Form einer halben Blume \/ G\u00e4nsebl\u00fcmchen, in der Farbe Dark Rose, hier. Kaufen Sie bei Jootjes, Ihrem Hobby-Gro\u00dfh\u00e4ndler.\" \/>\n<meta property=\"og:url\" content=\"https:\/\/www.jootjeshaakcadeautjes.nl\/de\/produkt\/silikonperlen-halbe-kaiserblume-dunkel-rosa\/\" \/>\n<meta property=\"og:site_name\" content=\"Jootjes Haakcadeautjes\" \/>\n<meta property=\"article:modified_time\" content=\"2026-04-19T17:56:03+00:00\" \/>\n<meta property=\"og:image\" content=\"https:\/\/www.jootjeshaakcadeautjes.nl\/wp-content\/uploads\/2024\/09\/Naamloos-304.webp\" \/>\n\t<meta property=\"og:image:width\" content=\"2048\" \/>\n\t<meta property=\"og:image:height\" content=\"2048\" \/>\n\t<meta property=\"og:image:type\" content=\"image\/webp\" \/>\n<meta name=\"twitter:card\" content=\"summary_large_image\" \/>\n<meta name=\"twitter:label1\" content=\"Preis\" \/>\n\t<meta name=\"twitter:data1\" content=\"&euro;0.85 inkl. MwSt.\" \/>\n\t<meta name=\"twitter:label2\" content=\"Verf\u00fcgbarkeit\" \/>\n\t<meta name=\"twitter:data2\" content=\"Auf Lager\" \/>\n<script type=\"application\/ld+json\" class=\"yoast-schema-graph\">{\"@context\":\"https:\\\/\\\/schema.org\",\"@graph\":[{\"@type\":\"WebPage\",\"@id\":\"https:\\\/\\\/www.jootjeshaakcadeautjes.nl\\\/de\\\/produkt\\\/silikonperlen-halbe-kaiserblume-dunkel-rosa\\\/\",\"url\":\"https:\\\/\\\/www.jootjeshaakcadeautjes.nl\\\/de\\\/produkt\\\/silikonperlen-halbe-kaiserblume-dunkel-rosa\\\/\",\"name\":\"Silikonperlen - Halb G\u00e4nsebl\u00fcmchen\\\/Blume - Dark Rose - Yoots\",\"isPartOf\":{\"@id\":\"https:\\\/\\\/www.jootjeshaakcadeautjes.nl\\\/de\\\/#website\"},\"primaryImageOfPage\":{\"@id\":\"https:\\\/\\\/www.jootjeshaakcadeautjes.nl\\\/de\\\/produkt\\\/silikonperlen-halbe-kaiserblume-dunkel-rosa\\\/#primaryimage\"},\"image\":{\"@id\":\"https:\\\/\\\/www.jootjeshaakcadeautjes.nl\\\/de\\\/produkt\\\/silikonperlen-halbe-kaiserblume-dunkel-rosa\\\/#primaryimage\"},\"thumbnailUrl\":\"https:\\\/\\\/d1dyryakdmle7o.cloudfront.net\\\/wp-content\\\/uploads\\\/2024\\\/09\\\/Naamloos-304.webp\",\"datePublished\":\"2024-10-03T12:10:37+00:00\",\"dateModified\":\"2026-04-19T17:56:03+00:00\",\"description\":\"Kaufen Sie Ihre Silikonperlen in Form einer halben Blume \\\/ G\u00e4nsebl\u00fcmchen, in der Farbe Dark Rose, hier. Kaufen Sie bei Jootjes, Ihrem Hobby-Gro\u00dfh\u00e4ndler.\",\"breadcrumb\":{\"@id\":\"https:\\\/\\\/www.jootjeshaakcadeautjes.nl\\\/de\\\/produkt\\\/silikonperlen-halbe-kaiserblume-dunkel-rosa\\\/#breadcrumb\"},\"inLanguage\":\"de\",\"potentialAction\":[{\"@type\":\"ReadAction\",\"target\":[\"https:\\\/\\\/www.jootjeshaakcadeautjes.nl\\\/de\\\/produkt\\\/silikonperlen-halbe-kaiserblume-dunkel-rosa\\\/\"]}]},{\"@type\":\"ImageObject\",\"inLanguage\":\"de\",\"@id\":\"https:\\\/\\\/www.jootjeshaakcadeautjes.nl\\\/de\\\/produkt\\\/silikonperlen-halbe-kaiserblume-dunkel-rosa\\\/#primaryimage\",\"url\":\"https:\\\/\\\/d1dyryakdmle7o.cloudfront.net\\\/wp-content\\\/uploads\\\/2024\\\/09\\\/Naamloos-304.webp\",\"contentUrl\":\"https:\\\/\\\/d1dyryakdmle7o.cloudfront.net\\\/wp-content\\\/uploads\\\/2024\\\/09\\\/Naamloos-304.webp\",\"width\":2048,\"height\":2048,\"caption\":\"Dunkelrosa halbes G\u00e4nsebl\u00fcmchen\"},{\"@type\":\"BreadcrumbList\",\"@id\":\"https:\\\/\\\/www.jootjeshaakcadeautjes.nl\\\/de\\\/produkt\\\/silikonperlen-halbe-kaiserblume-dunkel-rosa\\\/#breadcrumb\",\"itemListElement\":[{\"@type\":\"ListItem\",\"position\":1,\"name\":\"Startseite\",\"item\":\"https:\\\/\\\/www.jootjeshaakcadeautjes.nl\\\/de\\\/\"},{\"@type\":\"ListItem\",\"position\":2,\"name\":\"Gro\u00dfhandel mit Silikonperlen &#8211; Business und Consumer\",\"item\":\"https:\\\/\\\/www.jootjeshaakcadeautjes.nl\\\/de\\\/shop\\\/\"},{\"@type\":\"ListItem\",\"position\":3,\"name\":\"Silikonperlen &#8211; Halb G\u00e4nsebl\u00fcmchen\\\/Blume &#8211; Dark Rose\"}]},{\"@type\":\"WebSite\",\"@id\":\"https:\\\/\\\/www.jootjeshaakcadeautjes.nl\\\/de\\\/#website\",\"url\":\"https:\\\/\\\/www.jootjeshaakcadeautjes.nl\\\/de\\\/\",\"name\":\"Jootjes Haakcadeautjes\",\"description\":\"Silikonperlen Gro\u00dfhandel \",\"publisher\":{\"@id\":\"https:\\\/\\\/www.jootjeshaakcadeautjes.nl\\\/de\\\/#organization\"},\"potentialAction\":[{\"@type\":\"SearchAction\",\"target\":{\"@type\":\"EntryPoint\",\"urlTemplate\":\"https:\\\/\\\/www.jootjeshaakcadeautjes.nl\\\/de\\\/?s={search_term_string}\"},\"query-input\":{\"@type\":\"PropertyValueSpecification\",\"valueRequired\":true,\"valueName\":\"search_term_string\"}}],\"inLanguage\":\"de\"},{\"@type\":\"Organization\",\"@id\":\"https:\\\/\\\/www.jootjeshaakcadeautjes.nl\\\/de\\\/#organization\",\"name\":\"Jootjes Haakcadeautjes\",\"url\":\"https:\\\/\\\/www.jootjeshaakcadeautjes.nl\\\/de\\\/\",\"logo\":{\"@type\":\"ImageObject\",\"inLanguage\":\"de\",\"@id\":\"https:\\\/\\\/www.jootjeshaakcadeautjes.nl\\\/de\\\/#\\\/schema\\\/logo\\\/image\\\/\",\"url\":\"https:\\\/\\\/d1dyryakdmle7o.cloudfront.net\\\/wp-content\\\/uploads\\\/2023\\\/05\\\/Logo-rond.png\",\"contentUrl\":\"https:\\\/\\\/d1dyryakdmle7o.cloudfront.net\\\/wp-content\\\/uploads\\\/2023\\\/05\\\/Logo-rond.png\",\"width\":1222,\"height\":1222,\"caption\":\"Jootjes Haakcadeautjes\"},\"image\":{\"@id\":\"https:\\\/\\\/www.jootjeshaakcadeautjes.nl\\\/de\\\/#\\\/schema\\\/logo\\\/image\\\/\"}}]}<\/script>\n<meta property=\"product:price:amount\" content=\"0.85\" \/>\n<meta property=\"product:price:currency\" content=\"EUR\" \/>\n<meta property=\"og:availability\" content=\"instock\" \/>\n<meta property=\"product:availability\" content=\"instock\" \/>\n<meta property=\"product:retailer_item_id\" content=\"SKR-HLFD-DAR\" \/>\n<meta property=\"product:condition\" content=\"new\" \/>\n<!-- \/ Yoast SEO Premium plugin. -->","yoast_head_json":{"title":"Silikonperlen - Halb G\u00e4nsebl\u00fcmchen\/Blume - Dark Rose - Yoots","description":"Kaufen Sie Ihre Silikonperlen in Form einer halben Blume \/ G\u00e4nsebl\u00fcmchen, in der Farbe Dark Rose, hier. Kaufen Sie bei Jootjes, Ihrem Hobby-Gro\u00dfh\u00e4ndler.","robots":{"index":"index","follow":"follow","max-snippet":"max-snippet:-1","max-image-preview":"max-image-preview:large","max-video-preview":"max-video-preview:-1"},"canonical":"https:\/\/www.jootjeshaakcadeautjes.nl\/de\/produkt\/silikonperlen-halbe-kaiserblume-dunkel-rosa\/","og_locale":"de_DE","og_type":"article","og_title":"Silikonperlen - Halb G\u00e4nsebl\u00fcmchen\/Blume - Dark Rose","og_description":"Kaufen Sie Ihre Silikonperlen in Form einer halben Blume \/ G\u00e4nsebl\u00fcmchen, in der Farbe Dark Rose, hier. Kaufen Sie bei Jootjes, Ihrem Hobby-Gro\u00dfh\u00e4ndler.","og_url":"https:\/\/www.jootjeshaakcadeautjes.nl\/de\/produkt\/silikonperlen-halbe-kaiserblume-dunkel-rosa\/","og_site_name":"Jootjes Haakcadeautjes","article_modified_time":"2026-04-19T17:56:03+00:00","og_image":[{"width":2048,"height":2048,"url":"https:\/\/www.jootjeshaakcadeautjes.nl\/wp-content\/uploads\/2024\/09\/Naamloos-304.webp","type":"image\/webp"}],"twitter_card":"summary_large_image","twitter_misc":{"Preis":"&euro;0.85 inkl. MwSt.","Verf\u00fcgbarkeit":"Auf Lager"},"schema":{"@context":"https:\/\/schema.org","@graph":[{"@type":"WebPage","@id":"https:\/\/www.jootjeshaakcadeautjes.nl\/de\/produkt\/silikonperlen-halbe-kaiserblume-dunkel-rosa\/","url":"https:\/\/www.jootjeshaakcadeautjes.nl\/de\/produkt\/silikonperlen-halbe-kaiserblume-dunkel-rosa\/","name":"Silikonperlen - Halb G\u00e4nsebl\u00fcmchen\/Blume - Dark Rose - Yoots","isPartOf":{"@id":"https:\/\/www.jootjeshaakcadeautjes.nl\/de\/#website"},"primaryImageOfPage":{"@id":"https:\/\/www.jootjeshaakcadeautjes.nl\/de\/produkt\/silikonperlen-halbe-kaiserblume-dunkel-rosa\/#primaryimage"},"image":{"@id":"https:\/\/www.jootjeshaakcadeautjes.nl\/de\/produkt\/silikonperlen-halbe-kaiserblume-dunkel-rosa\/#primaryimage"},"thumbnailUrl":"https:\/\/d1dyryakdmle7o.cloudfront.net\/wp-content\/uploads\/2024\/09\/Naamloos-304.webp","datePublished":"2024-10-03T12:10:37+00:00","dateModified":"2026-04-19T17:56:03+00:00","description":"Kaufen Sie Ihre Silikonperlen in Form einer halben Blume \/ G\u00e4nsebl\u00fcmchen, in der Farbe Dark Rose, hier. Kaufen Sie bei Jootjes, Ihrem Hobby-Gro\u00dfh\u00e4ndler.","breadcrumb":{"@id":"https:\/\/www.jootjeshaakcadeautjes.nl\/de\/produkt\/silikonperlen-halbe-kaiserblume-dunkel-rosa\/#breadcrumb"},"inLanguage":"de","potentialAction":[{"@type":"ReadAction","target":["https:\/\/www.jootjeshaakcadeautjes.nl\/de\/produkt\/silikonperlen-halbe-kaiserblume-dunkel-rosa\/"]}]},{"@type":"ImageObject","inLanguage":"de","@id":"https:\/\/www.jootjeshaakcadeautjes.nl\/de\/produkt\/silikonperlen-halbe-kaiserblume-dunkel-rosa\/#primaryimage","url":"https:\/\/d1dyryakdmle7o.cloudfront.net\/wp-content\/uploads\/2024\/09\/Naamloos-304.webp","contentUrl":"https:\/\/d1dyryakdmle7o.cloudfront.net\/wp-content\/uploads\/2024\/09\/Naamloos-304.webp","width":2048,"height":2048,"caption":"Dunkelrosa halbes G\u00e4nsebl\u00fcmchen"},{"@type":"BreadcrumbList","@id":"https:\/\/www.jootjeshaakcadeautjes.nl\/de\/produkt\/silikonperlen-halbe-kaiserblume-dunkel-rosa\/#breadcrumb","itemListElement":[{"@type":"ListItem","position":1,"name":"Startseite","item":"https:\/\/www.jootjeshaakcadeautjes.nl\/de\/"},{"@type":"ListItem","position":2,"name":"Gro\u00dfhandel mit Silikonperlen &#8211; Business und Consumer","item":"https:\/\/www.jootjeshaakcadeautjes.nl\/de\/shop\/"},{"@type":"ListItem","position":3,"name":"Silikonperlen &#8211; Halb G\u00e4nsebl\u00fcmchen\/Blume &#8211; Dark Rose"}]},{"@type":"WebSite","@id":"https:\/\/www.jootjeshaakcadeautjes.nl\/de\/#website","url":"https:\/\/www.jootjeshaakcadeautjes.nl\/de\/","name":"Jootjes Haakcadeautjes","description":"Silikonperlen Gro\u00dfhandel ","publisher":{"@id":"https:\/\/www.jootjeshaakcadeautjes.nl\/de\/#organization"},"potentialAction":[{"@type":"SearchAction","target":{"@type":"EntryPoint","urlTemplate":"https:\/\/www.jootjeshaakcadeautjes.nl\/de\/?s={search_term_string}"},"query-input":{"@type":"PropertyValueSpecification","valueRequired":true,"valueName":"search_term_string"}}],"inLanguage":"de"},{"@type":"Organization","@id":"https:\/\/www.jootjeshaakcadeautjes.nl\/de\/#organization","name":"Jootjes Haakcadeautjes","url":"https:\/\/www.jootjeshaakcadeautjes.nl\/de\/","logo":{"@type":"ImageObject","inLanguage":"de","@id":"https:\/\/www.jootjeshaakcadeautjes.nl\/de\/#\/schema\/logo\/image\/","url":"https:\/\/d1dyryakdmle7o.cloudfront.net\/wp-content\/uploads\/2023\/05\/Logo-rond.png","contentUrl":"https:\/\/d1dyryakdmle7o.cloudfront.net\/wp-content\/uploads\/2023\/05\/Logo-rond.png","width":1222,"height":1222,"caption":"Jootjes Haakcadeautjes"},"image":{"@id":"https:\/\/www.jootjeshaakcadeautjes.nl\/de\/#\/schema\/logo\/image\/"}}]},"product_price_amount":"0.85","product_price_currency":"EUR","og_availability":"instock","product_availability":"instock","product_retailer_item_id":"SKR-HLFD-DAR","product_condition":"new"},"_links":{"self":[{"href":"https:\/\/www.jootjeshaakcadeautjes.nl\/de\/wp-json\/wp\/v2\/product\/167416","targetHints":{"allow":["GET"]}}],"collection":[{"href":"https:\/\/www.jootjeshaakcadeautjes.nl\/de\/wp-json\/wp\/v2\/product"}],"about":[{"href":"https:\/\/www.jootjeshaakcadeautjes.nl\/de\/wp-json\/wp\/v2\/types\/product"}],"version-history":[{"count":0,"href":"https:\/\/www.jootjeshaakcadeautjes.nl\/de\/wp-json\/wp\/v2\/product\/167416\/revisions"}],"wp:featuredmedia":[{"embeddable":true,"href":"https:\/\/www.jootjeshaakcadeautjes.nl\/de\/wp-json\/wp\/v2\/media\/163409"}],"wp:attachment":[{"href":"https:\/\/www.jootjeshaakcadeautjes.nl\/de\/wp-json\/wp\/v2\/media?parent=167416"}],"wp:term":[{"taxonomy":"product_brand","embeddable":true,"href":"https:\/\/www.jootjeshaakcadeautjes.nl\/de\/wp-json\/wp\/v2\/product_brand?post=167416"},{"taxonomy":"product_cat","embeddable":true,"href":"https:\/\/www.jootjeshaakcadeautjes.nl\/de\/wp-json\/wp\/v2\/product_cat?post=167416"},{"taxonomy":"product_tag","embeddable":true,"href":"https:\/\/www.jootjeshaakcadeautjes.nl\/de\/wp-json\/wp\/v2\/product_tag?post=167416"}],"curies":[{"name":"wp","href":"https:\/\/api.w.org\/{rel}","templated":true}]}}