{"id":167873,"date":"2024-10-08T18:49:42","date_gmt":"2024-10-08T16:49:42","guid":{"rendered":"https:\/\/www.jootjeshaakcadeautjes.nl\/?post_type=product&#038;p=167873"},"modified":"2026-04-20T11:39:14","modified_gmt":"2026-04-20T09:39:14","slug":"acrylperlen-krakel-20-mm-pulver-lila","status":"publish","type":"product","link":"https:\/\/www.jootjeshaakcadeautjes.nl\/de\/produkt\/acrylperlen-krakel-20-mm-pulver-lila\/","title":{"rendered":"Acryl Perle &#8211; Crackle &#8211; 20 mm &#8211; Puderflieder"},"content":{"rendered":"<h3>Acryl Perle &#8211; Crackle &#8211; 20 mm &#8211; Puderflieder<\/h3>\n<p>Material: Acryl<br \/>\nTyp: Acryl Perlen Craquel\u00e9<\/p>\n<p>Achtung! Geeignet f\u00fcr die Verwendung in Schl\u00fcsselanh\u00e4ngern, aber nicht f\u00fcr Bei\u00dfringe, Schnuller oder andere Babyprodukte, da sich die Steine l\u00f6sen k\u00f6nnten. Acrylkugeln wie diese bestehen auch nicht die chemischen und mechanischen Tests der EN-71, die f\u00fcr die Sicherheit dieser Produkte f\u00fcr Babys erforderlich sind!<\/p>\n","protected":false},"excerpt":{"rendered":"<p>Farbe: Powder Lilac Material: Acryl Typ: Acrylperlen-Crackle Geeignet f\u00fcr Schl\u00fcsselanh\u00e4nger und zur Verwendung mit<a href=\"https:\/\/www.jootjeshaakcadeautjes.nl\/de\/product-categorie\/herstellung-von-baby-beisspielzeug-materialien-fur-schnuller-und-beisringe\/silikonperlen-bpa-frei-grosshandel\/silikonperlen-lucky-dolls-luckyjos\/\">Gl\u00fcckspuppen<\/a> <a href=\"https:\/\/www.jootjeshaakcadeautjes.nl\/de\/produkt\/holzperlen-glueckspilz-haken-buche-20-mm\/\">aus Holz<\/a> und <a href=\"https:\/\/www.jootjeshaakcadeautjes.nl\/de\/product-categorie\/herstellung-von-baby-beisspielzeug-materialien-fur-schnuller-und-beisringe\/silikonperlen-bpa-frei-grosshandel\/silikonperlen-lucky-dolls-luckyjos\/\">Silikon<\/a>.<\/p>\n","protected":false},"featured_media":174467,"template":"","meta":[],"product_brand":[],"product_cat":[19489,8247,8267],"product_tag":[8614,7205,7928,8499,8008,8519,7208,8630,7899,7464,7563,8619,15800,7214,7229,8052,8017,8313,7444,8625,7435],"class_list":{"0":"post-167873","1":"product","2":"type-product","3":"status-publish","4":"has-post-thumbnail","6":"product_cat-acrylperlen-crackle","7":"product_cat-bastelmaterial-hakelzubehor","8":"product_cat-lucky-dolls-diy-perlen-und-zubehor","9":"product_tag-acryl-de","10":"product_tag-diy-de","11":"product_tag-einkaufen","12":"product_tag-fliederfarben","13":"product_tag-gluck-de","14":"product_tag-gluckspuppe-de-2","15":"product_tag-gluckspuppe","16":"product_tag-gluckspuppen-de","17":"product_tag-grau","18":"product_tag-groshandel","19":"product_tag-kaufen","20":"product_tag-kieselsteinchen","21":"product_tag-knistern","22":"product_tag-machen","23":"product_tag-personalisierung","24":"product_tag-prasentiert-de","25":"product_tag-puderflieder","26":"product_tag-puppen","27":"product_tag-schlusselanhanger","28":"product_tag-schmuck","29":"product_tag-wulst","31":"first","32":"instock","33":"taxable","34":"shipping-taxable","35":"purchasable","36":"product-type-simple"},"bundled_by":[],"bundle_stock_status":"instock","bundle_stock_quantity":76,"bundle_virtual":false,"bundle_layout":"","bundle_add_to_cart_form_location":"","bundle_editable_in_cart":false,"bundle_sold_individually_context":"","bundle_item_grouping":"","bundle_min_size":"","bundle_max_size":"","bundle_price":[],"bundled_items":[],"bundle_sell_ids":[],"yoast_head":"<!-- This site is optimized with the Yoast SEO Premium plugin v27.6 (Yoast SEO v27.6) - https:\/\/yoast.com\/product\/yoast-seo-premium-wordpress\/ -->\n<title>Acryl Perle - Crackle - 20 mm - Puderflieder - Yoots<\/title>\n<meta name=\"description\" content=\"Acrylperle - Crackle - 20 mm - Powder Lilac zur Herstellung von Schl\u00fcsselanh\u00e4ngern mit Gl\u00fccksbringern, Schmuck und mehr.\" \/>\n<meta name=\"robots\" content=\"index, follow, max-snippet:-1, max-image-preview:large, max-video-preview:-1\" \/>\n<link rel=\"canonical\" href=\"https:\/\/www.jootjeshaakcadeautjes.nl\/de\/produkt\/acrylperlen-krakel-20-mm-pulver-lila\/\" \/>\n<meta property=\"og:locale\" content=\"de_DE\" \/>\n<meta property=\"og:type\" content=\"article\" \/>\n<meta property=\"og:title\" content=\"Acryl Perle - Crackle - 20 mm - Puderflieder\" \/>\n<meta property=\"og:description\" content=\"Acrylperle - Crackle - 20 mm - Powder Lilac zur Herstellung von Schl\u00fcsselanh\u00e4ngern mit Gl\u00fccksbringern, Schmuck und mehr.\" \/>\n<meta property=\"og:url\" content=\"https:\/\/www.jootjeshaakcadeautjes.nl\/de\/produkt\/acrylperlen-krakel-20-mm-pulver-lila\/\" \/>\n<meta property=\"og:site_name\" content=\"Jootjes Haakcadeautjes\" \/>\n<meta property=\"article:modified_time\" content=\"2026-04-20T09:39:14+00:00\" \/>\n<meta property=\"og:image\" content=\"https:\/\/d1dyryakdmle7o.cloudfront.net\/wp-content\/uploads\/2024\/10\/Naamloos-865.webp\" \/>\n\t<meta property=\"og:image:width\" content=\"2048\" \/>\n\t<meta property=\"og:image:height\" content=\"2048\" \/>\n\t<meta property=\"og:image:type\" content=\"image\/webp\" \/>\n<meta name=\"twitter:card\" content=\"summary_large_image\" \/>\n<meta name=\"twitter:label1\" content=\"Preis\" \/>\n\t<meta name=\"twitter:data1\" content=\"&euro;0.43 inkl. MwSt.\" \/>\n\t<meta name=\"twitter:label2\" content=\"Verf\u00fcgbarkeit\" \/>\n\t<meta name=\"twitter:data2\" content=\"Auf Lager\" \/>\n<script type=\"application\/ld+json\" class=\"yoast-schema-graph\">{\"@context\":\"https:\\\/\\\/schema.org\",\"@graph\":[{\"@type\":\"WebPage\",\"@id\":\"https:\\\/\\\/www.jootjeshaakcadeautjes.nl\\\/de\\\/produkt\\\/acrylperlen-krakel-20-mm-pulver-lila\\\/\",\"url\":\"https:\\\/\\\/www.jootjeshaakcadeautjes.nl\\\/de\\\/produkt\\\/acrylperlen-krakel-20-mm-pulver-lila\\\/\",\"name\":\"Acryl Perle - Crackle - 20 mm - Puderflieder - Yoots\",\"isPartOf\":{\"@id\":\"https:\\\/\\\/www.jootjeshaakcadeautjes.nl\\\/de\\\/#website\"},\"primaryImageOfPage\":{\"@id\":\"https:\\\/\\\/www.jootjeshaakcadeautjes.nl\\\/de\\\/produkt\\\/acrylperlen-krakel-20-mm-pulver-lila\\\/#primaryimage\"},\"image\":{\"@id\":\"https:\\\/\\\/www.jootjeshaakcadeautjes.nl\\\/de\\\/produkt\\\/acrylperlen-krakel-20-mm-pulver-lila\\\/#primaryimage\"},\"thumbnailUrl\":\"https:\\\/\\\/d1dyryakdmle7o.cloudfront.net\\\/wp-content\\\/uploads\\\/2024\\\/10\\\/Naamloos-865.webp\",\"datePublished\":\"2024-10-08T16:49:42+00:00\",\"dateModified\":\"2026-04-20T09:39:14+00:00\",\"description\":\"Acrylperle - Crackle - 20 mm - Powder Lilac zur Herstellung von Schl\u00fcsselanh\u00e4ngern mit Gl\u00fccksbringern, Schmuck und mehr.\",\"breadcrumb\":{\"@id\":\"https:\\\/\\\/www.jootjeshaakcadeautjes.nl\\\/de\\\/produkt\\\/acrylperlen-krakel-20-mm-pulver-lila\\\/#breadcrumb\"},\"inLanguage\":\"de\",\"potentialAction\":[{\"@type\":\"ReadAction\",\"target\":[\"https:\\\/\\\/www.jootjeshaakcadeautjes.nl\\\/de\\\/produkt\\\/acrylperlen-krakel-20-mm-pulver-lila\\\/\"]}]},{\"@type\":\"ImageObject\",\"inLanguage\":\"de\",\"@id\":\"https:\\\/\\\/www.jootjeshaakcadeautjes.nl\\\/de\\\/produkt\\\/acrylperlen-krakel-20-mm-pulver-lila\\\/#primaryimage\",\"url\":\"https:\\\/\\\/d1dyryakdmle7o.cloudfront.net\\\/wp-content\\\/uploads\\\/2024\\\/10\\\/Naamloos-865.webp\",\"contentUrl\":\"https:\\\/\\\/d1dyryakdmle7o.cloudfront.net\\\/wp-content\\\/uploads\\\/2024\\\/10\\\/Naamloos-865.webp\",\"width\":2048,\"height\":2048,\"caption\":\"Acryl-Crackle-Pulver Flieder\"},{\"@type\":\"BreadcrumbList\",\"@id\":\"https:\\\/\\\/www.jootjeshaakcadeautjes.nl\\\/de\\\/produkt\\\/acrylperlen-krakel-20-mm-pulver-lila\\\/#breadcrumb\",\"itemListElement\":[{\"@type\":\"ListItem\",\"position\":1,\"name\":\"Startseite\",\"item\":\"https:\\\/\\\/www.jootjeshaakcadeautjes.nl\\\/de\\\/\"},{\"@type\":\"ListItem\",\"position\":2,\"name\":\"Gro\u00dfhandel mit Silikonperlen &#8211; Business und Consumer\",\"item\":\"https:\\\/\\\/www.jootjeshaakcadeautjes.nl\\\/de\\\/shop\\\/\"},{\"@type\":\"ListItem\",\"position\":3,\"name\":\"Acryl Perle &#8211; Crackle &#8211; 20 mm &#8211; Puderflieder\"}]},{\"@type\":\"WebSite\",\"@id\":\"https:\\\/\\\/www.jootjeshaakcadeautjes.nl\\\/de\\\/#website\",\"url\":\"https:\\\/\\\/www.jootjeshaakcadeautjes.nl\\\/de\\\/\",\"name\":\"Jootjes Haakcadeautjes\",\"description\":\"Silikonperlen Gro\u00dfhandel \",\"publisher\":{\"@id\":\"https:\\\/\\\/www.jootjeshaakcadeautjes.nl\\\/de\\\/#organization\"},\"potentialAction\":[{\"@type\":\"SearchAction\",\"target\":{\"@type\":\"EntryPoint\",\"urlTemplate\":\"https:\\\/\\\/www.jootjeshaakcadeautjes.nl\\\/de\\\/?s={search_term_string}\"},\"query-input\":{\"@type\":\"PropertyValueSpecification\",\"valueRequired\":true,\"valueName\":\"search_term_string\"}}],\"inLanguage\":\"de\"},{\"@type\":\"Organization\",\"@id\":\"https:\\\/\\\/www.jootjeshaakcadeautjes.nl\\\/de\\\/#organization\",\"name\":\"Jootjes Haakcadeautjes\",\"url\":\"https:\\\/\\\/www.jootjeshaakcadeautjes.nl\\\/de\\\/\",\"logo\":{\"@type\":\"ImageObject\",\"inLanguage\":\"de\",\"@id\":\"https:\\\/\\\/www.jootjeshaakcadeautjes.nl\\\/de\\\/#\\\/schema\\\/logo\\\/image\\\/\",\"url\":\"https:\\\/\\\/d1dyryakdmle7o.cloudfront.net\\\/wp-content\\\/uploads\\\/2023\\\/05\\\/Logo-rond.png\",\"contentUrl\":\"https:\\\/\\\/d1dyryakdmle7o.cloudfront.net\\\/wp-content\\\/uploads\\\/2023\\\/05\\\/Logo-rond.png\",\"width\":1222,\"height\":1222,\"caption\":\"Jootjes Haakcadeautjes\"},\"image\":{\"@id\":\"https:\\\/\\\/www.jootjeshaakcadeautjes.nl\\\/de\\\/#\\\/schema\\\/logo\\\/image\\\/\"}}]}<\/script>\n<meta property=\"product:price:amount\" content=\"0.43\" \/>\n<meta property=\"product:price:currency\" content=\"EUR\" \/>\n<meta property=\"og:availability\" content=\"instock\" \/>\n<meta property=\"product:availability\" content=\"instock\" \/>\n<meta property=\"product:retailer_item_id\" content=\"ACR-KRA-020-CRPL\" \/>\n<meta property=\"product:condition\" content=\"new\" \/>\n<!-- \/ Yoast SEO Premium plugin. -->","yoast_head_json":{"title":"Acryl Perle - Crackle - 20 mm - Puderflieder - Yoots","description":"Acrylperle - Crackle - 20 mm - Powder Lilac zur Herstellung von Schl\u00fcsselanh\u00e4ngern mit Gl\u00fccksbringern, Schmuck und mehr.","robots":{"index":"index","follow":"follow","max-snippet":"max-snippet:-1","max-image-preview":"max-image-preview:large","max-video-preview":"max-video-preview:-1"},"canonical":"https:\/\/www.jootjeshaakcadeautjes.nl\/de\/produkt\/acrylperlen-krakel-20-mm-pulver-lila\/","og_locale":"de_DE","og_type":"article","og_title":"Acryl Perle - Crackle - 20 mm - Puderflieder","og_description":"Acrylperle - Crackle - 20 mm - Powder Lilac zur Herstellung von Schl\u00fcsselanh\u00e4ngern mit Gl\u00fccksbringern, Schmuck und mehr.","og_url":"https:\/\/www.jootjeshaakcadeautjes.nl\/de\/produkt\/acrylperlen-krakel-20-mm-pulver-lila\/","og_site_name":"Jootjes Haakcadeautjes","article_modified_time":"2026-04-20T09:39:14+00:00","og_image":[{"width":2048,"height":2048,"url":"https:\/\/d1dyryakdmle7o.cloudfront.net\/wp-content\/uploads\/2024\/10\/Naamloos-865.webp","type":"image\/webp"}],"twitter_card":"summary_large_image","twitter_misc":{"Preis":"&euro;0.43 inkl. MwSt.","Verf\u00fcgbarkeit":"Auf Lager"},"schema":{"@context":"https:\/\/schema.org","@graph":[{"@type":"WebPage","@id":"https:\/\/www.jootjeshaakcadeautjes.nl\/de\/produkt\/acrylperlen-krakel-20-mm-pulver-lila\/","url":"https:\/\/www.jootjeshaakcadeautjes.nl\/de\/produkt\/acrylperlen-krakel-20-mm-pulver-lila\/","name":"Acryl Perle - Crackle - 20 mm - Puderflieder - Yoots","isPartOf":{"@id":"https:\/\/www.jootjeshaakcadeautjes.nl\/de\/#website"},"primaryImageOfPage":{"@id":"https:\/\/www.jootjeshaakcadeautjes.nl\/de\/produkt\/acrylperlen-krakel-20-mm-pulver-lila\/#primaryimage"},"image":{"@id":"https:\/\/www.jootjeshaakcadeautjes.nl\/de\/produkt\/acrylperlen-krakel-20-mm-pulver-lila\/#primaryimage"},"thumbnailUrl":"https:\/\/d1dyryakdmle7o.cloudfront.net\/wp-content\/uploads\/2024\/10\/Naamloos-865.webp","datePublished":"2024-10-08T16:49:42+00:00","dateModified":"2026-04-20T09:39:14+00:00","description":"Acrylperle - Crackle - 20 mm - Powder Lilac zur Herstellung von Schl\u00fcsselanh\u00e4ngern mit Gl\u00fccksbringern, Schmuck und mehr.","breadcrumb":{"@id":"https:\/\/www.jootjeshaakcadeautjes.nl\/de\/produkt\/acrylperlen-krakel-20-mm-pulver-lila\/#breadcrumb"},"inLanguage":"de","potentialAction":[{"@type":"ReadAction","target":["https:\/\/www.jootjeshaakcadeautjes.nl\/de\/produkt\/acrylperlen-krakel-20-mm-pulver-lila\/"]}]},{"@type":"ImageObject","inLanguage":"de","@id":"https:\/\/www.jootjeshaakcadeautjes.nl\/de\/produkt\/acrylperlen-krakel-20-mm-pulver-lila\/#primaryimage","url":"https:\/\/d1dyryakdmle7o.cloudfront.net\/wp-content\/uploads\/2024\/10\/Naamloos-865.webp","contentUrl":"https:\/\/d1dyryakdmle7o.cloudfront.net\/wp-content\/uploads\/2024\/10\/Naamloos-865.webp","width":2048,"height":2048,"caption":"Acryl-Crackle-Pulver Flieder"},{"@type":"BreadcrumbList","@id":"https:\/\/www.jootjeshaakcadeautjes.nl\/de\/produkt\/acrylperlen-krakel-20-mm-pulver-lila\/#breadcrumb","itemListElement":[{"@type":"ListItem","position":1,"name":"Startseite","item":"https:\/\/www.jootjeshaakcadeautjes.nl\/de\/"},{"@type":"ListItem","position":2,"name":"Gro\u00dfhandel mit Silikonperlen &#8211; Business und Consumer","item":"https:\/\/www.jootjeshaakcadeautjes.nl\/de\/shop\/"},{"@type":"ListItem","position":3,"name":"Acryl Perle &#8211; Crackle &#8211; 20 mm &#8211; Puderflieder"}]},{"@type":"WebSite","@id":"https:\/\/www.jootjeshaakcadeautjes.nl\/de\/#website","url":"https:\/\/www.jootjeshaakcadeautjes.nl\/de\/","name":"Jootjes Haakcadeautjes","description":"Silikonperlen Gro\u00dfhandel ","publisher":{"@id":"https:\/\/www.jootjeshaakcadeautjes.nl\/de\/#organization"},"potentialAction":[{"@type":"SearchAction","target":{"@type":"EntryPoint","urlTemplate":"https:\/\/www.jootjeshaakcadeautjes.nl\/de\/?s={search_term_string}"},"query-input":{"@type":"PropertyValueSpecification","valueRequired":true,"valueName":"search_term_string"}}],"inLanguage":"de"},{"@type":"Organization","@id":"https:\/\/www.jootjeshaakcadeautjes.nl\/de\/#organization","name":"Jootjes Haakcadeautjes","url":"https:\/\/www.jootjeshaakcadeautjes.nl\/de\/","logo":{"@type":"ImageObject","inLanguage":"de","@id":"https:\/\/www.jootjeshaakcadeautjes.nl\/de\/#\/schema\/logo\/image\/","url":"https:\/\/d1dyryakdmle7o.cloudfront.net\/wp-content\/uploads\/2023\/05\/Logo-rond.png","contentUrl":"https:\/\/d1dyryakdmle7o.cloudfront.net\/wp-content\/uploads\/2023\/05\/Logo-rond.png","width":1222,"height":1222,"caption":"Jootjes Haakcadeautjes"},"image":{"@id":"https:\/\/www.jootjeshaakcadeautjes.nl\/de\/#\/schema\/logo\/image\/"}}]},"product_price_amount":"0.43","product_price_currency":"EUR","og_availability":"instock","product_availability":"instock","product_retailer_item_id":"ACR-KRA-020-CRPL","product_condition":"new"},"_links":{"self":[{"href":"https:\/\/www.jootjeshaakcadeautjes.nl\/de\/wp-json\/wp\/v2\/product\/167873","targetHints":{"allow":["GET"]}}],"collection":[{"href":"https:\/\/www.jootjeshaakcadeautjes.nl\/de\/wp-json\/wp\/v2\/product"}],"about":[{"href":"https:\/\/www.jootjeshaakcadeautjes.nl\/de\/wp-json\/wp\/v2\/types\/product"}],"version-history":[{"count":1,"href":"https:\/\/www.jootjeshaakcadeautjes.nl\/de\/wp-json\/wp\/v2\/product\/167873\/revisions"}],"predecessor-version":[{"id":279695,"href":"https:\/\/www.jootjeshaakcadeautjes.nl\/de\/wp-json\/wp\/v2\/product\/167873\/revisions\/279695"}],"wp:featuredmedia":[{"embeddable":true,"href":"https:\/\/www.jootjeshaakcadeautjes.nl\/de\/wp-json\/wp\/v2\/media\/174467"}],"wp:attachment":[{"href":"https:\/\/www.jootjeshaakcadeautjes.nl\/de\/wp-json\/wp\/v2\/media?parent=167873"}],"wp:term":[{"taxonomy":"product_brand","embeddable":true,"href":"https:\/\/www.jootjeshaakcadeautjes.nl\/de\/wp-json\/wp\/v2\/product_brand?post=167873"},{"taxonomy":"product_cat","embeddable":true,"href":"https:\/\/www.jootjeshaakcadeautjes.nl\/de\/wp-json\/wp\/v2\/product_cat?post=167873"},{"taxonomy":"product_tag","embeddable":true,"href":"https:\/\/www.jootjeshaakcadeautjes.nl\/de\/wp-json\/wp\/v2\/product_tag?post=167873"}],"curies":[{"name":"wp","href":"https:\/\/api.w.org\/{rel}","templated":true}]}}