{"id":168293,"date":"2024-10-16T13:22:06","date_gmt":"2024-10-16T11:22:06","guid":{"rendered":"https:\/\/www.jootjeshaakcadeautjes.nl\/?post_type=product&#038;p=168293"},"modified":"2026-01-08T17:02:20","modified_gmt":"2026-01-08T16:02:20","slug":"acryl-perlen-mit-rosen-hell-violett","status":"publish","type":"product","link":"https:\/\/www.jootjeshaakcadeautjes.nl\/de\/produkt\/acryl-perlen-mit-rosen-hell-violett\/","title":{"rendered":"Acryl Perle &#8211; Mit Rosen &#8211; Hellviolett"},"content":{"rendered":"<h3>Acryl Perle &#8211; Mit Rosen &#8211; Hellviolett<\/h3>\n<p>Material: Acryl<br \/>\nTyp: Acrylperle mit Rosen<\/p>\n<p>Achtung! Geeignet f\u00fcr die Verwendung in Schl\u00fcsselanh\u00e4ngern, aber nicht f\u00fcr Bei\u00dfringe, Schnuller oder andere Babyprodukte, da sich die Steine l\u00f6sen k\u00f6nnten. Acrylkugeln wie diese bestehen auch nicht die chemischen und mechanischen Tests der EN-71, die f\u00fcr die Sicherheit dieser Produkte f\u00fcr Babys erforderlich sind!<\/p>\n","protected":false},"excerpt":{"rendered":"<p>Farbe: Hellviolett Material: Acryl Typ: Acrylperle mit Rosen Geeignet f\u00fcr Schl\u00fcsselanh\u00e4nger und zur Verwendung mit<a href=\"https:\/\/www.jootjeshaakcadeautjes.nl\/product-categorie\/siliconen-kralen-bpa-vrij-groothandel\/siliconen-kralen-multicolor-luxekralen-alles\/siliconen-kralen-gelukspoppetjes-luckyjos\/\">Gl\u00fcckspuppen<\/a> <a href=\"https:\/\/www.jootjeshaakcadeautjes.nl\/product\/houten-kraal-smiley-gelukspoppetje-haken-beukenhout-20-mm\/\">aus Holz<\/a> und <a href=\"https:\/\/www.jootjeshaakcadeautjes.nl\/product-categorie\/siliconen-kralen-bpa-vrij-groothandel\/siliconen-kralen-multicolor-luxekralen-alles\/siliconen-kralen-gelukspoppetjes-luckyjos\/\">Silikon<\/a>.<\/p>\n","protected":false},"featured_media":174429,"template":"","meta":[],"product_brand":[],"product_cat":[19498,8247,8267],"product_tag":[7519,8614,7205,7928,8008,7208,8519,8630,7464,15802,7563,15800,7214,7229,8052,8313,7444,8625,7435],"class_list":{"0":"post-168293","1":"product","2":"type-product","3":"status-publish","4":"has-post-thumbnail","6":"product_cat-acrylperlen-mit-blumen","7":"product_cat-bastelmaterial-hakelzubehor","8":"product_cat-lucky-dolls-diy-perlen-und-zubehor","9":"product_tag-20-mm-de","10":"product_tag-acryl-de","11":"product_tag-diy-de","12":"product_tag-einkaufen","13":"product_tag-gluck-de","14":"product_tag-gluckspuppe","15":"product_tag-gluckspuppe-de-2","16":"product_tag-gluckspuppen-de","17":"product_tag-groshandel","18":"product_tag-hellviolett","19":"product_tag-kaufen","20":"product_tag-knistern","21":"product_tag-machen","22":"product_tag-personalisierung","23":"product_tag-prasentiert-de","24":"product_tag-puppen","25":"product_tag-schlusselanhanger","26":"product_tag-schmuck","27":"product_tag-wulst","29":"first","30":"instock","31":"taxable","32":"shipping-taxable","33":"purchasable","34":"product-type-simple"},"bundled_by":["225135"],"bundle_stock_status":"instock","bundle_stock_quantity":88,"bundle_virtual":false,"bundle_layout":"","bundle_add_to_cart_form_location":"","bundle_editable_in_cart":false,"bundle_sold_individually_context":"","bundle_item_grouping":"","bundle_min_size":"","bundle_max_size":"","bundle_price":[],"bundled_items":[],"bundle_sell_ids":[],"yoast_head":"<!-- This site is optimized with the Yoast SEO Premium plugin v27.6 (Yoast SEO v27.6) - https:\/\/yoast.com\/product\/yoast-seo-premium-wordpress\/ -->\n<title>- | Jootjes.nl<\/title>\n<meta name=\"description\" content=\"With Roses - Light Violet zur Herstellung von Schl\u00fcsselanh\u00e4ngern mit Gl\u00fccksbringern, Jasmin-Anh\u00e4ngern, Telefonanh\u00e4ngern und mehr. | Jootjes.nl\" \/>\n<meta name=\"robots\" content=\"index, follow, max-snippet:-1, max-image-preview:large, max-video-preview:-1\" \/>\n<link rel=\"canonical\" href=\"https:\/\/www.jootjeshaakcadeautjes.nl\/de\/produkt\/acryl-perlen-mit-rosen-hell-violett\/\" \/>\n<meta property=\"og:locale\" content=\"de_DE\" \/>\n<meta property=\"og:type\" content=\"article\" \/>\n<meta property=\"og:title\" content=\"Acryl Perle - Mit Rosen - Hellviolett\" \/>\n<meta property=\"og:description\" content=\"With Roses - Light Violet zur Herstellung von Schl\u00fcsselanh\u00e4ngern mit Gl\u00fccksbringern, Jasmin-Anh\u00e4ngern, Telefonanh\u00e4ngern und mehr. | Jootjes.nl\" \/>\n<meta property=\"og:url\" content=\"https:\/\/www.jootjeshaakcadeautjes.nl\/de\/produkt\/acryl-perlen-mit-rosen-hell-violett\/\" \/>\n<meta property=\"og:site_name\" content=\"Jootjes Haakcadeautjes\" \/>\n<meta property=\"article:modified_time\" content=\"2026-01-08T16:02:20+00:00\" \/>\n<meta property=\"og:image\" content=\"https:\/\/www.jootjeshaakcadeautjes.nl\/wp-content\/uploads\/2024\/10\/Naamloos-856.webp\" \/>\n\t<meta property=\"og:image:width\" content=\"2048\" \/>\n\t<meta property=\"og:image:height\" content=\"2048\" \/>\n\t<meta property=\"og:image:type\" content=\"image\/webp\" \/>\n<meta name=\"twitter:card\" content=\"summary_large_image\" \/>\n<meta name=\"twitter:label1\" content=\"Preis\" \/>\n\t<meta name=\"twitter:data1\" content=\"&euro;0.95 inkl. MwSt.\" \/>\n\t<meta name=\"twitter:label2\" content=\"Verf\u00fcgbarkeit\" \/>\n\t<meta name=\"twitter:data2\" content=\"Auf Lager\" \/>\n<script type=\"application\/ld+json\" class=\"yoast-schema-graph\">{\"@context\":\"https:\\\/\\\/schema.org\",\"@graph\":[{\"@type\":\"WebPage\",\"@id\":\"https:\\\/\\\/www.jootjeshaakcadeautjes.nl\\\/de\\\/produkt\\\/acryl-perlen-mit-rosen-hell-violett\\\/\",\"url\":\"https:\\\/\\\/www.jootjeshaakcadeautjes.nl\\\/de\\\/produkt\\\/acryl-perlen-mit-rosen-hell-violett\\\/\",\"name\":\"- | Jootjes.nl\",\"isPartOf\":{\"@id\":\"https:\\\/\\\/www.jootjeshaakcadeautjes.nl\\\/de\\\/#website\"},\"primaryImageOfPage\":{\"@id\":\"https:\\\/\\\/www.jootjeshaakcadeautjes.nl\\\/de\\\/produkt\\\/acryl-perlen-mit-rosen-hell-violett\\\/#primaryimage\"},\"image\":{\"@id\":\"https:\\\/\\\/www.jootjeshaakcadeautjes.nl\\\/de\\\/produkt\\\/acryl-perlen-mit-rosen-hell-violett\\\/#primaryimage\"},\"thumbnailUrl\":\"https:\\\/\\\/d1dyryakdmle7o.cloudfront.net\\\/wp-content\\\/uploads\\\/2024\\\/10\\\/Naamloos-856.webp\",\"datePublished\":\"2024-10-16T11:22:06+00:00\",\"dateModified\":\"2026-01-08T16:02:20+00:00\",\"description\":\"With Roses - Light Violet zur Herstellung von Schl\u00fcsselanh\u00e4ngern mit Gl\u00fccksbringern, Jasmin-Anh\u00e4ngern, Telefonanh\u00e4ngern und mehr. | Jootjes.nl\",\"breadcrumb\":{\"@id\":\"https:\\\/\\\/www.jootjeshaakcadeautjes.nl\\\/de\\\/produkt\\\/acryl-perlen-mit-rosen-hell-violett\\\/#breadcrumb\"},\"inLanguage\":\"de\",\"potentialAction\":[{\"@type\":\"ReadAction\",\"target\":[\"https:\\\/\\\/www.jootjeshaakcadeautjes.nl\\\/de\\\/produkt\\\/acryl-perlen-mit-rosen-hell-violett\\\/\"]}]},{\"@type\":\"ImageObject\",\"inLanguage\":\"de\",\"@id\":\"https:\\\/\\\/www.jootjeshaakcadeautjes.nl\\\/de\\\/produkt\\\/acryl-perlen-mit-rosen-hell-violett\\\/#primaryimage\",\"url\":\"https:\\\/\\\/d1dyryakdmle7o.cloudfront.net\\\/wp-content\\\/uploads\\\/2024\\\/10\\\/Naamloos-856.webp\",\"contentUrl\":\"https:\\\/\\\/d1dyryakdmle7o.cloudfront.net\\\/wp-content\\\/uploads\\\/2024\\\/10\\\/Naamloos-856.webp\",\"width\":2048,\"height\":2048},{\"@type\":\"BreadcrumbList\",\"@id\":\"https:\\\/\\\/www.jootjeshaakcadeautjes.nl\\\/de\\\/produkt\\\/acryl-perlen-mit-rosen-hell-violett\\\/#breadcrumb\",\"itemListElement\":[{\"@type\":\"ListItem\",\"position\":1,\"name\":\"Startseite\",\"item\":\"https:\\\/\\\/www.jootjeshaakcadeautjes.nl\\\/de\\\/\"},{\"@type\":\"ListItem\",\"position\":2,\"name\":\"Gro\u00dfhandel mit Silikonperlen &#8211; Business und Consumer\",\"item\":\"https:\\\/\\\/www.jootjeshaakcadeautjes.nl\\\/de\\\/shop\\\/\"},{\"@type\":\"ListItem\",\"position\":3,\"name\":\"Acryl Perle &#8211; Mit Rosen &#8211; Hellviolett\"}]},{\"@type\":\"WebSite\",\"@id\":\"https:\\\/\\\/www.jootjeshaakcadeautjes.nl\\\/de\\\/#website\",\"url\":\"https:\\\/\\\/www.jootjeshaakcadeautjes.nl\\\/de\\\/\",\"name\":\"Jootjes Haakcadeautjes\",\"description\":\"Silikonperlen Gro\u00dfhandel \",\"publisher\":{\"@id\":\"https:\\\/\\\/www.jootjeshaakcadeautjes.nl\\\/de\\\/#organization\"},\"potentialAction\":[{\"@type\":\"SearchAction\",\"target\":{\"@type\":\"EntryPoint\",\"urlTemplate\":\"https:\\\/\\\/www.jootjeshaakcadeautjes.nl\\\/de\\\/?s={search_term_string}\"},\"query-input\":{\"@type\":\"PropertyValueSpecification\",\"valueRequired\":true,\"valueName\":\"search_term_string\"}}],\"inLanguage\":\"de\"},{\"@type\":\"Organization\",\"@id\":\"https:\\\/\\\/www.jootjeshaakcadeautjes.nl\\\/de\\\/#organization\",\"name\":\"Jootjes Haakcadeautjes\",\"url\":\"https:\\\/\\\/www.jootjeshaakcadeautjes.nl\\\/de\\\/\",\"logo\":{\"@type\":\"ImageObject\",\"inLanguage\":\"de\",\"@id\":\"https:\\\/\\\/www.jootjeshaakcadeautjes.nl\\\/de\\\/#\\\/schema\\\/logo\\\/image\\\/\",\"url\":\"https:\\\/\\\/d1dyryakdmle7o.cloudfront.net\\\/wp-content\\\/uploads\\\/2023\\\/05\\\/Logo-rond.png\",\"contentUrl\":\"https:\\\/\\\/d1dyryakdmle7o.cloudfront.net\\\/wp-content\\\/uploads\\\/2023\\\/05\\\/Logo-rond.png\",\"width\":1222,\"height\":1222,\"caption\":\"Jootjes Haakcadeautjes\"},\"image\":{\"@id\":\"https:\\\/\\\/www.jootjeshaakcadeautjes.nl\\\/de\\\/#\\\/schema\\\/logo\\\/image\\\/\"}}]}<\/script>\n<meta property=\"product:price:amount\" content=\"0.95\" \/>\n<meta property=\"product:price:currency\" content=\"EUR\" \/>\n<meta property=\"og:availability\" content=\"instock\" \/>\n<meta property=\"product:availability\" content=\"instock\" \/>\n<meta property=\"product:retailer_item_id\" content=\"ACR-ROS-LVI\" \/>\n<meta property=\"product:condition\" content=\"new\" \/>\n<!-- \/ Yoast SEO Premium plugin. -->","yoast_head_json":{"title":"- | Jootjes.nl","description":"With Roses - Light Violet zur Herstellung von Schl\u00fcsselanh\u00e4ngern mit Gl\u00fccksbringern, Jasmin-Anh\u00e4ngern, Telefonanh\u00e4ngern und mehr. | Jootjes.nl","robots":{"index":"index","follow":"follow","max-snippet":"max-snippet:-1","max-image-preview":"max-image-preview:large","max-video-preview":"max-video-preview:-1"},"canonical":"https:\/\/www.jootjeshaakcadeautjes.nl\/de\/produkt\/acryl-perlen-mit-rosen-hell-violett\/","og_locale":"de_DE","og_type":"article","og_title":"Acryl Perle - Mit Rosen - Hellviolett","og_description":"With Roses - Light Violet zur Herstellung von Schl\u00fcsselanh\u00e4ngern mit Gl\u00fccksbringern, Jasmin-Anh\u00e4ngern, Telefonanh\u00e4ngern und mehr. | Jootjes.nl","og_url":"https:\/\/www.jootjeshaakcadeautjes.nl\/de\/produkt\/acryl-perlen-mit-rosen-hell-violett\/","og_site_name":"Jootjes Haakcadeautjes","article_modified_time":"2026-01-08T16:02:20+00:00","og_image":[{"width":2048,"height":2048,"url":"https:\/\/www.jootjeshaakcadeautjes.nl\/wp-content\/uploads\/2024\/10\/Naamloos-856.webp","type":"image\/webp"}],"twitter_card":"summary_large_image","twitter_misc":{"Preis":"&euro;0.95 inkl. MwSt.","Verf\u00fcgbarkeit":"Auf Lager"},"schema":{"@context":"https:\/\/schema.org","@graph":[{"@type":"WebPage","@id":"https:\/\/www.jootjeshaakcadeautjes.nl\/de\/produkt\/acryl-perlen-mit-rosen-hell-violett\/","url":"https:\/\/www.jootjeshaakcadeautjes.nl\/de\/produkt\/acryl-perlen-mit-rosen-hell-violett\/","name":"- | Jootjes.nl","isPartOf":{"@id":"https:\/\/www.jootjeshaakcadeautjes.nl\/de\/#website"},"primaryImageOfPage":{"@id":"https:\/\/www.jootjeshaakcadeautjes.nl\/de\/produkt\/acryl-perlen-mit-rosen-hell-violett\/#primaryimage"},"image":{"@id":"https:\/\/www.jootjeshaakcadeautjes.nl\/de\/produkt\/acryl-perlen-mit-rosen-hell-violett\/#primaryimage"},"thumbnailUrl":"https:\/\/d1dyryakdmle7o.cloudfront.net\/wp-content\/uploads\/2024\/10\/Naamloos-856.webp","datePublished":"2024-10-16T11:22:06+00:00","dateModified":"2026-01-08T16:02:20+00:00","description":"With Roses - Light Violet zur Herstellung von Schl\u00fcsselanh\u00e4ngern mit Gl\u00fccksbringern, Jasmin-Anh\u00e4ngern, Telefonanh\u00e4ngern und mehr. | Jootjes.nl","breadcrumb":{"@id":"https:\/\/www.jootjeshaakcadeautjes.nl\/de\/produkt\/acryl-perlen-mit-rosen-hell-violett\/#breadcrumb"},"inLanguage":"de","potentialAction":[{"@type":"ReadAction","target":["https:\/\/www.jootjeshaakcadeautjes.nl\/de\/produkt\/acryl-perlen-mit-rosen-hell-violett\/"]}]},{"@type":"ImageObject","inLanguage":"de","@id":"https:\/\/www.jootjeshaakcadeautjes.nl\/de\/produkt\/acryl-perlen-mit-rosen-hell-violett\/#primaryimage","url":"https:\/\/d1dyryakdmle7o.cloudfront.net\/wp-content\/uploads\/2024\/10\/Naamloos-856.webp","contentUrl":"https:\/\/d1dyryakdmle7o.cloudfront.net\/wp-content\/uploads\/2024\/10\/Naamloos-856.webp","width":2048,"height":2048},{"@type":"BreadcrumbList","@id":"https:\/\/www.jootjeshaakcadeautjes.nl\/de\/produkt\/acryl-perlen-mit-rosen-hell-violett\/#breadcrumb","itemListElement":[{"@type":"ListItem","position":1,"name":"Startseite","item":"https:\/\/www.jootjeshaakcadeautjes.nl\/de\/"},{"@type":"ListItem","position":2,"name":"Gro\u00dfhandel mit Silikonperlen &#8211; Business und Consumer","item":"https:\/\/www.jootjeshaakcadeautjes.nl\/de\/shop\/"},{"@type":"ListItem","position":3,"name":"Acryl Perle &#8211; Mit Rosen &#8211; Hellviolett"}]},{"@type":"WebSite","@id":"https:\/\/www.jootjeshaakcadeautjes.nl\/de\/#website","url":"https:\/\/www.jootjeshaakcadeautjes.nl\/de\/","name":"Jootjes Haakcadeautjes","description":"Silikonperlen Gro\u00dfhandel ","publisher":{"@id":"https:\/\/www.jootjeshaakcadeautjes.nl\/de\/#organization"},"potentialAction":[{"@type":"SearchAction","target":{"@type":"EntryPoint","urlTemplate":"https:\/\/www.jootjeshaakcadeautjes.nl\/de\/?s={search_term_string}"},"query-input":{"@type":"PropertyValueSpecification","valueRequired":true,"valueName":"search_term_string"}}],"inLanguage":"de"},{"@type":"Organization","@id":"https:\/\/www.jootjeshaakcadeautjes.nl\/de\/#organization","name":"Jootjes Haakcadeautjes","url":"https:\/\/www.jootjeshaakcadeautjes.nl\/de\/","logo":{"@type":"ImageObject","inLanguage":"de","@id":"https:\/\/www.jootjeshaakcadeautjes.nl\/de\/#\/schema\/logo\/image\/","url":"https:\/\/d1dyryakdmle7o.cloudfront.net\/wp-content\/uploads\/2023\/05\/Logo-rond.png","contentUrl":"https:\/\/d1dyryakdmle7o.cloudfront.net\/wp-content\/uploads\/2023\/05\/Logo-rond.png","width":1222,"height":1222,"caption":"Jootjes Haakcadeautjes"},"image":{"@id":"https:\/\/www.jootjeshaakcadeautjes.nl\/de\/#\/schema\/logo\/image\/"}}]},"product_price_amount":"0.95","product_price_currency":"EUR","og_availability":"instock","product_availability":"instock","product_retailer_item_id":"ACR-ROS-LVI","product_condition":"new"},"_links":{"self":[{"href":"https:\/\/www.jootjeshaakcadeautjes.nl\/de\/wp-json\/wp\/v2\/product\/168293","targetHints":{"allow":["GET"]}}],"collection":[{"href":"https:\/\/www.jootjeshaakcadeautjes.nl\/de\/wp-json\/wp\/v2\/product"}],"about":[{"href":"https:\/\/www.jootjeshaakcadeautjes.nl\/de\/wp-json\/wp\/v2\/types\/product"}],"version-history":[{"count":0,"href":"https:\/\/www.jootjeshaakcadeautjes.nl\/de\/wp-json\/wp\/v2\/product\/168293\/revisions"}],"wp:featuredmedia":[{"embeddable":true,"href":"https:\/\/www.jootjeshaakcadeautjes.nl\/de\/wp-json\/wp\/v2\/media\/174429"}],"wp:attachment":[{"href":"https:\/\/www.jootjeshaakcadeautjes.nl\/de\/wp-json\/wp\/v2\/media?parent=168293"}],"wp:term":[{"taxonomy":"product_brand","embeddable":true,"href":"https:\/\/www.jootjeshaakcadeautjes.nl\/de\/wp-json\/wp\/v2\/product_brand?post=168293"},{"taxonomy":"product_cat","embeddable":true,"href":"https:\/\/www.jootjeshaakcadeautjes.nl\/de\/wp-json\/wp\/v2\/product_cat?post=168293"},{"taxonomy":"product_tag","embeddable":true,"href":"https:\/\/www.jootjeshaakcadeautjes.nl\/de\/wp-json\/wp\/v2\/product_tag?post=168293"}],"curies":[{"name":"wp","href":"https:\/\/api.w.org\/{rel}","templated":true}]}}