{"id":168367,"date":"2024-10-16T14:27:29","date_gmt":"2024-10-16T12:27:29","guid":{"rendered":"https:\/\/www.jootjeshaakcadeautjes.nl\/?post_type=product&#038;p=168367"},"modified":"2026-04-20T11:33:19","modified_gmt":"2026-04-20T09:33:19","slug":"acryl-perle-glitter-relief-rose-20-mm","status":"publish","type":"product","link":"https:\/\/www.jootjeshaakcadeautjes.nl\/de\/produkt\/acryl-perle-glitter-relief-rose-20-mm\/","title":{"rendered":"Acrylglasperle &#8211; Glitter-Relief &#8211; 20 mm &#8211; Rose"},"content":{"rendered":"<h3>Acryl Perle &#8211; Glitter Relief &#8211; Rose 20 mm<\/h3>\n<p>Material: Acryl<br \/>\nTyp: Glitzerrelief &#8211; Rose 20 mm<\/p>\n<p>Achtung! Geeignet f\u00fcr die Verwendung in Schl\u00fcsselanh\u00e4ngern, aber nicht f\u00fcr Bei\u00dfringe, Schnuller oder andere Babyprodukte, da sich die Steine l\u00f6sen k\u00f6nnten. Acrylkugeln wie diese bestehen auch nicht die chemischen und mechanischen Tests der EN-71, die f\u00fcr die Sicherheit dieser Produkte f\u00fcr Babys erforderlich sind!<\/p>\n","protected":false},"excerpt":{"rendered":"<p>Farbe: Rose<\/p>\n<p>Material: Acryl<br \/>\nTyp: Glitter Relief &#8211; Rose 20 mm<\/p>\n<p>Geeignet f\u00fcr Schl\u00fcsselanh\u00e4nger und zur Verwendung mit <a href=\"https:\/\/www.jootjeshaakcadeautjes.nl\/de\/produkt\/holzperlen-glueckspilz-haken-buche-20-mm\/\">Holz-<\/a> und <a href=\"https:\/\/www.jootjeshaakcadeautjes.nl\/de\/product-categorie\/herstellung-von-baby-beisspielzeug-materialien-fur-schnuller-und-beisringe\/silikonperlen-bpa-frei-grosshandel\/silikonperlen-lucky-dolls-luckyjos\/\">Silikon-Gl\u00fcckspuppen<\/a>.<\/p>\n","protected":false},"featured_media":174442,"template":"","meta":[],"product_brand":[],"product_cat":[19495,18172,8247,8267],"product_tag":[7529,8614,7205,7928,15805,8008,8519,7208,8630,7464,15761,7950,7563,15033,7214,7397,7229,8052,8313,9438,7660,7444,8162,8625,15015,7435],"class_list":{"0":"post-168367","1":"product","2":"type-product","3":"status-publish","4":"has-post-thumbnail","6":"product_cat-acrylperlen-glitzer-relief","7":"product_cat-andere-perlen-weihnachten","8":"product_cat-bastelmaterial-hakelzubehor","9":"product_cat-lucky-dolls-diy-perlen-und-zubehor","10":"product_tag-20-de","11":"product_tag-acryl-de","12":"product_tag-diy-de","13":"product_tag-einkaufen","14":"product_tag-glitzer","15":"product_tag-gluck-de","16":"product_tag-gluckspuppe-de-2","17":"product_tag-gluckspuppe","18":"product_tag-gluckspuppen-de","19":"product_tag-groshandel","20":"product_tag-handgelenkstasche","21":"product_tag-jaszipper-de","22":"product_tag-kaufen","23":"product_tag-kleiderbugel","24":"product_tag-machen","25":"product_tag-mm-de","26":"product_tag-personalisierung","27":"product_tag-prasentiert-de","28":"product_tag-puppen","29":"product_tag-relief-de","30":"product_tag-rose-de","31":"product_tag-schlusselanhanger","32":"product_tag-schlusselringe","33":"product_tag-schmuck","34":"product_tag-telefonanschlusse","35":"product_tag-wulst","37":"first","38":"instock","39":"taxable","40":"shipping-taxable","41":"purchasable","42":"product-type-simple"},"bundled_by":[],"bundle_stock_status":"instock","bundle_stock_quantity":79,"bundle_virtual":false,"bundle_layout":"","bundle_add_to_cart_form_location":"","bundle_editable_in_cart":false,"bundle_sold_individually_context":"","bundle_item_grouping":"","bundle_min_size":"","bundle_max_size":"","bundle_price":[],"bundled_items":[],"bundle_sell_ids":[],"yoast_head":"<!-- This site is optimized with the Yoast SEO Premium plugin v27.6 (Yoast SEO v27.6) - https:\/\/yoast.com\/product\/yoast-seo-premium-wordpress\/ -->\n<title>- Stichpunkte<\/title>\n<meta name=\"description\" content=\"Glitter Relief - Rose 20 mm zur Herstellung von Schl\u00fcsselanh\u00e4ngern mit Gl\u00fccksbringern, Jasminanh\u00e4ngern, Telefonanh\u00e4ngern und mehr. | Jootjes.co.uk\" \/>\n<meta name=\"robots\" content=\"index, follow, max-snippet:-1, max-image-preview:large, max-video-preview:-1\" \/>\n<link rel=\"canonical\" href=\"https:\/\/www.jootjeshaakcadeautjes.nl\/de\/produkt\/acryl-perle-glitter-relief-rose-20-mm\/\" \/>\n<meta property=\"og:locale\" content=\"de_DE\" \/>\n<meta property=\"og:type\" content=\"article\" \/>\n<meta property=\"og:title\" content=\"Acrylglasperle - Glitter-Relief - 20 mm - Rose\" \/>\n<meta property=\"og:description\" content=\"Glitter Relief - Rose 20 mm zur Herstellung von Schl\u00fcsselanh\u00e4ngern mit Gl\u00fccksbringern, Jasminanh\u00e4ngern, Telefonanh\u00e4ngern und mehr. | Jootjes.co.uk\" \/>\n<meta property=\"og:url\" content=\"https:\/\/www.jootjeshaakcadeautjes.nl\/de\/produkt\/acryl-perle-glitter-relief-rose-20-mm\/\" \/>\n<meta property=\"og:site_name\" content=\"Jootjes Haakcadeautjes\" \/>\n<meta property=\"article:modified_time\" content=\"2026-04-20T09:33:19+00:00\" \/>\n<meta property=\"og:image\" content=\"https:\/\/d1dyryakdmle7o.cloudfront.net\/wp-content\/uploads\/2024\/10\/Naamloos-859.webp\" \/>\n\t<meta property=\"og:image:width\" content=\"2048\" \/>\n\t<meta property=\"og:image:height\" content=\"2048\" \/>\n\t<meta property=\"og:image:type\" content=\"image\/webp\" \/>\n<meta name=\"twitter:card\" content=\"summary_large_image\" \/>\n<meta name=\"twitter:label1\" content=\"Preis\" \/>\n\t<meta name=\"twitter:data1\" content=\"&euro;0.30 inkl. MwSt.\" \/>\n\t<meta name=\"twitter:label2\" content=\"Verf\u00fcgbarkeit\" \/>\n\t<meta name=\"twitter:data2\" content=\"Auf Lager\" \/>\n<script type=\"application\/ld+json\" class=\"yoast-schema-graph\">{\"@context\":\"https:\\\/\\\/schema.org\",\"@graph\":[{\"@type\":\"WebPage\",\"@id\":\"https:\\\/\\\/www.jootjeshaakcadeautjes.nl\\\/de\\\/produkt\\\/acryl-perle-glitter-relief-rose-20-mm\\\/\",\"url\":\"https:\\\/\\\/www.jootjeshaakcadeautjes.nl\\\/de\\\/produkt\\\/acryl-perle-glitter-relief-rose-20-mm\\\/\",\"name\":\"- Stichpunkte\",\"isPartOf\":{\"@id\":\"https:\\\/\\\/www.jootjeshaakcadeautjes.nl\\\/de\\\/#website\"},\"primaryImageOfPage\":{\"@id\":\"https:\\\/\\\/www.jootjeshaakcadeautjes.nl\\\/de\\\/produkt\\\/acryl-perle-glitter-relief-rose-20-mm\\\/#primaryimage\"},\"image\":{\"@id\":\"https:\\\/\\\/www.jootjeshaakcadeautjes.nl\\\/de\\\/produkt\\\/acryl-perle-glitter-relief-rose-20-mm\\\/#primaryimage\"},\"thumbnailUrl\":\"https:\\\/\\\/d1dyryakdmle7o.cloudfront.net\\\/wp-content\\\/uploads\\\/2024\\\/10\\\/Naamloos-859.webp\",\"datePublished\":\"2024-10-16T12:27:29+00:00\",\"dateModified\":\"2026-04-20T09:33:19+00:00\",\"description\":\"Glitter Relief - Rose 20 mm zur Herstellung von Schl\u00fcsselanh\u00e4ngern mit Gl\u00fccksbringern, Jasminanh\u00e4ngern, Telefonanh\u00e4ngern und mehr. | Jootjes.co.uk\",\"breadcrumb\":{\"@id\":\"https:\\\/\\\/www.jootjeshaakcadeautjes.nl\\\/de\\\/produkt\\\/acryl-perle-glitter-relief-rose-20-mm\\\/#breadcrumb\"},\"inLanguage\":\"de\",\"potentialAction\":[{\"@type\":\"ReadAction\",\"target\":[\"https:\\\/\\\/www.jootjeshaakcadeautjes.nl\\\/de\\\/produkt\\\/acryl-perle-glitter-relief-rose-20-mm\\\/\"]}]},{\"@type\":\"ImageObject\",\"inLanguage\":\"de\",\"@id\":\"https:\\\/\\\/www.jootjeshaakcadeautjes.nl\\\/de\\\/produkt\\\/acryl-perle-glitter-relief-rose-20-mm\\\/#primaryimage\",\"url\":\"https:\\\/\\\/d1dyryakdmle7o.cloudfront.net\\\/wp-content\\\/uploads\\\/2024\\\/10\\\/Naamloos-859.webp\",\"contentUrl\":\"https:\\\/\\\/d1dyryakdmle7o.cloudfront.net\\\/wp-content\\\/uploads\\\/2024\\\/10\\\/Naamloos-859.webp\",\"width\":2048,\"height\":2048},{\"@type\":\"BreadcrumbList\",\"@id\":\"https:\\\/\\\/www.jootjeshaakcadeautjes.nl\\\/de\\\/produkt\\\/acryl-perle-glitter-relief-rose-20-mm\\\/#breadcrumb\",\"itemListElement\":[{\"@type\":\"ListItem\",\"position\":1,\"name\":\"Startseite\",\"item\":\"https:\\\/\\\/www.jootjeshaakcadeautjes.nl\\\/de\\\/\"},{\"@type\":\"ListItem\",\"position\":2,\"name\":\"Gro\u00dfhandel mit Silikonperlen &#8211; Business und Consumer\",\"item\":\"https:\\\/\\\/www.jootjeshaakcadeautjes.nl\\\/de\\\/shop\\\/\"},{\"@type\":\"ListItem\",\"position\":3,\"name\":\"Acrylglasperle &#8211; Glitter-Relief &#8211; 20 mm &#8211; Rose\"}]},{\"@type\":\"WebSite\",\"@id\":\"https:\\\/\\\/www.jootjeshaakcadeautjes.nl\\\/de\\\/#website\",\"url\":\"https:\\\/\\\/www.jootjeshaakcadeautjes.nl\\\/de\\\/\",\"name\":\"Jootjes Haakcadeautjes\",\"description\":\"Silikonperlen Gro\u00dfhandel \",\"publisher\":{\"@id\":\"https:\\\/\\\/www.jootjeshaakcadeautjes.nl\\\/de\\\/#organization\"},\"potentialAction\":[{\"@type\":\"SearchAction\",\"target\":{\"@type\":\"EntryPoint\",\"urlTemplate\":\"https:\\\/\\\/www.jootjeshaakcadeautjes.nl\\\/de\\\/?s={search_term_string}\"},\"query-input\":{\"@type\":\"PropertyValueSpecification\",\"valueRequired\":true,\"valueName\":\"search_term_string\"}}],\"inLanguage\":\"de\"},{\"@type\":\"Organization\",\"@id\":\"https:\\\/\\\/www.jootjeshaakcadeautjes.nl\\\/de\\\/#organization\",\"name\":\"Jootjes Haakcadeautjes\",\"url\":\"https:\\\/\\\/www.jootjeshaakcadeautjes.nl\\\/de\\\/\",\"logo\":{\"@type\":\"ImageObject\",\"inLanguage\":\"de\",\"@id\":\"https:\\\/\\\/www.jootjeshaakcadeautjes.nl\\\/de\\\/#\\\/schema\\\/logo\\\/image\\\/\",\"url\":\"https:\\\/\\\/d1dyryakdmle7o.cloudfront.net\\\/wp-content\\\/uploads\\\/2023\\\/05\\\/Logo-rond.png\",\"contentUrl\":\"https:\\\/\\\/d1dyryakdmle7o.cloudfront.net\\\/wp-content\\\/uploads\\\/2023\\\/05\\\/Logo-rond.png\",\"width\":1222,\"height\":1222,\"caption\":\"Jootjes Haakcadeautjes\"},\"image\":{\"@id\":\"https:\\\/\\\/www.jootjeshaakcadeautjes.nl\\\/de\\\/#\\\/schema\\\/logo\\\/image\\\/\"}}]}<\/script>\n<meta property=\"product:price:amount\" content=\"0.30\" \/>\n<meta property=\"product:price:currency\" content=\"EUR\" \/>\n<meta property=\"og:availability\" content=\"instock\" \/>\n<meta property=\"product:availability\" content=\"instock\" \/>\n<meta property=\"product:retailer_item_id\" content=\"ACR-GLR20-ROS\" \/>\n<meta property=\"product:condition\" content=\"new\" \/>\n<!-- \/ Yoast SEO Premium plugin. -->","yoast_head_json":{"title":"- Stichpunkte","description":"Glitter Relief - Rose 20 mm zur Herstellung von Schl\u00fcsselanh\u00e4ngern mit Gl\u00fccksbringern, Jasminanh\u00e4ngern, Telefonanh\u00e4ngern und mehr. | Jootjes.co.uk","robots":{"index":"index","follow":"follow","max-snippet":"max-snippet:-1","max-image-preview":"max-image-preview:large","max-video-preview":"max-video-preview:-1"},"canonical":"https:\/\/www.jootjeshaakcadeautjes.nl\/de\/produkt\/acryl-perle-glitter-relief-rose-20-mm\/","og_locale":"de_DE","og_type":"article","og_title":"Acrylglasperle - Glitter-Relief - 20 mm - Rose","og_description":"Glitter Relief - Rose 20 mm zur Herstellung von Schl\u00fcsselanh\u00e4ngern mit Gl\u00fccksbringern, Jasminanh\u00e4ngern, Telefonanh\u00e4ngern und mehr. | Jootjes.co.uk","og_url":"https:\/\/www.jootjeshaakcadeautjes.nl\/de\/produkt\/acryl-perle-glitter-relief-rose-20-mm\/","og_site_name":"Jootjes Haakcadeautjes","article_modified_time":"2026-04-20T09:33:19+00:00","og_image":[{"width":2048,"height":2048,"url":"https:\/\/d1dyryakdmle7o.cloudfront.net\/wp-content\/uploads\/2024\/10\/Naamloos-859.webp","type":"image\/webp"}],"twitter_card":"summary_large_image","twitter_misc":{"Preis":"&euro;0.30 inkl. MwSt.","Verf\u00fcgbarkeit":"Auf Lager"},"schema":{"@context":"https:\/\/schema.org","@graph":[{"@type":"WebPage","@id":"https:\/\/www.jootjeshaakcadeautjes.nl\/de\/produkt\/acryl-perle-glitter-relief-rose-20-mm\/","url":"https:\/\/www.jootjeshaakcadeautjes.nl\/de\/produkt\/acryl-perle-glitter-relief-rose-20-mm\/","name":"- Stichpunkte","isPartOf":{"@id":"https:\/\/www.jootjeshaakcadeautjes.nl\/de\/#website"},"primaryImageOfPage":{"@id":"https:\/\/www.jootjeshaakcadeautjes.nl\/de\/produkt\/acryl-perle-glitter-relief-rose-20-mm\/#primaryimage"},"image":{"@id":"https:\/\/www.jootjeshaakcadeautjes.nl\/de\/produkt\/acryl-perle-glitter-relief-rose-20-mm\/#primaryimage"},"thumbnailUrl":"https:\/\/d1dyryakdmle7o.cloudfront.net\/wp-content\/uploads\/2024\/10\/Naamloos-859.webp","datePublished":"2024-10-16T12:27:29+00:00","dateModified":"2026-04-20T09:33:19+00:00","description":"Glitter Relief - Rose 20 mm zur Herstellung von Schl\u00fcsselanh\u00e4ngern mit Gl\u00fccksbringern, Jasminanh\u00e4ngern, Telefonanh\u00e4ngern und mehr. | Jootjes.co.uk","breadcrumb":{"@id":"https:\/\/www.jootjeshaakcadeautjes.nl\/de\/produkt\/acryl-perle-glitter-relief-rose-20-mm\/#breadcrumb"},"inLanguage":"de","potentialAction":[{"@type":"ReadAction","target":["https:\/\/www.jootjeshaakcadeautjes.nl\/de\/produkt\/acryl-perle-glitter-relief-rose-20-mm\/"]}]},{"@type":"ImageObject","inLanguage":"de","@id":"https:\/\/www.jootjeshaakcadeautjes.nl\/de\/produkt\/acryl-perle-glitter-relief-rose-20-mm\/#primaryimage","url":"https:\/\/d1dyryakdmle7o.cloudfront.net\/wp-content\/uploads\/2024\/10\/Naamloos-859.webp","contentUrl":"https:\/\/d1dyryakdmle7o.cloudfront.net\/wp-content\/uploads\/2024\/10\/Naamloos-859.webp","width":2048,"height":2048},{"@type":"BreadcrumbList","@id":"https:\/\/www.jootjeshaakcadeautjes.nl\/de\/produkt\/acryl-perle-glitter-relief-rose-20-mm\/#breadcrumb","itemListElement":[{"@type":"ListItem","position":1,"name":"Startseite","item":"https:\/\/www.jootjeshaakcadeautjes.nl\/de\/"},{"@type":"ListItem","position":2,"name":"Gro\u00dfhandel mit Silikonperlen &#8211; Business und Consumer","item":"https:\/\/www.jootjeshaakcadeautjes.nl\/de\/shop\/"},{"@type":"ListItem","position":3,"name":"Acrylglasperle &#8211; Glitter-Relief &#8211; 20 mm &#8211; Rose"}]},{"@type":"WebSite","@id":"https:\/\/www.jootjeshaakcadeautjes.nl\/de\/#website","url":"https:\/\/www.jootjeshaakcadeautjes.nl\/de\/","name":"Jootjes Haakcadeautjes","description":"Silikonperlen Gro\u00dfhandel ","publisher":{"@id":"https:\/\/www.jootjeshaakcadeautjes.nl\/de\/#organization"},"potentialAction":[{"@type":"SearchAction","target":{"@type":"EntryPoint","urlTemplate":"https:\/\/www.jootjeshaakcadeautjes.nl\/de\/?s={search_term_string}"},"query-input":{"@type":"PropertyValueSpecification","valueRequired":true,"valueName":"search_term_string"}}],"inLanguage":"de"},{"@type":"Organization","@id":"https:\/\/www.jootjeshaakcadeautjes.nl\/de\/#organization","name":"Jootjes Haakcadeautjes","url":"https:\/\/www.jootjeshaakcadeautjes.nl\/de\/","logo":{"@type":"ImageObject","inLanguage":"de","@id":"https:\/\/www.jootjeshaakcadeautjes.nl\/de\/#\/schema\/logo\/image\/","url":"https:\/\/d1dyryakdmle7o.cloudfront.net\/wp-content\/uploads\/2023\/05\/Logo-rond.png","contentUrl":"https:\/\/d1dyryakdmle7o.cloudfront.net\/wp-content\/uploads\/2023\/05\/Logo-rond.png","width":1222,"height":1222,"caption":"Jootjes Haakcadeautjes"},"image":{"@id":"https:\/\/www.jootjeshaakcadeautjes.nl\/de\/#\/schema\/logo\/image\/"}}]},"product_price_amount":"0.30","product_price_currency":"EUR","og_availability":"instock","product_availability":"instock","product_retailer_item_id":"ACR-GLR20-ROS","product_condition":"new"},"_links":{"self":[{"href":"https:\/\/www.jootjeshaakcadeautjes.nl\/de\/wp-json\/wp\/v2\/product\/168367","targetHints":{"allow":["GET"]}}],"collection":[{"href":"https:\/\/www.jootjeshaakcadeautjes.nl\/de\/wp-json\/wp\/v2\/product"}],"about":[{"href":"https:\/\/www.jootjeshaakcadeautjes.nl\/de\/wp-json\/wp\/v2\/types\/product"}],"version-history":[{"count":2,"href":"https:\/\/www.jootjeshaakcadeautjes.nl\/de\/wp-json\/wp\/v2\/product\/168367\/revisions"}],"predecessor-version":[{"id":279647,"href":"https:\/\/www.jootjeshaakcadeautjes.nl\/de\/wp-json\/wp\/v2\/product\/168367\/revisions\/279647"}],"wp:featuredmedia":[{"embeddable":true,"href":"https:\/\/www.jootjeshaakcadeautjes.nl\/de\/wp-json\/wp\/v2\/media\/174442"}],"wp:attachment":[{"href":"https:\/\/www.jootjeshaakcadeautjes.nl\/de\/wp-json\/wp\/v2\/media?parent=168367"}],"wp:term":[{"taxonomy":"product_brand","embeddable":true,"href":"https:\/\/www.jootjeshaakcadeautjes.nl\/de\/wp-json\/wp\/v2\/product_brand?post=168367"},{"taxonomy":"product_cat","embeddable":true,"href":"https:\/\/www.jootjeshaakcadeautjes.nl\/de\/wp-json\/wp\/v2\/product_cat?post=168367"},{"taxonomy":"product_tag","embeddable":true,"href":"https:\/\/www.jootjeshaakcadeautjes.nl\/de\/wp-json\/wp\/v2\/product_tag?post=168367"}],"curies":[{"name":"wp","href":"https:\/\/api.w.org\/{rel}","templated":true}]}}