{"id":168556,"date":"2024-10-17T14:59:08","date_gmt":"2024-10-17T12:59:08","guid":{"rendered":"https:\/\/www.jootjeshaakcadeautjes.nl\/?post_type=product&#038;p=168556"},"modified":"2025-12-03T16:13:38","modified_gmt":"2025-12-03T15:13:38","slug":"silikon-perlengeschnittenes-weihnachtsmann-und-schneemann","status":"publish","type":"product","link":"https:\/\/www.jootjeshaakcadeautjes.nl\/de\/produkt\/silikon-perlengeschnittenes-weihnachtsmann-und-schneemann\/","title":{"rendered":"Silikonperle &#8211; Weihnachtsmann &#8211; Gem\u00fctlicher Weihnachtsmann und Schneemann"},"content":{"rendered":"<h2>Silikon &#8211; Perle &#8211; Gem\u00fctlicher Weihnachtsmann und Schneemann<\/h2>\n<p>Basteln Sie Ihre eigene Wagenkette f\u00fcr Weihnachten mit dieser niedlichen Silikonperle. Sch\u00f6n zu kombinieren mit den Silikonperlen Leaf Natural und Perlen Signal Red als Holly Branch.<\/p>\n<p>Es gibt auch verschiedene Bei\u00dfringe mit weihnachtlichen Motiven, die mit ihm kombiniert werden k\u00f6nnen.<\/p>\n<p>Die Silikonperle ist aus BPA-freiem Silikon hergestellt. Das bedeutet, dass die Produkte als sicher f\u00fcr die Verwendung in Kinderspielzeug befunden wurden. Die Silikonanwendung enth\u00e4lt keine sch\u00e4dlichen Substanzen. Unsere Produkte erf\u00fcllen daher alle erforderlichen Zertifizierungen. Achten Sie immer auf die Abnutzung von Spielzeug und werfen Sie es gegebenenfalls weg. Dies gilt f\u00fcr jede Art von Babyspielzeug.<\/p>\n","protected":false},"excerpt":{"rendered":"<p>Material: 100% BPA-frei, sicher nach EN-71, Silikon Typ: Kuscheliger Weihnachtsmann und Schneemann Farbe: Rot\/Wei\u00df<\/p>\n<p>&nbsp;<\/p>\n","protected":false},"featured_media":174603,"template":"","meta":[],"product_brand":[],"product_cat":[7380,17987,18014,7389,6991,7382,7592],"product_tag":[7419,7452,8412,15103,7597,9119,7603,7658,7623,7650,8162,8679,7520,7211,8580,15088,9294,7515,7615,8304,15533,7930,7632,7435],"class_list":{"0":"post-168556","1":"product","2":"type-product","3":"status-publish","4":"has-post-thumbnail","6":"product_cat-herstellung-von-baby-beisspielzeug-materialien-fur-schnuller-und-beisringe","7":"product_cat-siliconen-kralen-kerstmis-de","8":"product_cat-siliconen-kralen-kerst-de","9":"product_cat-silikonperlen-all-multicoloured-luxury-beads","10":"product_cat-silikonperlen-bpa-frei-grosshandel","11":"product_cat-silikonperlen-feiertage-jahreszeiten","12":"product_cat-silikonperlen-beisring-weihnachten-halloween-und-mehr","13":"product_tag-bpa-de","14":"product_tag-bpa-frei","15":"product_tag-der-weihnachtsmann","16":"product_tag-jacke-reisverschlusse","17":"product_tag-kind-de","18":"product_tag-kreis","19":"product_tag-kugel","20":"product_tag-kugel-de","21":"product_tag-licht-de","22":"product_tag-offnen","23":"product_tag-schlusselringe","24":"product_tag-schneemann","25":"product_tag-sicher","26":"product_tag-silikon","27":"product_tag-stifte","28":"product_tag-taschenbugel","29":"product_tag-tortenheber-de","30":"product_tag-weihnachten","31":"product_tag-weihnachten-de","32":"product_tag-weihnachtsball-2","33":"product_tag-weihnachtsbaum-anhanger","34":"product_tag-weinkorken","35":"product_tag-weis","36":"product_tag-wulst","38":"first","39":"instock","40":"taxable","41":"shipping-taxable","42":"purchasable","43":"product-type-simple"},"bundled_by":["181184","260356"],"bundle_stock_status":"instock","bundle_stock_quantity":135,"bundle_virtual":false,"bundle_layout":"","bundle_add_to_cart_form_location":"","bundle_editable_in_cart":false,"bundle_sold_individually_context":"","bundle_item_grouping":"","bundle_min_size":"","bundle_max_size":"","bundle_price":[],"bundled_items":[],"bundle_sell_ids":[],"yoast_head":"<!-- This site is optimized with the Yoast SEO Premium plugin v27.6 (Yoast SEO v27.6) - https:\/\/yoast.com\/product\/yoast-seo-premium-wordpress\/ -->\n<title>Silikonperle - Weihnachtsmann - Gem\u00fctlicher Weihnachtsmann und Schneemann - Jootjes Haakcadeautjes% | BPA frei | JH.nl<\/title>\n<meta name=\"description\" content=\"Silikonperlen Weihnachtsbaum Gr\u00fcn. Ideal f\u00fcr festliche Kinderwagenschn\u00fcre oder Schnuller, BPA-frei, CE-zertifiziert und kindersicher\" \/>\n<meta name=\"robots\" content=\"index, follow, max-snippet:-1, max-image-preview:large, max-video-preview:-1\" \/>\n<link rel=\"canonical\" href=\"https:\/\/www.jootjeshaakcadeautjes.nl\/de\/produkt\/silikon-perlengeschnittenes-weihnachtsmann-und-schneemann\/\" \/>\n<meta property=\"og:locale\" content=\"de_DE\" \/>\n<meta property=\"og:type\" content=\"article\" \/>\n<meta property=\"og:title\" content=\"Silikonperle - Weihnachtsmann - Gem\u00fctlicher Weihnachtsmann und Schneemann\" \/>\n<meta property=\"og:description\" content=\"Silikonperlen Weihnachtsbaum Gr\u00fcn. Ideal f\u00fcr festliche Kinderwagenschn\u00fcre oder Schnuller, BPA-frei, CE-zertifiziert und kindersicher\" \/>\n<meta property=\"og:url\" content=\"https:\/\/www.jootjeshaakcadeautjes.nl\/de\/produkt\/silikon-perlengeschnittenes-weihnachtsmann-und-schneemann\/\" \/>\n<meta property=\"og:site_name\" content=\"Jootjes Haakcadeautjes\" \/>\n<meta property=\"article:modified_time\" content=\"2025-12-03T15:13:38+00:00\" \/>\n<meta property=\"og:image\" content=\"https:\/\/www.jootjeshaakcadeautjes.nl\/wp-content\/uploads\/2024\/10\/Naamloos-916.webp\" \/>\n\t<meta property=\"og:image:width\" content=\"2048\" \/>\n\t<meta property=\"og:image:height\" content=\"2048\" \/>\n\t<meta property=\"og:image:type\" content=\"image\/webp\" \/>\n<meta name=\"twitter:card\" content=\"summary_large_image\" \/>\n<meta name=\"twitter:label1\" content=\"Preis\" \/>\n\t<meta name=\"twitter:data1\" content=\"&euro;0.85 inkl. MwSt.\" \/>\n\t<meta name=\"twitter:label2\" content=\"Verf\u00fcgbarkeit\" \/>\n\t<meta name=\"twitter:data2\" content=\"Auf Lager\" \/>\n<script type=\"application\/ld+json\" class=\"yoast-schema-graph\">{\"@context\":\"https:\\\/\\\/schema.org\",\"@graph\":[{\"@type\":\"WebPage\",\"@id\":\"https:\\\/\\\/www.jootjeshaakcadeautjes.nl\\\/de\\\/produkt\\\/silikon-perlengeschnittenes-weihnachtsmann-und-schneemann\\\/\",\"url\":\"https:\\\/\\\/www.jootjeshaakcadeautjes.nl\\\/de\\\/produkt\\\/silikon-perlengeschnittenes-weihnachtsmann-und-schneemann\\\/\",\"name\":\"Silikonperle - Weihnachtsmann - Gem\u00fctlicher Weihnachtsmann und Schneemann - Jootjes Haakcadeautjes% | BPA frei | JH.nl\",\"isPartOf\":{\"@id\":\"https:\\\/\\\/www.jootjeshaakcadeautjes.nl\\\/de\\\/#website\"},\"primaryImageOfPage\":{\"@id\":\"https:\\\/\\\/www.jootjeshaakcadeautjes.nl\\\/de\\\/produkt\\\/silikon-perlengeschnittenes-weihnachtsmann-und-schneemann\\\/#primaryimage\"},\"image\":{\"@id\":\"https:\\\/\\\/www.jootjeshaakcadeautjes.nl\\\/de\\\/produkt\\\/silikon-perlengeschnittenes-weihnachtsmann-und-schneemann\\\/#primaryimage\"},\"thumbnailUrl\":\"https:\\\/\\\/d1dyryakdmle7o.cloudfront.net\\\/wp-content\\\/uploads\\\/2024\\\/10\\\/Naamloos-916.webp\",\"datePublished\":\"2024-10-17T12:59:08+00:00\",\"dateModified\":\"2025-12-03T15:13:38+00:00\",\"description\":\"Silikonperlen Weihnachtsbaum Gr\u00fcn. Ideal f\u00fcr festliche Kinderwagenschn\u00fcre oder Schnuller, BPA-frei, CE-zertifiziert und kindersicher\",\"breadcrumb\":{\"@id\":\"https:\\\/\\\/www.jootjeshaakcadeautjes.nl\\\/de\\\/produkt\\\/silikon-perlengeschnittenes-weihnachtsmann-und-schneemann\\\/#breadcrumb\"},\"inLanguage\":\"de\",\"potentialAction\":[{\"@type\":\"ReadAction\",\"target\":[\"https:\\\/\\\/www.jootjeshaakcadeautjes.nl\\\/de\\\/produkt\\\/silikon-perlengeschnittenes-weihnachtsmann-und-schneemann\\\/\"]}]},{\"@type\":\"ImageObject\",\"inLanguage\":\"de\",\"@id\":\"https:\\\/\\\/www.jootjeshaakcadeautjes.nl\\\/de\\\/produkt\\\/silikon-perlengeschnittenes-weihnachtsmann-und-schneemann\\\/#primaryimage\",\"url\":\"https:\\\/\\\/d1dyryakdmle7o.cloudfront.net\\\/wp-content\\\/uploads\\\/2024\\\/10\\\/Naamloos-916.webp\",\"contentUrl\":\"https:\\\/\\\/d1dyryakdmle7o.cloudfront.net\\\/wp-content\\\/uploads\\\/2024\\\/10\\\/Naamloos-916.webp\",\"width\":2048,\"height\":2048},{\"@type\":\"BreadcrumbList\",\"@id\":\"https:\\\/\\\/www.jootjeshaakcadeautjes.nl\\\/de\\\/produkt\\\/silikon-perlengeschnittenes-weihnachtsmann-und-schneemann\\\/#breadcrumb\",\"itemListElement\":[{\"@type\":\"ListItem\",\"position\":1,\"name\":\"Startseite\",\"item\":\"https:\\\/\\\/www.jootjeshaakcadeautjes.nl\\\/de\\\/\"},{\"@type\":\"ListItem\",\"position\":2,\"name\":\"Gro\u00dfhandel mit Silikonperlen &#8211; Business und Consumer\",\"item\":\"https:\\\/\\\/www.jootjeshaakcadeautjes.nl\\\/de\\\/shop\\\/\"},{\"@type\":\"ListItem\",\"position\":3,\"name\":\"Silikonperle &#8211; Weihnachtsmann &#8211; Gem\u00fctlicher Weihnachtsmann und Schneemann\"}]},{\"@type\":\"WebSite\",\"@id\":\"https:\\\/\\\/www.jootjeshaakcadeautjes.nl\\\/de\\\/#website\",\"url\":\"https:\\\/\\\/www.jootjeshaakcadeautjes.nl\\\/de\\\/\",\"name\":\"Jootjes Haakcadeautjes\",\"description\":\"Silikonperlen Gro\u00dfhandel \",\"publisher\":{\"@id\":\"https:\\\/\\\/www.jootjeshaakcadeautjes.nl\\\/de\\\/#organization\"},\"potentialAction\":[{\"@type\":\"SearchAction\",\"target\":{\"@type\":\"EntryPoint\",\"urlTemplate\":\"https:\\\/\\\/www.jootjeshaakcadeautjes.nl\\\/de\\\/?s={search_term_string}\"},\"query-input\":{\"@type\":\"PropertyValueSpecification\",\"valueRequired\":true,\"valueName\":\"search_term_string\"}}],\"inLanguage\":\"de\"},{\"@type\":\"Organization\",\"@id\":\"https:\\\/\\\/www.jootjeshaakcadeautjes.nl\\\/de\\\/#organization\",\"name\":\"Jootjes Haakcadeautjes\",\"url\":\"https:\\\/\\\/www.jootjeshaakcadeautjes.nl\\\/de\\\/\",\"logo\":{\"@type\":\"ImageObject\",\"inLanguage\":\"de\",\"@id\":\"https:\\\/\\\/www.jootjeshaakcadeautjes.nl\\\/de\\\/#\\\/schema\\\/logo\\\/image\\\/\",\"url\":\"https:\\\/\\\/d1dyryakdmle7o.cloudfront.net\\\/wp-content\\\/uploads\\\/2023\\\/05\\\/Logo-rond.png\",\"contentUrl\":\"https:\\\/\\\/d1dyryakdmle7o.cloudfront.net\\\/wp-content\\\/uploads\\\/2023\\\/05\\\/Logo-rond.png\",\"width\":1222,\"height\":1222,\"caption\":\"Jootjes Haakcadeautjes\"},\"image\":{\"@id\":\"https:\\\/\\\/www.jootjeshaakcadeautjes.nl\\\/de\\\/#\\\/schema\\\/logo\\\/image\\\/\"}}]}<\/script>\n<meta property=\"product:price:amount\" content=\"0.85\" \/>\n<meta property=\"product:price:currency\" content=\"EUR\" \/>\n<meta property=\"og:availability\" content=\"instock\" \/>\n<meta property=\"product:availability\" content=\"instock\" \/>\n<meta property=\"product:retailer_item_id\" content=\"SKR-KRS-KMSP\" \/>\n<meta property=\"product:condition\" content=\"new\" \/>\n<!-- \/ Yoast SEO Premium plugin. -->","yoast_head_json":{"title":"Silikonperle - Weihnachtsmann - Gem\u00fctlicher Weihnachtsmann und Schneemann - Jootjes Haakcadeautjes% | BPA frei | JH.nl","description":"Silikonperlen Weihnachtsbaum Gr\u00fcn. Ideal f\u00fcr festliche Kinderwagenschn\u00fcre oder Schnuller, BPA-frei, CE-zertifiziert und kindersicher","robots":{"index":"index","follow":"follow","max-snippet":"max-snippet:-1","max-image-preview":"max-image-preview:large","max-video-preview":"max-video-preview:-1"},"canonical":"https:\/\/www.jootjeshaakcadeautjes.nl\/de\/produkt\/silikon-perlengeschnittenes-weihnachtsmann-und-schneemann\/","og_locale":"de_DE","og_type":"article","og_title":"Silikonperle - Weihnachtsmann - Gem\u00fctlicher Weihnachtsmann und Schneemann","og_description":"Silikonperlen Weihnachtsbaum Gr\u00fcn. Ideal f\u00fcr festliche Kinderwagenschn\u00fcre oder Schnuller, BPA-frei, CE-zertifiziert und kindersicher","og_url":"https:\/\/www.jootjeshaakcadeautjes.nl\/de\/produkt\/silikon-perlengeschnittenes-weihnachtsmann-und-schneemann\/","og_site_name":"Jootjes Haakcadeautjes","article_modified_time":"2025-12-03T15:13:38+00:00","og_image":[{"width":2048,"height":2048,"url":"https:\/\/www.jootjeshaakcadeautjes.nl\/wp-content\/uploads\/2024\/10\/Naamloos-916.webp","type":"image\/webp"}],"twitter_card":"summary_large_image","twitter_misc":{"Preis":"&euro;0.85 inkl. MwSt.","Verf\u00fcgbarkeit":"Auf Lager"},"schema":{"@context":"https:\/\/schema.org","@graph":[{"@type":"WebPage","@id":"https:\/\/www.jootjeshaakcadeautjes.nl\/de\/produkt\/silikon-perlengeschnittenes-weihnachtsmann-und-schneemann\/","url":"https:\/\/www.jootjeshaakcadeautjes.nl\/de\/produkt\/silikon-perlengeschnittenes-weihnachtsmann-und-schneemann\/","name":"Silikonperle - Weihnachtsmann - Gem\u00fctlicher Weihnachtsmann und Schneemann - Jootjes Haakcadeautjes% | BPA frei | JH.nl","isPartOf":{"@id":"https:\/\/www.jootjeshaakcadeautjes.nl\/de\/#website"},"primaryImageOfPage":{"@id":"https:\/\/www.jootjeshaakcadeautjes.nl\/de\/produkt\/silikon-perlengeschnittenes-weihnachtsmann-und-schneemann\/#primaryimage"},"image":{"@id":"https:\/\/www.jootjeshaakcadeautjes.nl\/de\/produkt\/silikon-perlengeschnittenes-weihnachtsmann-und-schneemann\/#primaryimage"},"thumbnailUrl":"https:\/\/d1dyryakdmle7o.cloudfront.net\/wp-content\/uploads\/2024\/10\/Naamloos-916.webp","datePublished":"2024-10-17T12:59:08+00:00","dateModified":"2025-12-03T15:13:38+00:00","description":"Silikonperlen Weihnachtsbaum Gr\u00fcn. Ideal f\u00fcr festliche Kinderwagenschn\u00fcre oder Schnuller, BPA-frei, CE-zertifiziert und kindersicher","breadcrumb":{"@id":"https:\/\/www.jootjeshaakcadeautjes.nl\/de\/produkt\/silikon-perlengeschnittenes-weihnachtsmann-und-schneemann\/#breadcrumb"},"inLanguage":"de","potentialAction":[{"@type":"ReadAction","target":["https:\/\/www.jootjeshaakcadeautjes.nl\/de\/produkt\/silikon-perlengeschnittenes-weihnachtsmann-und-schneemann\/"]}]},{"@type":"ImageObject","inLanguage":"de","@id":"https:\/\/www.jootjeshaakcadeautjes.nl\/de\/produkt\/silikon-perlengeschnittenes-weihnachtsmann-und-schneemann\/#primaryimage","url":"https:\/\/d1dyryakdmle7o.cloudfront.net\/wp-content\/uploads\/2024\/10\/Naamloos-916.webp","contentUrl":"https:\/\/d1dyryakdmle7o.cloudfront.net\/wp-content\/uploads\/2024\/10\/Naamloos-916.webp","width":2048,"height":2048},{"@type":"BreadcrumbList","@id":"https:\/\/www.jootjeshaakcadeautjes.nl\/de\/produkt\/silikon-perlengeschnittenes-weihnachtsmann-und-schneemann\/#breadcrumb","itemListElement":[{"@type":"ListItem","position":1,"name":"Startseite","item":"https:\/\/www.jootjeshaakcadeautjes.nl\/de\/"},{"@type":"ListItem","position":2,"name":"Gro\u00dfhandel mit Silikonperlen &#8211; Business und Consumer","item":"https:\/\/www.jootjeshaakcadeautjes.nl\/de\/shop\/"},{"@type":"ListItem","position":3,"name":"Silikonperle &#8211; Weihnachtsmann &#8211; Gem\u00fctlicher Weihnachtsmann und Schneemann"}]},{"@type":"WebSite","@id":"https:\/\/www.jootjeshaakcadeautjes.nl\/de\/#website","url":"https:\/\/www.jootjeshaakcadeautjes.nl\/de\/","name":"Jootjes Haakcadeautjes","description":"Silikonperlen Gro\u00dfhandel ","publisher":{"@id":"https:\/\/www.jootjeshaakcadeautjes.nl\/de\/#organization"},"potentialAction":[{"@type":"SearchAction","target":{"@type":"EntryPoint","urlTemplate":"https:\/\/www.jootjeshaakcadeautjes.nl\/de\/?s={search_term_string}"},"query-input":{"@type":"PropertyValueSpecification","valueRequired":true,"valueName":"search_term_string"}}],"inLanguage":"de"},{"@type":"Organization","@id":"https:\/\/www.jootjeshaakcadeautjes.nl\/de\/#organization","name":"Jootjes Haakcadeautjes","url":"https:\/\/www.jootjeshaakcadeautjes.nl\/de\/","logo":{"@type":"ImageObject","inLanguage":"de","@id":"https:\/\/www.jootjeshaakcadeautjes.nl\/de\/#\/schema\/logo\/image\/","url":"https:\/\/d1dyryakdmle7o.cloudfront.net\/wp-content\/uploads\/2023\/05\/Logo-rond.png","contentUrl":"https:\/\/d1dyryakdmle7o.cloudfront.net\/wp-content\/uploads\/2023\/05\/Logo-rond.png","width":1222,"height":1222,"caption":"Jootjes Haakcadeautjes"},"image":{"@id":"https:\/\/www.jootjeshaakcadeautjes.nl\/de\/#\/schema\/logo\/image\/"}}]},"product_price_amount":"0.85","product_price_currency":"EUR","og_availability":"instock","product_availability":"instock","product_retailer_item_id":"SKR-KRS-KMSP","product_condition":"new"},"_links":{"self":[{"href":"https:\/\/www.jootjeshaakcadeautjes.nl\/de\/wp-json\/wp\/v2\/product\/168556","targetHints":{"allow":["GET"]}}],"collection":[{"href":"https:\/\/www.jootjeshaakcadeautjes.nl\/de\/wp-json\/wp\/v2\/product"}],"about":[{"href":"https:\/\/www.jootjeshaakcadeautjes.nl\/de\/wp-json\/wp\/v2\/types\/product"}],"version-history":[{"count":0,"href":"https:\/\/www.jootjeshaakcadeautjes.nl\/de\/wp-json\/wp\/v2\/product\/168556\/revisions"}],"wp:featuredmedia":[{"embeddable":true,"href":"https:\/\/www.jootjeshaakcadeautjes.nl\/de\/wp-json\/wp\/v2\/media\/174603"}],"wp:attachment":[{"href":"https:\/\/www.jootjeshaakcadeautjes.nl\/de\/wp-json\/wp\/v2\/media?parent=168556"}],"wp:term":[{"taxonomy":"product_brand","embeddable":true,"href":"https:\/\/www.jootjeshaakcadeautjes.nl\/de\/wp-json\/wp\/v2\/product_brand?post=168556"},{"taxonomy":"product_cat","embeddable":true,"href":"https:\/\/www.jootjeshaakcadeautjes.nl\/de\/wp-json\/wp\/v2\/product_cat?post=168556"},{"taxonomy":"product_tag","embeddable":true,"href":"https:\/\/www.jootjeshaakcadeautjes.nl\/de\/wp-json\/wp\/v2\/product_tag?post=168556"}],"curies":[{"name":"wp","href":"https:\/\/api.w.org\/{rel}","templated":true}]}}