{"id":169210,"date":"2024-10-20T15:47:04","date_gmt":"2024-10-20T13:47:04","guid":{"rendered":"https:\/\/www.jootjeshaakcadeautjes.nl\/?post_type=product&#038;p=169210"},"modified":"2025-03-11T17:27:37","modified_gmt":"2025-03-11T16:27:37","slug":"kaffee-tee-ruhrer-in-die-farbe-silber","status":"publish","type":"product","link":"https:\/\/www.jootjeshaakcadeautjes.nl\/de\/produkt\/kaffee-tee-ruhrer-in-die-farbe-silber\/","title":{"rendered":"Kaffee-\/Teer\u00fchrer in der Farbe Silber"},"content":{"rendered":"<h2>Kaffee-\/Teer\u00fchrer in der Farbe Silber<\/h2>\n<p>Material: rostfreier Stahl<br \/>\nTyp: Kaffee-\/Teer\u00fchrer in der Farbe Silber &#8211; Rowable<\/p>\n<p>Reihbar mit Silikonperlen und Holzperlen. Perfekt f\u00fcr die Feiertage, ein Abendessen, eine Weinprobe, einen Drink, einen Geburtstag und vieles mehr. Personalisieren Sie nach Belieben mit Ihren eigenen Texten oder unseren speziellen Silikon-Gl\u00fcckspuppen und -k\u00f6rpern, damit Sie perfekt zum Empf\u00e4nger dieses wunderbaren Geschenks oder zu Ihrem Thema f\u00fcr den Abend passen!<\/p>\n<p>Reinigung: Handw\u00e4sche! Bitte beachten Sie, dass Holzperlen nicht in die Sp\u00fclmaschine geh\u00f6ren. Wir empfehlen, alle Produkte zum Begie\u00dfen von Hand zu waschen. Die Gewindeenden des aufschraubbaren Teils halten nicht lange, wenn sie in der Sp\u00fclmaschine gereinigt werden.<\/p>\n","protected":false},"excerpt":{"rendered":"<p>Material: Edelstahl \/ Handw\u00e4sche Typ: Kaffee-\/Teer\u00fchrer in der Farbe Silber<\/p>\n","protected":false},"featured_media":180693,"template":"","meta":[],"product_brand":[],"product_cat":[7194,18094,7189],"product_tag":[7226,7221,7205,9053,7394,9131,15963,7202,15962,7273,7247,7214,7271,7268,7263,7244,7199,7223,7250,7229,7232,7218,7211,7275],"class_list":{"0":"post-169210","1":"product","2":"type-product","3":"status-publish","4":"has-post-thumbnail","6":"product_cat-basteable-produkte-alle-basteable-produkte","7":"product_cat-beadables-und-diy-artikel-weihnachten","8":"product_cat-verstellbares-besteck-tortenheber-messer-pizzaschneider-kasemesser","9":"product_tag-aufreihbar","10":"product_tag-b2b-de","11":"product_tag-diy-de","12":"product_tag-durchfahrt","13":"product_tag-geschenk-de","14":"product_tag-geschenk-de-3","15":"product_tag-geschenk-fur-lehrer","16":"product_tag-hobby-de","17":"product_tag-kaffee-teeruhrer","18":"product_tag-konzept","19":"product_tag-machen-sie-es-selbst","20":"product_tag-machen","21":"product_tag-markt-de","22":"product_tag-materialien","23":"product_tag-partei-de-2","24":"product_tag-partei","25":"product_tag-perlen","26":"product_tag-personalisierte","27":"product_tag-personalisierte-geschenke","28":"product_tag-personalisierung","29":"product_tag-rostfreier-stahl","30":"product_tag-selbst","31":"product_tag-silikon","32":"product_tag-speichern","34":"first","35":"instock","36":"taxable","37":"shipping-taxable","38":"purchasable","39":"product-type-simple"},"bundled_by":["183073"],"bundle_stock_status":"instock","bundle_stock_quantity":42,"bundle_virtual":false,"bundle_layout":"","bundle_add_to_cart_form_location":"","bundle_editable_in_cart":false,"bundle_sold_individually_context":"","bundle_item_grouping":"","bundle_min_size":"","bundle_max_size":"","bundle_price":[],"bundled_items":[],"bundle_sell_ids":[],"yoast_head":"<!-- This site is optimized with the Yoast SEO Premium plugin v27.6 (Yoast SEO v27.6) - https:\/\/yoast.com\/product\/yoast-seo-premium-wordpress\/ -->\n<title>Kaffee-\/Teer\u00fchrer in der Farbe Silber |Juts<\/title>\n<meta name=\"description\" content=\"Kaufen Sie einen Kaffee-\/Teer\u00fchrer in der Farbe Silber - reihbar und personalisieren Sie ihn nach Ihren W\u00fcnschen mit unseren Holz- und Silikonperlen. Handw\u00e4sche!\" \/>\n<meta name=\"robots\" content=\"index, follow, max-snippet:-1, max-image-preview:large, max-video-preview:-1\" \/>\n<link rel=\"canonical\" href=\"https:\/\/www.jootjeshaakcadeautjes.nl\/de\/produkt\/kaffee-tee-ruhrer-in-die-farbe-silber\/\" \/>\n<meta property=\"og:locale\" content=\"de_DE\" \/>\n<meta property=\"og:type\" content=\"article\" \/>\n<meta property=\"og:title\" content=\"Kaffee-\/Teer\u00fchrer in der Farbe Silber\" \/>\n<meta property=\"og:description\" content=\"Kaufen Sie einen Kaffee-\/Teer\u00fchrer in der Farbe Silber - reihbar und personalisieren Sie ihn nach Ihren W\u00fcnschen mit unseren Holz- und Silikonperlen. Handw\u00e4sche!\" \/>\n<meta property=\"og:url\" content=\"https:\/\/www.jootjeshaakcadeautjes.nl\/de\/produkt\/kaffee-tee-ruhrer-in-die-farbe-silber\/\" \/>\n<meta property=\"og:site_name\" content=\"Jootjes Haakcadeautjes\" \/>\n<meta property=\"article:modified_time\" content=\"2025-03-11T16:27:37+00:00\" \/>\n<meta property=\"og:image\" content=\"https:\/\/www.jootjeshaakcadeautjes.nl\/wp-content\/uploads\/2024\/11\/20241102_145649.webp\" \/>\n\t<meta property=\"og:image:width\" content=\"2048\" \/>\n\t<meta property=\"og:image:height\" content=\"2048\" \/>\n\t<meta property=\"og:image:type\" content=\"image\/webp\" \/>\n<meta name=\"twitter:card\" content=\"summary_large_image\" \/>\n<meta name=\"twitter:label1\" content=\"Preis\" \/>\n\t<meta name=\"twitter:data1\" content=\"&euro;4.95 inkl. MwSt.\" \/>\n\t<meta name=\"twitter:label2\" content=\"Verf\u00fcgbarkeit\" \/>\n\t<meta name=\"twitter:data2\" content=\"Auf Lager\" \/>\n<script type=\"application\/ld+json\" class=\"yoast-schema-graph\">{\"@context\":\"https:\\\/\\\/schema.org\",\"@graph\":[{\"@type\":\"WebPage\",\"@id\":\"https:\\\/\\\/www.jootjeshaakcadeautjes.nl\\\/de\\\/produkt\\\/kaffee-tee-ruhrer-in-die-farbe-silber\\\/\",\"url\":\"https:\\\/\\\/www.jootjeshaakcadeautjes.nl\\\/de\\\/produkt\\\/kaffee-tee-ruhrer-in-die-farbe-silber\\\/\",\"name\":\"Kaffee-\\\/Teer\u00fchrer in der Farbe Silber |Juts\",\"isPartOf\":{\"@id\":\"https:\\\/\\\/www.jootjeshaakcadeautjes.nl\\\/de\\\/#website\"},\"primaryImageOfPage\":{\"@id\":\"https:\\\/\\\/www.jootjeshaakcadeautjes.nl\\\/de\\\/produkt\\\/kaffee-tee-ruhrer-in-die-farbe-silber\\\/#primaryimage\"},\"image\":{\"@id\":\"https:\\\/\\\/www.jootjeshaakcadeautjes.nl\\\/de\\\/produkt\\\/kaffee-tee-ruhrer-in-die-farbe-silber\\\/#primaryimage\"},\"thumbnailUrl\":\"https:\\\/\\\/d1dyryakdmle7o.cloudfront.net\\\/wp-content\\\/uploads\\\/2024\\\/11\\\/20241102_145649.webp\",\"datePublished\":\"2024-10-20T13:47:04+00:00\",\"dateModified\":\"2025-03-11T16:27:37+00:00\",\"description\":\"Kaufen Sie einen Kaffee-\\\/Teer\u00fchrer in der Farbe Silber - reihbar und personalisieren Sie ihn nach Ihren W\u00fcnschen mit unseren Holz- und Silikonperlen. Handw\u00e4sche!\",\"breadcrumb\":{\"@id\":\"https:\\\/\\\/www.jootjeshaakcadeautjes.nl\\\/de\\\/produkt\\\/kaffee-tee-ruhrer-in-die-farbe-silber\\\/#breadcrumb\"},\"inLanguage\":\"de\",\"potentialAction\":[{\"@type\":\"ReadAction\",\"target\":[\"https:\\\/\\\/www.jootjeshaakcadeautjes.nl\\\/de\\\/produkt\\\/kaffee-tee-ruhrer-in-die-farbe-silber\\\/\"]}]},{\"@type\":\"ImageObject\",\"inLanguage\":\"de\",\"@id\":\"https:\\\/\\\/www.jootjeshaakcadeautjes.nl\\\/de\\\/produkt\\\/kaffee-tee-ruhrer-in-die-farbe-silber\\\/#primaryimage\",\"url\":\"https:\\\/\\\/d1dyryakdmle7o.cloudfront.net\\\/wp-content\\\/uploads\\\/2024\\\/11\\\/20241102_145649.webp\",\"contentUrl\":\"https:\\\/\\\/d1dyryakdmle7o.cloudfront.net\\\/wp-content\\\/uploads\\\/2024\\\/11\\\/20241102_145649.webp\",\"width\":2048,\"height\":2048},{\"@type\":\"BreadcrumbList\",\"@id\":\"https:\\\/\\\/www.jootjeshaakcadeautjes.nl\\\/de\\\/produkt\\\/kaffee-tee-ruhrer-in-die-farbe-silber\\\/#breadcrumb\",\"itemListElement\":[{\"@type\":\"ListItem\",\"position\":1,\"name\":\"Startseite\",\"item\":\"https:\\\/\\\/www.jootjeshaakcadeautjes.nl\\\/de\\\/\"},{\"@type\":\"ListItem\",\"position\":2,\"name\":\"Gro\u00dfhandel mit Silikonperlen &#8211; Business und Consumer\",\"item\":\"https:\\\/\\\/www.jootjeshaakcadeautjes.nl\\\/de\\\/shop\\\/\"},{\"@type\":\"ListItem\",\"position\":3,\"name\":\"Kaffee-\\\/Teer\u00fchrer in der Farbe Silber\"}]},{\"@type\":\"WebSite\",\"@id\":\"https:\\\/\\\/www.jootjeshaakcadeautjes.nl\\\/de\\\/#website\",\"url\":\"https:\\\/\\\/www.jootjeshaakcadeautjes.nl\\\/de\\\/\",\"name\":\"Jootjes Haakcadeautjes\",\"description\":\"Silikonperlen Gro\u00dfhandel \",\"publisher\":{\"@id\":\"https:\\\/\\\/www.jootjeshaakcadeautjes.nl\\\/de\\\/#organization\"},\"potentialAction\":[{\"@type\":\"SearchAction\",\"target\":{\"@type\":\"EntryPoint\",\"urlTemplate\":\"https:\\\/\\\/www.jootjeshaakcadeautjes.nl\\\/de\\\/?s={search_term_string}\"},\"query-input\":{\"@type\":\"PropertyValueSpecification\",\"valueRequired\":true,\"valueName\":\"search_term_string\"}}],\"inLanguage\":\"de\"},{\"@type\":\"Organization\",\"@id\":\"https:\\\/\\\/www.jootjeshaakcadeautjes.nl\\\/de\\\/#organization\",\"name\":\"Jootjes Haakcadeautjes\",\"url\":\"https:\\\/\\\/www.jootjeshaakcadeautjes.nl\\\/de\\\/\",\"logo\":{\"@type\":\"ImageObject\",\"inLanguage\":\"de\",\"@id\":\"https:\\\/\\\/www.jootjeshaakcadeautjes.nl\\\/de\\\/#\\\/schema\\\/logo\\\/image\\\/\",\"url\":\"https:\\\/\\\/d1dyryakdmle7o.cloudfront.net\\\/wp-content\\\/uploads\\\/2023\\\/05\\\/Logo-rond.png\",\"contentUrl\":\"https:\\\/\\\/d1dyryakdmle7o.cloudfront.net\\\/wp-content\\\/uploads\\\/2023\\\/05\\\/Logo-rond.png\",\"width\":1222,\"height\":1222,\"caption\":\"Jootjes Haakcadeautjes\"},\"image\":{\"@id\":\"https:\\\/\\\/www.jootjeshaakcadeautjes.nl\\\/de\\\/#\\\/schema\\\/logo\\\/image\\\/\"}}]}<\/script>\n<meta property=\"product:price:amount\" content=\"4.95\" \/>\n<meta property=\"product:price:currency\" content=\"EUR\" \/>\n<meta property=\"og:availability\" content=\"instock\" \/>\n<meta property=\"product:availability\" content=\"instock\" \/>\n<meta property=\"product:retailer_item_id\" content=\"KRK-KFT-ZIL\" \/>\n<meta property=\"product:condition\" content=\"new\" \/>\n<!-- \/ Yoast SEO Premium plugin. -->","yoast_head_json":{"title":"Kaffee-\/Teer\u00fchrer in der Farbe Silber |Juts","description":"Kaufen Sie einen Kaffee-\/Teer\u00fchrer in der Farbe Silber - reihbar und personalisieren Sie ihn nach Ihren W\u00fcnschen mit unseren Holz- und Silikonperlen. Handw\u00e4sche!","robots":{"index":"index","follow":"follow","max-snippet":"max-snippet:-1","max-image-preview":"max-image-preview:large","max-video-preview":"max-video-preview:-1"},"canonical":"https:\/\/www.jootjeshaakcadeautjes.nl\/de\/produkt\/kaffee-tee-ruhrer-in-die-farbe-silber\/","og_locale":"de_DE","og_type":"article","og_title":"Kaffee-\/Teer\u00fchrer in der Farbe Silber","og_description":"Kaufen Sie einen Kaffee-\/Teer\u00fchrer in der Farbe Silber - reihbar und personalisieren Sie ihn nach Ihren W\u00fcnschen mit unseren Holz- und Silikonperlen. Handw\u00e4sche!","og_url":"https:\/\/www.jootjeshaakcadeautjes.nl\/de\/produkt\/kaffee-tee-ruhrer-in-die-farbe-silber\/","og_site_name":"Jootjes Haakcadeautjes","article_modified_time":"2025-03-11T16:27:37+00:00","og_image":[{"width":2048,"height":2048,"url":"https:\/\/www.jootjeshaakcadeautjes.nl\/wp-content\/uploads\/2024\/11\/20241102_145649.webp","type":"image\/webp"}],"twitter_card":"summary_large_image","twitter_misc":{"Preis":"&euro;4.95 inkl. MwSt.","Verf\u00fcgbarkeit":"Auf Lager"},"schema":{"@context":"https:\/\/schema.org","@graph":[{"@type":"WebPage","@id":"https:\/\/www.jootjeshaakcadeautjes.nl\/de\/produkt\/kaffee-tee-ruhrer-in-die-farbe-silber\/","url":"https:\/\/www.jootjeshaakcadeautjes.nl\/de\/produkt\/kaffee-tee-ruhrer-in-die-farbe-silber\/","name":"Kaffee-\/Teer\u00fchrer in der Farbe Silber |Juts","isPartOf":{"@id":"https:\/\/www.jootjeshaakcadeautjes.nl\/de\/#website"},"primaryImageOfPage":{"@id":"https:\/\/www.jootjeshaakcadeautjes.nl\/de\/produkt\/kaffee-tee-ruhrer-in-die-farbe-silber\/#primaryimage"},"image":{"@id":"https:\/\/www.jootjeshaakcadeautjes.nl\/de\/produkt\/kaffee-tee-ruhrer-in-die-farbe-silber\/#primaryimage"},"thumbnailUrl":"https:\/\/d1dyryakdmle7o.cloudfront.net\/wp-content\/uploads\/2024\/11\/20241102_145649.webp","datePublished":"2024-10-20T13:47:04+00:00","dateModified":"2025-03-11T16:27:37+00:00","description":"Kaufen Sie einen Kaffee-\/Teer\u00fchrer in der Farbe Silber - reihbar und personalisieren Sie ihn nach Ihren W\u00fcnschen mit unseren Holz- und Silikonperlen. Handw\u00e4sche!","breadcrumb":{"@id":"https:\/\/www.jootjeshaakcadeautjes.nl\/de\/produkt\/kaffee-tee-ruhrer-in-die-farbe-silber\/#breadcrumb"},"inLanguage":"de","potentialAction":[{"@type":"ReadAction","target":["https:\/\/www.jootjeshaakcadeautjes.nl\/de\/produkt\/kaffee-tee-ruhrer-in-die-farbe-silber\/"]}]},{"@type":"ImageObject","inLanguage":"de","@id":"https:\/\/www.jootjeshaakcadeautjes.nl\/de\/produkt\/kaffee-tee-ruhrer-in-die-farbe-silber\/#primaryimage","url":"https:\/\/d1dyryakdmle7o.cloudfront.net\/wp-content\/uploads\/2024\/11\/20241102_145649.webp","contentUrl":"https:\/\/d1dyryakdmle7o.cloudfront.net\/wp-content\/uploads\/2024\/11\/20241102_145649.webp","width":2048,"height":2048},{"@type":"BreadcrumbList","@id":"https:\/\/www.jootjeshaakcadeautjes.nl\/de\/produkt\/kaffee-tee-ruhrer-in-die-farbe-silber\/#breadcrumb","itemListElement":[{"@type":"ListItem","position":1,"name":"Startseite","item":"https:\/\/www.jootjeshaakcadeautjes.nl\/de\/"},{"@type":"ListItem","position":2,"name":"Gro\u00dfhandel mit Silikonperlen &#8211; Business und Consumer","item":"https:\/\/www.jootjeshaakcadeautjes.nl\/de\/shop\/"},{"@type":"ListItem","position":3,"name":"Kaffee-\/Teer\u00fchrer in der Farbe Silber"}]},{"@type":"WebSite","@id":"https:\/\/www.jootjeshaakcadeautjes.nl\/de\/#website","url":"https:\/\/www.jootjeshaakcadeautjes.nl\/de\/","name":"Jootjes Haakcadeautjes","description":"Silikonperlen Gro\u00dfhandel ","publisher":{"@id":"https:\/\/www.jootjeshaakcadeautjes.nl\/de\/#organization"},"potentialAction":[{"@type":"SearchAction","target":{"@type":"EntryPoint","urlTemplate":"https:\/\/www.jootjeshaakcadeautjes.nl\/de\/?s={search_term_string}"},"query-input":{"@type":"PropertyValueSpecification","valueRequired":true,"valueName":"search_term_string"}}],"inLanguage":"de"},{"@type":"Organization","@id":"https:\/\/www.jootjeshaakcadeautjes.nl\/de\/#organization","name":"Jootjes Haakcadeautjes","url":"https:\/\/www.jootjeshaakcadeautjes.nl\/de\/","logo":{"@type":"ImageObject","inLanguage":"de","@id":"https:\/\/www.jootjeshaakcadeautjes.nl\/de\/#\/schema\/logo\/image\/","url":"https:\/\/d1dyryakdmle7o.cloudfront.net\/wp-content\/uploads\/2023\/05\/Logo-rond.png","contentUrl":"https:\/\/d1dyryakdmle7o.cloudfront.net\/wp-content\/uploads\/2023\/05\/Logo-rond.png","width":1222,"height":1222,"caption":"Jootjes Haakcadeautjes"},"image":{"@id":"https:\/\/www.jootjeshaakcadeautjes.nl\/de\/#\/schema\/logo\/image\/"}}]},"product_price_amount":"4.95","product_price_currency":"EUR","og_availability":"instock","product_availability":"instock","product_retailer_item_id":"KRK-KFT-ZIL","product_condition":"new"},"_links":{"self":[{"href":"https:\/\/www.jootjeshaakcadeautjes.nl\/de\/wp-json\/wp\/v2\/product\/169210","targetHints":{"allow":["GET"]}}],"collection":[{"href":"https:\/\/www.jootjeshaakcadeautjes.nl\/de\/wp-json\/wp\/v2\/product"}],"about":[{"href":"https:\/\/www.jootjeshaakcadeautjes.nl\/de\/wp-json\/wp\/v2\/types\/product"}],"version-history":[{"count":0,"href":"https:\/\/www.jootjeshaakcadeautjes.nl\/de\/wp-json\/wp\/v2\/product\/169210\/revisions"}],"wp:featuredmedia":[{"embeddable":true,"href":"https:\/\/www.jootjeshaakcadeautjes.nl\/de\/wp-json\/wp\/v2\/media\/180693"}],"wp:attachment":[{"href":"https:\/\/www.jootjeshaakcadeautjes.nl\/de\/wp-json\/wp\/v2\/media?parent=169210"}],"wp:term":[{"taxonomy":"product_brand","embeddable":true,"href":"https:\/\/www.jootjeshaakcadeautjes.nl\/de\/wp-json\/wp\/v2\/product_brand?post=169210"},{"taxonomy":"product_cat","embeddable":true,"href":"https:\/\/www.jootjeshaakcadeautjes.nl\/de\/wp-json\/wp\/v2\/product_cat?post=169210"},{"taxonomy":"product_tag","embeddable":true,"href":"https:\/\/www.jootjeshaakcadeautjes.nl\/de\/wp-json\/wp\/v2\/product_tag?post=169210"}],"curies":[{"name":"wp","href":"https:\/\/api.w.org\/{rel}","templated":true}]}}