{"id":177379,"date":"2024-11-02T12:41:55","date_gmt":"2024-11-02T10:41:55","guid":{"rendered":"https:\/\/www.jootjeshaakcadeautjes.nl\/product\/silikon-perle-4-locher-17-mm-hexagon-weiss\/"},"modified":"2025-03-11T05:35:14","modified_gmt":"2025-03-11T04:35:14","slug":"silikon-perle-4-locher-17-mm-hexagon-weiss","status":"publish","type":"product","link":"https:\/\/www.jootjeshaakcadeautjes.nl\/de\/produkt\/silikon-perle-4-locher-17-mm-hexagon-weiss\/","title":{"rendered":"Silikonperle &#8211; 4 &#8211; L\u00f6cher &#8211; 17 MM Sechskant &#8211; Wei\u00df"},"content":{"rendered":"<h1>Silikonperle &#8211; 4 &#8211; L\u00f6cher &#8211; 17 MM Sechskant &#8211; Wei\u00df<\/h1>\n<p>Unsere runden 16 mm Silikonperlen mit 4 L\u00f6chern sind f\u00fcr vielseitige und stabile Kreationen, wie 3D-Bei\u00dfringe und Schnullerschn\u00fcre, gedacht. Die Perlen bestehen aus BPA-freiem, lebensmittelechtem Silikon und sind chemisch unbedenklich gem\u00e4\u00df der Norm EN-71. Das bedeutet, dass sie die strengen Sicherheitsanforderungen erf\u00fcllen und f\u00fcr Babys geeignet sind, um sicher zu bei\u00dfen und damit zu spielen. Perfekt f\u00fcr Hersteller, die bei ihren Designs Wert auf Sicherheit und Qualit\u00e4t legen!   <\/p>\n","protected":false},"excerpt":{"rendered":"<p>Farbe: Wei\u00df Gr\u00f6\u00dfe: 17 mm Sechskant Typ: &#8220;4 L\u00f6cher&#8221;, L\u00f6cher sind kreuzweise angeordnet.<br \/>\n1 von links nach rechts, 1 von oben nach unten. Material: EN-71 sicher gepr\u00fcftes Silikon <\/p>\n","protected":false},"featured_media":71508,"template":"","meta":[],"product_brand":[],"product_cat":[7380,16134,6991],"product_tag":[8068,7659,7385,7419,7464,7451,8288,7214,7199,7434,7211,16135,7632],"class_list":{"0":"post-177379","1":"product","2":"type-product","3":"status-publish","4":"has-post-thumbnail","6":"product_cat-herstellung-von-baby-beisspielzeug-materialien-fur-schnuller-und-beisringe","7":"product_cat-silikonperlen-4-loch-perlen-vier-locher-fur-3d-beisring","8":"product_cat-silikonperlen-bpa-frei-grosshandel","9":"product_tag-3d-de","10":"product_tag-4-de","11":"product_tag-beisring","12":"product_tag-bpa-de","13":"product_tag-groshandel","14":"product_tag-kostenlos","15":"product_tag-locher","16":"product_tag-machen","17":"product_tag-perlen","18":"product_tag-sechseck","19":"product_tag-silikon","20":"product_tag-vier-de","21":"product_tag-weis","23":"first","24":"instock","25":"taxable","26":"shipping-taxable","27":"purchasable","28":"product-type-simple"},"bundled_by":[],"bundle_stock_status":"instock","bundle_stock_quantity":37,"bundle_virtual":false,"bundle_layout":"","bundle_add_to_cart_form_location":"","bundle_editable_in_cart":false,"bundle_sold_individually_context":"","bundle_item_grouping":"","bundle_min_size":"","bundle_max_size":"","bundle_price":[],"bundled_items":[],"bundle_sell_ids":[],"yoast_head":"<!-- This site is optimized with the Yoast SEO Premium plugin v27.6 (Yoast SEO v27.6) - https:\/\/yoast.com\/product\/yoast-seo-premium-wordpress\/ -->\n<title>Silikonperle - 4 - L\u00f6cher - 17 MM Sechskant - Wei\u00df -<\/title>\n<meta name=\"description\" content=\"Wei\u00dfe 16 mm runde 4-Loch-Silikonperlen, sicher nach EN-71. Ideal f\u00fcr 3D-Bei\u00dfringe! Hergestellt aus BPA-freiem, lebensmittelechtem Silikon.\" \/>\n<meta name=\"robots\" content=\"index, follow, max-snippet:-1, max-image-preview:large, max-video-preview:-1\" \/>\n<link rel=\"canonical\" href=\"https:\/\/www.jootjeshaakcadeautjes.nl\/de\/produkt\/silikon-perle-4-locher-17-mm-hexagon-weiss\/\" \/>\n<meta property=\"og:locale\" content=\"de_DE\" \/>\n<meta property=\"og:type\" content=\"article\" \/>\n<meta property=\"og:title\" content=\"Silikonperle - 4 - L\u00f6cher - 17 MM Sechskant - Wei\u00df\" \/>\n<meta property=\"og:description\" content=\"Wei\u00dfe 16 mm runde 4-Loch-Silikonperlen, sicher nach EN-71. Ideal f\u00fcr 3D-Bei\u00dfringe! Hergestellt aus BPA-freiem, lebensmittelechtem Silikon.\" \/>\n<meta property=\"og:url\" content=\"https:\/\/www.jootjeshaakcadeautjes.nl\/de\/produkt\/silikon-perle-4-locher-17-mm-hexagon-weiss\/\" \/>\n<meta property=\"og:site_name\" content=\"Jootjes Haakcadeautjes\" \/>\n<meta property=\"article:modified_time\" content=\"2025-03-11T04:35:14+00:00\" \/>\n<meta property=\"og:image\" content=\"https:\/\/www.jootjeshaakcadeautjes.nl\/wp-content\/uploads\/2020\/08\/siliconen-kralen-hexagon-11-mm-bpa-vrij-groothandel-wit.jpg\" \/>\n\t<meta property=\"og:image:width\" content=\"1042\" \/>\n\t<meta property=\"og:image:height\" content=\"1042\" \/>\n\t<meta property=\"og:image:type\" content=\"image\/jpeg\" \/>\n<meta name=\"twitter:card\" content=\"summary_large_image\" \/>\n<meta name=\"twitter:label1\" content=\"Preis\" \/>\n\t<meta name=\"twitter:data1\" content=\"&euro;0.50 inkl. MwSt.\" \/>\n\t<meta name=\"twitter:label2\" content=\"Verf\u00fcgbarkeit\" \/>\n\t<meta name=\"twitter:data2\" content=\"Auf Lager\" \/>\n<script type=\"application\/ld+json\" class=\"yoast-schema-graph\">{\"@context\":\"https:\\\/\\\/schema.org\",\"@graph\":[{\"@type\":\"WebPage\",\"@id\":\"https:\\\/\\\/www.jootjeshaakcadeautjes.nl\\\/de\\\/produkt\\\/silikon-perle-4-locher-17-mm-hexagon-weiss\\\/\",\"url\":\"https:\\\/\\\/www.jootjeshaakcadeautjes.nl\\\/de\\\/produkt\\\/silikon-perle-4-locher-17-mm-hexagon-weiss\\\/\",\"name\":\"Silikonperle - 4 - L\u00f6cher - 17 MM Sechskant - Wei\u00df -\",\"isPartOf\":{\"@id\":\"https:\\\/\\\/www.jootjeshaakcadeautjes.nl\\\/de\\\/#website\"},\"primaryImageOfPage\":{\"@id\":\"https:\\\/\\\/www.jootjeshaakcadeautjes.nl\\\/de\\\/produkt\\\/silikon-perle-4-locher-17-mm-hexagon-weiss\\\/#primaryimage\"},\"image\":{\"@id\":\"https:\\\/\\\/www.jootjeshaakcadeautjes.nl\\\/de\\\/produkt\\\/silikon-perle-4-locher-17-mm-hexagon-weiss\\\/#primaryimage\"},\"thumbnailUrl\":\"https:\\\/\\\/d1dyryakdmle7o.cloudfront.net\\\/wp-content\\\/uploads\\\/2020\\\/08\\\/siliconen-kralen-hexagon-11-mm-bpa-vrij-groothandel-wit.jpg\",\"datePublished\":\"2024-11-02T10:41:55+00:00\",\"dateModified\":\"2025-03-11T04:35:14+00:00\",\"description\":\"Wei\u00dfe 16 mm runde 4-Loch-Silikonperlen, sicher nach EN-71. Ideal f\u00fcr 3D-Bei\u00dfringe! Hergestellt aus BPA-freiem, lebensmittelechtem Silikon.\",\"breadcrumb\":{\"@id\":\"https:\\\/\\\/www.jootjeshaakcadeautjes.nl\\\/de\\\/produkt\\\/silikon-perle-4-locher-17-mm-hexagon-weiss\\\/#breadcrumb\"},\"inLanguage\":\"de\",\"potentialAction\":[{\"@type\":\"ReadAction\",\"target\":[\"https:\\\/\\\/www.jootjeshaakcadeautjes.nl\\\/de\\\/produkt\\\/silikon-perle-4-locher-17-mm-hexagon-weiss\\\/\"]}]},{\"@type\":\"ImageObject\",\"inLanguage\":\"de\",\"@id\":\"https:\\\/\\\/www.jootjeshaakcadeautjes.nl\\\/de\\\/produkt\\\/silikon-perle-4-locher-17-mm-hexagon-weiss\\\/#primaryimage\",\"url\":\"https:\\\/\\\/d1dyryakdmle7o.cloudfront.net\\\/wp-content\\\/uploads\\\/2020\\\/08\\\/siliconen-kralen-hexagon-11-mm-bpa-vrij-groothandel-wit.jpg\",\"contentUrl\":\"https:\\\/\\\/d1dyryakdmle7o.cloudfront.net\\\/wp-content\\\/uploads\\\/2020\\\/08\\\/siliconen-kralen-hexagon-11-mm-bpa-vrij-groothandel-wit.jpg\",\"width\":1042,\"height\":1042,\"caption\":\"Silikonperlen Sechseck 11 mm bpa frei Gro\u00dfhandel wei\u00df\"},{\"@type\":\"BreadcrumbList\",\"@id\":\"https:\\\/\\\/www.jootjeshaakcadeautjes.nl\\\/de\\\/produkt\\\/silikon-perle-4-locher-17-mm-hexagon-weiss\\\/#breadcrumb\",\"itemListElement\":[{\"@type\":\"ListItem\",\"position\":1,\"name\":\"Startseite\",\"item\":\"https:\\\/\\\/www.jootjeshaakcadeautjes.nl\\\/de\\\/\"},{\"@type\":\"ListItem\",\"position\":2,\"name\":\"Gro\u00dfhandel mit Silikonperlen &#8211; Business und Consumer\",\"item\":\"https:\\\/\\\/www.jootjeshaakcadeautjes.nl\\\/de\\\/shop\\\/\"},{\"@type\":\"ListItem\",\"position\":3,\"name\":\"Silikonperle &#8211; 4 &#8211; L\u00f6cher &#8211; 17 MM Sechskant &#8211; Wei\u00df\"}]},{\"@type\":\"WebSite\",\"@id\":\"https:\\\/\\\/www.jootjeshaakcadeautjes.nl\\\/de\\\/#website\",\"url\":\"https:\\\/\\\/www.jootjeshaakcadeautjes.nl\\\/de\\\/\",\"name\":\"Jootjes Haakcadeautjes\",\"description\":\"Silikonperlen Gro\u00dfhandel \",\"publisher\":{\"@id\":\"https:\\\/\\\/www.jootjeshaakcadeautjes.nl\\\/de\\\/#organization\"},\"potentialAction\":[{\"@type\":\"SearchAction\",\"target\":{\"@type\":\"EntryPoint\",\"urlTemplate\":\"https:\\\/\\\/www.jootjeshaakcadeautjes.nl\\\/de\\\/?s={search_term_string}\"},\"query-input\":{\"@type\":\"PropertyValueSpecification\",\"valueRequired\":true,\"valueName\":\"search_term_string\"}}],\"inLanguage\":\"de\"},{\"@type\":\"Organization\",\"@id\":\"https:\\\/\\\/www.jootjeshaakcadeautjes.nl\\\/de\\\/#organization\",\"name\":\"Jootjes Haakcadeautjes\",\"url\":\"https:\\\/\\\/www.jootjeshaakcadeautjes.nl\\\/de\\\/\",\"logo\":{\"@type\":\"ImageObject\",\"inLanguage\":\"de\",\"@id\":\"https:\\\/\\\/www.jootjeshaakcadeautjes.nl\\\/de\\\/#\\\/schema\\\/logo\\\/image\\\/\",\"url\":\"https:\\\/\\\/d1dyryakdmle7o.cloudfront.net\\\/wp-content\\\/uploads\\\/2023\\\/05\\\/Logo-rond.png\",\"contentUrl\":\"https:\\\/\\\/d1dyryakdmle7o.cloudfront.net\\\/wp-content\\\/uploads\\\/2023\\\/05\\\/Logo-rond.png\",\"width\":1222,\"height\":1222,\"caption\":\"Jootjes Haakcadeautjes\"},\"image\":{\"@id\":\"https:\\\/\\\/www.jootjeshaakcadeautjes.nl\\\/de\\\/#\\\/schema\\\/logo\\\/image\\\/\"}}]}<\/script>\n<meta property=\"product:price:amount\" content=\"0.50\" \/>\n<meta property=\"product:price:currency\" content=\"EUR\" \/>\n<meta property=\"og:availability\" content=\"instock\" \/>\n<meta property=\"product:availability\" content=\"instock\" \/>\n<meta property=\"product:retailer_item_id\" content=\"SKR-4G17-WIT\" \/>\n<meta property=\"product:condition\" content=\"new\" \/>\n<!-- \/ Yoast SEO Premium plugin. -->","yoast_head_json":{"title":"Silikonperle - 4 - L\u00f6cher - 17 MM Sechskant - Wei\u00df -","description":"Wei\u00dfe 16 mm runde 4-Loch-Silikonperlen, sicher nach EN-71. Ideal f\u00fcr 3D-Bei\u00dfringe! Hergestellt aus BPA-freiem, lebensmittelechtem Silikon.","robots":{"index":"index","follow":"follow","max-snippet":"max-snippet:-1","max-image-preview":"max-image-preview:large","max-video-preview":"max-video-preview:-1"},"canonical":"https:\/\/www.jootjeshaakcadeautjes.nl\/de\/produkt\/silikon-perle-4-locher-17-mm-hexagon-weiss\/","og_locale":"de_DE","og_type":"article","og_title":"Silikonperle - 4 - L\u00f6cher - 17 MM Sechskant - Wei\u00df","og_description":"Wei\u00dfe 16 mm runde 4-Loch-Silikonperlen, sicher nach EN-71. Ideal f\u00fcr 3D-Bei\u00dfringe! Hergestellt aus BPA-freiem, lebensmittelechtem Silikon.","og_url":"https:\/\/www.jootjeshaakcadeautjes.nl\/de\/produkt\/silikon-perle-4-locher-17-mm-hexagon-weiss\/","og_site_name":"Jootjes Haakcadeautjes","article_modified_time":"2025-03-11T04:35:14+00:00","og_image":[{"width":1042,"height":1042,"url":"https:\/\/www.jootjeshaakcadeautjes.nl\/wp-content\/uploads\/2020\/08\/siliconen-kralen-hexagon-11-mm-bpa-vrij-groothandel-wit.jpg","type":"image\/jpeg"}],"twitter_card":"summary_large_image","twitter_misc":{"Preis":"&euro;0.50 inkl. MwSt.","Verf\u00fcgbarkeit":"Auf Lager"},"schema":{"@context":"https:\/\/schema.org","@graph":[{"@type":"WebPage","@id":"https:\/\/www.jootjeshaakcadeautjes.nl\/de\/produkt\/silikon-perle-4-locher-17-mm-hexagon-weiss\/","url":"https:\/\/www.jootjeshaakcadeautjes.nl\/de\/produkt\/silikon-perle-4-locher-17-mm-hexagon-weiss\/","name":"Silikonperle - 4 - L\u00f6cher - 17 MM Sechskant - Wei\u00df -","isPartOf":{"@id":"https:\/\/www.jootjeshaakcadeautjes.nl\/de\/#website"},"primaryImageOfPage":{"@id":"https:\/\/www.jootjeshaakcadeautjes.nl\/de\/produkt\/silikon-perle-4-locher-17-mm-hexagon-weiss\/#primaryimage"},"image":{"@id":"https:\/\/www.jootjeshaakcadeautjes.nl\/de\/produkt\/silikon-perle-4-locher-17-mm-hexagon-weiss\/#primaryimage"},"thumbnailUrl":"https:\/\/d1dyryakdmle7o.cloudfront.net\/wp-content\/uploads\/2020\/08\/siliconen-kralen-hexagon-11-mm-bpa-vrij-groothandel-wit.jpg","datePublished":"2024-11-02T10:41:55+00:00","dateModified":"2025-03-11T04:35:14+00:00","description":"Wei\u00dfe 16 mm runde 4-Loch-Silikonperlen, sicher nach EN-71. Ideal f\u00fcr 3D-Bei\u00dfringe! Hergestellt aus BPA-freiem, lebensmittelechtem Silikon.","breadcrumb":{"@id":"https:\/\/www.jootjeshaakcadeautjes.nl\/de\/produkt\/silikon-perle-4-locher-17-mm-hexagon-weiss\/#breadcrumb"},"inLanguage":"de","potentialAction":[{"@type":"ReadAction","target":["https:\/\/www.jootjeshaakcadeautjes.nl\/de\/produkt\/silikon-perle-4-locher-17-mm-hexagon-weiss\/"]}]},{"@type":"ImageObject","inLanguage":"de","@id":"https:\/\/www.jootjeshaakcadeautjes.nl\/de\/produkt\/silikon-perle-4-locher-17-mm-hexagon-weiss\/#primaryimage","url":"https:\/\/d1dyryakdmle7o.cloudfront.net\/wp-content\/uploads\/2020\/08\/siliconen-kralen-hexagon-11-mm-bpa-vrij-groothandel-wit.jpg","contentUrl":"https:\/\/d1dyryakdmle7o.cloudfront.net\/wp-content\/uploads\/2020\/08\/siliconen-kralen-hexagon-11-mm-bpa-vrij-groothandel-wit.jpg","width":1042,"height":1042,"caption":"Silikonperlen Sechseck 11 mm bpa frei Gro\u00dfhandel wei\u00df"},{"@type":"BreadcrumbList","@id":"https:\/\/www.jootjeshaakcadeautjes.nl\/de\/produkt\/silikon-perle-4-locher-17-mm-hexagon-weiss\/#breadcrumb","itemListElement":[{"@type":"ListItem","position":1,"name":"Startseite","item":"https:\/\/www.jootjeshaakcadeautjes.nl\/de\/"},{"@type":"ListItem","position":2,"name":"Gro\u00dfhandel mit Silikonperlen &#8211; Business und Consumer","item":"https:\/\/www.jootjeshaakcadeautjes.nl\/de\/shop\/"},{"@type":"ListItem","position":3,"name":"Silikonperle &#8211; 4 &#8211; L\u00f6cher &#8211; 17 MM Sechskant &#8211; Wei\u00df"}]},{"@type":"WebSite","@id":"https:\/\/www.jootjeshaakcadeautjes.nl\/de\/#website","url":"https:\/\/www.jootjeshaakcadeautjes.nl\/de\/","name":"Jootjes Haakcadeautjes","description":"Silikonperlen Gro\u00dfhandel ","publisher":{"@id":"https:\/\/www.jootjeshaakcadeautjes.nl\/de\/#organization"},"potentialAction":[{"@type":"SearchAction","target":{"@type":"EntryPoint","urlTemplate":"https:\/\/www.jootjeshaakcadeautjes.nl\/de\/?s={search_term_string}"},"query-input":{"@type":"PropertyValueSpecification","valueRequired":true,"valueName":"search_term_string"}}],"inLanguage":"de"},{"@type":"Organization","@id":"https:\/\/www.jootjeshaakcadeautjes.nl\/de\/#organization","name":"Jootjes Haakcadeautjes","url":"https:\/\/www.jootjeshaakcadeautjes.nl\/de\/","logo":{"@type":"ImageObject","inLanguage":"de","@id":"https:\/\/www.jootjeshaakcadeautjes.nl\/de\/#\/schema\/logo\/image\/","url":"https:\/\/d1dyryakdmle7o.cloudfront.net\/wp-content\/uploads\/2023\/05\/Logo-rond.png","contentUrl":"https:\/\/d1dyryakdmle7o.cloudfront.net\/wp-content\/uploads\/2023\/05\/Logo-rond.png","width":1222,"height":1222,"caption":"Jootjes Haakcadeautjes"},"image":{"@id":"https:\/\/www.jootjeshaakcadeautjes.nl\/de\/#\/schema\/logo\/image\/"}}]},"product_price_amount":"0.50","product_price_currency":"EUR","og_availability":"instock","product_availability":"instock","product_retailer_item_id":"SKR-4G17-WIT","product_condition":"new"},"_links":{"self":[{"href":"https:\/\/www.jootjeshaakcadeautjes.nl\/de\/wp-json\/wp\/v2\/product\/177379","targetHints":{"allow":["GET"]}}],"collection":[{"href":"https:\/\/www.jootjeshaakcadeautjes.nl\/de\/wp-json\/wp\/v2\/product"}],"about":[{"href":"https:\/\/www.jootjeshaakcadeautjes.nl\/de\/wp-json\/wp\/v2\/types\/product"}],"version-history":[{"count":0,"href":"https:\/\/www.jootjeshaakcadeautjes.nl\/de\/wp-json\/wp\/v2\/product\/177379\/revisions"}],"wp:featuredmedia":[{"embeddable":true,"href":"https:\/\/www.jootjeshaakcadeautjes.nl\/de\/wp-json\/wp\/v2\/media\/71508"}],"wp:attachment":[{"href":"https:\/\/www.jootjeshaakcadeautjes.nl\/de\/wp-json\/wp\/v2\/media?parent=177379"}],"wp:term":[{"taxonomy":"product_brand","embeddable":true,"href":"https:\/\/www.jootjeshaakcadeautjes.nl\/de\/wp-json\/wp\/v2\/product_brand?post=177379"},{"taxonomy":"product_cat","embeddable":true,"href":"https:\/\/www.jootjeshaakcadeautjes.nl\/de\/wp-json\/wp\/v2\/product_cat?post=177379"},{"taxonomy":"product_tag","embeddable":true,"href":"https:\/\/www.jootjeshaakcadeautjes.nl\/de\/wp-json\/wp\/v2\/product_tag?post=177379"}],"curies":[{"name":"wp","href":"https:\/\/api.w.org\/{rel}","templated":true}]}}