{"id":177559,"date":"2025-05-04T12:48:35","date_gmt":"2025-05-04T10:48:35","guid":{"rendered":"https:\/\/www.jootjeshaakcadeautjes.nl\/?post_type=product&#038;p=177559"},"modified":"2026-03-06T12:33:05","modified_gmt":"2026-03-06T11:33:05","slug":"scheibe-mit-steinen-7-x-2-mm-silber-weiss","status":"publish","type":"product","link":"https:\/\/www.jootjeshaakcadeautjes.nl\/de\/produkt\/scheibe-mit-steinen-7-x-2-mm-silber-weiss\/","title":{"rendered":"Zwischenscheibe mit Steinen &#8211; 7 x 2 mm &#8211; S &#8211; Silber \/ Wei\u00df"},"content":{"rendered":"<h2>Zwischenscheibe mit Steinen &#8211; 7 x 2 mm &#8211; Silber \/ Wei\u00df<\/h2>\n<p>Material: Edelstahl mit Strasssteinen<br \/>\nGr\u00f6\u00dfe: 7 x 2 mm<br \/>\nFarbe: Silber \/ Wei\u00df<\/p>\n","protected":false},"excerpt":{"rendered":"<p>Material: Edelstahl mit Strasssteinen Gr\u00f6\u00dfe: 10 x 3 mm Farbe: Silber \/ Wei\u00df<\/p>\n","protected":false},"featured_media":225184,"template":"","meta":[],"product_brand":[],"product_cat":[18172,14836,8247,8267,8995],"product_tag":[9600,9849,7464,16125,8619,7397,9000,7199,8368,8997,16304,8180,7211,7425,8580,9012,9005,7557,9294,7930,7632],"class_list":{"0":"post-177559","1":"product","2":"type-product","3":"status-publish","4":"has-post-thumbnail","6":"product_cat-andere-perlen-weihnachten","7":"product_cat-armbander-perlen-schmuck-acrylperlen","8":"product_cat-bastelmaterial-hakelzubehor","9":"product_cat-lucky-dolls-diy-perlen-und-zubehor","10":"product_cat-zwischenscheiben-mit-steinen","11":"product_tag-2-mm-de","12":"product_tag-7-mm-de","13":"product_tag-groshandel","14":"product_tag-heftzwecken","15":"product_tag-kieselsteinchen","16":"product_tag-mm-de","17":"product_tag-pads","18":"product_tag-perlen","19":"product_tag-scheibe-von","20":"product_tag-scheiben","21":"product_tag-schminkset","22":"product_tag-silber-de","23":"product_tag-silikon","24":"product_tag-stift","25":"product_tag-stifte","26":"product_tag-strassstein","27":"product_tag-strasssteine","28":"product_tag-teiler","29":"product_tag-tortenheber-de","30":"product_tag-weinkorken","31":"product_tag-weis","33":"first","34":"instock","35":"taxable","36":"shipping-taxable","37":"purchasable","38":"product-type-simple"},"bundled_by":["181268","273822"],"bundle_stock_status":"instock","bundle_stock_quantity":98,"bundle_virtual":false,"bundle_layout":"","bundle_add_to_cart_form_location":"","bundle_editable_in_cart":false,"bundle_sold_individually_context":"","bundle_item_grouping":"","bundle_min_size":"","bundle_max_size":"","bundle_price":[],"bundled_items":[],"bundle_sell_ids":[],"yoast_head":"<!-- This site is optimized with the Yoast SEO Premium plugin v27.6 (Yoast SEO v27.6) - https:\/\/yoast.com\/product\/yoast-seo-premium-wordpress\/ -->\n<title>Zwischenscheibe mit Steinen - 7 x 2 mm - S - Silber \/ Wei\u00df -<\/title>\n<meta name=\"description\" content=\"Zwischenscheibe mit Steinen in der Gr\u00f6\u00dfe 7 x 2 mm mit wei\u00dfen Steinen. Perfekt f\u00fcr die Verwendung in Schl\u00fcsselanh\u00e4ngern mit Silikonperlen.\" \/>\n<meta name=\"robots\" content=\"index, follow, max-snippet:-1, max-image-preview:large, max-video-preview:-1\" \/>\n<link rel=\"canonical\" href=\"https:\/\/www.jootjeshaakcadeautjes.nl\/de\/produkt\/scheibe-mit-steinen-7-x-2-mm-silber-weiss\/\" \/>\n<meta property=\"og:locale\" content=\"de_DE\" \/>\n<meta property=\"og:type\" content=\"article\" \/>\n<meta property=\"og:title\" content=\"Zwischenscheibe mit Steinen - 7 x 2 mm - S - Silber \/ Wei\u00df\" \/>\n<meta property=\"og:description\" content=\"Zwischenscheibe mit Steinen in der Gr\u00f6\u00dfe 7 x 2 mm mit wei\u00dfen Steinen. Perfekt f\u00fcr die Verwendung in Schl\u00fcsselanh\u00e4ngern mit Silikonperlen.\" \/>\n<meta property=\"og:url\" content=\"https:\/\/www.jootjeshaakcadeautjes.nl\/de\/produkt\/scheibe-mit-steinen-7-x-2-mm-silber-weiss\/\" \/>\n<meta property=\"og:site_name\" content=\"Jootjes Haakcadeautjes\" \/>\n<meta property=\"article:modified_time\" content=\"2026-03-06T11:33:05+00:00\" \/>\n<meta property=\"og:image\" content=\"https:\/\/d1dyryakdmle7o.cloudfront.net\/wp-content\/uploads\/2025\/05\/20241102_151511.webp\" \/>\n\t<meta property=\"og:image:width\" content=\"2048\" \/>\n\t<meta property=\"og:image:height\" content=\"2048\" \/>\n\t<meta property=\"og:image:type\" content=\"image\/webp\" \/>\n<meta name=\"twitter:card\" content=\"summary_large_image\" \/>\n<meta name=\"twitter:label1\" content=\"Preis\" \/>\n\t<meta name=\"twitter:data1\" content=\"&euro;0.10 inkl. MwSt.\" \/>\n\t<meta name=\"twitter:label2\" content=\"Verf\u00fcgbarkeit\" \/>\n\t<meta name=\"twitter:data2\" content=\"Auf Lager\" \/>\n<script type=\"application\/ld+json\" class=\"yoast-schema-graph\">{\"@context\":\"https:\\\/\\\/schema.org\",\"@graph\":[{\"@type\":\"WebPage\",\"@id\":\"https:\\\/\\\/www.jootjeshaakcadeautjes.nl\\\/de\\\/produkt\\\/scheibe-mit-steinen-7-x-2-mm-silber-weiss\\\/\",\"url\":\"https:\\\/\\\/www.jootjeshaakcadeautjes.nl\\\/de\\\/produkt\\\/scheibe-mit-steinen-7-x-2-mm-silber-weiss\\\/\",\"name\":\"Zwischenscheibe mit Steinen - 7 x 2 mm - S - Silber \\\/ Wei\u00df -\",\"isPartOf\":{\"@id\":\"https:\\\/\\\/www.jootjeshaakcadeautjes.nl\\\/de\\\/#website\"},\"primaryImageOfPage\":{\"@id\":\"https:\\\/\\\/www.jootjeshaakcadeautjes.nl\\\/de\\\/produkt\\\/scheibe-mit-steinen-7-x-2-mm-silber-weiss\\\/#primaryimage\"},\"image\":{\"@id\":\"https:\\\/\\\/www.jootjeshaakcadeautjes.nl\\\/de\\\/produkt\\\/scheibe-mit-steinen-7-x-2-mm-silber-weiss\\\/#primaryimage\"},\"thumbnailUrl\":\"https:\\\/\\\/d1dyryakdmle7o.cloudfront.net\\\/wp-content\\\/uploads\\\/2025\\\/05\\\/20241102_151511.webp\",\"datePublished\":\"2025-05-04T10:48:35+00:00\",\"dateModified\":\"2026-03-06T11:33:05+00:00\",\"description\":\"Zwischenscheibe mit Steinen in der Gr\u00f6\u00dfe 7 x 2 mm mit wei\u00dfen Steinen. Perfekt f\u00fcr die Verwendung in Schl\u00fcsselanh\u00e4ngern mit Silikonperlen.\",\"breadcrumb\":{\"@id\":\"https:\\\/\\\/www.jootjeshaakcadeautjes.nl\\\/de\\\/produkt\\\/scheibe-mit-steinen-7-x-2-mm-silber-weiss\\\/#breadcrumb\"},\"inLanguage\":\"de\",\"potentialAction\":[{\"@type\":\"ReadAction\",\"target\":[\"https:\\\/\\\/www.jootjeshaakcadeautjes.nl\\\/de\\\/produkt\\\/scheibe-mit-steinen-7-x-2-mm-silber-weiss\\\/\"]}]},{\"@type\":\"ImageObject\",\"inLanguage\":\"de\",\"@id\":\"https:\\\/\\\/www.jootjeshaakcadeautjes.nl\\\/de\\\/produkt\\\/scheibe-mit-steinen-7-x-2-mm-silber-weiss\\\/#primaryimage\",\"url\":\"https:\\\/\\\/d1dyryakdmle7o.cloudfront.net\\\/wp-content\\\/uploads\\\/2025\\\/05\\\/20241102_151511.webp\",\"contentUrl\":\"https:\\\/\\\/d1dyryakdmle7o.cloudfront.net\\\/wp-content\\\/uploads\\\/2025\\\/05\\\/20241102_151511.webp\",\"width\":2048,\"height\":2048},{\"@type\":\"BreadcrumbList\",\"@id\":\"https:\\\/\\\/www.jootjeshaakcadeautjes.nl\\\/de\\\/produkt\\\/scheibe-mit-steinen-7-x-2-mm-silber-weiss\\\/#breadcrumb\",\"itemListElement\":[{\"@type\":\"ListItem\",\"position\":1,\"name\":\"Startseite\",\"item\":\"https:\\\/\\\/www.jootjeshaakcadeautjes.nl\\\/de\\\/\"},{\"@type\":\"ListItem\",\"position\":2,\"name\":\"Gro\u00dfhandel mit Silikonperlen &#8211; Business und Consumer\",\"item\":\"https:\\\/\\\/www.jootjeshaakcadeautjes.nl\\\/de\\\/shop\\\/\"},{\"@type\":\"ListItem\",\"position\":3,\"name\":\"Zwischenscheibe mit Steinen &#8211; 7 x 2 mm &#8211; S &#8211; Silber \\\/ Wei\u00df\"}]},{\"@type\":\"WebSite\",\"@id\":\"https:\\\/\\\/www.jootjeshaakcadeautjes.nl\\\/de\\\/#website\",\"url\":\"https:\\\/\\\/www.jootjeshaakcadeautjes.nl\\\/de\\\/\",\"name\":\"Jootjes Haakcadeautjes\",\"description\":\"Silikonperlen Gro\u00dfhandel \",\"publisher\":{\"@id\":\"https:\\\/\\\/www.jootjeshaakcadeautjes.nl\\\/de\\\/#organization\"},\"potentialAction\":[{\"@type\":\"SearchAction\",\"target\":{\"@type\":\"EntryPoint\",\"urlTemplate\":\"https:\\\/\\\/www.jootjeshaakcadeautjes.nl\\\/de\\\/?s={search_term_string}\"},\"query-input\":{\"@type\":\"PropertyValueSpecification\",\"valueRequired\":true,\"valueName\":\"search_term_string\"}}],\"inLanguage\":\"de\"},{\"@type\":\"Organization\",\"@id\":\"https:\\\/\\\/www.jootjeshaakcadeautjes.nl\\\/de\\\/#organization\",\"name\":\"Jootjes Haakcadeautjes\",\"url\":\"https:\\\/\\\/www.jootjeshaakcadeautjes.nl\\\/de\\\/\",\"logo\":{\"@type\":\"ImageObject\",\"inLanguage\":\"de\",\"@id\":\"https:\\\/\\\/www.jootjeshaakcadeautjes.nl\\\/de\\\/#\\\/schema\\\/logo\\\/image\\\/\",\"url\":\"https:\\\/\\\/d1dyryakdmle7o.cloudfront.net\\\/wp-content\\\/uploads\\\/2023\\\/05\\\/Logo-rond.png\",\"contentUrl\":\"https:\\\/\\\/d1dyryakdmle7o.cloudfront.net\\\/wp-content\\\/uploads\\\/2023\\\/05\\\/Logo-rond.png\",\"width\":1222,\"height\":1222,\"caption\":\"Jootjes Haakcadeautjes\"},\"image\":{\"@id\":\"https:\\\/\\\/www.jootjeshaakcadeautjes.nl\\\/de\\\/#\\\/schema\\\/logo\\\/image\\\/\"}}]}<\/script>\n<meta property=\"product:price:amount\" content=\"0.10\" \/>\n<meta property=\"product:price:currency\" content=\"EUR\" \/>\n<meta property=\"og:availability\" content=\"instock\" \/>\n<meta property=\"product:availability\" content=\"instock\" \/>\n<meta property=\"product:retailer_item_id\" content=\"TUS-ZIL-WITS\" \/>\n<meta property=\"product:condition\" content=\"new\" \/>\n<!-- \/ Yoast SEO Premium plugin. -->","yoast_head_json":{"title":"Zwischenscheibe mit Steinen - 7 x 2 mm - S - Silber \/ Wei\u00df -","description":"Zwischenscheibe mit Steinen in der Gr\u00f6\u00dfe 7 x 2 mm mit wei\u00dfen Steinen. Perfekt f\u00fcr die Verwendung in Schl\u00fcsselanh\u00e4ngern mit Silikonperlen.","robots":{"index":"index","follow":"follow","max-snippet":"max-snippet:-1","max-image-preview":"max-image-preview:large","max-video-preview":"max-video-preview:-1"},"canonical":"https:\/\/www.jootjeshaakcadeautjes.nl\/de\/produkt\/scheibe-mit-steinen-7-x-2-mm-silber-weiss\/","og_locale":"de_DE","og_type":"article","og_title":"Zwischenscheibe mit Steinen - 7 x 2 mm - S - Silber \/ Wei\u00df","og_description":"Zwischenscheibe mit Steinen in der Gr\u00f6\u00dfe 7 x 2 mm mit wei\u00dfen Steinen. Perfekt f\u00fcr die Verwendung in Schl\u00fcsselanh\u00e4ngern mit Silikonperlen.","og_url":"https:\/\/www.jootjeshaakcadeautjes.nl\/de\/produkt\/scheibe-mit-steinen-7-x-2-mm-silber-weiss\/","og_site_name":"Jootjes Haakcadeautjes","article_modified_time":"2026-03-06T11:33:05+00:00","og_image":[{"width":2048,"height":2048,"url":"https:\/\/d1dyryakdmle7o.cloudfront.net\/wp-content\/uploads\/2025\/05\/20241102_151511.webp","type":"image\/webp"}],"twitter_card":"summary_large_image","twitter_misc":{"Preis":"&euro;0.10 inkl. MwSt.","Verf\u00fcgbarkeit":"Auf Lager"},"schema":{"@context":"https:\/\/schema.org","@graph":[{"@type":"WebPage","@id":"https:\/\/www.jootjeshaakcadeautjes.nl\/de\/produkt\/scheibe-mit-steinen-7-x-2-mm-silber-weiss\/","url":"https:\/\/www.jootjeshaakcadeautjes.nl\/de\/produkt\/scheibe-mit-steinen-7-x-2-mm-silber-weiss\/","name":"Zwischenscheibe mit Steinen - 7 x 2 mm - S - Silber \/ Wei\u00df -","isPartOf":{"@id":"https:\/\/www.jootjeshaakcadeautjes.nl\/de\/#website"},"primaryImageOfPage":{"@id":"https:\/\/www.jootjeshaakcadeautjes.nl\/de\/produkt\/scheibe-mit-steinen-7-x-2-mm-silber-weiss\/#primaryimage"},"image":{"@id":"https:\/\/www.jootjeshaakcadeautjes.nl\/de\/produkt\/scheibe-mit-steinen-7-x-2-mm-silber-weiss\/#primaryimage"},"thumbnailUrl":"https:\/\/d1dyryakdmle7o.cloudfront.net\/wp-content\/uploads\/2025\/05\/20241102_151511.webp","datePublished":"2025-05-04T10:48:35+00:00","dateModified":"2026-03-06T11:33:05+00:00","description":"Zwischenscheibe mit Steinen in der Gr\u00f6\u00dfe 7 x 2 mm mit wei\u00dfen Steinen. Perfekt f\u00fcr die Verwendung in Schl\u00fcsselanh\u00e4ngern mit Silikonperlen.","breadcrumb":{"@id":"https:\/\/www.jootjeshaakcadeautjes.nl\/de\/produkt\/scheibe-mit-steinen-7-x-2-mm-silber-weiss\/#breadcrumb"},"inLanguage":"de","potentialAction":[{"@type":"ReadAction","target":["https:\/\/www.jootjeshaakcadeautjes.nl\/de\/produkt\/scheibe-mit-steinen-7-x-2-mm-silber-weiss\/"]}]},{"@type":"ImageObject","inLanguage":"de","@id":"https:\/\/www.jootjeshaakcadeautjes.nl\/de\/produkt\/scheibe-mit-steinen-7-x-2-mm-silber-weiss\/#primaryimage","url":"https:\/\/d1dyryakdmle7o.cloudfront.net\/wp-content\/uploads\/2025\/05\/20241102_151511.webp","contentUrl":"https:\/\/d1dyryakdmle7o.cloudfront.net\/wp-content\/uploads\/2025\/05\/20241102_151511.webp","width":2048,"height":2048},{"@type":"BreadcrumbList","@id":"https:\/\/www.jootjeshaakcadeautjes.nl\/de\/produkt\/scheibe-mit-steinen-7-x-2-mm-silber-weiss\/#breadcrumb","itemListElement":[{"@type":"ListItem","position":1,"name":"Startseite","item":"https:\/\/www.jootjeshaakcadeautjes.nl\/de\/"},{"@type":"ListItem","position":2,"name":"Gro\u00dfhandel mit Silikonperlen &#8211; Business und Consumer","item":"https:\/\/www.jootjeshaakcadeautjes.nl\/de\/shop\/"},{"@type":"ListItem","position":3,"name":"Zwischenscheibe mit Steinen &#8211; 7 x 2 mm &#8211; S &#8211; Silber \/ Wei\u00df"}]},{"@type":"WebSite","@id":"https:\/\/www.jootjeshaakcadeautjes.nl\/de\/#website","url":"https:\/\/www.jootjeshaakcadeautjes.nl\/de\/","name":"Jootjes Haakcadeautjes","description":"Silikonperlen Gro\u00dfhandel ","publisher":{"@id":"https:\/\/www.jootjeshaakcadeautjes.nl\/de\/#organization"},"potentialAction":[{"@type":"SearchAction","target":{"@type":"EntryPoint","urlTemplate":"https:\/\/www.jootjeshaakcadeautjes.nl\/de\/?s={search_term_string}"},"query-input":{"@type":"PropertyValueSpecification","valueRequired":true,"valueName":"search_term_string"}}],"inLanguage":"de"},{"@type":"Organization","@id":"https:\/\/www.jootjeshaakcadeautjes.nl\/de\/#organization","name":"Jootjes Haakcadeautjes","url":"https:\/\/www.jootjeshaakcadeautjes.nl\/de\/","logo":{"@type":"ImageObject","inLanguage":"de","@id":"https:\/\/www.jootjeshaakcadeautjes.nl\/de\/#\/schema\/logo\/image\/","url":"https:\/\/d1dyryakdmle7o.cloudfront.net\/wp-content\/uploads\/2023\/05\/Logo-rond.png","contentUrl":"https:\/\/d1dyryakdmle7o.cloudfront.net\/wp-content\/uploads\/2023\/05\/Logo-rond.png","width":1222,"height":1222,"caption":"Jootjes Haakcadeautjes"},"image":{"@id":"https:\/\/www.jootjeshaakcadeautjes.nl\/de\/#\/schema\/logo\/image\/"}}]},"product_price_amount":"0.10","product_price_currency":"EUR","og_availability":"instock","product_availability":"instock","product_retailer_item_id":"TUS-ZIL-WITS","product_condition":"new"},"_links":{"self":[{"href":"https:\/\/www.jootjeshaakcadeautjes.nl\/de\/wp-json\/wp\/v2\/product\/177559","targetHints":{"allow":["GET"]}}],"collection":[{"href":"https:\/\/www.jootjeshaakcadeautjes.nl\/de\/wp-json\/wp\/v2\/product"}],"about":[{"href":"https:\/\/www.jootjeshaakcadeautjes.nl\/de\/wp-json\/wp\/v2\/types\/product"}],"version-history":[{"count":0,"href":"https:\/\/www.jootjeshaakcadeautjes.nl\/de\/wp-json\/wp\/v2\/product\/177559\/revisions"}],"wp:featuredmedia":[{"embeddable":true,"href":"https:\/\/www.jootjeshaakcadeautjes.nl\/de\/wp-json\/wp\/v2\/media\/225184"}],"wp:attachment":[{"href":"https:\/\/www.jootjeshaakcadeautjes.nl\/de\/wp-json\/wp\/v2\/media?parent=177559"}],"wp:term":[{"taxonomy":"product_brand","embeddable":true,"href":"https:\/\/www.jootjeshaakcadeautjes.nl\/de\/wp-json\/wp\/v2\/product_brand?post=177559"},{"taxonomy":"product_cat","embeddable":true,"href":"https:\/\/www.jootjeshaakcadeautjes.nl\/de\/wp-json\/wp\/v2\/product_cat?post=177559"},{"taxonomy":"product_tag","embeddable":true,"href":"https:\/\/www.jootjeshaakcadeautjes.nl\/de\/wp-json\/wp\/v2\/product_tag?post=177559"}],"curies":[{"name":"wp","href":"https:\/\/api.w.org\/{rel}","templated":true}]}}