{"id":177612,"date":"2025-05-13T09:35:42","date_gmt":"2025-05-13T07:35:42","guid":{"rendered":"https:\/\/www.jootjeshaakcadeautjes.nl\/?post_type=product&#038;p=177612"},"modified":"2025-05-16T15:23:25","modified_gmt":"2025-05-16T13:23:25","slug":"silikon-beissring-lowe-anthrazit","status":"publish","type":"product","link":"https:\/\/www.jootjeshaakcadeautjes.nl\/de\/produkt\/silikon-beissring-lowe-anthrazit\/","title":{"rendered":"Silikon-Bei\u00dfring &#8211; Faultier &#8211; Anthrazit"},"content":{"rendered":"<h3><strong>Silikon-Bei\u00dfring Faultier &#8211; Anthrazit<\/strong><\/h3>\n<p>Der Silikon-Bei\u00dfring Faultier &#8211; Anthrazit ist aus BPA-freiem Silikon hergestellt. Das bedeutet, dass die Produkte als sicher f\u00fcr die Verwendung in Kinderspielzeug befunden wurden. Die Silikonanwendung enth\u00e4lt keine sch\u00e4dlichen Substanzen. Unsere Produkte erf\u00fcllen daher alle erforderlichen Zertifizierungen. Achten Sie immer auf die Abnutzung von Spielzeug und werfen Sie es gegebenenfalls weg. Dies gilt f\u00fcr jede Art von Babyspielzeug.<\/p>\n<p>Dieses Faultier ist in der Farbe Anthrazit erh\u00e4ltlich.<\/p>\n<p>Dieser Silikonhase ist auch auf der Unterseite eingepr\u00e4gt. Durch die Verwendung unterschiedlicher Texturen in Ihrem handgefertigten Babyspielzeug wird die Entwicklung eines Kindes gef\u00f6rdert. Ein Kind lernt zun\u00e4chst viel mit seinen Sinnen. Daher ist es klug, nach folgenden Punkten zu variieren: <\/p>\n<ul>\n<li>Material\n<ul>\n<li>Silikon<\/li>\n<li>H\u00f6lzernes<\/li>\n<li>Geh\u00e4keltes Garn.\n<ul>\n<li>Normalerweise wird Baumwollgarn verwendet, da es weniger flauschig ist. Kinder bekommen dann keine Fasern davon ab. <\/li>\n<\/ul>\n<\/li>\n<\/ul>\n<\/li>\n<li>Textur\/Relief\n<ul>\n<li>Alle unsere Silikonprodukte haben ein eigenes Relief, sowohl auf der Vorder- als auch auf der R\u00fcckseite.<\/li>\n<li>Holz, Silikon und Garn haben ohnehin alle ihre eigene Haptik und Textur.<\/li>\n<\/ul>\n<\/li>\n<li>Formen: rund, geometrisch, oval, verschiedene Tiere, Ringe.<\/li>\n<li>Visuell:\n<ul>\n<li>Verschiedene Formen<\/li>\n<li>Verschiedene Farben<\/li>\n<\/ul>\n<\/li>\n<\/ul>\n<p>Silikonapplikationen werden ebenso wie Holzapplikationen h\u00e4ufig f\u00fcr die Herstellung von handgefertigtem Babyspielzeug verwendet. Die Applikationen lassen sich gut mit unseren Silikonperlen kombinieren (schlicht 20 mm oder in Form eines Kaninchens).<\/p>\n<p>&nbsp;<\/p>\n","protected":false},"excerpt":{"rendered":"<p>Variante: Faultier Farbe: Anthrazit Hergestellt aus BPA-freiem Silikon. CE-zertifiziert, 100% kindersicher. Weitere Informationen zur Verwendung finden Sie am Ende der Seite.<\/p>\n","protected":false},"featured_media":227234,"template":"","meta":[],"product_brand":[],"product_cat":[8608,8071,7380,9067],"product_tag":[8187,7510,8079,7385,8061,7562,7419,7452,16312,7416,9143,7992,7986,7451,7211,7988],"class_list":{"0":"post-177612","1":"product","2":"type-product","3":"status-publish","4":"has-post-thumbnail","6":"product_cat-beisfiguren-aus-silikon-beisring-beisanhanger","7":"product_cat-beisringe-baby-silikon-und-holz","8":"product_cat-herstellung-von-baby-beisspielzeug-materialien-fur-schnuller-und-beisringe","9":"product_cat-tier-beisringe","10":"product_tag-anthrazit","11":"product_tag-baby-de","12":"product_tag-beisen","13":"product_tag-beisring","14":"product_tag-beisring-de","15":"product_tag-bisswunde","16":"product_tag-bpa-de","17":"product_tag-bpa-frei","18":"product_tag-faultier","19":"product_tag-gummischnur","20":"product_tag-kaninchen","21":"product_tag-kauschmuck","22":"product_tag-kindersicher","23":"product_tag-kostenlos","24":"product_tag-silikon","25":"product_tag-zertifiziert","27":"first","28":"instock","29":"taxable","30":"shipping-taxable","31":"purchasable","32":"product-type-simple"},"bundled_by":[],"bundle_stock_status":"instock","bundle_stock_quantity":1,"bundle_virtual":false,"bundle_layout":"","bundle_add_to_cart_form_location":"","bundle_editable_in_cart":false,"bundle_sold_individually_context":"","bundle_item_grouping":"","bundle_min_size":"","bundle_max_size":"","bundle_price":[],"bundled_items":[],"bundle_sell_ids":[],"yoast_head":"<!-- This site is optimized with the Yoast SEO Premium plugin v27.6 (Yoast SEO v27.6) - https:\/\/yoast.com\/product\/yoast-seo-premium-wordpress\/ -->\n<title>Silikon-Bei\u00dfring - Faultier - Anthrazit - BPA-freie Bei\u00dferchen - Jootjes Haakcadeautjes%<\/title>\n<meta name=\"description\" content=\"Bei\u00dfring aus Silikon in Form einer Katze. Bei\u00dffigur aus BPA-freiem Silikon 100% kindersicher zur Verwendung in Bei\u00dfring oder Schnullerschnur.\" \/>\n<meta name=\"robots\" content=\"index, follow, max-snippet:-1, max-image-preview:large, max-video-preview:-1\" \/>\n<link rel=\"canonical\" href=\"https:\/\/www.jootjeshaakcadeautjes.nl\/de\/produkt\/silikon-beissring-lowe-anthrazit\/\" \/>\n<meta property=\"og:locale\" content=\"de_DE\" \/>\n<meta property=\"og:type\" content=\"article\" \/>\n<meta property=\"og:title\" content=\"Silikon-Bei\u00dfring - Faultier - Anthrazit\" \/>\n<meta property=\"og:description\" content=\"Bei\u00dfring aus Silikon in Form einer Katze. Bei\u00dffigur aus BPA-freiem Silikon 100% kindersicher zur Verwendung in Bei\u00dfring oder Schnullerschnur.\" \/>\n<meta property=\"og:url\" content=\"https:\/\/www.jootjeshaakcadeautjes.nl\/de\/produkt\/silikon-beissring-lowe-anthrazit\/\" \/>\n<meta property=\"og:site_name\" content=\"Jootjes Haakcadeautjes\" \/>\n<meta property=\"article:modified_time\" content=\"2025-05-16T13:23:25+00:00\" \/>\n<meta property=\"og:image\" content=\"https:\/\/www.jootjeshaakcadeautjes.nl\/wp-content\/uploads\/2025\/05\/20241102_205505.webp\" \/>\n\t<meta property=\"og:image:width\" content=\"2048\" \/>\n\t<meta property=\"og:image:height\" content=\"2048\" \/>\n\t<meta property=\"og:image:type\" content=\"image\/webp\" \/>\n<meta name=\"twitter:card\" content=\"summary_large_image\" \/>\n<meta name=\"twitter:label1\" content=\"Preis\" \/>\n\t<meta name=\"twitter:data1\" content=\"&euro;3.50 inkl. MwSt.\" \/>\n\t<meta name=\"twitter:label2\" content=\"Verf\u00fcgbarkeit\" \/>\n\t<meta name=\"twitter:data2\" content=\"Auf Lager\" \/>\n<script type=\"application\/ld+json\" class=\"yoast-schema-graph\">{\"@context\":\"https:\\\/\\\/schema.org\",\"@graph\":[{\"@type\":\"WebPage\",\"@id\":\"https:\\\/\\\/www.jootjeshaakcadeautjes.nl\\\/de\\\/produkt\\\/silikon-beissring-lowe-anthrazit\\\/\",\"url\":\"https:\\\/\\\/www.jootjeshaakcadeautjes.nl\\\/de\\\/produkt\\\/silikon-beissring-lowe-anthrazit\\\/\",\"name\":\"Silikon-Bei\u00dfring - Faultier - Anthrazit - BPA-freie Bei\u00dferchen - Jootjes Haakcadeautjes%\",\"isPartOf\":{\"@id\":\"https:\\\/\\\/www.jootjeshaakcadeautjes.nl\\\/de\\\/#website\"},\"primaryImageOfPage\":{\"@id\":\"https:\\\/\\\/www.jootjeshaakcadeautjes.nl\\\/de\\\/produkt\\\/silikon-beissring-lowe-anthrazit\\\/#primaryimage\"},\"image\":{\"@id\":\"https:\\\/\\\/www.jootjeshaakcadeautjes.nl\\\/de\\\/produkt\\\/silikon-beissring-lowe-anthrazit\\\/#primaryimage\"},\"thumbnailUrl\":\"https:\\\/\\\/d1dyryakdmle7o.cloudfront.net\\\/wp-content\\\/uploads\\\/2025\\\/05\\\/20241102_205505.webp\",\"datePublished\":\"2025-05-13T07:35:42+00:00\",\"dateModified\":\"2025-05-16T13:23:25+00:00\",\"description\":\"Bei\u00dfring aus Silikon in Form einer Katze. Bei\u00dffigur aus BPA-freiem Silikon 100% kindersicher zur Verwendung in Bei\u00dfring oder Schnullerschnur.\",\"breadcrumb\":{\"@id\":\"https:\\\/\\\/www.jootjeshaakcadeautjes.nl\\\/de\\\/produkt\\\/silikon-beissring-lowe-anthrazit\\\/#breadcrumb\"},\"inLanguage\":\"de\",\"potentialAction\":[{\"@type\":\"ReadAction\",\"target\":[\"https:\\\/\\\/www.jootjeshaakcadeautjes.nl\\\/de\\\/produkt\\\/silikon-beissring-lowe-anthrazit\\\/\"]}]},{\"@type\":\"ImageObject\",\"inLanguage\":\"de\",\"@id\":\"https:\\\/\\\/www.jootjeshaakcadeautjes.nl\\\/de\\\/produkt\\\/silikon-beissring-lowe-anthrazit\\\/#primaryimage\",\"url\":\"https:\\\/\\\/d1dyryakdmle7o.cloudfront.net\\\/wp-content\\\/uploads\\\/2025\\\/05\\\/20241102_205505.webp\",\"contentUrl\":\"https:\\\/\\\/d1dyryakdmle7o.cloudfront.net\\\/wp-content\\\/uploads\\\/2025\\\/05\\\/20241102_205505.webp\",\"width\":2048,\"height\":2048},{\"@type\":\"BreadcrumbList\",\"@id\":\"https:\\\/\\\/www.jootjeshaakcadeautjes.nl\\\/de\\\/produkt\\\/silikon-beissring-lowe-anthrazit\\\/#breadcrumb\",\"itemListElement\":[{\"@type\":\"ListItem\",\"position\":1,\"name\":\"Startseite\",\"item\":\"https:\\\/\\\/www.jootjeshaakcadeautjes.nl\\\/de\\\/\"},{\"@type\":\"ListItem\",\"position\":2,\"name\":\"Gro\u00dfhandel mit Silikonperlen &#8211; Business und Consumer\",\"item\":\"https:\\\/\\\/www.jootjeshaakcadeautjes.nl\\\/de\\\/shop\\\/\"},{\"@type\":\"ListItem\",\"position\":3,\"name\":\"Silikon-Bei\u00dfring &#8211; Faultier &#8211; Anthrazit\"}]},{\"@type\":\"WebSite\",\"@id\":\"https:\\\/\\\/www.jootjeshaakcadeautjes.nl\\\/de\\\/#website\",\"url\":\"https:\\\/\\\/www.jootjeshaakcadeautjes.nl\\\/de\\\/\",\"name\":\"Jootjes Haakcadeautjes\",\"description\":\"Silikonperlen Gro\u00dfhandel \",\"publisher\":{\"@id\":\"https:\\\/\\\/www.jootjeshaakcadeautjes.nl\\\/de\\\/#organization\"},\"potentialAction\":[{\"@type\":\"SearchAction\",\"target\":{\"@type\":\"EntryPoint\",\"urlTemplate\":\"https:\\\/\\\/www.jootjeshaakcadeautjes.nl\\\/de\\\/?s={search_term_string}\"},\"query-input\":{\"@type\":\"PropertyValueSpecification\",\"valueRequired\":true,\"valueName\":\"search_term_string\"}}],\"inLanguage\":\"de\"},{\"@type\":\"Organization\",\"@id\":\"https:\\\/\\\/www.jootjeshaakcadeautjes.nl\\\/de\\\/#organization\",\"name\":\"Jootjes Haakcadeautjes\",\"url\":\"https:\\\/\\\/www.jootjeshaakcadeautjes.nl\\\/de\\\/\",\"logo\":{\"@type\":\"ImageObject\",\"inLanguage\":\"de\",\"@id\":\"https:\\\/\\\/www.jootjeshaakcadeautjes.nl\\\/de\\\/#\\\/schema\\\/logo\\\/image\\\/\",\"url\":\"https:\\\/\\\/d1dyryakdmle7o.cloudfront.net\\\/wp-content\\\/uploads\\\/2023\\\/05\\\/Logo-rond.png\",\"contentUrl\":\"https:\\\/\\\/d1dyryakdmle7o.cloudfront.net\\\/wp-content\\\/uploads\\\/2023\\\/05\\\/Logo-rond.png\",\"width\":1222,\"height\":1222,\"caption\":\"Jootjes Haakcadeautjes\"},\"image\":{\"@id\":\"https:\\\/\\\/www.jootjeshaakcadeautjes.nl\\\/de\\\/#\\\/schema\\\/logo\\\/image\\\/\"}}]}<\/script>\n<meta property=\"product:price:amount\" content=\"3.50\" \/>\n<meta property=\"product:price:currency\" content=\"EUR\" \/>\n<meta property=\"og:availability\" content=\"instock\" \/>\n<meta property=\"product:availability\" content=\"instock\" \/>\n<meta property=\"product:retailer_item_id\" content=\"SIL-LUA-ANTR\" \/>\n<meta property=\"product:condition\" content=\"new\" \/>\n<!-- \/ Yoast SEO Premium plugin. -->","yoast_head_json":{"title":"Silikon-Bei\u00dfring - Faultier - Anthrazit - BPA-freie Bei\u00dferchen - Jootjes Haakcadeautjes%","description":"Bei\u00dfring aus Silikon in Form einer Katze. Bei\u00dffigur aus BPA-freiem Silikon 100% kindersicher zur Verwendung in Bei\u00dfring oder Schnullerschnur.","robots":{"index":"index","follow":"follow","max-snippet":"max-snippet:-1","max-image-preview":"max-image-preview:large","max-video-preview":"max-video-preview:-1"},"canonical":"https:\/\/www.jootjeshaakcadeautjes.nl\/de\/produkt\/silikon-beissring-lowe-anthrazit\/","og_locale":"de_DE","og_type":"article","og_title":"Silikon-Bei\u00dfring - Faultier - Anthrazit","og_description":"Bei\u00dfring aus Silikon in Form einer Katze. Bei\u00dffigur aus BPA-freiem Silikon 100% kindersicher zur Verwendung in Bei\u00dfring oder Schnullerschnur.","og_url":"https:\/\/www.jootjeshaakcadeautjes.nl\/de\/produkt\/silikon-beissring-lowe-anthrazit\/","og_site_name":"Jootjes Haakcadeautjes","article_modified_time":"2025-05-16T13:23:25+00:00","og_image":[{"width":2048,"height":2048,"url":"https:\/\/www.jootjeshaakcadeautjes.nl\/wp-content\/uploads\/2025\/05\/20241102_205505.webp","type":"image\/webp"}],"twitter_card":"summary_large_image","twitter_misc":{"Preis":"&euro;3.50 inkl. MwSt.","Verf\u00fcgbarkeit":"Auf Lager"},"schema":{"@context":"https:\/\/schema.org","@graph":[{"@type":"WebPage","@id":"https:\/\/www.jootjeshaakcadeautjes.nl\/de\/produkt\/silikon-beissring-lowe-anthrazit\/","url":"https:\/\/www.jootjeshaakcadeautjes.nl\/de\/produkt\/silikon-beissring-lowe-anthrazit\/","name":"Silikon-Bei\u00dfring - Faultier - Anthrazit - BPA-freie Bei\u00dferchen - Jootjes Haakcadeautjes%","isPartOf":{"@id":"https:\/\/www.jootjeshaakcadeautjes.nl\/de\/#website"},"primaryImageOfPage":{"@id":"https:\/\/www.jootjeshaakcadeautjes.nl\/de\/produkt\/silikon-beissring-lowe-anthrazit\/#primaryimage"},"image":{"@id":"https:\/\/www.jootjeshaakcadeautjes.nl\/de\/produkt\/silikon-beissring-lowe-anthrazit\/#primaryimage"},"thumbnailUrl":"https:\/\/d1dyryakdmle7o.cloudfront.net\/wp-content\/uploads\/2025\/05\/20241102_205505.webp","datePublished":"2025-05-13T07:35:42+00:00","dateModified":"2025-05-16T13:23:25+00:00","description":"Bei\u00dfring aus Silikon in Form einer Katze. Bei\u00dffigur aus BPA-freiem Silikon 100% kindersicher zur Verwendung in Bei\u00dfring oder Schnullerschnur.","breadcrumb":{"@id":"https:\/\/www.jootjeshaakcadeautjes.nl\/de\/produkt\/silikon-beissring-lowe-anthrazit\/#breadcrumb"},"inLanguage":"de","potentialAction":[{"@type":"ReadAction","target":["https:\/\/www.jootjeshaakcadeautjes.nl\/de\/produkt\/silikon-beissring-lowe-anthrazit\/"]}]},{"@type":"ImageObject","inLanguage":"de","@id":"https:\/\/www.jootjeshaakcadeautjes.nl\/de\/produkt\/silikon-beissring-lowe-anthrazit\/#primaryimage","url":"https:\/\/d1dyryakdmle7o.cloudfront.net\/wp-content\/uploads\/2025\/05\/20241102_205505.webp","contentUrl":"https:\/\/d1dyryakdmle7o.cloudfront.net\/wp-content\/uploads\/2025\/05\/20241102_205505.webp","width":2048,"height":2048},{"@type":"BreadcrumbList","@id":"https:\/\/www.jootjeshaakcadeautjes.nl\/de\/produkt\/silikon-beissring-lowe-anthrazit\/#breadcrumb","itemListElement":[{"@type":"ListItem","position":1,"name":"Startseite","item":"https:\/\/www.jootjeshaakcadeautjes.nl\/de\/"},{"@type":"ListItem","position":2,"name":"Gro\u00dfhandel mit Silikonperlen &#8211; Business und Consumer","item":"https:\/\/www.jootjeshaakcadeautjes.nl\/de\/shop\/"},{"@type":"ListItem","position":3,"name":"Silikon-Bei\u00dfring &#8211; Faultier &#8211; Anthrazit"}]},{"@type":"WebSite","@id":"https:\/\/www.jootjeshaakcadeautjes.nl\/de\/#website","url":"https:\/\/www.jootjeshaakcadeautjes.nl\/de\/","name":"Jootjes Haakcadeautjes","description":"Silikonperlen Gro\u00dfhandel ","publisher":{"@id":"https:\/\/www.jootjeshaakcadeautjes.nl\/de\/#organization"},"potentialAction":[{"@type":"SearchAction","target":{"@type":"EntryPoint","urlTemplate":"https:\/\/www.jootjeshaakcadeautjes.nl\/de\/?s={search_term_string}"},"query-input":{"@type":"PropertyValueSpecification","valueRequired":true,"valueName":"search_term_string"}}],"inLanguage":"de"},{"@type":"Organization","@id":"https:\/\/www.jootjeshaakcadeautjes.nl\/de\/#organization","name":"Jootjes Haakcadeautjes","url":"https:\/\/www.jootjeshaakcadeautjes.nl\/de\/","logo":{"@type":"ImageObject","inLanguage":"de","@id":"https:\/\/www.jootjeshaakcadeautjes.nl\/de\/#\/schema\/logo\/image\/","url":"https:\/\/d1dyryakdmle7o.cloudfront.net\/wp-content\/uploads\/2023\/05\/Logo-rond.png","contentUrl":"https:\/\/d1dyryakdmle7o.cloudfront.net\/wp-content\/uploads\/2023\/05\/Logo-rond.png","width":1222,"height":1222,"caption":"Jootjes Haakcadeautjes"},"image":{"@id":"https:\/\/www.jootjeshaakcadeautjes.nl\/de\/#\/schema\/logo\/image\/"}}]},"product_price_amount":"3.50","product_price_currency":"EUR","og_availability":"instock","product_availability":"instock","product_retailer_item_id":"SIL-LUA-ANTR","product_condition":"new"},"_links":{"self":[{"href":"https:\/\/www.jootjeshaakcadeautjes.nl\/de\/wp-json\/wp\/v2\/product\/177612","targetHints":{"allow":["GET"]}}],"collection":[{"href":"https:\/\/www.jootjeshaakcadeautjes.nl\/de\/wp-json\/wp\/v2\/product"}],"about":[{"href":"https:\/\/www.jootjeshaakcadeautjes.nl\/de\/wp-json\/wp\/v2\/types\/product"}],"version-history":[{"count":0,"href":"https:\/\/www.jootjeshaakcadeautjes.nl\/de\/wp-json\/wp\/v2\/product\/177612\/revisions"}],"wp:featuredmedia":[{"embeddable":true,"href":"https:\/\/www.jootjeshaakcadeautjes.nl\/de\/wp-json\/wp\/v2\/media\/227234"}],"wp:attachment":[{"href":"https:\/\/www.jootjeshaakcadeautjes.nl\/de\/wp-json\/wp\/v2\/media?parent=177612"}],"wp:term":[{"taxonomy":"product_brand","embeddable":true,"href":"https:\/\/www.jootjeshaakcadeautjes.nl\/de\/wp-json\/wp\/v2\/product_brand?post=177612"},{"taxonomy":"product_cat","embeddable":true,"href":"https:\/\/www.jootjeshaakcadeautjes.nl\/de\/wp-json\/wp\/v2\/product_cat?post=177612"},{"taxonomy":"product_tag","embeddable":true,"href":"https:\/\/www.jootjeshaakcadeautjes.nl\/de\/wp-json\/wp\/v2\/product_tag?post=177612"}],"curies":[{"name":"wp","href":"https:\/\/api.w.org\/{rel}","templated":true}]}}