{"id":178608,"date":"2025-05-14T14:15:42","date_gmt":"2025-05-14T12:15:42","guid":{"rendered":"https:\/\/www.jootjeshaakcadeautjes.nl\/?post_type=product&#038;p=178608"},"modified":"2026-03-07T09:39:11","modified_gmt":"2026-03-07T08:39:11","slug":"siliconen-kralen-abacus-14-mm-pruim","status":"publish","type":"product","link":"https:\/\/www.jootjeshaakcadeautjes.nl\/de\/produkt\/siliconen-kralen-abacus-14-mm-pruim\/","title":{"rendered":"Silikonperlen &#8211; Abacus &#8211; 14 mm &#8211; Pflaume"},"content":{"rendered":"<h1>Silikonperlen &#8211; Abacus &#8211; Pflaume &#8211; 14 mm<\/h1>\n<h3>Spezifikationen:<\/h3>\n<ul>\n<li>Auch bekannt als: flache runde Perle, Abakus-Perle, ovale Silikon-Perle.<\/li>\n<li>Gr\u00f6\u00dfe: 14 mm<\/li>\n<li>Auch in einer <a href=\"https:\/\/www.jootjeshaakcadeautjes.nl\/de\/product-categorie\/herstellung-von-baby-beisspielzeug-materialien-fur-schnuller-und-beisringe\/silikonperlen-bpa-frei-grosshandel\/silikonperlen-abacus-23-mm\/\">gr\u00f6\u00dferen Gr\u00f6\u00dfe erh\u00e4ltlich : 23 mm.<\/a><\/li>\n<\/ul>\n<p>Alle unsere Silikonk\u00fcgelchen sind 100% BPA-, blei-, toxin-, phthalat- und PVC-frei. Unsere Silikonkugeln sind daher von medizinischer Qualit\u00e4t und f\u00fcr die Verwendung in Kinderspielzeug geeignet.  Die sechseckigen Perlen eignen sich perfekt zur Herstellung von Bei\u00dfringen, Schnullerkordeln, Stillhalsketten, Taschenanh\u00e4ngern oder Babygymnastikger\u00e4ten.<\/p>\n<p>Den Rest unseres Sortiments an Silikonperlen finden Sie hier: <a href=\"https:\/\/www.jootjeshaakcadeautjes.nl\/de\/product-categorie\/herstellung-von-baby-beisspielzeug-materialien-fur-schnuller-und-beisringe\/silikonperlen-bpa-frei-grosshandel\/\">Silikonperlen<\/a>.<br \/>\nDie Holzperlen finden Sie hier: <a href=\"\/?product_cat=houten-kralen-kralen\">Holzperlen<\/a>.<\/p>\n<h3>Qualit\u00e4t und Sicherheit unserer Silikonperlen<\/h3>\n<p>Alle unsere Silikonperlen sind:<\/p>\n<ul>\n<li>BPA-frei<\/li>\n<li>Phthalat- und toxinfrei<\/li>\n<li>PVC-frei<\/li>\n<li>Bleifrei<\/li>\n<li>CE-zertifiziert<\/li>\n<li>Silikonperlen in medizinischer Qualit\u00e4t<\/li>\n<\/ul>\n<h4>Reparieren:<\/h4>\n<p>Die Silikonperlen lassen sich leicht auf eine Wachskordel oder Satinkordel auff\u00e4deln. Binden Sie den Bei\u00dfring mit den Silikonperlen sehr gut und mehrmals auf. <\/p>\n<h4>Reinigung dieser Abakus-Silikonperlen:<\/h4>\n<p>Diese Abakus-Silikonperlen sind daher sowohl f\u00fcr Babys als auch f\u00fcr \u00e4ltere Kinder geeignet, die gerne in etwas hineinbei\u00dfen. Die Perlen sind CE-zertifiziert und robust. Sie nutzen sich daher kaum ab. Dar\u00fcber hinaus sind die Perlen leicht zu reinigen. Diese Silikonperlen k\u00f6nnen einfach in die Sp\u00fclmaschine oder in Seifenwasser gelegt werden. Lassen Sie sie anschlie\u00dfend gut trocknen, bevor Sie sie wieder an Ihr Kind weitergeben. Die Silikonperlen k\u00f6nnen auch gek\u00fchlt werden. Das macht sie zu einer sehr angenehmen Schmerzlinderung beim Zahnen.       <\/p>\n<p><em>Befestigen Sie die Silikonperlen immer ordnungsgem\u00e4\u00df und \u00fcberpr\u00fcfen Sie Ihre Kreationen regelm\u00e4\u00dfig, z.B. auf Abnutzung und Verschlei\u00df. Hierf\u00fcr sind Sie selbst verantwortlich. Jootjes Haakcadeautjes kontrolliert Ihr fertiges Produkt nicht und kann daher keine Sch\u00e4den oder Lockerungen aufgrund von Abnutzung \u00fcbernehmen. Wir raten Ihnen, handgefertigtes Bei\u00dfspielzeug nur unter Aufsicht von Erwachsenen zu verwenden, um gef\u00e4hrliche Situationen zu vermeiden.   <\/em><\/p>\n<h3>Womit lassen sich diese Perlen gut kombinieren?<\/h3>\n<p>Alle unsere Perlen lassen sich gut miteinander kombinieren. Wir f\u00fchren so viele Perlenarten in den gleichen Farben wie m\u00f6glich.  Dies ist jedoch nicht immer m\u00f6glich. Dabei macht es auch Spa\u00df, Farben und Formen zu kombinieren. Dies hat eine stimulierende Wirkung auf die Entwicklung des Kindes.   Je pelziger, desto besser.<\/p>\n<h4>Reagieren Sie auf die Entwicklung des Sehverm\u00f6gens Ihres Babys?<\/h4>\n<h4>Im Gro\u00dfen und Ganzen entwickelt sich so das Sehverm\u00f6gen eines kleinen Kindes:<\/h4>\n<p>Im Alter von etwa einem Monat sieht ein Baby haupts\u00e4chlich scharfe Kontraste zwischen Hell und Dunkel. Dann werden sehr langsam Konturen erkennbar und Farbprinzipien werden sichtbar. Dies beginnt mit den Farben Rot und Gr\u00fcn und erst sp\u00e4ter mit den Farben Blau und Gelb. Blau bleibt lange Zeit eher ein grauer\/schwarzer Farbton. Das echte &#8220;blaue&#8221; Sehen entwickelt sich erst mit etwa sechs Monaten. Das hei\u00dft nat\u00fcrlich nicht, dass es nicht eine sch\u00f6ne Abwechslung mit einer andersfarbigen Perle sein kann. Abgesehen von den Farben beginnt ein Baby ab etwa zwei Monaten, nach mehr Details zu suchen.      <\/p>\n<p>&nbsp;<\/p>\n<p>&nbsp;<\/p>\n<p>&nbsp;<\/p>\n","protected":false},"excerpt":{"rendered":"<p>Farbcode Pflaume &#8211; Typ: Silikonperlen Abakus &#8211; Auch bekannt als: flache runde Perle, Abakus-Perle, ovale Silikonperle &#8211; Gr\u00f6\u00dfe: 14 mm &#8211; BPA-, Phthalat-, Blei-, PVC- und Toxin-frei &#8211; CE-zertifiziert &#8211; Silikonperlen f\u00fcr medizinische Zwecke<\/p>\n","protected":false},"featured_media":224850,"template":"","meta":[],"product_brand":[],"product_cat":[7380,7503,6991],"product_tag":[7459,7537,7545,7530,7419,8108,7950,7451,7397,7540,7199,16493,7211,7425,8580,7945,9294,7988],"class_list":{"0":"post-178608","1":"product","2":"type-product","3":"status-publish","4":"has-post-thumbnail","6":"product_cat-herstellung-von-baby-beisspielzeug-materialien-fur-schnuller-und-beisringe","7":"product_cat-silikonperlen-abacus-14-mm","8":"product_cat-silikonperlen-bpa-frei-grosshandel","9":"product_tag-14-de","10":"product_tag-14-mm-de","11":"product_tag-abakus-de","12":"product_tag-abakus","13":"product_tag-bpa-de","14":"product_tag-flachwulst","15":"product_tag-jaszipper-de","16":"product_tag-kostenlos","17":"product_tag-mm-de","18":"product_tag-oval-de","19":"product_tag-perlen","20":"product_tag-pflaume-de","21":"product_tag-silikon","22":"product_tag-stift","23":"product_tag-stifte","24":"product_tag-taschenaufhanger-de","25":"product_tag-tortenheber-de","26":"product_tag-zertifiziert","28":"first","29":"instock","30":"taxable","31":"shipping-taxable","32":"purchasable","33":"product-type-simple"},"bundled_by":[],"bundle_stock_status":"instock","bundle_stock_quantity":855,"bundle_virtual":false,"bundle_layout":"","bundle_add_to_cart_form_location":"","bundle_editable_in_cart":false,"bundle_sold_individually_context":"","bundle_item_grouping":"","bundle_min_size":"","bundle_max_size":"","bundle_price":[],"bundled_items":[],"bundle_sell_ids":[],"yoast_head":"<!-- This site is optimized with the Yoast SEO Premium plugin v27.6 (Yoast SEO v27.6) - https:\/\/yoast.com\/product\/yoast-seo-premium-wordpress\/ -->\n<title>Silikonperlen - Abacus - 14 mm - Pflaume - BPA frei<\/title>\n<meta name=\"description\" content=\"Silikonperlen abacus \/ rund flach in Farbe Old Lace 14 mm Durchmesser sind 100% BPA-, blei-, gift-, phthalat- und PVC-frei. CE-zertifiziert.\" \/>\n<meta name=\"robots\" content=\"index, follow, max-snippet:-1, max-image-preview:large, max-video-preview:-1\" \/>\n<link rel=\"canonical\" href=\"https:\/\/www.jootjeshaakcadeautjes.nl\/de\/produkt\/siliconen-kralen-abacus-14-mm-pruim\/\" \/>\n<meta property=\"og:locale\" content=\"de_DE\" \/>\n<meta property=\"og:type\" content=\"article\" \/>\n<meta property=\"og:title\" content=\"Silikonperlen - Abacus - 14 mm - Pflaume\" \/>\n<meta property=\"og:description\" content=\"Silikonperlen abacus \/ rund flach in Farbe Old Lace 14 mm Durchmesser sind 100% BPA-, blei-, gift-, phthalat- und PVC-frei. CE-zertifiziert.\" \/>\n<meta property=\"og:url\" content=\"https:\/\/www.jootjeshaakcadeautjes.nl\/de\/produkt\/siliconen-kralen-abacus-14-mm-pruim\/\" \/>\n<meta property=\"og:site_name\" content=\"Jootjes Haakcadeautjes\" \/>\n<meta property=\"article:modified_time\" content=\"2026-03-07T08:39:11+00:00\" \/>\n<meta property=\"og:image\" content=\"https:\/\/www.jootjeshaakcadeautjes.nl\/wp-content\/uploads\/2025\/05\/20250428_025400.webp\" \/>\n\t<meta property=\"og:image:width\" content=\"2048\" \/>\n\t<meta property=\"og:image:height\" content=\"2048\" \/>\n\t<meta property=\"og:image:type\" content=\"image\/webp\" \/>\n<meta name=\"twitter:card\" content=\"summary_large_image\" \/>\n<meta name=\"twitter:label1\" content=\"Preis\" \/>\n\t<meta name=\"twitter:data1\" content=\"&euro;0.28 inkl. MwSt.\" \/>\n\t<meta name=\"twitter:label2\" content=\"Verf\u00fcgbarkeit\" \/>\n\t<meta name=\"twitter:data2\" content=\"Auf Lager\" \/>\n<script type=\"application\/ld+json\" class=\"yoast-schema-graph\">{\"@context\":\"https:\\\/\\\/schema.org\",\"@graph\":[{\"@type\":\"WebPage\",\"@id\":\"https:\\\/\\\/www.jootjeshaakcadeautjes.nl\\\/de\\\/produkt\\\/siliconen-kralen-abacus-14-mm-pruim\\\/\",\"url\":\"https:\\\/\\\/www.jootjeshaakcadeautjes.nl\\\/de\\\/produkt\\\/siliconen-kralen-abacus-14-mm-pruim\\\/\",\"name\":\"Silikonperlen - Abacus - 14 mm - Pflaume - BPA frei\",\"isPartOf\":{\"@id\":\"https:\\\/\\\/www.jootjeshaakcadeautjes.nl\\\/de\\\/#website\"},\"primaryImageOfPage\":{\"@id\":\"https:\\\/\\\/www.jootjeshaakcadeautjes.nl\\\/de\\\/produkt\\\/siliconen-kralen-abacus-14-mm-pruim\\\/#primaryimage\"},\"image\":{\"@id\":\"https:\\\/\\\/www.jootjeshaakcadeautjes.nl\\\/de\\\/produkt\\\/siliconen-kralen-abacus-14-mm-pruim\\\/#primaryimage\"},\"thumbnailUrl\":\"https:\\\/\\\/d1dyryakdmle7o.cloudfront.net\\\/wp-content\\\/uploads\\\/2025\\\/05\\\/20250428_025400.webp\",\"datePublished\":\"2025-05-14T12:15:42+00:00\",\"dateModified\":\"2026-03-07T08:39:11+00:00\",\"description\":\"Silikonperlen abacus \\\/ rund flach in Farbe Old Lace 14 mm Durchmesser sind 100% BPA-, blei-, gift-, phthalat- und PVC-frei. CE-zertifiziert.\",\"breadcrumb\":{\"@id\":\"https:\\\/\\\/www.jootjeshaakcadeautjes.nl\\\/de\\\/produkt\\\/siliconen-kralen-abacus-14-mm-pruim\\\/#breadcrumb\"},\"inLanguage\":\"de\",\"potentialAction\":[{\"@type\":\"ReadAction\",\"target\":[\"https:\\\/\\\/www.jootjeshaakcadeautjes.nl\\\/de\\\/produkt\\\/siliconen-kralen-abacus-14-mm-pruim\\\/\"]}]},{\"@type\":\"ImageObject\",\"inLanguage\":\"de\",\"@id\":\"https:\\\/\\\/www.jootjeshaakcadeautjes.nl\\\/de\\\/produkt\\\/siliconen-kralen-abacus-14-mm-pruim\\\/#primaryimage\",\"url\":\"https:\\\/\\\/d1dyryakdmle7o.cloudfront.net\\\/wp-content\\\/uploads\\\/2025\\\/05\\\/20250428_025400.webp\",\"contentUrl\":\"https:\\\/\\\/d1dyryakdmle7o.cloudfront.net\\\/wp-content\\\/uploads\\\/2025\\\/05\\\/20250428_025400.webp\",\"width\":2048,\"height\":2048,\"caption\":\"Pflaume\"},{\"@type\":\"BreadcrumbList\",\"@id\":\"https:\\\/\\\/www.jootjeshaakcadeautjes.nl\\\/de\\\/produkt\\\/siliconen-kralen-abacus-14-mm-pruim\\\/#breadcrumb\",\"itemListElement\":[{\"@type\":\"ListItem\",\"position\":1,\"name\":\"Startseite\",\"item\":\"https:\\\/\\\/www.jootjeshaakcadeautjes.nl\\\/de\\\/\"},{\"@type\":\"ListItem\",\"position\":2,\"name\":\"Gro\u00dfhandel mit Silikonperlen &#8211; Business und Consumer\",\"item\":\"https:\\\/\\\/www.jootjeshaakcadeautjes.nl\\\/de\\\/shop\\\/\"},{\"@type\":\"ListItem\",\"position\":3,\"name\":\"Silikonperlen &#8211; Abacus &#8211; 14 mm &#8211; Pflaume\"}]},{\"@type\":\"WebSite\",\"@id\":\"https:\\\/\\\/www.jootjeshaakcadeautjes.nl\\\/de\\\/#website\",\"url\":\"https:\\\/\\\/www.jootjeshaakcadeautjes.nl\\\/de\\\/\",\"name\":\"Jootjes Haakcadeautjes\",\"description\":\"Silikonperlen Gro\u00dfhandel \",\"publisher\":{\"@id\":\"https:\\\/\\\/www.jootjeshaakcadeautjes.nl\\\/de\\\/#organization\"},\"potentialAction\":[{\"@type\":\"SearchAction\",\"target\":{\"@type\":\"EntryPoint\",\"urlTemplate\":\"https:\\\/\\\/www.jootjeshaakcadeautjes.nl\\\/de\\\/?s={search_term_string}\"},\"query-input\":{\"@type\":\"PropertyValueSpecification\",\"valueRequired\":true,\"valueName\":\"search_term_string\"}}],\"inLanguage\":\"de\"},{\"@type\":\"Organization\",\"@id\":\"https:\\\/\\\/www.jootjeshaakcadeautjes.nl\\\/de\\\/#organization\",\"name\":\"Jootjes Haakcadeautjes\",\"url\":\"https:\\\/\\\/www.jootjeshaakcadeautjes.nl\\\/de\\\/\",\"logo\":{\"@type\":\"ImageObject\",\"inLanguage\":\"de\",\"@id\":\"https:\\\/\\\/www.jootjeshaakcadeautjes.nl\\\/de\\\/#\\\/schema\\\/logo\\\/image\\\/\",\"url\":\"https:\\\/\\\/d1dyryakdmle7o.cloudfront.net\\\/wp-content\\\/uploads\\\/2023\\\/05\\\/Logo-rond.png\",\"contentUrl\":\"https:\\\/\\\/d1dyryakdmle7o.cloudfront.net\\\/wp-content\\\/uploads\\\/2023\\\/05\\\/Logo-rond.png\",\"width\":1222,\"height\":1222,\"caption\":\"Jootjes Haakcadeautjes\"},\"image\":{\"@id\":\"https:\\\/\\\/www.jootjeshaakcadeautjes.nl\\\/de\\\/#\\\/schema\\\/logo\\\/image\\\/\"}}]}<\/script>\n<meta property=\"product:price:amount\" content=\"0.28\" \/>\n<meta property=\"product:price:currency\" content=\"EUR\" \/>\n<meta property=\"og:availability\" content=\"instock\" \/>\n<meta property=\"product:availability\" content=\"instock\" \/>\n<meta property=\"product:retailer_item_id\" content=\"SKR-ABC-PRM\" \/>\n<meta property=\"product:condition\" content=\"new\" \/>\n<!-- \/ Yoast SEO Premium plugin. -->","yoast_head_json":{"title":"Silikonperlen - Abacus - 14 mm - Pflaume - BPA frei","description":"Silikonperlen abacus \/ rund flach in Farbe Old Lace 14 mm Durchmesser sind 100% BPA-, blei-, gift-, phthalat- und PVC-frei. CE-zertifiziert.","robots":{"index":"index","follow":"follow","max-snippet":"max-snippet:-1","max-image-preview":"max-image-preview:large","max-video-preview":"max-video-preview:-1"},"canonical":"https:\/\/www.jootjeshaakcadeautjes.nl\/de\/produkt\/siliconen-kralen-abacus-14-mm-pruim\/","og_locale":"de_DE","og_type":"article","og_title":"Silikonperlen - Abacus - 14 mm - Pflaume","og_description":"Silikonperlen abacus \/ rund flach in Farbe Old Lace 14 mm Durchmesser sind 100% BPA-, blei-, gift-, phthalat- und PVC-frei. CE-zertifiziert.","og_url":"https:\/\/www.jootjeshaakcadeautjes.nl\/de\/produkt\/siliconen-kralen-abacus-14-mm-pruim\/","og_site_name":"Jootjes Haakcadeautjes","article_modified_time":"2026-03-07T08:39:11+00:00","og_image":[{"width":2048,"height":2048,"url":"https:\/\/www.jootjeshaakcadeautjes.nl\/wp-content\/uploads\/2025\/05\/20250428_025400.webp","type":"image\/webp"}],"twitter_card":"summary_large_image","twitter_misc":{"Preis":"&euro;0.28 inkl. MwSt.","Verf\u00fcgbarkeit":"Auf Lager"},"schema":{"@context":"https:\/\/schema.org","@graph":[{"@type":"WebPage","@id":"https:\/\/www.jootjeshaakcadeautjes.nl\/de\/produkt\/siliconen-kralen-abacus-14-mm-pruim\/","url":"https:\/\/www.jootjeshaakcadeautjes.nl\/de\/produkt\/siliconen-kralen-abacus-14-mm-pruim\/","name":"Silikonperlen - Abacus - 14 mm - Pflaume - BPA frei","isPartOf":{"@id":"https:\/\/www.jootjeshaakcadeautjes.nl\/de\/#website"},"primaryImageOfPage":{"@id":"https:\/\/www.jootjeshaakcadeautjes.nl\/de\/produkt\/siliconen-kralen-abacus-14-mm-pruim\/#primaryimage"},"image":{"@id":"https:\/\/www.jootjeshaakcadeautjes.nl\/de\/produkt\/siliconen-kralen-abacus-14-mm-pruim\/#primaryimage"},"thumbnailUrl":"https:\/\/d1dyryakdmle7o.cloudfront.net\/wp-content\/uploads\/2025\/05\/20250428_025400.webp","datePublished":"2025-05-14T12:15:42+00:00","dateModified":"2026-03-07T08:39:11+00:00","description":"Silikonperlen abacus \/ rund flach in Farbe Old Lace 14 mm Durchmesser sind 100% BPA-, blei-, gift-, phthalat- und PVC-frei. CE-zertifiziert.","breadcrumb":{"@id":"https:\/\/www.jootjeshaakcadeautjes.nl\/de\/produkt\/siliconen-kralen-abacus-14-mm-pruim\/#breadcrumb"},"inLanguage":"de","potentialAction":[{"@type":"ReadAction","target":["https:\/\/www.jootjeshaakcadeautjes.nl\/de\/produkt\/siliconen-kralen-abacus-14-mm-pruim\/"]}]},{"@type":"ImageObject","inLanguage":"de","@id":"https:\/\/www.jootjeshaakcadeautjes.nl\/de\/produkt\/siliconen-kralen-abacus-14-mm-pruim\/#primaryimage","url":"https:\/\/d1dyryakdmle7o.cloudfront.net\/wp-content\/uploads\/2025\/05\/20250428_025400.webp","contentUrl":"https:\/\/d1dyryakdmle7o.cloudfront.net\/wp-content\/uploads\/2025\/05\/20250428_025400.webp","width":2048,"height":2048,"caption":"Pflaume"},{"@type":"BreadcrumbList","@id":"https:\/\/www.jootjeshaakcadeautjes.nl\/de\/produkt\/siliconen-kralen-abacus-14-mm-pruim\/#breadcrumb","itemListElement":[{"@type":"ListItem","position":1,"name":"Startseite","item":"https:\/\/www.jootjeshaakcadeautjes.nl\/de\/"},{"@type":"ListItem","position":2,"name":"Gro\u00dfhandel mit Silikonperlen &#8211; Business und Consumer","item":"https:\/\/www.jootjeshaakcadeautjes.nl\/de\/shop\/"},{"@type":"ListItem","position":3,"name":"Silikonperlen &#8211; Abacus &#8211; 14 mm &#8211; Pflaume"}]},{"@type":"WebSite","@id":"https:\/\/www.jootjeshaakcadeautjes.nl\/de\/#website","url":"https:\/\/www.jootjeshaakcadeautjes.nl\/de\/","name":"Jootjes Haakcadeautjes","description":"Silikonperlen Gro\u00dfhandel ","publisher":{"@id":"https:\/\/www.jootjeshaakcadeautjes.nl\/de\/#organization"},"potentialAction":[{"@type":"SearchAction","target":{"@type":"EntryPoint","urlTemplate":"https:\/\/www.jootjeshaakcadeautjes.nl\/de\/?s={search_term_string}"},"query-input":{"@type":"PropertyValueSpecification","valueRequired":true,"valueName":"search_term_string"}}],"inLanguage":"de"},{"@type":"Organization","@id":"https:\/\/www.jootjeshaakcadeautjes.nl\/de\/#organization","name":"Jootjes Haakcadeautjes","url":"https:\/\/www.jootjeshaakcadeautjes.nl\/de\/","logo":{"@type":"ImageObject","inLanguage":"de","@id":"https:\/\/www.jootjeshaakcadeautjes.nl\/de\/#\/schema\/logo\/image\/","url":"https:\/\/d1dyryakdmle7o.cloudfront.net\/wp-content\/uploads\/2023\/05\/Logo-rond.png","contentUrl":"https:\/\/d1dyryakdmle7o.cloudfront.net\/wp-content\/uploads\/2023\/05\/Logo-rond.png","width":1222,"height":1222,"caption":"Jootjes Haakcadeautjes"},"image":{"@id":"https:\/\/www.jootjeshaakcadeautjes.nl\/de\/#\/schema\/logo\/image\/"}}]},"product_price_amount":"0.28","product_price_currency":"EUR","og_availability":"instock","product_availability":"instock","product_retailer_item_id":"SKR-ABC-PRM","product_condition":"new"},"_links":{"self":[{"href":"https:\/\/www.jootjeshaakcadeautjes.nl\/de\/wp-json\/wp\/v2\/product\/178608","targetHints":{"allow":["GET"]}}],"collection":[{"href":"https:\/\/www.jootjeshaakcadeautjes.nl\/de\/wp-json\/wp\/v2\/product"}],"about":[{"href":"https:\/\/www.jootjeshaakcadeautjes.nl\/de\/wp-json\/wp\/v2\/types\/product"}],"version-history":[{"count":0,"href":"https:\/\/www.jootjeshaakcadeautjes.nl\/de\/wp-json\/wp\/v2\/product\/178608\/revisions"}],"wp:featuredmedia":[{"embeddable":true,"href":"https:\/\/www.jootjeshaakcadeautjes.nl\/de\/wp-json\/wp\/v2\/media\/224850"}],"wp:attachment":[{"href":"https:\/\/www.jootjeshaakcadeautjes.nl\/de\/wp-json\/wp\/v2\/media?parent=178608"}],"wp:term":[{"taxonomy":"product_brand","embeddable":true,"href":"https:\/\/www.jootjeshaakcadeautjes.nl\/de\/wp-json\/wp\/v2\/product_brand?post=178608"},{"taxonomy":"product_cat","embeddable":true,"href":"https:\/\/www.jootjeshaakcadeautjes.nl\/de\/wp-json\/wp\/v2\/product_cat?post=178608"},{"taxonomy":"product_tag","embeddable":true,"href":"https:\/\/www.jootjeshaakcadeautjes.nl\/de\/wp-json\/wp\/v2\/product_tag?post=178608"}],"curies":[{"name":"wp","href":"https:\/\/api.w.org\/{rel}","templated":true}]}}