{"id":181524,"date":"2024-11-15T12:44:31","date_gmt":"2024-11-15T10:44:31","guid":{"rendered":"https:\/\/www.jootjeshaakcadeautjes.nl\/?post_type=product&#038;p=181524"},"modified":"2026-03-20T17:02:45","modified_gmt":"2026-03-20T16:02:45","slug":"acryl-kraal-rijgbare-kerst-sier-bel-zilver","status":"publish","type":"product","link":"https:\/\/www.jootjeshaakcadeautjes.nl\/de\/produkt\/acryl-kraal-rijgbare-kerst-sier-bel-zilver\/","title":{"rendered":"Acrylglasperle &#8211; Auff\u00e4delbare dekorative Weihnachtsglocke &#8211; Silber"},"content":{"rendered":"<h2>Acrylglasperle &#8211; Auff\u00e4delbare dekorative Weihnachtsglocke &#8211; Silber<\/h2>\n<p>Kreieren Sie Ihre eigene Weihnachtskreation mit dieser niedlichen Acrylperle in Form einer auff\u00e4delbaren Weihnachtsglocke &#8211; Silber Sch\u00f6n zu kombinieren mit den Silikonperlen For Christmas.<\/p>\n<p>&nbsp;<\/p>\n","protected":false},"excerpt":{"rendered":"<p>Material:Acryl Typ:Auff\u00e4delbare Weihnachtsdeko-Glocke Farbe:Silber<\/p>\n<p>&nbsp;<\/p>\n","protected":false},"featured_media":181709,"template":"","meta":[],"product_brand":[],"product_cat":[18172,7380,17987,7389,6991,7382,7592],"product_tag":[8614,8804,8048,7419,7452,7950,7650,8180,7425,8580,7945,9294,7615,7435,16612],"class_list":{"0":"post-181524","1":"product","2":"type-product","3":"status-publish","4":"has-post-thumbnail","6":"product_cat-andere-perlen-weihnachten","7":"product_cat-herstellung-von-baby-beisspielzeug-materialien-fur-schnuller-und-beisringe","8":"product_cat-siliconen-kralen-kerstmis-de","9":"product_cat-silikonperlen-all-multicoloured-luxury-beads","10":"product_cat-silikonperlen-bpa-frei-grosshandel","11":"product_cat-silikonperlen-feiertage-jahreszeiten","12":"product_cat-silikonperlen-beisring-weihnachten-halloween-und-mehr","13":"product_tag-acryl-de","14":"product_tag-beisringe","15":"product_tag-bieroffner","16":"product_tag-bpa-de","17":"product_tag-bpa-frei","18":"product_tag-jaszipper-de","19":"product_tag-offnen","20":"product_tag-silber-de","21":"product_tag-stift","22":"product_tag-stifte","23":"product_tag-taschenaufhanger-de","24":"product_tag-tortenheber-de","25":"product_tag-weihnachten-de","26":"product_tag-wulst","27":"product_tag-zierglocke","29":"first","30":"instock","31":"taxable","32":"shipping-taxable","33":"purchasable","34":"product-type-simple"},"bundled_by":["229924"],"bundle_stock_status":"instock","bundle_stock_quantity":25,"bundle_virtual":false,"bundle_layout":"","bundle_add_to_cart_form_location":"","bundle_editable_in_cart":false,"bundle_sold_individually_context":"","bundle_item_grouping":"","bundle_min_size":"","bundle_max_size":"","bundle_price":[],"bundled_items":[],"bundle_sell_ids":[],"yoast_head":"<!-- This site is optimized with the Yoast SEO Premium plugin v27.6 (Yoast SEO v27.6) - https:\/\/yoast.com\/product\/yoast-seo-premium-wordpress\/ -->\n<title>Acrylglasperle - Auff\u00e4delbare dekorative Weihnachtsglocke - Silber - Jootjes Haakcadeautjes% | BPA frei | JH.nl<\/title>\n<meta name=\"description\" content=\"Silikonperlen Weihnachtsbaum Gr\u00fcn. Ideal f\u00fcr festliche Kinderwagenschn\u00fcre oder Schnuller, BPA-frei, CE-zertifiziert und kindersicher\" \/>\n<meta name=\"robots\" content=\"index, follow, max-snippet:-1, max-image-preview:large, max-video-preview:-1\" \/>\n<link rel=\"canonical\" href=\"https:\/\/www.jootjeshaakcadeautjes.nl\/de\/produkt\/acryl-kraal-rijgbare-kerst-sier-bel-zilver\/\" \/>\n<meta property=\"og:locale\" content=\"de_DE\" \/>\n<meta property=\"og:type\" content=\"article\" \/>\n<meta property=\"og:title\" content=\"Acrylglasperle - Auff\u00e4delbare dekorative Weihnachtsglocke - Silber\" \/>\n<meta property=\"og:description\" content=\"Silikonperlen Weihnachtsbaum Gr\u00fcn. Ideal f\u00fcr festliche Kinderwagenschn\u00fcre oder Schnuller, BPA-frei, CE-zertifiziert und kindersicher\" \/>\n<meta property=\"og:url\" content=\"https:\/\/www.jootjeshaakcadeautjes.nl\/de\/produkt\/acryl-kraal-rijgbare-kerst-sier-bel-zilver\/\" \/>\n<meta property=\"og:site_name\" content=\"Jootjes Haakcadeautjes\" \/>\n<meta property=\"article:modified_time\" content=\"2026-03-20T16:02:45+00:00\" \/>\n<meta property=\"og:image\" content=\"https:\/\/www.jootjeshaakcadeautjes.nl\/wp-content\/uploads\/2024\/11\/20241114_215259.webp\" \/>\n\t<meta property=\"og:image:width\" content=\"2048\" \/>\n\t<meta property=\"og:image:height\" content=\"2048\" \/>\n\t<meta property=\"og:image:type\" content=\"image\/webp\" \/>\n<meta name=\"twitter:card\" content=\"summary_large_image\" \/>\n<meta name=\"twitter:label1\" content=\"Preis\" \/>\n\t<meta name=\"twitter:data1\" content=\"&euro;0.26 inkl. MwSt.\" \/>\n\t<meta name=\"twitter:label2\" content=\"Verf\u00fcgbarkeit\" \/>\n\t<meta name=\"twitter:data2\" content=\"Auf Lager\" \/>\n<script type=\"application\/ld+json\" class=\"yoast-schema-graph\">{\"@context\":\"https:\\\/\\\/schema.org\",\"@graph\":[{\"@type\":\"WebPage\",\"@id\":\"https:\\\/\\\/www.jootjeshaakcadeautjes.nl\\\/de\\\/produkt\\\/acryl-kraal-rijgbare-kerst-sier-bel-zilver\\\/\",\"url\":\"https:\\\/\\\/www.jootjeshaakcadeautjes.nl\\\/de\\\/produkt\\\/acryl-kraal-rijgbare-kerst-sier-bel-zilver\\\/\",\"name\":\"Acrylglasperle - Auff\u00e4delbare dekorative Weihnachtsglocke - Silber - Jootjes Haakcadeautjes% | BPA frei | JH.nl\",\"isPartOf\":{\"@id\":\"https:\\\/\\\/www.jootjeshaakcadeautjes.nl\\\/de\\\/#website\"},\"primaryImageOfPage\":{\"@id\":\"https:\\\/\\\/www.jootjeshaakcadeautjes.nl\\\/de\\\/produkt\\\/acryl-kraal-rijgbare-kerst-sier-bel-zilver\\\/#primaryimage\"},\"image\":{\"@id\":\"https:\\\/\\\/www.jootjeshaakcadeautjes.nl\\\/de\\\/produkt\\\/acryl-kraal-rijgbare-kerst-sier-bel-zilver\\\/#primaryimage\"},\"thumbnailUrl\":\"https:\\\/\\\/d1dyryakdmle7o.cloudfront.net\\\/wp-content\\\/uploads\\\/2024\\\/11\\\/20241114_215259.webp\",\"datePublished\":\"2024-11-15T10:44:31+00:00\",\"dateModified\":\"2026-03-20T16:02:45+00:00\",\"description\":\"Silikonperlen Weihnachtsbaum Gr\u00fcn. Ideal f\u00fcr festliche Kinderwagenschn\u00fcre oder Schnuller, BPA-frei, CE-zertifiziert und kindersicher\",\"breadcrumb\":{\"@id\":\"https:\\\/\\\/www.jootjeshaakcadeautjes.nl\\\/de\\\/produkt\\\/acryl-kraal-rijgbare-kerst-sier-bel-zilver\\\/#breadcrumb\"},\"inLanguage\":\"de\",\"potentialAction\":[{\"@type\":\"ReadAction\",\"target\":[\"https:\\\/\\\/www.jootjeshaakcadeautjes.nl\\\/de\\\/produkt\\\/acryl-kraal-rijgbare-kerst-sier-bel-zilver\\\/\"]}]},{\"@type\":\"ImageObject\",\"inLanguage\":\"de\",\"@id\":\"https:\\\/\\\/www.jootjeshaakcadeautjes.nl\\\/de\\\/produkt\\\/acryl-kraal-rijgbare-kerst-sier-bel-zilver\\\/#primaryimage\",\"url\":\"https:\\\/\\\/d1dyryakdmle7o.cloudfront.net\\\/wp-content\\\/uploads\\\/2024\\\/11\\\/20241114_215259.webp\",\"contentUrl\":\"https:\\\/\\\/d1dyryakdmle7o.cloudfront.net\\\/wp-content\\\/uploads\\\/2024\\\/11\\\/20241114_215259.webp\",\"width\":2048,\"height\":2048},{\"@type\":\"BreadcrumbList\",\"@id\":\"https:\\\/\\\/www.jootjeshaakcadeautjes.nl\\\/de\\\/produkt\\\/acryl-kraal-rijgbare-kerst-sier-bel-zilver\\\/#breadcrumb\",\"itemListElement\":[{\"@type\":\"ListItem\",\"position\":1,\"name\":\"Startseite\",\"item\":\"https:\\\/\\\/www.jootjeshaakcadeautjes.nl\\\/de\\\/\"},{\"@type\":\"ListItem\",\"position\":2,\"name\":\"Gro\u00dfhandel mit Silikonperlen &#8211; Business und Consumer\",\"item\":\"https:\\\/\\\/www.jootjeshaakcadeautjes.nl\\\/de\\\/shop\\\/\"},{\"@type\":\"ListItem\",\"position\":3,\"name\":\"Acrylglasperle &#8211; Auff\u00e4delbare dekorative Weihnachtsglocke &#8211; Silber\"}]},{\"@type\":\"WebSite\",\"@id\":\"https:\\\/\\\/www.jootjeshaakcadeautjes.nl\\\/de\\\/#website\",\"url\":\"https:\\\/\\\/www.jootjeshaakcadeautjes.nl\\\/de\\\/\",\"name\":\"Jootjes Haakcadeautjes\",\"description\":\"Silikonperlen Gro\u00dfhandel \",\"publisher\":{\"@id\":\"https:\\\/\\\/www.jootjeshaakcadeautjes.nl\\\/de\\\/#organization\"},\"potentialAction\":[{\"@type\":\"SearchAction\",\"target\":{\"@type\":\"EntryPoint\",\"urlTemplate\":\"https:\\\/\\\/www.jootjeshaakcadeautjes.nl\\\/de\\\/?s={search_term_string}\"},\"query-input\":{\"@type\":\"PropertyValueSpecification\",\"valueRequired\":true,\"valueName\":\"search_term_string\"}}],\"inLanguage\":\"de\"},{\"@type\":\"Organization\",\"@id\":\"https:\\\/\\\/www.jootjeshaakcadeautjes.nl\\\/de\\\/#organization\",\"name\":\"Jootjes Haakcadeautjes\",\"url\":\"https:\\\/\\\/www.jootjeshaakcadeautjes.nl\\\/de\\\/\",\"logo\":{\"@type\":\"ImageObject\",\"inLanguage\":\"de\",\"@id\":\"https:\\\/\\\/www.jootjeshaakcadeautjes.nl\\\/de\\\/#\\\/schema\\\/logo\\\/image\\\/\",\"url\":\"https:\\\/\\\/d1dyryakdmle7o.cloudfront.net\\\/wp-content\\\/uploads\\\/2023\\\/05\\\/Logo-rond.png\",\"contentUrl\":\"https:\\\/\\\/d1dyryakdmle7o.cloudfront.net\\\/wp-content\\\/uploads\\\/2023\\\/05\\\/Logo-rond.png\",\"width\":1222,\"height\":1222,\"caption\":\"Jootjes Haakcadeautjes\"},\"image\":{\"@id\":\"https:\\\/\\\/www.jootjeshaakcadeautjes.nl\\\/de\\\/#\\\/schema\\\/logo\\\/image\\\/\"}}]}<\/script>\n<meta property=\"product:price:amount\" content=\"0.26\" \/>\n<meta property=\"product:price:currency\" content=\"EUR\" \/>\n<meta property=\"og:availability\" content=\"instock\" \/>\n<meta property=\"product:availability\" content=\"instock\" \/>\n<meta property=\"product:retailer_item_id\" content=\"ACR-RBS-ZIL\" \/>\n<meta property=\"product:condition\" content=\"new\" \/>\n<!-- \/ Yoast SEO Premium plugin. -->","yoast_head_json":{"title":"Acrylglasperle - Auff\u00e4delbare dekorative Weihnachtsglocke - Silber - Jootjes Haakcadeautjes% | BPA frei | JH.nl","description":"Silikonperlen Weihnachtsbaum Gr\u00fcn. Ideal f\u00fcr festliche Kinderwagenschn\u00fcre oder Schnuller, BPA-frei, CE-zertifiziert und kindersicher","robots":{"index":"index","follow":"follow","max-snippet":"max-snippet:-1","max-image-preview":"max-image-preview:large","max-video-preview":"max-video-preview:-1"},"canonical":"https:\/\/www.jootjeshaakcadeautjes.nl\/de\/produkt\/acryl-kraal-rijgbare-kerst-sier-bel-zilver\/","og_locale":"de_DE","og_type":"article","og_title":"Acrylglasperle - Auff\u00e4delbare dekorative Weihnachtsglocke - Silber","og_description":"Silikonperlen Weihnachtsbaum Gr\u00fcn. Ideal f\u00fcr festliche Kinderwagenschn\u00fcre oder Schnuller, BPA-frei, CE-zertifiziert und kindersicher","og_url":"https:\/\/www.jootjeshaakcadeautjes.nl\/de\/produkt\/acryl-kraal-rijgbare-kerst-sier-bel-zilver\/","og_site_name":"Jootjes Haakcadeautjes","article_modified_time":"2026-03-20T16:02:45+00:00","og_image":[{"width":2048,"height":2048,"url":"https:\/\/www.jootjeshaakcadeautjes.nl\/wp-content\/uploads\/2024\/11\/20241114_215259.webp","type":"image\/webp"}],"twitter_card":"summary_large_image","twitter_misc":{"Preis":"&euro;0.26 inkl. MwSt.","Verf\u00fcgbarkeit":"Auf Lager"},"schema":{"@context":"https:\/\/schema.org","@graph":[{"@type":"WebPage","@id":"https:\/\/www.jootjeshaakcadeautjes.nl\/de\/produkt\/acryl-kraal-rijgbare-kerst-sier-bel-zilver\/","url":"https:\/\/www.jootjeshaakcadeautjes.nl\/de\/produkt\/acryl-kraal-rijgbare-kerst-sier-bel-zilver\/","name":"Acrylglasperle - Auff\u00e4delbare dekorative Weihnachtsglocke - Silber - Jootjes Haakcadeautjes% | BPA frei | JH.nl","isPartOf":{"@id":"https:\/\/www.jootjeshaakcadeautjes.nl\/de\/#website"},"primaryImageOfPage":{"@id":"https:\/\/www.jootjeshaakcadeautjes.nl\/de\/produkt\/acryl-kraal-rijgbare-kerst-sier-bel-zilver\/#primaryimage"},"image":{"@id":"https:\/\/www.jootjeshaakcadeautjes.nl\/de\/produkt\/acryl-kraal-rijgbare-kerst-sier-bel-zilver\/#primaryimage"},"thumbnailUrl":"https:\/\/d1dyryakdmle7o.cloudfront.net\/wp-content\/uploads\/2024\/11\/20241114_215259.webp","datePublished":"2024-11-15T10:44:31+00:00","dateModified":"2026-03-20T16:02:45+00:00","description":"Silikonperlen Weihnachtsbaum Gr\u00fcn. Ideal f\u00fcr festliche Kinderwagenschn\u00fcre oder Schnuller, BPA-frei, CE-zertifiziert und kindersicher","breadcrumb":{"@id":"https:\/\/www.jootjeshaakcadeautjes.nl\/de\/produkt\/acryl-kraal-rijgbare-kerst-sier-bel-zilver\/#breadcrumb"},"inLanguage":"de","potentialAction":[{"@type":"ReadAction","target":["https:\/\/www.jootjeshaakcadeautjes.nl\/de\/produkt\/acryl-kraal-rijgbare-kerst-sier-bel-zilver\/"]}]},{"@type":"ImageObject","inLanguage":"de","@id":"https:\/\/www.jootjeshaakcadeautjes.nl\/de\/produkt\/acryl-kraal-rijgbare-kerst-sier-bel-zilver\/#primaryimage","url":"https:\/\/d1dyryakdmle7o.cloudfront.net\/wp-content\/uploads\/2024\/11\/20241114_215259.webp","contentUrl":"https:\/\/d1dyryakdmle7o.cloudfront.net\/wp-content\/uploads\/2024\/11\/20241114_215259.webp","width":2048,"height":2048},{"@type":"BreadcrumbList","@id":"https:\/\/www.jootjeshaakcadeautjes.nl\/de\/produkt\/acryl-kraal-rijgbare-kerst-sier-bel-zilver\/#breadcrumb","itemListElement":[{"@type":"ListItem","position":1,"name":"Startseite","item":"https:\/\/www.jootjeshaakcadeautjes.nl\/de\/"},{"@type":"ListItem","position":2,"name":"Gro\u00dfhandel mit Silikonperlen &#8211; Business und Consumer","item":"https:\/\/www.jootjeshaakcadeautjes.nl\/de\/shop\/"},{"@type":"ListItem","position":3,"name":"Acrylglasperle &#8211; Auff\u00e4delbare dekorative Weihnachtsglocke &#8211; Silber"}]},{"@type":"WebSite","@id":"https:\/\/www.jootjeshaakcadeautjes.nl\/de\/#website","url":"https:\/\/www.jootjeshaakcadeautjes.nl\/de\/","name":"Jootjes Haakcadeautjes","description":"Silikonperlen Gro\u00dfhandel ","publisher":{"@id":"https:\/\/www.jootjeshaakcadeautjes.nl\/de\/#organization"},"potentialAction":[{"@type":"SearchAction","target":{"@type":"EntryPoint","urlTemplate":"https:\/\/www.jootjeshaakcadeautjes.nl\/de\/?s={search_term_string}"},"query-input":{"@type":"PropertyValueSpecification","valueRequired":true,"valueName":"search_term_string"}}],"inLanguage":"de"},{"@type":"Organization","@id":"https:\/\/www.jootjeshaakcadeautjes.nl\/de\/#organization","name":"Jootjes Haakcadeautjes","url":"https:\/\/www.jootjeshaakcadeautjes.nl\/de\/","logo":{"@type":"ImageObject","inLanguage":"de","@id":"https:\/\/www.jootjeshaakcadeautjes.nl\/de\/#\/schema\/logo\/image\/","url":"https:\/\/d1dyryakdmle7o.cloudfront.net\/wp-content\/uploads\/2023\/05\/Logo-rond.png","contentUrl":"https:\/\/d1dyryakdmle7o.cloudfront.net\/wp-content\/uploads\/2023\/05\/Logo-rond.png","width":1222,"height":1222,"caption":"Jootjes Haakcadeautjes"},"image":{"@id":"https:\/\/www.jootjeshaakcadeautjes.nl\/de\/#\/schema\/logo\/image\/"}}]},"product_price_amount":"0.26","product_price_currency":"EUR","og_availability":"instock","product_availability":"instock","product_retailer_item_id":"ACR-RBS-ZIL","product_condition":"new"},"_links":{"self":[{"href":"https:\/\/www.jootjeshaakcadeautjes.nl\/de\/wp-json\/wp\/v2\/product\/181524","targetHints":{"allow":["GET"]}}],"collection":[{"href":"https:\/\/www.jootjeshaakcadeautjes.nl\/de\/wp-json\/wp\/v2\/product"}],"about":[{"href":"https:\/\/www.jootjeshaakcadeautjes.nl\/de\/wp-json\/wp\/v2\/types\/product"}],"version-history":[{"count":0,"href":"https:\/\/www.jootjeshaakcadeautjes.nl\/de\/wp-json\/wp\/v2\/product\/181524\/revisions"}],"wp:featuredmedia":[{"embeddable":true,"href":"https:\/\/www.jootjeshaakcadeautjes.nl\/de\/wp-json\/wp\/v2\/media\/181709"}],"wp:attachment":[{"href":"https:\/\/www.jootjeshaakcadeautjes.nl\/de\/wp-json\/wp\/v2\/media?parent=181524"}],"wp:term":[{"taxonomy":"product_brand","embeddable":true,"href":"https:\/\/www.jootjeshaakcadeautjes.nl\/de\/wp-json\/wp\/v2\/product_brand?post=181524"},{"taxonomy":"product_cat","embeddable":true,"href":"https:\/\/www.jootjeshaakcadeautjes.nl\/de\/wp-json\/wp\/v2\/product_cat?post=181524"},{"taxonomy":"product_tag","embeddable":true,"href":"https:\/\/www.jootjeshaakcadeautjes.nl\/de\/wp-json\/wp\/v2\/product_tag?post=181524"}],"curies":[{"name":"wp","href":"https:\/\/api.w.org\/{rel}","templated":true}]}}