{"id":182644,"date":"2024-11-18T22:23:36","date_gmt":"2024-11-18T20:23:36","guid":{"rendered":"https:\/\/www.jootjeshaakcadeautjes.nl\/?post_type=product&#038;p=182644"},"modified":"2026-03-04T16:13:33","modified_gmt":"2026-03-04T15:13:33","slug":"belletje-12-mm-deep-sky-blue-per-stuk","status":"publish","type":"product","link":"https:\/\/www.jootjeshaakcadeautjes.nl\/de\/produkt\/belletje-12-mm-deep-sky-blue-per-stuk\/","title":{"rendered":"Glocke &#8211; 12 mm &#8211; Tiefes Himmelblau &#8211; Pro St\u00fcck"},"content":{"rendered":"<h2>Spezifikationen:<\/h2>\n<ul>\n<li>Farbe: Deep Sky Blue Gr\u00f6\u00dfe: 12 mm mit Befestigungsring<\/li>\n<li>Einzeln verkauft<\/li>\n<\/ul>\n<h3>Wozu werden diese Blasen h\u00e4ufig verwendet?<\/h3>\n<p>Die blauen Glocken werden h\u00e4ufig zur Verzierung von geh\u00e4kelten Amigurumi verwendet. Daher werden diese Glocken in den Entw\u00fcrfen von Kristel Droog h\u00e4ufig verwendet. Unter anderem in ihrem Buch: &#8220;My Cuddles from Sock Wool&#8221; (H\u00e4kelmuster Schaf Mollie und K\u00e4tzchen Mauw) und ihre B\u00fccher &#8220;My Dogs from Sock Wool&#8221; und &#8220;My Dogs from Sock Wool 2&#8221;. Die geh\u00e4kelten Hunde haben oft ein Halsband, zu dem eine Glocke eine sch\u00f6ne Erg\u00e4nzung ist.<\/p>\n<p>Au\u00dferdem werden Glocken beim H\u00e4keln verwendet.<\/p>\n<h3>Wozu werden diese Blasen h\u00e4ufig verwendet?<\/h3>\n<p>DISCLAIMER: Wir raten zun\u00e4chst von der Verwendung von Gl\u00f6ckchen in Babyspielzeug ab. Wenn sie trotzdem verwendet werden, achten Sie auf die Befestigung. Die Blasen sind klein und rund und lassen sich leichter abl\u00f6sen. Dar\u00fcber hinaus k\u00f6nnen sie sich bei hohem Druck verformen (innen hohl). Jootjes Haakcadeautjes haftet nicht f\u00fcr Sch\u00e4den, die durch den Gebrauch des Endprodukts entstehen. Nur unter strenger Aufsicht eines verantwortlichen Erwachsenen verwenden.<\/p>\n<p>&nbsp;<\/p>\n","protected":false},"excerpt":{"rendered":"<p>Farbe: Deep Sky Blue, mit Befestigungsring. Gr\u00f6\u00dfe: 12 mm Verkauft pro St\u00fcck. Wird unter anderem zum Verzieren von Amigurumi und beim H\u00e4keln verwendet. Lesen Sie unseren Haftungsausschluss am Ende der Seite.<\/p>\n<p>&nbsp;<\/p>\n","protected":false},"featured_media":183161,"template":"","meta":[],"product_brand":[],"product_cat":[8247,8821],"product_tag":[7531,7550,8305,9172,9543,9175,9915,7397,8822,8219],"class_list":{"0":"post-182644","1":"product","2":"type-product","3":"status-publish","4":"has-post-thumbnail","6":"product_cat-bastelmaterial-hakelzubehor","7":"product_cat-rasselscheiben-rasselperlen-quietscher-knisterfolie-und-glockchen","8":"product_tag-12-de","9":"product_tag-12-mm-de","10":"product_tag-amigurumi-de","11":"product_tag-aufrufen","12":"product_tag-babyspielzeug","13":"product_tag-glocke","14":"product_tag-klang-de","15":"product_tag-mm-de","16":"product_tag-rassel","17":"product_tag-tiefes-himmelblau","19":"first","20":"instock","21":"taxable","22":"shipping-taxable","23":"purchasable","24":"product-type-simple"},"bundled_by":[],"bundle_stock_status":"instock","bundle_stock_quantity":5,"bundle_virtual":false,"bundle_layout":"","bundle_add_to_cart_form_location":"","bundle_editable_in_cart":false,"bundle_sold_individually_context":"","bundle_item_grouping":"","bundle_min_size":"","bundle_max_size":"","bundle_price":[],"bundled_items":[],"bundle_sell_ids":[],"yoast_head":"<!-- This site is optimized with the Yoast SEO Premium plugin v27.6 (Yoast SEO v27.6) - https:\/\/yoast.com\/product\/yoast-seo-premium-wordpress\/ -->\n<title>Glocke - 12 mm - Tiefes Himmelblau - Pro St\u00fcck - |Jootjes.co.uk<\/title>\n<meta name=\"description\" content=\"Glocke, Clown- oder Joker-Puppenrassel, Amigurumi, Schnullerschnur oder Kinderwagenaufh\u00e4nger. Klarer Klang, blei- und bpa-frei. Silber\" \/>\n<meta name=\"robots\" content=\"index, follow, max-snippet:-1, max-image-preview:large, max-video-preview:-1\" \/>\n<link rel=\"canonical\" href=\"https:\/\/www.jootjeshaakcadeautjes.nl\/de\/produkt\/belletje-12-mm-deep-sky-blue-per-stuk\/\" \/>\n<meta property=\"og:locale\" content=\"de_DE\" \/>\n<meta property=\"og:type\" content=\"article\" \/>\n<meta property=\"og:title\" content=\"Glocke - 12 mm - Tiefes Himmelblau - Pro St\u00fcck\" \/>\n<meta property=\"og:description\" content=\"Glocke, Clown- oder Joker-Puppenrassel, Amigurumi, Schnullerschnur oder Kinderwagenaufh\u00e4nger. Klarer Klang, blei- und bpa-frei. Silber\" \/>\n<meta property=\"og:url\" content=\"https:\/\/www.jootjeshaakcadeautjes.nl\/de\/produkt\/belletje-12-mm-deep-sky-blue-per-stuk\/\" \/>\n<meta property=\"og:site_name\" content=\"Jootjes Haakcadeautjes\" \/>\n<meta property=\"article:modified_time\" content=\"2026-03-04T15:13:33+00:00\" \/>\n<meta property=\"og:image\" content=\"https:\/\/www.jootjeshaakcadeautjes.nl\/wp-content\/uploads\/2024\/11\/20241119_095955.webp\" \/>\n\t<meta property=\"og:image:width\" content=\"2048\" \/>\n\t<meta property=\"og:image:height\" content=\"2048\" \/>\n\t<meta property=\"og:image:type\" content=\"image\/webp\" \/>\n<meta name=\"twitter:card\" content=\"summary_large_image\" \/>\n<meta name=\"twitter:label1\" content=\"Preis\" \/>\n\t<meta name=\"twitter:data1\" content=\"&euro;0.25 inkl. MwSt.\" \/>\n\t<meta name=\"twitter:label2\" content=\"Verf\u00fcgbarkeit\" \/>\n\t<meta name=\"twitter:data2\" content=\"Auf Lager\" \/>\n<script type=\"application\/ld+json\" class=\"yoast-schema-graph\">{\"@context\":\"https:\\\/\\\/schema.org\",\"@graph\":[{\"@type\":\"WebPage\",\"@id\":\"https:\\\/\\\/www.jootjeshaakcadeautjes.nl\\\/de\\\/produkt\\\/belletje-12-mm-deep-sky-blue-per-stuk\\\/\",\"url\":\"https:\\\/\\\/www.jootjeshaakcadeautjes.nl\\\/de\\\/produkt\\\/belletje-12-mm-deep-sky-blue-per-stuk\\\/\",\"name\":\"Glocke - 12 mm - Tiefes Himmelblau - Pro St\u00fcck - |Jootjes.co.uk\",\"isPartOf\":{\"@id\":\"https:\\\/\\\/www.jootjeshaakcadeautjes.nl\\\/de\\\/#website\"},\"primaryImageOfPage\":{\"@id\":\"https:\\\/\\\/www.jootjeshaakcadeautjes.nl\\\/de\\\/produkt\\\/belletje-12-mm-deep-sky-blue-per-stuk\\\/#primaryimage\"},\"image\":{\"@id\":\"https:\\\/\\\/www.jootjeshaakcadeautjes.nl\\\/de\\\/produkt\\\/belletje-12-mm-deep-sky-blue-per-stuk\\\/#primaryimage\"},\"thumbnailUrl\":\"https:\\\/\\\/d1dyryakdmle7o.cloudfront.net\\\/wp-content\\\/uploads\\\/2024\\\/11\\\/20241119_095955.webp\",\"datePublished\":\"2024-11-18T20:23:36+00:00\",\"dateModified\":\"2026-03-04T15:13:33+00:00\",\"description\":\"Glocke, Clown- oder Joker-Puppenrassel, Amigurumi, Schnullerschnur oder Kinderwagenaufh\u00e4nger. Klarer Klang, blei- und bpa-frei. Silber\",\"breadcrumb\":{\"@id\":\"https:\\\/\\\/www.jootjeshaakcadeautjes.nl\\\/de\\\/produkt\\\/belletje-12-mm-deep-sky-blue-per-stuk\\\/#breadcrumb\"},\"inLanguage\":\"de\",\"potentialAction\":[{\"@type\":\"ReadAction\",\"target\":[\"https:\\\/\\\/www.jootjeshaakcadeautjes.nl\\\/de\\\/produkt\\\/belletje-12-mm-deep-sky-blue-per-stuk\\\/\"]}]},{\"@type\":\"ImageObject\",\"inLanguage\":\"de\",\"@id\":\"https:\\\/\\\/www.jootjeshaakcadeautjes.nl\\\/de\\\/produkt\\\/belletje-12-mm-deep-sky-blue-per-stuk\\\/#primaryimage\",\"url\":\"https:\\\/\\\/d1dyryakdmle7o.cloudfront.net\\\/wp-content\\\/uploads\\\/2024\\\/11\\\/20241119_095955.webp\",\"contentUrl\":\"https:\\\/\\\/d1dyryakdmle7o.cloudfront.net\\\/wp-content\\\/uploads\\\/2024\\\/11\\\/20241119_095955.webp\",\"width\":2048,\"height\":2048},{\"@type\":\"BreadcrumbList\",\"@id\":\"https:\\\/\\\/www.jootjeshaakcadeautjes.nl\\\/de\\\/produkt\\\/belletje-12-mm-deep-sky-blue-per-stuk\\\/#breadcrumb\",\"itemListElement\":[{\"@type\":\"ListItem\",\"position\":1,\"name\":\"Startseite\",\"item\":\"https:\\\/\\\/www.jootjeshaakcadeautjes.nl\\\/de\\\/\"},{\"@type\":\"ListItem\",\"position\":2,\"name\":\"Gro\u00dfhandel mit Silikonperlen &#8211; Business und Consumer\",\"item\":\"https:\\\/\\\/www.jootjeshaakcadeautjes.nl\\\/de\\\/shop\\\/\"},{\"@type\":\"ListItem\",\"position\":3,\"name\":\"Glocke &#8211; 12 mm &#8211; Tiefes Himmelblau &#8211; Pro St\u00fcck\"}]},{\"@type\":\"WebSite\",\"@id\":\"https:\\\/\\\/www.jootjeshaakcadeautjes.nl\\\/de\\\/#website\",\"url\":\"https:\\\/\\\/www.jootjeshaakcadeautjes.nl\\\/de\\\/\",\"name\":\"Jootjes Haakcadeautjes\",\"description\":\"Silikonperlen Gro\u00dfhandel \",\"publisher\":{\"@id\":\"https:\\\/\\\/www.jootjeshaakcadeautjes.nl\\\/de\\\/#organization\"},\"potentialAction\":[{\"@type\":\"SearchAction\",\"target\":{\"@type\":\"EntryPoint\",\"urlTemplate\":\"https:\\\/\\\/www.jootjeshaakcadeautjes.nl\\\/de\\\/?s={search_term_string}\"},\"query-input\":{\"@type\":\"PropertyValueSpecification\",\"valueRequired\":true,\"valueName\":\"search_term_string\"}}],\"inLanguage\":\"de\"},{\"@type\":\"Organization\",\"@id\":\"https:\\\/\\\/www.jootjeshaakcadeautjes.nl\\\/de\\\/#organization\",\"name\":\"Jootjes Haakcadeautjes\",\"url\":\"https:\\\/\\\/www.jootjeshaakcadeautjes.nl\\\/de\\\/\",\"logo\":{\"@type\":\"ImageObject\",\"inLanguage\":\"de\",\"@id\":\"https:\\\/\\\/www.jootjeshaakcadeautjes.nl\\\/de\\\/#\\\/schema\\\/logo\\\/image\\\/\",\"url\":\"https:\\\/\\\/d1dyryakdmle7o.cloudfront.net\\\/wp-content\\\/uploads\\\/2023\\\/05\\\/Logo-rond.png\",\"contentUrl\":\"https:\\\/\\\/d1dyryakdmle7o.cloudfront.net\\\/wp-content\\\/uploads\\\/2023\\\/05\\\/Logo-rond.png\",\"width\":1222,\"height\":1222,\"caption\":\"Jootjes Haakcadeautjes\"},\"image\":{\"@id\":\"https:\\\/\\\/www.jootjeshaakcadeautjes.nl\\\/de\\\/#\\\/schema\\\/logo\\\/image\\\/\"}}]}<\/script>\n<meta property=\"product:price:amount\" content=\"0.25\" \/>\n<meta property=\"product:price:currency\" content=\"EUR\" \/>\n<meta property=\"og:availability\" content=\"instock\" \/>\n<meta property=\"product:availability\" content=\"instock\" \/>\n<meta property=\"product:retailer_item_id\" content=\"BEL-DSB-12M\" \/>\n<meta property=\"product:condition\" content=\"new\" \/>\n<!-- \/ Yoast SEO Premium plugin. -->","yoast_head_json":{"title":"Glocke - 12 mm - Tiefes Himmelblau - Pro St\u00fcck - |Jootjes.co.uk","description":"Glocke, Clown- oder Joker-Puppenrassel, Amigurumi, Schnullerschnur oder Kinderwagenaufh\u00e4nger. Klarer Klang, blei- und bpa-frei. Silber","robots":{"index":"index","follow":"follow","max-snippet":"max-snippet:-1","max-image-preview":"max-image-preview:large","max-video-preview":"max-video-preview:-1"},"canonical":"https:\/\/www.jootjeshaakcadeautjes.nl\/de\/produkt\/belletje-12-mm-deep-sky-blue-per-stuk\/","og_locale":"de_DE","og_type":"article","og_title":"Glocke - 12 mm - Tiefes Himmelblau - Pro St\u00fcck","og_description":"Glocke, Clown- oder Joker-Puppenrassel, Amigurumi, Schnullerschnur oder Kinderwagenaufh\u00e4nger. Klarer Klang, blei- und bpa-frei. Silber","og_url":"https:\/\/www.jootjeshaakcadeautjes.nl\/de\/produkt\/belletje-12-mm-deep-sky-blue-per-stuk\/","og_site_name":"Jootjes Haakcadeautjes","article_modified_time":"2026-03-04T15:13:33+00:00","og_image":[{"width":2048,"height":2048,"url":"https:\/\/www.jootjeshaakcadeautjes.nl\/wp-content\/uploads\/2024\/11\/20241119_095955.webp","type":"image\/webp"}],"twitter_card":"summary_large_image","twitter_misc":{"Preis":"&euro;0.25 inkl. MwSt.","Verf\u00fcgbarkeit":"Auf Lager"},"schema":{"@context":"https:\/\/schema.org","@graph":[{"@type":"WebPage","@id":"https:\/\/www.jootjeshaakcadeautjes.nl\/de\/produkt\/belletje-12-mm-deep-sky-blue-per-stuk\/","url":"https:\/\/www.jootjeshaakcadeautjes.nl\/de\/produkt\/belletje-12-mm-deep-sky-blue-per-stuk\/","name":"Glocke - 12 mm - Tiefes Himmelblau - Pro St\u00fcck - |Jootjes.co.uk","isPartOf":{"@id":"https:\/\/www.jootjeshaakcadeautjes.nl\/de\/#website"},"primaryImageOfPage":{"@id":"https:\/\/www.jootjeshaakcadeautjes.nl\/de\/produkt\/belletje-12-mm-deep-sky-blue-per-stuk\/#primaryimage"},"image":{"@id":"https:\/\/www.jootjeshaakcadeautjes.nl\/de\/produkt\/belletje-12-mm-deep-sky-blue-per-stuk\/#primaryimage"},"thumbnailUrl":"https:\/\/d1dyryakdmle7o.cloudfront.net\/wp-content\/uploads\/2024\/11\/20241119_095955.webp","datePublished":"2024-11-18T20:23:36+00:00","dateModified":"2026-03-04T15:13:33+00:00","description":"Glocke, Clown- oder Joker-Puppenrassel, Amigurumi, Schnullerschnur oder Kinderwagenaufh\u00e4nger. Klarer Klang, blei- und bpa-frei. Silber","breadcrumb":{"@id":"https:\/\/www.jootjeshaakcadeautjes.nl\/de\/produkt\/belletje-12-mm-deep-sky-blue-per-stuk\/#breadcrumb"},"inLanguage":"de","potentialAction":[{"@type":"ReadAction","target":["https:\/\/www.jootjeshaakcadeautjes.nl\/de\/produkt\/belletje-12-mm-deep-sky-blue-per-stuk\/"]}]},{"@type":"ImageObject","inLanguage":"de","@id":"https:\/\/www.jootjeshaakcadeautjes.nl\/de\/produkt\/belletje-12-mm-deep-sky-blue-per-stuk\/#primaryimage","url":"https:\/\/d1dyryakdmle7o.cloudfront.net\/wp-content\/uploads\/2024\/11\/20241119_095955.webp","contentUrl":"https:\/\/d1dyryakdmle7o.cloudfront.net\/wp-content\/uploads\/2024\/11\/20241119_095955.webp","width":2048,"height":2048},{"@type":"BreadcrumbList","@id":"https:\/\/www.jootjeshaakcadeautjes.nl\/de\/produkt\/belletje-12-mm-deep-sky-blue-per-stuk\/#breadcrumb","itemListElement":[{"@type":"ListItem","position":1,"name":"Startseite","item":"https:\/\/www.jootjeshaakcadeautjes.nl\/de\/"},{"@type":"ListItem","position":2,"name":"Gro\u00dfhandel mit Silikonperlen &#8211; Business und Consumer","item":"https:\/\/www.jootjeshaakcadeautjes.nl\/de\/shop\/"},{"@type":"ListItem","position":3,"name":"Glocke &#8211; 12 mm &#8211; Tiefes Himmelblau &#8211; Pro St\u00fcck"}]},{"@type":"WebSite","@id":"https:\/\/www.jootjeshaakcadeautjes.nl\/de\/#website","url":"https:\/\/www.jootjeshaakcadeautjes.nl\/de\/","name":"Jootjes Haakcadeautjes","description":"Silikonperlen Gro\u00dfhandel ","publisher":{"@id":"https:\/\/www.jootjeshaakcadeautjes.nl\/de\/#organization"},"potentialAction":[{"@type":"SearchAction","target":{"@type":"EntryPoint","urlTemplate":"https:\/\/www.jootjeshaakcadeautjes.nl\/de\/?s={search_term_string}"},"query-input":{"@type":"PropertyValueSpecification","valueRequired":true,"valueName":"search_term_string"}}],"inLanguage":"de"},{"@type":"Organization","@id":"https:\/\/www.jootjeshaakcadeautjes.nl\/de\/#organization","name":"Jootjes Haakcadeautjes","url":"https:\/\/www.jootjeshaakcadeautjes.nl\/de\/","logo":{"@type":"ImageObject","inLanguage":"de","@id":"https:\/\/www.jootjeshaakcadeautjes.nl\/de\/#\/schema\/logo\/image\/","url":"https:\/\/d1dyryakdmle7o.cloudfront.net\/wp-content\/uploads\/2023\/05\/Logo-rond.png","contentUrl":"https:\/\/d1dyryakdmle7o.cloudfront.net\/wp-content\/uploads\/2023\/05\/Logo-rond.png","width":1222,"height":1222,"caption":"Jootjes Haakcadeautjes"},"image":{"@id":"https:\/\/www.jootjeshaakcadeautjes.nl\/de\/#\/schema\/logo\/image\/"}}]},"product_price_amount":"0.25","product_price_currency":"EUR","og_availability":"instock","product_availability":"instock","product_retailer_item_id":"BEL-DSB-12M","product_condition":"new"},"_links":{"self":[{"href":"https:\/\/www.jootjeshaakcadeautjes.nl\/de\/wp-json\/wp\/v2\/product\/182644","targetHints":{"allow":["GET"]}}],"collection":[{"href":"https:\/\/www.jootjeshaakcadeautjes.nl\/de\/wp-json\/wp\/v2\/product"}],"about":[{"href":"https:\/\/www.jootjeshaakcadeautjes.nl\/de\/wp-json\/wp\/v2\/types\/product"}],"version-history":[{"count":0,"href":"https:\/\/www.jootjeshaakcadeautjes.nl\/de\/wp-json\/wp\/v2\/product\/182644\/revisions"}],"wp:featuredmedia":[{"embeddable":true,"href":"https:\/\/www.jootjeshaakcadeautjes.nl\/de\/wp-json\/wp\/v2\/media\/183161"}],"wp:attachment":[{"href":"https:\/\/www.jootjeshaakcadeautjes.nl\/de\/wp-json\/wp\/v2\/media?parent=182644"}],"wp:term":[{"taxonomy":"product_brand","embeddable":true,"href":"https:\/\/www.jootjeshaakcadeautjes.nl\/de\/wp-json\/wp\/v2\/product_brand?post=182644"},{"taxonomy":"product_cat","embeddable":true,"href":"https:\/\/www.jootjeshaakcadeautjes.nl\/de\/wp-json\/wp\/v2\/product_cat?post=182644"},{"taxonomy":"product_tag","embeddable":true,"href":"https:\/\/www.jootjeshaakcadeautjes.nl\/de\/wp-json\/wp\/v2\/product_tag?post=182644"}],"curies":[{"name":"wp","href":"https:\/\/api.w.org\/{rel}","templated":true}]}}