{"id":184224,"date":"2025-05-13T09:35:42","date_gmt":"2025-05-13T07:35:42","guid":{"rendered":"https:\/\/www.jootjeshaakcadeautjes.nl\/?post_type=product&#038;p=184224"},"modified":"2025-05-16T15:24:38","modified_gmt":"2025-05-16T13:24:38","slug":"siliconen-kraal-3d-knuffelbeer-steenrood","status":"publish","type":"product","link":"https:\/\/www.jootjeshaakcadeautjes.nl\/de\/produkt\/siliconen-kraal-3d-knuffelbeer-steenrood\/","title":{"rendered":"Silikonperle &#8211; 3D &#8211; Teddyb\u00e4r &#8211; Mattes Rot"},"content":{"rendered":"<h3>Silikonperle &#8211; 3D &#8211; Teddyb\u00e4r &#8211; Mattes Rot<\/h3>\n<p>Die Silikonperle in Form eines 3D &#8211; Teddyb\u00e4ren &#8211; Mattes Rot ist aus BPA-freiem Silikon hergestellt. Das bedeutet, dass die Produkte als sicher f\u00fcr die Verwendung in Kinderspielzeug befunden wurden. Die Silikonanwendung enth\u00e4lt keine sch\u00e4dlichen Substanzen. Unsere Produkte erf\u00fcllen daher alle erforderlichen Zertifizierungen. Achten Sie immer auf die Abnutzung von Spielzeug und werfen Sie es gegebenenfalls weg. Dies gilt f\u00fcr jede Art von Babyspielzeug.<\/p>\n<p>Ein Kind lernt zun\u00e4chst viel mit seinen Sinnen. Daher ist es klug, nach folgenden Punkten zu variieren: <\/p>\n<ul>\n<li>Material\n<ul>\n<li>Silikon<\/li>\n<li>H\u00f6lzernes<\/li>\n<li>Geh\u00e4keltes Garn.\n<ul>\n<li>Normalerweise wird Baumwollgarn verwendet, da es weniger flauschig ist. Kinder bekommen dann keine Fasern davon ab. <\/li>\n<\/ul>\n<\/li>\n<\/ul>\n<\/li>\n<li>Textur\/Relief\n<ul>\n<li>Alle unsere Silikonprodukte haben ein eigenes Relief, sowohl auf der Vorder- als auch auf der R\u00fcckseite.<\/li>\n<li>Holz, Silikon und Garn haben ohnehin alle ihre eigene Haptik und Textur.<\/li>\n<\/ul>\n<\/li>\n<li>Formen: rund, geometrisch, oval, verschiedene Tiere, Ringe.<\/li>\n<li>Visuell:\n<ul>\n<li>Verschiedene Formen<\/li>\n<li>Verschiedene Farben<\/li>\n<\/ul>\n<\/li>\n<\/ul>\n<p>Silikonapplikationen werden ebenso wie Holzapplikationen h\u00e4ufig f\u00fcr die Herstellung von handgefertigtem Babyspielzeug verwendet. Die Applikationen lassen sich gut mit unseren Silikonperlen kombinieren. <\/p>\n<p>&nbsp;<\/p>\n","protected":false},"excerpt":{"rendered":"<p>Variante: 3D &#8211; Teddyb\u00e4r &#8211; Mattes Rot<\/p>\n<p>Hergestellt aus BPA-freiem Silikon. Vollst\u00e4ndig chemisch sicherheitsgepr\u00fcft nach EN-71, 100% kindersicher. <\/p>\n<p>Weitere Informationen zur Verwendung finden Sie am Ende der Seite.<\/p>\n","protected":false},"featured_media":226349,"template":"","meta":[],"product_brand":[],"product_cat":[7380,7389,7541,8060,6991,8059],"product_tag":[8068,7510,7385,8061,7419,7901,7464,7416,7992,7986,7442,7451,7214,7211,8065,9618,7988,8419],"class_list":{"0":"post-184224","1":"product","2":"type-product","3":"status-publish","4":"has-post-thumbnail","6":"product_cat-herstellung-von-baby-beisspielzeug-materialien-fur-schnuller-und-beisringe","7":"product_cat-silikonperlen-all-multicoloured-luxury-beads","8":"product_cat-silikonperlen-alle-tiere","9":"product_cat-silikonperlen-andere-tiere","10":"product_cat-silikonperlen-bpa-frei-grosshandel","11":"product_cat-silikonperlen-dschungel-wald-safari-tiere","12":"product_tag-3d-de","13":"product_tag-baby-de","14":"product_tag-beisring","15":"product_tag-beisring-de","16":"product_tag-bpa-de","17":"product_tag-en-71-de","18":"product_tag-groshandel","19":"product_tag-gummischnur","20":"product_tag-kauschmuck","21":"product_tag-kindersicher","22":"product_tag-kinderwagenkette","23":"product_tag-kostenlos","24":"product_tag-machen","25":"product_tag-silikon","26":"product_tag-spielerisch","27":"product_tag-teddybar","28":"product_tag-zertifiziert","29":"product_tag-ziegelrot","31":"first","32":"instock","33":"taxable","34":"shipping-taxable","35":"purchasable","36":"product-type-simple"},"bundled_by":["225475","225517","269739"],"bundle_stock_status":"instock","bundle_stock_quantity":34,"bundle_virtual":false,"bundle_layout":"","bundle_add_to_cart_form_location":"","bundle_editable_in_cart":false,"bundle_sold_individually_context":"","bundle_item_grouping":"","bundle_min_size":"","bundle_max_size":"","bundle_price":[],"bundled_items":[],"bundle_sell_ids":[],"yoast_head":"<!-- This site is optimized with the Yoast SEO Premium plugin v27.6 (Yoast SEO v27.6) - https:\/\/yoast.com\/product\/yoast-seo-premium-wordpress\/ -->\n<title>Silikonperle - 3D - Teddyb\u00e4r - Mattes Rot - Figur bei\u00dfen -<\/title>\n<meta name=\"description\" content=\"Silikonfigur Monstera Leaf BPA-frei, 100% kindersicher. F\u00fcr Bei\u00dfring oder Schnullerschnur. CE-zertifiziert EN71. F\u00fcr Jungen und M\u00e4dchen\" \/>\n<meta name=\"robots\" content=\"index, follow, max-snippet:-1, max-image-preview:large, max-video-preview:-1\" \/>\n<link rel=\"canonical\" href=\"https:\/\/www.jootjeshaakcadeautjes.nl\/de\/produkt\/siliconen-kraal-3d-knuffelbeer-steenrood\/\" \/>\n<meta property=\"og:locale\" content=\"de_DE\" \/>\n<meta property=\"og:type\" content=\"article\" \/>\n<meta property=\"og:title\" content=\"Silikonperle - 3D - Teddyb\u00e4r - Mattes Rot\" \/>\n<meta property=\"og:description\" content=\"Silikonfigur Monstera Leaf BPA-frei, 100% kindersicher. F\u00fcr Bei\u00dfring oder Schnullerschnur. CE-zertifiziert EN71. F\u00fcr Jungen und M\u00e4dchen\" \/>\n<meta property=\"og:url\" content=\"https:\/\/www.jootjeshaakcadeautjes.nl\/de\/produkt\/siliconen-kraal-3d-knuffelbeer-steenrood\/\" \/>\n<meta property=\"og:site_name\" content=\"Jootjes Haakcadeautjes\" \/>\n<meta property=\"article:modified_time\" content=\"2025-05-16T13:24:38+00:00\" \/>\n<meta property=\"og:image\" content=\"https:\/\/www.jootjeshaakcadeautjes.nl\/wp-content\/uploads\/2025\/05\/Naamloos-1329.webp\" \/>\n\t<meta property=\"og:image:width\" content=\"2048\" \/>\n\t<meta property=\"og:image:height\" content=\"2048\" \/>\n\t<meta property=\"og:image:type\" content=\"image\/webp\" \/>\n<meta name=\"twitter:card\" content=\"summary_large_image\" \/>\n<meta name=\"twitter:label1\" content=\"Preis\" \/>\n\t<meta name=\"twitter:data1\" content=\"&euro;0.85 inkl. MwSt.\" \/>\n\t<meta name=\"twitter:label2\" content=\"Verf\u00fcgbarkeit\" \/>\n\t<meta name=\"twitter:data2\" content=\"Auf Lager\" \/>\n<script type=\"application\/ld+json\" class=\"yoast-schema-graph\">{\"@context\":\"https:\\\/\\\/schema.org\",\"@graph\":[{\"@type\":\"WebPage\",\"@id\":\"https:\\\/\\\/www.jootjeshaakcadeautjes.nl\\\/de\\\/produkt\\\/siliconen-kraal-3d-knuffelbeer-steenrood\\\/\",\"url\":\"https:\\\/\\\/www.jootjeshaakcadeautjes.nl\\\/de\\\/produkt\\\/siliconen-kraal-3d-knuffelbeer-steenrood\\\/\",\"name\":\"Silikonperle - 3D - Teddyb\u00e4r - Mattes Rot - Figur bei\u00dfen -\",\"isPartOf\":{\"@id\":\"https:\\\/\\\/www.jootjeshaakcadeautjes.nl\\\/de\\\/#website\"},\"primaryImageOfPage\":{\"@id\":\"https:\\\/\\\/www.jootjeshaakcadeautjes.nl\\\/de\\\/produkt\\\/siliconen-kraal-3d-knuffelbeer-steenrood\\\/#primaryimage\"},\"image\":{\"@id\":\"https:\\\/\\\/www.jootjeshaakcadeautjes.nl\\\/de\\\/produkt\\\/siliconen-kraal-3d-knuffelbeer-steenrood\\\/#primaryimage\"},\"thumbnailUrl\":\"https:\\\/\\\/d1dyryakdmle7o.cloudfront.net\\\/wp-content\\\/uploads\\\/2025\\\/05\\\/Naamloos-1329.webp\",\"datePublished\":\"2025-05-13T07:35:42+00:00\",\"dateModified\":\"2025-05-16T13:24:38+00:00\",\"description\":\"Silikonfigur Monstera Leaf BPA-frei, 100% kindersicher. F\u00fcr Bei\u00dfring oder Schnullerschnur. CE-zertifiziert EN71. F\u00fcr Jungen und M\u00e4dchen\",\"breadcrumb\":{\"@id\":\"https:\\\/\\\/www.jootjeshaakcadeautjes.nl\\\/de\\\/produkt\\\/siliconen-kraal-3d-knuffelbeer-steenrood\\\/#breadcrumb\"},\"inLanguage\":\"de\",\"potentialAction\":[{\"@type\":\"ReadAction\",\"target\":[\"https:\\\/\\\/www.jootjeshaakcadeautjes.nl\\\/de\\\/produkt\\\/siliconen-kraal-3d-knuffelbeer-steenrood\\\/\"]}]},{\"@type\":\"ImageObject\",\"inLanguage\":\"de\",\"@id\":\"https:\\\/\\\/www.jootjeshaakcadeautjes.nl\\\/de\\\/produkt\\\/siliconen-kraal-3d-knuffelbeer-steenrood\\\/#primaryimage\",\"url\":\"https:\\\/\\\/d1dyryakdmle7o.cloudfront.net\\\/wp-content\\\/uploads\\\/2025\\\/05\\\/Naamloos-1329.webp\",\"contentUrl\":\"https:\\\/\\\/d1dyryakdmle7o.cloudfront.net\\\/wp-content\\\/uploads\\\/2025\\\/05\\\/Naamloos-1329.webp\",\"width\":2048,\"height\":2048},{\"@type\":\"BreadcrumbList\",\"@id\":\"https:\\\/\\\/www.jootjeshaakcadeautjes.nl\\\/de\\\/produkt\\\/siliconen-kraal-3d-knuffelbeer-steenrood\\\/#breadcrumb\",\"itemListElement\":[{\"@type\":\"ListItem\",\"position\":1,\"name\":\"Startseite\",\"item\":\"https:\\\/\\\/www.jootjeshaakcadeautjes.nl\\\/de\\\/\"},{\"@type\":\"ListItem\",\"position\":2,\"name\":\"Gro\u00dfhandel mit Silikonperlen &#8211; Business und Consumer\",\"item\":\"https:\\\/\\\/www.jootjeshaakcadeautjes.nl\\\/de\\\/shop\\\/\"},{\"@type\":\"ListItem\",\"position\":3,\"name\":\"Silikonperle &#8211; 3D &#8211; Teddyb\u00e4r &#8211; Mattes Rot\"}]},{\"@type\":\"WebSite\",\"@id\":\"https:\\\/\\\/www.jootjeshaakcadeautjes.nl\\\/de\\\/#website\",\"url\":\"https:\\\/\\\/www.jootjeshaakcadeautjes.nl\\\/de\\\/\",\"name\":\"Jootjes Haakcadeautjes\",\"description\":\"Silikonperlen Gro\u00dfhandel \",\"publisher\":{\"@id\":\"https:\\\/\\\/www.jootjeshaakcadeautjes.nl\\\/de\\\/#organization\"},\"potentialAction\":[{\"@type\":\"SearchAction\",\"target\":{\"@type\":\"EntryPoint\",\"urlTemplate\":\"https:\\\/\\\/www.jootjeshaakcadeautjes.nl\\\/de\\\/?s={search_term_string}\"},\"query-input\":{\"@type\":\"PropertyValueSpecification\",\"valueRequired\":true,\"valueName\":\"search_term_string\"}}],\"inLanguage\":\"de\"},{\"@type\":\"Organization\",\"@id\":\"https:\\\/\\\/www.jootjeshaakcadeautjes.nl\\\/de\\\/#organization\",\"name\":\"Jootjes Haakcadeautjes\",\"url\":\"https:\\\/\\\/www.jootjeshaakcadeautjes.nl\\\/de\\\/\",\"logo\":{\"@type\":\"ImageObject\",\"inLanguage\":\"de\",\"@id\":\"https:\\\/\\\/www.jootjeshaakcadeautjes.nl\\\/de\\\/#\\\/schema\\\/logo\\\/image\\\/\",\"url\":\"https:\\\/\\\/d1dyryakdmle7o.cloudfront.net\\\/wp-content\\\/uploads\\\/2023\\\/05\\\/Logo-rond.png\",\"contentUrl\":\"https:\\\/\\\/d1dyryakdmle7o.cloudfront.net\\\/wp-content\\\/uploads\\\/2023\\\/05\\\/Logo-rond.png\",\"width\":1222,\"height\":1222,\"caption\":\"Jootjes Haakcadeautjes\"},\"image\":{\"@id\":\"https:\\\/\\\/www.jootjeshaakcadeautjes.nl\\\/de\\\/#\\\/schema\\\/logo\\\/image\\\/\"}}]}<\/script>\n<meta property=\"product:price:amount\" content=\"0.85\" \/>\n<meta property=\"product:price:currency\" content=\"EUR\" \/>\n<meta property=\"og:availability\" content=\"instock\" \/>\n<meta property=\"product:availability\" content=\"instock\" \/>\n<meta property=\"product:retailer_item_id\" content=\"SIL-3DK-BSR\" \/>\n<meta property=\"product:condition\" content=\"new\" \/>\n<!-- \/ Yoast SEO Premium plugin. -->","yoast_head_json":{"title":"Silikonperle - 3D - Teddyb\u00e4r - Mattes Rot - Figur bei\u00dfen -","description":"Silikonfigur Monstera Leaf BPA-frei, 100% kindersicher. F\u00fcr Bei\u00dfring oder Schnullerschnur. CE-zertifiziert EN71. F\u00fcr Jungen und M\u00e4dchen","robots":{"index":"index","follow":"follow","max-snippet":"max-snippet:-1","max-image-preview":"max-image-preview:large","max-video-preview":"max-video-preview:-1"},"canonical":"https:\/\/www.jootjeshaakcadeautjes.nl\/de\/produkt\/siliconen-kraal-3d-knuffelbeer-steenrood\/","og_locale":"de_DE","og_type":"article","og_title":"Silikonperle - 3D - Teddyb\u00e4r - Mattes Rot","og_description":"Silikonfigur Monstera Leaf BPA-frei, 100% kindersicher. F\u00fcr Bei\u00dfring oder Schnullerschnur. CE-zertifiziert EN71. F\u00fcr Jungen und M\u00e4dchen","og_url":"https:\/\/www.jootjeshaakcadeautjes.nl\/de\/produkt\/siliconen-kraal-3d-knuffelbeer-steenrood\/","og_site_name":"Jootjes Haakcadeautjes","article_modified_time":"2025-05-16T13:24:38+00:00","og_image":[{"width":2048,"height":2048,"url":"https:\/\/www.jootjeshaakcadeautjes.nl\/wp-content\/uploads\/2025\/05\/Naamloos-1329.webp","type":"image\/webp"}],"twitter_card":"summary_large_image","twitter_misc":{"Preis":"&euro;0.85 inkl. MwSt.","Verf\u00fcgbarkeit":"Auf Lager"},"schema":{"@context":"https:\/\/schema.org","@graph":[{"@type":"WebPage","@id":"https:\/\/www.jootjeshaakcadeautjes.nl\/de\/produkt\/siliconen-kraal-3d-knuffelbeer-steenrood\/","url":"https:\/\/www.jootjeshaakcadeautjes.nl\/de\/produkt\/siliconen-kraal-3d-knuffelbeer-steenrood\/","name":"Silikonperle - 3D - Teddyb\u00e4r - Mattes Rot - Figur bei\u00dfen -","isPartOf":{"@id":"https:\/\/www.jootjeshaakcadeautjes.nl\/de\/#website"},"primaryImageOfPage":{"@id":"https:\/\/www.jootjeshaakcadeautjes.nl\/de\/produkt\/siliconen-kraal-3d-knuffelbeer-steenrood\/#primaryimage"},"image":{"@id":"https:\/\/www.jootjeshaakcadeautjes.nl\/de\/produkt\/siliconen-kraal-3d-knuffelbeer-steenrood\/#primaryimage"},"thumbnailUrl":"https:\/\/d1dyryakdmle7o.cloudfront.net\/wp-content\/uploads\/2025\/05\/Naamloos-1329.webp","datePublished":"2025-05-13T07:35:42+00:00","dateModified":"2025-05-16T13:24:38+00:00","description":"Silikonfigur Monstera Leaf BPA-frei, 100% kindersicher. F\u00fcr Bei\u00dfring oder Schnullerschnur. CE-zertifiziert EN71. F\u00fcr Jungen und M\u00e4dchen","breadcrumb":{"@id":"https:\/\/www.jootjeshaakcadeautjes.nl\/de\/produkt\/siliconen-kraal-3d-knuffelbeer-steenrood\/#breadcrumb"},"inLanguage":"de","potentialAction":[{"@type":"ReadAction","target":["https:\/\/www.jootjeshaakcadeautjes.nl\/de\/produkt\/siliconen-kraal-3d-knuffelbeer-steenrood\/"]}]},{"@type":"ImageObject","inLanguage":"de","@id":"https:\/\/www.jootjeshaakcadeautjes.nl\/de\/produkt\/siliconen-kraal-3d-knuffelbeer-steenrood\/#primaryimage","url":"https:\/\/d1dyryakdmle7o.cloudfront.net\/wp-content\/uploads\/2025\/05\/Naamloos-1329.webp","contentUrl":"https:\/\/d1dyryakdmle7o.cloudfront.net\/wp-content\/uploads\/2025\/05\/Naamloos-1329.webp","width":2048,"height":2048},{"@type":"BreadcrumbList","@id":"https:\/\/www.jootjeshaakcadeautjes.nl\/de\/produkt\/siliconen-kraal-3d-knuffelbeer-steenrood\/#breadcrumb","itemListElement":[{"@type":"ListItem","position":1,"name":"Startseite","item":"https:\/\/www.jootjeshaakcadeautjes.nl\/de\/"},{"@type":"ListItem","position":2,"name":"Gro\u00dfhandel mit Silikonperlen &#8211; Business und Consumer","item":"https:\/\/www.jootjeshaakcadeautjes.nl\/de\/shop\/"},{"@type":"ListItem","position":3,"name":"Silikonperle &#8211; 3D &#8211; Teddyb\u00e4r &#8211; Mattes Rot"}]},{"@type":"WebSite","@id":"https:\/\/www.jootjeshaakcadeautjes.nl\/de\/#website","url":"https:\/\/www.jootjeshaakcadeautjes.nl\/de\/","name":"Jootjes Haakcadeautjes","description":"Silikonperlen Gro\u00dfhandel ","publisher":{"@id":"https:\/\/www.jootjeshaakcadeautjes.nl\/de\/#organization"},"potentialAction":[{"@type":"SearchAction","target":{"@type":"EntryPoint","urlTemplate":"https:\/\/www.jootjeshaakcadeautjes.nl\/de\/?s={search_term_string}"},"query-input":{"@type":"PropertyValueSpecification","valueRequired":true,"valueName":"search_term_string"}}],"inLanguage":"de"},{"@type":"Organization","@id":"https:\/\/www.jootjeshaakcadeautjes.nl\/de\/#organization","name":"Jootjes Haakcadeautjes","url":"https:\/\/www.jootjeshaakcadeautjes.nl\/de\/","logo":{"@type":"ImageObject","inLanguage":"de","@id":"https:\/\/www.jootjeshaakcadeautjes.nl\/de\/#\/schema\/logo\/image\/","url":"https:\/\/d1dyryakdmle7o.cloudfront.net\/wp-content\/uploads\/2023\/05\/Logo-rond.png","contentUrl":"https:\/\/d1dyryakdmle7o.cloudfront.net\/wp-content\/uploads\/2023\/05\/Logo-rond.png","width":1222,"height":1222,"caption":"Jootjes Haakcadeautjes"},"image":{"@id":"https:\/\/www.jootjeshaakcadeautjes.nl\/de\/#\/schema\/logo\/image\/"}}]},"product_price_amount":"0.85","product_price_currency":"EUR","og_availability":"instock","product_availability":"instock","product_retailer_item_id":"SIL-3DK-BSR","product_condition":"new"},"_links":{"self":[{"href":"https:\/\/www.jootjeshaakcadeautjes.nl\/de\/wp-json\/wp\/v2\/product\/184224","targetHints":{"allow":["GET"]}}],"collection":[{"href":"https:\/\/www.jootjeshaakcadeautjes.nl\/de\/wp-json\/wp\/v2\/product"}],"about":[{"href":"https:\/\/www.jootjeshaakcadeautjes.nl\/de\/wp-json\/wp\/v2\/types\/product"}],"version-history":[{"count":0,"href":"https:\/\/www.jootjeshaakcadeautjes.nl\/de\/wp-json\/wp\/v2\/product\/184224\/revisions"}],"wp:featuredmedia":[{"embeddable":true,"href":"https:\/\/www.jootjeshaakcadeautjes.nl\/de\/wp-json\/wp\/v2\/media\/226349"}],"wp:attachment":[{"href":"https:\/\/www.jootjeshaakcadeautjes.nl\/de\/wp-json\/wp\/v2\/media?parent=184224"}],"wp:term":[{"taxonomy":"product_brand","embeddable":true,"href":"https:\/\/www.jootjeshaakcadeautjes.nl\/de\/wp-json\/wp\/v2\/product_brand?post=184224"},{"taxonomy":"product_cat","embeddable":true,"href":"https:\/\/www.jootjeshaakcadeautjes.nl\/de\/wp-json\/wp\/v2\/product_cat?post=184224"},{"taxonomy":"product_tag","embeddable":true,"href":"https:\/\/www.jootjeshaakcadeautjes.nl\/de\/wp-json\/wp\/v2\/product_tag?post=184224"}],"curies":[{"name":"wp","href":"https:\/\/api.w.org\/{rel}","templated":true}]}}