{"id":186352,"date":"2024-12-04T15:39:00","date_gmt":"2024-12-04T13:39:00","guid":{"rendered":"https:\/\/www.jootjeshaakcadeautjes.nl\/product\/cadeaubon-jootjes\/"},"modified":"2025-03-11T21:25:59","modified_gmt":"2025-03-11T20:25:59","slug":"cadeaubon-jootjes","status":"publish","type":"product","link":"https:\/\/www.jootjeshaakcadeautjes.nl\/de\/produkt\/cadeaubon-jootjes\/","title":{"rendered":"Geschenkgutschein auf Papier &#8211; Jootjes &#8211; W\u00e4hlen Sie den Betrag selbst"},"content":{"rendered":"<h1>Geschenkgutschein auf Papier &#8211; Jootjes &#8211; W\u00e4hlen Sie den Betrag selbst<\/h1>\n<p>Sie m\u00f6chten ein wirklich festliches Geschenk machen? Dann w\u00e4hlen Sie unseren Geschenkgutschein aus Papier! Dieser sch\u00f6ne Gutschein ist auf luxuri\u00f6sem Hochglanzpapier gedruckt und hat einen stilvollen Geschenkgutschein-Look, der perfekt zu besonderen Anl\u00e4ssen passt. Perfekt f\u00fcr die pers\u00f6nliche Pr\u00e4sentation oder den Versand per Post.   <\/p>\n<ul>\n<li><strong>Luxuri\u00f6ses und festliches Design<\/strong> &#8211; Ein Geschenkgutschein, der wie ein echtes Geschenk aussieht, ganz im Stil eines Geschenkschecks.<\/li>\n<li><strong>Individuell<\/strong> &#8211; W\u00e4hlen Sie den Betrag, der am besten zu Ihrer \u00dcberraschung passt.<\/li>\n<li><strong>Geeignet f\u00fcr alle Anl\u00e4sse<\/strong> &#8211; Ideal f\u00fcr Geburtstage, Nikolaus, Weihnachten, Muttertag oder einfach, um jemanden zu \u00fcberraschen.<\/li>\n<\/ul>\n<p>Bitte beachten Sie: F\u00fcr den Papiergutschein fallen Versandkosten an. Beeindrucken Sie mit diesem sch\u00f6nen Geschenkgutschein und inspirieren Sie kreative Bastler dazu, die sch\u00f6nsten handgefertigten und personalisierten Artikel mit unseren hochwertigen Silikonperlen und anderen DIY-Materialien zu kreieren. Bestellen Sie Ihren Papiergutschein noch heute und machen Sie ihn zu einem unvergesslichen Geschenk!<\/p>\n","protected":false},"excerpt":{"rendered":"<p>Verschenken Sie ein einzigartiges Geschenk mit unserem luxuri\u00f6sen Geschenkgutschein aus Papier, gedruckt auf Hochglanzpapier im Stil eines eleganten Geschenkschecks. W\u00e4hlen Sie einen Betrag Ihrer Wahl und beeindrucken Sie mit diesem festlichen Geschenk, das sich perfekt f\u00fcr jeden Anlass wie Geburtstage, Nikolaus, Weihnachten oder Muttertag eignet. Hinweis: F\u00fcr den Versand dieses Geschenkgutscheins aus Papier fallen Versandkosten an. <\/p>\n","protected":false},"featured_media":185469,"template":"","meta":[],"product_brand":[],"product_cat":[16991,19543,18290],"product_tag":[7962,16995,16993,9930,8282,7394,16992,16996,8205,7563,16994],"class_list":{"0":"post-186352","1":"product","2":"type-product","3":"status-publish","4":"has-post-thumbnail","6":"product_cat-geschenkgutschein","7":"product_cat-jootjes-geschenkgutschein-fur-weihnachten","8":"product_cat-thema-sinterklaas","9":"product_tag-a-de","10":"product_tag-andere","11":"product_tag-bon-de","12":"product_tag-digital","13":"product_tag-fur-de","14":"product_tag-geschenk-de","15":"product_tag-geschenkgutschein","16":"product_tag-geschenkgutscheine","17":"product_tag-joots","18":"product_tag-kaufen","19":"product_tag-kredit","21":"first","22":"instock","23":"taxable","24":"shipping-taxable","25":"purchasable","26":"product-type-variable"},"bundled_by":[],"bundle_stock_status":"instock","bundle_stock_quantity":null,"bundle_virtual":false,"bundle_layout":"","bundle_add_to_cart_form_location":"","bundle_editable_in_cart":false,"bundle_sold_individually_context":"","bundle_item_grouping":"","bundle_min_size":"","bundle_max_size":"","bundle_price":[],"bundled_items":[],"bundle_sell_ids":[],"yoast_head":"<!-- This site is optimized with the Yoast SEO Premium plugin v27.6 (Yoast SEO v27.6) - https:\/\/yoast.com\/product\/yoast-seo-premium-wordpress\/ -->\n<title>Geschenkgutschein auf Papier - Jootjes - W\u00e4hlen Sie den Betrag selbst - Jootjes Haakcadeautjes<\/title>\n<meta name=\"description\" content=\"\u00dcberraschen Sie einen kreativen Menschen mit einem digitalen Geschenkgutschein von Jootjes Crochet Gifts. Perfekt f\u00fcr personalisierte Geschenke.\" \/>\n<meta name=\"robots\" content=\"index, follow, max-snippet:-1, max-image-preview:large, max-video-preview:-1\" \/>\n<link rel=\"canonical\" href=\"https:\/\/www.jootjeshaakcadeautjes.nl\/de\/produkt\/cadeaubon-jootjes\/\" \/>\n<meta property=\"og:locale\" content=\"de_DE\" \/>\n<meta property=\"og:type\" content=\"article\" \/>\n<meta property=\"og:title\" content=\"Geschenkgutschein auf Papier - Jootjes - W\u00e4hlen Sie den Betrag selbst\" \/>\n<meta property=\"og:description\" content=\"\u00dcberraschen Sie einen kreativen Menschen mit einem digitalen Geschenkgutschein von Jootjes Crochet Gifts. Perfekt f\u00fcr personalisierte Geschenke.\" \/>\n<meta property=\"og:url\" content=\"https:\/\/www.jootjeshaakcadeautjes.nl\/de\/produkt\/cadeaubon-jootjes\/\" \/>\n<meta property=\"og:site_name\" content=\"Jootjes Haakcadeautjes\" \/>\n<meta property=\"article:modified_time\" content=\"2025-03-11T20:25:59+00:00\" \/>\n<meta property=\"og:image\" content=\"https:\/\/d1dyryakdmle7o.cloudfront.net\/wp-content\/uploads\/2024\/12\/Untitled-15.webp\" \/>\n\t<meta property=\"og:image:width\" content=\"1080\" \/>\n\t<meta property=\"og:image:height\" content=\"1080\" \/>\n\t<meta property=\"og:image:type\" content=\"image\/webp\" \/>\n<meta name=\"twitter:card\" content=\"summary_large_image\" \/>\n<meta name=\"twitter:label1\" content=\"Verf\u00fcgbarkeit\" \/>\n\t<meta name=\"twitter:data1\" content=\"Auf Lager\" \/>\n<script type=\"application\/ld+json\" class=\"yoast-schema-graph\">{\"@context\":\"https:\\\/\\\/schema.org\",\"@graph\":[{\"@type\":\"WebPage\",\"@id\":\"https:\\\/\\\/www.jootjeshaakcadeautjes.nl\\\/de\\\/produkt\\\/cadeaubon-jootjes\\\/\",\"url\":\"https:\\\/\\\/www.jootjeshaakcadeautjes.nl\\\/de\\\/produkt\\\/cadeaubon-jootjes\\\/\",\"name\":\"Geschenkgutschein auf Papier - Jootjes - W\u00e4hlen Sie den Betrag selbst - Jootjes Haakcadeautjes\",\"isPartOf\":{\"@id\":\"https:\\\/\\\/www.jootjeshaakcadeautjes.nl\\\/de\\\/#website\"},\"primaryImageOfPage\":{\"@id\":\"https:\\\/\\\/www.jootjeshaakcadeautjes.nl\\\/de\\\/produkt\\\/cadeaubon-jootjes\\\/#primaryimage\"},\"image\":{\"@id\":\"https:\\\/\\\/www.jootjeshaakcadeautjes.nl\\\/de\\\/produkt\\\/cadeaubon-jootjes\\\/#primaryimage\"},\"thumbnailUrl\":\"https:\\\/\\\/d1dyryakdmle7o.cloudfront.net\\\/wp-content\\\/uploads\\\/2024\\\/12\\\/Untitled-15.webp\",\"datePublished\":\"2024-12-04T13:39:00+00:00\",\"dateModified\":\"2025-03-11T20:25:59+00:00\",\"description\":\"\u00dcberraschen Sie einen kreativen Menschen mit einem digitalen Geschenkgutschein von Jootjes Crochet Gifts. Perfekt f\u00fcr personalisierte Geschenke.\",\"breadcrumb\":{\"@id\":\"https:\\\/\\\/www.jootjeshaakcadeautjes.nl\\\/de\\\/produkt\\\/cadeaubon-jootjes\\\/#breadcrumb\"},\"inLanguage\":\"de\",\"potentialAction\":[{\"@type\":\"ReadAction\",\"target\":[\"https:\\\/\\\/www.jootjeshaakcadeautjes.nl\\\/de\\\/produkt\\\/cadeaubon-jootjes\\\/\"]}]},{\"@type\":\"ImageObject\",\"inLanguage\":\"de\",\"@id\":\"https:\\\/\\\/www.jootjeshaakcadeautjes.nl\\\/de\\\/produkt\\\/cadeaubon-jootjes\\\/#primaryimage\",\"url\":\"https:\\\/\\\/d1dyryakdmle7o.cloudfront.net\\\/wp-content\\\/uploads\\\/2024\\\/12\\\/Untitled-15.webp\",\"contentUrl\":\"https:\\\/\\\/d1dyryakdmle7o.cloudfront.net\\\/wp-content\\\/uploads\\\/2024\\\/12\\\/Untitled-15.webp\",\"width\":1080,\"height\":1080,\"caption\":\"Papieren Cadeau Bon\"},{\"@type\":\"BreadcrumbList\",\"@id\":\"https:\\\/\\\/www.jootjeshaakcadeautjes.nl\\\/de\\\/produkt\\\/cadeaubon-jootjes\\\/#breadcrumb\",\"itemListElement\":[{\"@type\":\"ListItem\",\"position\":1,\"name\":\"Startseite\",\"item\":\"https:\\\/\\\/www.jootjeshaakcadeautjes.nl\\\/de\\\/\"},{\"@type\":\"ListItem\",\"position\":2,\"name\":\"Gro\u00dfhandel mit Silikonperlen &#8211; Business und Consumer\",\"item\":\"https:\\\/\\\/www.jootjeshaakcadeautjes.nl\\\/de\\\/shop\\\/\"},{\"@type\":\"ListItem\",\"position\":3,\"name\":\"Geschenkgutschein auf Papier &#8211; Jootjes &#8211; W\u00e4hlen Sie den Betrag selbst\"}]},{\"@type\":\"WebSite\",\"@id\":\"https:\\\/\\\/www.jootjeshaakcadeautjes.nl\\\/de\\\/#website\",\"url\":\"https:\\\/\\\/www.jootjeshaakcadeautjes.nl\\\/de\\\/\",\"name\":\"Jootjes Haakcadeautjes\",\"description\":\"Silikonperlen Gro\u00dfhandel \",\"publisher\":{\"@id\":\"https:\\\/\\\/www.jootjeshaakcadeautjes.nl\\\/de\\\/#organization\"},\"potentialAction\":[{\"@type\":\"SearchAction\",\"target\":{\"@type\":\"EntryPoint\",\"urlTemplate\":\"https:\\\/\\\/www.jootjeshaakcadeautjes.nl\\\/de\\\/?s={search_term_string}\"},\"query-input\":{\"@type\":\"PropertyValueSpecification\",\"valueRequired\":true,\"valueName\":\"search_term_string\"}}],\"inLanguage\":\"de\"},{\"@type\":\"Organization\",\"@id\":\"https:\\\/\\\/www.jootjeshaakcadeautjes.nl\\\/de\\\/#organization\",\"name\":\"Jootjes Haakcadeautjes\",\"url\":\"https:\\\/\\\/www.jootjeshaakcadeautjes.nl\\\/de\\\/\",\"logo\":{\"@type\":\"ImageObject\",\"inLanguage\":\"de\",\"@id\":\"https:\\\/\\\/www.jootjeshaakcadeautjes.nl\\\/de\\\/#\\\/schema\\\/logo\\\/image\\\/\",\"url\":\"https:\\\/\\\/d1dyryakdmle7o.cloudfront.net\\\/wp-content\\\/uploads\\\/2023\\\/05\\\/Logo-rond.png\",\"contentUrl\":\"https:\\\/\\\/d1dyryakdmle7o.cloudfront.net\\\/wp-content\\\/uploads\\\/2023\\\/05\\\/Logo-rond.png\",\"width\":1222,\"height\":1222,\"caption\":\"Jootjes Haakcadeautjes\"},\"image\":{\"@id\":\"https:\\\/\\\/www.jootjeshaakcadeautjes.nl\\\/de\\\/#\\\/schema\\\/logo\\\/image\\\/\"}}]}<\/script>\n<meta property=\"og:availability\" content=\"instock\" \/>\n<meta property=\"product:availability\" content=\"instock\" \/>\n<meta property=\"product:retailer_item_id\" content=\"FYS-CAD\" \/>\n<meta property=\"product:condition\" content=\"new\" \/>\n<!-- \/ Yoast SEO Premium plugin. -->","yoast_head_json":{"title":"Geschenkgutschein auf Papier - Jootjes - W\u00e4hlen Sie den Betrag selbst - Jootjes Haakcadeautjes","description":"\u00dcberraschen Sie einen kreativen Menschen mit einem digitalen Geschenkgutschein von Jootjes Crochet Gifts. Perfekt f\u00fcr personalisierte Geschenke.","robots":{"index":"index","follow":"follow","max-snippet":"max-snippet:-1","max-image-preview":"max-image-preview:large","max-video-preview":"max-video-preview:-1"},"canonical":"https:\/\/www.jootjeshaakcadeautjes.nl\/de\/produkt\/cadeaubon-jootjes\/","og_locale":"de_DE","og_type":"article","og_title":"Geschenkgutschein auf Papier - Jootjes - W\u00e4hlen Sie den Betrag selbst","og_description":"\u00dcberraschen Sie einen kreativen Menschen mit einem digitalen Geschenkgutschein von Jootjes Crochet Gifts. Perfekt f\u00fcr personalisierte Geschenke.","og_url":"https:\/\/www.jootjeshaakcadeautjes.nl\/de\/produkt\/cadeaubon-jootjes\/","og_site_name":"Jootjes Haakcadeautjes","article_modified_time":"2025-03-11T20:25:59+00:00","og_image":[{"width":1080,"height":1080,"url":"https:\/\/d1dyryakdmle7o.cloudfront.net\/wp-content\/uploads\/2024\/12\/Untitled-15.webp","type":"image\/webp"}],"twitter_card":"summary_large_image","twitter_misc":{"Verf\u00fcgbarkeit":"Auf Lager"},"schema":{"@context":"https:\/\/schema.org","@graph":[{"@type":"WebPage","@id":"https:\/\/www.jootjeshaakcadeautjes.nl\/de\/produkt\/cadeaubon-jootjes\/","url":"https:\/\/www.jootjeshaakcadeautjes.nl\/de\/produkt\/cadeaubon-jootjes\/","name":"Geschenkgutschein auf Papier - Jootjes - W\u00e4hlen Sie den Betrag selbst - Jootjes Haakcadeautjes","isPartOf":{"@id":"https:\/\/www.jootjeshaakcadeautjes.nl\/de\/#website"},"primaryImageOfPage":{"@id":"https:\/\/www.jootjeshaakcadeautjes.nl\/de\/produkt\/cadeaubon-jootjes\/#primaryimage"},"image":{"@id":"https:\/\/www.jootjeshaakcadeautjes.nl\/de\/produkt\/cadeaubon-jootjes\/#primaryimage"},"thumbnailUrl":"https:\/\/d1dyryakdmle7o.cloudfront.net\/wp-content\/uploads\/2024\/12\/Untitled-15.webp","datePublished":"2024-12-04T13:39:00+00:00","dateModified":"2025-03-11T20:25:59+00:00","description":"\u00dcberraschen Sie einen kreativen Menschen mit einem digitalen Geschenkgutschein von Jootjes Crochet Gifts. Perfekt f\u00fcr personalisierte Geschenke.","breadcrumb":{"@id":"https:\/\/www.jootjeshaakcadeautjes.nl\/de\/produkt\/cadeaubon-jootjes\/#breadcrumb"},"inLanguage":"de","potentialAction":[{"@type":"ReadAction","target":["https:\/\/www.jootjeshaakcadeautjes.nl\/de\/produkt\/cadeaubon-jootjes\/"]}]},{"@type":"ImageObject","inLanguage":"de","@id":"https:\/\/www.jootjeshaakcadeautjes.nl\/de\/produkt\/cadeaubon-jootjes\/#primaryimage","url":"https:\/\/d1dyryakdmle7o.cloudfront.net\/wp-content\/uploads\/2024\/12\/Untitled-15.webp","contentUrl":"https:\/\/d1dyryakdmle7o.cloudfront.net\/wp-content\/uploads\/2024\/12\/Untitled-15.webp","width":1080,"height":1080,"caption":"Papieren Cadeau Bon"},{"@type":"BreadcrumbList","@id":"https:\/\/www.jootjeshaakcadeautjes.nl\/de\/produkt\/cadeaubon-jootjes\/#breadcrumb","itemListElement":[{"@type":"ListItem","position":1,"name":"Startseite","item":"https:\/\/www.jootjeshaakcadeautjes.nl\/de\/"},{"@type":"ListItem","position":2,"name":"Gro\u00dfhandel mit Silikonperlen &#8211; Business und Consumer","item":"https:\/\/www.jootjeshaakcadeautjes.nl\/de\/shop\/"},{"@type":"ListItem","position":3,"name":"Geschenkgutschein auf Papier &#8211; Jootjes &#8211; W\u00e4hlen Sie den Betrag selbst"}]},{"@type":"WebSite","@id":"https:\/\/www.jootjeshaakcadeautjes.nl\/de\/#website","url":"https:\/\/www.jootjeshaakcadeautjes.nl\/de\/","name":"Jootjes Haakcadeautjes","description":"Silikonperlen Gro\u00dfhandel ","publisher":{"@id":"https:\/\/www.jootjeshaakcadeautjes.nl\/de\/#organization"},"potentialAction":[{"@type":"SearchAction","target":{"@type":"EntryPoint","urlTemplate":"https:\/\/www.jootjeshaakcadeautjes.nl\/de\/?s={search_term_string}"},"query-input":{"@type":"PropertyValueSpecification","valueRequired":true,"valueName":"search_term_string"}}],"inLanguage":"de"},{"@type":"Organization","@id":"https:\/\/www.jootjeshaakcadeautjes.nl\/de\/#organization","name":"Jootjes Haakcadeautjes","url":"https:\/\/www.jootjeshaakcadeautjes.nl\/de\/","logo":{"@type":"ImageObject","inLanguage":"de","@id":"https:\/\/www.jootjeshaakcadeautjes.nl\/de\/#\/schema\/logo\/image\/","url":"https:\/\/d1dyryakdmle7o.cloudfront.net\/wp-content\/uploads\/2023\/05\/Logo-rond.png","contentUrl":"https:\/\/d1dyryakdmle7o.cloudfront.net\/wp-content\/uploads\/2023\/05\/Logo-rond.png","width":1222,"height":1222,"caption":"Jootjes Haakcadeautjes"},"image":{"@id":"https:\/\/www.jootjeshaakcadeautjes.nl\/de\/#\/schema\/logo\/image\/"}}]},"og_availability":"instock","product_availability":"instock","product_retailer_item_id":"FYS-CAD","product_condition":"new"},"_links":{"self":[{"href":"https:\/\/www.jootjeshaakcadeautjes.nl\/de\/wp-json\/wp\/v2\/product\/186352","targetHints":{"allow":["GET"]}}],"collection":[{"href":"https:\/\/www.jootjeshaakcadeautjes.nl\/de\/wp-json\/wp\/v2\/product"}],"about":[{"href":"https:\/\/www.jootjeshaakcadeautjes.nl\/de\/wp-json\/wp\/v2\/types\/product"}],"version-history":[{"count":0,"href":"https:\/\/www.jootjeshaakcadeautjes.nl\/de\/wp-json\/wp\/v2\/product\/186352\/revisions"}],"wp:featuredmedia":[{"embeddable":true,"href":"https:\/\/www.jootjeshaakcadeautjes.nl\/de\/wp-json\/wp\/v2\/media\/185469"}],"wp:attachment":[{"href":"https:\/\/www.jootjeshaakcadeautjes.nl\/de\/wp-json\/wp\/v2\/media?parent=186352"}],"wp:term":[{"taxonomy":"product_brand","embeddable":true,"href":"https:\/\/www.jootjeshaakcadeautjes.nl\/de\/wp-json\/wp\/v2\/product_brand?post=186352"},{"taxonomy":"product_cat","embeddable":true,"href":"https:\/\/www.jootjeshaakcadeautjes.nl\/de\/wp-json\/wp\/v2\/product_cat?post=186352"},{"taxonomy":"product_tag","embeddable":true,"href":"https:\/\/www.jootjeshaakcadeautjes.nl\/de\/wp-json\/wp\/v2\/product_tag?post=186352"}],"curies":[{"name":"wp","href":"https:\/\/api.w.org\/{rel}","templated":true}]}}