{"id":186903,"date":"2025-12-14T09:35:42","date_gmt":"2025-12-14T08:35:42","guid":{"rendered":"https:\/\/www.jootjeshaakcadeautjes.nl\/?post_type=product&#038;p=186903"},"modified":"2025-12-16T15:02:21","modified_gmt":"2025-12-16T14:02:21","slug":"houten-bijtring-bijtfiguur-beukenhout-eland","status":"publish","type":"product","link":"https:\/\/www.jootjeshaakcadeautjes.nl\/de\/produkt\/houten-bijtring-bijtfiguur-beukenhout-eland\/","title":{"rendered":"Bei\u00dfring aus Holz &#8211; Bei\u00dffigur &#8211; Buchenholz &#8211; Elch"},"content":{"rendered":"<h1><strong>Bei\u00dfring aus Holz &#8211; Elch  <\/strong><\/h1>\n<h2 data-start=\"309\" data-end=\"339\">\ud83c\udf3f Material und Sicherheit<\/h2>\n<p data-start=\"340\" data-end=\"613\">Der Holzanh\u00e4nger oder -ring in Form eines Elchs ist aus <strong data-start=\"405\" data-end=\"423\">rohem Holz<\/strong> gefertigt. Das Holz ist daher nicht lackiert, gebeizt oder ge\u00f6lt. Unser gesamtes Holz wird <strong data-start=\"490\" data-end=\"514\">unabh\u00e4ngig von<\/strong> einem <strong data-start=\"524\" data-end=\"559\">ISO-zertifizierten Labor<\/strong> <strong data-start=\"490\" data-end=\"514\">getestet<\/strong> und <strong data-start=\"581\" data-end=\"612\">als<\/strong> chemisch v\u00f6llig <strong data-start=\"581\" data-end=\"612\">sicher f\u00fcr Babys befunden<\/strong>.  <\/p>\n<h2 data-start=\"615\" data-end=\"644\">\ud83c\udf32 Nat\u00fcrliche Variationen<\/h2>\n<p data-start=\"645\" data-end=\"906\">Ein Bei\u00dfring aus Holz ist aus Holz, einem <strong data-start=\"692\" data-end=\"716\">nat\u00fcrlichen Material<\/strong>, hergestellt. Daher kann sich jede Bei\u00dffigur leicht in Farbe, Markierungen oder \u00c4sten unterscheiden. Auch die Form kann leicht variieren. Dies geschieht aufgrund von Unterschieden in der H\u00e4rte beim S\u00e4gen und Schleifen.   <\/p>\n<h2 data-start=\"908\" data-end=\"935\">\u26a0\ufe0f Kontrolle und Abnutzung<\/h2>\n<p data-start=\"936\" data-end=\"1155\">Holz ist anf\u00e4llig f\u00fcr Abnutzung durch Gebrauch, Temperatur und Feuchtigkeit. \u00dcberpr\u00fcfen Sie einen Bei\u00dfring aus Holz <strong data-start=\"1036\" data-end=\"1056\">vor jedem Gebrauch<\/strong> auf Sch\u00e4den. Ersetzen Sie ihn bei den ersten Anzeichen von Abnutzung, um eine sichere Verwendung zu gew\u00e4hrleisten.  <\/p>\n<h2 data-start=\"1157\" data-end=\"1190\">\ud83d\udd27 Verwendung als DIY-Teil<\/h2>\n<p data-start=\"1191\" data-end=\"1309\">Diese Bissanzeiger sind zum <strong data-start=\"1225\" data-end=\"1242\">Selbermachen<\/strong> gedacht, in Kombination mit anderen Materialien. Sie k\u00f6nnen sie verwenden f\u00fcr: <\/p>\n<ul data-start=\"1310\" data-end=\"1415\">\n<li data-start=\"1310\" data-end=\"1326\">\n<p data-start=\"1312\" data-end=\"1326\">einen Bei\u00dfring<\/p>\n<\/li>\n<li data-start=\"1327\" data-end=\"1352\">\n<p data-start=\"1329\" data-end=\"1352\">ein Aktivit\u00e4tsw\u00fcrfel<\/p>\n<\/li>\n<li data-start=\"1353\" data-end=\"1373\">\n<p data-start=\"1355\" data-end=\"1373\">einen Waggonspanner<\/p>\n<\/li>\n<li data-start=\"1374\" data-end=\"1398\">\n<p data-start=\"1376\" data-end=\"1398\">Sinnesspielzeug<\/p>\n<\/li>\n<li data-start=\"1399\" data-end=\"1415\">\n<p data-start=\"1401\" data-end=\"1415\">andere Geschenke f\u00fcr die Mutterschaft<\/p>\n<\/li>\n<\/ul>\n<p data-start=\"1417\" data-end=\"1726\">Das von Ihnen hergestellte <strong data-start=\"1421\" data-end=\"1436\">Endprodukt<\/strong> muss den <strong data-start=\"1470\" data-end=\"1494\">Spielzeugrichtlinien<\/strong> entsprechen. Wir bieten die chemische Sicherheit des Holzes, aber wir k\u00f6nnen die <strong data-start=\"1558\" data-end=\"1584\">mechanische Sicherheit<\/strong> (die Konstruktion) nicht pr\u00fcfen. Das liegt daran, dass jede Kombination anders ist. Die Verantwortung daf\u00fcr liegt bei Ihnen als Hersteller.   <\/p>\n<p>&nbsp;<\/p>\n","protected":false},"excerpt":{"rendered":"<ul>\n<li>Form: Elch<\/li>\n<li>Aus rohem Buchenholz (nicht lackiert, gebeizt oder ge\u00f6lt), chemisch auf Babysicherheit gepr\u00fcft nach EN-71, REACH und EU-Spielzeugrichtlinie.<\/li>\n<li>Bei\u00dffigur, bestimmt als Teil eines Bei\u00dfrings oder eines anderen Produkts.<\/li>\n<\/ul>\n<p>Weitere Informationen zur Verwendung finden Sie am Ende der Seite.<\/p>\n","protected":false},"featured_media":264268,"template":"","meta":[],"product_brand":[],"product_cat":[8071,8264,7380,8072,8070],"product_tag":[7984,7385,7562,8047,8564,8568,9386,7416,8046,7196,7442],"class_list":{"0":"post-186903","1":"product","2":"type-product","3":"status-publish","4":"has-post-thumbnail","6":"product_cat-beisringe-baby-silikon-und-holz","7":"product_cat-beisringe-aus-holz-buchenholz","8":"product_cat-herstellung-von-baby-beisspielzeug-materialien-fur-schnuller-und-beisringe","9":"product_cat-holzringe-fur-macrame-und-crochet","10":"product_cat-ringe-aus-holz","11":"product_tag-anhanger","12":"product_tag-beisring","13":"product_tag-bisswunde","14":"product_tag-buche","15":"product_tag-buchenholz-de","16":"product_tag-cool","17":"product_tag-elch","18":"product_tag-gummischnur","19":"product_tag-holz-de","20":"product_tag-holz","21":"product_tag-kinderwagenkette","23":"first","24":"instock","25":"taxable","26":"shipping-taxable","27":"purchasable","28":"product-type-simple"},"bundled_by":[],"bundle_stock_status":"instock","bundle_stock_quantity":3,"bundle_virtual":false,"bundle_layout":"","bundle_add_to_cart_form_location":"","bundle_editable_in_cart":false,"bundle_sold_individually_context":"","bundle_item_grouping":"","bundle_min_size":"","bundle_max_size":"","bundle_price":[],"bundled_items":[],"bundle_sell_ids":[],"yoast_head":"<!-- This site is optimized with the Yoast SEO Premium plugin v27.6 (Yoast SEO v27.6) - https:\/\/yoast.com\/product\/yoast-seo-premium-wordpress\/ -->\n<title>Bei\u00dffigur aus Holz - Bei\u00dfring - Elch - Jootjes Crochet presents<\/title>\n<meta name=\"description\" content=\"Bei\u00dffigur Monstera Leaf aus Holz f\u00fcr handgefertigtes Babyspielzeug. Ein Bei\u00dfring, eine Rassel oder ein Kinderwagenaufh\u00e4nger.\" \/>\n<meta name=\"robots\" content=\"index, follow, max-snippet:-1, max-image-preview:large, max-video-preview:-1\" \/>\n<link rel=\"canonical\" href=\"https:\/\/www.jootjeshaakcadeautjes.nl\/de\/produkt\/houten-bijtring-bijtfiguur-beukenhout-eland\/\" \/>\n<meta property=\"og:locale\" content=\"de_DE\" \/>\n<meta property=\"og:type\" content=\"article\" \/>\n<meta property=\"og:title\" content=\"Bei\u00dfring aus Holz - Bei\u00dffigur - Buchenholz - Elch\" \/>\n<meta property=\"og:description\" content=\"Bei\u00dffigur Monstera Leaf aus Holz f\u00fcr handgefertigtes Babyspielzeug. Ein Bei\u00dfring, eine Rassel oder ein Kinderwagenaufh\u00e4nger.\" \/>\n<meta property=\"og:url\" content=\"https:\/\/www.jootjeshaakcadeautjes.nl\/de\/produkt\/houten-bijtring-bijtfiguur-beukenhout-eland\/\" \/>\n<meta property=\"og:site_name\" content=\"Jootjes Haakcadeautjes\" \/>\n<meta property=\"article:modified_time\" content=\"2025-12-16T14:02:21+00:00\" \/>\n<meta property=\"og:image\" content=\"https:\/\/d1dyryakdmle7o.cloudfront.net\/wp-content\/uploads\/2025\/12\/Naamloos-1634-scaled.webp\" \/>\n\t<meta property=\"og:image:width\" content=\"2560\" \/>\n\t<meta property=\"og:image:height\" content=\"2560\" \/>\n\t<meta property=\"og:image:type\" content=\"image\/webp\" \/>\n<meta name=\"twitter:card\" content=\"summary_large_image\" \/>\n<meta name=\"twitter:label1\" content=\"Preis\" \/>\n\t<meta name=\"twitter:data1\" content=\"&euro;2.00 inkl. MwSt.\" \/>\n\t<meta name=\"twitter:label2\" content=\"Verf\u00fcgbarkeit\" \/>\n\t<meta name=\"twitter:data2\" content=\"Auf Lager\" \/>\n<script type=\"application\/ld+json\" class=\"yoast-schema-graph\">{\"@context\":\"https:\\\/\\\/schema.org\",\"@graph\":[{\"@type\":\"WebPage\",\"@id\":\"https:\\\/\\\/www.jootjeshaakcadeautjes.nl\\\/de\\\/produkt\\\/houten-bijtring-bijtfiguur-beukenhout-eland\\\/\",\"url\":\"https:\\\/\\\/www.jootjeshaakcadeautjes.nl\\\/de\\\/produkt\\\/houten-bijtring-bijtfiguur-beukenhout-eland\\\/\",\"name\":\"Bei\u00dffigur aus Holz - Bei\u00dfring - Elch - Jootjes Crochet presents\",\"isPartOf\":{\"@id\":\"https:\\\/\\\/www.jootjeshaakcadeautjes.nl\\\/de\\\/#website\"},\"primaryImageOfPage\":{\"@id\":\"https:\\\/\\\/www.jootjeshaakcadeautjes.nl\\\/de\\\/produkt\\\/houten-bijtring-bijtfiguur-beukenhout-eland\\\/#primaryimage\"},\"image\":{\"@id\":\"https:\\\/\\\/www.jootjeshaakcadeautjes.nl\\\/de\\\/produkt\\\/houten-bijtring-bijtfiguur-beukenhout-eland\\\/#primaryimage\"},\"thumbnailUrl\":\"https:\\\/\\\/d1dyryakdmle7o.cloudfront.net\\\/wp-content\\\/uploads\\\/2025\\\/12\\\/Naamloos-1634-scaled.webp\",\"datePublished\":\"2025-12-14T08:35:42+00:00\",\"dateModified\":\"2025-12-16T14:02:21+00:00\",\"description\":\"Bei\u00dffigur Monstera Leaf aus Holz f\u00fcr handgefertigtes Babyspielzeug. Ein Bei\u00dfring, eine Rassel oder ein Kinderwagenaufh\u00e4nger.\",\"breadcrumb\":{\"@id\":\"https:\\\/\\\/www.jootjeshaakcadeautjes.nl\\\/de\\\/produkt\\\/houten-bijtring-bijtfiguur-beukenhout-eland\\\/#breadcrumb\"},\"inLanguage\":\"de\",\"potentialAction\":[{\"@type\":\"ReadAction\",\"target\":[\"https:\\\/\\\/www.jootjeshaakcadeautjes.nl\\\/de\\\/produkt\\\/houten-bijtring-bijtfiguur-beukenhout-eland\\\/\"]}]},{\"@type\":\"ImageObject\",\"inLanguage\":\"de\",\"@id\":\"https:\\\/\\\/www.jootjeshaakcadeautjes.nl\\\/de\\\/produkt\\\/houten-bijtring-bijtfiguur-beukenhout-eland\\\/#primaryimage\",\"url\":\"https:\\\/\\\/d1dyryakdmle7o.cloudfront.net\\\/wp-content\\\/uploads\\\/2025\\\/12\\\/Naamloos-1634-scaled.webp\",\"contentUrl\":\"https:\\\/\\\/d1dyryakdmle7o.cloudfront.net\\\/wp-content\\\/uploads\\\/2025\\\/12\\\/Naamloos-1634-scaled.webp\",\"width\":2560,\"height\":2560},{\"@type\":\"BreadcrumbList\",\"@id\":\"https:\\\/\\\/www.jootjeshaakcadeautjes.nl\\\/de\\\/produkt\\\/houten-bijtring-bijtfiguur-beukenhout-eland\\\/#breadcrumb\",\"itemListElement\":[{\"@type\":\"ListItem\",\"position\":1,\"name\":\"Startseite\",\"item\":\"https:\\\/\\\/www.jootjeshaakcadeautjes.nl\\\/de\\\/\"},{\"@type\":\"ListItem\",\"position\":2,\"name\":\"Gro\u00dfhandel mit Silikonperlen &#8211; Business und Consumer\",\"item\":\"https:\\\/\\\/www.jootjeshaakcadeautjes.nl\\\/de\\\/shop\\\/\"},{\"@type\":\"ListItem\",\"position\":3,\"name\":\"Priv\u00e9: Bei\u00dfring aus Holz &#8211; Bei\u00dffigur &#8211; Buchenholz &#8211; Elch\"}]},{\"@type\":\"WebSite\",\"@id\":\"https:\\\/\\\/www.jootjeshaakcadeautjes.nl\\\/de\\\/#website\",\"url\":\"https:\\\/\\\/www.jootjeshaakcadeautjes.nl\\\/de\\\/\",\"name\":\"Jootjes Haakcadeautjes\",\"description\":\"Silikonperlen Gro\u00dfhandel \",\"publisher\":{\"@id\":\"https:\\\/\\\/www.jootjeshaakcadeautjes.nl\\\/de\\\/#organization\"},\"potentialAction\":[{\"@type\":\"SearchAction\",\"target\":{\"@type\":\"EntryPoint\",\"urlTemplate\":\"https:\\\/\\\/www.jootjeshaakcadeautjes.nl\\\/de\\\/?s={search_term_string}\"},\"query-input\":{\"@type\":\"PropertyValueSpecification\",\"valueRequired\":true,\"valueName\":\"search_term_string\"}}],\"inLanguage\":\"de\"},{\"@type\":\"Organization\",\"@id\":\"https:\\\/\\\/www.jootjeshaakcadeautjes.nl\\\/de\\\/#organization\",\"name\":\"Jootjes Haakcadeautjes\",\"url\":\"https:\\\/\\\/www.jootjeshaakcadeautjes.nl\\\/de\\\/\",\"logo\":{\"@type\":\"ImageObject\",\"inLanguage\":\"de\",\"@id\":\"https:\\\/\\\/www.jootjeshaakcadeautjes.nl\\\/de\\\/#\\\/schema\\\/logo\\\/image\\\/\",\"url\":\"https:\\\/\\\/d1dyryakdmle7o.cloudfront.net\\\/wp-content\\\/uploads\\\/2023\\\/05\\\/Logo-rond.png\",\"contentUrl\":\"https:\\\/\\\/d1dyryakdmle7o.cloudfront.net\\\/wp-content\\\/uploads\\\/2023\\\/05\\\/Logo-rond.png\",\"width\":1222,\"height\":1222,\"caption\":\"Jootjes Haakcadeautjes\"},\"image\":{\"@id\":\"https:\\\/\\\/www.jootjeshaakcadeautjes.nl\\\/de\\\/#\\\/schema\\\/logo\\\/image\\\/\"}}]}<\/script>\n<meta property=\"product:price:amount\" content=\"2.00\" \/>\n<meta property=\"product:price:currency\" content=\"EUR\" \/>\n<meta property=\"og:availability\" content=\"instock\" \/>\n<meta property=\"product:availability\" content=\"instock\" \/>\n<meta property=\"product:retailer_item_id\" content=\"HOU-BTF-ELA\" \/>\n<meta property=\"product:condition\" content=\"new\" \/>\n<!-- \/ Yoast SEO Premium plugin. -->","yoast_head_json":{"title":"Bei\u00dffigur aus Holz - Bei\u00dfring - Elch - Jootjes Crochet presents","description":"Bei\u00dffigur Monstera Leaf aus Holz f\u00fcr handgefertigtes Babyspielzeug. Ein Bei\u00dfring, eine Rassel oder ein Kinderwagenaufh\u00e4nger.","robots":{"index":"index","follow":"follow","max-snippet":"max-snippet:-1","max-image-preview":"max-image-preview:large","max-video-preview":"max-video-preview:-1"},"canonical":"https:\/\/www.jootjeshaakcadeautjes.nl\/de\/produkt\/houten-bijtring-bijtfiguur-beukenhout-eland\/","og_locale":"de_DE","og_type":"article","og_title":"Bei\u00dfring aus Holz - Bei\u00dffigur - Buchenholz - Elch","og_description":"Bei\u00dffigur Monstera Leaf aus Holz f\u00fcr handgefertigtes Babyspielzeug. Ein Bei\u00dfring, eine Rassel oder ein Kinderwagenaufh\u00e4nger.","og_url":"https:\/\/www.jootjeshaakcadeautjes.nl\/de\/produkt\/houten-bijtring-bijtfiguur-beukenhout-eland\/","og_site_name":"Jootjes Haakcadeautjes","article_modified_time":"2025-12-16T14:02:21+00:00","og_image":[{"width":2560,"height":2560,"url":"https:\/\/d1dyryakdmle7o.cloudfront.net\/wp-content\/uploads\/2025\/12\/Naamloos-1634-scaled.webp","type":"image\/webp"}],"twitter_card":"summary_large_image","twitter_misc":{"Preis":"&euro;2.00 inkl. MwSt.","Verf\u00fcgbarkeit":"Auf Lager"},"schema":{"@context":"https:\/\/schema.org","@graph":[{"@type":"WebPage","@id":"https:\/\/www.jootjeshaakcadeautjes.nl\/de\/produkt\/houten-bijtring-bijtfiguur-beukenhout-eland\/","url":"https:\/\/www.jootjeshaakcadeautjes.nl\/de\/produkt\/houten-bijtring-bijtfiguur-beukenhout-eland\/","name":"Bei\u00dffigur aus Holz - Bei\u00dfring - Elch - Jootjes Crochet presents","isPartOf":{"@id":"https:\/\/www.jootjeshaakcadeautjes.nl\/de\/#website"},"primaryImageOfPage":{"@id":"https:\/\/www.jootjeshaakcadeautjes.nl\/de\/produkt\/houten-bijtring-bijtfiguur-beukenhout-eland\/#primaryimage"},"image":{"@id":"https:\/\/www.jootjeshaakcadeautjes.nl\/de\/produkt\/houten-bijtring-bijtfiguur-beukenhout-eland\/#primaryimage"},"thumbnailUrl":"https:\/\/d1dyryakdmle7o.cloudfront.net\/wp-content\/uploads\/2025\/12\/Naamloos-1634-scaled.webp","datePublished":"2025-12-14T08:35:42+00:00","dateModified":"2025-12-16T14:02:21+00:00","description":"Bei\u00dffigur Monstera Leaf aus Holz f\u00fcr handgefertigtes Babyspielzeug. Ein Bei\u00dfring, eine Rassel oder ein Kinderwagenaufh\u00e4nger.","breadcrumb":{"@id":"https:\/\/www.jootjeshaakcadeautjes.nl\/de\/produkt\/houten-bijtring-bijtfiguur-beukenhout-eland\/#breadcrumb"},"inLanguage":"de","potentialAction":[{"@type":"ReadAction","target":["https:\/\/www.jootjeshaakcadeautjes.nl\/de\/produkt\/houten-bijtring-bijtfiguur-beukenhout-eland\/"]}]},{"@type":"ImageObject","inLanguage":"de","@id":"https:\/\/www.jootjeshaakcadeautjes.nl\/de\/produkt\/houten-bijtring-bijtfiguur-beukenhout-eland\/#primaryimage","url":"https:\/\/d1dyryakdmle7o.cloudfront.net\/wp-content\/uploads\/2025\/12\/Naamloos-1634-scaled.webp","contentUrl":"https:\/\/d1dyryakdmle7o.cloudfront.net\/wp-content\/uploads\/2025\/12\/Naamloos-1634-scaled.webp","width":2560,"height":2560},{"@type":"BreadcrumbList","@id":"https:\/\/www.jootjeshaakcadeautjes.nl\/de\/produkt\/houten-bijtring-bijtfiguur-beukenhout-eland\/#breadcrumb","itemListElement":[{"@type":"ListItem","position":1,"name":"Startseite","item":"https:\/\/www.jootjeshaakcadeautjes.nl\/de\/"},{"@type":"ListItem","position":2,"name":"Gro\u00dfhandel mit Silikonperlen &#8211; Business und Consumer","item":"https:\/\/www.jootjeshaakcadeautjes.nl\/de\/shop\/"},{"@type":"ListItem","position":3,"name":"Priv\u00e9: Bei\u00dfring aus Holz &#8211; Bei\u00dffigur &#8211; Buchenholz &#8211; Elch"}]},{"@type":"WebSite","@id":"https:\/\/www.jootjeshaakcadeautjes.nl\/de\/#website","url":"https:\/\/www.jootjeshaakcadeautjes.nl\/de\/","name":"Jootjes Haakcadeautjes","description":"Silikonperlen Gro\u00dfhandel ","publisher":{"@id":"https:\/\/www.jootjeshaakcadeautjes.nl\/de\/#organization"},"potentialAction":[{"@type":"SearchAction","target":{"@type":"EntryPoint","urlTemplate":"https:\/\/www.jootjeshaakcadeautjes.nl\/de\/?s={search_term_string}"},"query-input":{"@type":"PropertyValueSpecification","valueRequired":true,"valueName":"search_term_string"}}],"inLanguage":"de"},{"@type":"Organization","@id":"https:\/\/www.jootjeshaakcadeautjes.nl\/de\/#organization","name":"Jootjes Haakcadeautjes","url":"https:\/\/www.jootjeshaakcadeautjes.nl\/de\/","logo":{"@type":"ImageObject","inLanguage":"de","@id":"https:\/\/www.jootjeshaakcadeautjes.nl\/de\/#\/schema\/logo\/image\/","url":"https:\/\/d1dyryakdmle7o.cloudfront.net\/wp-content\/uploads\/2023\/05\/Logo-rond.png","contentUrl":"https:\/\/d1dyryakdmle7o.cloudfront.net\/wp-content\/uploads\/2023\/05\/Logo-rond.png","width":1222,"height":1222,"caption":"Jootjes Haakcadeautjes"},"image":{"@id":"https:\/\/www.jootjeshaakcadeautjes.nl\/de\/#\/schema\/logo\/image\/"}}]},"product_price_amount":"2.00","product_price_currency":"EUR","og_availability":"instock","product_availability":"instock","product_retailer_item_id":"HOU-BTF-ELA","product_condition":"new"},"_links":{"self":[{"href":"https:\/\/www.jootjeshaakcadeautjes.nl\/de\/wp-json\/wp\/v2\/product\/186903","targetHints":{"allow":["GET"]}}],"collection":[{"href":"https:\/\/www.jootjeshaakcadeautjes.nl\/de\/wp-json\/wp\/v2\/product"}],"about":[{"href":"https:\/\/www.jootjeshaakcadeautjes.nl\/de\/wp-json\/wp\/v2\/types\/product"}],"version-history":[{"count":1,"href":"https:\/\/www.jootjeshaakcadeautjes.nl\/de\/wp-json\/wp\/v2\/product\/186903\/revisions"}],"predecessor-version":[{"id":264895,"href":"https:\/\/www.jootjeshaakcadeautjes.nl\/de\/wp-json\/wp\/v2\/product\/186903\/revisions\/264895"}],"wp:featuredmedia":[{"embeddable":true,"href":"https:\/\/www.jootjeshaakcadeautjes.nl\/de\/wp-json\/wp\/v2\/media\/264268"}],"wp:attachment":[{"href":"https:\/\/www.jootjeshaakcadeautjes.nl\/de\/wp-json\/wp\/v2\/media?parent=186903"}],"wp:term":[{"taxonomy":"product_brand","embeddable":true,"href":"https:\/\/www.jootjeshaakcadeautjes.nl\/de\/wp-json\/wp\/v2\/product_brand?post=186903"},{"taxonomy":"product_cat","embeddable":true,"href":"https:\/\/www.jootjeshaakcadeautjes.nl\/de\/wp-json\/wp\/v2\/product_cat?post=186903"},{"taxonomy":"product_tag","embeddable":true,"href":"https:\/\/www.jootjeshaakcadeautjes.nl\/de\/wp-json\/wp\/v2\/product_tag?post=186903"}],"curies":[{"name":"wp","href":"https:\/\/api.w.org\/{rel}","templated":true}]}}