{"id":190762,"date":"2025-02-17T16:43:24","date_gmt":"2025-02-17T15:43:24","guid":{"rendered":"https:\/\/www.jootjeshaakcadeautjes.nl\/product\/durable-velvet-kleur-385-coffee\/"},"modified":"2025-03-11T05:44:08","modified_gmt":"2025-03-11T04:44:08","slug":"durable-velvet-kleur-385-coffee","status":"publish","type":"product","link":"https:\/\/www.jootjeshaakcadeautjes.nl\/de\/produkt\/durable-velvet-kleur-385-coffee\/","title":{"rendered":"Durable Velvet &#8211; Farbe 385 Kaffee"},"content":{"rendered":"<h1>Durable Velvet &#8211; Farbe 385 Kaffee<\/h1>\n<p>Durable Velvet ist ein wunderbar weiches Chenillegarn mit einem luxuri\u00f6sen Griff. Das Garn hat eine geschmeidige, anschmiegsame Textur, die es perfekt f\u00fcr Projekte wie Kuscheltiere, Kissen, Decken und andere Einrichtungsgegenst\u00e4nde macht.  Dank seiner hohen Faserdichte ist das Garn superweich und ideal f\u00fcr die Herstellung bequemer, weicher Artikel. Durable Velvet ist in 32 Farben erh\u00e4ltlich und bietet eine Vielzahl von M\u00f6glichkeiten f\u00fcr verschiedene Projekte. Das Garn besteht aus 100% Polyester und wird in gro\u00dfen 100-Gramm-Kn\u00e4ueln mit einer Laufl\u00e4nge von 180 Metern geliefert.  <\/p>\n","protected":false},"excerpt":{"rendered":"<p>Durable Velvet &#8211; 385 Kaffee<br \/>\n100% Polyester<\/p>\n<p><strong>Spezifikationen:<\/strong><\/p>\n<table>\n<tbody>\n<tr>\n<td>Gewicht<\/td>\n<td>100 g<\/td>\n<\/tr>\n<tr>\n<td>Laufende L\u00e4nge<\/td>\n<td>180 Meter<\/td>\n<\/tr>\n<tr>\n<td>Zusammensetzung<\/td>\n<td>100% Polyester<\/td>\n<\/tr>\n<tr>\n<td>Empfohlene Nadeldicke<\/td>\n<td>3-5 mm<\/td>\n<\/tr>\n<\/tbody>\n<\/table>\n","protected":false},"featured_media":189143,"template":"","meta":[],"product_brand":[],"product_cat":[8247,7889,17026],"product_tag":[8305,7510,17031,17048,8755,17046,7205,8752,8268,17039,17045,17028,8749,17034,8481],"class_list":{"0":"post-190762","1":"product","2":"type-product","3":"status-publish","4":"has-post-thumbnail","6":"product_cat-bastelmaterial-hakelzubehor","7":"product_cat-silikonperlen-und-babyzubehor-verkauf","8":"product_cat-strapazierfahiger-samt-chenillegarn-stofftiere-hakeln","9":"product_tag-amigurumi-de","10":"product_tag-baby-de","11":"product_tag-chenille-de","12":"product_tag-chenillegaren-de","13":"product_tag-dauerhaft","14":"product_tag-decken","15":"product_tag-diy-de","16":"product_tag-garn","17":"product_tag-hakchen","18":"product_tag-innenbereich","19":"product_tag-kissen-de","20":"product_tag-samt","21":"product_tag-stricken","22":"product_tag-umarmungen","23":"product_tag-weich","24":"product_shipping_class-paketversand-erforderlich","26":"first","27":"instock","28":"sale","29":"taxable","30":"shipping-taxable","31":"purchasable","32":"product-type-simple"},"bundled_by":[],"bundle_stock_status":"instock","bundle_stock_quantity":3,"bundle_virtual":false,"bundle_layout":"","bundle_add_to_cart_form_location":"","bundle_editable_in_cart":false,"bundle_sold_individually_context":"","bundle_item_grouping":"","bundle_min_size":"","bundle_max_size":"","bundle_price":[],"bundled_items":[],"bundle_sell_ids":[],"yoast_head":"<!-- This site is optimized with the Yoast SEO Premium plugin v27.6 (Yoast SEO v27.6) - https:\/\/yoast.com\/product\/yoast-seo-premium-wordpress\/ -->\n<title>Durable Velvet - Farbe 385 Kaffee - Chenille-Garn<\/title>\n<meta name=\"description\" content=\"Durable Velvet 385 Coffee - Weiches Chenillegarn f\u00fcr Kuscheltiere, Kissen und Einrichtungsgegenst\u00e4nde. Perfekt f\u00fcr Heimwerkerprojekte mit einem luxuri\u00f6sen Gef\u00fchl.\" \/>\n<meta name=\"robots\" content=\"index, follow, max-snippet:-1, max-image-preview:large, max-video-preview:-1\" \/>\n<link rel=\"canonical\" href=\"https:\/\/www.jootjeshaakcadeautjes.nl\/de\/produkt\/durable-velvet-kleur-385-coffee\/\" \/>\n<meta property=\"og:locale\" content=\"de_DE\" \/>\n<meta property=\"og:type\" content=\"article\" \/>\n<meta property=\"og:title\" content=\"Durable Velvet - Farbe 385 Kaffee\" \/>\n<meta property=\"og:description\" content=\"Durable Velvet 385 Coffee - Weiches Chenillegarn f\u00fcr Kuscheltiere, Kissen und Einrichtungsgegenst\u00e4nde. Perfekt f\u00fcr Heimwerkerprojekte mit einem luxuri\u00f6sen Gef\u00fchl.\" \/>\n<meta property=\"og:url\" content=\"https:\/\/www.jootjeshaakcadeautjes.nl\/de\/produkt\/durable-velvet-kleur-385-coffee\/\" \/>\n<meta property=\"og:site_name\" content=\"Jootjes Haakcadeautjes\" \/>\n<meta property=\"article:modified_time\" content=\"2025-03-11T04:44:08+00:00\" \/>\n<meta property=\"og:image\" content=\"https:\/\/www.jootjeshaakcadeautjes.nl\/wp-content\/uploads\/2025\/02\/010.88385.webp\" \/>\n\t<meta property=\"og:image:width\" content=\"1600\" \/>\n\t<meta property=\"og:image:height\" content=\"1600\" \/>\n\t<meta property=\"og:image:type\" content=\"image\/webp\" \/>\n<meta name=\"twitter:card\" content=\"summary_large_image\" \/>\n<meta name=\"twitter:label1\" content=\"Preis\" \/>\n\t<meta name=\"twitter:data1\" content=\"&euro;4.65 inkl. MwSt.\" \/>\n\t<meta name=\"twitter:label2\" content=\"Verf\u00fcgbarkeit\" \/>\n\t<meta name=\"twitter:data2\" content=\"Auf Lager\" \/>\n<script type=\"application\/ld+json\" class=\"yoast-schema-graph\">{\"@context\":\"https:\\\/\\\/schema.org\",\"@graph\":[{\"@type\":\"WebPage\",\"@id\":\"https:\\\/\\\/www.jootjeshaakcadeautjes.nl\\\/de\\\/produkt\\\/durable-velvet-kleur-385-coffee\\\/\",\"url\":\"https:\\\/\\\/www.jootjeshaakcadeautjes.nl\\\/de\\\/produkt\\\/durable-velvet-kleur-385-coffee\\\/\",\"name\":\"Durable Velvet - Farbe 385 Kaffee - Chenille-Garn\",\"isPartOf\":{\"@id\":\"https:\\\/\\\/www.jootjeshaakcadeautjes.nl\\\/de\\\/#website\"},\"primaryImageOfPage\":{\"@id\":\"https:\\\/\\\/www.jootjeshaakcadeautjes.nl\\\/de\\\/produkt\\\/durable-velvet-kleur-385-coffee\\\/#primaryimage\"},\"image\":{\"@id\":\"https:\\\/\\\/www.jootjeshaakcadeautjes.nl\\\/de\\\/produkt\\\/durable-velvet-kleur-385-coffee\\\/#primaryimage\"},\"thumbnailUrl\":\"https:\\\/\\\/d1dyryakdmle7o.cloudfront.net\\\/wp-content\\\/uploads\\\/2025\\\/02\\\/010.88385.webp\",\"datePublished\":\"2025-02-17T15:43:24+00:00\",\"dateModified\":\"2025-03-11T04:44:08+00:00\",\"description\":\"Durable Velvet 385 Coffee - Weiches Chenillegarn f\u00fcr Kuscheltiere, Kissen und Einrichtungsgegenst\u00e4nde. Perfekt f\u00fcr Heimwerkerprojekte mit einem luxuri\u00f6sen Gef\u00fchl.\",\"breadcrumb\":{\"@id\":\"https:\\\/\\\/www.jootjeshaakcadeautjes.nl\\\/de\\\/produkt\\\/durable-velvet-kleur-385-coffee\\\/#breadcrumb\"},\"inLanguage\":\"de\",\"potentialAction\":[{\"@type\":\"ReadAction\",\"target\":[\"https:\\\/\\\/www.jootjeshaakcadeautjes.nl\\\/de\\\/produkt\\\/durable-velvet-kleur-385-coffee\\\/\"]}]},{\"@type\":\"ImageObject\",\"inLanguage\":\"de\",\"@id\":\"https:\\\/\\\/www.jootjeshaakcadeautjes.nl\\\/de\\\/produkt\\\/durable-velvet-kleur-385-coffee\\\/#primaryimage\",\"url\":\"https:\\\/\\\/d1dyryakdmle7o.cloudfront.net\\\/wp-content\\\/uploads\\\/2025\\\/02\\\/010.88385.webp\",\"contentUrl\":\"https:\\\/\\\/d1dyryakdmle7o.cloudfront.net\\\/wp-content\\\/uploads\\\/2025\\\/02\\\/010.88385.webp\",\"width\":1600,\"height\":1600},{\"@type\":\"BreadcrumbList\",\"@id\":\"https:\\\/\\\/www.jootjeshaakcadeautjes.nl\\\/de\\\/produkt\\\/durable-velvet-kleur-385-coffee\\\/#breadcrumb\",\"itemListElement\":[{\"@type\":\"ListItem\",\"position\":1,\"name\":\"Startseite\",\"item\":\"https:\\\/\\\/www.jootjeshaakcadeautjes.nl\\\/de\\\/\"},{\"@type\":\"ListItem\",\"position\":2,\"name\":\"Gro\u00dfhandel mit Silikonperlen &#8211; Business und Consumer\",\"item\":\"https:\\\/\\\/www.jootjeshaakcadeautjes.nl\\\/de\\\/shop\\\/\"},{\"@type\":\"ListItem\",\"position\":3,\"name\":\"Durable Velvet &#8211; Farbe 385 Kaffee\"}]},{\"@type\":\"WebSite\",\"@id\":\"https:\\\/\\\/www.jootjeshaakcadeautjes.nl\\\/de\\\/#website\",\"url\":\"https:\\\/\\\/www.jootjeshaakcadeautjes.nl\\\/de\\\/\",\"name\":\"Jootjes Haakcadeautjes\",\"description\":\"Silikonperlen Gro\u00dfhandel \",\"publisher\":{\"@id\":\"https:\\\/\\\/www.jootjeshaakcadeautjes.nl\\\/de\\\/#organization\"},\"potentialAction\":[{\"@type\":\"SearchAction\",\"target\":{\"@type\":\"EntryPoint\",\"urlTemplate\":\"https:\\\/\\\/www.jootjeshaakcadeautjes.nl\\\/de\\\/?s={search_term_string}\"},\"query-input\":{\"@type\":\"PropertyValueSpecification\",\"valueRequired\":true,\"valueName\":\"search_term_string\"}}],\"inLanguage\":\"de\"},{\"@type\":\"Organization\",\"@id\":\"https:\\\/\\\/www.jootjeshaakcadeautjes.nl\\\/de\\\/#organization\",\"name\":\"Jootjes Haakcadeautjes\",\"url\":\"https:\\\/\\\/www.jootjeshaakcadeautjes.nl\\\/de\\\/\",\"logo\":{\"@type\":\"ImageObject\",\"inLanguage\":\"de\",\"@id\":\"https:\\\/\\\/www.jootjeshaakcadeautjes.nl\\\/de\\\/#\\\/schema\\\/logo\\\/image\\\/\",\"url\":\"https:\\\/\\\/d1dyryakdmle7o.cloudfront.net\\\/wp-content\\\/uploads\\\/2023\\\/05\\\/Logo-rond.png\",\"contentUrl\":\"https:\\\/\\\/d1dyryakdmle7o.cloudfront.net\\\/wp-content\\\/uploads\\\/2023\\\/05\\\/Logo-rond.png\",\"width\":1222,\"height\":1222,\"caption\":\"Jootjes Haakcadeautjes\"},\"image\":{\"@id\":\"https:\\\/\\\/www.jootjeshaakcadeautjes.nl\\\/de\\\/#\\\/schema\\\/logo\\\/image\\\/\"}}]}<\/script>\n<meta property=\"product:price:amount\" content=\"4.65\" \/>\n<meta property=\"product:price:currency\" content=\"EUR\" \/>\n<meta property=\"og:availability\" content=\"instock\" \/>\n<meta property=\"product:availability\" content=\"instock\" \/>\n<meta property=\"product:retailer_item_id\" content=\"DUR-VELV-385\" \/>\n<meta property=\"product:condition\" content=\"new\" \/>\n<!-- \/ Yoast SEO Premium plugin. -->","yoast_head_json":{"title":"Durable Velvet - Farbe 385 Kaffee - Chenille-Garn","description":"Durable Velvet 385 Coffee - Weiches Chenillegarn f\u00fcr Kuscheltiere, Kissen und Einrichtungsgegenst\u00e4nde. Perfekt f\u00fcr Heimwerkerprojekte mit einem luxuri\u00f6sen Gef\u00fchl.","robots":{"index":"index","follow":"follow","max-snippet":"max-snippet:-1","max-image-preview":"max-image-preview:large","max-video-preview":"max-video-preview:-1"},"canonical":"https:\/\/www.jootjeshaakcadeautjes.nl\/de\/produkt\/durable-velvet-kleur-385-coffee\/","og_locale":"de_DE","og_type":"article","og_title":"Durable Velvet - Farbe 385 Kaffee","og_description":"Durable Velvet 385 Coffee - Weiches Chenillegarn f\u00fcr Kuscheltiere, Kissen und Einrichtungsgegenst\u00e4nde. Perfekt f\u00fcr Heimwerkerprojekte mit einem luxuri\u00f6sen Gef\u00fchl.","og_url":"https:\/\/www.jootjeshaakcadeautjes.nl\/de\/produkt\/durable-velvet-kleur-385-coffee\/","og_site_name":"Jootjes Haakcadeautjes","article_modified_time":"2025-03-11T04:44:08+00:00","og_image":[{"width":1600,"height":1600,"url":"https:\/\/www.jootjeshaakcadeautjes.nl\/wp-content\/uploads\/2025\/02\/010.88385.webp","type":"image\/webp"}],"twitter_card":"summary_large_image","twitter_misc":{"Preis":"&euro;4.65 inkl. MwSt.","Verf\u00fcgbarkeit":"Auf Lager"},"schema":{"@context":"https:\/\/schema.org","@graph":[{"@type":"WebPage","@id":"https:\/\/www.jootjeshaakcadeautjes.nl\/de\/produkt\/durable-velvet-kleur-385-coffee\/","url":"https:\/\/www.jootjeshaakcadeautjes.nl\/de\/produkt\/durable-velvet-kleur-385-coffee\/","name":"Durable Velvet - Farbe 385 Kaffee - Chenille-Garn","isPartOf":{"@id":"https:\/\/www.jootjeshaakcadeautjes.nl\/de\/#website"},"primaryImageOfPage":{"@id":"https:\/\/www.jootjeshaakcadeautjes.nl\/de\/produkt\/durable-velvet-kleur-385-coffee\/#primaryimage"},"image":{"@id":"https:\/\/www.jootjeshaakcadeautjes.nl\/de\/produkt\/durable-velvet-kleur-385-coffee\/#primaryimage"},"thumbnailUrl":"https:\/\/d1dyryakdmle7o.cloudfront.net\/wp-content\/uploads\/2025\/02\/010.88385.webp","datePublished":"2025-02-17T15:43:24+00:00","dateModified":"2025-03-11T04:44:08+00:00","description":"Durable Velvet 385 Coffee - Weiches Chenillegarn f\u00fcr Kuscheltiere, Kissen und Einrichtungsgegenst\u00e4nde. Perfekt f\u00fcr Heimwerkerprojekte mit einem luxuri\u00f6sen Gef\u00fchl.","breadcrumb":{"@id":"https:\/\/www.jootjeshaakcadeautjes.nl\/de\/produkt\/durable-velvet-kleur-385-coffee\/#breadcrumb"},"inLanguage":"de","potentialAction":[{"@type":"ReadAction","target":["https:\/\/www.jootjeshaakcadeautjes.nl\/de\/produkt\/durable-velvet-kleur-385-coffee\/"]}]},{"@type":"ImageObject","inLanguage":"de","@id":"https:\/\/www.jootjeshaakcadeautjes.nl\/de\/produkt\/durable-velvet-kleur-385-coffee\/#primaryimage","url":"https:\/\/d1dyryakdmle7o.cloudfront.net\/wp-content\/uploads\/2025\/02\/010.88385.webp","contentUrl":"https:\/\/d1dyryakdmle7o.cloudfront.net\/wp-content\/uploads\/2025\/02\/010.88385.webp","width":1600,"height":1600},{"@type":"BreadcrumbList","@id":"https:\/\/www.jootjeshaakcadeautjes.nl\/de\/produkt\/durable-velvet-kleur-385-coffee\/#breadcrumb","itemListElement":[{"@type":"ListItem","position":1,"name":"Startseite","item":"https:\/\/www.jootjeshaakcadeautjes.nl\/de\/"},{"@type":"ListItem","position":2,"name":"Gro\u00dfhandel mit Silikonperlen &#8211; Business und Consumer","item":"https:\/\/www.jootjeshaakcadeautjes.nl\/de\/shop\/"},{"@type":"ListItem","position":3,"name":"Durable Velvet &#8211; Farbe 385 Kaffee"}]},{"@type":"WebSite","@id":"https:\/\/www.jootjeshaakcadeautjes.nl\/de\/#website","url":"https:\/\/www.jootjeshaakcadeautjes.nl\/de\/","name":"Jootjes Haakcadeautjes","description":"Silikonperlen Gro\u00dfhandel ","publisher":{"@id":"https:\/\/www.jootjeshaakcadeautjes.nl\/de\/#organization"},"potentialAction":[{"@type":"SearchAction","target":{"@type":"EntryPoint","urlTemplate":"https:\/\/www.jootjeshaakcadeautjes.nl\/de\/?s={search_term_string}"},"query-input":{"@type":"PropertyValueSpecification","valueRequired":true,"valueName":"search_term_string"}}],"inLanguage":"de"},{"@type":"Organization","@id":"https:\/\/www.jootjeshaakcadeautjes.nl\/de\/#organization","name":"Jootjes Haakcadeautjes","url":"https:\/\/www.jootjeshaakcadeautjes.nl\/de\/","logo":{"@type":"ImageObject","inLanguage":"de","@id":"https:\/\/www.jootjeshaakcadeautjes.nl\/de\/#\/schema\/logo\/image\/","url":"https:\/\/d1dyryakdmle7o.cloudfront.net\/wp-content\/uploads\/2023\/05\/Logo-rond.png","contentUrl":"https:\/\/d1dyryakdmle7o.cloudfront.net\/wp-content\/uploads\/2023\/05\/Logo-rond.png","width":1222,"height":1222,"caption":"Jootjes Haakcadeautjes"},"image":{"@id":"https:\/\/www.jootjeshaakcadeautjes.nl\/de\/#\/schema\/logo\/image\/"}}]},"product_price_amount":"4.65","product_price_currency":"EUR","og_availability":"instock","product_availability":"instock","product_retailer_item_id":"DUR-VELV-385","product_condition":"new"},"_links":{"self":[{"href":"https:\/\/www.jootjeshaakcadeautjes.nl\/de\/wp-json\/wp\/v2\/product\/190762","targetHints":{"allow":["GET"]}}],"collection":[{"href":"https:\/\/www.jootjeshaakcadeautjes.nl\/de\/wp-json\/wp\/v2\/product"}],"about":[{"href":"https:\/\/www.jootjeshaakcadeautjes.nl\/de\/wp-json\/wp\/v2\/types\/product"}],"version-history":[{"count":0,"href":"https:\/\/www.jootjeshaakcadeautjes.nl\/de\/wp-json\/wp\/v2\/product\/190762\/revisions"}],"wp:featuredmedia":[{"embeddable":true,"href":"https:\/\/www.jootjeshaakcadeautjes.nl\/de\/wp-json\/wp\/v2\/media\/189143"}],"wp:attachment":[{"href":"https:\/\/www.jootjeshaakcadeautjes.nl\/de\/wp-json\/wp\/v2\/media?parent=190762"}],"wp:term":[{"taxonomy":"product_brand","embeddable":true,"href":"https:\/\/www.jootjeshaakcadeautjes.nl\/de\/wp-json\/wp\/v2\/product_brand?post=190762"},{"taxonomy":"product_cat","embeddable":true,"href":"https:\/\/www.jootjeshaakcadeautjes.nl\/de\/wp-json\/wp\/v2\/product_cat?post=190762"},{"taxonomy":"product_tag","embeddable":true,"href":"https:\/\/www.jootjeshaakcadeautjes.nl\/de\/wp-json\/wp\/v2\/product_tag?post=190762"}],"curies":[{"name":"wp","href":"https:\/\/api.w.org\/{rel}","templated":true}]}}