{"id":190804,"date":"2025-02-13T15:14:28","date_gmt":"2025-02-13T14:14:28","guid":{"rendered":"https:\/\/www.jootjeshaakcadeautjes.nl\/product\/gehaakte-kraal-omhaakte-houten-kraal-20-mm-reebruin\/"},"modified":"2026-02-16T10:09:55","modified_gmt":"2026-02-16T09:09:55","slug":"gehaakte-kraal-omhaakte-houten-kraal-20-mm-reebruin","status":"publish","type":"product","link":"https:\/\/www.jootjeshaakcadeautjes.nl\/de\/produkt\/gehaakte-kraal-omhaakte-houten-kraal-20-mm-reebruin\/","title":{"rendered":"H\u00e4kelperle &#8211; Geh\u00e4kelte Holzperle &#8211; 20 mm &#8211; R\u00f6tlich braun"},"content":{"rendered":"<h2>H\u00e4kelperle &#8211; Geh\u00e4kelte Holzperle &#8211; 20 mm &#8211; R\u00f6tlich braun<\/h2>\n<p>Material: Holzperle, geh\u00e4kelt mit babygerechter, farbiger Baumwolle.<br \/>\nFarbcode: Reebruin<\/p>\n<p>JootjesHaakcadejes ist ein Gro\u00dfh\u00e4ndler f\u00fcr Baby-Bei\u00dfspielzeugmaterialien und gleichzeitig ein Webshop f\u00fcr Wolle, Garn und H\u00e4kelzubeh\u00f6r. Durch diese Kombination bieten wir Ihnen sowohl die Standardmaterialien f\u00fcr Baby-Bei\u00dfspielzeug. Sie werden viel Freude daran haben, diese Perlen f\u00fcr Kinderwagenschn\u00fcre, Schnuller, Bei\u00dfringe, Kinderwagenaufh\u00e4nger, Taschenaufh\u00e4nger, Schl\u00fcsselanh\u00e4nger und vieles mehr zu verwenden! Durch unseren Status als Gro\u00dfh\u00e4ndler kaufen Sie bei uns immer zum besten Preis, auch bei kleinen Bestellungen. Schauen und vergleichen Sie!    <\/p>\n<p>Die Perlen sind aus 100% babygerechter Baumwolle hergestellt. Diese Baumwolle ist v\u00f6llig frei von Giftstoffen und kann ohne Risiko f\u00fcr Bei\u00dfspielzeug verwendet werden. <\/p>\n<p>Befestigen Sie die Perlen immer sehr sicher in Ihren Kreationen. Jootjes Haakcadeautjes haftet niemals f\u00fcr Sch\u00e4den, die durch Ihre fertigen Kreationen entstehen.<br \/>\nWir k\u00f6nnen niemals f\u00fcr die Befestigungsmethode garantieren. <\/p>\n","protected":false},"excerpt":{"rendered":"<p>Geh\u00e4kelte Perlen; Holzperle mit geh\u00e4keltem, babygerechtem Baumwollgurt.<\/p>\n<ul>\n<li>Gr\u00f6\u00dfe: 20 mm Holzperle mit Baumwolle<\/li>\n<li>Farbcode: Reebruin<\/li>\n<\/ul>\n<p>Handgeh\u00e4kelt.<br \/>\n100% babygerechtes Baumwollgarn.<\/p>\n","protected":false},"featured_media":188741,"template":"","meta":[],"product_brand":[],"product_cat":[9024,7380,8045],"product_tag":[7529,7519,7510,17050,7385,7416,8268,9025,9027,9743,7196,7442,7397,7199,15110,7520],"class_list":{"0":"post-190804","1":"product","2":"type-product","3":"status-publish","4":"has-post-thumbnail","6":"product_cat-gehakelte-perlen-gehakelte-holzperlen","7":"product_cat-herstellung-von-baby-beisspielzeug-materialien-fur-schnuller-und-beisringe","8":"product_cat-holzperlen-schnullerband-und-beisring-alle-holzperlen","9":"product_tag-20-de","10":"product_tag-20-mm-de","11":"product_tag-baby-de","12":"product_tag-baumwolle-de","13":"product_tag-beisring","14":"product_tag-gummischnur","15":"product_tag-hakchen","16":"product_tag-hakeln","17":"product_tag-hakeln-de","18":"product_tag-hakeln-de-4","19":"product_tag-holz","20":"product_tag-kinderwagenkette","21":"product_tag-mm-de","22":"product_tag-perlen","23":"product_tag-reebruin-de","24":"product_tag-sicher","26":"first","27":"instock","28":"taxable","29":"shipping-taxable","30":"purchasable","31":"product-type-simple"},"bundled_by":[],"bundle_stock_status":"instock","bundle_stock_quantity":146,"bundle_virtual":false,"bundle_layout":"","bundle_add_to_cart_form_location":"","bundle_editable_in_cart":false,"bundle_sold_individually_context":"","bundle_item_grouping":"","bundle_min_size":"","bundle_max_size":"","bundle_price":[],"bundled_items":[],"bundle_sell_ids":[],"yoast_head":"<!-- This site is optimized with the Yoast SEO Premium plugin v27.6 (Yoast SEO v27.6) - https:\/\/yoast.com\/product\/yoast-seo-premium-wordpress\/ -->\n<title>Geh\u00e4kelte \/ geh\u00e4kelte Perle - 20 mm - Rotbraun - Gro\u00dfhandel<\/title>\n<meta name=\"description\" content=\"H\u00e4kelperlen in der Farbe Reebruin aus babysicherer farbiger Baumwolle. Holzperle mit geh\u00e4kelter Au\u00dfenseite. H\u00e4kelperle Rotbraun Gr\u00f6\u00dfe 20 mm\" \/>\n<meta name=\"robots\" content=\"index, follow, max-snippet:-1, max-image-preview:large, max-video-preview:-1\" \/>\n<link rel=\"canonical\" href=\"https:\/\/www.jootjeshaakcadeautjes.nl\/de\/produkt\/gehaakte-kraal-omhaakte-houten-kraal-20-mm-reebruin\/\" \/>\n<meta property=\"og:locale\" content=\"de_DE\" \/>\n<meta property=\"og:type\" content=\"article\" \/>\n<meta property=\"og:title\" content=\"H\u00e4kelperle - Geh\u00e4kelte Holzperle - 20 mm - R\u00f6tlich braun\" \/>\n<meta property=\"og:description\" content=\"H\u00e4kelperlen in der Farbe Reebruin aus babysicherer farbiger Baumwolle. Holzperle mit geh\u00e4kelter Au\u00dfenseite. H\u00e4kelperle Rotbraun Gr\u00f6\u00dfe 20 mm\" \/>\n<meta property=\"og:url\" content=\"https:\/\/www.jootjeshaakcadeautjes.nl\/de\/produkt\/gehaakte-kraal-omhaakte-houten-kraal-20-mm-reebruin\/\" \/>\n<meta property=\"og:site_name\" content=\"Jootjes Haakcadeautjes\" \/>\n<meta property=\"article:modified_time\" content=\"2026-02-16T09:09:55+00:00\" \/>\n<meta property=\"og:image\" content=\"https:\/\/www.jootjeshaakcadeautjes.nl\/wp-content\/uploads\/2025\/02\/20250211_141855.jpg\" \/>\n\t<meta property=\"og:image:width\" content=\"2048\" \/>\n\t<meta property=\"og:image:height\" content=\"2048\" \/>\n\t<meta property=\"og:image:type\" content=\"image\/jpeg\" \/>\n<meta name=\"twitter:card\" content=\"summary_large_image\" \/>\n<meta name=\"twitter:label1\" content=\"Preis\" \/>\n\t<meta name=\"twitter:data1\" content=\"&euro;0.60 inkl. MwSt.\" \/>\n\t<meta name=\"twitter:label2\" content=\"Verf\u00fcgbarkeit\" \/>\n\t<meta name=\"twitter:data2\" content=\"Auf Lager\" \/>\n<script type=\"application\/ld+json\" class=\"yoast-schema-graph\">{\"@context\":\"https:\\\/\\\/schema.org\",\"@graph\":[{\"@type\":\"WebPage\",\"@id\":\"https:\\\/\\\/www.jootjeshaakcadeautjes.nl\\\/de\\\/produkt\\\/gehaakte-kraal-omhaakte-houten-kraal-20-mm-reebruin\\\/\",\"url\":\"https:\\\/\\\/www.jootjeshaakcadeautjes.nl\\\/de\\\/produkt\\\/gehaakte-kraal-omhaakte-houten-kraal-20-mm-reebruin\\\/\",\"name\":\"Geh\u00e4kelte \\\/ geh\u00e4kelte Perle - 20 mm - Rotbraun - Gro\u00dfhandel\",\"isPartOf\":{\"@id\":\"https:\\\/\\\/www.jootjeshaakcadeautjes.nl\\\/de\\\/#website\"},\"primaryImageOfPage\":{\"@id\":\"https:\\\/\\\/www.jootjeshaakcadeautjes.nl\\\/de\\\/produkt\\\/gehaakte-kraal-omhaakte-houten-kraal-20-mm-reebruin\\\/#primaryimage\"},\"image\":{\"@id\":\"https:\\\/\\\/www.jootjeshaakcadeautjes.nl\\\/de\\\/produkt\\\/gehaakte-kraal-omhaakte-houten-kraal-20-mm-reebruin\\\/#primaryimage\"},\"thumbnailUrl\":\"https:\\\/\\\/d1dyryakdmle7o.cloudfront.net\\\/wp-content\\\/uploads\\\/2025\\\/02\\\/20250211_141855.jpg\",\"datePublished\":\"2025-02-13T14:14:28+00:00\",\"dateModified\":\"2026-02-16T09:09:55+00:00\",\"description\":\"H\u00e4kelperlen in der Farbe Reebruin aus babysicherer farbiger Baumwolle. Holzperle mit geh\u00e4kelter Au\u00dfenseite. H\u00e4kelperle Rotbraun Gr\u00f6\u00dfe 20 mm\",\"breadcrumb\":{\"@id\":\"https:\\\/\\\/www.jootjeshaakcadeautjes.nl\\\/de\\\/produkt\\\/gehaakte-kraal-omhaakte-houten-kraal-20-mm-reebruin\\\/#breadcrumb\"},\"inLanguage\":\"de\",\"potentialAction\":[{\"@type\":\"ReadAction\",\"target\":[\"https:\\\/\\\/www.jootjeshaakcadeautjes.nl\\\/de\\\/produkt\\\/gehaakte-kraal-omhaakte-houten-kraal-20-mm-reebruin\\\/\"]}]},{\"@type\":\"ImageObject\",\"inLanguage\":\"de\",\"@id\":\"https:\\\/\\\/www.jootjeshaakcadeautjes.nl\\\/de\\\/produkt\\\/gehaakte-kraal-omhaakte-houten-kraal-20-mm-reebruin\\\/#primaryimage\",\"url\":\"https:\\\/\\\/d1dyryakdmle7o.cloudfront.net\\\/wp-content\\\/uploads\\\/2025\\\/02\\\/20250211_141855.jpg\",\"contentUrl\":\"https:\\\/\\\/d1dyryakdmle7o.cloudfront.net\\\/wp-content\\\/uploads\\\/2025\\\/02\\\/20250211_141855.jpg\",\"width\":2048,\"height\":2048},{\"@type\":\"BreadcrumbList\",\"@id\":\"https:\\\/\\\/www.jootjeshaakcadeautjes.nl\\\/de\\\/produkt\\\/gehaakte-kraal-omhaakte-houten-kraal-20-mm-reebruin\\\/#breadcrumb\",\"itemListElement\":[{\"@type\":\"ListItem\",\"position\":1,\"name\":\"Startseite\",\"item\":\"https:\\\/\\\/www.jootjeshaakcadeautjes.nl\\\/de\\\/\"},{\"@type\":\"ListItem\",\"position\":2,\"name\":\"Gro\u00dfhandel mit Silikonperlen &#8211; Business und Consumer\",\"item\":\"https:\\\/\\\/www.jootjeshaakcadeautjes.nl\\\/de\\\/shop\\\/\"},{\"@type\":\"ListItem\",\"position\":3,\"name\":\"H\u00e4kelperle &#8211; Geh\u00e4kelte Holzperle &#8211; 20 mm &#8211; R\u00f6tlich braun\"}]},{\"@type\":\"WebSite\",\"@id\":\"https:\\\/\\\/www.jootjeshaakcadeautjes.nl\\\/de\\\/#website\",\"url\":\"https:\\\/\\\/www.jootjeshaakcadeautjes.nl\\\/de\\\/\",\"name\":\"Jootjes Haakcadeautjes\",\"description\":\"Silikonperlen Gro\u00dfhandel \",\"publisher\":{\"@id\":\"https:\\\/\\\/www.jootjeshaakcadeautjes.nl\\\/de\\\/#organization\"},\"potentialAction\":[{\"@type\":\"SearchAction\",\"target\":{\"@type\":\"EntryPoint\",\"urlTemplate\":\"https:\\\/\\\/www.jootjeshaakcadeautjes.nl\\\/de\\\/?s={search_term_string}\"},\"query-input\":{\"@type\":\"PropertyValueSpecification\",\"valueRequired\":true,\"valueName\":\"search_term_string\"}}],\"inLanguage\":\"de\"},{\"@type\":\"Organization\",\"@id\":\"https:\\\/\\\/www.jootjeshaakcadeautjes.nl\\\/de\\\/#organization\",\"name\":\"Jootjes Haakcadeautjes\",\"url\":\"https:\\\/\\\/www.jootjeshaakcadeautjes.nl\\\/de\\\/\",\"logo\":{\"@type\":\"ImageObject\",\"inLanguage\":\"de\",\"@id\":\"https:\\\/\\\/www.jootjeshaakcadeautjes.nl\\\/de\\\/#\\\/schema\\\/logo\\\/image\\\/\",\"url\":\"https:\\\/\\\/d1dyryakdmle7o.cloudfront.net\\\/wp-content\\\/uploads\\\/2023\\\/05\\\/Logo-rond.png\",\"contentUrl\":\"https:\\\/\\\/d1dyryakdmle7o.cloudfront.net\\\/wp-content\\\/uploads\\\/2023\\\/05\\\/Logo-rond.png\",\"width\":1222,\"height\":1222,\"caption\":\"Jootjes Haakcadeautjes\"},\"image\":{\"@id\":\"https:\\\/\\\/www.jootjeshaakcadeautjes.nl\\\/de\\\/#\\\/schema\\\/logo\\\/image\\\/\"}}]}<\/script>\n<meta property=\"product:price:amount\" content=\"0.60\" \/>\n<meta property=\"product:price:currency\" content=\"EUR\" \/>\n<meta property=\"og:availability\" content=\"instock\" \/>\n<meta property=\"product:availability\" content=\"instock\" \/>\n<meta property=\"product:retailer_item_id\" content=\"OMH-20M-REB\" \/>\n<meta property=\"product:condition\" content=\"new\" \/>\n<!-- \/ Yoast SEO Premium plugin. -->","yoast_head_json":{"title":"Geh\u00e4kelte \/ geh\u00e4kelte Perle - 20 mm - Rotbraun - Gro\u00dfhandel","description":"H\u00e4kelperlen in der Farbe Reebruin aus babysicherer farbiger Baumwolle. Holzperle mit geh\u00e4kelter Au\u00dfenseite. H\u00e4kelperle Rotbraun Gr\u00f6\u00dfe 20 mm","robots":{"index":"index","follow":"follow","max-snippet":"max-snippet:-1","max-image-preview":"max-image-preview:large","max-video-preview":"max-video-preview:-1"},"canonical":"https:\/\/www.jootjeshaakcadeautjes.nl\/de\/produkt\/gehaakte-kraal-omhaakte-houten-kraal-20-mm-reebruin\/","og_locale":"de_DE","og_type":"article","og_title":"H\u00e4kelperle - Geh\u00e4kelte Holzperle - 20 mm - R\u00f6tlich braun","og_description":"H\u00e4kelperlen in der Farbe Reebruin aus babysicherer farbiger Baumwolle. Holzperle mit geh\u00e4kelter Au\u00dfenseite. H\u00e4kelperle Rotbraun Gr\u00f6\u00dfe 20 mm","og_url":"https:\/\/www.jootjeshaakcadeautjes.nl\/de\/produkt\/gehaakte-kraal-omhaakte-houten-kraal-20-mm-reebruin\/","og_site_name":"Jootjes Haakcadeautjes","article_modified_time":"2026-02-16T09:09:55+00:00","og_image":[{"width":2048,"height":2048,"url":"https:\/\/www.jootjeshaakcadeautjes.nl\/wp-content\/uploads\/2025\/02\/20250211_141855.jpg","type":"image\/jpeg"}],"twitter_card":"summary_large_image","twitter_misc":{"Preis":"&euro;0.60 inkl. MwSt.","Verf\u00fcgbarkeit":"Auf Lager"},"schema":{"@context":"https:\/\/schema.org","@graph":[{"@type":"WebPage","@id":"https:\/\/www.jootjeshaakcadeautjes.nl\/de\/produkt\/gehaakte-kraal-omhaakte-houten-kraal-20-mm-reebruin\/","url":"https:\/\/www.jootjeshaakcadeautjes.nl\/de\/produkt\/gehaakte-kraal-omhaakte-houten-kraal-20-mm-reebruin\/","name":"Geh\u00e4kelte \/ geh\u00e4kelte Perle - 20 mm - Rotbraun - Gro\u00dfhandel","isPartOf":{"@id":"https:\/\/www.jootjeshaakcadeautjes.nl\/de\/#website"},"primaryImageOfPage":{"@id":"https:\/\/www.jootjeshaakcadeautjes.nl\/de\/produkt\/gehaakte-kraal-omhaakte-houten-kraal-20-mm-reebruin\/#primaryimage"},"image":{"@id":"https:\/\/www.jootjeshaakcadeautjes.nl\/de\/produkt\/gehaakte-kraal-omhaakte-houten-kraal-20-mm-reebruin\/#primaryimage"},"thumbnailUrl":"https:\/\/d1dyryakdmle7o.cloudfront.net\/wp-content\/uploads\/2025\/02\/20250211_141855.jpg","datePublished":"2025-02-13T14:14:28+00:00","dateModified":"2026-02-16T09:09:55+00:00","description":"H\u00e4kelperlen in der Farbe Reebruin aus babysicherer farbiger Baumwolle. Holzperle mit geh\u00e4kelter Au\u00dfenseite. H\u00e4kelperle Rotbraun Gr\u00f6\u00dfe 20 mm","breadcrumb":{"@id":"https:\/\/www.jootjeshaakcadeautjes.nl\/de\/produkt\/gehaakte-kraal-omhaakte-houten-kraal-20-mm-reebruin\/#breadcrumb"},"inLanguage":"de","potentialAction":[{"@type":"ReadAction","target":["https:\/\/www.jootjeshaakcadeautjes.nl\/de\/produkt\/gehaakte-kraal-omhaakte-houten-kraal-20-mm-reebruin\/"]}]},{"@type":"ImageObject","inLanguage":"de","@id":"https:\/\/www.jootjeshaakcadeautjes.nl\/de\/produkt\/gehaakte-kraal-omhaakte-houten-kraal-20-mm-reebruin\/#primaryimage","url":"https:\/\/d1dyryakdmle7o.cloudfront.net\/wp-content\/uploads\/2025\/02\/20250211_141855.jpg","contentUrl":"https:\/\/d1dyryakdmle7o.cloudfront.net\/wp-content\/uploads\/2025\/02\/20250211_141855.jpg","width":2048,"height":2048},{"@type":"BreadcrumbList","@id":"https:\/\/www.jootjeshaakcadeautjes.nl\/de\/produkt\/gehaakte-kraal-omhaakte-houten-kraal-20-mm-reebruin\/#breadcrumb","itemListElement":[{"@type":"ListItem","position":1,"name":"Startseite","item":"https:\/\/www.jootjeshaakcadeautjes.nl\/de\/"},{"@type":"ListItem","position":2,"name":"Gro\u00dfhandel mit Silikonperlen &#8211; Business und Consumer","item":"https:\/\/www.jootjeshaakcadeautjes.nl\/de\/shop\/"},{"@type":"ListItem","position":3,"name":"H\u00e4kelperle &#8211; Geh\u00e4kelte Holzperle &#8211; 20 mm &#8211; R\u00f6tlich braun"}]},{"@type":"WebSite","@id":"https:\/\/www.jootjeshaakcadeautjes.nl\/de\/#website","url":"https:\/\/www.jootjeshaakcadeautjes.nl\/de\/","name":"Jootjes Haakcadeautjes","description":"Silikonperlen Gro\u00dfhandel ","publisher":{"@id":"https:\/\/www.jootjeshaakcadeautjes.nl\/de\/#organization"},"potentialAction":[{"@type":"SearchAction","target":{"@type":"EntryPoint","urlTemplate":"https:\/\/www.jootjeshaakcadeautjes.nl\/de\/?s={search_term_string}"},"query-input":{"@type":"PropertyValueSpecification","valueRequired":true,"valueName":"search_term_string"}}],"inLanguage":"de"},{"@type":"Organization","@id":"https:\/\/www.jootjeshaakcadeautjes.nl\/de\/#organization","name":"Jootjes Haakcadeautjes","url":"https:\/\/www.jootjeshaakcadeautjes.nl\/de\/","logo":{"@type":"ImageObject","inLanguage":"de","@id":"https:\/\/www.jootjeshaakcadeautjes.nl\/de\/#\/schema\/logo\/image\/","url":"https:\/\/d1dyryakdmle7o.cloudfront.net\/wp-content\/uploads\/2023\/05\/Logo-rond.png","contentUrl":"https:\/\/d1dyryakdmle7o.cloudfront.net\/wp-content\/uploads\/2023\/05\/Logo-rond.png","width":1222,"height":1222,"caption":"Jootjes Haakcadeautjes"},"image":{"@id":"https:\/\/www.jootjeshaakcadeautjes.nl\/de\/#\/schema\/logo\/image\/"}}]},"product_price_amount":"0.60","product_price_currency":"EUR","og_availability":"instock","product_availability":"instock","product_retailer_item_id":"OMH-20M-REB","product_condition":"new"},"_links":{"self":[{"href":"https:\/\/www.jootjeshaakcadeautjes.nl\/de\/wp-json\/wp\/v2\/product\/190804","targetHints":{"allow":["GET"]}}],"collection":[{"href":"https:\/\/www.jootjeshaakcadeautjes.nl\/de\/wp-json\/wp\/v2\/product"}],"about":[{"href":"https:\/\/www.jootjeshaakcadeautjes.nl\/de\/wp-json\/wp\/v2\/types\/product"}],"version-history":[{"count":0,"href":"https:\/\/www.jootjeshaakcadeautjes.nl\/de\/wp-json\/wp\/v2\/product\/190804\/revisions"}],"wp:featuredmedia":[{"embeddable":true,"href":"https:\/\/www.jootjeshaakcadeautjes.nl\/de\/wp-json\/wp\/v2\/media\/188741"}],"wp:attachment":[{"href":"https:\/\/www.jootjeshaakcadeautjes.nl\/de\/wp-json\/wp\/v2\/media?parent=190804"}],"wp:term":[{"taxonomy":"product_brand","embeddable":true,"href":"https:\/\/www.jootjeshaakcadeautjes.nl\/de\/wp-json\/wp\/v2\/product_brand?post=190804"},{"taxonomy":"product_cat","embeddable":true,"href":"https:\/\/www.jootjeshaakcadeautjes.nl\/de\/wp-json\/wp\/v2\/product_cat?post=190804"},{"taxonomy":"product_tag","embeddable":true,"href":"https:\/\/www.jootjeshaakcadeautjes.nl\/de\/wp-json\/wp\/v2\/product_tag?post=190804"}],"curies":[{"name":"wp","href":"https:\/\/api.w.org\/{rel}","templated":true}]}}