{"id":217183,"date":"2025-12-14T09:35:42","date_gmt":"2025-12-14T08:35:42","guid":{"rendered":"https:\/\/www.jootjeshaakcadeautjes.nl\/?post_type=product&#038;p=217183"},"modified":"2026-02-16T18:01:02","modified_gmt":"2026-02-16T17:01:02","slug":"bijtfiguur-siliconen-en-hout-konijn-dark-teal","status":"publish","type":"product","link":"https:\/\/www.jootjeshaakcadeautjes.nl\/de\/produkt\/bijtfiguur-siliconen-en-hout-konijn-dark-teal\/","title":{"rendered":"Figur zum Zahnen &#8211; Silikon und Holz &#8211; Kaninchen &#8211; Dark Teal"},"content":{"rendered":"<h2>Silikon-Zahnfigur &#8211; Silikon und Holz &#8211; Kaninchen &#8211; Dunkles Teal<\/h2>\n<ul>\n<li>Modell: Kaninchen<\/li>\n<li>Farbe: Dark Teal<\/li>\n<li>Material: EN-71 chemisch sicher getestetes Buchenholz und Silikonmaterial, v\u00f6llig BPA-frei.<\/li>\n<\/ul>\n<h2 data-start=\"309\" data-end=\"339\">\ud83c\udf3f Material und Sicherheit<\/h2>\n<p data-start=\"340\" data-end=\"613\">Diese Bei\u00dffigur aus Silikon und Holz in Form eines Kaninchens ist aus <strong data-start=\"405\" data-end=\"423\">unbehandeltem Holz<\/strong> gefertigt. Das Holz ist also nicht lackiert, gebeizt oder ge\u00f6lt. Au\u00dferdem ist sie aus EN-71 chemisch unbedenklichem, gepr\u00fcftem Silikonmaterial hergestellt. Alle unsere Holz- und Silikonmaterialien wurden von einem <strong data-start=\"490\" data-end=\"514\">unabh\u00e4ngigen<\/strong> <strong data-start=\"524\" data-end=\"559\">, ISO-zertifizierten Labor<\/strong> <strong data-start=\"490\" data-end=\"514\">getestet<\/strong> und <strong data-start=\"581\" data-end=\"612\">f\u00fcr<\/strong> chemisch v\u00f6llig <strong data-start=\"581\" data-end=\"612\">unbedenklich f\u00fcr Babys befunden<\/strong>.   <\/p>\n<h2 data-start=\"615\" data-end=\"644\">\ud83c\udf32 Nat\u00fcrliche Variationen<\/h2>\n<p data-start=\"645\" data-end=\"906\">So ist eine Bei\u00dffigur aus Silikon und Holz auch teilweise aus Holz, einem <strong data-start=\"692\" data-end=\"716\">nat\u00fcrlichen Material<\/strong>, gefertigt. Daher kann sich jede Bei\u00dffigur leicht in Farbe, Markierungen oder \u00c4sten unterscheiden. <\/p>\n<h2 data-start=\"908\" data-end=\"935\">\u26a0\ufe0f Kontrolle und Abnutzung<\/h2>\n<p data-start=\"936\" data-end=\"1155\">Holz ist anf\u00e4llig f\u00fcr Abnutzung durch Gebrauch, Temperatur und Feuchtigkeit. \u00dcberpr\u00fcfen Sie einen Bei\u00dfring aus Holz <g id=\"gid_0\">vor jedem Gebrauch<\/g> auf Sch\u00e4den. Ersetzen Sie ihn bei den ersten Anzeichen von Abnutzung, um eine sichere Verwendung zu gew\u00e4hrleisten.  <\/p>\n<h2 data-start=\"1157\" data-end=\"1190\">\ud83d\udd27 Verwendung als DIY-Teil<\/h2>\n<p data-start=\"1191\" data-end=\"1309\">Diese Bissanzeiger sind zum <strong data-start=\"1225\" data-end=\"1242\">Selbermachen<\/strong> gedacht, in Kombination mit anderen Materialien. Sie k\u00f6nnen sie verwenden f\u00fcr: <\/p>\n<ul data-start=\"1310\" data-end=\"1415\">\n<li data-start=\"1310\" data-end=\"1326\">\n<p data-start=\"1312\" data-end=\"1326\">einen Bei\u00dfring<\/p>\n<\/li>\n<li data-start=\"1327\" data-end=\"1352\">\n<p data-start=\"1329\" data-end=\"1352\">ein Aktivit\u00e4tsw\u00fcrfel<\/p>\n<\/li>\n<li data-start=\"1353\" data-end=\"1373\">\n<p data-start=\"1355\" data-end=\"1373\">einen Waggonspanner<\/p>\n<\/li>\n<li data-start=\"1374\" data-end=\"1398\">\n<p data-start=\"1376\" data-end=\"1398\">Sinnesspielzeug<\/p>\n<\/li>\n<li data-start=\"1399\" data-end=\"1415\">\n<p data-start=\"1401\" data-end=\"1415\">andere Geschenke f\u00fcr die Mutterschaft<\/p>\n<\/li>\n<\/ul>\n<p data-start=\"1417\" data-end=\"1726\">Das von Ihnen hergestellte <strong data-start=\"1421\" data-end=\"1436\">Endprodukt<\/strong> muss den <strong data-start=\"1470\" data-end=\"1494\">Spielzeugrichtlinien<\/strong> entsprechen. Wir bieten die chemische Sicherheit des Holzes, aber wir k\u00f6nnen die <strong data-start=\"1558\" data-end=\"1584\">mechanische Sicherheit<\/strong> (die Konstruktion) nicht pr\u00fcfen. Das liegt daran, dass jede Kombination anders ist. Die Verantwortung daf\u00fcr liegt bei Ihnen als Hersteller.   <\/p>\n<p>Diese Bei\u00dffigur passt perfekt zu unseren Buchenholzperlen, Ringen und anderen Produkten in der Farbe Dark Teal.<\/p>\n","protected":false},"excerpt":{"rendered":"<ul>\n<li>Form: Kaninchen<\/li>\n<li>Farbe: Dark Teal<\/li>\n<li>Hergestellt aus rohem Buchenholz (nicht lackiert, gebeizt oder ge\u00f6lt) und Silikonmaterial. Beides chemisch babysicher getestet nach EN-71, REACH und EU-Spielzeugrichtlinie.  BPA-frei!<\/li>\n<li>Bei\u00dffigur \/ Bei\u00dfring, bestimmt als Teil eines Bei\u00dfrings oder eines anderen Produkts.<\/li>\n<\/ul>\n<p>Weitere Informationen zur Verwendung finden Sie am Ende der Seite.<\/p>\n","protected":false},"featured_media":264264,"template":"","meta":[],"product_brand":[],"product_cat":[8308,7184],"product_tag":[7510,7385,7562,7419,8047,14258,8315,7901,8046,9143,7451,8317,7520,7211,8309],"class_list":{"0":"post-217183","1":"product","2":"type-product","3":"status-publish","4":"has-post-thumbnail","6":"product_cat-beisringe-und-beismarken-aus-silikon-und-holz","7":"product_cat-neue-produkte","8":"product_tag-baby-de","9":"product_tag-beisring","10":"product_tag-bisswunde","11":"product_tag-bpa-de","12":"product_tag-buche","13":"product_tag-dunkel-teal","14":"product_tag-durchkommend","15":"product_tag-en-71-de","16":"product_tag-holz-de","17":"product_tag-kaninchen","18":"product_tag-kostenlos","19":"product_tag-kuhlung","20":"product_tag-sicher","21":"product_tag-silikon","22":"product_tag-zahne","24":"first","25":"outofstock","26":"taxable","27":"shipping-taxable","28":"purchasable","29":"product-type-simple"},"bundled_by":[],"bundle_stock_status":"outofstock","bundle_stock_quantity":0,"bundle_virtual":false,"bundle_layout":"","bundle_add_to_cart_form_location":"","bundle_editable_in_cart":false,"bundle_sold_individually_context":"","bundle_item_grouping":"","bundle_min_size":"","bundle_max_size":"","bundle_price":[],"bundled_items":[],"bundle_sell_ids":[],"yoast_head":"<!-- This site is optimized with the Yoast SEO Premium plugin v27.6 (Yoast SEO v27.6) - https:\/\/yoast.com\/product\/yoast-seo-premium-wordpress\/ -->\n<title>Zahnen Figur - Silikon und Holz - Kaninchen - Dark Teal<\/title>\n<meta name=\"description\" content=\"Bei\u00dffigur in Form eines Hasen aus hochwertigem, babygerechtem Silikon und babygerechtem Buchenholz in der Farbe Dark Teal. BPA-frei.\" \/>\n<meta name=\"robots\" content=\"index, follow, max-snippet:-1, max-image-preview:large, max-video-preview:-1\" \/>\n<link rel=\"canonical\" href=\"https:\/\/www.jootjeshaakcadeautjes.nl\/de\/produkt\/bijtfiguur-siliconen-en-hout-konijn-dark-teal\/\" \/>\n<meta property=\"og:locale\" content=\"de_DE\" \/>\n<meta property=\"og:type\" content=\"article\" \/>\n<meta property=\"og:title\" content=\"Figur zum Zahnen - Silikon und Holz - Kaninchen - Dark Teal\" \/>\n<meta property=\"og:description\" content=\"Bei\u00dffigur in Form eines Hasen aus hochwertigem, babygerechtem Silikon und babygerechtem Buchenholz in der Farbe Dark Teal. BPA-frei.\" \/>\n<meta property=\"og:url\" content=\"https:\/\/www.jootjeshaakcadeautjes.nl\/de\/produkt\/bijtfiguur-siliconen-en-hout-konijn-dark-teal\/\" \/>\n<meta property=\"og:site_name\" content=\"Jootjes Haakcadeautjes\" \/>\n<meta property=\"article:modified_time\" content=\"2026-02-16T17:01:02+00:00\" \/>\n<meta property=\"og:image\" content=\"https:\/\/d1dyryakdmle7o.cloudfront.net\/wp-content\/uploads\/2025\/12\/Naamloos-1640-scaled.webp\" \/>\n\t<meta property=\"og:image:width\" content=\"2560\" \/>\n\t<meta property=\"og:image:height\" content=\"2560\" \/>\n\t<meta property=\"og:image:type\" content=\"image\/webp\" \/>\n<meta name=\"twitter:card\" content=\"summary_large_image\" \/>\n<meta name=\"twitter:label1\" content=\"Preis\" \/>\n\t<meta name=\"twitter:data1\" content=\"&euro;3.75 inkl. MwSt.\" \/>\n\t<meta name=\"twitter:label2\" content=\"Verf\u00fcgbarkeit\" \/>\n\t<meta name=\"twitter:data2\" content=\"ausverkauft\" \/>\n<script type=\"application\/ld+json\" class=\"yoast-schema-graph\">{\"@context\":\"https:\\\/\\\/schema.org\",\"@graph\":[{\"@type\":\"WebPage\",\"@id\":\"https:\\\/\\\/www.jootjeshaakcadeautjes.nl\\\/de\\\/produkt\\\/bijtfiguur-siliconen-en-hout-konijn-dark-teal\\\/\",\"url\":\"https:\\\/\\\/www.jootjeshaakcadeautjes.nl\\\/de\\\/produkt\\\/bijtfiguur-siliconen-en-hout-konijn-dark-teal\\\/\",\"name\":\"Zahnen Figur - Silikon und Holz - Kaninchen - Dark Teal\",\"isPartOf\":{\"@id\":\"https:\\\/\\\/www.jootjeshaakcadeautjes.nl\\\/de\\\/#website\"},\"primaryImageOfPage\":{\"@id\":\"https:\\\/\\\/www.jootjeshaakcadeautjes.nl\\\/de\\\/produkt\\\/bijtfiguur-siliconen-en-hout-konijn-dark-teal\\\/#primaryimage\"},\"image\":{\"@id\":\"https:\\\/\\\/www.jootjeshaakcadeautjes.nl\\\/de\\\/produkt\\\/bijtfiguur-siliconen-en-hout-konijn-dark-teal\\\/#primaryimage\"},\"thumbnailUrl\":\"https:\\\/\\\/d1dyryakdmle7o.cloudfront.net\\\/wp-content\\\/uploads\\\/2025\\\/12\\\/Naamloos-1640-scaled.webp\",\"datePublished\":\"2025-12-14T08:35:42+00:00\",\"dateModified\":\"2026-02-16T17:01:02+00:00\",\"description\":\"Bei\u00dffigur in Form eines Hasen aus hochwertigem, babygerechtem Silikon und babygerechtem Buchenholz in der Farbe Dark Teal. BPA-frei.\",\"breadcrumb\":{\"@id\":\"https:\\\/\\\/www.jootjeshaakcadeautjes.nl\\\/de\\\/produkt\\\/bijtfiguur-siliconen-en-hout-konijn-dark-teal\\\/#breadcrumb\"},\"inLanguage\":\"de\",\"potentialAction\":[{\"@type\":\"ReadAction\",\"target\":[\"https:\\\/\\\/www.jootjeshaakcadeautjes.nl\\\/de\\\/produkt\\\/bijtfiguur-siliconen-en-hout-konijn-dark-teal\\\/\"]}]},{\"@type\":\"ImageObject\",\"inLanguage\":\"de\",\"@id\":\"https:\\\/\\\/www.jootjeshaakcadeautjes.nl\\\/de\\\/produkt\\\/bijtfiguur-siliconen-en-hout-konijn-dark-teal\\\/#primaryimage\",\"url\":\"https:\\\/\\\/d1dyryakdmle7o.cloudfront.net\\\/wp-content\\\/uploads\\\/2025\\\/12\\\/Naamloos-1640-scaled.webp\",\"contentUrl\":\"https:\\\/\\\/d1dyryakdmle7o.cloudfront.net\\\/wp-content\\\/uploads\\\/2025\\\/12\\\/Naamloos-1640-scaled.webp\",\"width\":2560,\"height\":2560},{\"@type\":\"BreadcrumbList\",\"@id\":\"https:\\\/\\\/www.jootjeshaakcadeautjes.nl\\\/de\\\/produkt\\\/bijtfiguur-siliconen-en-hout-konijn-dark-teal\\\/#breadcrumb\",\"itemListElement\":[{\"@type\":\"ListItem\",\"position\":1,\"name\":\"Startseite\",\"item\":\"https:\\\/\\\/www.jootjeshaakcadeautjes.nl\\\/de\\\/\"},{\"@type\":\"ListItem\",\"position\":2,\"name\":\"Gro\u00dfhandel mit Silikonperlen &#8211; Business und Consumer\",\"item\":\"https:\\\/\\\/www.jootjeshaakcadeautjes.nl\\\/de\\\/shop\\\/\"},{\"@type\":\"ListItem\",\"position\":3,\"name\":\"Priv\u00e9: Figur zum Zahnen &#8211; Silikon und Holz &#8211; Kaninchen &#8211; Dark Teal\"}]},{\"@type\":\"WebSite\",\"@id\":\"https:\\\/\\\/www.jootjeshaakcadeautjes.nl\\\/de\\\/#website\",\"url\":\"https:\\\/\\\/www.jootjeshaakcadeautjes.nl\\\/de\\\/\",\"name\":\"Jootjes Haakcadeautjes\",\"description\":\"Silikonperlen Gro\u00dfhandel \",\"publisher\":{\"@id\":\"https:\\\/\\\/www.jootjeshaakcadeautjes.nl\\\/de\\\/#organization\"},\"potentialAction\":[{\"@type\":\"SearchAction\",\"target\":{\"@type\":\"EntryPoint\",\"urlTemplate\":\"https:\\\/\\\/www.jootjeshaakcadeautjes.nl\\\/de\\\/?s={search_term_string}\"},\"query-input\":{\"@type\":\"PropertyValueSpecification\",\"valueRequired\":true,\"valueName\":\"search_term_string\"}}],\"inLanguage\":\"de\"},{\"@type\":\"Organization\",\"@id\":\"https:\\\/\\\/www.jootjeshaakcadeautjes.nl\\\/de\\\/#organization\",\"name\":\"Jootjes Haakcadeautjes\",\"url\":\"https:\\\/\\\/www.jootjeshaakcadeautjes.nl\\\/de\\\/\",\"logo\":{\"@type\":\"ImageObject\",\"inLanguage\":\"de\",\"@id\":\"https:\\\/\\\/www.jootjeshaakcadeautjes.nl\\\/de\\\/#\\\/schema\\\/logo\\\/image\\\/\",\"url\":\"https:\\\/\\\/d1dyryakdmle7o.cloudfront.net\\\/wp-content\\\/uploads\\\/2023\\\/05\\\/Logo-rond.png\",\"contentUrl\":\"https:\\\/\\\/d1dyryakdmle7o.cloudfront.net\\\/wp-content\\\/uploads\\\/2023\\\/05\\\/Logo-rond.png\",\"width\":1222,\"height\":1222,\"caption\":\"Jootjes Haakcadeautjes\"},\"image\":{\"@id\":\"https:\\\/\\\/www.jootjeshaakcadeautjes.nl\\\/de\\\/#\\\/schema\\\/logo\\\/image\\\/\"}}]}<\/script>\n<meta property=\"product:price:amount\" content=\"3.75\" \/>\n<meta property=\"product:price:currency\" content=\"EUR\" \/>\n<meta property=\"og:availability\" content=\"out of stock\" \/>\n<meta property=\"product:availability\" content=\"out of stock\" \/>\n<meta property=\"product:retailer_item_id\" content=\"SIL-BFK-DTE\" \/>\n<meta property=\"product:condition\" content=\"new\" \/>\n<!-- \/ Yoast SEO Premium plugin. -->","yoast_head_json":{"title":"Zahnen Figur - Silikon und Holz - Kaninchen - Dark Teal","description":"Bei\u00dffigur in Form eines Hasen aus hochwertigem, babygerechtem Silikon und babygerechtem Buchenholz in der Farbe Dark Teal. BPA-frei.","robots":{"index":"index","follow":"follow","max-snippet":"max-snippet:-1","max-image-preview":"max-image-preview:large","max-video-preview":"max-video-preview:-1"},"canonical":"https:\/\/www.jootjeshaakcadeautjes.nl\/de\/produkt\/bijtfiguur-siliconen-en-hout-konijn-dark-teal\/","og_locale":"de_DE","og_type":"article","og_title":"Figur zum Zahnen - Silikon und Holz - Kaninchen - Dark Teal","og_description":"Bei\u00dffigur in Form eines Hasen aus hochwertigem, babygerechtem Silikon und babygerechtem Buchenholz in der Farbe Dark Teal. BPA-frei.","og_url":"https:\/\/www.jootjeshaakcadeautjes.nl\/de\/produkt\/bijtfiguur-siliconen-en-hout-konijn-dark-teal\/","og_site_name":"Jootjes Haakcadeautjes","article_modified_time":"2026-02-16T17:01:02+00:00","og_image":[{"width":2560,"height":2560,"url":"https:\/\/d1dyryakdmle7o.cloudfront.net\/wp-content\/uploads\/2025\/12\/Naamloos-1640-scaled.webp","type":"image\/webp"}],"twitter_card":"summary_large_image","twitter_misc":{"Preis":"&euro;3.75 inkl. MwSt.","Verf\u00fcgbarkeit":"ausverkauft"},"schema":{"@context":"https:\/\/schema.org","@graph":[{"@type":"WebPage","@id":"https:\/\/www.jootjeshaakcadeautjes.nl\/de\/produkt\/bijtfiguur-siliconen-en-hout-konijn-dark-teal\/","url":"https:\/\/www.jootjeshaakcadeautjes.nl\/de\/produkt\/bijtfiguur-siliconen-en-hout-konijn-dark-teal\/","name":"Zahnen Figur - Silikon und Holz - Kaninchen - Dark Teal","isPartOf":{"@id":"https:\/\/www.jootjeshaakcadeautjes.nl\/de\/#website"},"primaryImageOfPage":{"@id":"https:\/\/www.jootjeshaakcadeautjes.nl\/de\/produkt\/bijtfiguur-siliconen-en-hout-konijn-dark-teal\/#primaryimage"},"image":{"@id":"https:\/\/www.jootjeshaakcadeautjes.nl\/de\/produkt\/bijtfiguur-siliconen-en-hout-konijn-dark-teal\/#primaryimage"},"thumbnailUrl":"https:\/\/d1dyryakdmle7o.cloudfront.net\/wp-content\/uploads\/2025\/12\/Naamloos-1640-scaled.webp","datePublished":"2025-12-14T08:35:42+00:00","dateModified":"2026-02-16T17:01:02+00:00","description":"Bei\u00dffigur in Form eines Hasen aus hochwertigem, babygerechtem Silikon und babygerechtem Buchenholz in der Farbe Dark Teal. BPA-frei.","breadcrumb":{"@id":"https:\/\/www.jootjeshaakcadeautjes.nl\/de\/produkt\/bijtfiguur-siliconen-en-hout-konijn-dark-teal\/#breadcrumb"},"inLanguage":"de","potentialAction":[{"@type":"ReadAction","target":["https:\/\/www.jootjeshaakcadeautjes.nl\/de\/produkt\/bijtfiguur-siliconen-en-hout-konijn-dark-teal\/"]}]},{"@type":"ImageObject","inLanguage":"de","@id":"https:\/\/www.jootjeshaakcadeautjes.nl\/de\/produkt\/bijtfiguur-siliconen-en-hout-konijn-dark-teal\/#primaryimage","url":"https:\/\/d1dyryakdmle7o.cloudfront.net\/wp-content\/uploads\/2025\/12\/Naamloos-1640-scaled.webp","contentUrl":"https:\/\/d1dyryakdmle7o.cloudfront.net\/wp-content\/uploads\/2025\/12\/Naamloos-1640-scaled.webp","width":2560,"height":2560},{"@type":"BreadcrumbList","@id":"https:\/\/www.jootjeshaakcadeautjes.nl\/de\/produkt\/bijtfiguur-siliconen-en-hout-konijn-dark-teal\/#breadcrumb","itemListElement":[{"@type":"ListItem","position":1,"name":"Startseite","item":"https:\/\/www.jootjeshaakcadeautjes.nl\/de\/"},{"@type":"ListItem","position":2,"name":"Gro\u00dfhandel mit Silikonperlen &#8211; Business und Consumer","item":"https:\/\/www.jootjeshaakcadeautjes.nl\/de\/shop\/"},{"@type":"ListItem","position":3,"name":"Priv\u00e9: Figur zum Zahnen &#8211; Silikon und Holz &#8211; Kaninchen &#8211; Dark Teal"}]},{"@type":"WebSite","@id":"https:\/\/www.jootjeshaakcadeautjes.nl\/de\/#website","url":"https:\/\/www.jootjeshaakcadeautjes.nl\/de\/","name":"Jootjes Haakcadeautjes","description":"Silikonperlen Gro\u00dfhandel ","publisher":{"@id":"https:\/\/www.jootjeshaakcadeautjes.nl\/de\/#organization"},"potentialAction":[{"@type":"SearchAction","target":{"@type":"EntryPoint","urlTemplate":"https:\/\/www.jootjeshaakcadeautjes.nl\/de\/?s={search_term_string}"},"query-input":{"@type":"PropertyValueSpecification","valueRequired":true,"valueName":"search_term_string"}}],"inLanguage":"de"},{"@type":"Organization","@id":"https:\/\/www.jootjeshaakcadeautjes.nl\/de\/#organization","name":"Jootjes Haakcadeautjes","url":"https:\/\/www.jootjeshaakcadeautjes.nl\/de\/","logo":{"@type":"ImageObject","inLanguage":"de","@id":"https:\/\/www.jootjeshaakcadeautjes.nl\/de\/#\/schema\/logo\/image\/","url":"https:\/\/d1dyryakdmle7o.cloudfront.net\/wp-content\/uploads\/2023\/05\/Logo-rond.png","contentUrl":"https:\/\/d1dyryakdmle7o.cloudfront.net\/wp-content\/uploads\/2023\/05\/Logo-rond.png","width":1222,"height":1222,"caption":"Jootjes Haakcadeautjes"},"image":{"@id":"https:\/\/www.jootjeshaakcadeautjes.nl\/de\/#\/schema\/logo\/image\/"}}]},"product_price_amount":"3.75","product_price_currency":"EUR","og_availability":"out of stock","product_availability":"out of stock","product_retailer_item_id":"SIL-BFK-DTE","product_condition":"new"},"_links":{"self":[{"href":"https:\/\/www.jootjeshaakcadeautjes.nl\/de\/wp-json\/wp\/v2\/product\/217183","targetHints":{"allow":["GET"]}}],"collection":[{"href":"https:\/\/www.jootjeshaakcadeautjes.nl\/de\/wp-json\/wp\/v2\/product"}],"about":[{"href":"https:\/\/www.jootjeshaakcadeautjes.nl\/de\/wp-json\/wp\/v2\/types\/product"}],"version-history":[{"count":1,"href":"https:\/\/www.jootjeshaakcadeautjes.nl\/de\/wp-json\/wp\/v2\/product\/217183\/revisions"}],"predecessor-version":[{"id":264894,"href":"https:\/\/www.jootjeshaakcadeautjes.nl\/de\/wp-json\/wp\/v2\/product\/217183\/revisions\/264894"}],"wp:featuredmedia":[{"embeddable":true,"href":"https:\/\/www.jootjeshaakcadeautjes.nl\/de\/wp-json\/wp\/v2\/media\/264264"}],"wp:attachment":[{"href":"https:\/\/www.jootjeshaakcadeautjes.nl\/de\/wp-json\/wp\/v2\/media?parent=217183"}],"wp:term":[{"taxonomy":"product_brand","embeddable":true,"href":"https:\/\/www.jootjeshaakcadeautjes.nl\/de\/wp-json\/wp\/v2\/product_brand?post=217183"},{"taxonomy":"product_cat","embeddable":true,"href":"https:\/\/www.jootjeshaakcadeautjes.nl\/de\/wp-json\/wp\/v2\/product_cat?post=217183"},{"taxonomy":"product_tag","embeddable":true,"href":"https:\/\/www.jootjeshaakcadeautjes.nl\/de\/wp-json\/wp\/v2\/product_tag?post=217183"}],"curies":[{"name":"wp","href":"https:\/\/api.w.org\/{rel}","templated":true}]}}