{"id":219042,"date":"2025-04-10T14:28:53","date_gmt":"2025-04-10T12:28:53","guid":{"rendered":"https:\/\/www.jootjeshaakcadeautjes.nl\/?post_type=product&#038;p=219042"},"modified":"2026-02-19T13:13:00","modified_gmt":"2026-02-19T12:13:00","slug":"sleutelhanger-musketonhaak-macrame-brons-klein","status":"publish","type":"product","link":"https:\/\/www.jootjeshaakcadeautjes.nl\/de\/produkt\/sleutelhanger-musketonhaak-macrame-brons-klein\/","title":{"rendered":"Schl\u00fcsselanh\u00e4nger Karabinerhaken &#8211; Makramee &#8211; Bronze &#8211; Klein"},"content":{"rendered":"<h3>Schl\u00fcsselanh\u00e4nger Karabinerhaken &#8211; Makramee &#8211; Bronze &#8211; Klein<\/h3>\n<p>Die Musketonhaken-Schl\u00fcsselringe mit flacher Basis werden h\u00e4ufig zur Herstellung von Makramee-Krawatten oder Schl\u00fcsselanh\u00e4ngern verwendet. Das liegt daran, dass damit Bisse verbunden sein k\u00f6nnen. Auch zum Anbringen von Stoffen geeignet.<\/p>\n<p>&nbsp;<\/p>\n","protected":false},"excerpt":{"rendered":"<p>Format: Klein<br \/>\nFarbe: Bronze<\/p>\n","protected":false},"featured_media":82347,"template":"","meta":[],"product_brand":[],"product_cat":[8247,8267,8262],"product_tag":[8300,9471,7208,8268,9467,8272,7397,8285,7444],"class_list":{"0":"post-219042","1":"product","2":"type-product","3":"status-publish","4":"has-post-thumbnail","6":"product_cat-bastelmaterial-hakelzubehor","7":"product_cat-lucky-dolls-diy-perlen-und-zubehor","8":"product_cat-schlusselanhanger-und-haken","9":"product_tag-bronze-de","10":"product_tag-flache-befestigung","11":"product_tag-gluckspuppe","12":"product_tag-hakchen","13":"product_tag-makramee","14":"product_tag-metall","15":"product_tag-mm-de","16":"product_tag-musketenhaken","17":"product_tag-schlusselanhanger","19":"first","20":"instock","21":"taxable","22":"shipping-taxable","23":"purchasable","24":"product-type-simple"},"bundled_by":[],"bundle_stock_status":"instock","bundle_stock_quantity":425,"bundle_virtual":false,"bundle_layout":"","bundle_add_to_cart_form_location":"","bundle_editable_in_cart":false,"bundle_sold_individually_context":"","bundle_item_grouping":"","bundle_min_size":"","bundle_max_size":"","bundle_price":[],"bundled_items":[],"bundle_sell_ids":[],"yoast_head":"<!-- This site is optimized with the Yoast SEO Premium plugin v27.6 (Yoast SEO v27.6) - https:\/\/yoast.com\/product\/yoast-seo-premium-wordpress\/ -->\n<title>Schl\u00fcsselanh\u00e4nger Karabinerhaken - Makramee - Bronze - Klein<\/title>\n<meta name=\"description\" content=\"Schl\u00fcsselanh\u00e4nger mit Musketenhaken finden Sie bei JootjesHaakcadeautjes.nl. Ideal f\u00fcr die Herstellung von handgeh\u00e4kelten Schl\u00fcsselanh\u00e4ngern oder Gl\u00fcckspuppen, z. B. f\u00fcr ein Gruppenangebot in einer Grundschule. Der Musketenhaken macht den Anh\u00e4nger ideal zum Befestigen an einer Tasche oder einem Schl\u00fcsselbund.\" \/>\n<meta name=\"robots\" content=\"index, follow, max-snippet:-1, max-image-preview:large, max-video-preview:-1\" \/>\n<link rel=\"canonical\" href=\"https:\/\/www.jootjeshaakcadeautjes.nl\/de\/produkt\/sleutelhanger-musketonhaak-macrame-brons-klein\/\" \/>\n<meta property=\"og:locale\" content=\"de_DE\" \/>\n<meta property=\"og:type\" content=\"article\" \/>\n<meta property=\"og:title\" content=\"Schl\u00fcsselanh\u00e4nger Karabinerhaken - Makramee - Bronze - Klein\" \/>\n<meta property=\"og:description\" content=\"Schl\u00fcsselanh\u00e4nger mit Musketenhaken finden Sie bei JootjesHaakcadeautjes.nl. Ideal f\u00fcr die Herstellung von handgeh\u00e4kelten Schl\u00fcsselanh\u00e4ngern oder Gl\u00fcckspuppen, z. B. f\u00fcr ein Gruppenangebot in einer Grundschule. Der Musketenhaken macht den Anh\u00e4nger ideal zum Befestigen an einer Tasche oder einem Schl\u00fcsselbund.\" \/>\n<meta property=\"og:url\" content=\"https:\/\/www.jootjeshaakcadeautjes.nl\/de\/produkt\/sleutelhanger-musketonhaak-macrame-brons-klein\/\" \/>\n<meta property=\"og:site_name\" content=\"Jootjes Haakcadeautjes\" \/>\n<meta property=\"article:modified_time\" content=\"2026-02-19T12:13:00+00:00\" \/>\n<meta property=\"og:image\" content=\"https:\/\/www.jootjeshaakcadeautjes.nl\/wp-content\/uploads\/2022\/10\/20221013_200523.jpg\" \/>\n\t<meta property=\"og:image:width\" content=\"2048\" \/>\n\t<meta property=\"og:image:height\" content=\"2048\" \/>\n\t<meta property=\"og:image:type\" content=\"image\/jpeg\" \/>\n<meta name=\"twitter:card\" content=\"summary_large_image\" \/>\n<meta name=\"twitter:label1\" content=\"Preis\" \/>\n\t<meta name=\"twitter:data1\" content=\"&euro;0.40 inkl. MwSt.\" \/>\n\t<meta name=\"twitter:label2\" content=\"Verf\u00fcgbarkeit\" \/>\n\t<meta name=\"twitter:data2\" content=\"Auf Lager\" \/>\n<script type=\"application\/ld+json\" class=\"yoast-schema-graph\">{\"@context\":\"https:\\\/\\\/schema.org\",\"@graph\":[{\"@type\":\"WebPage\",\"@id\":\"https:\\\/\\\/www.jootjeshaakcadeautjes.nl\\\/de\\\/produkt\\\/sleutelhanger-musketonhaak-macrame-brons-klein\\\/\",\"url\":\"https:\\\/\\\/www.jootjeshaakcadeautjes.nl\\\/de\\\/produkt\\\/sleutelhanger-musketonhaak-macrame-brons-klein\\\/\",\"name\":\"Schl\u00fcsselanh\u00e4nger Karabinerhaken - Makramee - Bronze - Klein\",\"isPartOf\":{\"@id\":\"https:\\\/\\\/www.jootjeshaakcadeautjes.nl\\\/de\\\/#website\"},\"primaryImageOfPage\":{\"@id\":\"https:\\\/\\\/www.jootjeshaakcadeautjes.nl\\\/de\\\/produkt\\\/sleutelhanger-musketonhaak-macrame-brons-klein\\\/#primaryimage\"},\"image\":{\"@id\":\"https:\\\/\\\/www.jootjeshaakcadeautjes.nl\\\/de\\\/produkt\\\/sleutelhanger-musketonhaak-macrame-brons-klein\\\/#primaryimage\"},\"thumbnailUrl\":\"https:\\\/\\\/d1dyryakdmle7o.cloudfront.net\\\/wp-content\\\/uploads\\\/2022\\\/10\\\/20221013_200523.jpg\",\"datePublished\":\"2025-04-10T12:28:53+00:00\",\"dateModified\":\"2026-02-19T12:13:00+00:00\",\"description\":\"Schl\u00fcsselanh\u00e4nger mit Musketenhaken finden Sie bei JootjesHaakcadeautjes.nl. Ideal f\u00fcr die Herstellung von handgeh\u00e4kelten Schl\u00fcsselanh\u00e4ngern oder Gl\u00fcckspuppen, z. B. f\u00fcr ein Gruppenangebot in einer Grundschule. Der Musketenhaken macht den Anh\u00e4nger ideal zum Befestigen an einer Tasche oder einem Schl\u00fcsselbund.\",\"breadcrumb\":{\"@id\":\"https:\\\/\\\/www.jootjeshaakcadeautjes.nl\\\/de\\\/produkt\\\/sleutelhanger-musketonhaak-macrame-brons-klein\\\/#breadcrumb\"},\"inLanguage\":\"de\",\"potentialAction\":[{\"@type\":\"ReadAction\",\"target\":[\"https:\\\/\\\/www.jootjeshaakcadeautjes.nl\\\/de\\\/produkt\\\/sleutelhanger-musketonhaak-macrame-brons-klein\\\/\"]}]},{\"@type\":\"ImageObject\",\"inLanguage\":\"de\",\"@id\":\"https:\\\/\\\/www.jootjeshaakcadeautjes.nl\\\/de\\\/produkt\\\/sleutelhanger-musketonhaak-macrame-brons-klein\\\/#primaryimage\",\"url\":\"https:\\\/\\\/d1dyryakdmle7o.cloudfront.net\\\/wp-content\\\/uploads\\\/2022\\\/10\\\/20221013_200523.jpg\",\"contentUrl\":\"https:\\\/\\\/d1dyryakdmle7o.cloudfront.net\\\/wp-content\\\/uploads\\\/2022\\\/10\\\/20221013_200523.jpg\",\"width\":2048,\"height\":2048,\"caption\":\"Macrame Schl\u00fcsselring Musketon Haken flach f\u00fcr die Befestigung gr\u00f6\u00dfer Bronze\"},{\"@type\":\"BreadcrumbList\",\"@id\":\"https:\\\/\\\/www.jootjeshaakcadeautjes.nl\\\/de\\\/produkt\\\/sleutelhanger-musketonhaak-macrame-brons-klein\\\/#breadcrumb\",\"itemListElement\":[{\"@type\":\"ListItem\",\"position\":1,\"name\":\"Startseite\",\"item\":\"https:\\\/\\\/www.jootjeshaakcadeautjes.nl\\\/de\\\/\"},{\"@type\":\"ListItem\",\"position\":2,\"name\":\"Gro\u00dfhandel mit Silikonperlen &#8211; Business und Consumer\",\"item\":\"https:\\\/\\\/www.jootjeshaakcadeautjes.nl\\\/de\\\/shop\\\/\"},{\"@type\":\"ListItem\",\"position\":3,\"name\":\"Schl\u00fcsselanh\u00e4nger Karabinerhaken &#8211; Makramee &#8211; Bronze &#8211; Klein\"}]},{\"@type\":\"WebSite\",\"@id\":\"https:\\\/\\\/www.jootjeshaakcadeautjes.nl\\\/de\\\/#website\",\"url\":\"https:\\\/\\\/www.jootjeshaakcadeautjes.nl\\\/de\\\/\",\"name\":\"Jootjes Haakcadeautjes\",\"description\":\"Silikonperlen Gro\u00dfhandel \",\"publisher\":{\"@id\":\"https:\\\/\\\/www.jootjeshaakcadeautjes.nl\\\/de\\\/#organization\"},\"potentialAction\":[{\"@type\":\"SearchAction\",\"target\":{\"@type\":\"EntryPoint\",\"urlTemplate\":\"https:\\\/\\\/www.jootjeshaakcadeautjes.nl\\\/de\\\/?s={search_term_string}\"},\"query-input\":{\"@type\":\"PropertyValueSpecification\",\"valueRequired\":true,\"valueName\":\"search_term_string\"}}],\"inLanguage\":\"de\"},{\"@type\":\"Organization\",\"@id\":\"https:\\\/\\\/www.jootjeshaakcadeautjes.nl\\\/de\\\/#organization\",\"name\":\"Jootjes Haakcadeautjes\",\"url\":\"https:\\\/\\\/www.jootjeshaakcadeautjes.nl\\\/de\\\/\",\"logo\":{\"@type\":\"ImageObject\",\"inLanguage\":\"de\",\"@id\":\"https:\\\/\\\/www.jootjeshaakcadeautjes.nl\\\/de\\\/#\\\/schema\\\/logo\\\/image\\\/\",\"url\":\"https:\\\/\\\/d1dyryakdmle7o.cloudfront.net\\\/wp-content\\\/uploads\\\/2023\\\/05\\\/Logo-rond.png\",\"contentUrl\":\"https:\\\/\\\/d1dyryakdmle7o.cloudfront.net\\\/wp-content\\\/uploads\\\/2023\\\/05\\\/Logo-rond.png\",\"width\":1222,\"height\":1222,\"caption\":\"Jootjes Haakcadeautjes\"},\"image\":{\"@id\":\"https:\\\/\\\/www.jootjeshaakcadeautjes.nl\\\/de\\\/#\\\/schema\\\/logo\\\/image\\\/\"}}]}<\/script>\n<meta property=\"product:price:amount\" content=\"0.40\" \/>\n<meta property=\"product:price:currency\" content=\"EUR\" \/>\n<meta property=\"og:availability\" content=\"instock\" \/>\n<meta property=\"product:availability\" content=\"instock\" \/>\n<meta property=\"product:retailer_item_id\" content=\"SLH-MUS-BRM\" \/>\n<meta property=\"product:condition\" content=\"new\" \/>\n<!-- \/ Yoast SEO Premium plugin. -->","yoast_head_json":{"title":"Schl\u00fcsselanh\u00e4nger Karabinerhaken - Makramee - Bronze - Klein","description":"Schl\u00fcsselanh\u00e4nger mit Musketenhaken finden Sie bei JootjesHaakcadeautjes.nl. Ideal f\u00fcr die Herstellung von handgeh\u00e4kelten Schl\u00fcsselanh\u00e4ngern oder Gl\u00fcckspuppen, z. B. f\u00fcr ein Gruppenangebot in einer Grundschule. Der Musketenhaken macht den Anh\u00e4nger ideal zum Befestigen an einer Tasche oder einem Schl\u00fcsselbund.","robots":{"index":"index","follow":"follow","max-snippet":"max-snippet:-1","max-image-preview":"max-image-preview:large","max-video-preview":"max-video-preview:-1"},"canonical":"https:\/\/www.jootjeshaakcadeautjes.nl\/de\/produkt\/sleutelhanger-musketonhaak-macrame-brons-klein\/","og_locale":"de_DE","og_type":"article","og_title":"Schl\u00fcsselanh\u00e4nger Karabinerhaken - Makramee - Bronze - Klein","og_description":"Schl\u00fcsselanh\u00e4nger mit Musketenhaken finden Sie bei JootjesHaakcadeautjes.nl. Ideal f\u00fcr die Herstellung von handgeh\u00e4kelten Schl\u00fcsselanh\u00e4ngern oder Gl\u00fcckspuppen, z. B. f\u00fcr ein Gruppenangebot in einer Grundschule. Der Musketenhaken macht den Anh\u00e4nger ideal zum Befestigen an einer Tasche oder einem Schl\u00fcsselbund.","og_url":"https:\/\/www.jootjeshaakcadeautjes.nl\/de\/produkt\/sleutelhanger-musketonhaak-macrame-brons-klein\/","og_site_name":"Jootjes Haakcadeautjes","article_modified_time":"2026-02-19T12:13:00+00:00","og_image":[{"width":2048,"height":2048,"url":"https:\/\/www.jootjeshaakcadeautjes.nl\/wp-content\/uploads\/2022\/10\/20221013_200523.jpg","type":"image\/jpeg"}],"twitter_card":"summary_large_image","twitter_misc":{"Preis":"&euro;0.40 inkl. MwSt.","Verf\u00fcgbarkeit":"Auf Lager"},"schema":{"@context":"https:\/\/schema.org","@graph":[{"@type":"WebPage","@id":"https:\/\/www.jootjeshaakcadeautjes.nl\/de\/produkt\/sleutelhanger-musketonhaak-macrame-brons-klein\/","url":"https:\/\/www.jootjeshaakcadeautjes.nl\/de\/produkt\/sleutelhanger-musketonhaak-macrame-brons-klein\/","name":"Schl\u00fcsselanh\u00e4nger Karabinerhaken - Makramee - Bronze - Klein","isPartOf":{"@id":"https:\/\/www.jootjeshaakcadeautjes.nl\/de\/#website"},"primaryImageOfPage":{"@id":"https:\/\/www.jootjeshaakcadeautjes.nl\/de\/produkt\/sleutelhanger-musketonhaak-macrame-brons-klein\/#primaryimage"},"image":{"@id":"https:\/\/www.jootjeshaakcadeautjes.nl\/de\/produkt\/sleutelhanger-musketonhaak-macrame-brons-klein\/#primaryimage"},"thumbnailUrl":"https:\/\/d1dyryakdmle7o.cloudfront.net\/wp-content\/uploads\/2022\/10\/20221013_200523.jpg","datePublished":"2025-04-10T12:28:53+00:00","dateModified":"2026-02-19T12:13:00+00:00","description":"Schl\u00fcsselanh\u00e4nger mit Musketenhaken finden Sie bei JootjesHaakcadeautjes.nl. Ideal f\u00fcr die Herstellung von handgeh\u00e4kelten Schl\u00fcsselanh\u00e4ngern oder Gl\u00fcckspuppen, z. B. f\u00fcr ein Gruppenangebot in einer Grundschule. Der Musketenhaken macht den Anh\u00e4nger ideal zum Befestigen an einer Tasche oder einem Schl\u00fcsselbund.","breadcrumb":{"@id":"https:\/\/www.jootjeshaakcadeautjes.nl\/de\/produkt\/sleutelhanger-musketonhaak-macrame-brons-klein\/#breadcrumb"},"inLanguage":"de","potentialAction":[{"@type":"ReadAction","target":["https:\/\/www.jootjeshaakcadeautjes.nl\/de\/produkt\/sleutelhanger-musketonhaak-macrame-brons-klein\/"]}]},{"@type":"ImageObject","inLanguage":"de","@id":"https:\/\/www.jootjeshaakcadeautjes.nl\/de\/produkt\/sleutelhanger-musketonhaak-macrame-brons-klein\/#primaryimage","url":"https:\/\/d1dyryakdmle7o.cloudfront.net\/wp-content\/uploads\/2022\/10\/20221013_200523.jpg","contentUrl":"https:\/\/d1dyryakdmle7o.cloudfront.net\/wp-content\/uploads\/2022\/10\/20221013_200523.jpg","width":2048,"height":2048,"caption":"Macrame Schl\u00fcsselring Musketon Haken flach f\u00fcr die Befestigung gr\u00f6\u00dfer Bronze"},{"@type":"BreadcrumbList","@id":"https:\/\/www.jootjeshaakcadeautjes.nl\/de\/produkt\/sleutelhanger-musketonhaak-macrame-brons-klein\/#breadcrumb","itemListElement":[{"@type":"ListItem","position":1,"name":"Startseite","item":"https:\/\/www.jootjeshaakcadeautjes.nl\/de\/"},{"@type":"ListItem","position":2,"name":"Gro\u00dfhandel mit Silikonperlen &#8211; Business und Consumer","item":"https:\/\/www.jootjeshaakcadeautjes.nl\/de\/shop\/"},{"@type":"ListItem","position":3,"name":"Schl\u00fcsselanh\u00e4nger Karabinerhaken &#8211; Makramee &#8211; Bronze &#8211; Klein"}]},{"@type":"WebSite","@id":"https:\/\/www.jootjeshaakcadeautjes.nl\/de\/#website","url":"https:\/\/www.jootjeshaakcadeautjes.nl\/de\/","name":"Jootjes Haakcadeautjes","description":"Silikonperlen Gro\u00dfhandel ","publisher":{"@id":"https:\/\/www.jootjeshaakcadeautjes.nl\/de\/#organization"},"potentialAction":[{"@type":"SearchAction","target":{"@type":"EntryPoint","urlTemplate":"https:\/\/www.jootjeshaakcadeautjes.nl\/de\/?s={search_term_string}"},"query-input":{"@type":"PropertyValueSpecification","valueRequired":true,"valueName":"search_term_string"}}],"inLanguage":"de"},{"@type":"Organization","@id":"https:\/\/www.jootjeshaakcadeautjes.nl\/de\/#organization","name":"Jootjes Haakcadeautjes","url":"https:\/\/www.jootjeshaakcadeautjes.nl\/de\/","logo":{"@type":"ImageObject","inLanguage":"de","@id":"https:\/\/www.jootjeshaakcadeautjes.nl\/de\/#\/schema\/logo\/image\/","url":"https:\/\/d1dyryakdmle7o.cloudfront.net\/wp-content\/uploads\/2023\/05\/Logo-rond.png","contentUrl":"https:\/\/d1dyryakdmle7o.cloudfront.net\/wp-content\/uploads\/2023\/05\/Logo-rond.png","width":1222,"height":1222,"caption":"Jootjes Haakcadeautjes"},"image":{"@id":"https:\/\/www.jootjeshaakcadeautjes.nl\/de\/#\/schema\/logo\/image\/"}}]},"product_price_amount":"0.40","product_price_currency":"EUR","og_availability":"instock","product_availability":"instock","product_retailer_item_id":"SLH-MUS-BRM","product_condition":"new"},"_links":{"self":[{"href":"https:\/\/www.jootjeshaakcadeautjes.nl\/de\/wp-json\/wp\/v2\/product\/219042","targetHints":{"allow":["GET"]}}],"collection":[{"href":"https:\/\/www.jootjeshaakcadeautjes.nl\/de\/wp-json\/wp\/v2\/product"}],"about":[{"href":"https:\/\/www.jootjeshaakcadeautjes.nl\/de\/wp-json\/wp\/v2\/types\/product"}],"version-history":[{"count":0,"href":"https:\/\/www.jootjeshaakcadeautjes.nl\/de\/wp-json\/wp\/v2\/product\/219042\/revisions"}],"wp:featuredmedia":[{"embeddable":true,"href":"https:\/\/www.jootjeshaakcadeautjes.nl\/de\/wp-json\/wp\/v2\/media\/82347"}],"wp:attachment":[{"href":"https:\/\/www.jootjeshaakcadeautjes.nl\/de\/wp-json\/wp\/v2\/media?parent=219042"}],"wp:term":[{"taxonomy":"product_brand","embeddable":true,"href":"https:\/\/www.jootjeshaakcadeautjes.nl\/de\/wp-json\/wp\/v2\/product_brand?post=219042"},{"taxonomy":"product_cat","embeddable":true,"href":"https:\/\/www.jootjeshaakcadeautjes.nl\/de\/wp-json\/wp\/v2\/product_cat?post=219042"},{"taxonomy":"product_tag","embeddable":true,"href":"https:\/\/www.jootjeshaakcadeautjes.nl\/de\/wp-json\/wp\/v2\/product_tag?post=219042"}],"curies":[{"name":"wp","href":"https:\/\/api.w.org\/{rel}","templated":true}]}}