{"id":221169,"date":"2025-04-21T16:50:21","date_gmt":"2025-04-21T14:50:21","guid":{"rendered":"https:\/\/www.jootjeshaakcadeautjes.nl\/?post_type=product&#038;p=221169"},"modified":"2025-08-26T16:25:52","modified_gmt":"2025-08-26T14:25:52","slug":"houten-kraal-grote-ovaal-30-x-8-mm-beukenhout","status":"publish","type":"product","link":"https:\/\/www.jootjeshaakcadeautjes.nl\/de\/produkt\/houten-kraal-grote-ovaal-30-x-8-mm-beukenhout\/","title":{"rendered":"Holzperle &#8211; Gro\u00dfes Oval &#8211; 30 x 8 mm &#8211; Buchenholz"},"content":{"rendered":"<h2>Holzperle &#8211; Gro\u00dfes Oval &#8211; 30 x 8 mm &#8211; Buchenholz<\/h2>\n<ul>\n<li>Abmessung: 30 x 8 mm<\/li>\n<li>Form: Oval<\/li>\n<li>Material: glatt poliertes Buchenholz, unbehandelt<\/li>\n<\/ul>\n<p>Holz, das nicht splittert, frei von sch\u00e4dlichen Chemikalien.<\/p>\n<p>Kindersicheres, CE-zertifiziertes Material.<\/p>\n","protected":false},"excerpt":{"rendered":"<p><strong>Holzperle &#8211; Abakus &#8211; Abmessung 20 x 12 mm &#8211; Buchenholz <\/strong><\/p>\n<ul>\n<li>Abmessung: 30 x 8 mm<\/li>\n<li>Form: Oval<\/li>\n<li>Material: Unbehandeltes Buchenholz<\/li>\n<\/ul>\n<p>Holz, das nicht splittert, frei von sch\u00e4dlichen Chemikalien.<\/p>\n<p>Kindersicheres, CE-zertifiziertes Material.<\/p>\n","protected":false},"featured_media":219450,"template":"","meta":[],"product_brand":[],"product_cat":[7380,9404,8045,9405],"product_tag":[7993,9841,17275,8266,7196,8046,7397,7540,7199,8101,7435],"class_list":{"0":"post-221169","1":"product","2":"type-product","3":"status-publish","4":"has-post-thumbnail","6":"product_cat-herstellung-von-baby-beisspielzeug-materialien-fur-schnuller-und-beisringe","7":"product_cat-holzperlen-buchenholz-schnullerschnur-und-beisring","8":"product_cat-holzperlen-schnullerband-und-beisring-alle-holzperlen","9":"product_cat-holzperlen-fur-makramee-und-hakeln","10":"product_tag-30-de","11":"product_tag-8-de","12":"product_tag-genericproductname-anhanger","13":"product_tag-grosartig","14":"product_tag-holz","15":"product_tag-holz-de","16":"product_tag-mm-de","17":"product_tag-oval-de","18":"product_tag-perlen","19":"product_tag-waggonaufhanger","20":"product_tag-wulst","22":"first","23":"outofstock","24":"taxable","25":"shipping-taxable","26":"purchasable","27":"product-type-simple"},"bundled_by":[],"bundle_stock_status":"outofstock","bundle_stock_quantity":0,"bundle_virtual":false,"bundle_layout":"","bundle_add_to_cart_form_location":"","bundle_editable_in_cart":false,"bundle_sold_individually_context":"","bundle_item_grouping":"","bundle_min_size":"","bundle_max_size":"","bundle_price":[],"bundled_items":[],"bundle_sell_ids":[],"yoast_head":"<!-- This site is optimized with the Yoast SEO Premium plugin v27.6 (Yoast SEO v27.6) - https:\/\/yoast.com\/product\/yoast-seo-premium-wordpress\/ -->\n<title>Holzperle - Gro\u00dfes Oval - 30 x 8 mm - Buchenholz -<\/title>\n<meta name=\"description\" content=\"Holzperlen Abakus gro\u00dfe Gr\u00f6\u00dfe 12 x 3 mm. Die perfekte Zwischenperle f\u00fcr einen einzigartigen Blickfang in Maxi-Autositzaufh\u00e4ngungen oder Kinderwagenketten.\" \/>\n<meta name=\"robots\" content=\"index, follow, max-snippet:-1, max-image-preview:large, max-video-preview:-1\" \/>\n<link rel=\"canonical\" href=\"https:\/\/www.jootjeshaakcadeautjes.nl\/de\/produkt\/houten-kraal-grote-ovaal-30-x-8-mm-beukenhout\/\" \/>\n<meta property=\"og:locale\" content=\"de_DE\" \/>\n<meta property=\"og:type\" content=\"article\" \/>\n<meta property=\"og:title\" content=\"Holzperle - Gro\u00dfes Oval - 30 x 8 mm - Buchenholz\" \/>\n<meta property=\"og:description\" content=\"Holzperlen Abakus gro\u00dfe Gr\u00f6\u00dfe 12 x 3 mm. Die perfekte Zwischenperle f\u00fcr einen einzigartigen Blickfang in Maxi-Autositzaufh\u00e4ngungen oder Kinderwagenketten.\" \/>\n<meta property=\"og:url\" content=\"https:\/\/www.jootjeshaakcadeautjes.nl\/de\/produkt\/houten-kraal-grote-ovaal-30-x-8-mm-beukenhout\/\" \/>\n<meta property=\"og:site_name\" content=\"Jootjes Haakcadeautjes\" \/>\n<meta property=\"article:modified_time\" content=\"2025-08-26T14:25:52+00:00\" \/>\n<meta property=\"og:image\" content=\"https:\/\/www.jootjeshaakcadeautjes.nl\/wp-content\/uploads\/2025\/04\/20241114_213949.webp\" \/>\n\t<meta property=\"og:image:width\" content=\"2048\" \/>\n\t<meta property=\"og:image:height\" content=\"2048\" \/>\n\t<meta property=\"og:image:type\" content=\"image\/webp\" \/>\n<meta name=\"twitter:card\" content=\"summary_large_image\" \/>\n<meta name=\"twitter:label1\" content=\"Preis\" \/>\n\t<meta name=\"twitter:data1\" content=\"&euro;0.50 inkl. MwSt.\" \/>\n\t<meta name=\"twitter:label2\" content=\"Verf\u00fcgbarkeit\" \/>\n\t<meta name=\"twitter:data2\" content=\"ausverkauft\" \/>\n<script type=\"application\/ld+json\" class=\"yoast-schema-graph\">{\"@context\":\"https:\\\/\\\/schema.org\",\"@graph\":[{\"@type\":\"WebPage\",\"@id\":\"https:\\\/\\\/www.jootjeshaakcadeautjes.nl\\\/de\\\/produkt\\\/houten-kraal-grote-ovaal-30-x-8-mm-beukenhout\\\/\",\"url\":\"https:\\\/\\\/www.jootjeshaakcadeautjes.nl\\\/de\\\/produkt\\\/houten-kraal-grote-ovaal-30-x-8-mm-beukenhout\\\/\",\"name\":\"Holzperle - Gro\u00dfes Oval - 30 x 8 mm - Buchenholz -\",\"isPartOf\":{\"@id\":\"https:\\\/\\\/www.jootjeshaakcadeautjes.nl\\\/de\\\/#website\"},\"primaryImageOfPage\":{\"@id\":\"https:\\\/\\\/www.jootjeshaakcadeautjes.nl\\\/de\\\/produkt\\\/houten-kraal-grote-ovaal-30-x-8-mm-beukenhout\\\/#primaryimage\"},\"image\":{\"@id\":\"https:\\\/\\\/www.jootjeshaakcadeautjes.nl\\\/de\\\/produkt\\\/houten-kraal-grote-ovaal-30-x-8-mm-beukenhout\\\/#primaryimage\"},\"thumbnailUrl\":\"https:\\\/\\\/d1dyryakdmle7o.cloudfront.net\\\/wp-content\\\/uploads\\\/2025\\\/04\\\/20241114_213949.webp\",\"datePublished\":\"2025-04-21T14:50:21+00:00\",\"dateModified\":\"2025-08-26T14:25:52+00:00\",\"description\":\"Holzperlen Abakus gro\u00dfe Gr\u00f6\u00dfe 12 x 3 mm. Die perfekte Zwischenperle f\u00fcr einen einzigartigen Blickfang in Maxi-Autositzaufh\u00e4ngungen oder Kinderwagenketten.\",\"breadcrumb\":{\"@id\":\"https:\\\/\\\/www.jootjeshaakcadeautjes.nl\\\/de\\\/produkt\\\/houten-kraal-grote-ovaal-30-x-8-mm-beukenhout\\\/#breadcrumb\"},\"inLanguage\":\"de\",\"potentialAction\":[{\"@type\":\"ReadAction\",\"target\":[\"https:\\\/\\\/www.jootjeshaakcadeautjes.nl\\\/de\\\/produkt\\\/houten-kraal-grote-ovaal-30-x-8-mm-beukenhout\\\/\"]}]},{\"@type\":\"ImageObject\",\"inLanguage\":\"de\",\"@id\":\"https:\\\/\\\/www.jootjeshaakcadeautjes.nl\\\/de\\\/produkt\\\/houten-kraal-grote-ovaal-30-x-8-mm-beukenhout\\\/#primaryimage\",\"url\":\"https:\\\/\\\/d1dyryakdmle7o.cloudfront.net\\\/wp-content\\\/uploads\\\/2025\\\/04\\\/20241114_213949.webp\",\"contentUrl\":\"https:\\\/\\\/d1dyryakdmle7o.cloudfront.net\\\/wp-content\\\/uploads\\\/2025\\\/04\\\/20241114_213949.webp\",\"width\":2048,\"height\":2048},{\"@type\":\"BreadcrumbList\",\"@id\":\"https:\\\/\\\/www.jootjeshaakcadeautjes.nl\\\/de\\\/produkt\\\/houten-kraal-grote-ovaal-30-x-8-mm-beukenhout\\\/#breadcrumb\",\"itemListElement\":[{\"@type\":\"ListItem\",\"position\":1,\"name\":\"Startseite\",\"item\":\"https:\\\/\\\/www.jootjeshaakcadeautjes.nl\\\/de\\\/\"},{\"@type\":\"ListItem\",\"position\":2,\"name\":\"Gro\u00dfhandel mit Silikonperlen &#8211; Business und Consumer\",\"item\":\"https:\\\/\\\/www.jootjeshaakcadeautjes.nl\\\/de\\\/shop\\\/\"},{\"@type\":\"ListItem\",\"position\":3,\"name\":\"Holzperle &#8211; Gro\u00dfes Oval &#8211; 30 x 8 mm &#8211; Buchenholz\"}]},{\"@type\":\"WebSite\",\"@id\":\"https:\\\/\\\/www.jootjeshaakcadeautjes.nl\\\/de\\\/#website\",\"url\":\"https:\\\/\\\/www.jootjeshaakcadeautjes.nl\\\/de\\\/\",\"name\":\"Jootjes Haakcadeautjes\",\"description\":\"Silikonperlen Gro\u00dfhandel \",\"publisher\":{\"@id\":\"https:\\\/\\\/www.jootjeshaakcadeautjes.nl\\\/de\\\/#organization\"},\"potentialAction\":[{\"@type\":\"SearchAction\",\"target\":{\"@type\":\"EntryPoint\",\"urlTemplate\":\"https:\\\/\\\/www.jootjeshaakcadeautjes.nl\\\/de\\\/?s={search_term_string}\"},\"query-input\":{\"@type\":\"PropertyValueSpecification\",\"valueRequired\":true,\"valueName\":\"search_term_string\"}}],\"inLanguage\":\"de\"},{\"@type\":\"Organization\",\"@id\":\"https:\\\/\\\/www.jootjeshaakcadeautjes.nl\\\/de\\\/#organization\",\"name\":\"Jootjes Haakcadeautjes\",\"url\":\"https:\\\/\\\/www.jootjeshaakcadeautjes.nl\\\/de\\\/\",\"logo\":{\"@type\":\"ImageObject\",\"inLanguage\":\"de\",\"@id\":\"https:\\\/\\\/www.jootjeshaakcadeautjes.nl\\\/de\\\/#\\\/schema\\\/logo\\\/image\\\/\",\"url\":\"https:\\\/\\\/d1dyryakdmle7o.cloudfront.net\\\/wp-content\\\/uploads\\\/2023\\\/05\\\/Logo-rond.png\",\"contentUrl\":\"https:\\\/\\\/d1dyryakdmle7o.cloudfront.net\\\/wp-content\\\/uploads\\\/2023\\\/05\\\/Logo-rond.png\",\"width\":1222,\"height\":1222,\"caption\":\"Jootjes Haakcadeautjes\"},\"image\":{\"@id\":\"https:\\\/\\\/www.jootjeshaakcadeautjes.nl\\\/de\\\/#\\\/schema\\\/logo\\\/image\\\/\"}}]}<\/script>\n<meta property=\"product:price:amount\" content=\"0.50\" \/>\n<meta property=\"product:price:currency\" content=\"EUR\" \/>\n<meta property=\"og:availability\" content=\"out of stock\" \/>\n<meta property=\"product:availability\" content=\"out of stock\" \/>\n<meta property=\"product:retailer_item_id\" content=\"HOU-KRL-O30\" \/>\n<meta property=\"product:condition\" content=\"new\" \/>\n<!-- \/ Yoast SEO Premium plugin. -->","yoast_head_json":{"title":"Holzperle - Gro\u00dfes Oval - 30 x 8 mm - Buchenholz -","description":"Holzperlen Abakus gro\u00dfe Gr\u00f6\u00dfe 12 x 3 mm. Die perfekte Zwischenperle f\u00fcr einen einzigartigen Blickfang in Maxi-Autositzaufh\u00e4ngungen oder Kinderwagenketten.","robots":{"index":"index","follow":"follow","max-snippet":"max-snippet:-1","max-image-preview":"max-image-preview:large","max-video-preview":"max-video-preview:-1"},"canonical":"https:\/\/www.jootjeshaakcadeautjes.nl\/de\/produkt\/houten-kraal-grote-ovaal-30-x-8-mm-beukenhout\/","og_locale":"de_DE","og_type":"article","og_title":"Holzperle - Gro\u00dfes Oval - 30 x 8 mm - Buchenholz","og_description":"Holzperlen Abakus gro\u00dfe Gr\u00f6\u00dfe 12 x 3 mm. Die perfekte Zwischenperle f\u00fcr einen einzigartigen Blickfang in Maxi-Autositzaufh\u00e4ngungen oder Kinderwagenketten.","og_url":"https:\/\/www.jootjeshaakcadeautjes.nl\/de\/produkt\/houten-kraal-grote-ovaal-30-x-8-mm-beukenhout\/","og_site_name":"Jootjes Haakcadeautjes","article_modified_time":"2025-08-26T14:25:52+00:00","og_image":[{"width":2048,"height":2048,"url":"https:\/\/www.jootjeshaakcadeautjes.nl\/wp-content\/uploads\/2025\/04\/20241114_213949.webp","type":"image\/webp"}],"twitter_card":"summary_large_image","twitter_misc":{"Preis":"&euro;0.50 inkl. MwSt.","Verf\u00fcgbarkeit":"ausverkauft"},"schema":{"@context":"https:\/\/schema.org","@graph":[{"@type":"WebPage","@id":"https:\/\/www.jootjeshaakcadeautjes.nl\/de\/produkt\/houten-kraal-grote-ovaal-30-x-8-mm-beukenhout\/","url":"https:\/\/www.jootjeshaakcadeautjes.nl\/de\/produkt\/houten-kraal-grote-ovaal-30-x-8-mm-beukenhout\/","name":"Holzperle - Gro\u00dfes Oval - 30 x 8 mm - Buchenholz -","isPartOf":{"@id":"https:\/\/www.jootjeshaakcadeautjes.nl\/de\/#website"},"primaryImageOfPage":{"@id":"https:\/\/www.jootjeshaakcadeautjes.nl\/de\/produkt\/houten-kraal-grote-ovaal-30-x-8-mm-beukenhout\/#primaryimage"},"image":{"@id":"https:\/\/www.jootjeshaakcadeautjes.nl\/de\/produkt\/houten-kraal-grote-ovaal-30-x-8-mm-beukenhout\/#primaryimage"},"thumbnailUrl":"https:\/\/d1dyryakdmle7o.cloudfront.net\/wp-content\/uploads\/2025\/04\/20241114_213949.webp","datePublished":"2025-04-21T14:50:21+00:00","dateModified":"2025-08-26T14:25:52+00:00","description":"Holzperlen Abakus gro\u00dfe Gr\u00f6\u00dfe 12 x 3 mm. Die perfekte Zwischenperle f\u00fcr einen einzigartigen Blickfang in Maxi-Autositzaufh\u00e4ngungen oder Kinderwagenketten.","breadcrumb":{"@id":"https:\/\/www.jootjeshaakcadeautjes.nl\/de\/produkt\/houten-kraal-grote-ovaal-30-x-8-mm-beukenhout\/#breadcrumb"},"inLanguage":"de","potentialAction":[{"@type":"ReadAction","target":["https:\/\/www.jootjeshaakcadeautjes.nl\/de\/produkt\/houten-kraal-grote-ovaal-30-x-8-mm-beukenhout\/"]}]},{"@type":"ImageObject","inLanguage":"de","@id":"https:\/\/www.jootjeshaakcadeautjes.nl\/de\/produkt\/houten-kraal-grote-ovaal-30-x-8-mm-beukenhout\/#primaryimage","url":"https:\/\/d1dyryakdmle7o.cloudfront.net\/wp-content\/uploads\/2025\/04\/20241114_213949.webp","contentUrl":"https:\/\/d1dyryakdmle7o.cloudfront.net\/wp-content\/uploads\/2025\/04\/20241114_213949.webp","width":2048,"height":2048},{"@type":"BreadcrumbList","@id":"https:\/\/www.jootjeshaakcadeautjes.nl\/de\/produkt\/houten-kraal-grote-ovaal-30-x-8-mm-beukenhout\/#breadcrumb","itemListElement":[{"@type":"ListItem","position":1,"name":"Startseite","item":"https:\/\/www.jootjeshaakcadeautjes.nl\/de\/"},{"@type":"ListItem","position":2,"name":"Gro\u00dfhandel mit Silikonperlen &#8211; Business und Consumer","item":"https:\/\/www.jootjeshaakcadeautjes.nl\/de\/shop\/"},{"@type":"ListItem","position":3,"name":"Holzperle &#8211; Gro\u00dfes Oval &#8211; 30 x 8 mm &#8211; Buchenholz"}]},{"@type":"WebSite","@id":"https:\/\/www.jootjeshaakcadeautjes.nl\/de\/#website","url":"https:\/\/www.jootjeshaakcadeautjes.nl\/de\/","name":"Jootjes Haakcadeautjes","description":"Silikonperlen Gro\u00dfhandel ","publisher":{"@id":"https:\/\/www.jootjeshaakcadeautjes.nl\/de\/#organization"},"potentialAction":[{"@type":"SearchAction","target":{"@type":"EntryPoint","urlTemplate":"https:\/\/www.jootjeshaakcadeautjes.nl\/de\/?s={search_term_string}"},"query-input":{"@type":"PropertyValueSpecification","valueRequired":true,"valueName":"search_term_string"}}],"inLanguage":"de"},{"@type":"Organization","@id":"https:\/\/www.jootjeshaakcadeautjes.nl\/de\/#organization","name":"Jootjes Haakcadeautjes","url":"https:\/\/www.jootjeshaakcadeautjes.nl\/de\/","logo":{"@type":"ImageObject","inLanguage":"de","@id":"https:\/\/www.jootjeshaakcadeautjes.nl\/de\/#\/schema\/logo\/image\/","url":"https:\/\/d1dyryakdmle7o.cloudfront.net\/wp-content\/uploads\/2023\/05\/Logo-rond.png","contentUrl":"https:\/\/d1dyryakdmle7o.cloudfront.net\/wp-content\/uploads\/2023\/05\/Logo-rond.png","width":1222,"height":1222,"caption":"Jootjes Haakcadeautjes"},"image":{"@id":"https:\/\/www.jootjeshaakcadeautjes.nl\/de\/#\/schema\/logo\/image\/"}}]},"product_price_amount":"0.50","product_price_currency":"EUR","og_availability":"out of stock","product_availability":"out of stock","product_retailer_item_id":"HOU-KRL-O30","product_condition":"new"},"_links":{"self":[{"href":"https:\/\/www.jootjeshaakcadeautjes.nl\/de\/wp-json\/wp\/v2\/product\/221169","targetHints":{"allow":["GET"]}}],"collection":[{"href":"https:\/\/www.jootjeshaakcadeautjes.nl\/de\/wp-json\/wp\/v2\/product"}],"about":[{"href":"https:\/\/www.jootjeshaakcadeautjes.nl\/de\/wp-json\/wp\/v2\/types\/product"}],"version-history":[{"count":0,"href":"https:\/\/www.jootjeshaakcadeautjes.nl\/de\/wp-json\/wp\/v2\/product\/221169\/revisions"}],"wp:featuredmedia":[{"embeddable":true,"href":"https:\/\/www.jootjeshaakcadeautjes.nl\/de\/wp-json\/wp\/v2\/media\/219450"}],"wp:attachment":[{"href":"https:\/\/www.jootjeshaakcadeautjes.nl\/de\/wp-json\/wp\/v2\/media?parent=221169"}],"wp:term":[{"taxonomy":"product_brand","embeddable":true,"href":"https:\/\/www.jootjeshaakcadeautjes.nl\/de\/wp-json\/wp\/v2\/product_brand?post=221169"},{"taxonomy":"product_cat","embeddable":true,"href":"https:\/\/www.jootjeshaakcadeautjes.nl\/de\/wp-json\/wp\/v2\/product_cat?post=221169"},{"taxonomy":"product_tag","embeddable":true,"href":"https:\/\/www.jootjeshaakcadeautjes.nl\/de\/wp-json\/wp\/v2\/product_tag?post=221169"}],"curies":[{"name":"wp","href":"https:\/\/api.w.org\/{rel}","templated":true}]}}