{"id":225413,"date":"2025-05-14T12:30:42","date_gmt":"2025-05-14T10:30:42","guid":{"rendered":"https:\/\/www.jootjeshaakcadeautjes.nl\/?post_type=product&#038;p=225413"},"modified":"2026-04-20T11:22:19","modified_gmt":"2026-04-20T09:22:19","slug":"silikonperlen-mini-abacus-12-x-4-mm-pflaume-kopie","status":"publish","type":"product","link":"https:\/\/www.jootjeshaakcadeautjes.nl\/de\/produkt\/silikonperlen-mini-abacus-12-x-4-mm-pflaume-kopie\/","title":{"rendered":"Silikonperlen &#8211; Mini Abacus &#8211; 12 x 4 mm &#8211; Mandarine"},"content":{"rendered":"<h1>Silikonperlen &#8211; Mini Abacus &#8211; 12 x 4 mm &#8211; tangerine<\/h1>\n<h3>Spezifikationen:<\/h3>\n<ul>\n<li>Gr\u00f6\u00dfe: 12 x 4 mm, dieselbe Gr\u00f6\u00dfe wie die Holzperlen des Abakus.<\/li>\n<li>Etabliertes Design von Jootjes Haakcadeautjes, eingetragenes Design.<\/li>\n<\/ul>\n<p>Alle unsere Silikonkugeln sind 100% BPA-, blei-, toxin-, phthalat- und PVC-frei. Unsere Silikonkugeln sind daher von medizinischer Qualit\u00e4t und f\u00fcr die Verwendung in Kinderzahnspielzeug geeignet.  Die runden 20-mm-Perlen eignen sich u. a. f\u00fcr Bei\u00dfringe, Schnullerketten, Stillketten, Taschenanh\u00e4nger oder Babygymnastik.<\/p>\n<h3>Qualit\u00e4t und Sicherheit unserer Silikonperlen<\/h3>\n<p>Alle unsere Silikonperlen sind:<\/p>\n<ul>\n<li>BPA-frei<\/li>\n<li>Phthalat- und toxinfrei<\/li>\n<li>PVC-frei<\/li>\n<li>Bleifrei<\/li>\n<li>Geeignet f\u00fcr CE-zertifizierte Endprodukte<\/li>\n<li>Silikonperlen in medizinischer Qualit\u00e4t<\/li>\n<\/ul>\n<h4>Reparieren:<\/h4>\n<p>Die Silikonperlen lassen sich leicht auf eine Wachskordel oder Satinkordel auff\u00e4deln. Binden Sie den Silikonperlen-Bei\u00dfring enorm gut und mehrmals auf.  Diese Perlen eignen sich gut als Abstandshalter zwischen Buchstabenperlen.<\/p>\n<h4>Reinigung:<\/h4>\n<p>Diese Mini-Abakus-Silikonperlen sind daher sowohl f\u00fcr Babys als auch f\u00fcr \u00e4ltere Kinder geeignet, die gerne in etwas hineinbei\u00dfen. Sie nutzen sich daher kaum ab. Dar\u00fcber hinaus sind die Perlen leicht zu reinigen. Diese Silikonperlen k\u00f6nnen einfach in die Sp\u00fclmaschine oder in Seifenwasser gelegt werden. Lassen Sie sie danach gut trocknen, bevor Sie sie wieder an Ihr Kind weitergeben. Die Silikonperlen k\u00f6nnen auch im K\u00fchlschrank aufbewahrt werden. Das macht sie zu einer sehr angenehmen Schmerzlinderung beim Zahnen.      <\/p>\n<p><em>Befestigen Sie die Silikonperlen immer ordnungsgem\u00e4\u00df und \u00fcberpr\u00fcfen Sie Ihre Kreationen regelm\u00e4\u00dfig, z. B. auf Abnutzung und Verschlei\u00df. Hierf\u00fcr sind Sie selbst verantwortlich. Jootjes Haakcadeautjes kontrolliert Ihr fertiges Produkt nicht und kann daher keine Sch\u00e4den oder Lockerungen aufgrund von Abnutzung \u00fcbernehmen. Wir raten dazu, handgefertigtes Bei\u00dfspielzeug nur unter Aufsicht von Erwachsenen zu verwenden, um gef\u00e4hrliche Situationen zu vermeiden.   <\/em><\/p>\n<h3>Womit lassen sich diese Perlen gut kombinieren?<\/h3>\n<p>&nbsp;<\/p>\n<p>&nbsp;<\/p>\n","protected":false},"excerpt":{"rendered":"<p>Farbe tangerine<\/p>\n<p>&#8211; Typ: Silikonperlen Mini Abacus<br \/>\n&#8211; Gr\u00f6\u00dfe: 12&#215;4 mm<br \/>\n&#8211; Etabliertes Design von Jootjes Haakcadeauts, eingetragenes Design.<br \/>\n&#8211; Verkauf pro St\u00fcck, nirgends billiger<br \/>\n&#8211; BPA-, Phthalat-, Blei-, PVC- und Toxinfrei<br \/>\n&#8211; Geeignet f\u00fcr CE-zertifiziertes Endprodukt<br \/>\n&#8211; Silikonperlen in medizinischer Qualit\u00e4t<br \/>\n&#8211; K\u00fchlbar im K\u00fchlschrank<br \/>\n&#8211; Sp\u00fclmaschinenfest<\/p>\n","protected":false},"featured_media":227966,"template":"","meta":[],"product_brand":[],"product_cat":[6991,7002],"product_tag":[7531,7550,7659,7545,7385,15769,7419,7452,7565,7464,7416,7442,7451,18184,7549,7669,7397,7540,7199,7490,7211,7483,7425,8580,7427,7499,7557,7930,7435],"class_list":{"0":"post-225413","1":"product","2":"type-product","3":"status-publish","4":"has-post-thumbnail","6":"product_cat-silikonperlen-bpa-frei-grosshandel","7":"product_cat-silikonperlen-mini-abacus-grosshandel","8":"product_tag-12-de","9":"product_tag-12-mm-de","10":"product_tag-4-de","11":"product_tag-abakus-de","12":"product_tag-beisring","13":"product_tag-bieroffner-de","14":"product_tag-bpa-de","15":"product_tag-bpa-frei","16":"product_tag-drucken","17":"product_tag-groshandel","18":"product_tag-gummischnur","19":"product_tag-kinderwagenkette","20":"product_tag-kostenlos","21":"product_tag-mandarine","22":"product_tag-mini-de","23":"product_tag-miniabakus","24":"product_tag-mm-de","25":"product_tag-oval-de","26":"product_tag-perlen","27":"product_tag-phthalate","28":"product_tag-silikon","29":"product_tag-silikon-de","30":"product_tag-stift","31":"product_tag-stifte","32":"product_tag-still-halskette","33":"product_tag-taschenaufhanger","34":"product_tag-teiler","35":"product_tag-weinkorken","36":"product_tag-wulst","38":"first","39":"instock","40":"taxable","41":"shipping-taxable","42":"purchasable","43":"product-type-simple"},"bundled_by":[],"bundle_stock_status":"instock","bundle_stock_quantity":948,"bundle_virtual":false,"bundle_layout":"","bundle_add_to_cart_form_location":"","bundle_editable_in_cart":false,"bundle_sold_individually_context":"","bundle_item_grouping":"","bundle_min_size":"","bundle_max_size":"","bundle_price":[],"bundled_items":[],"bundle_sell_ids":[],"yoast_head":"<!-- This site is optimized with the Yoast SEO Premium plugin v27.4 (Yoast SEO v27.4) - https:\/\/yoast.com\/product\/yoast-seo-premium-wordpress\/ -->\n<title>Silikonperlen - Mini Abacus - 12 x 4 mm - Mandarine - Jootjes Crochet pr\u00e4sentiert<\/title>\n<meta name=\"description\" content=\"Silikonperlen oval in der Farbe Salbeigr\u00fcn 12 mm sind BPA-, blei-, toxin-, phthalat- und PVC-frei, CE-gekennzeichnet.\" \/>\n<meta name=\"robots\" content=\"index, follow, max-snippet:-1, max-image-preview:large, max-video-preview:-1\" \/>\n<link rel=\"canonical\" href=\"https:\/\/www.jootjeshaakcadeautjes.nl\/de\/produkt\/silikonperlen-mini-abacus-12-x-4-mm-pflaume-kopie\/\" \/>\n<meta property=\"og:locale\" content=\"de_DE\" \/>\n<meta property=\"og:type\" content=\"article\" \/>\n<meta property=\"og:title\" content=\"Silikonperlen - Mini Abacus - 12 x 4 mm - Mandarine\" \/>\n<meta property=\"og:description\" content=\"Silikonperlen oval in der Farbe Salbeigr\u00fcn 12 mm sind BPA-, blei-, toxin-, phthalat- und PVC-frei, CE-gekennzeichnet.\" \/>\n<meta property=\"og:url\" content=\"https:\/\/www.jootjeshaakcadeautjes.nl\/de\/produkt\/silikonperlen-mini-abacus-12-x-4-mm-pflaume-kopie\/\" \/>\n<meta property=\"og:site_name\" content=\"Jootjes Haakcadeautjes\" \/>\n<meta property=\"article:modified_time\" content=\"2026-04-20T09:22:19+00:00\" \/>\n<meta property=\"og:image\" content=\"https:\/\/d1dyryakdmle7o.cloudfront.net\/wp-content\/uploads\/2025\/05\/20250514_010735.webp\" \/>\n\t<meta property=\"og:image:width\" content=\"2048\" \/>\n\t<meta property=\"og:image:height\" content=\"2047\" \/>\n\t<meta property=\"og:image:type\" content=\"image\/webp\" \/>\n<meta name=\"twitter:card\" content=\"summary_large_image\" \/>\n<meta name=\"twitter:label1\" content=\"Preis\" \/>\n\t<meta name=\"twitter:data1\" content=\"&euro;0.32 inkl. MwSt.\" \/>\n\t<meta name=\"twitter:label2\" content=\"Verf\u00fcgbarkeit\" \/>\n\t<meta name=\"twitter:data2\" content=\"Auf Lager\" \/>\n<script type=\"application\/ld+json\" class=\"yoast-schema-graph\">{\"@context\":\"https:\\\/\\\/schema.org\",\"@graph\":[{\"@type\":\"WebPage\",\"@id\":\"https:\\\/\\\/www.jootjeshaakcadeautjes.nl\\\/de\\\/produkt\\\/silikonperlen-mini-abacus-12-x-4-mm-pflaume-kopie\\\/\",\"url\":\"https:\\\/\\\/www.jootjeshaakcadeautjes.nl\\\/de\\\/produkt\\\/silikonperlen-mini-abacus-12-x-4-mm-pflaume-kopie\\\/\",\"name\":\"Silikonperlen - Mini Abacus - 12 x 4 mm - Mandarine - Jootjes Crochet pr\u00e4sentiert\",\"isPartOf\":{\"@id\":\"https:\\\/\\\/www.jootjeshaakcadeautjes.nl\\\/de\\\/#website\"},\"primaryImageOfPage\":{\"@id\":\"https:\\\/\\\/www.jootjeshaakcadeautjes.nl\\\/de\\\/produkt\\\/silikonperlen-mini-abacus-12-x-4-mm-pflaume-kopie\\\/#primaryimage\"},\"image\":{\"@id\":\"https:\\\/\\\/www.jootjeshaakcadeautjes.nl\\\/de\\\/produkt\\\/silikonperlen-mini-abacus-12-x-4-mm-pflaume-kopie\\\/#primaryimage\"},\"thumbnailUrl\":\"https:\\\/\\\/d1dyryakdmle7o.cloudfront.net\\\/wp-content\\\/uploads\\\/2025\\\/05\\\/20250514_010735.webp\",\"datePublished\":\"2025-05-14T10:30:42+00:00\",\"dateModified\":\"2026-04-20T09:22:19+00:00\",\"description\":\"Silikonperlen oval in der Farbe Salbeigr\u00fcn 12 mm sind BPA-, blei-, toxin-, phthalat- und PVC-frei, CE-gekennzeichnet.\",\"breadcrumb\":{\"@id\":\"https:\\\/\\\/www.jootjeshaakcadeautjes.nl\\\/de\\\/produkt\\\/silikonperlen-mini-abacus-12-x-4-mm-pflaume-kopie\\\/#breadcrumb\"},\"inLanguage\":\"de\",\"potentialAction\":[{\"@type\":\"ReadAction\",\"target\":[\"https:\\\/\\\/www.jootjeshaakcadeautjes.nl\\\/de\\\/produkt\\\/silikonperlen-mini-abacus-12-x-4-mm-pflaume-kopie\\\/\"]}]},{\"@type\":\"ImageObject\",\"inLanguage\":\"de\",\"@id\":\"https:\\\/\\\/www.jootjeshaakcadeautjes.nl\\\/de\\\/produkt\\\/silikonperlen-mini-abacus-12-x-4-mm-pflaume-kopie\\\/#primaryimage\",\"url\":\"https:\\\/\\\/d1dyryakdmle7o.cloudfront.net\\\/wp-content\\\/uploads\\\/2025\\\/05\\\/20250514_010735.webp\",\"contentUrl\":\"https:\\\/\\\/d1dyryakdmle7o.cloudfront.net\\\/wp-content\\\/uploads\\\/2025\\\/05\\\/20250514_010735.webp\",\"width\":2048,\"height\":2047,\"caption\":\"Mandarin\"},{\"@type\":\"BreadcrumbList\",\"@id\":\"https:\\\/\\\/www.jootjeshaakcadeautjes.nl\\\/de\\\/produkt\\\/silikonperlen-mini-abacus-12-x-4-mm-pflaume-kopie\\\/#breadcrumb\",\"itemListElement\":[{\"@type\":\"ListItem\",\"position\":1,\"name\":\"Startseite\",\"item\":\"https:\\\/\\\/www.jootjeshaakcadeautjes.nl\\\/de\\\/\"},{\"@type\":\"ListItem\",\"position\":2,\"name\":\"Gro\u00dfhandel mit Silikonperlen &#8211; Business und Consumer\",\"item\":\"https:\\\/\\\/www.jootjeshaakcadeautjes.nl\\\/de\\\/shop\\\/\"},{\"@type\":\"ListItem\",\"position\":3,\"name\":\"Silikonperlen &#8211; Mini Abacus &#8211; 12 x 4 mm &#8211; Mandarine\"}]},{\"@type\":\"WebSite\",\"@id\":\"https:\\\/\\\/www.jootjeshaakcadeautjes.nl\\\/de\\\/#website\",\"url\":\"https:\\\/\\\/www.jootjeshaakcadeautjes.nl\\\/de\\\/\",\"name\":\"Jootjes Haakcadeautjes\",\"description\":\"Silikonperlen Gro\u00dfhandel \",\"publisher\":{\"@id\":\"https:\\\/\\\/www.jootjeshaakcadeautjes.nl\\\/de\\\/#organization\"},\"potentialAction\":[{\"@type\":\"SearchAction\",\"target\":{\"@type\":\"EntryPoint\",\"urlTemplate\":\"https:\\\/\\\/www.jootjeshaakcadeautjes.nl\\\/de\\\/?s={search_term_string}\"},\"query-input\":{\"@type\":\"PropertyValueSpecification\",\"valueRequired\":true,\"valueName\":\"search_term_string\"}}],\"inLanguage\":\"de\"},{\"@type\":\"Organization\",\"@id\":\"https:\\\/\\\/www.jootjeshaakcadeautjes.nl\\\/de\\\/#organization\",\"name\":\"Jootjes Haakcadeautjes\",\"url\":\"https:\\\/\\\/www.jootjeshaakcadeautjes.nl\\\/de\\\/\",\"logo\":{\"@type\":\"ImageObject\",\"inLanguage\":\"de\",\"@id\":\"https:\\\/\\\/www.jootjeshaakcadeautjes.nl\\\/de\\\/#\\\/schema\\\/logo\\\/image\\\/\",\"url\":\"https:\\\/\\\/jootjes-haakcadeautjes-media.s3.amazonaws.com\\\/wp-content\\\/uploads\\\/2023\\\/05\\\/Logo-rond.png\",\"contentUrl\":\"https:\\\/\\\/jootjes-haakcadeautjes-media.s3.amazonaws.com\\\/wp-content\\\/uploads\\\/2023\\\/05\\\/Logo-rond.png\",\"width\":1222,\"height\":1222,\"caption\":\"Jootjes Haakcadeautjes\"},\"image\":{\"@id\":\"https:\\\/\\\/www.jootjeshaakcadeautjes.nl\\\/de\\\/#\\\/schema\\\/logo\\\/image\\\/\"}}]}<\/script>\n<meta property=\"product:price:amount\" content=\"0.32\" \/>\n<meta property=\"product:price:currency\" content=\"EUR\" \/>\n<meta property=\"og:availability\" content=\"instock\" \/>\n<meta property=\"product:availability\" content=\"instock\" \/>\n<meta property=\"product:retailer_item_id\" content=\"SKR-MIA-MDR\" \/>\n<meta property=\"product:condition\" content=\"new\" \/>\n<!-- \/ Yoast SEO Premium plugin. -->","yoast_head_json":{"title":"Silikonperlen - Mini Abacus - 12 x 4 mm - Mandarine - Jootjes Crochet pr\u00e4sentiert","description":"Silikonperlen oval in der Farbe Salbeigr\u00fcn 12 mm sind BPA-, blei-, toxin-, phthalat- und PVC-frei, CE-gekennzeichnet.","robots":{"index":"index","follow":"follow","max-snippet":"max-snippet:-1","max-image-preview":"max-image-preview:large","max-video-preview":"max-video-preview:-1"},"canonical":"https:\/\/www.jootjeshaakcadeautjes.nl\/de\/produkt\/silikonperlen-mini-abacus-12-x-4-mm-pflaume-kopie\/","og_locale":"de_DE","og_type":"article","og_title":"Silikonperlen - Mini Abacus - 12 x 4 mm - Mandarine","og_description":"Silikonperlen oval in der Farbe Salbeigr\u00fcn 12 mm sind BPA-, blei-, toxin-, phthalat- und PVC-frei, CE-gekennzeichnet.","og_url":"https:\/\/www.jootjeshaakcadeautjes.nl\/de\/produkt\/silikonperlen-mini-abacus-12-x-4-mm-pflaume-kopie\/","og_site_name":"Jootjes Haakcadeautjes","article_modified_time":"2026-04-20T09:22:19+00:00","og_image":[{"width":2048,"height":2047,"url":"https:\/\/d1dyryakdmle7o.cloudfront.net\/wp-content\/uploads\/2025\/05\/20250514_010735.webp","type":"image\/webp"}],"twitter_card":"summary_large_image","twitter_misc":{"Preis":"&euro;0.32 inkl. MwSt.","Verf\u00fcgbarkeit":"Auf Lager"},"schema":{"@context":"https:\/\/schema.org","@graph":[{"@type":"WebPage","@id":"https:\/\/www.jootjeshaakcadeautjes.nl\/de\/produkt\/silikonperlen-mini-abacus-12-x-4-mm-pflaume-kopie\/","url":"https:\/\/www.jootjeshaakcadeautjes.nl\/de\/produkt\/silikonperlen-mini-abacus-12-x-4-mm-pflaume-kopie\/","name":"Silikonperlen - Mini Abacus - 12 x 4 mm - Mandarine - Jootjes Crochet pr\u00e4sentiert","isPartOf":{"@id":"https:\/\/www.jootjeshaakcadeautjes.nl\/de\/#website"},"primaryImageOfPage":{"@id":"https:\/\/www.jootjeshaakcadeautjes.nl\/de\/produkt\/silikonperlen-mini-abacus-12-x-4-mm-pflaume-kopie\/#primaryimage"},"image":{"@id":"https:\/\/www.jootjeshaakcadeautjes.nl\/de\/produkt\/silikonperlen-mini-abacus-12-x-4-mm-pflaume-kopie\/#primaryimage"},"thumbnailUrl":"https:\/\/d1dyryakdmle7o.cloudfront.net\/wp-content\/uploads\/2025\/05\/20250514_010735.webp","datePublished":"2025-05-14T10:30:42+00:00","dateModified":"2026-04-20T09:22:19+00:00","description":"Silikonperlen oval in der Farbe Salbeigr\u00fcn 12 mm sind BPA-, blei-, toxin-, phthalat- und PVC-frei, CE-gekennzeichnet.","breadcrumb":{"@id":"https:\/\/www.jootjeshaakcadeautjes.nl\/de\/produkt\/silikonperlen-mini-abacus-12-x-4-mm-pflaume-kopie\/#breadcrumb"},"inLanguage":"de","potentialAction":[{"@type":"ReadAction","target":["https:\/\/www.jootjeshaakcadeautjes.nl\/de\/produkt\/silikonperlen-mini-abacus-12-x-4-mm-pflaume-kopie\/"]}]},{"@type":"ImageObject","inLanguage":"de","@id":"https:\/\/www.jootjeshaakcadeautjes.nl\/de\/produkt\/silikonperlen-mini-abacus-12-x-4-mm-pflaume-kopie\/#primaryimage","url":"https:\/\/d1dyryakdmle7o.cloudfront.net\/wp-content\/uploads\/2025\/05\/20250514_010735.webp","contentUrl":"https:\/\/d1dyryakdmle7o.cloudfront.net\/wp-content\/uploads\/2025\/05\/20250514_010735.webp","width":2048,"height":2047,"caption":"Mandarin"},{"@type":"BreadcrumbList","@id":"https:\/\/www.jootjeshaakcadeautjes.nl\/de\/produkt\/silikonperlen-mini-abacus-12-x-4-mm-pflaume-kopie\/#breadcrumb","itemListElement":[{"@type":"ListItem","position":1,"name":"Startseite","item":"https:\/\/www.jootjeshaakcadeautjes.nl\/de\/"},{"@type":"ListItem","position":2,"name":"Gro\u00dfhandel mit Silikonperlen &#8211; Business und Consumer","item":"https:\/\/www.jootjeshaakcadeautjes.nl\/de\/shop\/"},{"@type":"ListItem","position":3,"name":"Silikonperlen &#8211; Mini Abacus &#8211; 12 x 4 mm &#8211; Mandarine"}]},{"@type":"WebSite","@id":"https:\/\/www.jootjeshaakcadeautjes.nl\/de\/#website","url":"https:\/\/www.jootjeshaakcadeautjes.nl\/de\/","name":"Jootjes Haakcadeautjes","description":"Silikonperlen Gro\u00dfhandel ","publisher":{"@id":"https:\/\/www.jootjeshaakcadeautjes.nl\/de\/#organization"},"potentialAction":[{"@type":"SearchAction","target":{"@type":"EntryPoint","urlTemplate":"https:\/\/www.jootjeshaakcadeautjes.nl\/de\/?s={search_term_string}"},"query-input":{"@type":"PropertyValueSpecification","valueRequired":true,"valueName":"search_term_string"}}],"inLanguage":"de"},{"@type":"Organization","@id":"https:\/\/www.jootjeshaakcadeautjes.nl\/de\/#organization","name":"Jootjes Haakcadeautjes","url":"https:\/\/www.jootjeshaakcadeautjes.nl\/de\/","logo":{"@type":"ImageObject","inLanguage":"de","@id":"https:\/\/www.jootjeshaakcadeautjes.nl\/de\/#\/schema\/logo\/image\/","url":"https:\/\/jootjes-haakcadeautjes-media.s3.amazonaws.com\/wp-content\/uploads\/2023\/05\/Logo-rond.png","contentUrl":"https:\/\/jootjes-haakcadeautjes-media.s3.amazonaws.com\/wp-content\/uploads\/2023\/05\/Logo-rond.png","width":1222,"height":1222,"caption":"Jootjes Haakcadeautjes"},"image":{"@id":"https:\/\/www.jootjeshaakcadeautjes.nl\/de\/#\/schema\/logo\/image\/"}}]},"product_price_amount":"0.32","product_price_currency":"EUR","og_availability":"instock","product_availability":"instock","product_retailer_item_id":"SKR-MIA-MDR","product_condition":"new"},"_links":{"self":[{"href":"https:\/\/www.jootjeshaakcadeautjes.nl\/de\/wp-json\/wp\/v2\/product\/225413","targetHints":{"allow":["GET"]}}],"collection":[{"href":"https:\/\/www.jootjeshaakcadeautjes.nl\/de\/wp-json\/wp\/v2\/product"}],"about":[{"href":"https:\/\/www.jootjeshaakcadeautjes.nl\/de\/wp-json\/wp\/v2\/types\/product"}],"version-history":[{"count":1,"href":"https:\/\/www.jootjeshaakcadeautjes.nl\/de\/wp-json\/wp\/v2\/product\/225413\/revisions"}],"predecessor-version":[{"id":279612,"href":"https:\/\/www.jootjeshaakcadeautjes.nl\/de\/wp-json\/wp\/v2\/product\/225413\/revisions\/279612"}],"wp:featuredmedia":[{"embeddable":true,"href":"https:\/\/www.jootjeshaakcadeautjes.nl\/de\/wp-json\/wp\/v2\/media\/227966"}],"wp:attachment":[{"href":"https:\/\/www.jootjeshaakcadeautjes.nl\/de\/wp-json\/wp\/v2\/media?parent=225413"}],"wp:term":[{"taxonomy":"product_brand","embeddable":true,"href":"https:\/\/www.jootjeshaakcadeautjes.nl\/de\/wp-json\/wp\/v2\/product_brand?post=225413"},{"taxonomy":"product_cat","embeddable":true,"href":"https:\/\/www.jootjeshaakcadeautjes.nl\/de\/wp-json\/wp\/v2\/product_cat?post=225413"},{"taxonomy":"product_tag","embeddable":true,"href":"https:\/\/www.jootjeshaakcadeautjes.nl\/de\/wp-json\/wp\/v2\/product_tag?post=225413"}],"curies":[{"name":"wp","href":"https:\/\/api.w.org\/{rel}","templated":true}]}}