{"id":227069,"date":"2025-05-13T10:13:32","date_gmt":"2025-05-13T08:13:32","guid":{"rendered":"https:\/\/www.jootjeshaakcadeautjes.nl\/?post_type=product&#038;p=227069"},"modified":"2026-04-20T11:22:19","modified_gmt":"2026-04-20T09:22:19","slug":"silikonperlen-abc-3d-apfel-korallenrot-kopie-kopie","status":"publish","type":"product","link":"https:\/\/www.jootjeshaakcadeautjes.nl\/de\/produkt\/silikonperlen-abc-3d-apfel-korallenrot-kopie-kopie\/","title":{"rendered":"Silikonperlen &#8211; Buchstapel mit Apfel"},"content":{"rendered":"<h1>Silikonperlen &#8211; Buchstapel mit Apfel<\/h1>\n<h3>Spezifikationen:<\/h3>\n<ul>\n<li>Tasche f\u00fcr die lernenden Kinder.<\/li>\n<li>Auch sch\u00f6n f\u00fcr einen Schl\u00fcsselanh\u00e4nger!<\/li>\n<\/ul>\n<p>Alle unsere Silikonkugeln sind 100% BPA-, blei-, toxin-, phthalat- und PVC-frei. Unsere Silikonkugeln sind daher von medizinischer Qualit\u00e4t und f\u00fcr die Verwendung in Kinderzahnspielzeug geeignet. <\/p>\n<p>Den Rest unseres Silikonperlen-Sortiments finden Sie hier: <a href=\"https:\/\/www.jootjeshaakcadeautjes.nl\/de\/product-categorie\/herstellung-von-baby-beisspielzeug-materialien-fur-schnuller-und-beisringe\/silikonperlen-bpa-frei-grosshandel\/\">Silikonperlen<\/a>.<br \/>\nDie Holzperlen finden Sie hier: <a href=\"\/?product_cat=houten-kralen-kralen\">Holzperlen<\/a>.<\/p>\n<h3>Qualit\u00e4t und Sicherheit unserer Silikonperlen<\/h3>\n<p>Alle unsere Silikonperlen sind:<\/p>\n<ul>\n<li>BPA-frei<\/li>\n<li>Phthalat- und toxinfrei<\/li>\n<li>PVC-frei<\/li>\n<li>Bleifrei<\/li>\n<li>Geeignet f\u00fcr CE-zertifizierte Endprodukte<\/li>\n<li>Silikonperlen in medizinischer Qualit\u00e4t<\/li>\n<\/ul>\n<h4>Reparieren:<\/h4>\n<p>Die Silikonperlen lassen sich leicht auf eine Wachskordel oder Satinkordel auff\u00e4deln. Binden Sie den Silikonperlen-Bei\u00dfring enorm gut und mehrmals auf. <\/p>\n<h4>Reinigen Sie die Silikonperlen in Form Book Stack mit Apple:<\/h4>\n<p>Diese Silikonperlen sind daher sowohl f\u00fcr Babys als auch f\u00fcr \u00e4ltere Kinder geeignet, die gerne in etwas hineinbei\u00dfen. Die Perlen sind robust und entsprechen der EN-71. Sie nutzen sich daher kaum ab. Die Perlen sind au\u00dferdem leicht zu reinigen. Diese Silikonperlen k\u00f6nnen einfach in die Sp\u00fclmaschine oder in Seifenwasser gelegt werden. Lassen Sie sie danach gut trocknen, bevor Sie sie wieder an Ihr Kind weitergeben. Die Silikonperlen k\u00f6nnen auch im K\u00fchlschrank aufbewahrt werden. Das macht sie zu einer sehr angenehmen Schmerzlinderung beim Zahnen.       <\/p>\n<p><em>Befestigen Sie die Silikonperlen immer ordnungsgem\u00e4\u00df und \u00fcberpr\u00fcfen Sie Ihre Kreationen regelm\u00e4\u00dfig, z. B. auf Abnutzung und Verschlei\u00df. Hierf\u00fcr sind Sie selbst verantwortlich. Jootjes Haakcadeautjes kontrolliert Ihr fertiges Produkt nicht und kann daher keine Sch\u00e4den oder Lockerungen aufgrund von Abnutzung \u00fcbernehmen. Wir raten dazu, handgefertigtes Bei\u00dfspielzeug nur unter Aufsicht von Erwachsenen zu verwenden, um gef\u00e4hrliche Situationen zu vermeiden.   <\/em><\/p>\n<h3>Womit lassen sich diese Perlen gut kombinieren?<\/h3>\n<h4>Reagieren auf die Sehentwicklung eines Babys?<\/h4>\n<h4>Im Gro\u00dfen und Ganzen entwickelt sich das Sehverm\u00f6gen eines Kindes so:<\/h4>\n<p>Im Alter von etwa einem Monat sieht ein Baby haupts\u00e4chlich scharfe Kontraste zwischen Hell und Dunkel. Dann werden sehr langsam Konturen abgegrenzt und Farbprinzipien sichtbar. Dies beginnt mit den Farben Rot und Gr\u00fcn und erst sp\u00e4ter mit den Farben Blau und Gelb. Blau bleibt lange Zeit eher ein grauer\/schwarzer Farbton. Das echte &#8220;blaue&#8221; Sehen entwickelt sich erst mit etwa sechs Monaten. Das hei\u00dft nat\u00fcrlich nicht, dass es nicht eine sch\u00f6ne Abwechslung mit einer andersfarbigen Perle sein kann.      Abgesehen von den Farben sucht ein Baby ab etwa zwei Monaten nach weiteren Details.<\/p>\n<p>&nbsp;<\/p>\n","protected":false},"excerpt":{"rendered":"<p>Farbcode: Feuerrot<\/p>\n<p>&#8211; Typ: Buchstapel mit Apfel<\/p>\n<p>&#8211; Verkauf pro St\u00fcck<br \/>\n&#8211; BPA-, Phthalate-, Blei-, PVC- und Toxin-frei<br \/>\n&#8211; Geeignet f\u00fcr CE-zertifiziertes Endprodukt<br \/>\n&#8211; Medizinische Silikonperlen<br \/>\n&#8211; K\u00fchlbar im K\u00fchlschrank<br \/>\n&#8211; Sp\u00fclmaschinenfest<\/p>\n","protected":false},"featured_media":226549,"template":"","meta":[],"product_brand":[],"product_cat":[7380,7184,7389,6991,8259],"product_tag":[7385,7419,7452,18226,7420,8453,7416,7442,7451,7397,7199,8273,7490,7444,8093,18225,7211,7483,7427,7499,7435],"class_list":{"0":"post-227069","1":"product","2":"type-product","3":"status-publish","4":"has-post-thumbnail","6":"product_cat-herstellung-von-baby-beisspielzeug-materialien-fur-schnuller-und-beisringe","7":"product_cat-neue-produkte","8":"product_cat-silikonperlen-all-multicoloured-luxury-beads","9":"product_cat-silikonperlen-bpa-frei-grosshandel","10":"product_cat-silikonperlen-pflege-krankenschwester","11":"product_tag-beisring","12":"product_tag-bpa-de","13":"product_tag-bpa-frei","14":"product_tag-bucherstapel-mit-apple","15":"product_tag-cm-de","16":"product_tag-feuerrot","17":"product_tag-gummischnur","18":"product_tag-kinderwagenkette","19":"product_tag-kostenlos","20":"product_tag-mm-de","21":"product_tag-perlen","22":"product_tag-pflege","23":"product_tag-phthalate","24":"product_tag-schlusselanhanger","25":"product_tag-schlusselwort","26":"product_tag-schulranzen","27":"product_tag-silikon","28":"product_tag-silikon-de","29":"product_tag-still-halskette","30":"product_tag-taschenaufhanger","31":"product_tag-wulst","33":"first","34":"instock","35":"taxable","36":"shipping-taxable","37":"purchasable","38":"product-type-simple"},"bundled_by":[],"bundle_stock_status":"instock","bundle_stock_quantity":28,"bundle_virtual":false,"bundle_layout":"","bundle_add_to_cart_form_location":"","bundle_editable_in_cart":false,"bundle_sold_individually_context":"","bundle_item_grouping":"","bundle_min_size":"","bundle_max_size":"","bundle_price":[],"bundled_items":[],"bundle_sell_ids":[],"yoast_head":"<!-- This site is optimized with the Yoast SEO Premium plugin v27.4 (Yoast SEO v27.4) - https:\/\/yoast.com\/product\/yoast-seo-premium-wordpress\/ -->\n<title>Silikonperlen - Buchstapel mit Apfel - Z\u00e4hne\/Zahnsehne- Jootjes Crochet pr\u00e4sentiert<\/title>\n<meta name=\"description\" content=\"Silikonperlen in Form von Kaninchen in verschiedenen Farben sind BPA-, blei-, gift-, phthalat- und PVC-frei, CE-gekennzeichnet. 100% kindersicher, bester Preis!\" \/>\n<meta name=\"robots\" content=\"index, follow, max-snippet:-1, max-image-preview:large, max-video-preview:-1\" \/>\n<link rel=\"canonical\" href=\"https:\/\/www.jootjeshaakcadeautjes.nl\/de\/produkt\/silikonperlen-abc-3d-apfel-korallenrot-kopie-kopie\/\" \/>\n<meta property=\"og:locale\" content=\"de_DE\" \/>\n<meta property=\"og:type\" content=\"article\" \/>\n<meta property=\"og:title\" content=\"Silikonperlen - Buchstapel mit Apfel\" \/>\n<meta property=\"og:description\" content=\"Silikonperlen in Form von Kaninchen in verschiedenen Farben sind BPA-, blei-, gift-, phthalat- und PVC-frei, CE-gekennzeichnet. 100% kindersicher, bester Preis!\" \/>\n<meta property=\"og:url\" content=\"https:\/\/www.jootjeshaakcadeautjes.nl\/de\/produkt\/silikonperlen-abc-3d-apfel-korallenrot-kopie-kopie\/\" \/>\n<meta property=\"og:site_name\" content=\"Jootjes Haakcadeautjes\" \/>\n<meta property=\"article:modified_time\" content=\"2026-04-20T09:22:19+00:00\" \/>\n<meta property=\"og:image\" content=\"https:\/\/d1dyryakdmle7o.cloudfront.net\/wp-content\/uploads\/2025\/05\/Naamloos-1213.webp\" \/>\n\t<meta property=\"og:image:width\" content=\"2048\" \/>\n\t<meta property=\"og:image:height\" content=\"2048\" \/>\n\t<meta property=\"og:image:type\" content=\"image\/webp\" \/>\n<meta name=\"twitter:card\" content=\"summary_large_image\" \/>\n<meta name=\"twitter:label1\" content=\"Preis\" \/>\n\t<meta name=\"twitter:data1\" content=\"&euro;0.85 inkl. MwSt.\" \/>\n\t<meta name=\"twitter:label2\" content=\"Verf\u00fcgbarkeit\" \/>\n\t<meta name=\"twitter:data2\" content=\"Auf Lager\" \/>\n<script type=\"application\/ld+json\" class=\"yoast-schema-graph\">{\"@context\":\"https:\\\/\\\/schema.org\",\"@graph\":[{\"@type\":\"WebPage\",\"@id\":\"https:\\\/\\\/www.jootjeshaakcadeautjes.nl\\\/de\\\/produkt\\\/silikonperlen-abc-3d-apfel-korallenrot-kopie-kopie\\\/\",\"url\":\"https:\\\/\\\/www.jootjeshaakcadeautjes.nl\\\/de\\\/produkt\\\/silikonperlen-abc-3d-apfel-korallenrot-kopie-kopie\\\/\",\"name\":\"Silikonperlen - Buchstapel mit Apfel - Z\u00e4hne\\\/Zahnsehne- Jootjes Crochet pr\u00e4sentiert\",\"isPartOf\":{\"@id\":\"https:\\\/\\\/www.jootjeshaakcadeautjes.nl\\\/de\\\/#website\"},\"primaryImageOfPage\":{\"@id\":\"https:\\\/\\\/www.jootjeshaakcadeautjes.nl\\\/de\\\/produkt\\\/silikonperlen-abc-3d-apfel-korallenrot-kopie-kopie\\\/#primaryimage\"},\"image\":{\"@id\":\"https:\\\/\\\/www.jootjeshaakcadeautjes.nl\\\/de\\\/produkt\\\/silikonperlen-abc-3d-apfel-korallenrot-kopie-kopie\\\/#primaryimage\"},\"thumbnailUrl\":\"https:\\\/\\\/d1dyryakdmle7o.cloudfront.net\\\/wp-content\\\/uploads\\\/2025\\\/05\\\/Naamloos-1213.webp\",\"datePublished\":\"2025-05-13T08:13:32+00:00\",\"dateModified\":\"2026-04-20T09:22:19+00:00\",\"description\":\"Silikonperlen in Form von Kaninchen in verschiedenen Farben sind BPA-, blei-, gift-, phthalat- und PVC-frei, CE-gekennzeichnet. 100% kindersicher, bester Preis!\",\"breadcrumb\":{\"@id\":\"https:\\\/\\\/www.jootjeshaakcadeautjes.nl\\\/de\\\/produkt\\\/silikonperlen-abc-3d-apfel-korallenrot-kopie-kopie\\\/#breadcrumb\"},\"inLanguage\":\"de\",\"potentialAction\":[{\"@type\":\"ReadAction\",\"target\":[\"https:\\\/\\\/www.jootjeshaakcadeautjes.nl\\\/de\\\/produkt\\\/silikonperlen-abc-3d-apfel-korallenrot-kopie-kopie\\\/\"]}]},{\"@type\":\"ImageObject\",\"inLanguage\":\"de\",\"@id\":\"https:\\\/\\\/www.jootjeshaakcadeautjes.nl\\\/de\\\/produkt\\\/silikonperlen-abc-3d-apfel-korallenrot-kopie-kopie\\\/#primaryimage\",\"url\":\"https:\\\/\\\/d1dyryakdmle7o.cloudfront.net\\\/wp-content\\\/uploads\\\/2025\\\/05\\\/Naamloos-1213.webp\",\"contentUrl\":\"https:\\\/\\\/d1dyryakdmle7o.cloudfront.net\\\/wp-content\\\/uploads\\\/2025\\\/05\\\/Naamloos-1213.webp\",\"width\":2048,\"height\":2048},{\"@type\":\"BreadcrumbList\",\"@id\":\"https:\\\/\\\/www.jootjeshaakcadeautjes.nl\\\/de\\\/produkt\\\/silikonperlen-abc-3d-apfel-korallenrot-kopie-kopie\\\/#breadcrumb\",\"itemListElement\":[{\"@type\":\"ListItem\",\"position\":1,\"name\":\"Startseite\",\"item\":\"https:\\\/\\\/www.jootjeshaakcadeautjes.nl\\\/de\\\/\"},{\"@type\":\"ListItem\",\"position\":2,\"name\":\"Gro\u00dfhandel mit Silikonperlen &#8211; Business und Consumer\",\"item\":\"https:\\\/\\\/www.jootjeshaakcadeautjes.nl\\\/de\\\/shop\\\/\"},{\"@type\":\"ListItem\",\"position\":3,\"name\":\"Silikonperlen &#8211; Buchstapel mit Apfel\"}]},{\"@type\":\"WebSite\",\"@id\":\"https:\\\/\\\/www.jootjeshaakcadeautjes.nl\\\/de\\\/#website\",\"url\":\"https:\\\/\\\/www.jootjeshaakcadeautjes.nl\\\/de\\\/\",\"name\":\"Jootjes Haakcadeautjes\",\"description\":\"Silikonperlen Gro\u00dfhandel \",\"publisher\":{\"@id\":\"https:\\\/\\\/www.jootjeshaakcadeautjes.nl\\\/de\\\/#organization\"},\"potentialAction\":[{\"@type\":\"SearchAction\",\"target\":{\"@type\":\"EntryPoint\",\"urlTemplate\":\"https:\\\/\\\/www.jootjeshaakcadeautjes.nl\\\/de\\\/?s={search_term_string}\"},\"query-input\":{\"@type\":\"PropertyValueSpecification\",\"valueRequired\":true,\"valueName\":\"search_term_string\"}}],\"inLanguage\":\"de\"},{\"@type\":\"Organization\",\"@id\":\"https:\\\/\\\/www.jootjeshaakcadeautjes.nl\\\/de\\\/#organization\",\"name\":\"Jootjes Haakcadeautjes\",\"url\":\"https:\\\/\\\/www.jootjeshaakcadeautjes.nl\\\/de\\\/\",\"logo\":{\"@type\":\"ImageObject\",\"inLanguage\":\"de\",\"@id\":\"https:\\\/\\\/www.jootjeshaakcadeautjes.nl\\\/de\\\/#\\\/schema\\\/logo\\\/image\\\/\",\"url\":\"https:\\\/\\\/jootjes-haakcadeautjes-media.s3.amazonaws.com\\\/wp-content\\\/uploads\\\/2023\\\/05\\\/Logo-rond.png\",\"contentUrl\":\"https:\\\/\\\/jootjes-haakcadeautjes-media.s3.amazonaws.com\\\/wp-content\\\/uploads\\\/2023\\\/05\\\/Logo-rond.png\",\"width\":1222,\"height\":1222,\"caption\":\"Jootjes Haakcadeautjes\"},\"image\":{\"@id\":\"https:\\\/\\\/www.jootjeshaakcadeautjes.nl\\\/de\\\/#\\\/schema\\\/logo\\\/image\\\/\"}}]}<\/script>\n<meta property=\"product:price:amount\" content=\"0.85\" \/>\n<meta property=\"product:price:currency\" content=\"EUR\" \/>\n<meta property=\"og:availability\" content=\"instock\" \/>\n<meta property=\"product:availability\" content=\"instock\" \/>\n<meta property=\"product:retailer_item_id\" content=\"SKR-BOS-MAP\" \/>\n<meta property=\"product:condition\" content=\"new\" \/>\n<!-- \/ Yoast SEO Premium plugin. -->","yoast_head_json":{"title":"Silikonperlen - Buchstapel mit Apfel - Z\u00e4hne\/Zahnsehne- Jootjes Crochet pr\u00e4sentiert","description":"Silikonperlen in Form von Kaninchen in verschiedenen Farben sind BPA-, blei-, gift-, phthalat- und PVC-frei, CE-gekennzeichnet. 100% kindersicher, bester Preis!","robots":{"index":"index","follow":"follow","max-snippet":"max-snippet:-1","max-image-preview":"max-image-preview:large","max-video-preview":"max-video-preview:-1"},"canonical":"https:\/\/www.jootjeshaakcadeautjes.nl\/de\/produkt\/silikonperlen-abc-3d-apfel-korallenrot-kopie-kopie\/","og_locale":"de_DE","og_type":"article","og_title":"Silikonperlen - Buchstapel mit Apfel","og_description":"Silikonperlen in Form von Kaninchen in verschiedenen Farben sind BPA-, blei-, gift-, phthalat- und PVC-frei, CE-gekennzeichnet. 100% kindersicher, bester Preis!","og_url":"https:\/\/www.jootjeshaakcadeautjes.nl\/de\/produkt\/silikonperlen-abc-3d-apfel-korallenrot-kopie-kopie\/","og_site_name":"Jootjes Haakcadeautjes","article_modified_time":"2026-04-20T09:22:19+00:00","og_image":[{"width":2048,"height":2048,"url":"https:\/\/d1dyryakdmle7o.cloudfront.net\/wp-content\/uploads\/2025\/05\/Naamloos-1213.webp","type":"image\/webp"}],"twitter_card":"summary_large_image","twitter_misc":{"Preis":"&euro;0.85 inkl. MwSt.","Verf\u00fcgbarkeit":"Auf Lager"},"schema":{"@context":"https:\/\/schema.org","@graph":[{"@type":"WebPage","@id":"https:\/\/www.jootjeshaakcadeautjes.nl\/de\/produkt\/silikonperlen-abc-3d-apfel-korallenrot-kopie-kopie\/","url":"https:\/\/www.jootjeshaakcadeautjes.nl\/de\/produkt\/silikonperlen-abc-3d-apfel-korallenrot-kopie-kopie\/","name":"Silikonperlen - Buchstapel mit Apfel - Z\u00e4hne\/Zahnsehne- Jootjes Crochet pr\u00e4sentiert","isPartOf":{"@id":"https:\/\/www.jootjeshaakcadeautjes.nl\/de\/#website"},"primaryImageOfPage":{"@id":"https:\/\/www.jootjeshaakcadeautjes.nl\/de\/produkt\/silikonperlen-abc-3d-apfel-korallenrot-kopie-kopie\/#primaryimage"},"image":{"@id":"https:\/\/www.jootjeshaakcadeautjes.nl\/de\/produkt\/silikonperlen-abc-3d-apfel-korallenrot-kopie-kopie\/#primaryimage"},"thumbnailUrl":"https:\/\/d1dyryakdmle7o.cloudfront.net\/wp-content\/uploads\/2025\/05\/Naamloos-1213.webp","datePublished":"2025-05-13T08:13:32+00:00","dateModified":"2026-04-20T09:22:19+00:00","description":"Silikonperlen in Form von Kaninchen in verschiedenen Farben sind BPA-, blei-, gift-, phthalat- und PVC-frei, CE-gekennzeichnet. 100% kindersicher, bester Preis!","breadcrumb":{"@id":"https:\/\/www.jootjeshaakcadeautjes.nl\/de\/produkt\/silikonperlen-abc-3d-apfel-korallenrot-kopie-kopie\/#breadcrumb"},"inLanguage":"de","potentialAction":[{"@type":"ReadAction","target":["https:\/\/www.jootjeshaakcadeautjes.nl\/de\/produkt\/silikonperlen-abc-3d-apfel-korallenrot-kopie-kopie\/"]}]},{"@type":"ImageObject","inLanguage":"de","@id":"https:\/\/www.jootjeshaakcadeautjes.nl\/de\/produkt\/silikonperlen-abc-3d-apfel-korallenrot-kopie-kopie\/#primaryimage","url":"https:\/\/d1dyryakdmle7o.cloudfront.net\/wp-content\/uploads\/2025\/05\/Naamloos-1213.webp","contentUrl":"https:\/\/d1dyryakdmle7o.cloudfront.net\/wp-content\/uploads\/2025\/05\/Naamloos-1213.webp","width":2048,"height":2048},{"@type":"BreadcrumbList","@id":"https:\/\/www.jootjeshaakcadeautjes.nl\/de\/produkt\/silikonperlen-abc-3d-apfel-korallenrot-kopie-kopie\/#breadcrumb","itemListElement":[{"@type":"ListItem","position":1,"name":"Startseite","item":"https:\/\/www.jootjeshaakcadeautjes.nl\/de\/"},{"@type":"ListItem","position":2,"name":"Gro\u00dfhandel mit Silikonperlen &#8211; Business und Consumer","item":"https:\/\/www.jootjeshaakcadeautjes.nl\/de\/shop\/"},{"@type":"ListItem","position":3,"name":"Silikonperlen &#8211; Buchstapel mit Apfel"}]},{"@type":"WebSite","@id":"https:\/\/www.jootjeshaakcadeautjes.nl\/de\/#website","url":"https:\/\/www.jootjeshaakcadeautjes.nl\/de\/","name":"Jootjes Haakcadeautjes","description":"Silikonperlen Gro\u00dfhandel ","publisher":{"@id":"https:\/\/www.jootjeshaakcadeautjes.nl\/de\/#organization"},"potentialAction":[{"@type":"SearchAction","target":{"@type":"EntryPoint","urlTemplate":"https:\/\/www.jootjeshaakcadeautjes.nl\/de\/?s={search_term_string}"},"query-input":{"@type":"PropertyValueSpecification","valueRequired":true,"valueName":"search_term_string"}}],"inLanguage":"de"},{"@type":"Organization","@id":"https:\/\/www.jootjeshaakcadeautjes.nl\/de\/#organization","name":"Jootjes Haakcadeautjes","url":"https:\/\/www.jootjeshaakcadeautjes.nl\/de\/","logo":{"@type":"ImageObject","inLanguage":"de","@id":"https:\/\/www.jootjeshaakcadeautjes.nl\/de\/#\/schema\/logo\/image\/","url":"https:\/\/jootjes-haakcadeautjes-media.s3.amazonaws.com\/wp-content\/uploads\/2023\/05\/Logo-rond.png","contentUrl":"https:\/\/jootjes-haakcadeautjes-media.s3.amazonaws.com\/wp-content\/uploads\/2023\/05\/Logo-rond.png","width":1222,"height":1222,"caption":"Jootjes Haakcadeautjes"},"image":{"@id":"https:\/\/www.jootjeshaakcadeautjes.nl\/de\/#\/schema\/logo\/image\/"}}]},"product_price_amount":"0.85","product_price_currency":"EUR","og_availability":"instock","product_availability":"instock","product_retailer_item_id":"SKR-BOS-MAP","product_condition":"new"},"_links":{"self":[{"href":"https:\/\/www.jootjeshaakcadeautjes.nl\/de\/wp-json\/wp\/v2\/product\/227069","targetHints":{"allow":["GET"]}}],"collection":[{"href":"https:\/\/www.jootjeshaakcadeautjes.nl\/de\/wp-json\/wp\/v2\/product"}],"about":[{"href":"https:\/\/www.jootjeshaakcadeautjes.nl\/de\/wp-json\/wp\/v2\/types\/product"}],"version-history":[{"count":1,"href":"https:\/\/www.jootjeshaakcadeautjes.nl\/de\/wp-json\/wp\/v2\/product\/227069\/revisions"}],"predecessor-version":[{"id":279614,"href":"https:\/\/www.jootjeshaakcadeautjes.nl\/de\/wp-json\/wp\/v2\/product\/227069\/revisions\/279614"}],"wp:featuredmedia":[{"embeddable":true,"href":"https:\/\/www.jootjeshaakcadeautjes.nl\/de\/wp-json\/wp\/v2\/media\/226549"}],"wp:attachment":[{"href":"https:\/\/www.jootjeshaakcadeautjes.nl\/de\/wp-json\/wp\/v2\/media?parent=227069"}],"wp:term":[{"taxonomy":"product_brand","embeddable":true,"href":"https:\/\/www.jootjeshaakcadeautjes.nl\/de\/wp-json\/wp\/v2\/product_brand?post=227069"},{"taxonomy":"product_cat","embeddable":true,"href":"https:\/\/www.jootjeshaakcadeautjes.nl\/de\/wp-json\/wp\/v2\/product_cat?post=227069"},{"taxonomy":"product_tag","embeddable":true,"href":"https:\/\/www.jootjeshaakcadeautjes.nl\/de\/wp-json\/wp\/v2\/product_tag?post=227069"}],"curies":[{"name":"wp","href":"https:\/\/api.w.org\/{rel}","templated":true}]}}